{"id":36456,"date":"2022-11-07T08:17:29","date_gmt":"2022-11-07T08:17:29","guid":{"rendered":"https:\/\/jackpotlotteryonline.com\/?page_id=36456"},"modified":"2022-12-19T18:54:17","modified_gmt":"2022-12-19T18:54:17","slug":"euromillions","status":"publish","type":"page","link":"https:\/\/jackpotlotteryonline.com\/fr\/acheter-tickets\/euromillions\/","title":{"rendered":"Puis-je obtenir un billet pour l&#8217;Euromillions en dehors de l&#8217;Europe ?"},"content":{"rendered":"<h2>La plus grande loterie d&#8217;Europe : Euromillions<\/h2>\n<p><img loading=\"lazy\" decoding=\"async\" class=\"alignright wp-image-17411 size-full\" src=\"http:\/\/jackpotlotteryonline.com\/wp-content\/uploads\/2022\/10\/euromillions.png\" alt=\"acheter euromillions en ligne\" width=\"200\" height=\"212\" \/><\/p>\n<p><a href=\"https:\/\/jackpotlotteryonline.com\/fr\/comment-jouer\/euromillions\">Euromillions<\/a> est une loterie propos\u00e9e dans divers pays europ\u00e9ens. Elle a \u00e9t\u00e9 con\u00e7ue pour offrir des jackpots nettement plus importants que les loteries nationales de ces diff\u00e9rents pays. Pour ce faire, la structure de la loterie a \u00e9t\u00e9 con\u00e7ue avec une probabilit\u00e9 plus faible, ce qui signifie un plus grand nombre de combinaisons de chiffres possibles. Le fait que de tels jackpots prennent g\u00e9n\u00e9ralement plus de temps \u00e0 \u00eatre d\u00e9croch\u00e9s, combin\u00e9 \u00e0 un jackpot de d\u00e9part plus important de 10 millions d&#8217;euros, a conduit \u00e0 des jackpots de plus de 100 millions d&#8217;euros sur une base r\u00e9guli\u00e8re.<\/p>\n<h2>Pourquoi avez-vous besoin d&#8217;un service de billetterie en ligne pour jouer ?<\/h2>\n<p>Eh bien, si vous vivez dans l&#8217;un des pays europ\u00e9ens participants, vous n&#8217;avez pas besoin d&#8217;un service comme le n\u00f4tre. Mais si ce n&#8217;est pas le cas, ou si vous \u00eates m\u00eame en dehors de l&#8217;Europe, alors la seule fa\u00e7on pour vous d&#8217;obtenir un ticket pour l&#8217;Euromillions est en ligne. Tout ce que vous avez \u00e0 faire, c<strong>&#8216;est de cliquer sur la banni\u00e8re Euromillions en haut de l&#8217;\u00e9cran<\/strong> et de commander vos billets, puis votre participation est assur\u00e9e. \u00c0 propos, nous achetons les billets de l&#8217;Euromillions par l&#8217;interm\u00e9diaire d&#8217;un vendeur officiel situ\u00e9 en Europe.<\/p>\n<section class=\"layout\" style=\"border: solid 1px; width: 100%;\">\n<div class=\"img-div\" style=\"margin-top: 5px;\"><img decoding=\"async\" class=\"wp-image-17212 alignleft\" style=\"height: 45px; margin: 8px 8px 0px;\" src=\"http:\/\/jackpotlotteryonline.com\/wp-content\/uploads\/2022\/11\/read1.jpg\" alt=\"jouer \u00e0 l'Euromillions\" width=\"\" height=\"\" \/><\/div>\n<div style=\"padding-left: 5px;\">\n<div style=\"font-size: 1.1em;\">\n<p><strong>Les loteries qui ont les meilleures chances de vous faire gagner gros.<\/strong><\/p>\n<p style=\"font-size: 0.85em; margin-top: -1.5em;\">Quelle loterie a les meilleures chances de gagner ?\u00a0<a href=\"https:\/\/jackpotlotteryonline.com\/fr\/quelle-loterie-a-les-meilleures-chances-de-gagner\"> en savoir plus<\/a><\/p>\n<\/div>\n<\/div>\n<\/section>\n<h2>\u00c0 propos de l&#8217;Euromillions<\/h2>\n<p><a href=\"https:\/\/jackpotlotteryonline.com\/fr\/numeros-gagnants\/euromillions\">Cette loterie propose deux tirages hebdomadaires<\/a>, le mardi et le vendredi. Elle est structur\u00e9e de la m\u00eame mani\u00e8re que l&#8217;Eurojackpot, sauf que le jackpot n&#8217;est pas plafonn\u00e9 et que vous devez choisir deux num\u00e9ros suppl\u00e9mentaires entre 1 et 12. Elle comporte \u00e9galement 13 niveaux de prix.<\/p>\n<h2>Service d&#8217;achat de billets pour les loteries internationales<\/h2>\n<p><img loading=\"lazy\" decoding=\"async\" class=\"alignright size-full wp-image-33431\" src=\"http:\/\/jackpotlotteryonline.com\/wp-content\/uploads\/2022\/11\/2_ticket_euromillions-112x300-1.jpg\" alt=\"billet euromillions\" width=\"112\" height=\"300\" \/><\/p>\n<p>En plus de vous fournir des billets en ligne pour l&#8217;Euromillions et l&#8217;Eurojackpot, nous vous proposons un total de plus de 20 loteries. Bien que vous souhaitiez toujours opter pour celle qui offre les plus gros jackpots, certaines loteries plus &#8220;petites&#8221; valent \u00e9galement la peine d&#8217;\u00eatre envisag\u00e9es. Elles peuvent offrir des chances de gagner plus avantageuses ou des prix de billets plus bas.<\/p>\n<p>Vous n&#8217;avez pas non plus \u00e0 vous soucier de la s\u00e9curit\u00e9 des paiements et des donn\u00e9es. Nous utilisons des protocoles extr\u00eamement s\u00e9curis\u00e9s pour le traitement des paiements. Nous acceptons les paiements par cartes de cr\u00e9dit, crypto-monnaies, virements bancaires, et un certain nombre d&#8217;autres options.<\/p>\n","protected":false},"excerpt":{"rendered":"<p>La plus grande loterie d&#8217;Europe : Euromillions Euromillions est une loterie propos\u00e9e dans divers pays europ\u00e9ens. Elle a \u00e9t\u00e9 con\u00e7ue pour offrir des jackpots nettement plus importants que les loteries nationales de ces diff\u00e9rents pays. Pour ce faire, la structure de la loterie a \u00e9t\u00e9 con\u00e7ue avec une probabilit\u00e9 plus faible, ce qui signifie un [&hellip;]<\/p>\n","protected":false},"author":1,"featured_media":0,"parent":35751,"menu_order":3,"comment_status":"closed","ping_status":"closed","template":"euromillions-info.php","meta":{"_et_pb_use_builder":"","_et_pb_old_content":"","_et_gb_content_width":"","exclude_from_search":false,"footnotes":""},"class_list":["post-36456","page","type-page","status-publish","hentry"],"yoast_head":"<!-- This site is optimized with the Yoast SEO plugin v23.3 - https:\/\/yoast.com\/wordpress\/plugins\/seo\/ -->\n<title>Obtenir un ticket pour l&#039;Euromillions depuis l&#039;ext\u00e9rieur de l&#039;Europe.<\/title>\n<meta name=\"description\" content=\"Comment participer \u00e0 l&#039;Euromillions en ligne depuis l&#039;ext\u00e9rieur de l&#039;Europe - il suffit d&#039;acheter votre ticket en ligne sur notre site web.\" \/>\n<meta name=\"robots\" content=\"index, follow, max-snippet:-1, max-image-preview:large, max-video-preview:-1\" \/>\n<link rel=\"canonical\" href=\"https:\/\/jackpotlotteryonline.com\/buy-tickets\/euromillions\/\" \/>\n<meta property=\"og:locale\" content=\"fr_FR\" \/>\n<meta property=\"og:type\" content=\"article\" \/>\n<meta property=\"og:title\" content=\"Obtenir un ticket pour l&#039;Euromillions depuis l&#039;ext\u00e9rieur de l&#039;Europe.\" \/>\n<meta property=\"og:description\" content=\"Comment participer \u00e0 l&#039;Euromillions en ligne depuis l&#039;ext\u00e9rieur de l&#039;Europe - il suffit d&#039;acheter votre ticket en ligne sur notre site web.\" \/>\n<meta property=\"og:url\" content=\"https:\/\/jackpotlotteryonline.com\/buy-tickets\/euromillions\/\" \/>\n<meta property=\"og:site_name\" content=\"Lotto Online - Crack The International Lottery Jackpots\" \/>\n<meta property=\"article:modified_time\" content=\"2022-12-19T18:54:17+00:00\" \/>\n<meta property=\"og:image\" content=\"http:\/\/jackpotlotteryonline.com\/wp-content\/uploads\/2022\/10\/euromillions.png\" \/>\n<meta name=\"twitter:card\" content=\"summary_large_image\" \/>\n<meta name=\"twitter:label1\" content=\"Dur\u00e9e de lecture estim\u00e9e\" \/>\n\t<meta name=\"twitter:data1\" content=\"3 minutes\" \/>\n<!-- \/ Yoast SEO plugin. -->","yoast_head_json":{"title":"Obtenir un ticket pour l'Euromillions depuis l'ext\u00e9rieur de l'Europe.","description":"Comment participer \u00e0 l'Euromillions en ligne depuis l'ext\u00e9rieur de l'Europe - il suffit d'acheter votre ticket en ligne sur notre site web.","robots":{"index":"index","follow":"follow","max-snippet":"max-snippet:-1","max-image-preview":"max-image-preview:large","max-video-preview":"max-video-preview:-1"},"canonical":"https:\/\/jackpotlotteryonline.com\/buy-tickets\/euromillions\/","og_locale":"fr_FR","og_type":"article","og_title":"Obtenir un ticket pour l'Euromillions depuis l'ext\u00e9rieur de l'Europe.","og_description":"Comment participer \u00e0 l'Euromillions en ligne depuis l'ext\u00e9rieur de l'Europe - il suffit d'acheter votre ticket en ligne sur notre site web.","og_url":"https:\/\/jackpotlotteryonline.com\/buy-tickets\/euromillions\/","og_site_name":"Lotto Online - Crack The International Lottery Jackpots","article_modified_time":"2022-12-19T18:54:17+00:00","og_image":[{"url":"http:\/\/jackpotlotteryonline.com\/wp-content\/uploads\/2022\/10\/euromillions.png"}],"twitter_card":"summary_large_image","twitter_misc":{"Dur\u00e9e de lecture estim\u00e9e":"3 minutes"},"schema":{"@context":"https:\/\/schema.org","@graph":[{"@type":"WebPage","@id":"https:\/\/jackpotlotteryonline.com\/buy-tickets\/euromillions\/","url":"https:\/\/jackpotlotteryonline.com\/buy-tickets\/euromillions\/","name":"Obtenir un ticket pour l'Euromillions depuis l'ext\u00e9rieur de l'Europe.","isPartOf":{"@id":"https:\/\/jackpotlotteryonline.com\/#website"},"primaryImageOfPage":{"@id":"https:\/\/jackpotlotteryonline.com\/buy-tickets\/euromillions\/#primaryimage"},"image":{"@id":"https:\/\/jackpotlotteryonline.com\/buy-tickets\/euromillions\/#primaryimage"},"thumbnailUrl":"http:\/\/jackpotlotteryonline.com\/wp-content\/uploads\/2022\/10\/euromillions.png","datePublished":"2022-11-07T08:17:29+00:00","dateModified":"2022-12-19T18:54:17+00:00","description":"Comment participer \u00e0 l'Euromillions en ligne depuis l'ext\u00e9rieur de l'Europe - il suffit d'acheter votre ticket en ligne sur notre site web.","breadcrumb":{"@id":"https:\/\/jackpotlotteryonline.com\/buy-tickets\/euromillions\/#breadcrumb"},"inLanguage":"fr-FR","potentialAction":[{"@type":"ReadAction","target":["https:\/\/jackpotlotteryonline.com\/buy-tickets\/euromillions\/"]}]},{"@type":"ImageObject","inLanguage":"fr-FR","@id":"https:\/\/jackpotlotteryonline.com\/buy-tickets\/euromillions\/#primaryimage","url":"http:\/\/jackpotlotteryonline.com\/wp-content\/uploads\/2022\/10\/euromillions.png","contentUrl":"http:\/\/jackpotlotteryonline.com\/wp-content\/uploads\/2022\/10\/euromillions.png"},{"@type":"BreadcrumbList","@id":"https:\/\/jackpotlotteryonline.com\/buy-tickets\/euromillions\/#breadcrumb","itemListElement":[{"@type":"ListItem","position":1,"name":"Home","item":"https:\/\/jackpotlotteryonline.com\/fr\/"},{"@type":"ListItem","position":2,"name":"Comment acheter des billets de loterie en ligne","item":"https:\/\/jackpotlotteryonline.com\/fr\/acheter-tickets\/"},{"@type":"ListItem","position":3,"name":"Puis-je obtenir un billet pour l&#8217;Euromillions en dehors de l&#8217;Europe ?"}]},{"@type":"WebSite","@id":"https:\/\/jackpotlotteryonline.com\/#website","url":"https:\/\/jackpotlotteryonline.com\/","name":"Lotto Online - Crack The International Lottery Jackpots","description":"","potentialAction":[{"@type":"SearchAction","target":{"@type":"EntryPoint","urlTemplate":"https:\/\/jackpotlotteryonline.com\/?s={search_term_string}"},"query-input":"required name=search_term_string"}],"inLanguage":"fr-FR"}]}},"_links":{"self":[{"href":"https:\/\/jackpotlotteryonline.com\/fr\/wp-json\/wp\/v2\/pages\/36456","targetHints":{"allow":["GET"]}}],"collection":[{"href":"https:\/\/jackpotlotteryonline.com\/fr\/wp-json\/wp\/v2\/pages"}],"about":[{"href":"https:\/\/jackpotlotteryonline.com\/fr\/wp-json\/wp\/v2\/types\/page"}],"author":[{"embeddable":true,"href":"https:\/\/jackpotlotteryonline.com\/fr\/wp-json\/wp\/v2\/users\/1"}],"replies":[{"embeddable":true,"href":"https:\/\/jackpotlotteryonline.com\/fr\/wp-json\/wp\/v2\/comments?post=36456"}],"version-history":[{"count":0,"href":"https:\/\/jackpotlotteryonline.com\/fr\/wp-json\/wp\/v2\/pages\/36456\/revisions"}],"up":[{"embeddable":true,"href":"https:\/\/jackpotlotteryonline.com\/fr\/wp-json\/wp\/v2\/pages\/35751"}],"wp:attachment":[{"href":"https:\/\/jackpotlotteryonline.com\/fr\/wp-json\/wp\/v2\/media?parent=36456"}],"curies":[{"name":"wp","href":"https:\/\/api.w.org\/{rel}","templated":true}]}}