{"id":36563,"date":"2022-11-07T13:16:36","date_gmt":"2022-11-07T13:16:36","guid":{"rendered":"https:\/\/jackpotlotteryonline.com\/?page_id=36563"},"modified":"2023-01-03T20:24:10","modified_gmt":"2023-01-03T20:24:10","slug":"superenalotto","status":"publish","type":"page","link":"https:\/\/jackpotlotteryonline.com\/fr\/acheter-tickets\/superenalotto\/","title":{"rendered":"Acheter des billets pour le Superenalotto"},"content":{"rendered":"<h2>Pourquoi Superenalotto ?<\/h2>\n<p>Vous vous \u00eates demand\u00e9 comment acheter des billets de Superenalotto en dehors de l&#8217;Italie ? Le Superenalotto est l&#8217;une des loteries les plus populaires du continent europ\u00e9en. Il n&#8217;est pas surprenant que des joueurs du monde entier placent r\u00e9guli\u00e8rement des paris sur cette loterie.<\/p>\n<p>Sur jackpotlotteryonline.com, nous donnons aux joueurs l&#8217;acc\u00e8s aux meilleures loteries internationales comme le Superenalotto. Nous vous permettons d&#8217;acheter des billets, de v\u00e9rifier les r\u00e9sultats des tirages et d&#8217;acc\u00e9der \u00e0 vos gains.<\/p>\n<p>Avec la prolif\u00e9ration des loteries internationales, pourquoi un joueur choisirait-il de parier sur le Superenalotto ? Nous allons aborder quelques-unes des raisons pour lesquelles le Superenalotto est en train de devenir rapidement la loterie pr\u00e9f\u00e9r\u00e9e des parieurs. Si vous \u00eates press\u00e9 de placer votre pari, vous pouvez nous rendre visite maintenant pour avoir une chance de gagner gros au Superenalotto.<\/p>\n<h2>Superenalotto a des jackpots incroyables<\/h2>\n<p>La raison principale pour laquelle les joueurs aiment le Superenalotto italien est probablement son incroyable jackpot. Il est int\u00e9ressant de noter que le jackpot commence \u00e0 un montant minimum de 2 millions d&#8217;euros. Ce chiffre ne semble pas impressionnant si l&#8217;on consid\u00e8re que de nombreuses loteries offrent ce montant.<\/p>\n<p>Mais l&#8217;avantage est que le jackpot du Superenalotto n&#8217;est pas plafonn\u00e9. S&#8217;il n&#8217;y a pas de gagnant \u00e0 l&#8217;issue d&#8217;un tirage, il est report\u00e9 et continue de l&#8217;\u00eatre \u00e0 chaque tirage, jusqu&#8217;\u00e0 ce qu&#8217;un gagnant apparaisse. Pour enfoncer le clou, la loterie du Superenalotto propose <a href=\"https:\/\/jackpotlotteryonline.com\/fr\/numeros-gagnants\/superenalotto\">trois tirages par semaine<\/a>. Il n&#8217;y a pratiquement aucune limite au nombre de fois o\u00f9 le jackpot peut \u00eatre renouvel\u00e9.<\/p>\n<p>En fait, le jackpot s&#8217;est retourn\u00e9 tellement de fois il y a quelques ann\u00e9es que le jackpot record \u00e9tait de 209,1 millions d&#8217;euros en 2019.<\/p>\n<h2>Avons-nous mentionn\u00e9 les trois tirages par semaine ?<\/h2>\n<p>Lorsque vous jouez au Superenalotto, vous avez trois chances de gagner gros chaque semaine. En effet, la loterie Superenalotto organise ses tirages trois fois par semaine, les mardis, jeudis et samedis.<\/p>\n<p>Cela signifie que s&#8217;il n&#8217;y a pas de gagnant, le montant du jackpot augmente plus rapidement. Le jackpot du Superenalotto pourrait avoir tripl\u00e9 en une seule semaine. Cela suffit pour que les parieurs se pr\u00e9cipitent pour placer leurs paris.<\/p>\n<p>Vous ne voulez pas perdre au prochain tirage ? Pourquoi ne pas vous rendre sur jackpotlotteryonline.com et placer votre pari sur le Superenalotto d\u00e8s maintenant ? On ne sait jamais quand la chance vous sourira.<\/p>\n<h2>Les 5 meilleurs gagnants du Superenalotto<\/h2>\n<p><img loading=\"lazy\" decoding=\"async\" class=\"alignright size-full wp-image-31316\" src=\"https:\/\/jackpotlotteryonline.com\/wp-content\/uploads\/2022\/11\/logo_superenalotto.png\" alt=\"Boule de loterie du Superenalotto\" width=\"200\" height=\"212\" \/><\/p>\n<p>Vous n&#8217;\u00eates toujours pas s\u00fbr de vouloir parier sur la loterie du Superenalotto ? Pas de probl\u00e8me. Les montants all\u00e9chants remport\u00e9s par les gagnants pr\u00e9c\u00e9dents vous donneront envie de parier.<\/p>\n<p>Le plus gros jackpot a \u00e9t\u00e9 remport\u00e9 en 2019 par un syndicat de loterie et le montant \u00e9tait de 209,1 millions d&#8217;euros. Nous l&#8217;avons d\u00e9j\u00e0 bri\u00e8vement \u00e9voqu\u00e9, mais il y a autre chose que nous n&#8217;avons pas mentionn\u00e9. Ce jackpot a \u00e9t\u00e9 remport\u00e9 par un seul d\u00e9tenteur de billet. Pouvez-vous imaginer rentrer chez vous avec plus de deux cents millions d&#8217;euros ?<\/p>\n<p>Le deuxi\u00e8me plus gros jackpot a \u00e9t\u00e9 remport\u00e9 par un syndicat de loterie en 2010 et le montant \u00e9tait de 177,7 millions d&#8217;euros. Vient ensuite un jackpot de 163,5 millions d&#8217;euros qui a \u00e9t\u00e9 remport\u00e9 par un seul billet en 2016. Le jackpot le plus important suivant a \u00e9t\u00e9 remport\u00e9 par un autre d\u00e9tenteur d&#8217;un seul ticket en 2009 et le montant \u00e9tait de 147,8 millions d&#8217;euros. Enfin, deux tickets se sont partag\u00e9s le jackpot de 139 millions d&#8217;euros en 2010.<\/p>\n<h2>Comment jouer au Superenalotto<\/h2>\n<p><a href=\"https:\/\/jackpotlotteryonline.com\/fr\/comment-jouer\/superenalotto\">Pour jouer au Superenalotto<\/a>, choisissez six num\u00e9ros principaux entre 1 et 90. Vous pouvez choisir plusieurs lignes de num\u00e9ros pour augmenter vos chances de gagner \u00e0 la loterie. Ensuite, choisissez le nombre de tirages auxquels vous voulez participer. Vous pouvez d\u00e9cider de participer \u00e0 chaque tirage chaque semaine pendant les 5 semaines suivantes si vous le souhaitez. Plus vous participez aux tirages, plus vous avez de chances de gagner un prix.<\/p>\n<p>Il existe \u00e9galement ce que l&#8217;on appelle le SuperStar, qui est une option permettant d&#8217;augmenter vos chances de gagner. Vous pouvez \u00e9galement acheter le &#8220;num\u00e9ro Jolly&#8221;, qui est choisi entre 1 et 90. Le num\u00e9ro Jolly n&#8217;a pas d&#8217;incidence sur le jackpot, mais il est utilis\u00e9 pour d\u00e9terminer le gagnant de la cat\u00e9gorie du deuxi\u00e8me prix.<\/p>\n<p>Une fois que vous avez choisi vos num\u00e9ros, payez votre billet et attendez les tirages. Lorsque vous vous inscrivez chez nous, nous automatisons le processus pour une exp\u00e9rience plus fluide. Nous \u00e9liminons le stress de l&#8217;op\u00e9ration afin que vous puissiez vous amuser sans vous soucier de quoi que ce soit.<\/p>\n<section class=\"layout\" style=\"border: solid 1px; width: 100%;\">\n<div class=\"img-div\" style=\"margin-top: 5px;\"><img decoding=\"async\" class=\"wp-image-17212 alignleft\" style=\"height: 45px; margin: 8px 8px 0px;\" src=\"https:\/\/jackpotlotteryonline.com\/wp-content\/uploads\/2022\/11\/read1.jpg\" alt=\"lire\" width=\"\" height=\"\" \/><\/div>\n<div style=\"padding-left: 5px;\">\n<div style=\"font-size: 1.1em;\">\n<p><strong>Choisissez les num\u00e9ros gagnants du loto manuellement ou en utilisant un RNG.<\/strong><\/p>\n<p style=\"font-size: 0.85em; margin-top: -1.5em;\">Comment g\u00e9n\u00e9rer des num\u00e9ros de loto gagnants ?\u00a0 <a href=\"https:\/\/jackpotlotteryonline.com\/fr\/comment-generer-des-numeros-de-loto-gagnants\">en savoir plus<\/a><\/p>\n<\/div>\n<\/div>\n<\/section>\n<h2>Quelles sont les chances de gagner au Superenalotto ?<\/h2>\n<p>En g\u00e9n\u00e9ral, la loterie n&#8217;est pas connue pour avoir de grandes chances de gagner. La v\u00e9rit\u00e9 est que les chances de gagner ne sont pas tr\u00e8s \u00e9lev\u00e9es. Il est int\u00e9ressant de noter que cela rend le jeu de la loterie beaucoup plus excitant. En effet, le fait de gagner alors que les chances ne semblent pas \u00eatre en votre faveur donne aux joueurs un sentiment de satisfaction. C&#8217;est aussi une merveilleuse fa\u00e7on de savoir que vous avez la chance de votre c\u00f4t\u00e9.<\/p>\n<p>Les chances de gagner le jackpot du Superenalotto sont de 1 sur 622 614 630. Mais, il y a 6 cat\u00e9gories de prix et une cat\u00e9gorie de gain instantan\u00e9 de 25 \u20ac. Si vous tenez compte de ces \u00e9l\u00e9ments, les chances de gagner un prix sont de 1 sur 16.<\/p>\n<p>N&#8217;importe quel parieur conviendra que ce sont des chances incroyables qui favorisent le joueur.<\/p>\n<h2>Cat\u00e9gories de prix du Superenalotto<\/h2>\n<p><img loading=\"lazy\" decoding=\"async\" class=\"size-medium wp-image-35376 alignright\" src=\"https:\/\/jackpotlotteryonline.com\/wp-content\/uploads\/2022\/11\/2_ticket_superenalotto4-1-211x300.jpg\" alt=\"Billet de loterie du Superenalotto\" width=\"211\" height=\"300\" srcset=\"https:\/\/jackpotlotteryonline.com\/wp-content\/uploads\/2022\/11\/2_ticket_superenalotto4-1-211x300.jpg 211w, https:\/\/jackpotlotteryonline.com\/wp-content\/uploads\/2022\/11\/2_ticket_superenalotto4-1.jpg 300w\" sizes=\"auto, (max-width: 211px) 100vw, 211px\" \/><\/p>\n<p>Lors des tirages, six num\u00e9ros sont choisis au hasard dans un tambour qui contient des boules portant les num\u00e9ros 1 \u00e0 90. Tout billet qui correspond aux num\u00e9ros tir\u00e9s remporte le jackpot.<\/p>\n<p>Le prix du jackpot du Superenalotto commence \u00e0 2 millions d&#8217;euros, mais il est g\u00e9n\u00e9ralement beaucoup plus \u00e9lev\u00e9 que cela car il est renouvel\u00e9. Les autres cat\u00e9gories de prix sont d\u00e9termin\u00e9es en fonction du pourcentage des fonds disponibles. Il est donc impossible de savoir quel montant sera distribu\u00e9 \u00e0 chaque tirage.<\/p>\n<p>6 num\u00e9ros &#8211; jackpot (17,4 % des fonds totaux)<br \/>\n5 + Num\u00e9ro Jolly &#8211; 13<br \/>\n5 num\u00e9ros &#8211; 4,2<br \/>\n4 num\u00e9ros &#8211; 4,2<br \/>\n3 num\u00e9ros &#8211; 12,8<br \/>\n2 num\u00e9ros &#8211; 40<\/p>\n<p><strong>Pour avoir une meilleure perspective, voici le montant moyen par tirage.<\/strong><\/p>\n<p>6 num\u00e9ros &#8211; 92 056 091,66 euros<br \/>\n5 + num\u00e9ro Jolly &#8211; \u20ac594,951.95<br \/>\n5 num\u00e9ros &#8211; 49 736,38 euros<br \/>\n4 num\u00e9ros &#8211; 354,83<br \/>\n3 num\u00e9ros &#8211; 27,15<br \/>\n2 num\u00e9ros &#8211; 5,48<\/p>\n<h2>Jouer au Superenalotto sur Internet<\/h2>\n<p>Le Superenalotto est une loterie italienne et les bulletins de participation ne sont vendus qu&#8217;en Italie. Par cons\u00e9quent, si vous ne vivez pas en Italie, la seule fa\u00e7on d&#8217;avoir acc\u00e8s au Superenalotto est d&#8217;acheter un ticket en ligne. Vous pouvez le faire aupr\u00e8s d&#8217;un vendeur de loterie sur Internet comme jackpotlotteryonline.com.<\/p>\n<h2>Avantages de l&#8217;achat de bulletins de participation au Superenalotto en ligne<\/h2>\n<ul>\n<li>Vous avez un acc\u00e8s rapide et imm\u00e9diat \u00e0 la loterie.<\/li>\n<li>C&#8217;est tr\u00e8s pratique car vous n&#8217;avez pas besoin de quitter le confort de votre maison.<\/li>\n<li>C&#8217;est \u00e9galement plus s\u00fbr car votre billet est stock\u00e9 sous forme num\u00e9rique. C&#8217;est important car c&#8217;est le seul moyen de r\u00e9clamer votre gain.<\/li>\n<li>Ne manquez pas votre gain car nous vous alertons imm\u00e9diatement si vous gagnez un prix.<\/li>\n<li>Vous pouvez facilement retirer vos gains en ligne sans vous d\u00e9placer.<\/li>\n<\/ul>\n<h2>Inscrivez-vous chez nous pour jouer au Superenalotto<\/h2>\n<p>Si vous vivez en dehors de l&#8217;Italie et que vous voulez acheter l&#8217;acc\u00e8s \u00e0 la loterie Superenalotto, vous pouvez le faire en vous inscrivant chez nous. Nous fournissons un service de conciergerie qui vous donne un acc\u00e8s imm\u00e9diat aux meilleures loteries internationales, dont le Superenalotto.<\/p>\n<p>Notre objectif est de faire de l&#8217;exp\u00e9rience de la loterie une exp\u00e9rience agr\u00e9able pour nos clients. Nous \u00e9liminons le stress des choses simples, vous laissant appr\u00e9cier vos paris. Achetez vos billets de loterie avec nous maintenant pour avoir une chance de gagner gros sur Superenalotto.<\/p>\n","protected":false},"excerpt":{"rendered":"<p>Pourquoi Superenalotto ? Vous vous \u00eates demand\u00e9 comment acheter des billets de Superenalotto en dehors de l&#8217;Italie ? Le Superenalotto est l&#8217;une des loteries les plus populaires du continent europ\u00e9en. Il n&#8217;est pas surprenant que des joueurs du monde entier placent r\u00e9guli\u00e8rement des paris sur cette loterie. Sur jackpotlotteryonline.com, nous donnons aux joueurs l&#8217;acc\u00e8s aux [&hellip;]<\/p>\n","protected":false},"author":1,"featured_media":0,"parent":35751,"menu_order":5,"comment_status":"closed","ping_status":"closed","template":"superenalotto.php","meta":{"_et_pb_use_builder":"","_et_pb_old_content":"","_et_gb_content_width":"","exclude_from_search":false,"footnotes":""},"class_list":["post-36563","page","type-page","status-publish","hentry"],"yoast_head":"<!-- This site is optimized with the Yoast SEO plugin v23.3 - https:\/\/yoast.com\/wordpress\/plugins\/seo\/ -->\n<title>Achetez des billets de Superenalotto depuis l&#039;ext\u00e9rieur de l&#039;Italie | Obtenez des billets en ligne.<\/title>\n<meta name=\"description\" content=\"Vous n&#039;habitez pas en Italie, mais vous voulez participer au Superenalotto ? Obtenez votre billet en ligne pour le Superenalotto par notre interm\u00e9diaire.\" \/>\n<meta name=\"robots\" content=\"index, follow, max-snippet:-1, max-image-preview:large, max-video-preview:-1\" \/>\n<link rel=\"canonical\" href=\"https:\/\/jackpotlotteryonline.com\/buy-tickets\/superenalotto\/\" \/>\n<meta property=\"og:locale\" content=\"fr_FR\" \/>\n<meta property=\"og:type\" content=\"article\" \/>\n<meta property=\"og:title\" content=\"Achetez des billets de Superenalotto depuis l&#039;ext\u00e9rieur de l&#039;Italie | Obtenez des billets en ligne.\" \/>\n<meta property=\"og:description\" content=\"Vous n&#039;habitez pas en Italie, mais vous voulez participer au Superenalotto ? Obtenez votre billet en ligne pour le Superenalotto par notre interm\u00e9diaire.\" \/>\n<meta property=\"og:url\" content=\"https:\/\/jackpotlotteryonline.com\/buy-tickets\/superenalotto\/\" \/>\n<meta property=\"og:site_name\" content=\"Lotto Online - Crack The International Lottery Jackpots\" \/>\n<meta property=\"article:modified_time\" content=\"2023-01-03T20:24:10+00:00\" \/>\n<meta property=\"og:image\" content=\"https:\/\/jackpotlotteryonline.com\/wp-content\/uploads\/2022\/11\/logo_superenalotto.png\" \/>\n<meta name=\"twitter:card\" content=\"summary_large_image\" \/>\n<meta name=\"twitter:label1\" content=\"Dur\u00e9e de lecture estim\u00e9e\" \/>\n\t<meta name=\"twitter:data1\" content=\"7 minutes\" \/>\n<!-- \/ Yoast SEO plugin. -->","yoast_head_json":{"title":"Achetez des billets de Superenalotto depuis l'ext\u00e9rieur de l'Italie | Obtenez des billets en ligne.","description":"Vous n'habitez pas en Italie, mais vous voulez participer au Superenalotto ? Obtenez votre billet en ligne pour le Superenalotto par notre interm\u00e9diaire.","robots":{"index":"index","follow":"follow","max-snippet":"max-snippet:-1","max-image-preview":"max-image-preview:large","max-video-preview":"max-video-preview:-1"},"canonical":"https:\/\/jackpotlotteryonline.com\/buy-tickets\/superenalotto\/","og_locale":"fr_FR","og_type":"article","og_title":"Achetez des billets de Superenalotto depuis l'ext\u00e9rieur de l'Italie | Obtenez des billets en ligne.","og_description":"Vous n'habitez pas en Italie, mais vous voulez participer au Superenalotto ? Obtenez votre billet en ligne pour le Superenalotto par notre interm\u00e9diaire.","og_url":"https:\/\/jackpotlotteryonline.com\/buy-tickets\/superenalotto\/","og_site_name":"Lotto Online - Crack The International Lottery Jackpots","article_modified_time":"2023-01-03T20:24:10+00:00","og_image":[{"url":"https:\/\/jackpotlotteryonline.com\/wp-content\/uploads\/2022\/11\/logo_superenalotto.png"}],"twitter_card":"summary_large_image","twitter_misc":{"Dur\u00e9e de lecture estim\u00e9e":"7 minutes"},"schema":{"@context":"https:\/\/schema.org","@graph":[{"@type":"WebPage","@id":"https:\/\/jackpotlotteryonline.com\/buy-tickets\/superenalotto\/","url":"https:\/\/jackpotlotteryonline.com\/buy-tickets\/superenalotto\/","name":"Achetez des billets de Superenalotto depuis l'ext\u00e9rieur de l'Italie | Obtenez des billets en ligne.","isPartOf":{"@id":"https:\/\/jackpotlotteryonline.com\/#website"},"primaryImageOfPage":{"@id":"https:\/\/jackpotlotteryonline.com\/buy-tickets\/superenalotto\/#primaryimage"},"image":{"@id":"https:\/\/jackpotlotteryonline.com\/buy-tickets\/superenalotto\/#primaryimage"},"thumbnailUrl":"https:\/\/jackpotlotteryonline.com\/wp-content\/uploads\/2022\/11\/logo_superenalotto.png","datePublished":"2022-11-07T13:16:36+00:00","dateModified":"2023-01-03T20:24:10+00:00","description":"Vous n'habitez pas en Italie, mais vous voulez participer au Superenalotto ? Obtenez votre billet en ligne pour le Superenalotto par notre interm\u00e9diaire.","breadcrumb":{"@id":"https:\/\/jackpotlotteryonline.com\/buy-tickets\/superenalotto\/#breadcrumb"},"inLanguage":"fr-FR","potentialAction":[{"@type":"ReadAction","target":["https:\/\/jackpotlotteryonline.com\/buy-tickets\/superenalotto\/"]}]},{"@type":"ImageObject","inLanguage":"fr-FR","@id":"https:\/\/jackpotlotteryonline.com\/buy-tickets\/superenalotto\/#primaryimage","url":"https:\/\/jackpotlotteryonline.com\/wp-content\/uploads\/2022\/11\/logo_superenalotto.png","contentUrl":"https:\/\/jackpotlotteryonline.com\/wp-content\/uploads\/2022\/11\/logo_superenalotto.png"},{"@type":"BreadcrumbList","@id":"https:\/\/jackpotlotteryonline.com\/buy-tickets\/superenalotto\/#breadcrumb","itemListElement":[{"@type":"ListItem","position":1,"name":"Home","item":"https:\/\/jackpotlotteryonline.com\/fr\/"},{"@type":"ListItem","position":2,"name":"Comment acheter des billets de loterie en ligne","item":"https:\/\/jackpotlotteryonline.com\/fr\/acheter-tickets\/"},{"@type":"ListItem","position":3,"name":"Acheter des billets pour le Superenalotto"}]},{"@type":"WebSite","@id":"https:\/\/jackpotlotteryonline.com\/#website","url":"https:\/\/jackpotlotteryonline.com\/","name":"Lotto Online - Crack The International Lottery Jackpots","description":"","potentialAction":[{"@type":"SearchAction","target":{"@type":"EntryPoint","urlTemplate":"https:\/\/jackpotlotteryonline.com\/?s={search_term_string}"},"query-input":"required name=search_term_string"}],"inLanguage":"fr-FR"}]}},"_links":{"self":[{"href":"https:\/\/jackpotlotteryonline.com\/fr\/wp-json\/wp\/v2\/pages\/36563","targetHints":{"allow":["GET"]}}],"collection":[{"href":"https:\/\/jackpotlotteryonline.com\/fr\/wp-json\/wp\/v2\/pages"}],"about":[{"href":"https:\/\/jackpotlotteryonline.com\/fr\/wp-json\/wp\/v2\/types\/page"}],"author":[{"embeddable":true,"href":"https:\/\/jackpotlotteryonline.com\/fr\/wp-json\/wp\/v2\/users\/1"}],"replies":[{"embeddable":true,"href":"https:\/\/jackpotlotteryonline.com\/fr\/wp-json\/wp\/v2\/comments?post=36563"}],"version-history":[{"count":0,"href":"https:\/\/jackpotlotteryonline.com\/fr\/wp-json\/wp\/v2\/pages\/36563\/revisions"}],"up":[{"embeddable":true,"href":"https:\/\/jackpotlotteryonline.com\/fr\/wp-json\/wp\/v2\/pages\/35751"}],"wp:attachment":[{"href":"https:\/\/jackpotlotteryonline.com\/fr\/wp-json\/wp\/v2\/media?parent=36563"}],"curies":[{"name":"wp","href":"https:\/\/api.w.org\/{rel}","templated":true}]}}