{"id":36617,"date":"2022-11-08T07:52:58","date_gmt":"2022-11-08T07:52:58","guid":{"rendered":"https:\/\/jackpotlotteryonline.com\/?page_id=36617"},"modified":"2023-01-03T20:41:11","modified_gmt":"2023-01-03T20:41:11","slug":"el-gordo","status":"publish","type":"page","link":"https:\/\/jackpotlotteryonline.com\/fr\/acheter-tickets\/el-gordo\/","title":{"rendered":"Acheter des billets pour El Gordo"},"content":{"rendered":"<h2>L&#8217;\u00e9tonnante loterie espagnole<\/h2>\n<p>El Gordo est \u00e0 nos portes et tout le monde n&#8217;a pas la chance de vivre ou de voyager en Espagne. Pourtant, les parieurs du monde entier sont excit\u00e9s \u00e0 l&#8217;id\u00e9e de participer \u00e0 l&#8217;amusement et aux festivit\u00e9s qui accompagnent cette loterie. Les joueurs qui vivent en dehors du pays peuvent \u00e9galement prendre part \u00e0 cette loterie et nous allons vous montrer comment faire.<\/p>\n<p>Si vous n&#8217;avez jamais <a href=\"https:\/\/jackpotlotteryonline.com\/fr\/comment-jouer\/el-gordo\">jou\u00e9 \u00e0 la loterie<\/a>, vous serez peut-\u00eatre int\u00e9ress\u00e9 de savoir qu&#8217;il s&#8217;agit d&#8217;une loterie espagnole. Elle s&#8217;appelle El Gordo, ce qui signifie &#8220;le gros&#8221;, en raison de l&#8217;importance de son jackpot. On dit que c&#8217;est le plus gros jackpot du monde.<\/p>\n<p>Alors, comment faire pour avoir une part de l&#8217;action m\u00eame si vous ne vivez pas en Espagne ? Continuez \u00e0 lire et nous vous dirons tout.<\/p>\n<h2>Comment acheter des billets pour El Gordo en dehors de l&#8217;Espagne ?<\/h2>\n<p><img loading=\"lazy\" decoding=\"async\" class=\"size-full wp-image-17870 alignright\" src=\"https:\/\/jackpotlotteryonline.com\/wp-content\/uploads\/2022\/10\/lotto_euros.jpg\" alt=\"Acheter un billet El Gordo en ligne\" width=\"225\" height=\"134\" \/><\/p>\n<p>Le moyen le plus simple d&#8217;acheter des billets pour la loterie El Gordo est de passer par Internet, aupr\u00e8s d&#8217;un vendeur de billets de loterie en ligne comme jackpotlotteryonline.com. Nous offrons un service sans faille qui permet de jouer aux meilleures loteries internationales sans effort. Lorsque vous vous inscrivez chez nous, vous b\u00e9n\u00e9ficiez d&#8217;une plateforme sur mesure, adapt\u00e9e \u00e0 vos besoins.<\/p>\n<p>Nous voulons nous assurer que nos clients ressentent le plaisir de jouer \u00e0 la loterie. Lorsque vous participez \u00e0 El Gordo, vous faites partie de l&#8217;histoire et de la tradition. Cette loterie espagnole est \u00e9galement connue comme la loterie de No\u00ebl et la saison n&#8217;est pas la m\u00eame sans elle.<\/p>\n<p>Participer \u00e0 la loterie espagnole de No\u00ebl peut \u00eatre un peu d\u00e9routant si c&#8217;est votre premi\u00e8re fois. Contrairement aux autres loteries, vous ne pouvez pas choisir vos num\u00e9ros. Les num\u00e9ros sont d\u00e9j\u00e0 imprim\u00e9s sur chaque bulletin. Pour ajouter \u00e0 la confusion, il y a 100 000 num\u00e9ros dans la loterie El Gordo. Chez jackpotlotteryonline.com, nous vous guidons \u00e0 chaque \u00e9tape.<\/p>\n<h2>Pourquoi vous devriez participer \u00e0 El Gordo<\/h2>\n<p>Il y a plusieurs raisons pour lesquelles les joueurs du monde entier aiment El Gordo. Nous avons mentionn\u00e9 le fait qu&#8217;elle est impr\u00e9gn\u00e9e d&#8217;histoire et de tradition. La loterie a effectu\u00e9 son premier tirage en 1812, ce qui signifie qu&#8217;elle a plus de 200 ans. El Gordo est la deuxi\u00e8me plus ancienne loterie du monde et elle fait partie de la culture espagnole.<\/p>\n<p><a href=\"https:\/\/jackpotlotteryonline.com\/fr\/numeros-gagnants\/el-gordo-draw-results\">Le tirage a lieu<\/a> le 22 d\u00e9cembre de chaque ann\u00e9e, c&#8217;est donc un excellent moyen d&#8217;ajouter de la couleur \u00e0 la saison des f\u00eates. Le tirage lui-m\u00eame est un \u00e9v\u00e9nement grandiose puisque les r\u00e9sultats du tirage sont chant\u00e9s par les \u00e9l\u00e8ves de l&#8217;\u00e9cole San Ildefonso. Avons-nous mentionn\u00e9 que El Gordo est impr\u00e9gn\u00e9 de tradition ? C&#8217;est certainement un \u00e9v\u00e9nement que les anciens et les nouveaux parieurs attendent avec impatience chaque ann\u00e9e.<\/p>\n<p>En outre, El Gordo est une loterie qui encourage et c\u00e9l\u00e8bre la communaut\u00e9. Les billets sont divis\u00e9s en plusieurs subdivisions et il est assez courant de voir des quartiers souscrire \u00e0 une subdivision. Alors pourquoi ne pas faire quelque chose de sp\u00e9cial pour votre famille et vos amis en participant ensemble \u00e0 El Gordo ? C&#8217;est une merveilleuse fa\u00e7on de c\u00e9l\u00e9brer No\u00ebl.<\/p>\n<section class=\"layout\" style=\"border: solid 1px; width: 100%;\">\n<div class=\"img-div\" style=\"margin-top: 5px;\"><img decoding=\"async\" class=\"wp-image-17212 alignleft\" style=\"height: 45px; margin: 8px 8px 0px;\" src=\"https:\/\/jackpotlotteryonline.com\/wp-content\/uploads\/2022\/11\/read1.jpg\" alt=\"lire\" width=\"\" height=\"\" \/><\/div>\n<div style=\"padding-left: 5px;\">\n<div style=\"font-size: 1.1em;\">\n<p><strong>Ne manquez pas les tirages des plus gros jackpots de la loterie mondiale.<\/strong><\/p>\n<p style=\"font-size: 0.85em; margin-top: -1.5em;\">\u00a0 Une liste des heures de tirage des loteries internationales\u00a0<a href=\"https:\/\/jackpotlotteryonline.com\/fr\/quelles-sont-les-heures-de-tirage-des-loteries-internationales-2\"> en savoir plus<\/a><\/p>\n<\/div>\n<\/div>\n<\/section>\n<h2>Comment jouer \u00e0 El Gordo<\/h2>\n<p><img loading=\"lazy\" decoding=\"async\" class=\"alignright size-full wp-image-32459\" src=\"https:\/\/jackpotlotteryonline.com\/wp-content\/uploads\/2022\/11\/2_ticket_el_gordo-1.jpg\" alt=\"Billet de loterie El Gordo\" width=\"213\" height=\"300\" \/><\/p>\n<p>Lorsque vous participez \u00e0 la loterie espagnole de No\u00ebl, votre bulletin peut comporter des num\u00e9ros allant de 00000 \u00e0 99999. Chaque ticket est divis\u00e9 en dix parties, qui sont elles-m\u00eames subdivis\u00e9es. Ainsi, quel que soit votre budget, vous pouvez vous permettre d&#8217;acheter un ticket.<\/p>\n<p>Il est tout aussi int\u00e9ressant de savoir que les joueurs d&#8217;El Gordo ont de tr\u00e8s grandes chances de gagner. Le jackpot total se chiffre en milliards d&#8217;euros et les chances sont incroyables. Les joueurs peuvent donc repartir avec des milliers d&#8217;euros, m\u00eame s&#8217;ils ne gagnent pas le premier prix.<\/p>\n<p>Une fois que vous avez achet\u00e9 votre ticket, il ne vous reste plus qu&#8217;\u00e0 attendre le tirage du 22 d\u00e9cembre. Sur notre site, nous demandons \u00e0 nos clients de s&#8217;inscrire afin que nous puissions les informer d\u00e8s qu&#8217;ils ont gagn\u00e9 un prix. De m\u00eame, l&#8217;encaissement de vos gains est facile puisque vous pouvez le faire depuis notre plateforme.<\/p>\n<h2>\u00c9tapes \u00e0 suivre pour jouer \u00e0 El Gordo en ligne<\/h2>\n<ol>\n<li>Maintenant que vous \u00eates aussi enthousiaste que nous au sujet de la loterie de No\u00ebl espagnole, laissez-nous vous expliquer les \u00e9tapes \u00e0 suivre.<\/li>\n<li>Achetez votre billet El Gordo sur notre site<\/li>\n<li>Inscrivez-vous pour que nous puissions vous contacter si vous gagnez.<\/li>\n<li>Attendez le tirage au sort<\/li>\n<li>Retirez vos gains si vous gagnez.<\/li>\n<\/ol>\n<p>C&#8217;est aussi simple que cela lorsque vous vous inscrivez chez nous. Nous vous \u00e9pargnons les complications pour que vous puissiez vous concentrer sur le plaisir du jeu. Si vous \u00eates \u00e0 la recherche d&#8217;un jeu de loterie avec de bonnes chances de gagner et que vous pouvez en profiter, ne cherchez pas plus loin.<\/p>\n<p>Nous devons mentionner que m\u00eame si El Gordo a de bonnes chances de gagner, c&#8217;est un jeu de hasard. Il n&#8217;y a aucun moyen de garantir que vous gagnerez et rien ne dit que vous ne gagnerez pas non plus. Cependant, la seule fa\u00e7on d&#8217;avoir une chance de gagner un prix est de s&#8217;inscrire \u00e0 la loterie en premier lieu. Alors inscrivez-vous d\u00e8s maintenant pour acheter des tickets de loterie pour le No\u00ebl espagnol.<\/p>\n","protected":false},"excerpt":{"rendered":"<p>L&#8217;\u00e9tonnante loterie espagnole El Gordo est \u00e0 nos portes et tout le monde n&#8217;a pas la chance de vivre ou de voyager en Espagne. Pourtant, les parieurs du monde entier sont excit\u00e9s \u00e0 l&#8217;id\u00e9e de participer \u00e0 l&#8217;amusement et aux festivit\u00e9s qui accompagnent cette loterie. Les joueurs qui vivent en dehors du pays peuvent \u00e9galement [&hellip;]<\/p>\n","protected":false},"author":1,"featured_media":0,"parent":35751,"menu_order":6,"comment_status":"closed","ping_status":"closed","template":"el-gordo-info.php","meta":{"_et_pb_use_builder":"","_et_pb_old_content":"","_et_gb_content_width":"","exclude_from_search":false,"footnotes":""},"class_list":["post-36617","page","type-page","status-publish","hentry"],"yoast_head":"<!-- This site is optimized with the Yoast SEO plugin v23.3 - https:\/\/yoast.com\/wordpress\/plugins\/seo\/ -->\n<title>Acheter des billets El Gordo depuis l&#039;ext\u00e9rieur de l&#039;Espagne | Billets El Gordo en ligne<\/title>\n<meta name=\"description\" content=\"Vous pouvez acheter des billets El Gordo en ligne, si vous habitez en dehors de l&#039;Espagne - ici m\u00eame par le biais de ce service de billetterie en ligne.\" \/>\n<meta name=\"robots\" content=\"index, follow, max-snippet:-1, max-image-preview:large, max-video-preview:-1\" \/>\n<link rel=\"canonical\" href=\"https:\/\/jackpotlotteryonline.com\/buy-tickets\/el-gordo\/\" \/>\n<meta property=\"og:locale\" content=\"fr_FR\" \/>\n<meta property=\"og:type\" content=\"article\" \/>\n<meta property=\"og:title\" content=\"Acheter des billets El Gordo depuis l&#039;ext\u00e9rieur de l&#039;Espagne | Billets El Gordo en ligne\" \/>\n<meta property=\"og:description\" content=\"Vous pouvez acheter des billets El Gordo en ligne, si vous habitez en dehors de l&#039;Espagne - ici m\u00eame par le biais de ce service de billetterie en ligne.\" \/>\n<meta property=\"og:url\" content=\"https:\/\/jackpotlotteryonline.com\/buy-tickets\/el-gordo\/\" \/>\n<meta property=\"og:site_name\" content=\"Lotto Online - Crack The International Lottery Jackpots\" \/>\n<meta property=\"article:modified_time\" content=\"2023-01-03T20:41:11+00:00\" \/>\n<meta property=\"og:image\" content=\"https:\/\/jackpotlotteryonline.com\/wp-content\/uploads\/2022\/10\/lotto_euros.jpg\" \/>\n<meta name=\"twitter:card\" content=\"summary_large_image\" \/>\n<meta name=\"twitter:label1\" content=\"Dur\u00e9e de lecture estim\u00e9e\" \/>\n\t<meta name=\"twitter:data1\" content=\"5 minutes\" \/>\n<!-- \/ Yoast SEO plugin. -->","yoast_head_json":{"title":"Acheter des billets El Gordo depuis l'ext\u00e9rieur de l'Espagne | Billets El Gordo en ligne","description":"Vous pouvez acheter des billets El Gordo en ligne, si vous habitez en dehors de l'Espagne - ici m\u00eame par le biais de ce service de billetterie en ligne.","robots":{"index":"index","follow":"follow","max-snippet":"max-snippet:-1","max-image-preview":"max-image-preview:large","max-video-preview":"max-video-preview:-1"},"canonical":"https:\/\/jackpotlotteryonline.com\/buy-tickets\/el-gordo\/","og_locale":"fr_FR","og_type":"article","og_title":"Acheter des billets El Gordo depuis l'ext\u00e9rieur de l'Espagne | Billets El Gordo en ligne","og_description":"Vous pouvez acheter des billets El Gordo en ligne, si vous habitez en dehors de l'Espagne - ici m\u00eame par le biais de ce service de billetterie en ligne.","og_url":"https:\/\/jackpotlotteryonline.com\/buy-tickets\/el-gordo\/","og_site_name":"Lotto Online - Crack The International Lottery Jackpots","article_modified_time":"2023-01-03T20:41:11+00:00","og_image":[{"url":"https:\/\/jackpotlotteryonline.com\/wp-content\/uploads\/2022\/10\/lotto_euros.jpg"}],"twitter_card":"summary_large_image","twitter_misc":{"Dur\u00e9e de lecture estim\u00e9e":"5 minutes"},"schema":{"@context":"https:\/\/schema.org","@graph":[{"@type":"WebPage","@id":"https:\/\/jackpotlotteryonline.com\/buy-tickets\/el-gordo\/","url":"https:\/\/jackpotlotteryonline.com\/buy-tickets\/el-gordo\/","name":"Acheter des billets El Gordo depuis l'ext\u00e9rieur de l'Espagne | Billets El Gordo en ligne","isPartOf":{"@id":"https:\/\/jackpotlotteryonline.com\/#website"},"primaryImageOfPage":{"@id":"https:\/\/jackpotlotteryonline.com\/buy-tickets\/el-gordo\/#primaryimage"},"image":{"@id":"https:\/\/jackpotlotteryonline.com\/buy-tickets\/el-gordo\/#primaryimage"},"thumbnailUrl":"https:\/\/jackpotlotteryonline.com\/wp-content\/uploads\/2022\/10\/lotto_euros.jpg","datePublished":"2022-11-08T07:52:58+00:00","dateModified":"2023-01-03T20:41:11+00:00","description":"Vous pouvez acheter des billets El Gordo en ligne, si vous habitez en dehors de l'Espagne - ici m\u00eame par le biais de ce service de billetterie en ligne.","breadcrumb":{"@id":"https:\/\/jackpotlotteryonline.com\/buy-tickets\/el-gordo\/#breadcrumb"},"inLanguage":"fr-FR","potentialAction":[{"@type":"ReadAction","target":["https:\/\/jackpotlotteryonline.com\/buy-tickets\/el-gordo\/"]}]},{"@type":"ImageObject","inLanguage":"fr-FR","@id":"https:\/\/jackpotlotteryonline.com\/buy-tickets\/el-gordo\/#primaryimage","url":"https:\/\/jackpotlotteryonline.com\/wp-content\/uploads\/2022\/10\/lotto_euros.jpg","contentUrl":"https:\/\/jackpotlotteryonline.com\/wp-content\/uploads\/2022\/10\/lotto_euros.jpg"},{"@type":"BreadcrumbList","@id":"https:\/\/jackpotlotteryonline.com\/buy-tickets\/el-gordo\/#breadcrumb","itemListElement":[{"@type":"ListItem","position":1,"name":"Home","item":"https:\/\/jackpotlotteryonline.com\/fr\/"},{"@type":"ListItem","position":2,"name":"Comment acheter des billets de loterie en ligne","item":"https:\/\/jackpotlotteryonline.com\/fr\/acheter-tickets\/"},{"@type":"ListItem","position":3,"name":"Acheter des billets pour El Gordo"}]},{"@type":"WebSite","@id":"https:\/\/jackpotlotteryonline.com\/#website","url":"https:\/\/jackpotlotteryonline.com\/","name":"Lotto Online - Crack The International Lottery Jackpots","description":"","potentialAction":[{"@type":"SearchAction","target":{"@type":"EntryPoint","urlTemplate":"https:\/\/jackpotlotteryonline.com\/?s={search_term_string}"},"query-input":"required name=search_term_string"}],"inLanguage":"fr-FR"}]}},"_links":{"self":[{"href":"https:\/\/jackpotlotteryonline.com\/fr\/wp-json\/wp\/v2\/pages\/36617","targetHints":{"allow":["GET"]}}],"collection":[{"href":"https:\/\/jackpotlotteryonline.com\/fr\/wp-json\/wp\/v2\/pages"}],"about":[{"href":"https:\/\/jackpotlotteryonline.com\/fr\/wp-json\/wp\/v2\/types\/page"}],"author":[{"embeddable":true,"href":"https:\/\/jackpotlotteryonline.com\/fr\/wp-json\/wp\/v2\/users\/1"}],"replies":[{"embeddable":true,"href":"https:\/\/jackpotlotteryonline.com\/fr\/wp-json\/wp\/v2\/comments?post=36617"}],"version-history":[{"count":0,"href":"https:\/\/jackpotlotteryonline.com\/fr\/wp-json\/wp\/v2\/pages\/36617\/revisions"}],"up":[{"embeddable":true,"href":"https:\/\/jackpotlotteryonline.com\/fr\/wp-json\/wp\/v2\/pages\/35751"}],"wp:attachment":[{"href":"https:\/\/jackpotlotteryonline.com\/fr\/wp-json\/wp\/v2\/media?parent=36617"}],"curies":[{"name":"wp","href":"https:\/\/api.w.org\/{rel}","templated":true}]}}