{"id":36669,"date":"2022-11-08T09:32:07","date_gmt":"2022-11-08T09:32:07","guid":{"rendered":"https:\/\/jackpotlotteryonline.com\/?page_id=36669"},"modified":"2023-01-03T20:57:58","modified_gmt":"2023-01-03T20:57:58","slug":"lotto-germany","status":"publish","type":"page","link":"https:\/\/jackpotlotteryonline.com\/fr\/acheter-tickets\/lotto-germany\/","title":{"rendered":"Acheter des billets pour le Lotto Allemagne"},"content":{"rendered":"<p>Les joueurs qui vivent en dehors de l&#8217;Allemagne peuvent trouver un peu difficile d&#8217;acheter des billets pour le loto allemand, mais il n&#8217;est pas n\u00e9cessaire qu&#8217;il en soit ainsi. Le Lotto allemand, \u00e9galement connu sous le nom de 6 aus 49, est l&#8217;une des loteries les plus anciennes d&#8217;Europe. Cr\u00e9\u00e9 en 1955, il est rapidement devenu le principal jeu de loterie du pays.<\/p>\n<p>Les bulletins de participation \u00e0 cette loterie sont disponibles chez les vendeurs agr\u00e9\u00e9s en Allemagne. Mais si vous vivez dans une autre partie du monde, vous devrez vous fier \u00e0 un site de loterie en ligne digne de confiance comme jackpotlotteryoneline.com.<\/p>\n<p><a href=\"https:\/\/jackpotlotteryonline.com\/fr\/comment-jouer\/german-lotto\">Jouer \u00e0 la loterie en ligne<\/a> est simple et lorsque vous utilisez notre site, cela devient une exp\u00e9rience agr\u00e9able et sans faille.<\/p>\n<h2>Comment jouer au loto allemand sur notre site ?<\/h2>\n<p><img loading=\"lazy\" decoding=\"async\" class=\"alignright size-medium wp-image-33350\" src=\"https:\/\/jackpotlotteryonline.com\/wp-content\/uploads\/2022\/11\/2_ticket_euromillions3-1-111x300.jpg\" alt=\"ticket de loto allemand \" width=\"111\" height=\"300\" srcset=\"https:\/\/jackpotlotteryonline.com\/wp-content\/uploads\/2022\/11\/2_ticket_euromillions3-1-111x300.jpg 111w, https:\/\/jackpotlotteryonline.com\/wp-content\/uploads\/2022\/11\/2_ticket_euromillions3-1.jpg 180w\" sizes=\"auto, (max-width: 111px) 100vw, 111px\" \/><\/p>\n<p>La traduction litt\u00e9rale de 6 aus 49 est six sur 49. Pour jouer au loto allemand, vous devez choisir six num\u00e9ros entre 1 et 49 et un num\u00e9ro bonus entre 0 et 9. Cette proc\u00e9dure est la m\u00eame que vous jouiez hors ligne ou sur Internet.<\/p>\n<p>Lorsque vous achetez une inscription \u00e0 la loterie allemande sur notre site, vous pouvez choisir 6 num\u00e9ros parmi 49. Vous pouvez choisir plus d&#8217;une ligne de num\u00e9ros, car chaque num\u00e9ro compte pour une inscription, ce qui vous donne des chances plus \u00e9lev\u00e9es. Ensuite, vous pouvez choisir si vous voulez participer \u00e0 un seul ou \u00e0 plusieurs tirages.<\/p>\n<p><a href=\"https:\/\/jackpotlotteryonline.com\/fr\/numeros-gagnants\/german-lotto\">La loterie allemande propose deux tirages par semaine<\/a>, le mercredi et le samedi ; vous pouvez d\u00e9cider de participer \u00e0 un seul ou \u00e0 plusieurs tirages. Lorsque vous avez fait votre choix, l&#8217;\u00e9tape suivante consiste \u00e0 payer votre achat. \u00c0 ce moment-l\u00e0, nous vous demanderons de vous enregistrer aupr\u00e8s de nous. Cette d\u00e9marche est n\u00e9cessaire pour plusieurs raisons :<\/p>\n<ul>\n<li>En vous inscrivant, vous pouvez conserver vos bulletins de participation en lieu s\u00fbr, car vous en aurez besoin pour r\u00e9clamer vos gains.<\/li>\n<li>Vous pouvez facilement v\u00e9rifier les r\u00e9sultats du tirage au sort. Si vous gagnez un prix, nous vous en informerons par le biais de votre tableau de bord et par e-mail.<\/li>\n<li>Vous pouvez \u00e9galement encaisser vos gains directement sur notre plateforme.<\/li>\n<\/ul>\n<h2>Comment gagner \u00e0 la loterie<\/h2>\n<p>Lors des tirages, six num\u00e9ros sont tir\u00e9s au sort de 1 \u00e0 49. Le num\u00e9ro bonus, connu sous le nom de Superzahl, est tir\u00e9 d&#8217;une autre machine. Si vos num\u00e9ros correspondent aux num\u00e9ros tir\u00e9s, vous remportez le jackpot.<\/p>\n<p>Il est important de pr\u00e9ciser que le jackpot n&#8217;est pas le seul prix que les joueurs peuvent gagner lorsqu&#8217;ils jouent \u00e0 la loterie allemande. Cette loterie europ\u00e9enne a 10 cat\u00e9gories de prix diff\u00e9rentes et il y a un prix juste pour avoir trouv\u00e9 deux num\u00e9ros et le num\u00e9ro bonus.<\/p>\n<p>Comme nous l&#8217;avons d\u00e9j\u00e0 mentionn\u00e9, les chances de gagner \u00e0 cette loterie sont assez bonnes. Les chances de gagner le jackpot sont de 1 sur 139 838 160 et les chances globales de gagner un prix sont de 1 sur 31. Si vous n&#8217;avez jamais jou\u00e9 au 6 aus 49 allemand, c&#8217;est le moment de penser \u00e0 faire un pari. Vous pouvez le faire en achetant une inscription \u00e0 la loterie sur jackpotlotteryoneline.com.<\/p>\n<section class=\"layout\" style=\"border: solid 1px; width: 100%;\">\n<div class=\"img-div\" style=\"margin-top: 5px;\"><img decoding=\"async\" class=\"wp-image-17212 alignleft\" style=\"height: 45px; margin: 8px 8px 0px;\" src=\"https:\/\/jackpotlotteryonline.com\/wp-content\/uploads\/2022\/11\/read1.jpg\" alt=\"lire\" width=\"\" height=\"\" \/><\/div>\n<div style=\"padding-left: 5px;\">\n<div style=\"font-size: 1.1em;\">\n<p><strong>Quelle voiture ach\u00e8teriez-vous si vous gagniez \u00e0 la loterie ?<\/strong><\/p>\n<p style=\"font-size: 0.85em; margin-top: -1.5em;\">Gagner \u00e0 la loterie et s&#8217;offrir une nouvelle voiture\u00a0<a href=\"https:\/\/jackpotlotteryonline.com\/fr\/quelle-voiture-acheteriez-vous-si-vous-gagniez-a-la-loterie\"> en savoir plus<\/a><\/p>\n<\/div>\n<\/div>\n<\/section>\n<h2>Comment puis-je savoir si j&#8217;ai un vrai ticket ?<\/h2>\n<p><img loading=\"lazy\" decoding=\"async\" class=\"alignleft size-medium wp-image-27698\" src=\"https:\/\/jackpotlotteryonline.com\/wp-content\/uploads\/2022\/11\/1_lottery_results-300x150.jpg\" alt=\"billets du loto allemand\" width=\"300\" height=\"150\" srcset=\"https:\/\/jackpotlotteryonline.com\/wp-content\/uploads\/2022\/11\/1_lottery_results-300x150.jpg 300w, https:\/\/jackpotlotteryonline.com\/wp-content\/uploads\/2022\/11\/1_lottery_results.jpg 350w\" sizes=\"auto, (max-width: 300px) 100vw, 300px\" \/><\/p>\n<p>C&#8217;est une question tr\u00e8s importante, surtout lorsque vous achetez des tickets de loterie allemande en ligne. Il est possible d&#8217;acheter ce que vous croyez \u00eatre un ticket de loterie, et pourtant ne pas \u00eatre inscrit \u00e0 la loterie.<\/p>\n<p>Le loto a des num\u00e9ros de s\u00e9rie imprim\u00e9s sur chaque ticket et ils sont importants pour d\u00e9terminer si un ticket est authentique. Chez jackpotlotteryonline.com, nous proposons un service de conciergerie \u00e0 nos clients. Ce que nous voulons dire, c&#8217;est que lorsque vous achetez vos tickets de loterie en ligne chez nous, vos tickets auront les num\u00e9ros de s\u00e9rie qui proviennent de la loterie allemande.<\/p>\n<p>En d&#8217;autres termes, gr\u00e2ce \u00e0 notre service, vous aurez acc\u00e8s \u00e0 la loterie. Si vous correspondez aux num\u00e9ros tir\u00e9s, vous gagnerez le jackpot.<\/p>\n<h2>Comment puis-je r\u00e9clamer mes gains ?<\/h2>\n<p>L&#8217;avantage de jouer \u00e0 la loterie avec nous est que vous n&#8217;avez pas \u00e0 vous soucier de r\u00e9clamer vos gains. Tout d&#8217;abord, votre bulletin est en s\u00e9curit\u00e9 sur votre compte et vous n&#8217;avez aucune crainte de le perdre. Comme vous aurez besoin du bulletin pour r\u00e9clamer vos gains, c&#8217;est une bonne chose. En 2021, un jackpot de 11,3 millions d&#8217;euros est retourn\u00e9 dans la cagnotte parce qu&#8217;il n&#8217;a pas \u00e9t\u00e9 r\u00e9clam\u00e9 pendant 3 ans. Nous ne voulons pas que cela vous arrive.<\/p>\n<p>Deuxi\u00e8mement, si vous gagnez quelque chose, nous vous le ferons savoir imm\u00e9diatement et la prochaine fois que vous vous connecterez \u00e0 votre compte, vos fonds seront l\u00e0 et vous attendront. Il vous suffit de retirer les fonds sur votre compte bancaire et vous \u00eates pr\u00eat \u00e0 profiter de vos gains.<\/p>\n<p>Nous savons que lorsque vous jouez \u00e0 la loterie, vous \u00eates soucieux de passer un bon moment. Apr\u00e8s tout, c&#8217;est cens\u00e9 \u00eatre un jeu amusant. C&#8217;est pourquoi nous travaillons sans rel\u00e2che pour simplifier le processus de fa\u00e7on \u00e0 ce qu&#8217;il soit transparent et sans probl\u00e8me, vous laissant libre de profiter du jeu.<\/p>\n<h2>6 aus 49 niveaux de prix<\/h2>\n<p>Vous voulez savoir ce que vous pouvez gagner en jouant au loto allemand ? Voici les diff\u00e9rents paliers de prix et le pourcentage de la cagnotte allou\u00e9 \u00e0 chaque palier.<\/p>\n<p>Match 6 + Superzahl &#8211; 12,80 % (Jackpot)<br \/>\nMatch 6 uniquement &#8211; 10<br \/>\nMatch 5 + Superzahl &#8211; 5<br \/>\nMatch 5 uniquement &#8211; 15<br \/>\nMatch 4 + Superzahl &#8211; 5<br \/>\nMatch 4 uniquement &#8211; 10<br \/>\nMatch 3 + Superzahl &#8211; 10<br \/>\nMatch 3 seulement &#8211; 45<br \/>\nMatch 2 + Superzahl &#8211; 6<\/p>\n<p>Notez que les autres prix sont d\u00e9termin\u00e9s apr\u00e8s que le jackpot ait \u00e9t\u00e9 retir\u00e9 de la cagnotte.<\/p>\n<h2>Quel est le montant du jackpot ?<\/h2>\n<p>Le jackpot de la loterie allemande commence \u00e0 2 millions d&#8217;euros et est reconduit apr\u00e8s chaque tirage, s&#8217;il n&#8217;y a pas de gagnant. Par cons\u00e9quent, le jackpot augmente jusqu&#8217;\u00e0 atteindre un montant all\u00e9chant.<\/p>\n<p>Par exemple, en octobre 2020, un seul d\u00e9tenteur de billet a remport\u00e9 un jackpot de 42 583 626 \u20ac. Ce gain \u00e9tait le plus gros jackpot de l&#8217;histoire du loto allemand. Il \u00e9tait suivi de pr\u00e8s par le jackpot de 33 832 008 \u20ac, \u00e9galement remport\u00e9 par un joueur de loterie.<\/p>\n<p>Plusieurs autres d\u00e9tenteurs de billets de loterie allemands ont remport\u00e9 des jackpots de plusieurs millions d&#8217;euros. Il n&#8217;est donc pas surprenant que les parieurs du monde entier se pressent pour participer aux tirages hebdomadaires.<\/p>\n<h2>Inscrivez-vous pour jouer \u00e0 la loterie en ligne<\/h2>\n<p>Il n&#8217;est pas n\u00e9cessaire de vivre en Allemagne pour participer \u00e0 la loterie allemande. Lorsque vous vous inscrivez chez nous, vous avez acc\u00e8s aux meilleures loteries internationales. Cela vous ouvre vraiment un monde de possibilit\u00e9s. Notez \u00e9galement que les fonds provenant de la loterie ne sont pas imposables en Allemagne. Toutefois, nous vous conseillons de v\u00e9rifier la l\u00e9gislation fiscale en vigueur dans votre pays.<\/p>\n<p>Alors, qu&#8217;attendez-vous ? Inscrivez-vous chez nous pour acheter vos billets de loto allemand en ligne et sautez dans le monde passionnant des jeux de loterie internationaux.<\/p>\n","protected":false},"excerpt":{"rendered":"<p>Les joueurs qui vivent en dehors de l&#8217;Allemagne peuvent trouver un peu difficile d&#8217;acheter des billets pour le loto allemand, mais il n&#8217;est pas n\u00e9cessaire qu&#8217;il en soit ainsi. Le Lotto allemand, \u00e9galement connu sous le nom de 6 aus 49, est l&#8217;une des loteries les plus anciennes d&#8217;Europe. Cr\u00e9\u00e9 en 1955, il est rapidement [&hellip;]<\/p>\n","protected":false},"author":1,"featured_media":0,"parent":35751,"menu_order":8,"comment_status":"closed","ping_status":"closed","template":"lotto-german-info.php","meta":{"_et_pb_use_builder":"","_et_pb_old_content":"","_et_gb_content_width":"","exclude_from_search":false,"footnotes":""},"class_list":["post-36669","page","type-page","status-publish","hentry"],"yoast_head":"<!-- This site is optimized with the Yoast SEO plugin v23.3 - https:\/\/yoast.com\/wordpress\/plugins\/seo\/ -->\n<title>Acheter des billets pour le Lotto allemand en dehors de l&#039;Allemagne | Lotto allemand en ligne.<\/title>\n<meta name=\"description\" content=\"Billets pour le Lotto allemand 6\/49 disponibles ici, vous pouvez les acheter en ligne en toute s\u00e9curit\u00e9 ici, depuis l&#039;ext\u00e9rieur de l&#039;Allemagne.\" \/>\n<meta name=\"robots\" content=\"index, follow, max-snippet:-1, max-image-preview:large, max-video-preview:-1\" \/>\n<link rel=\"canonical\" href=\"https:\/\/jackpotlotteryonline.com\/buy-tickets\/lotto-germany\/\" \/>\n<meta property=\"og:locale\" content=\"fr_FR\" \/>\n<meta property=\"og:type\" content=\"article\" \/>\n<meta property=\"og:title\" content=\"Acheter des billets pour le Lotto allemand en dehors de l&#039;Allemagne | Lotto allemand en ligne.\" \/>\n<meta property=\"og:description\" content=\"Billets pour le Lotto allemand 6\/49 disponibles ici, vous pouvez les acheter en ligne en toute s\u00e9curit\u00e9 ici, depuis l&#039;ext\u00e9rieur de l&#039;Allemagne.\" \/>\n<meta property=\"og:url\" content=\"https:\/\/jackpotlotteryonline.com\/buy-tickets\/lotto-germany\/\" \/>\n<meta property=\"og:site_name\" content=\"Lotto Online - Crack The International Lottery Jackpots\" \/>\n<meta property=\"article:modified_time\" content=\"2023-01-03T20:57:58+00:00\" \/>\n<meta property=\"og:image\" content=\"https:\/\/jackpotlotteryonline.com\/wp-content\/uploads\/2022\/11\/2_ticket_euromillions3-1-111x300.jpg\" \/>\n<meta name=\"twitter:card\" content=\"summary_large_image\" \/>\n<meta name=\"twitter:label1\" content=\"Dur\u00e9e de lecture estim\u00e9e\" \/>\n\t<meta name=\"twitter:data1\" content=\"6 minutes\" \/>\n<!-- \/ Yoast SEO plugin. -->","yoast_head_json":{"title":"Acheter des billets pour le Lotto allemand en dehors de l'Allemagne | Lotto allemand en ligne.","description":"Billets pour le Lotto allemand 6\/49 disponibles ici, vous pouvez les acheter en ligne en toute s\u00e9curit\u00e9 ici, depuis l'ext\u00e9rieur de l'Allemagne.","robots":{"index":"index","follow":"follow","max-snippet":"max-snippet:-1","max-image-preview":"max-image-preview:large","max-video-preview":"max-video-preview:-1"},"canonical":"https:\/\/jackpotlotteryonline.com\/buy-tickets\/lotto-germany\/","og_locale":"fr_FR","og_type":"article","og_title":"Acheter des billets pour le Lotto allemand en dehors de l'Allemagne | Lotto allemand en ligne.","og_description":"Billets pour le Lotto allemand 6\/49 disponibles ici, vous pouvez les acheter en ligne en toute s\u00e9curit\u00e9 ici, depuis l'ext\u00e9rieur de l'Allemagne.","og_url":"https:\/\/jackpotlotteryonline.com\/buy-tickets\/lotto-germany\/","og_site_name":"Lotto Online - Crack The International Lottery Jackpots","article_modified_time":"2023-01-03T20:57:58+00:00","og_image":[{"url":"https:\/\/jackpotlotteryonline.com\/wp-content\/uploads\/2022\/11\/2_ticket_euromillions3-1-111x300.jpg"}],"twitter_card":"summary_large_image","twitter_misc":{"Dur\u00e9e de lecture estim\u00e9e":"6 minutes"},"schema":{"@context":"https:\/\/schema.org","@graph":[{"@type":"WebPage","@id":"https:\/\/jackpotlotteryonline.com\/buy-tickets\/lotto-germany\/","url":"https:\/\/jackpotlotteryonline.com\/buy-tickets\/lotto-germany\/","name":"Acheter des billets pour le Lotto allemand en dehors de l'Allemagne | Lotto allemand en ligne.","isPartOf":{"@id":"https:\/\/jackpotlotteryonline.com\/#website"},"primaryImageOfPage":{"@id":"https:\/\/jackpotlotteryonline.com\/buy-tickets\/lotto-germany\/#primaryimage"},"image":{"@id":"https:\/\/jackpotlotteryonline.com\/buy-tickets\/lotto-germany\/#primaryimage"},"thumbnailUrl":"https:\/\/jackpotlotteryonline.com\/wp-content\/uploads\/2022\/11\/2_ticket_euromillions3-1-111x300.jpg","datePublished":"2022-11-08T09:32:07+00:00","dateModified":"2023-01-03T20:57:58+00:00","description":"Billets pour le Lotto allemand 6\/49 disponibles ici, vous pouvez les acheter en ligne en toute s\u00e9curit\u00e9 ici, depuis l'ext\u00e9rieur de l'Allemagne.","breadcrumb":{"@id":"https:\/\/jackpotlotteryonline.com\/buy-tickets\/lotto-germany\/#breadcrumb"},"inLanguage":"fr-FR","potentialAction":[{"@type":"ReadAction","target":["https:\/\/jackpotlotteryonline.com\/buy-tickets\/lotto-germany\/"]}]},{"@type":"ImageObject","inLanguage":"fr-FR","@id":"https:\/\/jackpotlotteryonline.com\/buy-tickets\/lotto-germany\/#primaryimage","url":"https:\/\/jackpotlotteryonline.com\/wp-content\/uploads\/2022\/11\/2_ticket_euromillions3-1-111x300.jpg","contentUrl":"https:\/\/jackpotlotteryonline.com\/wp-content\/uploads\/2022\/11\/2_ticket_euromillions3-1-111x300.jpg"},{"@type":"BreadcrumbList","@id":"https:\/\/jackpotlotteryonline.com\/buy-tickets\/lotto-germany\/#breadcrumb","itemListElement":[{"@type":"ListItem","position":1,"name":"Home","item":"https:\/\/jackpotlotteryonline.com\/fr\/"},{"@type":"ListItem","position":2,"name":"Comment acheter des billets de loterie en ligne","item":"https:\/\/jackpotlotteryonline.com\/fr\/acheter-tickets\/"},{"@type":"ListItem","position":3,"name":"Acheter des billets pour le Lotto Allemagne"}]},{"@type":"WebSite","@id":"https:\/\/jackpotlotteryonline.com\/#website","url":"https:\/\/jackpotlotteryonline.com\/","name":"Lotto Online - Crack The International Lottery Jackpots","description":"","potentialAction":[{"@type":"SearchAction","target":{"@type":"EntryPoint","urlTemplate":"https:\/\/jackpotlotteryonline.com\/?s={search_term_string}"},"query-input":"required name=search_term_string"}],"inLanguage":"fr-FR"}]}},"_links":{"self":[{"href":"https:\/\/jackpotlotteryonline.com\/fr\/wp-json\/wp\/v2\/pages\/36669","targetHints":{"allow":["GET"]}}],"collection":[{"href":"https:\/\/jackpotlotteryonline.com\/fr\/wp-json\/wp\/v2\/pages"}],"about":[{"href":"https:\/\/jackpotlotteryonline.com\/fr\/wp-json\/wp\/v2\/types\/page"}],"author":[{"embeddable":true,"href":"https:\/\/jackpotlotteryonline.com\/fr\/wp-json\/wp\/v2\/users\/1"}],"replies":[{"embeddable":true,"href":"https:\/\/jackpotlotteryonline.com\/fr\/wp-json\/wp\/v2\/comments?post=36669"}],"version-history":[{"count":0,"href":"https:\/\/jackpotlotteryonline.com\/fr\/wp-json\/wp\/v2\/pages\/36669\/revisions"}],"up":[{"embeddable":true,"href":"https:\/\/jackpotlotteryonline.com\/fr\/wp-json\/wp\/v2\/pages\/35751"}],"wp:attachment":[{"href":"https:\/\/jackpotlotteryonline.com\/fr\/wp-json\/wp\/v2\/media?parent=36669"}],"curies":[{"name":"wp","href":"https:\/\/api.w.org\/{rel}","templated":true}]}}