{"id":36723,"date":"2022-11-08T11:29:21","date_gmt":"2022-11-08T11:29:21","guid":{"rendered":"https:\/\/jackpotlotteryonline.com\/?page_id=36723"},"modified":"2022-12-21T14:41:44","modified_gmt":"2022-12-21T14:41:44","slug":"la-primitiva","status":"publish","type":"page","link":"https:\/\/jackpotlotteryonline.com\/fr\/acheter-tickets\/la-primitiva\/","title":{"rendered":"Acheter des billets pour La Primitiva"},"content":{"rendered":"<h2>La Primitiva en ligne<\/h2>\n<p>Les loteries espagnoles ont toujours captiv\u00e9 l&#8217;imagination de beaucoup et La Primitiva ne fait pas exception. Et maintenant, vous pouvez <strong>acheter un billet pour La Primitiva en ligne depuis l&#8217;ext\u00e9rieur de l&#8217;Espagne.<\/strong> Auparavant, La Primitiva \u00e9tait uniquement r\u00e9serv\u00e9e aux citoyens espagnols, mais avec la diffusion des communications, elle est pass\u00e9e \u00e0 la nouvelle g\u00e9n\u00e9ration et est propos\u00e9e \u00e0 toute personne \u00e2g\u00e9e de plus de 18 ans.<\/p>\n<p>Gr\u00e2ce \u00e0 notre site Web, le loto La Primitiva peut d\u00e9sormais \u00eatre jou\u00e9 en ligne. Il s&#8217;agit de l&#8217;une des principales loteries europ\u00e9ennes, avec des prix \u00e9normes \u00e0 la cl\u00e9.<\/p>\n<p>Si vous souhaitez acheter un ticket pour le loto La Primitiva en ligne et que vous ne vivez pas en Espagne, la seule option qui s&#8217;offre \u00e0 vous est de l&#8217;acheter chez nous. Avec de nombreux clients du monde entier, nous vous offrons les meilleurs services, notamment l&#8217;achat de billets pour La Primitiva en votre nom, l&#8217;aide \u00e0 la s\u00e9lection des num\u00e9ros et la garantie que les prix vous seront remis en toute s\u00e9curit\u00e9.<\/p>\n<section class=\"layout\" style=\"border: solid 1px; width: 100%;\">\n<div class=\"img-div\" style=\"margin-top: 5px;\"><img decoding=\"async\" class=\"wp-image-17212 alignleft\" style=\"height: 45px; margin: 8px 8px 0px;\" src=\"https:\/\/jackpotlotteryonline.com\/wp-content\/uploads\/2022\/11\/read1.jpg\" alt=\"lire\" width=\"\" height=\"\" \/><\/div>\n<div style=\"padding-left: 5px;\">\n<div style=\"font-size: 1.1em;\">\n<p><strong>Quel est le secret du succ\u00e8s \u00e0 la loterie ?<\/strong><\/p>\n<p style=\"font-size: 0.85em; margin-top: -1.5em;\">Comment r\u00e9ussir \u00e0 jouer \u00e0 la loterie\u00a0<a href=\"https:\/\/jackpotlotteryonline.com\/fr\/quel-est-le-secret-du-succes-aux-loteries\"> en savoir plus<\/a><\/p>\n<\/div>\n<\/div>\n<\/section>\n<h2>Pourquoi jouer \u00e0 La Primitiva en ligne ?<\/h2>\n<p><a href=\"https:\/\/jackpotlotteryonline.com\/fr\/numeros-gagnants\/la-primitiva\">La Primitiva Online tire<\/a> trois fois par semaine. Cela laisse le temps aux jackpots d&#8217;augmenter rapidement. En m\u00eame temps, les chances de gagner sont assez bonnes, m\u00eame pour les prix les plus \u00e9lev\u00e9s. Chaque amateur de loto participant \u00e0 La Primitiva Online a 1 chance sur 6 de gagner un prix en esp\u00e8ces.<\/p>\n<h2>La Primitiva vs El Gordo vs la loterie de No\u00ebl espagnole<\/h2>\n<p>De loin l&#8217;une des plus grandes loteries en termes de r\u00e9compenses offertes, La Primitiva est l&#8217;une des plus recherch\u00e9es parmi les nombreux jackpots de loto auxquels vous pouvez<a href=\"https:\/\/jackpotlotteryonline.com\/fr\/comment-jouer\/la-primitiva-2\"> jouer sur notre site<\/a>. Il n&#8217;y a aucune raison de perdre espoir ou opportunit\u00e9 m\u00eame si vous ne vivez pas en Espagne. Vous pouvez jouer de n&#8217;importe o\u00f9 dans le monde si vous avez plus de 18 ans.<\/p>\n<p>El Gordo est une loterie totalement diff\u00e9rente, mais vous pouvez \u00e9galement y jouer sur notre site. El Gordo ne tire qu&#8217;une fois par semaine, le dimanche.<\/p>\n<p>En plus des tirages hebdomadaires r\u00e9guliers de La Primitiva et El Gordo, il existe l&#8217;\u00e9dition de No\u00ebl d&#8217;El Gordo, tir\u00e9e une fois par an seulement, le 22 d\u00e9cembre.<\/p>\n","protected":false},"excerpt":{"rendered":"<p>La Primitiva en ligne Les loteries espagnoles ont toujours captiv\u00e9 l&#8217;imagination de beaucoup et La Primitiva ne fait pas exception. Et maintenant, vous pouvez acheter un billet pour La Primitiva en ligne depuis l&#8217;ext\u00e9rieur de l&#8217;Espagne. Auparavant, La Primitiva \u00e9tait uniquement r\u00e9serv\u00e9e aux citoyens espagnols, mais avec la diffusion des communications, elle est pass\u00e9e \u00e0 [&hellip;]<\/p>\n","protected":false},"author":1,"featured_media":0,"parent":35751,"menu_order":7,"comment_status":"closed","ping_status":"closed","template":"la-primitiva-info.php","meta":{"_et_pb_use_builder":"","_et_pb_old_content":"","_et_gb_content_width":"","exclude_from_search":false,"footnotes":""},"class_list":["post-36723","page","type-page","status-publish","hentry"],"yoast_head":"<!-- This site is optimized with the Yoast SEO plugin v23.3 - https:\/\/yoast.com\/wordpress\/plugins\/seo\/ -->\n<title>Acheter un billet pour La Primitiva Lotto Online et depuis l&#039;ext\u00e9rieur de l&#039;Espagne.<\/title>\n<meta name=\"description\" content=\"Achetez des billets pour La Primitiva Lotto depuis l&#039;ext\u00e9rieur de l&#039;Espagne, croisez les doigts, attendez et gagnez gros !\" \/>\n<meta name=\"robots\" content=\"index, follow, max-snippet:-1, max-image-preview:large, max-video-preview:-1\" \/>\n<link rel=\"canonical\" href=\"https:\/\/jackpotlotteryonline.com\/buy-tickets\/la-primitiva\/\" \/>\n<meta property=\"og:locale\" content=\"fr_FR\" \/>\n<meta property=\"og:type\" content=\"article\" \/>\n<meta property=\"og:title\" content=\"Acheter un billet pour La Primitiva Lotto Online et depuis l&#039;ext\u00e9rieur de l&#039;Espagne.\" \/>\n<meta property=\"og:description\" content=\"Achetez des billets pour La Primitiva Lotto depuis l&#039;ext\u00e9rieur de l&#039;Espagne, croisez les doigts, attendez et gagnez gros !\" \/>\n<meta property=\"og:url\" content=\"https:\/\/jackpotlotteryonline.com\/buy-tickets\/la-primitiva\/\" \/>\n<meta property=\"og:site_name\" content=\"Lotto Online - Crack The International Lottery Jackpots\" \/>\n<meta property=\"article:modified_time\" content=\"2022-12-21T14:41:44+00:00\" \/>\n<meta property=\"og:image\" content=\"https:\/\/jackpotlotteryonline.com\/wp-content\/uploads\/2022\/11\/read1.jpg\" \/>\n<meta name=\"twitter:card\" content=\"summary_large_image\" \/>\n<meta name=\"twitter:label1\" content=\"Dur\u00e9e de lecture estim\u00e9e\" \/>\n\t<meta name=\"twitter:data1\" content=\"2 minutes\" \/>\n<!-- \/ Yoast SEO plugin. -->","yoast_head_json":{"title":"Acheter un billet pour La Primitiva Lotto Online et depuis l'ext\u00e9rieur de l'Espagne.","description":"Achetez des billets pour La Primitiva Lotto depuis l'ext\u00e9rieur de l'Espagne, croisez les doigts, attendez et gagnez gros !","robots":{"index":"index","follow":"follow","max-snippet":"max-snippet:-1","max-image-preview":"max-image-preview:large","max-video-preview":"max-video-preview:-1"},"canonical":"https:\/\/jackpotlotteryonline.com\/buy-tickets\/la-primitiva\/","og_locale":"fr_FR","og_type":"article","og_title":"Acheter un billet pour La Primitiva Lotto Online et depuis l'ext\u00e9rieur de l'Espagne.","og_description":"Achetez des billets pour La Primitiva Lotto depuis l'ext\u00e9rieur de l'Espagne, croisez les doigts, attendez et gagnez gros !","og_url":"https:\/\/jackpotlotteryonline.com\/buy-tickets\/la-primitiva\/","og_site_name":"Lotto Online - Crack The International Lottery Jackpots","article_modified_time":"2022-12-21T14:41:44+00:00","og_image":[{"url":"https:\/\/jackpotlotteryonline.com\/wp-content\/uploads\/2022\/11\/read1.jpg"}],"twitter_card":"summary_large_image","twitter_misc":{"Dur\u00e9e de lecture estim\u00e9e":"2 minutes"},"schema":{"@context":"https:\/\/schema.org","@graph":[{"@type":"WebPage","@id":"https:\/\/jackpotlotteryonline.com\/buy-tickets\/la-primitiva\/","url":"https:\/\/jackpotlotteryonline.com\/buy-tickets\/la-primitiva\/","name":"Acheter un billet pour La Primitiva Lotto Online et depuis l'ext\u00e9rieur de l'Espagne.","isPartOf":{"@id":"https:\/\/jackpotlotteryonline.com\/#website"},"primaryImageOfPage":{"@id":"https:\/\/jackpotlotteryonline.com\/buy-tickets\/la-primitiva\/#primaryimage"},"image":{"@id":"https:\/\/jackpotlotteryonline.com\/buy-tickets\/la-primitiva\/#primaryimage"},"thumbnailUrl":"https:\/\/jackpotlotteryonline.com\/wp-content\/uploads\/2022\/11\/read1.jpg","datePublished":"2022-11-08T11:29:21+00:00","dateModified":"2022-12-21T14:41:44+00:00","description":"Achetez des billets pour La Primitiva Lotto depuis l'ext\u00e9rieur de l'Espagne, croisez les doigts, attendez et gagnez gros !","breadcrumb":{"@id":"https:\/\/jackpotlotteryonline.com\/buy-tickets\/la-primitiva\/#breadcrumb"},"inLanguage":"fr-FR","potentialAction":[{"@type":"ReadAction","target":["https:\/\/jackpotlotteryonline.com\/buy-tickets\/la-primitiva\/"]}]},{"@type":"ImageObject","inLanguage":"fr-FR","@id":"https:\/\/jackpotlotteryonline.com\/buy-tickets\/la-primitiva\/#primaryimage","url":"https:\/\/jackpotlotteryonline.com\/wp-content\/uploads\/2022\/11\/read1.jpg","contentUrl":"https:\/\/jackpotlotteryonline.com\/wp-content\/uploads\/2022\/11\/read1.jpg"},{"@type":"BreadcrumbList","@id":"https:\/\/jackpotlotteryonline.com\/buy-tickets\/la-primitiva\/#breadcrumb","itemListElement":[{"@type":"ListItem","position":1,"name":"Home","item":"https:\/\/jackpotlotteryonline.com\/fr\/"},{"@type":"ListItem","position":2,"name":"Comment acheter des billets de loterie en ligne","item":"https:\/\/jackpotlotteryonline.com\/fr\/acheter-tickets\/"},{"@type":"ListItem","position":3,"name":"Acheter des billets pour La Primitiva"}]},{"@type":"WebSite","@id":"https:\/\/jackpotlotteryonline.com\/#website","url":"https:\/\/jackpotlotteryonline.com\/","name":"Lotto Online - Crack The International Lottery Jackpots","description":"","potentialAction":[{"@type":"SearchAction","target":{"@type":"EntryPoint","urlTemplate":"https:\/\/jackpotlotteryonline.com\/?s={search_term_string}"},"query-input":"required name=search_term_string"}],"inLanguage":"fr-FR"}]}},"_links":{"self":[{"href":"https:\/\/jackpotlotteryonline.com\/fr\/wp-json\/wp\/v2\/pages\/36723","targetHints":{"allow":["GET"]}}],"collection":[{"href":"https:\/\/jackpotlotteryonline.com\/fr\/wp-json\/wp\/v2\/pages"}],"about":[{"href":"https:\/\/jackpotlotteryonline.com\/fr\/wp-json\/wp\/v2\/types\/page"}],"author":[{"embeddable":true,"href":"https:\/\/jackpotlotteryonline.com\/fr\/wp-json\/wp\/v2\/users\/1"}],"replies":[{"embeddable":true,"href":"https:\/\/jackpotlotteryonline.com\/fr\/wp-json\/wp\/v2\/comments?post=36723"}],"version-history":[{"count":0,"href":"https:\/\/jackpotlotteryonline.com\/fr\/wp-json\/wp\/v2\/pages\/36723\/revisions"}],"up":[{"embeddable":true,"href":"https:\/\/jackpotlotteryonline.com\/fr\/wp-json\/wp\/v2\/pages\/35751"}],"wp:attachment":[{"href":"https:\/\/jackpotlotteryonline.com\/fr\/wp-json\/wp\/v2\/media?parent=36723"}],"curies":[{"name":"wp","href":"https:\/\/api.w.org\/{rel}","templated":true}]}}