{"id":36778,"date":"2022-11-09T06:37:49","date_gmt":"2022-11-09T06:37:49","guid":{"rendered":"https:\/\/jackpotlotteryonline.com\/?page_id=36778"},"modified":"2023-01-03T21:33:25","modified_gmt":"2023-01-03T21:33:25","slug":"lotto-france","status":"publish","type":"page","link":"https:\/\/jackpotlotteryonline.com\/fr\/acheter-tickets\/lotto-france\/","title":{"rendered":"Acheter des tickets de Lotto France"},"content":{"rendered":"<p>Peut-on acheter des billets pour le loto fran\u00e7ais depuis l&#8217;ext\u00e9rieur du pays europ\u00e9en ? Peut-\u00eatre que vous \u00eates un parieur exp\u00e9riment\u00e9 ou un d\u00e9butant et vous vous demandez pourquoi vous seriez int\u00e9ress\u00e9 par cette loterie particuli\u00e8re. Nous allons partager avec vous quelques raisons pour lesquelles nous pensons que la loterie nationale fran\u00e7aise est un jeu formidable \u00e0 jouer. Si vous \u00eates un joueur d&#8217;une autre partie du monde, vous d\u00e9couvrirez \u00e9galement comment acheter des bulletins de participation \u00e0 cette loterie.<\/p>\n<p>La loterie est un jeu de hasard et parfois, vous devez \u00e9tendre votre filet pour attraper de plus gros poissons. En gros, cela signifie que vous devez explorer d&#8217;autres loteries afin d&#8217;augmenter vos chances de gagner. La loterie fran\u00e7aise est une bonne loterie \u00e0 essayer pour de nombreuses raisons et nous allons les \u00e9voquer dans cet article.<\/p>\n<h2>Des montants de jackpot \u00e9tonnants<\/h2>\n<p>\u00c9galement appel\u00e9 France Loto ou Loto tout court, le loto fran\u00e7ais propose des jackpots tr\u00e8s int\u00e9ressants, qui attirent des joueurs du monde entier. Avec un montant de d\u00e9part de 2 millions d&#8217;euros, le jackpot a le potentiel d&#8217;augmenter beaucoup plus s&#8217;il n&#8217;est pas gagn\u00e9 apr\u00e8s chaque tirage.<\/p>\n<p>Le jackpot de la loterie fran\u00e7aise se renouvelle lorsqu&#8217;il n&#8217;y a pas de gagnant et continue d&#8217;augmenter jusqu&#8217;\u00e0 ce qu&#8217;il atteigne un montant substantiel. Lorsque vous jouez \u00e0 cette loterie europ\u00e9enne, vous pouvez \u00eatre le gagnant d&#8217;un jackpot de 11 millions d&#8217;euros ou plus.<\/p>\n<p>Pour situer le contexte, le jackpot augmente d&#8217;un million d&#8217;euros apr\u00e8s chaque tirage et peut augmenter 34 fois de suite avant de s&#8217;arr\u00eater de tourner. Essayez d&#8217;imaginer combien cela peut repr\u00e9senter, et assez rapidement.<\/p>\n<h2>Plusieurs tirages par semaine<\/h2>\n<p>Si le jackpot augmente si rapidement, c&#8217;est en raison du nombre de tirages. <a href=\"https:\/\/jackpotlotteryonline.com\/fr\/numeros-gagnants\/france-lotto-2\">La loterie fran\u00e7aise propose trois tirages par semaine<\/a>, ce qui donne aux joueurs plusieurs chances de gagner gros. Les tirages ont lieu le lundi, le mercredi et le samedi.<\/p>\n<p>Si vous d\u00e9cidez de participer \u00e0 cette loterie, nous vous recommandons de participer \u00e0 plusieurs tirages car c&#8217;est un excellent moyen d&#8217;augmenter vos chances de gagner.<\/p>\n<h2>10 cat\u00e9gories de prix diff\u00e9rentes<\/h2>\n<p><img loading=\"lazy\" decoding=\"async\" class=\"alignright size-full wp-image-30344\" src=\"https:\/\/jackpotlotteryonline.com\/wp-content\/uploads\/2022\/11\/1_winning_numbers_euromillions.jpg\" alt=\"Cat\u00e9gorie de prix de la loterie fran\u00e7aise\" width=\"300\" height=\"300\" srcset=\"https:\/\/jackpotlotteryonline.com\/wp-content\/uploads\/2022\/11\/1_winning_numbers_euromillions.jpg 300w, https:\/\/jackpotlotteryonline.com\/wp-content\/uploads\/2022\/11\/1_winning_numbers_euromillions-100x100.jpg 100w, https:\/\/jackpotlotteryonline.com\/wp-content\/uploads\/2022\/11\/1_winning_numbers_euromillions-150x150.jpg 150w\" sizes=\"auto, (max-width: 300px) 100vw, 300px\" \/><\/p>\n<p>Le prix du jackpot est attrayant, mais ce n&#8217;est pas la seule chose que vous pouvez gagner lorsque vous<a href=\"https:\/\/jackpotlotteryonline.com\/fr\/comment-jouer\/france-lotto\"> jouez au loto fran\u00e7ais<\/a>. Cette loterie, qui a \u00e9t\u00e9 cr\u00e9\u00e9e en 1978, propose dix cat\u00e9gories de prix diff\u00e9rentes. Il y a m\u00eame un prix pour avoir trouv\u00e9 le num\u00e9ro chance.<\/p>\n<p>Les cat\u00e9gories de prix sont \u00e9num\u00e9r\u00e9es ci-dessous.<\/p>\n<p>5 num\u00e9ros + num\u00e9ro al\u00e9atoire &#8211; Jackpot<br \/>\n5 num\u00e9ros identiques seulement &#8211; 8,44 % de la cagnotte<br \/>\n4 num\u00e9ros + num\u00e9ro al\u00e9atoire &#8211; 2,06 % de la cagnotte<br \/>\nMatch 4 num\u00e9ros seulement &#8211; 7,43% de la cagnotte<br \/>\nMatch 3 num\u00e9ros + num\u00e9ro chance &#8211; 4.44% de la cagnotte<br \/>\nMatch de 3 num\u00e9ros seulement &#8211; 15,98 % de la cagnotte<br \/>\nMatch 2 num\u00e9ros + num\u00e9ro chance &#8211; 12,43% de la cagnotte<br \/>\nMatch 2 num\u00e9ros seulement &#8211; 49,22% de la cagnotte<br \/>\nNum\u00e9ro 1 + num\u00e9ro al\u00e9atoire &#8211; 2,20 euros<br \/>\nNum\u00e9ro al\u00e9atoire uniquement &#8211; 2,20<\/p>\n<h2>Facilit\u00e9 de jeu en ligne et hors ligne<\/h2>\n<p>Une autre raison d&#8217;envisager de jouer \u00e0 la loterie fran\u00e7aise est qu&#8217;il est assez facile de participer \u00e0 la loterie. Si vous habitez en France, il vous suffit de vous rendre chez un vendeur de loterie agr\u00e9\u00e9 pour acheter un bulletin de loterie. Sur le bulletin, vous devez choisir 5 num\u00e9ros principaux et un num\u00e9ro al\u00e9atoire. Vous pouvez choisir plus d&#8217;une ligne de num\u00e9ros pour augmenter vos chances de gagner \u00e0 la loterie.<\/p>\n<p>Si vous habitez hors de France, il est plus difficile de participer \u00e0 la loterie. Vous ne pouvez pas entrer dans un magasin pour acheter des billets de loterie pour cette loterie, l&#8217;option est donc d&#8217;acheter des billets en ligne. Si vous participez \u00e0 la loterie par Internet, le m\u00eame principe s&#8217;applique. Vous devez choisir 5 num\u00e9ros principaux et un num\u00e9ro al\u00e9atoire.<\/p>\n<p>Que vous jouiez \u00e0 la loterie hors ligne ou en ligne, vous devez choisir le nombre de tirages auxquels vous souhaitez participer. A la fin des tirages, le ticket qui correspond aux num\u00e9ros tir\u00e9s gagne la loterie.<\/p>\n<section class=\"layout\" style=\"border: solid 1px; width: 100%;\">\n<div class=\"img-div\" style=\"margin-top: 5px;\"><img decoding=\"async\" class=\"wp-image-17212 alignleft\" style=\"height: 45px; margin: 8px 8px 0px;\" src=\"https:\/\/jackpotlotteryonline.com\/wp-content\/uploads\/2022\/11\/read1.jpg\" alt=\"lire\" width=\"\" height=\"\" \/><\/div>\n<div style=\"padding-left: 5px;\">\n<div style=\"font-size: 1.1em;\">\n<p><strong>Regardez vos num\u00e9ros de loterie \u00eatre tir\u00e9s en direct<\/strong><\/p>\n<p style=\"font-size: 0.85em; margin-top: -1.5em;\">Comment regarder les tirages en direct de vos loteries pr\u00e9f\u00e9r\u00e9es ?\u00a0\u00a0 <a href=\"https:\/\/jackpotlotteryonline.com\/fr\/regardez-vos-numeros-de-loterie-etre-tires-en-direct\"> en savoir plus<\/a><\/p>\n<\/div>\n<\/div>\n<\/section>\n<h2>Jouer au loto fran\u00e7ais avec jackpotlotteryonline.com<\/h2>\n<p>Si vous n&#8217;avez jamais jou\u00e9 \u00e0 la loterie sur Internet, les choses peuvent vite devenir tr\u00e8s compliqu\u00e9es. Comment faire le tri entre tous les diff\u00e9rents sites qui pr\u00e9tendent vendre des billets de loterie et les vendeurs authentiques ? C&#8217;est tr\u00e8s simple. Recherchez un site qui offre des services de conciergerie.<\/p>\n<p>Sur jackpotlotteryoneline.com, nous offrons des services de conciergerie \u00e0 nos clients afin de leur garantir l&#8217;acc\u00e8s aux loteries de leur choix. Lorsque vous achetez une inscription sur notre site, nos agents en France ach\u00e8tent des bulletins physiques avec le num\u00e9ro que vous avez choisi.<\/p>\n<p>Cela permet de s&#8217;assurer que vous ne pariez pas seulement sur le r\u00e9sultat de la loterie, mais que vous participez bien aux tirages pour avoir une chance de gagner le jackpot.<\/p>\n<h2>Conseils pour augmenter vos chances de gagner<\/h2>\n<p><img loading=\"lazy\" decoding=\"async\" class=\"alignright size-full wp-image-35051\" src=\"https:\/\/jackpotlotteryonline.com\/wp-content\/uploads\/2022\/11\/2_ticket_saturday_lotto_au-1-166x300-1.jpg\" alt=\"Billets de loterie en France\" width=\"166\" height=\"300\" \/><\/p>\n<p>La loterie est un jeu de chiffres. Plus vous jouez, plus vous avez de chances de gagner. Un grand pourcentage de gagnants de la loterie ont r\u00e9v\u00e9l\u00e9 qu&#8217;ils avaient jou\u00e9 pendant plusieurs ann\u00e9es avant de gagner. Voici donc quelques moyens d&#8217;augmenter vos chances de gagner \u00e0 la loterie.<\/p>\n<ul>\n<li>Achetez plusieurs bulletins de participation \u00e0 la loterie. Cela semble \u00e9vident, mais certaines personnes ach\u00e8tent un seul bulletin de participation pour un seul tirage et sont ensuite d\u00e9\u00e7ues de ne pas avoir gagn\u00e9. Si vous voulez augmenter vos chances de gagner, vous devez acheter plusieurs bulletins de participation.<\/li>\n<li>Participez \u00e9galement \u00e0 plusieurs tirages. La logique est la m\u00eame pour les tirages. Plus vous participez \u00e0 des tirages, plus vous avez de chances de gagner gros.<\/li>\n<li>Essayez de rejoindre un syndicat de loterie. Il s&#8217;agit d&#8217;un groupe de personnes qui se r\u00e9unissent pour mettre en commun leurs ressources afin de pouvoir jouer \u00e0 la loterie. Gr\u00e2ce \u00e0 la mise en commun de leurs ressources, ils peuvent acheter plus de bulletins de participation et participer \u00e0 plusieurs tirages. Il est int\u00e9ressant de noter que de nombreux syndicats de loterie ont remport\u00e9 d&#8217;incroyables jackpots au fil des ans, c&#8217;est donc une bonne option \u00e0 essayer.<\/li>\n<li>Croyez que vous allez gagner. La loi de l&#8217;attraction existe et de nombreux gagnants du loto vous diront qu&#8217;ils avaient la conviction qu&#8217;ils gagneraient au loto. Si vous comptez passer du temps \u00e0 jouer \u00e0 la loterie, il est bon d&#8217;avoir la ferme conviction que vous allez gagner.<\/li>\n<li>N&#8217;abandonnez pas. Il est tentant d&#8217;abandonner lorsque vous jouez plusieurs fois sans gagner. Mais si vous voulez vraiment gagner gros, vous devez \u00eatre constant. Ne misez que ce que vous pouvez vous permettre.<\/li>\n<li>N&#8217;oubliez pas de vous amuser lorsque vous jouez \u00e0 la loterie. En fin de compte, il s&#8217;agit toujours d&#8217;un jeu et tant que vous appr\u00e9ciez l&#8217;exp\u00e9rience, cela en vaut la peine.<\/li>\n<\/ul>\n<h2>Achetez vos tickets de loto fran\u00e7ais maintenant<\/h2>\n<p>Si, comme nous, vous \u00eates enthousiasm\u00e9 par la loterie fran\u00e7aise, il est temps d&#8217;acheter vos tickets de loterie. Heureusement, l&#8217;endroit o\u00f9 vous vivez n&#8217;a plus d&#8217;importance puisque vous pouvez acheter vos tickets en ligne.<\/p>\n<p>Lorsque vous vous inscrivez chez nous, vous n&#8217;avez pas \u00e0 vous inqui\u00e9ter de perdre vos billets ou d&#8217;oublier de v\u00e9rifier les r\u00e9sultats. Nous nous occupons de tout cela pour vous et vous avertissons de vos gains \u00e9ventuels. Vous pouvez \u00e9galement retirer vos gains facilement via notre plateforme.<\/p>\n<p>Jouer \u00e0 la loterie est une exp\u00e9rience transparente et sans stress lorsque vous jouez sur notre site. Vous ne savez jamais si c&#8217;est le jour o\u00f9 la chance sera de votre c\u00f4t\u00e9. Alors pourquoi ne pas vous inscrire chez nous d\u00e8s aujourd&#8217;hui pour acheter des tickets pour le loto fran\u00e7ais ?<\/p>\n","protected":false},"excerpt":{"rendered":"<p>Peut-on acheter des billets pour le loto fran\u00e7ais depuis l&#8217;ext\u00e9rieur du pays europ\u00e9en ? Peut-\u00eatre que vous \u00eates un parieur exp\u00e9riment\u00e9 ou un d\u00e9butant et vous vous demandez pourquoi vous seriez int\u00e9ress\u00e9 par cette loterie particuli\u00e8re. Nous allons partager avec vous quelques raisons pour lesquelles nous pensons que la loterie nationale fran\u00e7aise est un jeu [&hellip;]<\/p>\n","protected":false},"author":1,"featured_media":0,"parent":35751,"menu_order":9,"comment_status":"closed","ping_status":"closed","template":"lotto-fr-info.php","meta":{"_et_pb_use_builder":"","_et_pb_old_content":"","_et_gb_content_width":"","exclude_from_search":false,"footnotes":""},"class_list":["post-36778","page","type-page","status-publish","hentry"],"yoast_head":"<!-- This site is optimized with the Yoast SEO plugin v23.3 - https:\/\/yoast.com\/wordpress\/plugins\/seo\/ -->\n<title>Acheter des billets pour le loto fran\u00e7ais depuis l&#039;\u00e9tranger | Obtenir des billets du loto fran\u00e7ais en ligne.<\/title>\n<meta name=\"description\" content=\"Pour acheter des billets pour le Loto fran\u00e7ais, vous n&#039;avez pas besoin d&#039;\u00eatre en France. Obtenez vos billets pour la loterie fran\u00e7aise en ligne ici !\" \/>\n<meta name=\"robots\" content=\"index, follow, max-snippet:-1, max-image-preview:large, max-video-preview:-1\" \/>\n<link rel=\"canonical\" href=\"https:\/\/jackpotlotteryonline.com\/fr\/acheter-tickets\/lotto-france\/\" \/>\n<meta property=\"og:locale\" content=\"fr_FR\" \/>\n<meta property=\"og:type\" content=\"article\" \/>\n<meta property=\"og:title\" content=\"Acheter des billets pour le loto fran\u00e7ais depuis l&#039;\u00e9tranger | Obtenir des billets du loto fran\u00e7ais en ligne.\" \/>\n<meta property=\"og:description\" content=\"Pour acheter des billets pour le Loto fran\u00e7ais, vous n&#039;avez pas besoin d&#039;\u00eatre en France. Obtenez vos billets pour la loterie fran\u00e7aise en ligne ici !\" \/>\n<meta property=\"og:url\" content=\"https:\/\/jackpotlotteryonline.com\/fr\/acheter-tickets\/lotto-france\/\" \/>\n<meta property=\"og:site_name\" content=\"Lotto Online - Crack The International Lottery Jackpots\" \/>\n<meta property=\"article:modified_time\" content=\"2023-01-03T21:33:25+00:00\" \/>\n<meta property=\"og:image\" content=\"https:\/\/jackpotlotteryonline.com\/wp-content\/uploads\/2022\/11\/1_winning_numbers_euromillions.jpg\" \/>\n<meta name=\"twitter:card\" content=\"summary_large_image\" \/>\n<meta name=\"twitter:label1\" content=\"Dur\u00e9e de lecture estim\u00e9e\" \/>\n\t<meta name=\"twitter:data1\" content=\"7 minutes\" \/>\n<!-- \/ Yoast SEO plugin. -->","yoast_head_json":{"title":"Acheter des billets pour le loto fran\u00e7ais depuis l'\u00e9tranger | Obtenir des billets du loto fran\u00e7ais en ligne.","description":"Pour acheter des billets pour le Loto fran\u00e7ais, vous n'avez pas besoin d'\u00eatre en France. Obtenez vos billets pour la loterie fran\u00e7aise en ligne ici !","robots":{"index":"index","follow":"follow","max-snippet":"max-snippet:-1","max-image-preview":"max-image-preview:large","max-video-preview":"max-video-preview:-1"},"canonical":"https:\/\/jackpotlotteryonline.com\/fr\/acheter-tickets\/lotto-france\/","og_locale":"fr_FR","og_type":"article","og_title":"Acheter des billets pour le loto fran\u00e7ais depuis l'\u00e9tranger | Obtenir des billets du loto fran\u00e7ais en ligne.","og_description":"Pour acheter des billets pour le Loto fran\u00e7ais, vous n'avez pas besoin d'\u00eatre en France. Obtenez vos billets pour la loterie fran\u00e7aise en ligne ici !","og_url":"https:\/\/jackpotlotteryonline.com\/fr\/acheter-tickets\/lotto-france\/","og_site_name":"Lotto Online - Crack The International Lottery Jackpots","article_modified_time":"2023-01-03T21:33:25+00:00","og_image":[{"url":"https:\/\/jackpotlotteryonline.com\/wp-content\/uploads\/2022\/11\/1_winning_numbers_euromillions.jpg"}],"twitter_card":"summary_large_image","twitter_misc":{"Dur\u00e9e de lecture estim\u00e9e":"7 minutes"},"schema":{"@context":"https:\/\/schema.org","@graph":[{"@type":"WebPage","@id":"https:\/\/jackpotlotteryonline.com\/fr\/acheter-tickets\/lotto-france\/","url":"https:\/\/jackpotlotteryonline.com\/fr\/acheter-tickets\/lotto-france\/","name":"Acheter des billets pour le loto fran\u00e7ais depuis l'\u00e9tranger | Obtenir des billets du loto fran\u00e7ais en ligne.","isPartOf":{"@id":"https:\/\/jackpotlotteryonline.com\/#website"},"primaryImageOfPage":{"@id":"https:\/\/jackpotlotteryonline.com\/fr\/acheter-tickets\/lotto-france\/#primaryimage"},"image":{"@id":"https:\/\/jackpotlotteryonline.com\/fr\/acheter-tickets\/lotto-france\/#primaryimage"},"thumbnailUrl":"https:\/\/jackpotlotteryonline.com\/wp-content\/uploads\/2022\/11\/1_winning_numbers_euromillions.jpg","datePublished":"2022-11-09T06:37:49+00:00","dateModified":"2023-01-03T21:33:25+00:00","description":"Pour acheter des billets pour le Loto fran\u00e7ais, vous n'avez pas besoin d'\u00eatre en France. Obtenez vos billets pour la loterie fran\u00e7aise en ligne ici !","breadcrumb":{"@id":"https:\/\/jackpotlotteryonline.com\/fr\/acheter-tickets\/lotto-france\/#breadcrumb"},"inLanguage":"fr-FR","potentialAction":[{"@type":"ReadAction","target":["https:\/\/jackpotlotteryonline.com\/fr\/acheter-tickets\/lotto-france\/"]}]},{"@type":"ImageObject","inLanguage":"fr-FR","@id":"https:\/\/jackpotlotteryonline.com\/fr\/acheter-tickets\/lotto-france\/#primaryimage","url":"https:\/\/jackpotlotteryonline.com\/wp-content\/uploads\/2022\/11\/1_winning_numbers_euromillions.jpg","contentUrl":"https:\/\/jackpotlotteryonline.com\/wp-content\/uploads\/2022\/11\/1_winning_numbers_euromillions.jpg"},{"@type":"BreadcrumbList","@id":"https:\/\/jackpotlotteryonline.com\/fr\/acheter-tickets\/lotto-france\/#breadcrumb","itemListElement":[{"@type":"ListItem","position":1,"name":"Home","item":"https:\/\/jackpotlotteryonline.com\/fr\/"},{"@type":"ListItem","position":2,"name":"Comment acheter des billets de loterie en ligne","item":"https:\/\/jackpotlotteryonline.com\/fr\/acheter-tickets\/"},{"@type":"ListItem","position":3,"name":"Acheter des tickets de Lotto France"}]},{"@type":"WebSite","@id":"https:\/\/jackpotlotteryonline.com\/#website","url":"https:\/\/jackpotlotteryonline.com\/","name":"Lotto Online - Crack The International Lottery Jackpots","description":"","potentialAction":[{"@type":"SearchAction","target":{"@type":"EntryPoint","urlTemplate":"https:\/\/jackpotlotteryonline.com\/?s={search_term_string}"},"query-input":"required name=search_term_string"}],"inLanguage":"fr-FR"}]}},"_links":{"self":[{"href":"https:\/\/jackpotlotteryonline.com\/fr\/wp-json\/wp\/v2\/pages\/36778","targetHints":{"allow":["GET"]}}],"collection":[{"href":"https:\/\/jackpotlotteryonline.com\/fr\/wp-json\/wp\/v2\/pages"}],"about":[{"href":"https:\/\/jackpotlotteryonline.com\/fr\/wp-json\/wp\/v2\/types\/page"}],"author":[{"embeddable":true,"href":"https:\/\/jackpotlotteryonline.com\/fr\/wp-json\/wp\/v2\/users\/1"}],"replies":[{"embeddable":true,"href":"https:\/\/jackpotlotteryonline.com\/fr\/wp-json\/wp\/v2\/comments?post=36778"}],"version-history":[{"count":0,"href":"https:\/\/jackpotlotteryonline.com\/fr\/wp-json\/wp\/v2\/pages\/36778\/revisions"}],"up":[{"embeddable":true,"href":"https:\/\/jackpotlotteryonline.com\/fr\/wp-json\/wp\/v2\/pages\/35751"}],"wp:attachment":[{"href":"https:\/\/jackpotlotteryonline.com\/fr\/wp-json\/wp\/v2\/media?parent=36778"}],"curies":[{"name":"wp","href":"https:\/\/api.w.org\/{rel}","templated":true}]}}