{"id":36830,"date":"2022-11-09T08:26:11","date_gmt":"2022-11-09T08:26:11","guid":{"rendered":"https:\/\/jackpotlotteryonline.com\/?page_id=36830"},"modified":"2023-01-04T09:05:06","modified_gmt":"2023-01-04T09:05:06","slug":"lotto-america","status":"publish","type":"page","link":"https:\/\/jackpotlotteryonline.com\/fr\/acheter-tickets\/lotto-america\/","title":{"rendered":"Billets de Lotto America en ligne"},"content":{"rendered":"<p>En mars 2018, une famille a remport\u00e9 le jackpot de 23 millions de dollars de Lotto America. C&#8217;est le prix le plus \u00e9lev\u00e9 qu&#8217;un joueur ait gagn\u00e9 jusqu&#8217;\u00e0 pr\u00e9sent, cependant cela a attir\u00e9 l&#8217;attention sur cette loterie. Cr\u00e9\u00e9e en 1988 par sept \u00c9tats am\u00e9ricains, plusieurs autres \u00c9tats ont rejoint la loterie. Au fil des ans, elle a produit plusieurs millionnaires.<\/p>\n<p>Vous pouvez acheter des billets pour cette loterie dans n&#8217;importe lequel des \u00c9tats participants. Il est int\u00e9ressant de noter que ce n&#8217;est pas la seule loterie des Etats-Unis d&#8217;Am\u00e9rique, mais elle a toujours attir\u00e9 des joueurs de partout. Si vous \u00eates un joueur en dehors de l&#8217;Am\u00e9rique du Nord, vous vous demandez peut-\u00eatre comment acheter des billets pour cette loterie.<\/p>\n<p>Nous vous guiderons pour <a href=\"https:\/\/jackpotlotteryonline.com\/fr\/comment-jouer\/lotto-america-2\">jouer avec succ\u00e8s \u00e0 cette loterie depuis l&#8217;ext\u00e9rieur des Etats-Unis<\/a>. Nous ferons \u00e9galement de notre mieux pour r\u00e9pondre \u00e0 toutes les questions que vous pourriez avoir sur Lotto America et sur la fa\u00e7on de participer \u00e0 la loterie.<\/p>\n<h2>Comment fonctionne la loterie ?<\/h2>\n<p><img loading=\"lazy\" decoding=\"async\" class=\"size-full wp-image-29993 alignright\" src=\"https:\/\/jackpotlotteryonline.com\/wp-content\/uploads\/2022\/11\/1_win_lottery_usa_online.jpg\" alt=\"Billets de Lotto America en ligne\" width=\"300\" height=\"200\" \/><\/p>\n<p>Comme la plupart des jeux de loterie, il s&#8217;agit d&#8217;un jeu de chiffres \u00e0 plus d&#8217;un titre. Il s&#8217;agit d&#8217;un jeu de chiffres dans la mesure o\u00f9 les joueurs n&#8217;ont pas de grandes chances de gagner. Mais c&#8217;est la loterie et on ne peut pas dire quand la chance favorisera un joueur. C&#8217;est aussi un jeu de chiffres dans la fa\u00e7on dont le jeu est jou\u00e9.<\/p>\n<p>Pour cette loterie am\u00e9ricaine, les joueurs doivent choisir cinq num\u00e9ros principaux entre 1 et 52. Vous devez \u00e9galement choisir un num\u00e9ro de Star Ball entre 1 et 10. Cela repr\u00e9sente un total de 6 num\u00e9ros. Si vous n&#8217;\u00eates pas s\u00fbr des num\u00e9ros \u00e0 choisir, vous pouvez utiliser un s\u00e9lecteur automatique pour acc\u00e9l\u00e9rer le processus. Vous pouvez \u00e9galement choisir plusieurs lignes de num\u00e9ros pour augmenter vos chances de gagner.<\/p>\n<p>Ensuite, vous s\u00e9lectionnez le nombre de tirages auxquels vous souhaitez participer. Cette loterie am\u00e9ricaine organise trois tirages par semaine, les lundi, mercredi et samedi. Vous pouvez participer \u00e0 plusieurs tirages.<\/p>\n<h2>Jouer au All Star Bonus<\/h2>\n<p>Le All Star Bonus est un moyen de multiplier vos gains. Lorsque vous choisissez vos num\u00e9ros, vous pouvez inclure le bonus All Star pour un co\u00fbt suppl\u00e9mentaire. Cette option est particuli\u00e8rement utile pour les personnes qui gagnent des prix dans les autres cat\u00e9gories, car elle peut augmenter consid\u00e9rablement leurs gains.<\/p>\n<p>Le bonus All Star est choisi au hasard et annonc\u00e9<a href=\"https:\/\/jackpotlotteryonline.com\/fr\/numeros-gagnants\/lotto-america\"> le jour du tirage<\/a>. Notez que vous ne pouvez pas l&#8217;inclure apr\u00e8s avoir effectu\u00e9 votre achat. Il doit \u00eatre inclus dans l&#8217;achat du billet.<\/p>\n<section class=\"layout\" style=\"border: solid 1px; width: 100%;\">\n<div class=\"img-div\" style=\"margin-top: 5px;\"><img decoding=\"async\" class=\"wp-image-17212 alignleft\" style=\"height: 45px; margin: 8px 8px 0px;\" src=\"https:\/\/jackpotlotteryonline.com\/wp-content\/uploads\/2022\/11\/read1.jpg\" alt=\"lire\" width=\"\" height=\"\" \/><\/div>\n<div style=\"padding-left: 5px;\">\n<div style=\"font-size: 1.1em;\">\n<p><strong>Certains gagnants du loto ont redonn\u00e9 \u00e0 la communaut\u00e9<\/strong><\/p>\n<p style=\"font-size: 0.85em; margin-top: -1.5em;\">Quelques histoires int\u00e9ressantes et r\u00e9confortantes sur des gagnants de la loterie qui redonnent de l&#8217;argent <a href=\"https:\/\/jackpotlotteryonline.com\/fr\/histoires-de-gagnants-de-la-loterie-qui-donnent-en-retour\">\u00a0en savoir plus<\/a><\/p>\n<\/div>\n<\/div>\n<\/section>\n<h2>Gagner le jackpot<\/h2>\n<p>Le jackpot commence \u00e0 2 millions de dollars. S&#8217;il n&#8217;y a pas de gagnant apr\u00e8s un tirage, il est report\u00e9 au tirage suivant. Il continue \u00e0 se renouveler jusqu&#8217;\u00e0 ce qu&#8217;il atteigne 10 millions de dollars. Comme nous l&#8217;avons mentionn\u00e9 au d\u00e9but, il peut d\u00e9passer largement les 10 millions de dollars.<\/p>\n<p>Il est utile de noter que le jackpot n&#8217;est pas le seul prix qu&#8217;un joueur peut gagner en jouant \u00e0 cette loterie am\u00e9ricaine. Il y a huit autres niveaux de prix, y compris un prix simplement pour avoir trouv\u00e9 la boule \u00e9toil\u00e9e. Associ\u00e9 au bonus All Star, un joueur qui remporte un prix subsidiaire peut rentrer chez lui beaucoup plus riche.<\/p>\n<h2>Quand vous gagnez<\/h2>\n<p>Selon le site Web de Lotto America, vous ne pouvez r\u00e9clamer un prix que dans l&#8217;\u00c9tat o\u00f9 vous avez gagn\u00e9. Ainsi, si vous avez achet\u00e9 votre billet dans le Maine, par exemple, vous devrez vous rendre dans cet \u00c9tat pour r\u00e9clamer votre gain. Cependant, si vous vivez en dehors des \u00c9tats-Unis, les choses sont l\u00e9g\u00e8rement diff\u00e9rentes.<\/p>\n<h3>Comment acheter des billets de lotto America en dehors des \u00c9tats-Unis ?<\/h3>\n<p><img loading=\"lazy\" decoding=\"async\" class=\"alignright size-medium wp-image-34079\" src=\"https:\/\/jackpotlotteryonline.com\/wp-content\/uploads\/2022\/11\/2_ticket_mon_wed_lotto_au-176x300.jpg\" alt=\"Billets de Lotto America depuis l'ext\u00e9rieur des \u00c9tats-Unis\" width=\"176\" height=\"300\" srcset=\"https:\/\/jackpotlotteryonline.com\/wp-content\/uploads\/2022\/11\/2_ticket_mon_wed_lotto_au-176x300.jpg 176w, https:\/\/jackpotlotteryonline.com\/wp-content\/uploads\/2022\/11\/2_ticket_mon_wed_lotto_au.jpg 250w\" sizes=\"auto, (max-width: 176px) 100vw, 176px\" \/><\/p>\n<p>Il n&#8217;y a que deux fa\u00e7ons de participer \u00e0 cette loterie. La premi\u00e8re consiste \u00e0 acheter un billet aupr\u00e8s d&#8217;un vendeur dans l&#8217;un des \u00c9tats o\u00f9 les billets sont vendus. La deuxi\u00e8me option consiste \u00e0 acc\u00e9der \u00e0 la loterie par Internet. De plus en plus de parieurs participent aux loteries internationales en ligne.<\/p>\n<p>Il existe des sites de loterie qui donnent aux joueurs un acc\u00e8s l\u00e9gitime aux loteries du monde entier. Avant de fr\u00e9quenter l&#8217;un de ces sites, il est important, tout d&#8217;abord, de savoir s&#8217;il s&#8217;agit d&#8217;un site de conciergerie. Ceci afin d&#8217;\u00e9viter que vous ne vous retrouviez \u00e0 parier sur les r\u00e9sultats de la loterie au lieu de participer \u00e0 la loterie.<\/p>\n<p>Lorsque vous achetez votre billet de loterie chez nous, vous avez acc\u00e8s \u00e0 la loterie de votre choix. Nous g\u00e9rons un service de conciergerie avec des agents dans le monde entier. Une fois que vous aurez achet\u00e9 votre billet en ligne, nos agents dans ce pays recevront \u00e9galement un bulletin physique avec les num\u00e9ros correspondants. O\u00f9 que vous soyez, vous pouvez \u00eatre s\u00fbr que vous avez une chance de gagner gros.<\/p>\n","protected":false},"excerpt":{"rendered":"<p>En mars 2018, une famille a remport\u00e9 le jackpot de 23 millions de dollars de Lotto America. C&#8217;est le prix le plus \u00e9lev\u00e9 qu&#8217;un joueur ait gagn\u00e9 jusqu&#8217;\u00e0 pr\u00e9sent, cependant cela a attir\u00e9 l&#8217;attention sur cette loterie. Cr\u00e9\u00e9e en 1988 par sept \u00c9tats am\u00e9ricains, plusieurs autres \u00c9tats ont rejoint la loterie. Au fil des ans, [&hellip;]<\/p>\n","protected":false},"author":1,"featured_media":0,"parent":35751,"menu_order":13,"comment_status":"closed","ping_status":"closed","template":"lotto-america-info.php","meta":{"_et_pb_use_builder":"","_et_pb_old_content":"","_et_gb_content_width":"","exclude_from_search":false,"footnotes":""},"class_list":["post-36830","page","type-page","status-publish","hentry"],"yoast_head":"<!-- This site is optimized with the Yoast SEO plugin v23.3 - https:\/\/yoast.com\/wordpress\/plugins\/seo\/ -->\n<title>Acheter des billets de Lotto America en dehors des \u00c9tats-Unis | Lotto America en ligne<\/title>\n<meta name=\"description\" content=\"Lotto America peut \u00eatre jou\u00e9 depuis l&#039;ext\u00e9rieur des \u00c9tats-Unis - il suffit d&#039;acheter votre billet de Lotto America par le biais de notre service de billets en ligne.\" \/>\n<meta name=\"robots\" content=\"index, follow, max-snippet:-1, max-image-preview:large, max-video-preview:-1\" \/>\n<link rel=\"canonical\" href=\"https:\/\/jackpotlotteryonline.com\/fr\/acheter-tickets\/lotto-america\/\" \/>\n<meta property=\"og:locale\" content=\"fr_FR\" \/>\n<meta property=\"og:type\" content=\"article\" \/>\n<meta property=\"og:title\" content=\"Acheter des billets de Lotto America en dehors des \u00c9tats-Unis | Lotto America en ligne\" \/>\n<meta property=\"og:description\" content=\"Lotto America peut \u00eatre jou\u00e9 depuis l&#039;ext\u00e9rieur des \u00c9tats-Unis - il suffit d&#039;acheter votre billet de Lotto America par le biais de notre service de billets en ligne.\" \/>\n<meta property=\"og:url\" content=\"https:\/\/jackpotlotteryonline.com\/fr\/acheter-tickets\/lotto-america\/\" \/>\n<meta property=\"og:site_name\" content=\"Lotto Online - Crack The International Lottery Jackpots\" \/>\n<meta property=\"article:modified_time\" content=\"2023-01-04T09:05:06+00:00\" \/>\n<meta property=\"og:image\" content=\"https:\/\/jackpotlotteryonline.com\/wp-content\/uploads\/2022\/11\/1_win_lottery_usa_online.jpg\" \/>\n<meta name=\"twitter:card\" content=\"summary_large_image\" \/>\n<meta name=\"twitter:label1\" content=\"Dur\u00e9e de lecture estim\u00e9e\" \/>\n\t<meta name=\"twitter:data1\" content=\"5 minutes\" \/>\n<!-- \/ Yoast SEO plugin. -->","yoast_head_json":{"title":"Acheter des billets de Lotto America en dehors des \u00c9tats-Unis | Lotto America en ligne","description":"Lotto America peut \u00eatre jou\u00e9 depuis l'ext\u00e9rieur des \u00c9tats-Unis - il suffit d'acheter votre billet de Lotto America par le biais de notre service de billets en ligne.","robots":{"index":"index","follow":"follow","max-snippet":"max-snippet:-1","max-image-preview":"max-image-preview:large","max-video-preview":"max-video-preview:-1"},"canonical":"https:\/\/jackpotlotteryonline.com\/fr\/acheter-tickets\/lotto-america\/","og_locale":"fr_FR","og_type":"article","og_title":"Acheter des billets de Lotto America en dehors des \u00c9tats-Unis | Lotto America en ligne","og_description":"Lotto America peut \u00eatre jou\u00e9 depuis l'ext\u00e9rieur des \u00c9tats-Unis - il suffit d'acheter votre billet de Lotto America par le biais de notre service de billets en ligne.","og_url":"https:\/\/jackpotlotteryonline.com\/fr\/acheter-tickets\/lotto-america\/","og_site_name":"Lotto Online - Crack The International Lottery Jackpots","article_modified_time":"2023-01-04T09:05:06+00:00","og_image":[{"url":"https:\/\/jackpotlotteryonline.com\/wp-content\/uploads\/2022\/11\/1_win_lottery_usa_online.jpg"}],"twitter_card":"summary_large_image","twitter_misc":{"Dur\u00e9e de lecture estim\u00e9e":"5 minutes"},"schema":{"@context":"https:\/\/schema.org","@graph":[{"@type":"WebPage","@id":"https:\/\/jackpotlotteryonline.com\/fr\/acheter-tickets\/lotto-america\/","url":"https:\/\/jackpotlotteryonline.com\/fr\/acheter-tickets\/lotto-america\/","name":"Acheter des billets de Lotto America en dehors des \u00c9tats-Unis | Lotto America en ligne","isPartOf":{"@id":"https:\/\/jackpotlotteryonline.com\/#website"},"primaryImageOfPage":{"@id":"https:\/\/jackpotlotteryonline.com\/fr\/acheter-tickets\/lotto-america\/#primaryimage"},"image":{"@id":"https:\/\/jackpotlotteryonline.com\/fr\/acheter-tickets\/lotto-america\/#primaryimage"},"thumbnailUrl":"https:\/\/jackpotlotteryonline.com\/wp-content\/uploads\/2022\/11\/1_win_lottery_usa_online.jpg","datePublished":"2022-11-09T08:26:11+00:00","dateModified":"2023-01-04T09:05:06+00:00","description":"Lotto America peut \u00eatre jou\u00e9 depuis l'ext\u00e9rieur des \u00c9tats-Unis - il suffit d'acheter votre billet de Lotto America par le biais de notre service de billets en ligne.","breadcrumb":{"@id":"https:\/\/jackpotlotteryonline.com\/fr\/acheter-tickets\/lotto-america\/#breadcrumb"},"inLanguage":"fr-FR","potentialAction":[{"@type":"ReadAction","target":["https:\/\/jackpotlotteryonline.com\/fr\/acheter-tickets\/lotto-america\/"]}]},{"@type":"ImageObject","inLanguage":"fr-FR","@id":"https:\/\/jackpotlotteryonline.com\/fr\/acheter-tickets\/lotto-america\/#primaryimage","url":"https:\/\/jackpotlotteryonline.com\/wp-content\/uploads\/2022\/11\/1_win_lottery_usa_online.jpg","contentUrl":"https:\/\/jackpotlotteryonline.com\/wp-content\/uploads\/2022\/11\/1_win_lottery_usa_online.jpg"},{"@type":"BreadcrumbList","@id":"https:\/\/jackpotlotteryonline.com\/fr\/acheter-tickets\/lotto-america\/#breadcrumb","itemListElement":[{"@type":"ListItem","position":1,"name":"Home","item":"https:\/\/jackpotlotteryonline.com\/fr\/"},{"@type":"ListItem","position":2,"name":"Comment acheter des billets de loterie en ligne","item":"https:\/\/jackpotlotteryonline.com\/fr\/acheter-tickets\/"},{"@type":"ListItem","position":3,"name":"Billets de Lotto America en ligne"}]},{"@type":"WebSite","@id":"https:\/\/jackpotlotteryonline.com\/#website","url":"https:\/\/jackpotlotteryonline.com\/","name":"Lotto Online - Crack The International Lottery Jackpots","description":"","potentialAction":[{"@type":"SearchAction","target":{"@type":"EntryPoint","urlTemplate":"https:\/\/jackpotlotteryonline.com\/?s={search_term_string}"},"query-input":"required name=search_term_string"}],"inLanguage":"fr-FR"}]}},"_links":{"self":[{"href":"https:\/\/jackpotlotteryonline.com\/fr\/wp-json\/wp\/v2\/pages\/36830","targetHints":{"allow":["GET"]}}],"collection":[{"href":"https:\/\/jackpotlotteryonline.com\/fr\/wp-json\/wp\/v2\/pages"}],"about":[{"href":"https:\/\/jackpotlotteryonline.com\/fr\/wp-json\/wp\/v2\/types\/page"}],"author":[{"embeddable":true,"href":"https:\/\/jackpotlotteryonline.com\/fr\/wp-json\/wp\/v2\/users\/1"}],"replies":[{"embeddable":true,"href":"https:\/\/jackpotlotteryonline.com\/fr\/wp-json\/wp\/v2\/comments?post=36830"}],"version-history":[{"count":0,"href":"https:\/\/jackpotlotteryonline.com\/fr\/wp-json\/wp\/v2\/pages\/36830\/revisions"}],"up":[{"embeddable":true,"href":"https:\/\/jackpotlotteryonline.com\/fr\/wp-json\/wp\/v2\/pages\/35751"}],"wp:attachment":[{"href":"https:\/\/jackpotlotteryonline.com\/fr\/wp-json\/wp\/v2\/media?parent=36830"}],"curies":[{"name":"wp","href":"https:\/\/api.w.org\/{rel}","templated":true}]}}