{"id":36883,"date":"2022-11-09T09:48:28","date_gmt":"2022-11-09T09:48:28","guid":{"rendered":"https:\/\/jackpotlotteryonline.com\/?page_id=36883"},"modified":"2022-12-22T12:01:45","modified_gmt":"2022-12-22T12:01:45","slug":"uk-lottery","status":"publish","type":"page","link":"https:\/\/jackpotlotteryonline.com\/fr\/acheter-tickets\/uk-lottery\/","title":{"rendered":"Loterie britannique"},"content":{"rendered":"<h2>Aper\u00e7u de la loterie britannique en ligne<\/h2>\n<p><strong>La loterie britannique<\/strong> est un jeu populaire pour sa capacit\u00e9 \u00e0 faire des millionnaires. Il est \u00e9galement possible d&#8217;y jouer en ligne. <a href=\"https:\/\/jackpotlotteryonline.com\/fr\/numeros-gagnants\/uk-lottery\">Le jeu est tir\u00e9 au sort deux fois par semaine<\/a>, les mercredis et les samedis.<\/p>\n<h2>Comment fonctionne la loterie britannique ?<\/h2>\n<p>Chaque joueur doit choisir 6 num\u00e9ros sur son ticket parmi une s\u00e9lection de num\u00e9ros de 1 \u00e0 49. Lorsque le tirage a lieu, six num\u00e9ros sont s\u00e9lectionn\u00e9s ainsi qu&#8217;un num\u00e9ro bonus. En raison du pourcentage de paiement relativement faible, nous ne recommandons pas cette loterie. Il existe de nombreux autres jeux de loterie internationaux disponibles en ligne avec de meilleurs gains et des jackpots plus \u00e9lev\u00e9s.<\/p>\n<section class=\"layout\" style=\"border: solid 1px; width: 100%;\">\n<div class=\"img-div\" style=\"margin-top: 5px;\"><img decoding=\"async\" class=\"wp-image-17212 alignleft\" style=\"height: 45px; margin: 8px 8px 0px;\" src=\"https:\/\/jackpotlotteryonline.com\/wp-content\/uploads\/2022\/11\/read1.jpg\" alt=\"lire\" width=\"\" height=\"\" \/><\/div>\n<div style=\"padding-left: 5px;\">\n<div style=\"font-size: 1.1em;\">\n<p><strong>Loteries europ\u00e9ennes<\/strong><\/p>\n<p style=\"font-size: 0.85em; margin-top: -1.5em;\">Quelles sont les meilleures loteries europ\u00e9ennes ?\u00a0<a href=\"https:\/\/jackpotlotteryonline.com\/fr\/quelles-sont-les-meilleures-loteries-europeennes\">en savoir plus<\/a><\/p>\n<\/div>\n<\/div>\n<\/section>\n<h2>Gagner \u00e0 la loterie britannique<\/h2>\n<p><img loading=\"lazy\" decoding=\"async\" class=\"alignright size-medium wp-image-19520\" src=\"https:\/\/jackpotlotteryonline.com\/wp-content\/uploads\/2022\/10\/2_ticket_uk_lottery-192x300.jpg\" alt=\"Acheter un billet de loterie britannique\" width=\"192\" height=\"300\" srcset=\"https:\/\/jackpotlotteryonline.com\/wp-content\/uploads\/2022\/10\/2_ticket_uk_lottery-192x300.jpg 192w, https:\/\/jackpotlotteryonline.com\/wp-content\/uploads\/2022\/10\/2_ticket_uk_lottery.jpg 250w\" sizes=\"auto, (max-width: 192px) 100vw, 192px\" \/><\/p>\n<p>Pour gagner un prix, vous devez obtenir un minimum de trois num\u00e9ros correspondant aux num\u00e9ros principaux tir\u00e9s. Le num\u00e9ro bonus n&#8217;est pris en compte que si vous obtenez au moins cinq des num\u00e9ros principaux du tirage.<\/p>\n<p>Il est facile de r\u00e9clamer vos gains. Si vous gagnez jusqu&#8217;\u00e0 2 500 \u20ac, vous serez pay\u00e9 directement sur votre compte de joueur de loterie ici sur notre site. Pour les gains sup\u00e9rieurs \u00e0 2 500 \u20ac, notre service client\u00e8le vous contactera et organisera un paiement direct de la soci\u00e9t\u00e9 de loterie.<\/p>\n<p>Environ 45 % de tous les fonds du loto britannique sont consacr\u00e9s aux prix. Si vous obtenez six des num\u00e9ros principaux, vous recevrez 52 % des fonds de la cagnotte ; si vous obtenez cinq num\u00e9ros principaux, plus le num\u00e9ro bonus, vous recevrez 16 % des fonds restants de la cagnotte ; si vous obtenez cinq num\u00e9ros principaux, vous recevrez 10 % des fonds restants de la cagnotte ; si vous obtenez quatre num\u00e9ros principaux, vous recevrez 22 % des fonds restants de la cagnotte et si vous obtenez trois num\u00e9ros principaux, vous recevrez g\u00e9n\u00e9ralement 10 \u00a3. Le UK Lotto propose \u00e9galement des jeux instantan\u00e9s en ligne.<\/p>\n<h2>Jouer \u00e0 la loterie britannique en ligne<\/h2>\n<p>Vous pouvez <a href=\"https:\/\/jackpotlotteryonline.com\/fr\/comment-jouer\/uk-lottery\">jouer au UK Lotto en ligne<\/a>, ce qui le rend plus accessible et plus pratique. Vous n&#8217;avez plus besoin de sortir pour acheter un ticket de loterie britannique chez un d\u00e9taillant ; vous pouvez maintenant acheter des tickets dans le confort de votre propre maison, et cela ne d\u00e9pend pas du fait que vous viviez au Royaume-Uni.<\/p>\n<p>Pour jouer au loto britannique en ligne et depuis l&#8217;ext\u00e9rieur du Royaume-Uni, vous devez cliquer sur la banni\u00e8re ci-dessus pour la loterie britannique. Il vous suffit de vous inscrire et d&#8217;effectuer un paiement en ligne.<\/p>\n<h2>Pourquoi les jackpots de la plupart des loteries internationales sont plus int\u00e9ressants que ceux de la loterie britannique ?<\/h2>\n<ul>\n<li>Les jackpots sont beaucoup plus \u00e9lev\u00e9s dans les loteries internationales (v\u00e9rifiez les montants dans la banni\u00e8re ci-dessus).<\/li>\n<li>La loterie britannique ne distribue que 45 % des fonds en tant que gains.<\/li>\n<li>Sur notre site, vous avez le choix entre une vari\u00e9t\u00e9 de m\u00e9ga-loteries et d&#8217;\u00e9normes jackpots !<\/li>\n<\/ul>\n","protected":false},"excerpt":{"rendered":"<p>Aper\u00e7u de la loterie britannique en ligne La loterie britannique est un jeu populaire pour sa capacit\u00e9 \u00e0 faire des millionnaires. Il est \u00e9galement possible d&#8217;y jouer en ligne. Le jeu est tir\u00e9 au sort deux fois par semaine, les mercredis et les samedis. Comment fonctionne la loterie britannique ? Chaque joueur doit choisir 6 [&hellip;]<\/p>\n","protected":false},"author":1,"featured_media":0,"parent":35751,"menu_order":10,"comment_status":"closed","ping_status":"closed","template":"lotto-uk-info.php","meta":{"_et_pb_use_builder":"","_et_pb_old_content":"","_et_gb_content_width":"","exclude_from_search":false,"footnotes":""},"class_list":["post-36883","page","type-page","status-publish","hentry"],"yoast_head":"<!-- This site is optimized with the Yoast SEO plugin v23.3 - https:\/\/yoast.com\/wordpress\/plugins\/seo\/ -->\n<title>Achetez des billets en ligne pour la loterie britannique depuis l&#039;ext\u00e9rieur du Royaume-Uni.<\/title>\n<meta name=\"description\" content=\"Comment fonctionne la loterie britannique, et comment acheter un billet et gagner en ligne depuis l&#039;ext\u00e9rieur du Royaume-Uni.\" \/>\n<meta name=\"robots\" content=\"index, follow, max-snippet:-1, max-image-preview:large, max-video-preview:-1\" \/>\n<link rel=\"canonical\" href=\"https:\/\/jackpotlotteryonline.com\/fr\/acheter-tickets\/uk-lottery\/\" \/>\n<meta property=\"og:locale\" content=\"fr_FR\" \/>\n<meta property=\"og:type\" content=\"article\" \/>\n<meta property=\"og:title\" content=\"Achetez des billets en ligne pour la loterie britannique depuis l&#039;ext\u00e9rieur du Royaume-Uni.\" \/>\n<meta property=\"og:description\" content=\"Comment fonctionne la loterie britannique, et comment acheter un billet et gagner en ligne depuis l&#039;ext\u00e9rieur du Royaume-Uni.\" \/>\n<meta property=\"og:url\" content=\"https:\/\/jackpotlotteryonline.com\/fr\/acheter-tickets\/uk-lottery\/\" \/>\n<meta property=\"og:site_name\" content=\"Lotto Online - Crack The International Lottery Jackpots\" \/>\n<meta property=\"article:modified_time\" content=\"2022-12-22T12:01:45+00:00\" \/>\n<meta property=\"og:image\" content=\"https:\/\/jackpotlotteryonline.com\/wp-content\/uploads\/2022\/11\/read1.jpg\" \/>\n<meta name=\"twitter:card\" content=\"summary_large_image\" \/>\n<meta name=\"twitter:label1\" content=\"Dur\u00e9e de lecture estim\u00e9e\" \/>\n\t<meta name=\"twitter:data1\" content=\"3 minutes\" \/>\n<!-- \/ Yoast SEO plugin. -->","yoast_head_json":{"title":"Achetez des billets en ligne pour la loterie britannique depuis l'ext\u00e9rieur du Royaume-Uni.","description":"Comment fonctionne la loterie britannique, et comment acheter un billet et gagner en ligne depuis l'ext\u00e9rieur du Royaume-Uni.","robots":{"index":"index","follow":"follow","max-snippet":"max-snippet:-1","max-image-preview":"max-image-preview:large","max-video-preview":"max-video-preview:-1"},"canonical":"https:\/\/jackpotlotteryonline.com\/fr\/acheter-tickets\/uk-lottery\/","og_locale":"fr_FR","og_type":"article","og_title":"Achetez des billets en ligne pour la loterie britannique depuis l'ext\u00e9rieur du Royaume-Uni.","og_description":"Comment fonctionne la loterie britannique, et comment acheter un billet et gagner en ligne depuis l'ext\u00e9rieur du Royaume-Uni.","og_url":"https:\/\/jackpotlotteryonline.com\/fr\/acheter-tickets\/uk-lottery\/","og_site_name":"Lotto Online - Crack The International Lottery Jackpots","article_modified_time":"2022-12-22T12:01:45+00:00","og_image":[{"url":"https:\/\/jackpotlotteryonline.com\/wp-content\/uploads\/2022\/11\/read1.jpg"}],"twitter_card":"summary_large_image","twitter_misc":{"Dur\u00e9e de lecture estim\u00e9e":"3 minutes"},"schema":{"@context":"https:\/\/schema.org","@graph":[{"@type":"WebPage","@id":"https:\/\/jackpotlotteryonline.com\/fr\/acheter-tickets\/uk-lottery\/","url":"https:\/\/jackpotlotteryonline.com\/fr\/acheter-tickets\/uk-lottery\/","name":"Achetez des billets en ligne pour la loterie britannique depuis l'ext\u00e9rieur du Royaume-Uni.","isPartOf":{"@id":"https:\/\/jackpotlotteryonline.com\/#website"},"primaryImageOfPage":{"@id":"https:\/\/jackpotlotteryonline.com\/fr\/acheter-tickets\/uk-lottery\/#primaryimage"},"image":{"@id":"https:\/\/jackpotlotteryonline.com\/fr\/acheter-tickets\/uk-lottery\/#primaryimage"},"thumbnailUrl":"https:\/\/jackpotlotteryonline.com\/wp-content\/uploads\/2022\/11\/read1.jpg","datePublished":"2022-11-09T09:48:28+00:00","dateModified":"2022-12-22T12:01:45+00:00","description":"Comment fonctionne la loterie britannique, et comment acheter un billet et gagner en ligne depuis l'ext\u00e9rieur du Royaume-Uni.","breadcrumb":{"@id":"https:\/\/jackpotlotteryonline.com\/fr\/acheter-tickets\/uk-lottery\/#breadcrumb"},"inLanguage":"fr-FR","potentialAction":[{"@type":"ReadAction","target":["https:\/\/jackpotlotteryonline.com\/fr\/acheter-tickets\/uk-lottery\/"]}]},{"@type":"ImageObject","inLanguage":"fr-FR","@id":"https:\/\/jackpotlotteryonline.com\/fr\/acheter-tickets\/uk-lottery\/#primaryimage","url":"https:\/\/jackpotlotteryonline.com\/wp-content\/uploads\/2022\/11\/read1.jpg","contentUrl":"https:\/\/jackpotlotteryonline.com\/wp-content\/uploads\/2022\/11\/read1.jpg"},{"@type":"BreadcrumbList","@id":"https:\/\/jackpotlotteryonline.com\/fr\/acheter-tickets\/uk-lottery\/#breadcrumb","itemListElement":[{"@type":"ListItem","position":1,"name":"Home","item":"https:\/\/jackpotlotteryonline.com\/fr\/"},{"@type":"ListItem","position":2,"name":"Comment acheter des billets de loterie en ligne","item":"https:\/\/jackpotlotteryonline.com\/fr\/acheter-tickets\/"},{"@type":"ListItem","position":3,"name":"Loterie britannique"}]},{"@type":"WebSite","@id":"https:\/\/jackpotlotteryonline.com\/#website","url":"https:\/\/jackpotlotteryonline.com\/","name":"Lotto Online - Crack The International Lottery Jackpots","description":"","potentialAction":[{"@type":"SearchAction","target":{"@type":"EntryPoint","urlTemplate":"https:\/\/jackpotlotteryonline.com\/?s={search_term_string}"},"query-input":"required name=search_term_string"}],"inLanguage":"fr-FR"}]}},"_links":{"self":[{"href":"https:\/\/jackpotlotteryonline.com\/fr\/wp-json\/wp\/v2\/pages\/36883","targetHints":{"allow":["GET"]}}],"collection":[{"href":"https:\/\/jackpotlotteryonline.com\/fr\/wp-json\/wp\/v2\/pages"}],"about":[{"href":"https:\/\/jackpotlotteryonline.com\/fr\/wp-json\/wp\/v2\/types\/page"}],"author":[{"embeddable":true,"href":"https:\/\/jackpotlotteryonline.com\/fr\/wp-json\/wp\/v2\/users\/1"}],"replies":[{"embeddable":true,"href":"https:\/\/jackpotlotteryonline.com\/fr\/wp-json\/wp\/v2\/comments?post=36883"}],"version-history":[{"count":0,"href":"https:\/\/jackpotlotteryonline.com\/fr\/wp-json\/wp\/v2\/pages\/36883\/revisions"}],"up":[{"embeddable":true,"href":"https:\/\/jackpotlotteryonline.com\/fr\/wp-json\/wp\/v2\/pages\/35751"}],"wp:attachment":[{"href":"https:\/\/jackpotlotteryonline.com\/fr\/wp-json\/wp\/v2\/media?parent=36883"}],"curies":[{"name":"wp","href":"https:\/\/api.w.org\/{rel}","templated":true}]}}