{"id":36936,"date":"2022-11-09T10:59:57","date_gmt":"2022-11-09T10:59:57","guid":{"rendered":"https:\/\/jackpotlotteryonline.com\/?page_id=36936"},"modified":"2023-01-04T08:11:03","modified_gmt":"2023-01-04T08:11:03","slug":"set-for-life","status":"publish","type":"page","link":"https:\/\/jackpotlotteryonline.com\/fr\/acheter-tickets\/set-for-life\/","title":{"rendered":"Acheter des billets pour Set for Life"},"content":{"rendered":"<p>\u00cates-vous pr\u00eat pour une chance d&#8217;\u00eatre fix\u00e9 pour la vie ? Il n&#8217;y a pas de meilleur moment que le pr\u00e9sent pour tenter de gagner 10 000 \u00a3 chaque mois pendant les 30 prochaines ann\u00e9es et tout commence<a href=\"https:\/\/jackpotlotteryonline.com\/fr\/comment-jouer\/saturday-lotto-2\"> en jouant \u00e0 la loterie britannique<\/a>.<\/p>\n<p>Cette loterie est g\u00e9r\u00e9e par la Loterie nationale britannique et a connu son premier tirage en 1999. Depuis, elle est devenue l&#8217;une des favorites des joueurs de loterie britanniques, car il leur est presque impossible de r\u00e9sister \u00e0 l&#8217;attrait de 10 000 \u00a3 par mois pendant 30 ans. Vous ne devriez pas non plus, d&#8217;ailleurs, y r\u00e9sister. Gagner cette loterie, c&#8217;est presque comme avoir le P\u00e8re No\u00ebl qui vient chez vous tous les mois.<br \/>\n<img loading=\"lazy\" decoding=\"async\" class=\"alignright size-medium wp-image-35457\" src=\"https:\/\/jackpotlotteryonline.com\/wp-content\/uploads\/2022\/11\/2_ticket_uk_lottery-192x300.jpg\" alt=\"Billets Set for Life\" width=\"192\" height=\"300\" srcset=\"https:\/\/jackpotlotteryonline.com\/wp-content\/uploads\/2022\/11\/2_ticket_uk_lottery-192x300.jpg 192w, https:\/\/jackpotlotteryonline.com\/wp-content\/uploads\/2022\/11\/2_ticket_uk_lottery.jpg 250w\" sizes=\"auto, (max-width: 192px) 100vw, 192px\" \/><\/p>\n<p>Les billets de cette loterie britannique sont vendus parmi un large r\u00e9seau de vendeurs dans le pays. Cependant, si vous vivez en dehors du Royaume-Uni, il n&#8217;y a aucune raison pour que vous ne puissiez pas \u00e9galement acheter des billets pour cette loterie. Jackpotlotteryonline.com permet aux amateurs de loterie d&#8217;acc\u00e9der aux meilleures loteries internationales depuis le confort de leur ordinateur ou de leur appareil mobile.<\/p>\n<p>Inscrivez-vous sur notre site pour commencer \u00e0 jouer aux loteries du Royaume-Uni et du reste du monde.<\/p>\n<h2>Comment jouer \u00e0 Set for Life en ligne<\/h2>\n<p>Ce jeu est diff\u00e9rent des autres loteries car il s&#8217;agit d&#8217;une loterie \u00e0 rente. Les gagnants ne rentreront donc pas chez eux avec des millions d&#8217;euros ou de livres. Toutefois, la seule diff\u00e9rence r\u00e9side dans la mani\u00e8re dont le prix est attribu\u00e9. Comme pour les autres loteries, le joueur doit choisir des num\u00e9ros principaux dans une certaine fourchette et un num\u00e9ro sp\u00e9cial.<\/p>\n<p>Pour obtenir des billets Set for Life en ligne, il faut se rendre sur le site de son choix, puis choisir cinq num\u00e9ros principaux entre 1 et 47. Choisissez un num\u00e9ro bonus suppl\u00e9mentaire, appel\u00e9 &#8220;num\u00e9ro de la boule de vie&#8221;, dans une fourchette de 1 \u00e0 10. Vous pouvez soit utiliser vos num\u00e9ros de chance, soit utiliser l&#8217;outil de s\u00e9lection automatique pour choisir une ligne de num\u00e9ros au hasard. Vous pouvez \u00e9galement choisir plusieurs lignes de num\u00e9ros pour augmenter vos chances de gagner.<\/p>\n<p>Pour gagner \u00e0 la loterie, vous devez obtenir les 6 num\u00e9ros tir\u00e9s au sort. Si vous vous inscrivez chez nous, vous pouvez <a href=\"https:\/\/jackpotlotteryonline.com\/fr\/numeros-gagnants\/set-for-life\">participer aux tirages plusieurs semaines \u00e0 l&#8217;avance.<\/a><\/p>\n<h2>Les prix<\/h2>\n<p><img loading=\"lazy\" decoding=\"async\" class=\"size-medium wp-image-30128 alignright\" src=\"https:\/\/jackpotlotteryonline.com\/wp-content\/uploads\/2022\/11\/1_win_online_lottery_jackpot-300x182.jpg\" alt=\"Prix de la loterie britannique\" width=\"300\" height=\"182\" srcset=\"https:\/\/jackpotlotteryonline.com\/wp-content\/uploads\/2022\/11\/1_win_online_lottery_jackpot-300x182.jpg 300w, https:\/\/jackpotlotteryonline.com\/wp-content\/uploads\/2022\/11\/1_win_online_lottery_jackpot.jpg 320w\" sizes=\"auto, (max-width: 300px) 100vw, 300px\" \/><\/p>\n<p>Nous avons donc parl\u00e9 du jackpot, qui est de 10 000 \u00a3 par mois pendant 30 ans. Mais ce n&#8217;est pas le seul prix que peuvent gagner les joueurs de cette loterie. Par exemple, si vous n&#8217;obtenez que les 5 num\u00e9ros principaux, vous recevrez 10 000 \u00a3 par mois pendant un an. Pas mal, non ?<\/p>\n<p>Jetons un coup d&#8217;\u0153il \u00e0 la r\u00e9partition des prix et \u00e0 ce que les joueurs peuvent esp\u00e9rer gagner lorsqu&#8217;ils ach\u00e8tent des tickets pour cette loterie britannique.<\/p>\n<p>5 num\u00e9ros principaux + Life Ball &#8211; 10 000 \u00a3 par mois pendant 30 ans.<br \/>\n5 num\u00e9ros principaux seulement &#8211; 10 000 \u00a3 par mois pendant 1 an.<br \/>\n4 num\u00e9ros principaux + Life Ball &#8211; 250 \u00a3.<br \/>\n4 num\u00e9ros principaux seulement &#8211; 50<br \/>\nMatch 3 num\u00e9ros principaux + Life Ball &#8211; \u00a330<br \/>\nMatch 3 num\u00e9ros principaux seulement &#8211; 20<br \/>\nMatch 2 num\u00e9ros principaux + Life Ball &#8211; \u00a310<br \/>\nMatch 2 num\u00e9ros principaux seulement &#8211; 5<\/p>\n<h2>R\u00e9clamer votre prix<\/h2>\n<p>Vous disposez d&#8217;un d\u00e9lai de 180 jours pour r\u00e9clamer votre prix ou vous ne pouvez plus le r\u00e9clamer. Les gains de la loterie au Royaume-Uni sont exon\u00e9r\u00e9s d&#8217;imp\u00f4ts, vous pouvez donc profiter de tous vos gains comme bon vous semble. Cependant, pour ceux qui jouent depuis l&#8217;ext\u00e9rieur du pays, il est bon de se renseigner sur les lois fiscales en vigueur dans votre pays.<\/p>\n<section class=\"layout\" style=\"border: solid 1px; width: 100%;\">\n<div class=\"img-div\" style=\"margin-top: 5px;\"><img decoding=\"async\" class=\"wp-image-17212 alignleft\" style=\"height: 45px; margin: 8px 8px 0px;\" src=\"https:\/\/jackpotlotteryonline.com\/wp-content\/uploads\/2022\/11\/read1.jpg\" alt=\"lire\" width=\"\" height=\"\" \/><\/div>\n<div style=\"padding-left: 5px;\">\n<div style=\"font-size: 1.1em;\">\n<p><strong>Imp\u00f4ts sur les gains de loterie<\/strong><\/p>\n<p style=\"font-size: 0.85em; margin-top: -1.5em;\">Dois-je payer des imp\u00f4ts sur mes gains de loterie ?\u00a0<a href=\"https:\/\/jackpotlotteryonline.com\/fr\/dois-je-payer-des-impots-sur-les-gains-de-la-loterie\">en savoir plus<\/a><\/p>\n<\/div>\n<\/div>\n<\/section>\n<h2>L&#8217;opportunit\u00e9 d&#8217;une vie<\/h2>\n<p>La chance de gagner au jeu Set for Life est l&#8217;opportunit\u00e9 d&#8217;une vie. Si vous gagnez, cela signifie que vous n&#8217;aurez plus jamais \u00e0 vous soucier de vos finances. Il y a des histoires de gagnants de loterie qui ont d\u00e9pens\u00e9 toute leur fortune et sont maintenant en faillite. Avec cette loterie, cela ne doit pas vous arriver. M\u00eame si vous d\u00e9pensez tout le premier mois, vous savez que vous pourrez mieux l&#8217;utiliser le mois suivant.<\/p>\n<p>Pensez \u00e0 ce que cela signifierait de recevoir une telle somme chaque mois pendant 30 ans.<\/p>\n<h2>Inscrivez-vous pour jouer \u00e0 Set for Life<\/h2>\n<p>Il n&#8217;a jamais \u00e9t\u00e9 aussi facile d&#8217;obtenir un ticket pour la loterie britannique des rentes, o\u00f9 que vous soyez. Lorsque vous vous inscrivez chez nous, nous vous permettons de jouer aux meilleures loteries du monde de mani\u00e8re transparente et sans souci. Notre objectif est de cr\u00e9er des exp\u00e9riences m\u00e9morables pour nos clients. Alors inscrivez-vous d\u00e8s aujourd&#8217;hui pour acheter des billets Set for Life de n&#8217;importe o\u00f9 dans le monde.<\/p>\n","protected":false},"excerpt":{"rendered":"<p>\u00cates-vous pr\u00eat pour une chance d&#8217;\u00eatre fix\u00e9 pour la vie ? Il n&#8217;y a pas de meilleur moment que le pr\u00e9sent pour tenter de gagner 10 000 \u00a3 chaque mois pendant les 30 prochaines ann\u00e9es et tout commence en jouant \u00e0 la loterie britannique. Cette loterie est g\u00e9r\u00e9e par la Loterie nationale britannique et a [&hellip;]<\/p>\n","protected":false},"author":1,"featured_media":0,"parent":35751,"menu_order":11,"comment_status":"closed","ping_status":"closed","template":"set-for-life-info.php","meta":{"_et_pb_use_builder":"","_et_pb_old_content":"","_et_gb_content_width":"","exclude_from_search":false,"footnotes":""},"class_list":["post-36936","page","type-page","status-publish","hentry"],"yoast_head":"<!-- This site is optimized with the Yoast SEO plugin v23.3 - https:\/\/yoast.com\/wordpress\/plugins\/seo\/ -->\n<title>Acheter des billets pour Set for life en dehors du Royaume-Uni | Obtenir des billets pour Set For Life en ligne.<\/title>\n<meta name=\"description\" content=\"Set for Life est une loterie tr\u00e8s sp\u00e9ciale, mais pour participer depuis l&#039;ext\u00e9rieur du Royaume-Uni, vous devez acheter un billet en ligne ici.\" \/>\n<meta name=\"robots\" content=\"index, follow, max-snippet:-1, max-image-preview:large, max-video-preview:-1\" \/>\n<link rel=\"canonical\" href=\"https:\/\/jackpotlotteryonline.com\/fr\/acheter-tickets\/set-for-life\/\" \/>\n<meta property=\"og:locale\" content=\"fr_FR\" \/>\n<meta property=\"og:type\" content=\"article\" \/>\n<meta property=\"og:title\" content=\"Acheter des billets pour Set for life en dehors du Royaume-Uni | Obtenir des billets pour Set For Life en ligne.\" \/>\n<meta property=\"og:description\" content=\"Set for Life est une loterie tr\u00e8s sp\u00e9ciale, mais pour participer depuis l&#039;ext\u00e9rieur du Royaume-Uni, vous devez acheter un billet en ligne ici.\" \/>\n<meta property=\"og:url\" content=\"https:\/\/jackpotlotteryonline.com\/fr\/acheter-tickets\/set-for-life\/\" \/>\n<meta property=\"og:site_name\" content=\"Lotto Online - Crack The International Lottery Jackpots\" \/>\n<meta property=\"article:modified_time\" content=\"2023-01-04T08:11:03+00:00\" \/>\n<meta property=\"og:image\" content=\"https:\/\/jackpotlotteryonline.com\/wp-content\/uploads\/2022\/11\/2_ticket_uk_lottery-192x300.jpg\" \/>\n<meta name=\"twitter:card\" content=\"summary_large_image\" \/>\n<meta name=\"twitter:label1\" content=\"Dur\u00e9e de lecture estim\u00e9e\" \/>\n\t<meta name=\"twitter:data1\" content=\"5 minutes\" \/>\n<!-- \/ Yoast SEO plugin. -->","yoast_head_json":{"title":"Acheter des billets pour Set for life en dehors du Royaume-Uni | Obtenir des billets pour Set For Life en ligne.","description":"Set for Life est une loterie tr\u00e8s sp\u00e9ciale, mais pour participer depuis l'ext\u00e9rieur du Royaume-Uni, vous devez acheter un billet en ligne ici.","robots":{"index":"index","follow":"follow","max-snippet":"max-snippet:-1","max-image-preview":"max-image-preview:large","max-video-preview":"max-video-preview:-1"},"canonical":"https:\/\/jackpotlotteryonline.com\/fr\/acheter-tickets\/set-for-life\/","og_locale":"fr_FR","og_type":"article","og_title":"Acheter des billets pour Set for life en dehors du Royaume-Uni | Obtenir des billets pour Set For Life en ligne.","og_description":"Set for Life est une loterie tr\u00e8s sp\u00e9ciale, mais pour participer depuis l'ext\u00e9rieur du Royaume-Uni, vous devez acheter un billet en ligne ici.","og_url":"https:\/\/jackpotlotteryonline.com\/fr\/acheter-tickets\/set-for-life\/","og_site_name":"Lotto Online - Crack The International Lottery Jackpots","article_modified_time":"2023-01-04T08:11:03+00:00","og_image":[{"url":"https:\/\/jackpotlotteryonline.com\/wp-content\/uploads\/2022\/11\/2_ticket_uk_lottery-192x300.jpg"}],"twitter_card":"summary_large_image","twitter_misc":{"Dur\u00e9e de lecture estim\u00e9e":"5 minutes"},"schema":{"@context":"https:\/\/schema.org","@graph":[{"@type":"WebPage","@id":"https:\/\/jackpotlotteryonline.com\/fr\/acheter-tickets\/set-for-life\/","url":"https:\/\/jackpotlotteryonline.com\/fr\/acheter-tickets\/set-for-life\/","name":"Acheter des billets pour Set for life en dehors du Royaume-Uni | Obtenir des billets pour Set For Life en ligne.","isPartOf":{"@id":"https:\/\/jackpotlotteryonline.com\/#website"},"primaryImageOfPage":{"@id":"https:\/\/jackpotlotteryonline.com\/fr\/acheter-tickets\/set-for-life\/#primaryimage"},"image":{"@id":"https:\/\/jackpotlotteryonline.com\/fr\/acheter-tickets\/set-for-life\/#primaryimage"},"thumbnailUrl":"https:\/\/jackpotlotteryonline.com\/wp-content\/uploads\/2022\/11\/2_ticket_uk_lottery-192x300.jpg","datePublished":"2022-11-09T10:59:57+00:00","dateModified":"2023-01-04T08:11:03+00:00","description":"Set for Life est une loterie tr\u00e8s sp\u00e9ciale, mais pour participer depuis l'ext\u00e9rieur du Royaume-Uni, vous devez acheter un billet en ligne ici.","breadcrumb":{"@id":"https:\/\/jackpotlotteryonline.com\/fr\/acheter-tickets\/set-for-life\/#breadcrumb"},"inLanguage":"fr-FR","potentialAction":[{"@type":"ReadAction","target":["https:\/\/jackpotlotteryonline.com\/fr\/acheter-tickets\/set-for-life\/"]}]},{"@type":"ImageObject","inLanguage":"fr-FR","@id":"https:\/\/jackpotlotteryonline.com\/fr\/acheter-tickets\/set-for-life\/#primaryimage","url":"https:\/\/jackpotlotteryonline.com\/wp-content\/uploads\/2022\/11\/2_ticket_uk_lottery-192x300.jpg","contentUrl":"https:\/\/jackpotlotteryonline.com\/wp-content\/uploads\/2022\/11\/2_ticket_uk_lottery-192x300.jpg"},{"@type":"BreadcrumbList","@id":"https:\/\/jackpotlotteryonline.com\/fr\/acheter-tickets\/set-for-life\/#breadcrumb","itemListElement":[{"@type":"ListItem","position":1,"name":"Home","item":"https:\/\/jackpotlotteryonline.com\/fr\/"},{"@type":"ListItem","position":2,"name":"Comment acheter des billets de loterie en ligne","item":"https:\/\/jackpotlotteryonline.com\/fr\/acheter-tickets\/"},{"@type":"ListItem","position":3,"name":"Acheter des billets pour Set for Life"}]},{"@type":"WebSite","@id":"https:\/\/jackpotlotteryonline.com\/#website","url":"https:\/\/jackpotlotteryonline.com\/","name":"Lotto Online - Crack The International Lottery Jackpots","description":"","potentialAction":[{"@type":"SearchAction","target":{"@type":"EntryPoint","urlTemplate":"https:\/\/jackpotlotteryonline.com\/?s={search_term_string}"},"query-input":"required name=search_term_string"}],"inLanguage":"fr-FR"}]}},"_links":{"self":[{"href":"https:\/\/jackpotlotteryonline.com\/fr\/wp-json\/wp\/v2\/pages\/36936","targetHints":{"allow":["GET"]}}],"collection":[{"href":"https:\/\/jackpotlotteryonline.com\/fr\/wp-json\/wp\/v2\/pages"}],"about":[{"href":"https:\/\/jackpotlotteryonline.com\/fr\/wp-json\/wp\/v2\/types\/page"}],"author":[{"embeddable":true,"href":"https:\/\/jackpotlotteryonline.com\/fr\/wp-json\/wp\/v2\/users\/1"}],"replies":[{"embeddable":true,"href":"https:\/\/jackpotlotteryonline.com\/fr\/wp-json\/wp\/v2\/comments?post=36936"}],"version-history":[{"count":0,"href":"https:\/\/jackpotlotteryonline.com\/fr\/wp-json\/wp\/v2\/pages\/36936\/revisions"}],"up":[{"embeddable":true,"href":"https:\/\/jackpotlotteryonline.com\/fr\/wp-json\/wp\/v2\/pages\/35751"}],"wp:attachment":[{"href":"https:\/\/jackpotlotteryonline.com\/fr\/wp-json\/wp\/v2\/media?parent=36936"}],"curies":[{"name":"wp","href":"https:\/\/api.w.org\/{rel}","templated":true}]}}