{"id":36989,"date":"2022-11-09T12:44:02","date_gmt":"2022-11-09T12:44:02","guid":{"rendered":"https:\/\/jackpotlotteryonline.com\/?page_id=36989"},"modified":"2022-12-24T08:24:24","modified_gmt":"2022-12-24T08:24:24","slug":"mega-sena","status":"publish","type":"page","link":"https:\/\/jackpotlotteryonline.com\/fr\/acheter-tickets\/mega-sena\/","title":{"rendered":"Acheter des billets Mega Sena"},"content":{"rendered":"<p>Mega Sena est la plus grande loterie du Br\u00e9sil avec l&#8217;un des plus gros jackpots du monde. Il n&#8217;est pas \u00e9tonnant que les parieurs du monde entier soient impatients d&#8217;avoir une chance de gagner le jackpot. Il est int\u00e9ressant de noter que Mega Sena est \u00e9galement une loterie facile \u00e0 jouer, plus facile que beaucoup d&#8217;autres loteries internationales. La facilit\u00e9 de jouer \u00e0 la loterie, le gros jackpot et les chances de gagner sont autant d&#8217;\u00e9l\u00e9ments qui rendent cette loterie extr\u00eamement attrayante pour les joueurs du monde entier.<\/p>\n<p>Pour<a href=\"https:\/\/jackpotlotteryonline.com\/fr\/comment-jouer\/mega-sena-2\"> jouer \u00e0 la loterie Mega Sena<\/a>, il suffit d&#8217;associer les six num\u00e9ros tir\u00e9s au sort. Il n&#8217;y a pas de num\u00e9ros sp\u00e9ciaux ou bonus lorsque vous jouez \u00e0 cette loterie. Il suffit de choisir 6 num\u00e9ros de 1 \u00e0 60 et de <a href=\"https:\/\/jackpotlotteryonline.com\/fr\/numeros-gagnants\/mega-sena\">participer au tirage<\/a>.<\/p>\n<p>Bien que vous deviez choisir six num\u00e9ros pour participer au tirage, il n&#8217;y a pas de limite au nombre de lignes que vous pouvez choisir. Ainsi, vous pouvez choisir dix lignes de six num\u00e9ros pour augmenter vos chances de gagner \u00e0 la loterie.<\/p>\n<h2>O\u00f9 acheter des billets Mega Sena<\/h2>\n<p><img loading=\"lazy\" decoding=\"async\" class=\"alignright size-full wp-image-28778\" src=\"https:\/\/jackpotlotteryonline.com\/wp-content\/uploads\/2022\/11\/1_online_ticket_eurojackpot2.jpg\" alt=\"acheter des billets Mega Sena\" width=\"300\" height=\"200\" \/><\/p>\n<p>Si vous vivez au Br\u00e9sil, il vous suffit de vous rendre chez un vendeur de billets de loterie pour acheter vos billets. Cependant, cela peut poser quelques difficult\u00e9s aux joueurs qui vivent en dehors du pays. Si vous vivez en dehors de cette juridiction, une option s&#8217;offre \u00e0 vous. Vous devez acheter vos billets en ligne.<\/p>\n<h2>Acheter des billets Mega Sena en ligne<\/h2>\n<p>Jouer \u00e0 la loterie en ligne est assez simple et donne aux joueurs la possibilit\u00e9 de participer \u00e0 des loteries du monde entier. Normalement, les joueurs qui ne vivent pas dans un pays donn\u00e9 ne peuvent pas jouer \u00e0 la loterie de ce pays. L&#8217;internet a d\u00e9mocratis\u00e9 la participation aux loteries en offrant un moyen aux joueurs qui \u00e9taient auparavant priv\u00e9s de leurs droits par les fronti\u00e8res g\u00e9ographiques.<\/p>\n<p>Aujourd&#8217;hui, jouer \u00e0 la loterie Mega Sena est aussi simple que de visiter un site de loterie en ligne comme jackpotlotteryonline.com. L\u00e0, vous pouvez acheter votre billet en choisissant vos num\u00e9ros, puis en d\u00e9cidant du nombre de tirages auxquels vous voulez participer. Une fois cela fait, il ne vous reste plus qu&#8217;\u00e0 attendre les r\u00e9sultats du tirage.<\/p>\n<h2>Quel est le jackpot de cette loterie ?<\/h2>\n<p>Avons-nous mentionn\u00e9 que Mega Sena est l&#8217;une des plus grandes loteries du monde ? Cela peut sembler difficile \u00e0 croire si l&#8217;on consid\u00e8re le prix du jackpot de d\u00e9part, qui est de 450 $, surtout si on le place \u00e0 c\u00f4t\u00e9 d&#8217;autres loteries dont le jackpot de d\u00e9part est plus important.<\/p>\n<p>Mais la beaut\u00e9 de Mega Sena est que les jackpots peuvent atteindre des montants incroyablement \u00e9lev\u00e9s. Certains des plus gros jackpots remport\u00e9s par les joueurs de Mega Sena se chiffrent en millions de dollars am\u00e9ricains. Le plus gros jackpot d\u00e9passait l\u00e9g\u00e8rement les 73 millions de dollars.<\/p>\n<p>Lorsque vous consid\u00e9rez cela, il est clair que jouer \u00e0 la loterie Mega Sena peut \u00eatre une tr\u00e8s bonne option lorsque vous recherchez des loteries auxquelles participer.<\/p>\n<section class=\"layout\" style=\"border: solid 1px; width: 100%;\">\n<div class=\"img-div\" style=\"margin-top: 5px;\"><img decoding=\"async\" class=\"wp-image-17212 alignleft\" style=\"height: 45px; margin: 8px 8px 0px;\" src=\"https:\/\/jackpotlotteryonline.com\/wp-content\/uploads\/2022\/11\/read1.jpg\" alt=\"lire\" width=\"\" height=\"\" \/><\/div>\n<div style=\"padding-left: 5px;\">\n<div style=\"font-size: 1.1em;\">\n<p><strong>Quelques trucs et astuces pour choisir vos num\u00e9ros<\/strong><\/p>\n<p style=\"font-size: 0.85em; margin-top: -1.5em;\">Augmentez vos chances de gagner &#8211; utilisez une certaine strat\u00e9gie pour choisir vos num\u00e9ros\u00a0<a href=\"https:\/\/jackpotlotteryonline.com\/fr\/a-few-tricks-and-tips-for-choosing-your-numbers\"> en savoir plus<\/a><\/p>\n<\/div>\n<\/div>\n<\/section>\n<h2>Que se passe-t-il si vous gagnez \u00e0 la loterie ?<\/h2>\n<p>C&#8217;est une question que nous rencontrons souvent, surtout de la part de ceux qui ach\u00e8tent des tickets de loterie Mega Sena en dehors du pays sud-am\u00e9ricain. Vous vous demandez peut-\u00eatre si vous devez prendre l&#8217;avion jusqu&#8217;\u00e0 ce pays d&#8217;Am\u00e9rique du Sud pour r\u00e9clamer votre prix. Mais ce n&#8217;est pas du tout n\u00e9cessaire, bien que si vous avez envie d&#8217;une visite pour profiter des sites, alors n&#8217;h\u00e9sitez pas \u00e0 r\u00e9server un vol.<\/p>\n<p>Cependant, si vous cherchez un moyen simple de jouer \u00e0 la loterie et de r\u00e9clamer vos gains sans tout le stress, jouer en ligne est une excellente fa\u00e7on de le faire.<\/p>\n<p>Lorsque vous vous inscrivez chez nous, nous allons encore plus loin en vous assurant que vous pouvez participer aux loteries internationales de votre choix, y compris la loterie Mega Sena. De plus, vous pouvez facilement retirer vos gains de notre site vers votre compte. Jouer \u00e0 la loterie n&#8217;a jamais \u00e9t\u00e9 aussi facile.<\/p>\n<h2>Qu&#8217;en est-il de la Mega da Virada ?<\/h2>\n<p><img loading=\"lazy\" decoding=\"async\" class=\"alignright size-full wp-image-35593\" src=\"https:\/\/jackpotlotteryonline.com\/wp-content\/uploads\/2022\/11\/2_ticket_uk_lottery2-1-190x300-1.jpg\" alt=\"billet de loterie Mega Sena\" width=\"190\" height=\"300\" \/><\/p>\n<p>Nous sommes particuli\u00e8rement heureux que vous ayez pos\u00e9 cette question, car il s&#8217;agit de l&#8217;un des plus gros jackpots du moment. En fait, c&#8217;est le plus gros jackpot de l&#8217;ann\u00e9e au Br\u00e9sil et son montant peut atteindre 60 millions de dollars.<\/p>\n<p>Mega da Virada est un jackpot sp\u00e9cial de la loterie Mega Sena qui a lieu une fois par an. Le tirage du Mega da Virada a lieu le 31 octobre de chaque ann\u00e9e et donne aux joueurs la possibilit\u00e9 de gagner gros.<\/p>\n<p>Le Mega da Virada n&#8217;est pas reconductible, il faut donc le gagner ou le perdre pour l&#8217;ann\u00e9e.<\/p>\n<h2>Jours de tirage r\u00e9guliers du Mega Sena<\/h2>\n<p>Lorsque vous achetez des billets Mega Sena, vous avez la possibilit\u00e9 de participer au tirage le mercredi ou le samedi. Bien s\u00fbr, vous pouvez participer aux deux, ce que nous vous recommandons car cela augmente vos chances de gagner un prix.<\/p>\n<p>Si vous voulez vraiment augmenter vos chances de gagner le jackpot, vous devriez envisager de rejoindre un syndicat de loterie. L&#8217;avantage est que vous aurez acc\u00e8s \u00e0 un pool, ce qui vous permettra de participer \u00e0 plusieurs tirages sans d\u00e9penser tous vos fonds.<\/p>\n<h2>Paliers de prix<\/h2>\n<p>La loterie Mega Sena comporte trois niveaux de prix, dont le jackpot. Cela signifie qu&#8217;en dehors du prix du jackpot, les joueurs ont \u00e9galement la possibilit\u00e9 de gagner des prix dans deux autres cat\u00e9gories. Nous allons les \u00e9num\u00e9rer ci-dessous et vous montrer comment vous pouvez gagner dans ces cat\u00e9gories.<\/p>\n<p>Match 6 num\u00e9ros &#8211; Jackpot &#8211; 35 % du montant de la cagnotte<br \/>\nMatch 5 num\u00e9ros &#8211; Tier 2 &#8211; 19% de la cagnotte<br \/>\nCorrespondance de 4 num\u00e9ros &#8211; Niveau 3 &#8211; 19 % de la cagnotte.<\/p>\n<p><strong>Fait int\u00e9ressant : les chances de gagner un prix lorsque vous jouez un ticket unique de 6 num\u00e9ros sont de 1 sur 2 298.<\/strong><\/p>\n<h2>Inscrivez-vous sur notre site pour participer \u00e0 la loterie Mega Sena.<\/h2>\n<p>Ne laissez pas le fait de ne pas vivre en Am\u00e9rique du Sud vous emp\u00eacher de profiter de la loterie Mega Sena. Les chances de gagner sont grandes et les prix sont all\u00e9chants. Ainsi, si vous ne vivez pas au Br\u00e9sil, vous pouvez acheter des billets Mega Sena sur notre site en vous inscrivant sur notre site.<\/p>\n<p>Nous offrons une solution unique qui simplifie tout le processus de jeu de la loterie. Vous pouvez maintenant vous d\u00e9tendre et placer votre pari en toute simplicit\u00e9 car nous nous occupons de la partie stressante pour vous. Pourquoi ne pas acheter vos billets Mega Sena maintenant pour avoir une chance de gagner gros ?<\/p>\n","protected":false},"excerpt":{"rendered":"<p>Mega Sena est la plus grande loterie du Br\u00e9sil avec l&#8217;un des plus gros jackpots du monde. Il n&#8217;est pas \u00e9tonnant que les parieurs du monde entier soient impatients d&#8217;avoir une chance de gagner le jackpot. Il est int\u00e9ressant de noter que Mega Sena est \u00e9galement une loterie facile \u00e0 jouer, plus facile que beaucoup [&hellip;]<\/p>\n","protected":false},"author":1,"featured_media":0,"parent":35751,"menu_order":15,"comment_status":"closed","ping_status":"closed","template":"megasena-info.php","meta":{"_et_pb_use_builder":"","_et_pb_old_content":"","_et_gb_content_width":"","exclude_from_search":false,"footnotes":""},"class_list":["post-36989","page","type-page","status-publish","hentry"],"yoast_head":"<!-- This site is optimized with the Yoast SEO plugin v23.3 - https:\/\/yoast.com\/wordpress\/plugins\/seo\/ -->\n<title>Achetez des billets Mega Sena depuis l&#039;ext\u00e9rieur du Br\u00e9sil | Obtenez des billets Mega Sena en ligne<\/title>\n<meta name=\"description\" content=\"Vous n&#039;avez pas besoin d&#039;\u00eatre au Br\u00e9sil pour participer \u00e0 Mega Sena, achetez votre billet Mega Sena en ligne sur notre site web.\" \/>\n<meta name=\"robots\" content=\"index, follow, max-snippet:-1, max-image-preview:large, max-video-preview:-1\" \/>\n<link rel=\"canonical\" href=\"https:\/\/jackpotlotteryonline.com\/fr\/acheter-tickets\/mega-sena\/\" \/>\n<meta property=\"og:locale\" content=\"fr_FR\" \/>\n<meta property=\"og:type\" content=\"article\" \/>\n<meta property=\"og:title\" content=\"Achetez des billets Mega Sena depuis l&#039;ext\u00e9rieur du Br\u00e9sil | Obtenez des billets Mega Sena en ligne\" \/>\n<meta property=\"og:description\" content=\"Vous n&#039;avez pas besoin d&#039;\u00eatre au Br\u00e9sil pour participer \u00e0 Mega Sena, achetez votre billet Mega Sena en ligne sur notre site web.\" \/>\n<meta property=\"og:url\" content=\"https:\/\/jackpotlotteryonline.com\/fr\/acheter-tickets\/mega-sena\/\" \/>\n<meta property=\"og:site_name\" content=\"Lotto Online - Crack The International Lottery Jackpots\" \/>\n<meta property=\"article:modified_time\" content=\"2022-12-24T08:24:24+00:00\" \/>\n<meta property=\"og:image\" content=\"https:\/\/jackpotlotteryonline.com\/wp-content\/uploads\/2022\/11\/1_online_ticket_eurojackpot2.jpg\" \/>\n<meta name=\"twitter:card\" content=\"summary_large_image\" \/>\n<meta name=\"twitter:label1\" content=\"Dur\u00e9e de lecture estim\u00e9e\" \/>\n\t<meta name=\"twitter:data1\" content=\"6 minutes\" \/>\n<!-- \/ Yoast SEO plugin. -->","yoast_head_json":{"title":"Achetez des billets Mega Sena depuis l'ext\u00e9rieur du Br\u00e9sil | Obtenez des billets Mega Sena en ligne","description":"Vous n'avez pas besoin d'\u00eatre au Br\u00e9sil pour participer \u00e0 Mega Sena, achetez votre billet Mega Sena en ligne sur notre site web.","robots":{"index":"index","follow":"follow","max-snippet":"max-snippet:-1","max-image-preview":"max-image-preview:large","max-video-preview":"max-video-preview:-1"},"canonical":"https:\/\/jackpotlotteryonline.com\/fr\/acheter-tickets\/mega-sena\/","og_locale":"fr_FR","og_type":"article","og_title":"Achetez des billets Mega Sena depuis l'ext\u00e9rieur du Br\u00e9sil | Obtenez des billets Mega Sena en ligne","og_description":"Vous n'avez pas besoin d'\u00eatre au Br\u00e9sil pour participer \u00e0 Mega Sena, achetez votre billet Mega Sena en ligne sur notre site web.","og_url":"https:\/\/jackpotlotteryonline.com\/fr\/acheter-tickets\/mega-sena\/","og_site_name":"Lotto Online - Crack The International Lottery Jackpots","article_modified_time":"2022-12-24T08:24:24+00:00","og_image":[{"url":"https:\/\/jackpotlotteryonline.com\/wp-content\/uploads\/2022\/11\/1_online_ticket_eurojackpot2.jpg"}],"twitter_card":"summary_large_image","twitter_misc":{"Dur\u00e9e de lecture estim\u00e9e":"6 minutes"},"schema":{"@context":"https:\/\/schema.org","@graph":[{"@type":"WebPage","@id":"https:\/\/jackpotlotteryonline.com\/fr\/acheter-tickets\/mega-sena\/","url":"https:\/\/jackpotlotteryonline.com\/fr\/acheter-tickets\/mega-sena\/","name":"Achetez des billets Mega Sena depuis l'ext\u00e9rieur du Br\u00e9sil | Obtenez des billets Mega Sena en ligne","isPartOf":{"@id":"https:\/\/jackpotlotteryonline.com\/#website"},"primaryImageOfPage":{"@id":"https:\/\/jackpotlotteryonline.com\/fr\/acheter-tickets\/mega-sena\/#primaryimage"},"image":{"@id":"https:\/\/jackpotlotteryonline.com\/fr\/acheter-tickets\/mega-sena\/#primaryimage"},"thumbnailUrl":"https:\/\/jackpotlotteryonline.com\/wp-content\/uploads\/2022\/11\/1_online_ticket_eurojackpot2.jpg","datePublished":"2022-11-09T12:44:02+00:00","dateModified":"2022-12-24T08:24:24+00:00","description":"Vous n'avez pas besoin d'\u00eatre au Br\u00e9sil pour participer \u00e0 Mega Sena, achetez votre billet Mega Sena en ligne sur notre site web.","breadcrumb":{"@id":"https:\/\/jackpotlotteryonline.com\/fr\/acheter-tickets\/mega-sena\/#breadcrumb"},"inLanguage":"fr-FR","potentialAction":[{"@type":"ReadAction","target":["https:\/\/jackpotlotteryonline.com\/fr\/acheter-tickets\/mega-sena\/"]}]},{"@type":"ImageObject","inLanguage":"fr-FR","@id":"https:\/\/jackpotlotteryonline.com\/fr\/acheter-tickets\/mega-sena\/#primaryimage","url":"https:\/\/jackpotlotteryonline.com\/wp-content\/uploads\/2022\/11\/1_online_ticket_eurojackpot2.jpg","contentUrl":"https:\/\/jackpotlotteryonline.com\/wp-content\/uploads\/2022\/11\/1_online_ticket_eurojackpot2.jpg"},{"@type":"BreadcrumbList","@id":"https:\/\/jackpotlotteryonline.com\/fr\/acheter-tickets\/mega-sena\/#breadcrumb","itemListElement":[{"@type":"ListItem","position":1,"name":"Home","item":"https:\/\/jackpotlotteryonline.com\/fr\/"},{"@type":"ListItem","position":2,"name":"Comment acheter des billets de loterie en ligne","item":"https:\/\/jackpotlotteryonline.com\/fr\/acheter-tickets\/"},{"@type":"ListItem","position":3,"name":"Acheter des billets Mega Sena"}]},{"@type":"WebSite","@id":"https:\/\/jackpotlotteryonline.com\/#website","url":"https:\/\/jackpotlotteryonline.com\/","name":"Lotto Online - Crack The International Lottery Jackpots","description":"","potentialAction":[{"@type":"SearchAction","target":{"@type":"EntryPoint","urlTemplate":"https:\/\/jackpotlotteryonline.com\/?s={search_term_string}"},"query-input":"required name=search_term_string"}],"inLanguage":"fr-FR"}]}},"_links":{"self":[{"href":"https:\/\/jackpotlotteryonline.com\/fr\/wp-json\/wp\/v2\/pages\/36989","targetHints":{"allow":["GET"]}}],"collection":[{"href":"https:\/\/jackpotlotteryonline.com\/fr\/wp-json\/wp\/v2\/pages"}],"about":[{"href":"https:\/\/jackpotlotteryonline.com\/fr\/wp-json\/wp\/v2\/types\/page"}],"author":[{"embeddable":true,"href":"https:\/\/jackpotlotteryonline.com\/fr\/wp-json\/wp\/v2\/users\/1"}],"replies":[{"embeddable":true,"href":"https:\/\/jackpotlotteryonline.com\/fr\/wp-json\/wp\/v2\/comments?post=36989"}],"version-history":[{"count":0,"href":"https:\/\/jackpotlotteryonline.com\/fr\/wp-json\/wp\/v2\/pages\/36989\/revisions"}],"up":[{"embeddable":true,"href":"https:\/\/jackpotlotteryonline.com\/fr\/wp-json\/wp\/v2\/pages\/35751"}],"wp:attachment":[{"href":"https:\/\/jackpotlotteryonline.com\/fr\/wp-json\/wp\/v2\/media?parent=36989"}],"curies":[{"name":"wp","href":"https:\/\/api.w.org\/{rel}","templated":true}]}}