{"id":37043,"date":"2022-11-10T06:41:01","date_gmt":"2022-11-10T06:41:01","guid":{"rendered":"https:\/\/jackpotlotteryonline.com\/?page_id=37043"},"modified":"2023-01-06T09:38:12","modified_gmt":"2023-01-06T09:38:12","slug":"new-york-lottery","status":"publish","type":"page","link":"https:\/\/jackpotlotteryonline.com\/fr\/acheter-tickets\/new-york-lottery\/","title":{"rendered":"Billets de la loterie de New York"},"content":{"rendered":"<p>Si vous \u00eates \u00e0 la recherche d&#8217;une loterie qui a une histoire color\u00e9e, alors le New York Lotto est votre meilleur pari. Impr\u00e9gn\u00e9e d&#8217;histoire et de scandale, c&#8217;est aussi une loterie qui a \u00e9t\u00e9 fond\u00e9e pour une bonne cause. <a href=\"https:\/\/jackpotlotteryonline.com\/fr\/comment-jouer\/new-york-lottery-2\">Jouer \u00e0 la loterie<\/a> est un bon moyen de s&#8217;amuser et cela vous donne aussi quelque chose \u00e0 attendre avec impatience.<\/p>\n<p>Pour les joueurs en dehors des Etats-Unis qui souhaitent acheter des billets pour cette loterie, vous pouvez le faire en visitant jackpotlotteryonline.com. Nous donnons aux joueurs l&#8217;acc\u00e8s aux meilleures loteries internationales, o\u00f9 qu&#8217;ils se trouvent dans le monde.<\/p>\n<h2>Un bref historique du New York Lotto<\/h2>\n<p>Il s&#8217;agit d&#8217;une loterie g\u00e9r\u00e9e par le gouvernement de l&#8217;\u00c9tat de New York, aux \u00c9tats-Unis. Elle a \u00e9t\u00e9 cr\u00e9\u00e9e en 1967 pour aider \u00e0 financer l&#8217;\u00e9ducation dans l&#8217;\u00c9tat. Les citoyens de l&#8217;\u00c9tat ont vot\u00e9 par r\u00e9f\u00e9rendum pour que la constitution soit modifi\u00e9e afin d&#8217;autoriser une loterie g\u00e9r\u00e9e par l&#8217;\u00c9tat. Il est int\u00e9ressant de noter que le premier slogan de la loterie \u00e9tait &#8220;La chance de votre vie pour aider l&#8217;\u00e9ducation&#8221;.<\/p>\n<p>Donc si vous avez besoin de vous sentir bien en jouant \u00e0 la loterie, alors cette loterie est une bonne opportunit\u00e9 pour vous. Non seulement vous aurez la chance de gagner gros, mais vous saurez que vous faites une bonne action dans le processus.<\/p>\n<p>Un autre fait int\u00e9ressant est que, tr\u00e8s t\u00f4t, cette loterie a \u00e9t\u00e9 frapp\u00e9e par un scandale, non pas une mais deux fois. En 1975-6, les ventes ont \u00e9t\u00e9 suspendues parce qu&#8217;il a \u00e9t\u00e9 d\u00e9couvert que des tickets invendus \u00e9taient d\u00e9clar\u00e9s gagnants. Puis, dans les ann\u00e9es 1980, des employ\u00e9s de l&#8217;\u00c9tat ont manipul\u00e9 les r\u00e9sultats en faveur de leur famille et de leurs amis. Cette \u00e9poque est r\u00e9volue depuis longtemps et le loto est devenu l&#8217;une des loteries les plus fiables du pays.<\/p>\n<h2>Comment acheter des tickets de loterie en dehors des \u00c9tats-Unis ?<\/h2>\n<p><img loading=\"lazy\" decoding=\"async\" class=\"alignright size-full wp-image-26402\" src=\"https:\/\/jackpotlotteryonline.com\/wp-content\/uploads\/2022\/11\/1_buy_online_ticket_powerball.jpg\" alt=\"Prix de la loterie de New York\" width=\"300\" height=\"194\" \/><\/p>\n<p>Si vous ne vivez pas aux \u00c9tats-Unis, il n&#8217;existe qu&#8217;un seul moyen l\u00e9gitime d&#8217;acheter des billets de loterie. Il s&#8217;agit de les acheter sur Internet aupr\u00e8s d&#8217;un vendeur de billets de loterie en ligne comme jackpotlotteryonline.com.<\/p>\n<p>Pour acheter les billets, il vous suffit de vous rendre sur le site et de cliquer sur la loterie de votre choix. Ensuite, choisissez six num\u00e9ros entre 1 et 59. N&#8217;h\u00e9sitez pas \u00e0 acheter plusieurs lignes d&#8217;entr\u00e9e pour augmenter vos chances de gagner. Une fois que vous avez choisi vos num\u00e9ros, entrez dans le tirage de votre choix et effectuez le paiement.<\/p>\n<p>Jouer \u00e0 la loterie depuis l&#8217;ext\u00e9rieur des \u00c9tats-Unis via Internet est l\u00e9gal et l\u00e9gitime. Cela ouvre \u00e9galement un monde de possibilit\u00e9s aux joueurs du monde entier. Vous n&#8217;avez plus besoin d&#8217;\u00eatre limit\u00e9 par la g\u00e9ographie car vous pouvez facilement parier sans fronti\u00e8res.<\/p>\n<h2>Le num\u00e9ro de bonus<\/h2>\n<p>Oui, il existe un num\u00e9ro bonus et c&#8217;est le septi\u00e8me num\u00e9ro qui est tir\u00e9 au sort. Le num\u00e9ro bonus n&#8217;est pas utilis\u00e9 pour d\u00e9terminer le prix du jackpot, mais il est utilis\u00e9 pour le deuxi\u00e8me prix. Pour gagner le deuxi\u00e8me prix, le joueur doit obtenir les six num\u00e9ros tir\u00e9s et le num\u00e9ro bonus.<\/p>\n<section class=\"layout\" style=\"border: solid 1px; width: 100%;\">\n<div class=\"img-div\" style=\"margin-top: 5px;\"><img decoding=\"async\" class=\"wp-image-17212 alignleft\" style=\"height: 45px; margin: 8px 8px 0px;\" src=\"https:\/\/jackpotlotteryonline.com\/wp-content\/uploads\/2022\/11\/read1.jpg\" alt=\"lire\" width=\"\" height=\"\" \/><\/div>\n<div style=\"padding-left: 5px;\">\n<div style=\"font-size: 1.1em;\">\n<p><strong>Conseils sur la loterie<\/strong><\/p>\n<p style=\"font-size: 0.85em; margin-top: -1.5em;\">Conseils pour gagner \u00e0 la loterie\u00a0<a href=\"https:\/\/jackpotlotteryonline.com\/fr\/les-astuces-qui-vous-aident-a-gagner-a-la-loterie\"> en savoir plus<\/a><\/p>\n<\/div>\n<\/div>\n<\/section>\n<h2>Les cat\u00e9gories de prix<\/h2>\n<p>Les chances de gagner un prix sont de 1 sur 92,05. La r\u00e9partition des prix est fonction des ventes globales. Ainsi, pour chaque loto, 40 % des ventes sont attribu\u00e9es comme prix. Le jackpot est un pourcentage de cette somme et n&#8217;est pas un montant fixe. Les cat\u00e9gories de prix sont d\u00e9crites ci-dessous :<\/p>\n<p>Cat\u00e9gorie 1 : 6 num\u00e9ros &#8211; jackpot (30%)<br \/>\nCat\u00e9gorie 2 : 5 + num\u00e9ro bonus &#8211; 2,9 % des ventes<br \/>\nCat\u00e9gorie 3 : 5 num\u00e9ros &#8211; 2,2% des ventes<br \/>\nCat\u00e9gorie 4 : 4 num\u00e9ros &#8211; 2,5% des ventes<br \/>\nCat\u00e9gorie 5 : 3 num\u00e9ros &#8211; 2,4% des ventes<\/p>\n<h2>Jours de tirage du New York Lotto<\/h2>\n<p><a href=\"https:\/\/jackpotlotteryonline.com\/fr\/numeros-gagnants\/new-york-lottery\">La loterie de New York (comme on l&#8217;appelle parfois) a deux jours de tirage par semaine<\/a>. Ce sont les mercredis et les samedis. Vous pouvez donc vous inscrire pour plusieurs jours de tirage plusieurs semaines \u00e0 l&#8217;avance.<\/p>\n<p>Pour savoir si vous avez gagn\u00e9 un prix, vous pouvez regarder les tirages \u00e0 la t\u00e9l\u00e9vision ou v\u00e9rifier les r\u00e9sultats des tirages dans les journaux. Toutefois, cela peut facilement devenir fastidieux, surtout si vous \u00eates occup\u00e9 \u00e0 ce moment-l\u00e0. Pour une alternative plus simple, inscrivez-vous sur notre site et nous vous alerterons imm\u00e9diatement si vous gagnez.<\/p>\n<h2>Pourquoi devriez-vous jouer \u00e0 la loterie de New York ?<\/h2>\n<p>Lorsque vous pensez au fait que le montant du prix est d\u00e9termin\u00e9 par les ventes, vous pouvez vous d\u00e9courager. Que se passe-t-il si les ventes ne sont pas bonnes ? Cela signifie que le prix du jackpot pourrait \u00eatre consid\u00e9rablement r\u00e9duit. C&#8217;est une crainte r\u00e9elle \u00e0 laquelle les parieurs sont confront\u00e9s lorsqu&#8217;ils jouent \u00e0 cette loterie.<\/p>\n<p>Mais plusieurs \u00e9l\u00e9ments jouent en faveur de la loterie g\u00e9r\u00e9e par le gouvernement de l&#8217;\u00c9tat de New York. La premi\u00e8re est que cette loterie suscite beaucoup d&#8217;int\u00e9r\u00eat et que les ventes sont encore assez bonnes. Le jackpot n&#8217;est pas aussi important que celui de certaines autres loteries internationales, mais les joueurs peuvent gagner jusqu&#8217;\u00e0 10 millions de dollars.<\/p>\n<p>De plus, les chances de gagner un prix sont beaucoup plus \u00e9lev\u00e9es que dans d&#8217;autres loteries avec des jackpots plus importants. Bien que certains parieurs ne consid\u00e8rent pas qu&#8217;il s&#8217;agit d&#8217;un pari \u00e0 fort enjeu, les chances favorables rendent l&#8217;affaire plus int\u00e9ressante. De plus, le prix du jackpot n&#8217;est pas du tout mauvais et peut encore rendre les gagnants millionnaires.<\/p>\n<h2>Inscrivez-vous avec nous pour une exp\u00e9rience sans stress<\/h2>\n<p><img loading=\"lazy\" decoding=\"async\" class=\"size-full wp-image-35321 alignright\" src=\"https:\/\/jackpotlotteryonline.com\/wp-content\/uploads\/2022\/11\/2_ticket_superenalotto-1.jpg\" alt=\"Billet de loterie de New York\" width=\"228\" height=\"300\" \/><\/p>\n<p>Jouer au New York Lotto est facile et sans souci lorsque vous vous inscrivez chez nous. Lorsque vous visitez notre site, vous trouverez un large \u00e9ventail de loteries internationales auxquelles vous pouvez participer. Prenez un ticket et pariez sur la loterie de votre choix et choisissez des entr\u00e9es multiples si vous le souhaitez. Si vous n&#8217;\u00eates pas s\u00fbr des num\u00e9ros \u00e0 choisir, notre outil de s\u00e9lection automatique vous aidera \u00e0 le faire.<\/p>\n<p>Une fois que vous avez choisi vos num\u00e9ros, entrez dans les tirages et rendez-vous dans la zone de paiement. \u00c0 ce stade, nous vous demanderons de vous inscrire. Et ce, pour les raisons suivantes :<\/p>\n<ul>\n<li>Lorsque vous vous inscrivez, vous pouvez vous assurer que vos billets sont conserv\u00e9s en s\u00e9curit\u00e9 afin que vous puissiez facilement r\u00e9clamer les prix que vous gagnez.<\/li>\n<li>Si vous gagnez un prix, vous recevrez une alerte sur votre tableau de bord et par e-mail.<\/li>\n<li>Le retrait de votre prix n&#8217;a jamais \u00e9t\u00e9 aussi facile, car vous pouvez le faire directement sur notre plateforme.<\/li>\n<\/ul>\n<h2>Comment savez-vous que vous participez \u00e0 la loterie ?<\/h2>\n<p>C&#8217;est une question l\u00e9gitime car il existe plusieurs services qui vendent des billets de loterie, mais qui ne vous donnent pas acc\u00e8s \u00e0 la loterie. Ce qu&#8217;ils font, c&#8217;est qu&#8217;ils vous donnent la possibilit\u00e9 de parier contre le jackpot. Ainsi, m\u00eame si vous gagnez, vous ne pouvez obtenir qu&#8217;une fraction du montant du jackpot. Nous ne faisons pas cela.<\/p>\n<p>Nous g\u00e9rons un service de conciergerie qui garantit \u00e0 nos clients un acc\u00e8s en temps r\u00e9el aux loteries de leur choix. Lorsque vous achetez une inscription, nos agents \u00e0 New York ach\u00e8tent \u00e9galement un ticket physique avec vos num\u00e9ros pr\u00e9f\u00e9r\u00e9s. Cela signifie que si vos num\u00e9ros correspondent aux num\u00e9ros tir\u00e9s, vous avez gagn\u00e9 le jackpot.<\/p>\n<p>C&#8217;est le moment de mentionner que la loterie est un jeu de hasard. Il n&#8217;y a donc aucun moyen de d\u00e9terminer qui va gagner. Ce que nous savons, c&#8217;est que le seul moyen d&#8217;avoir une chance de gagner est de placer un pari. C&#8217;est pourquoi nous mettons tout en \u0153uvre pour que nos clients aient cette possibilit\u00e9.<\/p>\n<h2>Jouez au loto de New York en ligne aujourd&#8217;hui<\/h2>\n<p>Il est temps d&#8217;arr\u00eater de penser \u00e0 acheter un ticket de loterie et d&#8217;en acheter un. Cela pourrait \u00eatre le d\u00e9but de l&#8217;aventure d&#8217;une vie. Alors pourquoi ne pas nous rendre visite aujourd&#8217;hui \u00e0 jackpotlotteryonline.com pour placer un pari de n&#8217;importe o\u00f9 dans le monde ? Vous ne savez jamais quand vous gagnerez \u00e0 la loterie.<\/p>\n","protected":false},"excerpt":{"rendered":"<p>Si vous \u00eates \u00e0 la recherche d&#8217;une loterie qui a une histoire color\u00e9e, alors le New York Lotto est votre meilleur pari. Impr\u00e9gn\u00e9e d&#8217;histoire et de scandale, c&#8217;est aussi une loterie qui a \u00e9t\u00e9 fond\u00e9e pour une bonne cause. Jouer \u00e0 la loterie est un bon moyen de s&#8217;amuser et cela vous donne aussi quelque [&hellip;]<\/p>\n","protected":false},"author":1,"featured_media":0,"parent":35751,"menu_order":14,"comment_status":"closed","ping_status":"closed","template":"newyork-info.php","meta":{"_et_pb_use_builder":"","_et_pb_old_content":"","_et_gb_content_width":"","exclude_from_search":false,"footnotes":""},"class_list":["post-37043","page","type-page","status-publish","hentry"],"yoast_head":"<!-- This site is optimized with the Yoast SEO plugin v23.3 - https:\/\/yoast.com\/wordpress\/plugins\/seo\/ -->\n<title>Acheter des billets pour la loterie de New York depuis l&#039;ext\u00e9rieur des \u00c9tats-Unis | Obtenir des billets de la loterie de New York en ligne.<\/title>\n<meta name=\"description\" content=\"Vous voulez acheter des billets pour la loterie de New York, mais vous ne vivez pas aux \u00c9tats-Unis ? Obtenez vos billets de loterie en ligne ici.\" \/>\n<meta name=\"robots\" content=\"index, follow, max-snippet:-1, max-image-preview:large, max-video-preview:-1\" \/>\n<link rel=\"canonical\" href=\"https:\/\/jackpotlotteryonline.com\/fr\/acheter-tickets\/new-york-lottery\/\" \/>\n<meta property=\"og:locale\" content=\"fr_FR\" \/>\n<meta property=\"og:type\" content=\"article\" \/>\n<meta property=\"og:title\" content=\"Acheter des billets pour la loterie de New York depuis l&#039;ext\u00e9rieur des \u00c9tats-Unis | Obtenir des billets de la loterie de New York en ligne.\" \/>\n<meta property=\"og:description\" content=\"Vous voulez acheter des billets pour la loterie de New York, mais vous ne vivez pas aux \u00c9tats-Unis ? Obtenez vos billets de loterie en ligne ici.\" \/>\n<meta property=\"og:url\" content=\"https:\/\/jackpotlotteryonline.com\/fr\/acheter-tickets\/new-york-lottery\/\" \/>\n<meta property=\"og:site_name\" content=\"Lotto Online - Crack The International Lottery Jackpots\" \/>\n<meta property=\"article:modified_time\" content=\"2023-01-06T09:38:12+00:00\" \/>\n<meta property=\"og:image\" content=\"https:\/\/jackpotlotteryonline.com\/wp-content\/uploads\/2022\/11\/1_buy_online_ticket_powerball.jpg\" \/>\n<meta name=\"twitter:card\" content=\"summary_large_image\" \/>\n<meta name=\"twitter:label1\" content=\"Dur\u00e9e de lecture estim\u00e9e\" \/>\n\t<meta name=\"twitter:data1\" content=\"7 minutes\" \/>\n<!-- \/ Yoast SEO plugin. -->","yoast_head_json":{"title":"Acheter des billets pour la loterie de New York depuis l'ext\u00e9rieur des \u00c9tats-Unis | Obtenir des billets de la loterie de New York en ligne.","description":"Vous voulez acheter des billets pour la loterie de New York, mais vous ne vivez pas aux \u00c9tats-Unis ? Obtenez vos billets de loterie en ligne ici.","robots":{"index":"index","follow":"follow","max-snippet":"max-snippet:-1","max-image-preview":"max-image-preview:large","max-video-preview":"max-video-preview:-1"},"canonical":"https:\/\/jackpotlotteryonline.com\/fr\/acheter-tickets\/new-york-lottery\/","og_locale":"fr_FR","og_type":"article","og_title":"Acheter des billets pour la loterie de New York depuis l'ext\u00e9rieur des \u00c9tats-Unis | Obtenir des billets de la loterie de New York en ligne.","og_description":"Vous voulez acheter des billets pour la loterie de New York, mais vous ne vivez pas aux \u00c9tats-Unis ? Obtenez vos billets de loterie en ligne ici.","og_url":"https:\/\/jackpotlotteryonline.com\/fr\/acheter-tickets\/new-york-lottery\/","og_site_name":"Lotto Online - Crack The International Lottery Jackpots","article_modified_time":"2023-01-06T09:38:12+00:00","og_image":[{"url":"https:\/\/jackpotlotteryonline.com\/wp-content\/uploads\/2022\/11\/1_buy_online_ticket_powerball.jpg"}],"twitter_card":"summary_large_image","twitter_misc":{"Dur\u00e9e de lecture estim\u00e9e":"7 minutes"},"schema":{"@context":"https:\/\/schema.org","@graph":[{"@type":"WebPage","@id":"https:\/\/jackpotlotteryonline.com\/fr\/acheter-tickets\/new-york-lottery\/","url":"https:\/\/jackpotlotteryonline.com\/fr\/acheter-tickets\/new-york-lottery\/","name":"Acheter des billets pour la loterie de New York depuis l'ext\u00e9rieur des \u00c9tats-Unis | Obtenir des billets de la loterie de New York en ligne.","isPartOf":{"@id":"https:\/\/jackpotlotteryonline.com\/#website"},"primaryImageOfPage":{"@id":"https:\/\/jackpotlotteryonline.com\/fr\/acheter-tickets\/new-york-lottery\/#primaryimage"},"image":{"@id":"https:\/\/jackpotlotteryonline.com\/fr\/acheter-tickets\/new-york-lottery\/#primaryimage"},"thumbnailUrl":"https:\/\/jackpotlotteryonline.com\/wp-content\/uploads\/2022\/11\/1_buy_online_ticket_powerball.jpg","datePublished":"2022-11-10T06:41:01+00:00","dateModified":"2023-01-06T09:38:12+00:00","description":"Vous voulez acheter des billets pour la loterie de New York, mais vous ne vivez pas aux \u00c9tats-Unis ? Obtenez vos billets de loterie en ligne ici.","breadcrumb":{"@id":"https:\/\/jackpotlotteryonline.com\/fr\/acheter-tickets\/new-york-lottery\/#breadcrumb"},"inLanguage":"fr-FR","potentialAction":[{"@type":"ReadAction","target":["https:\/\/jackpotlotteryonline.com\/fr\/acheter-tickets\/new-york-lottery\/"]}]},{"@type":"ImageObject","inLanguage":"fr-FR","@id":"https:\/\/jackpotlotteryonline.com\/fr\/acheter-tickets\/new-york-lottery\/#primaryimage","url":"https:\/\/jackpotlotteryonline.com\/wp-content\/uploads\/2022\/11\/1_buy_online_ticket_powerball.jpg","contentUrl":"https:\/\/jackpotlotteryonline.com\/wp-content\/uploads\/2022\/11\/1_buy_online_ticket_powerball.jpg"},{"@type":"BreadcrumbList","@id":"https:\/\/jackpotlotteryonline.com\/fr\/acheter-tickets\/new-york-lottery\/#breadcrumb","itemListElement":[{"@type":"ListItem","position":1,"name":"Home","item":"https:\/\/jackpotlotteryonline.com\/fr\/"},{"@type":"ListItem","position":2,"name":"Comment acheter des billets de loterie en ligne","item":"https:\/\/jackpotlotteryonline.com\/fr\/acheter-tickets\/"},{"@type":"ListItem","position":3,"name":"Billets de la loterie de New York"}]},{"@type":"WebSite","@id":"https:\/\/jackpotlotteryonline.com\/#website","url":"https:\/\/jackpotlotteryonline.com\/","name":"Lotto Online - Crack The International Lottery Jackpots","description":"","potentialAction":[{"@type":"SearchAction","target":{"@type":"EntryPoint","urlTemplate":"https:\/\/jackpotlotteryonline.com\/?s={search_term_string}"},"query-input":"required name=search_term_string"}],"inLanguage":"fr-FR"}]}},"_links":{"self":[{"href":"https:\/\/jackpotlotteryonline.com\/fr\/wp-json\/wp\/v2\/pages\/37043","targetHints":{"allow":["GET"]}}],"collection":[{"href":"https:\/\/jackpotlotteryonline.com\/fr\/wp-json\/wp\/v2\/pages"}],"about":[{"href":"https:\/\/jackpotlotteryonline.com\/fr\/wp-json\/wp\/v2\/types\/page"}],"author":[{"embeddable":true,"href":"https:\/\/jackpotlotteryonline.com\/fr\/wp-json\/wp\/v2\/users\/1"}],"replies":[{"embeddable":true,"href":"https:\/\/jackpotlotteryonline.com\/fr\/wp-json\/wp\/v2\/comments?post=37043"}],"version-history":[{"count":0,"href":"https:\/\/jackpotlotteryonline.com\/fr\/wp-json\/wp\/v2\/pages\/37043\/revisions"}],"up":[{"embeddable":true,"href":"https:\/\/jackpotlotteryonline.com\/fr\/wp-json\/wp\/v2\/pages\/35751"}],"wp:attachment":[{"href":"https:\/\/jackpotlotteryonline.com\/fr\/wp-json\/wp\/v2\/media?parent=37043"}],"curies":[{"name":"wp","href":"https:\/\/api.w.org\/{rel}","templated":true}]}}