{"id":37095,"date":"2022-11-10T08:53:07","date_gmt":"2022-11-10T08:53:07","guid":{"rendered":"https:\/\/jackpotlotteryonline.com\/?page_id=37095"},"modified":"2023-01-04T08:39:11","modified_gmt":"2023-01-04T08:39:11","slug":"thunderball","status":"publish","type":"page","link":"https:\/\/jackpotlotteryonline.com\/fr\/acheter-tickets\/thunderball\/","title":{"rendered":"Acheter des billets pour Thunderball"},"content":{"rendered":"<p>Ce ne sont pas les loteries qui manquent pour les joueurs au Royaume-Uni. Des jeux de loto aux jeux de rente, il y en a pour tous les go\u00fbts et presque tous les jours aussi. Mais l&#8217;un des jeux pr\u00e9f\u00e9r\u00e9s des parieurs est le Thunderball. Il est int\u00e9ressant car il s&#8217;agit d&#8217;une loterie qui n&#8217;offre pas un jackpot valant des millions de livres. En fait, nous pouvons vous garantir que m\u00eame si vous gagnez le jackpot, vous ne serez pas millionnaire. Alors pourquoi les joueurs semblent-ils aimer cette loterie ?<\/p>\n<p>La raison est simple : les chances de gagner sont bien meilleures que dans d&#8217;autres jeux aux jackpots plus importants. Avec quatre tirages hebdomadaires et un jackpot bien garni, il n&#8217;est pas \u00e9tonnant que les amateurs de loto affluent vers cette loterie chaque semaine.<\/p>\n<p>Si vous ne vivez pas au Royaume-Uni, vous pouvez \u00e9galement participer \u00e0 tous les tirages. Visitez jackpotlotteryonline.com pour un moyen efficace et sans stress d&#8217;acheter des billets de loterie o\u00f9 que vous soyez.<\/p>\n<h2>Comment fonctionne le Thunderball ?<\/h2>\n<p><img loading=\"lazy\" decoding=\"async\" class=\"alignright size-medium wp-image-30425\" src=\"https:\/\/jackpotlotteryonline.com\/wp-content\/uploads\/2022\/11\/1_you_win_jackpot-300x300.jpg\" alt=\"Comment jouer au Thunderball\" width=\"300\" height=\"300\" srcset=\"https:\/\/jackpotlotteryonline.com\/wp-content\/uploads\/2022\/11\/1_you_win_jackpot-300x300.jpg 300w, https:\/\/jackpotlotteryonline.com\/wp-content\/uploads\/2022\/11\/1_you_win_jackpot-100x100.jpg 100w, https:\/\/jackpotlotteryonline.com\/wp-content\/uploads\/2022\/11\/1_you_win_jackpot-150x150.jpg 150w, https:\/\/jackpotlotteryonline.com\/wp-content\/uploads\/2022\/11\/1_you_win_jackpot.jpg 320w\" sizes=\"auto, (max-width: 300px) 100vw, 300px\" \/><\/p>\n<p>Cette loterie britannique est simple et facile \u00e0 jouer et les joueurs de loto exp\u00e9riment\u00e9s ne devraient avoir aucun probl\u00e8me avec cette loterie britannique.<\/p>\n<p>Pour<a href=\"https:\/\/jackpotlotteryonline.com\/fr\/comment-jouer\/thunderball\"> jouer \u00e0 cette loterie britannique<\/a>, les joueurs doivent choisir cinq num\u00e9ros principaux entre 1 et 39 et un num\u00e9ro sp\u00e9cial entre 1 et 14. Le num\u00e9ro sp\u00e9cial est appel\u00e9 Thunderball.<\/p>\n<p>Apr\u00e8s avoir choisi vos num\u00e9ros, l&#8217;\u00e9tape suivante consiste \u00e0<a href=\"https:\/\/jackpotlotteryonline.com\/fr\/numeros-gagnants\/thunderball\"> participer aux tirages et \u00e0 attendre les r\u00e9sultats<\/a>. Nous avons d\u00e9j\u00e0 mentionn\u00e9 qu&#8217;elle propose quatre tirages hebdomadaires. Cela repr\u00e9sente quatre occasions de gagner le jackpot ! Les tirages ont lieu les mardi, mercredi, jeudi et samedi.<\/p>\n<h2>Est-il l\u00e9gal d&#8217;acheter un billet de loterie britannique en ligne ?<\/h2>\n<p>La question de savoir si l&#8217;on peut ou non participer \u00e0 la loterie par Internet est une pr\u00e9occupation l\u00e9gitime. Il est vrai qu&#8217;il existe des arnaques et qu&#8217;il serait stupide de ne pas en tenir compte. Cependant, il existe des sites de loterie l\u00e9gitimes qui vendent des billets pour les loteries du monde entier et cela est parfaitement l\u00e9gal.<\/p>\n<p>Tout d&#8217;abord, cette loterie britannique n&#8217;est pas limit\u00e9e aux citoyens du Royaume-Uni. La seule restriction est g\u00e9ographique dans la mesure o\u00f9 les tickets physiques sont vendus par des vendeurs dans le pays. L&#8217;achat de vos tickets en ligne est le seul moyen de jouer \u00e0 la loterie depuis l&#8217;ext\u00e9rieur du pays.<\/p>\n<p>Avant d&#8217;acheter un bulletin de loterie, assurez-vous que vous faites appel \u00e0 un vendeur de loterie l\u00e9gitime, en particulier un vendeur qui a une bonne r\u00e9putation. Un bon moyen de v\u00e9rifier est de voir s&#8217;il a l&#8217;habitude de payer les gains afin que vous ne perdiez pas vos gains.<\/p>\n<section class=\"layout\" style=\"border: solid 1px; width: 100%;\">\n<div class=\"img-div\" style=\"margin-top: 5px;\"><img decoding=\"async\" class=\"wp-image-17212 alignleft\" style=\"height: 45px; margin: 8px 8px 0px;\" src=\"https:\/\/jackpotlotteryonline.com\/wp-content\/uploads\/2022\/11\/read1.jpg\" alt=\"lire\" width=\"\" height=\"\" \/><\/div>\n<div style=\"padding-left: 5px;\">\n<div style=\"font-size: 1.1em;\">\n<p><strong>Votre loterie nationale en comparaison internationale<\/strong><\/p>\n<p style=\"font-size: 0.85em; margin-top: -1.5em;\">Votre loterie locale peut \u00eatre votre pire option &#8211; pourquoi il est plus judicieux de payer plus mais de miser sur des jackpots plus importants.\u00a0 <a href=\"https:\/\/jackpotlotteryonline.com\/fr\/votre-loterie-nationale-en-comparaison-internationale\">en savoir plus<\/a><\/p>\n<\/div>\n<\/div>\n<\/section>\n<h2>Jackpot et prix<\/h2>\n<p>Quel est exactement le prix du jackpot de cette loterie britannique ? Le prix du jackpot est de cinq cent mille livres et il est garanti pour chaque tirage. Tout billet qui correspond aux cinq num\u00e9ros tir\u00e9s et au num\u00e9ro sp\u00e9cial remporte le jackpot.<\/p>\n<p>Le jackpot n&#8217;est pas le seul prix que les joueurs peuvent gagner avec cette loterie car il existe d&#8217;autres niveaux de prix. Le deuxi\u00e8me prix est \u00e9galement un montant fixe de cinq mille livres, ce qui est vraiment g\u00e9nial. Il y a neuf niveaux de prix en tout et il y a un prix pour avoir trouv\u00e9 le num\u00e9ro sp\u00e9cial.<\/p>\n<p>Encore une fois, les chances de gagner \u00e0 cette loterie sont incroyables, ce qui explique pourquoi elle a produit tant de gagnants depuis le premier tirage en 1999. En raison de la forte demande pour cette loterie, elle est pass\u00e9e d&#8217;un seul tirage hebdomadaire \u00e0 quatre tirages hebdomadaires. Ainsi, si vous jouez \u00e0 cette loterie britannique, les chances de gagner le jackpot sont de 1 sur 8 060 598, tandis que les chances de gagner un prix sont de 1 sur 13.<br \/>\n<img loading=\"lazy\" decoding=\"async\" class=\"alignright size-medium wp-image-35457\" src=\"https:\/\/jackpotlotteryonline.com\/wp-content\/uploads\/2022\/11\/2_ticket_uk_lottery-192x300.jpg\" alt=\"billet de Thunderball\" width=\"192\" height=\"300\" srcset=\"https:\/\/jackpotlotteryonline.com\/wp-content\/uploads\/2022\/11\/2_ticket_uk_lottery-192x300.jpg 192w, https:\/\/jackpotlotteryonline.com\/wp-content\/uploads\/2022\/11\/2_ticket_uk_lottery.jpg 250w\" sizes=\"auto, (max-width: 192px) 100vw, 192px\" \/><\/p>\n<p><strong>Lorsque vous jouez \u00e0 cette loterie, voici ce que vous pouvez esp\u00e9rer gagner :<\/strong><\/p>\n<p>5 num\u00e9ros + num\u00e9ro sp\u00e9cial &#8211; 500 000 \u00a3 (Jackpot)<br \/>\n5 num\u00e9ros seulement &#8211; 5 000 \u00a3.<br \/>\n4 num\u00e9ros + num\u00e9ro sp\u00e9cial &#8211; 250<br \/>\n4 num\u00e9ros seulement &#8211; 100<br \/>\n3 num\u00e9ros + num\u00e9ro sp\u00e9cial &#8211; 20<br \/>\n3 num\u00e9ros seulement &#8211; \u00a310<br \/>\nMatch de 2 num\u00e9ros + num\u00e9ro sp\u00e9cial &#8211; 10<br \/>\nMatch 1 num\u00e9ro + num\u00e9ro sp\u00e9cial &#8211; 5<br \/>\nMatch 0 num\u00e9ro + num\u00e9ro sp\u00e9cial &#8211; 3<\/p>\n<h2>Comment r\u00e9clamer votre prix<\/h2>\n<p>La mani\u00e8re dont vous r\u00e9clamerez votre prix d\u00e9pendra de la mani\u00e8re dont vous avez achet\u00e9 votre billet de loterie. Si vous avez particip\u00e9 \u00e0 la loterie par le biais de notre site, vous pouvez r\u00e9clamer votre prix en vous connectant \u00e0 votre compte et en retirant vos gains sur notre plateforme.<\/p>\n<p>Avant de r\u00e9clamer votre prix, il est important de conna\u00eetre quelques \u00e9l\u00e9ments concernant la loterie au Royaume-Uni. Nous savons d\u00e9j\u00e0 que la loterie est ouverte \u00e0 tous, quelle que soit la nationalit\u00e9, mais voici quelques points \u00e0 noter :<\/p>\n<ul>\n<li>La loterie est ouverte aux joueurs \u00e2g\u00e9s de plus de 16 ans.<\/li>\n<li>Les prix sont pay\u00e9s en une seule fois<\/li>\n<li>Les gains de la loterie ne sont pas soumis \u00e0 l&#8217;imp\u00f4t dans le pays. Cependant, si vous jouez depuis l&#8217;ext\u00e9rieur du pays, vous devez v\u00e9rifier la l\u00e9gislation fiscale de votre pays.<\/li>\n<li>Vous avez 180 jours pour r\u00e9clamer vos gains avant qu&#8217;ils ne soient remis en jeu.<\/li>\n<li>Si vous avez particip\u00e9 \u00e0 la loterie par l&#8217;interm\u00e9diaire d&#8217;un vendeur physique, vous devrez peut-\u00eatre contacter les organisateurs de la loterie pour r\u00e9clamer votre gain.<\/li>\n<\/ul>\n<h2>Pourquoi vous devriez jouer \u00e0 la loterie avec nous<\/h2>\n<p>Nous sommes un service de conciergerie sur mesure qui donne acc\u00e8s aux meilleures loteries internationales aux joueurs du monde entier. Nous avons pass\u00e9 des ann\u00e9es \u00e0 affiner le processus pour garantir \u00e0 nos clients une exp\u00e9rience passionnante, agr\u00e9able et sans stress.<\/p>\n<p>Lorsque vous vous inscrivez chez nous, vous pouvez participer \u00e0 plusieurs loteries \u00e0 partir d&#8217;une seule plateforme en ligne. Nous vous offrons la s\u00e9curit\u00e9 suppl\u00e9mentaire de savoir que votre bulletin de participation est en s\u00fbret\u00e9 et que vous n&#8217;avez pas \u00e0 craindre de le perdre. Vous pouvez \u00e9galement vous d\u00e9tendre en sachant que vous ne manquerez aucun gain car nous vous informerons d\u00e8s que vous aurez gagn\u00e9 un prix.<\/p>\n<p>En fait, nous vous d\u00e9barrassons de tous les tracas et grincements qui accompagnent les jeux de loterie, vous laissant libre de faire ce que vous aimez le plus : vous amuser. Peu importe o\u00f9 vous vous trouvez dans le monde, d\u00e8s que vous disposez d&#8217;une connexion Internet, vous pouvez participer aux meilleures loteries internationales.<\/p>\n<p>Avec jackpotlotteryonline.com, vous avez plusieurs options. Vous pouvez jouer \u00e0 une ou plusieurs loteries, participer \u00e0 un ou plusieurs tirages et m\u00eame cr\u00e9er un abonnement pour que vos inscriptions se fassent en mode pilote automatique. Pourquoi ne pas nous rendre visite aujourd&#8217;hui pour acheter des billets de Thunderball en dehors du Royaume-Uni ?<\/p>\n","protected":false},"excerpt":{"rendered":"<p>Ce ne sont pas les loteries qui manquent pour les joueurs au Royaume-Uni. Des jeux de loto aux jeux de rente, il y en a pour tous les go\u00fbts et presque tous les jours aussi. Mais l&#8217;un des jeux pr\u00e9f\u00e9r\u00e9s des parieurs est le Thunderball. Il est int\u00e9ressant car il s&#8217;agit d&#8217;une loterie qui n&#8217;offre [&hellip;]<\/p>\n","protected":false},"author":1,"featured_media":0,"parent":35751,"menu_order":12,"comment_status":"closed","ping_status":"closed","template":"thunderball-info.php","meta":{"_et_pb_use_builder":"","_et_pb_old_content":"","_et_gb_content_width":"","exclude_from_search":false,"footnotes":""},"class_list":["post-37095","page","type-page","status-publish","hentry"],"yoast_head":"<!-- This site is optimized with the Yoast SEO plugin v23.3 - https:\/\/yoast.com\/wordpress\/plugins\/seo\/ -->\n<title>Achetez des billets de Thunderball depuis l&#039;ext\u00e9rieur du Royaume-Uni | Loterie Thunderball en ligne<\/title>\n<meta name=\"description\" content=\"Obtenez un billet de Thunderball depuis l&#039;ext\u00e9rieur du Royaume-Uni, en l&#039;achetant en ligne ici ! Obtenez votre billet de Thunderball num\u00e9ris\u00e9 gr\u00e2ce \u00e0 notre service juridique.\" \/>\n<meta name=\"robots\" content=\"index, follow, max-snippet:-1, max-image-preview:large, max-video-preview:-1\" \/>\n<link rel=\"canonical\" href=\"https:\/\/jackpotlotteryonline.com\/fr\/acheter-tickets\/thunderball\/\" \/>\n<meta property=\"og:locale\" content=\"fr_FR\" \/>\n<meta property=\"og:type\" content=\"article\" \/>\n<meta property=\"og:title\" content=\"Achetez des billets de Thunderball depuis l&#039;ext\u00e9rieur du Royaume-Uni | Loterie Thunderball en ligne\" \/>\n<meta property=\"og:description\" content=\"Obtenez un billet de Thunderball depuis l&#039;ext\u00e9rieur du Royaume-Uni, en l&#039;achetant en ligne ici ! Obtenez votre billet de Thunderball num\u00e9ris\u00e9 gr\u00e2ce \u00e0 notre service juridique.\" \/>\n<meta property=\"og:url\" content=\"https:\/\/jackpotlotteryonline.com\/fr\/acheter-tickets\/thunderball\/\" \/>\n<meta property=\"og:site_name\" content=\"Lotto Online - Crack The International Lottery Jackpots\" \/>\n<meta property=\"article:modified_time\" content=\"2023-01-04T08:39:11+00:00\" \/>\n<meta property=\"og:image\" content=\"https:\/\/jackpotlotteryonline.com\/wp-content\/uploads\/2022\/11\/1_you_win_jackpot-300x300.jpg\" \/>\n<meta name=\"twitter:card\" content=\"summary_large_image\" \/>\n<meta name=\"twitter:label1\" content=\"Dur\u00e9e de lecture estim\u00e9e\" \/>\n\t<meta name=\"twitter:data1\" content=\"6 minutes\" \/>\n<!-- \/ Yoast SEO plugin. -->","yoast_head_json":{"title":"Achetez des billets de Thunderball depuis l'ext\u00e9rieur du Royaume-Uni | Loterie Thunderball en ligne","description":"Obtenez un billet de Thunderball depuis l'ext\u00e9rieur du Royaume-Uni, en l'achetant en ligne ici ! Obtenez votre billet de Thunderball num\u00e9ris\u00e9 gr\u00e2ce \u00e0 notre service juridique.","robots":{"index":"index","follow":"follow","max-snippet":"max-snippet:-1","max-image-preview":"max-image-preview:large","max-video-preview":"max-video-preview:-1"},"canonical":"https:\/\/jackpotlotteryonline.com\/fr\/acheter-tickets\/thunderball\/","og_locale":"fr_FR","og_type":"article","og_title":"Achetez des billets de Thunderball depuis l'ext\u00e9rieur du Royaume-Uni | Loterie Thunderball en ligne","og_description":"Obtenez un billet de Thunderball depuis l'ext\u00e9rieur du Royaume-Uni, en l'achetant en ligne ici ! Obtenez votre billet de Thunderball num\u00e9ris\u00e9 gr\u00e2ce \u00e0 notre service juridique.","og_url":"https:\/\/jackpotlotteryonline.com\/fr\/acheter-tickets\/thunderball\/","og_site_name":"Lotto Online - Crack The International Lottery Jackpots","article_modified_time":"2023-01-04T08:39:11+00:00","og_image":[{"url":"https:\/\/jackpotlotteryonline.com\/wp-content\/uploads\/2022\/11\/1_you_win_jackpot-300x300.jpg"}],"twitter_card":"summary_large_image","twitter_misc":{"Dur\u00e9e de lecture estim\u00e9e":"6 minutes"},"schema":{"@context":"https:\/\/schema.org","@graph":[{"@type":"WebPage","@id":"https:\/\/jackpotlotteryonline.com\/fr\/acheter-tickets\/thunderball\/","url":"https:\/\/jackpotlotteryonline.com\/fr\/acheter-tickets\/thunderball\/","name":"Achetez des billets de Thunderball depuis l'ext\u00e9rieur du Royaume-Uni | Loterie Thunderball en ligne","isPartOf":{"@id":"https:\/\/jackpotlotteryonline.com\/#website"},"primaryImageOfPage":{"@id":"https:\/\/jackpotlotteryonline.com\/fr\/acheter-tickets\/thunderball\/#primaryimage"},"image":{"@id":"https:\/\/jackpotlotteryonline.com\/fr\/acheter-tickets\/thunderball\/#primaryimage"},"thumbnailUrl":"https:\/\/jackpotlotteryonline.com\/wp-content\/uploads\/2022\/11\/1_you_win_jackpot-300x300.jpg","datePublished":"2022-11-10T08:53:07+00:00","dateModified":"2023-01-04T08:39:11+00:00","description":"Obtenez un billet de Thunderball depuis l'ext\u00e9rieur du Royaume-Uni, en l'achetant en ligne ici ! Obtenez votre billet de Thunderball num\u00e9ris\u00e9 gr\u00e2ce \u00e0 notre service juridique.","breadcrumb":{"@id":"https:\/\/jackpotlotteryonline.com\/fr\/acheter-tickets\/thunderball\/#breadcrumb"},"inLanguage":"fr-FR","potentialAction":[{"@type":"ReadAction","target":["https:\/\/jackpotlotteryonline.com\/fr\/acheter-tickets\/thunderball\/"]}]},{"@type":"ImageObject","inLanguage":"fr-FR","@id":"https:\/\/jackpotlotteryonline.com\/fr\/acheter-tickets\/thunderball\/#primaryimage","url":"https:\/\/jackpotlotteryonline.com\/wp-content\/uploads\/2022\/11\/1_you_win_jackpot-300x300.jpg","contentUrl":"https:\/\/jackpotlotteryonline.com\/wp-content\/uploads\/2022\/11\/1_you_win_jackpot-300x300.jpg"},{"@type":"BreadcrumbList","@id":"https:\/\/jackpotlotteryonline.com\/fr\/acheter-tickets\/thunderball\/#breadcrumb","itemListElement":[{"@type":"ListItem","position":1,"name":"Home","item":"https:\/\/jackpotlotteryonline.com\/fr\/"},{"@type":"ListItem","position":2,"name":"Comment acheter des billets de loterie en ligne","item":"https:\/\/jackpotlotteryonline.com\/fr\/acheter-tickets\/"},{"@type":"ListItem","position":3,"name":"Acheter des billets pour Thunderball"}]},{"@type":"WebSite","@id":"https:\/\/jackpotlotteryonline.com\/#website","url":"https:\/\/jackpotlotteryonline.com\/","name":"Lotto Online - Crack The International Lottery Jackpots","description":"","potentialAction":[{"@type":"SearchAction","target":{"@type":"EntryPoint","urlTemplate":"https:\/\/jackpotlotteryonline.com\/?s={search_term_string}"},"query-input":"required name=search_term_string"}],"inLanguage":"fr-FR"}]}},"_links":{"self":[{"href":"https:\/\/jackpotlotteryonline.com\/fr\/wp-json\/wp\/v2\/pages\/37095","targetHints":{"allow":["GET"]}}],"collection":[{"href":"https:\/\/jackpotlotteryonline.com\/fr\/wp-json\/wp\/v2\/pages"}],"about":[{"href":"https:\/\/jackpotlotteryonline.com\/fr\/wp-json\/wp\/v2\/types\/page"}],"author":[{"embeddable":true,"href":"https:\/\/jackpotlotteryonline.com\/fr\/wp-json\/wp\/v2\/users\/1"}],"replies":[{"embeddable":true,"href":"https:\/\/jackpotlotteryonline.com\/fr\/wp-json\/wp\/v2\/comments?post=37095"}],"version-history":[{"count":0,"href":"https:\/\/jackpotlotteryonline.com\/fr\/wp-json\/wp\/v2\/pages\/37095\/revisions"}],"up":[{"embeddable":true,"href":"https:\/\/jackpotlotteryonline.com\/fr\/wp-json\/wp\/v2\/pages\/35751"}],"wp:attachment":[{"href":"https:\/\/jackpotlotteryonline.com\/fr\/wp-json\/wp\/v2\/media?parent=37095"}],"curies":[{"name":"wp","href":"https:\/\/api.w.org\/{rel}","templated":true}]}}