{"id":37150,"date":"2022-11-10T11:48:01","date_gmt":"2022-11-10T11:48:01","guid":{"rendered":"https:\/\/jackpotlotteryonline.com\/?page_id=37150"},"modified":"2022-12-24T14:51:31","modified_gmt":"2022-12-24T14:51:31","slug":"powerball-australia","status":"publish","type":"page","link":"https:\/\/jackpotlotteryonline.com\/fr\/acheter-tickets\/powerball-australia\/","title":{"rendered":"Acheter des billets Powerball Australie"},"content":{"rendered":"<p>Quand on pense \u00e0 cette loterie, ce qui vient d&#8217;abord \u00e0 l&#8217;esprit est la loterie am\u00e9ricaine et non la version australienne. Cette \u00e9tonnante loterie est ador\u00e9e par les amateurs de loto australiens. Powerball Australia est en train de devenir l&#8217;une des loteries internationales les plus populaires, car les parieurs du monde entier reconnaissent son potentiel.<\/p>\n<p>Avec un jackpot minimum garanti de 3 millions de dollars, la somme est reconduite s&#8217;il n&#8217;y a pas de gagnant apr\u00e8s un tirage. Elle peut \u00eatre renouvel\u00e9e plusieurs fois jusqu&#8217;\u00e0 ce qu&#8217;elle devienne tr\u00e8s importante. Le jackpot record de 160 millions de dollars a \u00e9t\u00e9 remport\u00e9 en octobre 2022 par un seul ticket.<\/p>\n<p>Si vous souhaitez \u00e9tendre votre champ d&#8217;action en tant que joueur de loterie, vous devriez envisager de jouer au Powerball Australia. Il est amusant, plein d&#8217;esprit et donne aux joueurs la possibilit\u00e9 de gagner gros sans les chances folles de la version am\u00e9ricaine. De plus, peu importe o\u00f9 vous vivez, vous pouvez <a href=\"https:\/\/jackpotlotteryonline.com\/fr\/comment-jouer\/powerball-australia\">jouer en ligne sur jackpotlotteryonline.com.<\/a><\/p>\n<h2>Comment fonctionne le Powerball Australie ?<\/h2>\n<p><img loading=\"lazy\" decoding=\"async\" class=\"size-full wp-image-31181 alignright\" src=\"https:\/\/jackpotlotteryonline.com\/wp-content\/uploads\/2022\/11\/logo_powerball-300x50-1.jpg\" alt=\"Powerball Australie\" width=\"300\" height=\"50\" \/><\/p>\n<p>Cette loterie dispose de boules avec deux s\u00e9ries de num\u00e9ros dans deux barils diff\u00e9rents. Les boules sont tir\u00e9es au hasard de chaque baril et toute entr\u00e9e qui correspond aux num\u00e9ros tir\u00e9s gagne. Le premier baril contient 35 boules et les joueurs doivent choisir 7 num\u00e9ros dans cette fourchette. Le deuxi\u00e8me baril contient 20 num\u00e9ros et les joueurs doivent choisir UN num\u00e9ro dans cette fourchette.<\/p>\n<p>Une ligne de saisie comporte 8 num\u00e9ros et un ticket peut avoir plus d&#8217;une ligne de saisie. En fait, il est conseill\u00e9 de saisir plusieurs lignes pour augmenter les chances de gagner. Les chances de gagner le jackpot sont de 1 sur 1:134 490 400.<\/p>\n<p>Oui, ces chances sont assez \u00e9lev\u00e9es, mais c&#8217;est ainsi que fonctionne la loterie. C&#8217;est un jeu de chiffres et la chance y est pour beaucoup. On ne peut pas dire quand la chance d\u00e9cidera de favoriser un joueur. De plus, c&#8217;est un passe-temps amusant tant que vous vous en tenez \u00e0 ce que vous pouvez vous permettre.<\/p>\n<h2>Pouvez-vous augmenter vos chances de gagner ?<\/h2>\n<p>Il est int\u00e9ressant de noter que vous pouvez augmenter vos chances de gagner le jackpot. Il n&#8217;existe pas de m\u00e9thode garantie, bien que la plupart des gagnants admettent avoir jou\u00e9 plusieurs fois avant de gagner quoi que ce soit. C&#8217;est l\u00e0 que r\u00e9side le secret.<\/p>\n<p>Pour autant que nous le sachions, le moyen de faire pencher les chances de gagner en votre faveur est d&#8217;acheter plus d&#8217;entr\u00e9es. Cela signifie plusieurs lignes d&#8217;entr\u00e9e et plusieurs tirages. La loterie effectue ses tirages une fois par semaine, le jeudi. Si vous achetez vos billets sur notre site, vous pouvez participer aux tirages plusieurs semaines \u00e0 l&#8217;avance.<\/p>\n<p>Une autre option consiste \u00e0 rejoindre un syndicat de loterie. L&#8217;avantage de rejoindre un syndicat est que votre argent va beaucoup plus loin que si vous jouez seul. Bien entendu, si un billet est gagnant, tous les membres du syndicat se partageront les gains.<\/p>\n<section class=\"layout\" style=\"border: solid 1px; width: 100%;\">\n<div class=\"img-div\" style=\"margin-top: 5px;\"><img decoding=\"async\" class=\"wp-image-17212 alignleft\" style=\"height: 45px; margin: 8px 8px 0px;\" src=\"https:\/\/jackpotlotteryonline.com\/wp-content\/uploads\/2022\/11\/read1.jpg\" alt=\"lire\" width=\"\" height=\"\" \/><\/div>\n<div style=\"padding-left: 5px;\">\n<div style=\"font-size: 1.1em;\">\n<p><strong>Choisissez les num\u00e9ros gagnants du loto manuellement ou en utilisant un RNG.<\/strong><\/p>\n<p style=\"font-size: 0.85em; margin-top: -1.5em;\">Comment g\u00e9n\u00e9rer des num\u00e9ros de loto gagnants ?\u00a0 <a href=\"https:\/\/jackpotlotteryonline.com\/fr\/comment-generer-des-numeros-de-loto-gagnants\"> en savoir plus<\/a><\/p>\n<\/div>\n<\/div>\n<\/section>\n<h2>Comment jouer \u00e0 la loterie australienne en ligne ?<\/h2>\n<p><img loading=\"lazy\" decoding=\"async\" class=\"alignright size-medium wp-image-34538\" src=\"https:\/\/jackpotlotteryonline.com\/wp-content\/uploads\/2022\/11\/2_ticket_powerball_au-157x300.jpg\" alt=\"Billet de loterie australien\" width=\"157\" height=\"300\" srcset=\"https:\/\/jackpotlotteryonline.com\/wp-content\/uploads\/2022\/11\/2_ticket_powerball_au-157x300.jpg 157w, https:\/\/jackpotlotteryonline.com\/wp-content\/uploads\/2022\/11\/2_ticket_powerball_au.jpg 250w\" sizes=\"auto, (max-width: 157px) 100vw, 157px\" \/><\/p>\n<p>Jouer \u00e0 la loterie en ligne est simple et vous pouvez le faire o\u00f9 que vous soyez. Lorsque vous nous rendez visite sur jackpotlotteryonline.com, vous pouvez facilement acheter des participations aux meilleures loteries internationales, y compris les loteries australiennes. Pour acheter vos entr\u00e9es, il vous suffit de choisir vos num\u00e9ros et de participer au tirage. Si vous ne savez pas quels num\u00e9ros utiliser, utilisez notre outil de s\u00e9lection rapide pour g\u00e9n\u00e9rer des num\u00e9ros al\u00e9atoires.<\/p>\n<p>Lorsque vous arriverez \u00e0 la page de paiement, nous vous demanderons de vous enregistrer. Ceci afin que votre bulletin reste en s\u00e9curit\u00e9 sur votre compte. Vous pouvez \u00e9galement mettre vos jeux de loterie en mode pilote automatique afin d&#8217;\u00eatre automatiquement inscrit aux tirages de votre choix. Si vous gagnez un prix, nous vous en informerons rapidement et vous pourrez alors retirer le prix de notre plateforme.<\/p>\n<p>Nous nous effor\u00e7ons de vous simplifier l&#8217;exp\u00e9rience de la loterie afin que vous puissiez vous d\u00e9tendre et vous concentrer sur votre plaisir.<\/p>\n<h2>R\u00e9partition des prix<\/h2>\n<p>Cette loterie australienne comporte 9 cat\u00e9gories de prix et les joueurs ne sont pas oblig\u00e9s de trouver les 8 num\u00e9ros tir\u00e9s au sort pour gagner un prix. Bien que le prix du jackpot commence \u00e0 3 millions de dollars, il peut \u00eatre renouvel\u00e9 plusieurs fois jusqu&#8217;\u00e0 ce qu&#8217;il devienne un prix beaucoup plus important.<\/p>\n<p>Notez que la taille du jackpot n&#8217;est pas limit\u00e9e, mais qu&#8217;il ne peut \u00eatre renouvel\u00e9 que 25 fois avant de revenir \u00e0 3 millions de dollars.<\/p>\n<p>Les prix des divisions inf\u00e9rieures correspondent \u00e0 un pourcentage de la cagnotte. Nous vous communiquons le gain moyen pour vous donner une id\u00e9e. Il ne s&#8217;agit pas du paiement garanti pour chaque tirage car les montants peuvent varier.<\/p>\n<p>Match 7 num\u00e9ros principaux + num\u00e9ro sp\u00e9cial &#8211; 23 043 155,47 $ (gain moyen)<br \/>\nCorrespondance de 7 num\u00e9ros uniquement &#8211; 126 484,05 $.<br \/>\nCorrespondance de 6 num\u00e9ros + num\u00e9ro sp\u00e9cial &#8211; 5 326,97 $.<br \/>\n6 num\u00e9ros seulement &#8211; 454,35<br \/>\nCorrespondance 5 num\u00e9ros + num\u00e9ro sp\u00e9cial &#8211; 158,34<br \/>\nCorrespondance de 4 num\u00e9ros + num\u00e9ro sp\u00e9cial &#8211; $70.85<br \/>\nCorrespondance avec 5 num\u00e9ros seulement &#8211; 42,23<br \/>\nCorrespondance de 3 num\u00e9ros + num\u00e9ro sp\u00e9cial &#8211; $17.57<br \/>\n2 num\u00e9ros + num\u00e9ro sp\u00e9cial : 10,71 $.<\/p>\n<h2>Comment v\u00e9rifier les r\u00e9sultats<\/h2>\n<p>Les r\u00e9sultats sont publi\u00e9s sur notre site apr\u00e8s chaque tirage. Les tirages ont lieu chaque jeudi \u00e0 19h25 AEST.<\/p>\n<p>Nous comprenons que la vie peut parfois vous emp\u00eacher de <a href=\"https:\/\/jackpotlotteryonline.com\/fr\/numeros-gagnants\/powerball-australia\">v\u00e9rifier les r\u00e9sultats des tirages imm\u00e9diatement<\/a>. Ainsi, si vous gagnez un prix, nous vous en informerons non seulement par le biais de votre compte, mais nous vous enverrons \u00e9galement un e-mail. Ainsi, vous ne manquerez pas de r\u00e9clamer votre prix.<\/p>\n<h2>Inscrivez-vous pour acheter des billets Powerball Australia en ligne<\/h2>\n<p>\u00cates-vous excit\u00e9 \u00e0 l&#8217;id\u00e9e de jouer \u00e0 cette loterie ? Eh bien, nous le sommes aussi et nous sommes heureux de l&#8217;amener sur un appareil mobile pr\u00e8s de chez vous. D\u00e8s que vous disposez d&#8217;une connexion Internet, vous pouvez acheter un ticket pour la loterie australienne.<\/p>\n<p>La loterie est un jeu amusant et il y a des histoires de gagnants de loterie partout. Vous pourriez \u00eatre le prochain gagnant, mais vous ne le saurez que si vous participez aux tirages. Nous avons simplifi\u00e9 le processus pour en faire une exp\u00e9rience sans stress pour vous. Vous n&#8217;avez pas besoin de quitter notre page pour effectuer vos t\u00e2ches li\u00e9es \u00e0 la loterie. C&#8217;est aussi simple que cela.<\/p>\n<p>O\u00f9 que vous soyez dans le monde, vous pouvez acheter une entr\u00e9e \u00e0 la plus grande loterie australienne ici m\u00eame sur notre site. Inscrivez-vous avec nous d\u00e8s aujourd&#8217;hui.<\/p>\n","protected":false},"excerpt":{"rendered":"<p>Quand on pense \u00e0 cette loterie, ce qui vient d&#8217;abord \u00e0 l&#8217;esprit est la loterie am\u00e9ricaine et non la version australienne. Cette \u00e9tonnante loterie est ador\u00e9e par les amateurs de loto australiens. Powerball Australia est en train de devenir l&#8217;une des loteries internationales les plus populaires, car les parieurs du monde entier reconnaissent son potentiel. [&hellip;]<\/p>\n","protected":false},"author":1,"featured_media":0,"parent":35751,"menu_order":17,"comment_status":"closed","ping_status":"closed","template":"powerball-au-info.php","meta":{"_et_pb_use_builder":"","_et_pb_old_content":"","_et_gb_content_width":"","exclude_from_search":false,"footnotes":""},"class_list":["post-37150","page","type-page","status-publish","hentry"],"yoast_head":"<!-- This site is optimized with the Yoast SEO plugin v23.3 - https:\/\/yoast.com\/wordpress\/plugins\/seo\/ -->\n<title>Acheter des billets Powerball Australie depuis l&#039;ext\u00e9rieur de l&#039;Australie<\/title>\n<meta name=\"description\" content=\"La version australienne de la loterie Powerball - vous pouvez participer si vous achetez simplement un billet en ligne ici m\u00eame sur notre site web.\" \/>\n<meta name=\"robots\" content=\"index, follow, max-snippet:-1, max-image-preview:large, max-video-preview:-1\" \/>\n<link rel=\"canonical\" href=\"https:\/\/jackpotlotteryonline.com\/fr\/acheter-tickets\/powerball-australia\/\" \/>\n<meta property=\"og:locale\" content=\"fr_FR\" \/>\n<meta property=\"og:type\" content=\"article\" \/>\n<meta property=\"og:title\" content=\"Acheter des billets Powerball Australie depuis l&#039;ext\u00e9rieur de l&#039;Australie\" \/>\n<meta property=\"og:description\" content=\"La version australienne de la loterie Powerball - vous pouvez participer si vous achetez simplement un billet en ligne ici m\u00eame sur notre site web.\" \/>\n<meta property=\"og:url\" content=\"https:\/\/jackpotlotteryonline.com\/fr\/acheter-tickets\/powerball-australia\/\" \/>\n<meta property=\"og:site_name\" content=\"Lotto Online - Crack The International Lottery Jackpots\" \/>\n<meta property=\"article:modified_time\" content=\"2022-12-24T14:51:31+00:00\" \/>\n<meta property=\"og:image\" content=\"https:\/\/jackpotlotteryonline.com\/wp-content\/uploads\/2022\/11\/logo_powerball-300x50-1.jpg\" \/>\n<meta name=\"twitter:card\" content=\"summary_large_image\" \/>\n<meta name=\"twitter:label1\" content=\"Dur\u00e9e de lecture estim\u00e9e\" \/>\n\t<meta name=\"twitter:data1\" content=\"6 minutes\" \/>\n<!-- \/ Yoast SEO plugin. -->","yoast_head_json":{"title":"Acheter des billets Powerball Australie depuis l'ext\u00e9rieur de l'Australie","description":"La version australienne de la loterie Powerball - vous pouvez participer si vous achetez simplement un billet en ligne ici m\u00eame sur notre site web.","robots":{"index":"index","follow":"follow","max-snippet":"max-snippet:-1","max-image-preview":"max-image-preview:large","max-video-preview":"max-video-preview:-1"},"canonical":"https:\/\/jackpotlotteryonline.com\/fr\/acheter-tickets\/powerball-australia\/","og_locale":"fr_FR","og_type":"article","og_title":"Acheter des billets Powerball Australie depuis l'ext\u00e9rieur de l'Australie","og_description":"La version australienne de la loterie Powerball - vous pouvez participer si vous achetez simplement un billet en ligne ici m\u00eame sur notre site web.","og_url":"https:\/\/jackpotlotteryonline.com\/fr\/acheter-tickets\/powerball-australia\/","og_site_name":"Lotto Online - Crack The International Lottery Jackpots","article_modified_time":"2022-12-24T14:51:31+00:00","og_image":[{"url":"https:\/\/jackpotlotteryonline.com\/wp-content\/uploads\/2022\/11\/logo_powerball-300x50-1.jpg"}],"twitter_card":"summary_large_image","twitter_misc":{"Dur\u00e9e de lecture estim\u00e9e":"6 minutes"},"schema":{"@context":"https:\/\/schema.org","@graph":[{"@type":"WebPage","@id":"https:\/\/jackpotlotteryonline.com\/fr\/acheter-tickets\/powerball-australia\/","url":"https:\/\/jackpotlotteryonline.com\/fr\/acheter-tickets\/powerball-australia\/","name":"Acheter des billets Powerball Australie depuis l'ext\u00e9rieur de l'Australie","isPartOf":{"@id":"https:\/\/jackpotlotteryonline.com\/#website"},"primaryImageOfPage":{"@id":"https:\/\/jackpotlotteryonline.com\/fr\/acheter-tickets\/powerball-australia\/#primaryimage"},"image":{"@id":"https:\/\/jackpotlotteryonline.com\/fr\/acheter-tickets\/powerball-australia\/#primaryimage"},"thumbnailUrl":"https:\/\/jackpotlotteryonline.com\/wp-content\/uploads\/2022\/11\/logo_powerball-300x50-1.jpg","datePublished":"2022-11-10T11:48:01+00:00","dateModified":"2022-12-24T14:51:31+00:00","description":"La version australienne de la loterie Powerball - vous pouvez participer si vous achetez simplement un billet en ligne ici m\u00eame sur notre site web.","breadcrumb":{"@id":"https:\/\/jackpotlotteryonline.com\/fr\/acheter-tickets\/powerball-australia\/#breadcrumb"},"inLanguage":"fr-FR","potentialAction":[{"@type":"ReadAction","target":["https:\/\/jackpotlotteryonline.com\/fr\/acheter-tickets\/powerball-australia\/"]}]},{"@type":"ImageObject","inLanguage":"fr-FR","@id":"https:\/\/jackpotlotteryonline.com\/fr\/acheter-tickets\/powerball-australia\/#primaryimage","url":"https:\/\/jackpotlotteryonline.com\/wp-content\/uploads\/2022\/11\/logo_powerball-300x50-1.jpg","contentUrl":"https:\/\/jackpotlotteryonline.com\/wp-content\/uploads\/2022\/11\/logo_powerball-300x50-1.jpg"},{"@type":"BreadcrumbList","@id":"https:\/\/jackpotlotteryonline.com\/fr\/acheter-tickets\/powerball-australia\/#breadcrumb","itemListElement":[{"@type":"ListItem","position":1,"name":"Home","item":"https:\/\/jackpotlotteryonline.com\/fr\/"},{"@type":"ListItem","position":2,"name":"Comment acheter des billets de loterie en ligne","item":"https:\/\/jackpotlotteryonline.com\/fr\/acheter-tickets\/"},{"@type":"ListItem","position":3,"name":"Acheter des billets Powerball Australie"}]},{"@type":"WebSite","@id":"https:\/\/jackpotlotteryonline.com\/#website","url":"https:\/\/jackpotlotteryonline.com\/","name":"Lotto Online - Crack The International Lottery Jackpots","description":"","potentialAction":[{"@type":"SearchAction","target":{"@type":"EntryPoint","urlTemplate":"https:\/\/jackpotlotteryonline.com\/?s={search_term_string}"},"query-input":"required name=search_term_string"}],"inLanguage":"fr-FR"}]}},"_links":{"self":[{"href":"https:\/\/jackpotlotteryonline.com\/fr\/wp-json\/wp\/v2\/pages\/37150","targetHints":{"allow":["GET"]}}],"collection":[{"href":"https:\/\/jackpotlotteryonline.com\/fr\/wp-json\/wp\/v2\/pages"}],"about":[{"href":"https:\/\/jackpotlotteryonline.com\/fr\/wp-json\/wp\/v2\/types\/page"}],"author":[{"embeddable":true,"href":"https:\/\/jackpotlotteryonline.com\/fr\/wp-json\/wp\/v2\/users\/1"}],"replies":[{"embeddable":true,"href":"https:\/\/jackpotlotteryonline.com\/fr\/wp-json\/wp\/v2\/comments?post=37150"}],"version-history":[{"count":0,"href":"https:\/\/jackpotlotteryonline.com\/fr\/wp-json\/wp\/v2\/pages\/37150\/revisions"}],"up":[{"embeddable":true,"href":"https:\/\/jackpotlotteryonline.com\/fr\/wp-json\/wp\/v2\/pages\/35751"}],"wp:attachment":[{"href":"https:\/\/jackpotlotteryonline.com\/fr\/wp-json\/wp\/v2\/media?parent=37150"}],"curies":[{"name":"wp","href":"https:\/\/api.w.org\/{rel}","templated":true}]}}