{"id":37203,"date":"2022-11-11T06:13:53","date_gmt":"2022-11-11T06:13:53","guid":{"rendered":"https:\/\/jackpotlotteryonline.com\/?page_id=37203"},"modified":"2022-12-24T10:15:54","modified_gmt":"2022-12-24T10:15:54","slug":"oz-lotto","status":"publish","type":"page","link":"https:\/\/jackpotlotteryonline.com\/fr\/acheter-tickets\/oz-lotto\/","title":{"rendered":"Acheter des tickets de loto d&#8217;Oz"},"content":{"rendered":"<p>Oz Lotto est la premi\u00e8re loterie nationale australienne. Elle a d\u00e9but\u00e9 en 1994 et est devenue populaire parmi les parieurs du monde entier en raison du g\u00e9n\u00e9reux prix du jackpot. Il y a plus qui attire les joueurs que le gros jackpot.<\/p>\n<p>Les diff\u00e9rentes loteries ont leurs propres r\u00e8gles et m\u00e9thodes, mais un point commun est que les chances ne sont pas toujours favorables. Cependant, ce n&#8217;est pas le cas avec cette loterie australienne. Si vous \u00eates \u00e0 la recherche d&#8217;une loterie dont les chances de gagner sont incroyables, jouez \u00e0 cette loterie australienne.<\/p>\n<p>En g\u00e9n\u00e9ral, les loteries sont ouvertes aux r\u00e9sidents des pays o\u00f9 elles sont bas\u00e9es. Ainsi, cette loterie est ouverte \u00e0 ceux qui vivent en Australie. Il n&#8217;est pas n\u00e9cessaire d&#8217;\u00eatre citoyen australien pour participer \u00e0 la loterie. Cependant, si vous vivez en dehors du pays, vous devrez acheter vos tickets de loterie en ligne.<\/p>\n<h2>Comment acheter des billets d&#8217;Oz Lotto dans le monde entier ?<\/h2>\n<p><img loading=\"lazy\" decoding=\"async\" class=\"alignright size-full wp-image-31532\" src=\"https:\/\/jackpotlotteryonline.com\/wp-content\/uploads\/2022\/11\/lottoballs.jpg\" alt=\"OZ Lottery\" width=\"245\" height=\"123\" \/><\/p>\n<p>Le moyen le plus pratique et le plus direct d&#8217;acc\u00e9der \u00e0 l&#8217;Oz Lottery depuis l&#8217;ext\u00e9rieur de l&#8217;Australie est de passer par Internet. Il existe des vendeurs de loterie en ligne qui donnent aux joueurs l&#8217;acc\u00e8s aux meilleures loteries internationales. Ces sites constituent un moyen l\u00e9gitime pour les joueurs du monde entier de tenter de gagner des millions.<\/p>\n<p>L&#8217;Internet offre un monde de possibilit\u00e9s presque infinies et toutes ne sont pas positives. La recherche d&#8217;un site de loterie au hasard peut entra\u00eener des exp\u00e9riences d\u00e9sagr\u00e9ables. C&#8217;est pourquoi il est toujours bon de rechercher des sites de confiance qui ont fait leurs preuves aupr\u00e8s des parieurs. Nous partageons ci-dessous des conseils pour vous aider \u00e0 choisir le bon vendeur de loterie sur Internet.<\/p>\n<h2>Conseils pour utiliser le bon site de loterie<\/h2>\n<p>N&#8217;utilisez que des vendeurs qui sont enregistr\u00e9s conform\u00e9ment \u00e0 la loi. Un vendeur de loterie l\u00e9gitime poss\u00e8de une licence d&#8217;exploitation et un si\u00e8ge social. Ces d\u00e9tails doivent \u00eatre affich\u00e9s sur le site Web pour en garantir l&#8217;authenticit\u00e9.<\/p>\n<p>Assurez-vous qu&#8217;il propose une grande vari\u00e9t\u00e9 de loteries internationales. Il est inutile de s&#8217;inscrire sur un site qui ne propose qu&#8217;une poign\u00e9e de loteries. L&#8217;essence m\u00eame<a href=\"https:\/\/jackpotlotteryonline.com\/fr\/comment-jouer\/oz-lotto\"> du jeu de loterie sur Internet<\/a> est l&#8217;accessibilit\u00e9 et la commodit\u00e9. Quoi de plus pratique que de pouvoir s&#8217;inscrire \u00e0 plusieurs loteries internationales \u00e0 partir d&#8217;un seul site en ligne ?<\/p>\n<p>Si vous voulez participer \u00e0 la loterie, utilisez un site de conciergerie. Ce dernier conseil est tr\u00e8s important car vous pouvez perdre votre argent sans participer \u00e0 la loterie. En effet, certains sites de loterie permettent aux joueurs de parier sur le r\u00e9sultat. Ainsi, m\u00eame si vos num\u00e9ros correspondent, vous n&#8217;aurez droit qu&#8217;\u00e0 une fraction du jackpot car vous n&#8217;avez pas particip\u00e9 \u00e0 la loterie.<\/p>\n<section class=\"layout\" style=\"border: solid 1px; width: 100%;\">\n<div class=\"img-div\" style=\"margin-top: 5px;\"><img decoding=\"async\" class=\"wp-image-17212 alignleft\" style=\"height: 45px; margin: 8px 8px 0px;\" src=\"https:\/\/jackpotlotteryonline.com\/wp-content\/uploads\/2022\/11\/read1.jpg\" alt=\"lire\" width=\"\" height=\"\" \/><\/div>\n<div style=\"padding-left: 5px;\">\n<div style=\"font-size: 1.1em;\">\n<p><strong>Les arnaques \u00e0 la loterie dont vous devez \u00eatre conscient<\/strong><\/p>\n<p style=\"font-size: 0.85em; margin-top: -1.5em;\">Ne tombez pas dans les pi\u00e8ges du loto \u00a0<a href=\"https:\/\/jackpotlotteryonline.com\/fr\/attention-aux-arnaques-a-la-loterie-en-ligne\">en savoir plus<\/a><\/p>\n<\/div>\n<\/div>\n<\/section>\n<h2>Inscrivez-vous sur notre site pour participer \u00e0 la loterie en ligne<\/h2>\n<p><img loading=\"lazy\" decoding=\"async\" class=\"size-medium wp-image-34403 alignright\" src=\"https:\/\/jackpotlotteryonline.com\/wp-content\/uploads\/2022\/11\/2_ticket_oz_lotto2-179x300.jpg\" alt=\"Billets de Oz Lotto\" width=\"179\" height=\"300\" srcset=\"https:\/\/jackpotlotteryonline.com\/wp-content\/uploads\/2022\/11\/2_ticket_oz_lotto2-179x300.jpg 179w, https:\/\/jackpotlotteryonline.com\/wp-content\/uploads\/2022\/11\/2_ticket_oz_lotto2.jpg 250w\" sizes=\"auto, (max-width: 179px) 100vw, 179px\" \/><\/p>\n<p>L&#8217;achat de billets de loterie sur Internet ou via une application mobile est simple et sans probl\u00e8me. Une fois que vous avez identifi\u00e9 le vendeur que vous souhaitez utiliser, visitez son site et choisissez la loterie de votre choix. L&#8217;\u00e9tape suivante consiste \u00e0 choisir vos num\u00e9ros. Pour Oz Lotto, vous devez choisir dix num\u00e9ros de 1 \u00e0 47.<\/p>\n<p><a href=\"https:\/\/jackpotlotteryonline.com\/fr\/numeros-gagnants\/oz-lotto\">Participez au tirage et effectuez le paiement<\/a>. Le tirage a lieu une fois par semaine, le mardi. L&#8217;int\u00e9r\u00eat de jouer en ligne est que vous pouvez acheter plusieurs tickets et participer \u00e0 plusieurs tirages \u00e0 l&#8217;avance. En outre, si vous n&#8217;\u00eates pas s\u00fbr du num\u00e9ro \u00e0 choisir, vous pouvez facilement utiliser un s\u00e9lecteur automatique de num\u00e9ros.<\/p>\n<p>Comme nous l&#8217;avons dit, jouer \u00e0 la loterie sur Internet est un moyen pratique et sans stress de vivre une exp\u00e9rience agr\u00e9able. Que vous soyez un parieur chevronn\u00e9 ou un d\u00e9butant, vous pouvez faire un voyage merveilleux ici m\u00eame. Nos services de conciergerie offrent aux joueurs un moyen l\u00e9gitime de participer \u00e0 la loterie. Lorsque vous achetez un billet de loterie Oz chez nous, vous obtenez la vraie affaire.<\/p>\n","protected":false},"excerpt":{"rendered":"<p>Oz Lotto est la premi\u00e8re loterie nationale australienne. Elle a d\u00e9but\u00e9 en 1994 et est devenue populaire parmi les parieurs du monde entier en raison du g\u00e9n\u00e9reux prix du jackpot. Il y a plus qui attire les joueurs que le gros jackpot. Les diff\u00e9rentes loteries ont leurs propres r\u00e8gles et m\u00e9thodes, mais un point commun [&hellip;]<\/p>\n","protected":false},"author":1,"featured_media":0,"parent":35751,"menu_order":16,"comment_status":"closed","ping_status":"closed","template":"","meta":{"_et_pb_use_builder":"","_et_pb_old_content":"","_et_gb_content_width":"","exclude_from_search":false,"footnotes":""},"class_list":["post-37203","page","type-page","status-publish","hentry"],"yoast_head":"<!-- This site is optimized with the Yoast SEO plugin v23.3 - https:\/\/yoast.com\/wordpress\/plugins\/seo\/ -->\n<title>Acheter des billets du Lotto d&#039;Oz en dehors de l&#039;Australie | Billets du Lotto d&#039;Oz en ligne<\/title>\n<meta name=\"description\" content=\"OZ Lotto est jouable pour vous, si vous ne vivez pas en Australie, nous pouvons vous obtenir un ticket l\u00e9gal pour cette loterie australienne en ligne.\" \/>\n<meta name=\"robots\" content=\"index, follow, max-snippet:-1, max-image-preview:large, max-video-preview:-1\" \/>\n<link rel=\"canonical\" href=\"https:\/\/jackpotlotteryonline.com\/fr\/acheter-tickets\/oz-lotto\/\" \/>\n<meta property=\"og:locale\" content=\"fr_FR\" \/>\n<meta property=\"og:type\" content=\"article\" \/>\n<meta property=\"og:title\" content=\"Acheter des billets du Lotto d&#039;Oz en dehors de l&#039;Australie | Billets du Lotto d&#039;Oz en ligne\" \/>\n<meta property=\"og:description\" content=\"OZ Lotto est jouable pour vous, si vous ne vivez pas en Australie, nous pouvons vous obtenir un ticket l\u00e9gal pour cette loterie australienne en ligne.\" \/>\n<meta property=\"og:url\" content=\"https:\/\/jackpotlotteryonline.com\/fr\/acheter-tickets\/oz-lotto\/\" \/>\n<meta property=\"og:site_name\" content=\"Lotto Online - Crack The International Lottery Jackpots\" \/>\n<meta property=\"article:modified_time\" content=\"2022-12-24T10:15:54+00:00\" \/>\n<meta property=\"og:image\" content=\"https:\/\/jackpotlotteryonline.com\/wp-content\/uploads\/2022\/11\/lottoballs.jpg\" \/>\n<meta name=\"twitter:card\" content=\"summary_large_image\" \/>\n<meta name=\"twitter:label1\" content=\"Dur\u00e9e de lecture estim\u00e9e\" \/>\n\t<meta name=\"twitter:data1\" content=\"4 minutes\" \/>\n<!-- \/ Yoast SEO plugin. -->","yoast_head_json":{"title":"Acheter des billets du Lotto d'Oz en dehors de l'Australie | Billets du Lotto d'Oz en ligne","description":"OZ Lotto est jouable pour vous, si vous ne vivez pas en Australie, nous pouvons vous obtenir un ticket l\u00e9gal pour cette loterie australienne en ligne.","robots":{"index":"index","follow":"follow","max-snippet":"max-snippet:-1","max-image-preview":"max-image-preview:large","max-video-preview":"max-video-preview:-1"},"canonical":"https:\/\/jackpotlotteryonline.com\/fr\/acheter-tickets\/oz-lotto\/","og_locale":"fr_FR","og_type":"article","og_title":"Acheter des billets du Lotto d'Oz en dehors de l'Australie | Billets du Lotto d'Oz en ligne","og_description":"OZ Lotto est jouable pour vous, si vous ne vivez pas en Australie, nous pouvons vous obtenir un ticket l\u00e9gal pour cette loterie australienne en ligne.","og_url":"https:\/\/jackpotlotteryonline.com\/fr\/acheter-tickets\/oz-lotto\/","og_site_name":"Lotto Online - Crack The International Lottery Jackpots","article_modified_time":"2022-12-24T10:15:54+00:00","og_image":[{"url":"https:\/\/jackpotlotteryonline.com\/wp-content\/uploads\/2022\/11\/lottoballs.jpg"}],"twitter_card":"summary_large_image","twitter_misc":{"Dur\u00e9e de lecture estim\u00e9e":"4 minutes"},"schema":{"@context":"https:\/\/schema.org","@graph":[{"@type":"WebPage","@id":"https:\/\/jackpotlotteryonline.com\/fr\/acheter-tickets\/oz-lotto\/","url":"https:\/\/jackpotlotteryonline.com\/fr\/acheter-tickets\/oz-lotto\/","name":"Acheter des billets du Lotto d'Oz en dehors de l'Australie | Billets du Lotto d'Oz en ligne","isPartOf":{"@id":"https:\/\/jackpotlotteryonline.com\/#website"},"primaryImageOfPage":{"@id":"https:\/\/jackpotlotteryonline.com\/fr\/acheter-tickets\/oz-lotto\/#primaryimage"},"image":{"@id":"https:\/\/jackpotlotteryonline.com\/fr\/acheter-tickets\/oz-lotto\/#primaryimage"},"thumbnailUrl":"https:\/\/jackpotlotteryonline.com\/wp-content\/uploads\/2022\/11\/lottoballs.jpg","datePublished":"2022-11-11T06:13:53+00:00","dateModified":"2022-12-24T10:15:54+00:00","description":"OZ Lotto est jouable pour vous, si vous ne vivez pas en Australie, nous pouvons vous obtenir un ticket l\u00e9gal pour cette loterie australienne en ligne.","breadcrumb":{"@id":"https:\/\/jackpotlotteryonline.com\/fr\/acheter-tickets\/oz-lotto\/#breadcrumb"},"inLanguage":"fr-FR","potentialAction":[{"@type":"ReadAction","target":["https:\/\/jackpotlotteryonline.com\/fr\/acheter-tickets\/oz-lotto\/"]}]},{"@type":"ImageObject","inLanguage":"fr-FR","@id":"https:\/\/jackpotlotteryonline.com\/fr\/acheter-tickets\/oz-lotto\/#primaryimage","url":"https:\/\/jackpotlotteryonline.com\/wp-content\/uploads\/2022\/11\/lottoballs.jpg","contentUrl":"https:\/\/jackpotlotteryonline.com\/wp-content\/uploads\/2022\/11\/lottoballs.jpg"},{"@type":"BreadcrumbList","@id":"https:\/\/jackpotlotteryonline.com\/fr\/acheter-tickets\/oz-lotto\/#breadcrumb","itemListElement":[{"@type":"ListItem","position":1,"name":"Home","item":"https:\/\/jackpotlotteryonline.com\/fr\/"},{"@type":"ListItem","position":2,"name":"Comment acheter des billets de loterie en ligne","item":"https:\/\/jackpotlotteryonline.com\/fr\/acheter-tickets\/"},{"@type":"ListItem","position":3,"name":"Acheter des tickets de loto d&rsquo;Oz"}]},{"@type":"WebSite","@id":"https:\/\/jackpotlotteryonline.com\/#website","url":"https:\/\/jackpotlotteryonline.com\/","name":"Lotto Online - Crack The International Lottery Jackpots","description":"","potentialAction":[{"@type":"SearchAction","target":{"@type":"EntryPoint","urlTemplate":"https:\/\/jackpotlotteryonline.com\/?s={search_term_string}"},"query-input":"required name=search_term_string"}],"inLanguage":"fr-FR"}]}},"_links":{"self":[{"href":"https:\/\/jackpotlotteryonline.com\/fr\/wp-json\/wp\/v2\/pages\/37203","targetHints":{"allow":["GET"]}}],"collection":[{"href":"https:\/\/jackpotlotteryonline.com\/fr\/wp-json\/wp\/v2\/pages"}],"about":[{"href":"https:\/\/jackpotlotteryonline.com\/fr\/wp-json\/wp\/v2\/types\/page"}],"author":[{"embeddable":true,"href":"https:\/\/jackpotlotteryonline.com\/fr\/wp-json\/wp\/v2\/users\/1"}],"replies":[{"embeddable":true,"href":"https:\/\/jackpotlotteryonline.com\/fr\/wp-json\/wp\/v2\/comments?post=37203"}],"version-history":[{"count":0,"href":"https:\/\/jackpotlotteryonline.com\/fr\/wp-json\/wp\/v2\/pages\/37203\/revisions"}],"up":[{"embeddable":true,"href":"https:\/\/jackpotlotteryonline.com\/fr\/wp-json\/wp\/v2\/pages\/35751"}],"wp:attachment":[{"href":"https:\/\/jackpotlotteryonline.com\/fr\/wp-json\/wp\/v2\/media?parent=37203"}],"curies":[{"name":"wp","href":"https:\/\/api.w.org\/{rel}","templated":true}]}}