{"id":37261,"date":"2022-11-11T08:03:51","date_gmt":"2022-11-11T08:03:51","guid":{"rendered":"https:\/\/jackpotlotteryonline.com\/?page_id=37261"},"modified":"2022-12-24T20:00:47","modified_gmt":"2022-12-24T20:00:47","slug":"saturday-lotto","status":"publish","type":"page","link":"https:\/\/jackpotlotteryonline.com\/fr\/acheter-tickets\/saturday-lotto\/","title":{"rendered":"Acheter des billets pour le Lotto du samedi en Australie"},"content":{"rendered":"<p>L&#8217;Australie a beaucoup de loteries comme le Wednesday Lotto, le Powerball et le Saturday Lotto Australia. La loterie du samedi est populaire parmi les joueurs et donne aux gens quelque chose \u00e0 attendre avec impatience chaque semaine. Lorsque cette loterie a commenc\u00e9, seuls les joueurs d&#8217;Oz pouvaient y participer. Heureusement, les parieurs du monde entier peuvent maintenant participer \u00e0 la loterie du samedi.<\/p>\n<p>Alors, comment acheter des tickets pour le loto du samedi en dehors du pays ? Pourquoi ne pas continuer \u00e0 lire pour le d\u00e9couvrir ? Nous vous guiderons \u00e0 travers le processus et r\u00e9pondrons \u00e0 toutes vos questions. Pour ceux qui ne sont pas familiers avec cette loterie, nous prendrons \u00e9galement le temps d&#8217;en parler. Nous esp\u00e9rons qu&#8217;\u00e0 la fin de votre lecture, vous aurez envie d&#8217;acheter des tickets pour cette loterie.<\/p>\n<h2>Qu&#8217;est-ce que le Saturday Lotto Australia ?<\/h2>\n<p>Il s&#8217;agit d&#8217;une loterie qui a \u00e9t\u00e9 introduite dans le pays en 1972 et qui est maintenant devenue l&#8217;une des loteries pr\u00e9f\u00e9r\u00e9es des parieurs. Connue sous les noms de Tatts lotto, X lotto et Gold lotto dans certaines parties du pays, elle est g\u00e9r\u00e9e par le groupe Tatts lottery.<\/p>\n<p>Cette loterie comporte six cat\u00e9gories de prix, dont nous allons parler dans un instant. La loterie du samedi a un jackpot de d\u00e9part de 5 millions de dollars australiens. Ce qui est \u00e9tonnant, c&#8217;est que les chances de gagner le jackpot sont tr\u00e8s bonnes. Contrairement \u00e0 d&#8217;autres loteries, un joueur doit seulement trouver les num\u00e9ros principaux pour gagner le jackpot.<\/p>\n<p>Il existe des num\u00e9ros suppl\u00e9mentaires, mais ils sont utilis\u00e9s pour d\u00e9terminer les gagnants des autres cat\u00e9gories de prix. Cela en dit long sur le fait que, m\u00eame s&#8217;il existe une loterie pour presque tous les jours de la semaine, les Australiens sont attir\u00e9s par celle-ci. Nous vous expliquons ci-dessous comment jouer \u00e0 cette loterie et quelles sont les diff\u00e9rentes cat\u00e9gories de prix.<\/p>\n<h2>Comment jouer \u00e0 la loterie du samedi<\/h2>\n<p><img loading=\"lazy\" decoding=\"async\" class=\"alignright size-full wp-image-35132\" src=\"https:\/\/jackpotlotteryonline.com\/wp-content\/uploads\/2022\/11\/2_ticket_saturday_lotto_au2-1-180x300-1.jpg\" alt=\"Ticket de loto du samedi\" width=\"180\" height=\"300\" \/><\/p>\n<p>Pour <a href=\"https:\/\/jackpotlotteryonline.com\/fr\/comment-jouer\/saturday-lotto\">jouer \u00e0 cette loterie<\/a>, un joueur doit choisir 6 num\u00e9ros principaux entre 1 et 45. Puis 2 num\u00e9ros suppl\u00e9mentaires de 1 \u00e0 6. Les num\u00e9ros suppl\u00e9mentaires ne sont pas utilis\u00e9s pour d\u00e9terminer le jackpot. Tout ce que le joueur doit faire, c&#8217;est trouver les huit num\u00e9ros tir\u00e9s au sort pour gagner le jackpot.<\/p>\n<p>Pendant les tirages, six boules sont choisies au hasard dans un baril qui en contient 45. Les num\u00e9ros figurant sur ces boules sont les num\u00e9ros gagnants, et tout ticket correspondant \u00e0 ces num\u00e9ros est le ticket gagnant. Ensuite, deux autres boules sont pr\u00e9lev\u00e9es dans un autre baril qui en contient six. Ce sont les num\u00e9ros suppl\u00e9mentaires qui sont utilis\u00e9s pour d\u00e9terminer les autres cat\u00e9gories de prix.<\/p>\n<p>Comme son nom l&#8217;indique, les tirages ont lieu le samedi de chaque semaine. Les tirages se terminent le samedi \u00e0 19 h 25 AEST. Les joueurs qui souhaitent participer au tirage de la semaine doivent acheter leurs tickets avant l&#8217;heure de cl\u00f4ture.<\/p>\n<h2>Divisions des prix<\/h2>\n<p>Le Tatts Lotto a huit cat\u00e9gories de prix. Lorsque vous achetez un ticket pour cette loterie, vous avez la possibilit\u00e9 de gagner l&#8217;une de ces cat\u00e9gories de prix. La combinaison gagnante pour chaque cat\u00e9gorie est indiqu\u00e9e ci-dessous.<\/p>\n<p>Division 1 (Jackpot) &#8211; 6 num\u00e9ros principaux \u00e0 trouver<br \/>\nDivision 2 &#8211; Faites correspondre 5 num\u00e9ros principaux + 1 num\u00e9ro suppl\u00e9mentaire.<br \/>\nDivision 3 &#8211; 5 num\u00e9ros principaux au choix<br \/>\nDivision 4 &#8211; 4 num\u00e9ros principaux au choix<br \/>\nDivision 5 &#8211; 3 num\u00e9ros principaux + 1 num\u00e9ro suppl\u00e9mentaire.<br \/>\nDivision 6 &#8211; 3 num\u00e9ros principaux au choix<\/p>\n<p>Les organisateurs ont fait en sorte que les joueurs puissent gagner \u00e0 cette loterie. Les chances sont grandes et avec un jackpot de 5 millions de dollars australiens, il n&#8217;est pas \u00e9tonnant que les joueurs adorent la loterie du samedi. Si vous ne l&#8217;avez pas encore fait, c&#8217;est le bon moment pour penser \u00e0 acheter un ticket.<\/p>\n<h2>Gagnants pr\u00e9c\u00e9dents<\/h2>\n<p>Avant de vous expliquer comment acheter des tickets pour cette loterie en dehors d&#8217;Oz, il serait bon de parler des pr\u00e9c\u00e9dents gagnants. Au fil des ans, il y a eu beaucoup de gagnants, nous allons donc choisir quelques gagnants r\u00e9cents en esp\u00e9rant que vous serez inspir\u00e9s.<\/p>\n<p>Le premier sur notre liste est une maman australienne qui a choisi de rester anonyme. Elle a gagn\u00e9 le jackpot du samedi avec un autre gagnant. Selon les rapports, il lui a fallu deux semaines avant de r\u00e9aliser qu&#8217;elle avait gagn\u00e9 le jackpot. Si elle avait attendu plus longtemps, elle n&#8217;aurait pas pu r\u00e9clamer son prix. Heureusement, elle est retourn\u00e9e v\u00e9rifier et a d\u00e9couvert qu&#8217;elle avait gagn\u00e9.<\/p>\n<p>Un autre gagnant est un homme qui jouait \u00e0 la loterie du samedi depuis plusieurs ann\u00e9es avec les m\u00eames num\u00e9ros. Sa t\u00e9nacit\u00e9 a port\u00e9 ses fruits et il a remport\u00e9 le jackpot. De nombreux gagnants du loto disent qu&#8217;ils ont jou\u00e9 pendant des ann\u00e9es avant de gagner \u00e0 la loterie. Parfois, il faut de la foi et de la constance pour obtenir les r\u00e9sultats que l&#8217;on souhaite.<\/p>\n<section class=\"layout\" style=\"border: solid 1px; width: 100%;\">\n<div class=\"img-div\" style=\"margin-top: 5px;\"><img decoding=\"async\" class=\"wp-image-17212 alignleft\" style=\"height: 45px; margin: 8px 8px 0px;\" src=\"https:\/\/jackpotlotteryonline.com\/wp-content\/uploads\/2022\/11\/read1.jpg\" alt=\"lire\" width=\"\" height=\"\" \/><\/div>\n<div style=\"padding-left: 5px;\">\n<div style=\"font-size: 1.1em;\">\n<p><strong>Certains gagnants du loto ont redonn\u00e9 \u00e0 la communaut\u00e9<\/strong><\/p>\n<p style=\"font-size: 0.85em; margin-top: -1.5em;\">Quelques histoires int\u00e9ressantes et r\u00e9confortantes sur des gagnants de la loterie qui redonnent de l&#8217;argent.<a href=\"https:\/\/jackpotlotteryonline.com\/fr\/histoires-de-gagnants-de-la-loterie-qui-donnent-en-retour\">\u00a0 en savoir plus<\/a><\/p>\n<\/div>\n<\/div>\n<\/section>\n<h2>Acheter des tickets en dehors de l&#8217;Australie<\/h2>\n<p>Alors, si vous ne vivez pas dans le beau pays d&#8217;Oz, comment pouvez-vous acheter des tickets pour le Lotto du samedi ? Avant l&#8217;arriv\u00e9e d&#8217;Internet, cela aurait \u00e9t\u00e9 impossible ou, \u00e0 tout le moins, tr\u00e8s difficile. Mais gr\u00e2ce \u00e0 l&#8217;internet, vous pouvez acheter vos tickets de loterie Tatts en ligne.<\/p>\n<p>Il existe des vendeurs de loterie en ligne qui permettent aux joueurs d&#8217;acheter des billets pour les meilleures loteries internationales. Ces vendeurs g\u00e8rent ce que l&#8217;on appelle un service de conciergerie qui aide les joueurs \u00e0 acheter des billets de loterie dans n&#8217;importe quel pays. Lorsque vous vous inscrivez sur ces sites, vous pouvez facilement participer \u00e0 la loterie du samedi et r\u00e9clamer vos gains.<\/p>\n<p>Chez jackpotlotteryonline.com, nous g\u00e9rons un service de conciergerie qui offre une exp\u00e9rience transparente \u00e0 nos utilisateurs. Lorsque vous vous inscrivez chez nous, vous pouvez facilement acheter votre billet pour la loterie du samedi et de nombreuses autres loteries internationales. Vous vous inqui\u00e9tez de savoir comment r\u00e9clamer votre prix si vous gagnez ? Il vous suffit d&#8217;encaisser votre prix \u00e0 partir de notre plateforme, sans aucun probl\u00e8me.<\/p>\n<h2>Questions fr\u00e9quemment pos\u00e9es<\/h2>\n<p><img loading=\"lazy\" decoding=\"async\" class=\"wp-image-29264 alignright\" src=\"https:\/\/jackpotlotteryonline.com\/wp-content\/uploads\/2022\/11\/1_play_online_lotto-300x300.jpg\" alt=\"Loto du samedi en ligne en Australie\" width=\"235\" height=\"235\" srcset=\"https:\/\/jackpotlotteryonline.com\/wp-content\/uploads\/2022\/11\/1_play_online_lotto-300x300.jpg 300w, https:\/\/jackpotlotteryonline.com\/wp-content\/uploads\/2022\/11\/1_play_online_lotto-100x100.jpg 100w, https:\/\/jackpotlotteryonline.com\/wp-content\/uploads\/2022\/11\/1_play_online_lotto-150x150.jpg 150w, https:\/\/jackpotlotteryonline.com\/wp-content\/uploads\/2022\/11\/1_play_online_lotto.jpg 480w\" sizes=\"auto, (max-width: 235px) 100vw, 235px\" \/><\/p>\n<p>Nous savons qu&#8217;il y a probablement plusieurs questions qui vous trottent dans la t\u00eate. Ce n&#8217;est pas grave, nous sommes l\u00e0 pour r\u00e9pondre \u00e0 vos questions. Nous allons essayer de tout couvrir ici, mais si vous avez encore des questions, n&#8217;h\u00e9sitez pas \u00e0 nous contacter. Nous sommes toujours heureux d&#8217;avoir de vos nouvelles. Nous ferons tout ce que nous pouvons raisonnablement faire pour vous aider \u00e0 devenir un gagnant de la loterie.<\/p>\n<h2>Puis-je acheter des billets de loterie en ligne ?<\/h2>\n<p>Oui, vous pouvez acheter des billets de loterie en ligne et c&#8217;est parfaitement l\u00e9gal. Veillez \u00e0 utiliser un vendeur de billets de loterie de confiance pour vous assurer que vous participez bien \u00e0 la loterie. De nombreux groupes de loterie ont des sites Web. Toutefois, si vous souhaitez jouer \u00e0 plusieurs loteries, il est pr\u00e9f\u00e9rable de vous inscrire aupr\u00e8s d&#8217;un vendeur de loterie. Plus pr\u00e9cis\u00e9ment, un vendeur qui donne acc\u00e8s \u00e0 plusieurs autres loteries.<\/p>\n<h2>Comment acheter un billet ?<\/h2>\n<p>L&#8217;achat d&#8217;un billet de loterie est facile lorsque vous \u00eates inscrit chez nous. Il vous suffit de choisir vos num\u00e9ros et de participer au tirage. Vous pouvez acheter plusieurs participations pour augmenter vos chances de gagner un prix. C&#8217;est vous qui d\u00e9cidez. Si vous n&#8217;\u00eates pas s\u00fbr du num\u00e9ro \u00e0 choisir, le s\u00e9lecteur automatique peut faire le travail pour vous. Nous nous effor\u00e7ons de faire en sorte que le processus soit facile et intuitif pour les joueurs.<\/p>\n<h2>Qu&#8217;est-ce qu&#8217;un service de conciergerie ?<\/h2>\n<p>Nous sommes heureux que vous posiez la question. Lorsque nous disons que nous g\u00e9rons un service de conciergerie, cela signifie que nous avons des agents dans diff\u00e9rents pays, y compris en Australie. Lorsque vous achetez votre billet de loterie chez nous, nos agents vont acheter un billet physique avec les num\u00e9ros correspondants. Cela signifie que, o\u00f9 que vous soyez, vous \u00eates inscrit \u00e0 la loterie.<\/p>\n<h2>Comment puis-je gagner ?<\/h2>\n<p>Pour gagner \u00e0 cette loterie australienne, il vous suffit de trouver les six num\u00e9ros principaux tir\u00e9s au sort et vous deviendrez le gagnant du jackpot. Vous n&#8217;avez pas besoin de trouver les num\u00e9ros suppl\u00e9mentaires car ils sont utilis\u00e9s pour d\u00e9terminer les prix des divisions 2 et 5.<\/p>\n<h2>Comment puis-je v\u00e9rifier les r\u00e9sultats ?<\/h2>\n<p>Apr\u00e8s chaque tirage, nous affichons les r\u00e9sultats ici m\u00eame sur jackpotlotteryonline.com. Pour la loterie du samedi, il suffit de consulter la <a href=\"https:\/\/jackpotlotteryonline.com\/fr\/numeros-gagnants\/saturday-lotto\">page des tirages du samedi apr\u00e8s les tirages du samedi<\/a> pour trouver les r\u00e9sultats.<\/p>\n<h2>Que faire si j&#8217;oublie de v\u00e9rifier les r\u00e9sultats ?<\/h2>\n<p>Voici la meilleure partie. Lorsque vous achetez chez nous, peu importe si vous oubliez de v\u00e9rifier les r\u00e9sultats du loto, car nous assurons vos arri\u00e8res. Si vous gagnez un prix, nous vous enverrons un message sur votre tableau de bord ainsi qu&#8217;un e-mail pour vous en avertir. Lorsque vous achetez un bulletin de loterie chez nous, vous savez que vous \u00eates couvert.<\/p>\n<h2>J&#8217;ai gagn\u00e9, et maintenant ?<\/h2>\n<p>Eh bien, si vous avez gagn\u00e9 \u00e0 la loterie, tout d&#8217;abord, f\u00e9licitations ! Nous sommes ravis pour vous. Si vous vous \u00eates inscrit chez nous, la prochaine \u00e9tape est simple. Rendez-vous sur votre tableau de bord et retirez vos fonds par le biais des m\u00e9thodes disponibles. C&#8217;est aussi simple que cela.<\/p>\n<h2>Inscrivez-vous d\u00e8s aujourd&#8217;hui !<\/h2>\n<p>Jouer \u00e0 la loterie est amusant et donne aux joueurs quelque chose \u00e0 attendre avec impatience chaque semaine. La loterie du samedi offre un beau jackpot et des chances de gagner favorables, ce qui la rend id\u00e9ale pour les nouveaux et les anciens parieurs. D\u00e9sormais, elle n&#8217;est plus r\u00e9serv\u00e9e aux Australiens, car tout le monde peut d\u00e9sormais acheter des tickets de loterie.<\/p>\n<p>Si vous \u00eates \u00e0 la recherche d&#8217;un jeu int\u00e9ressant \u00e0 jouer, pourquoi ne pas essayer la loterie Tatts ? O\u00f9 que vous soyez, vous pouvez acheter un ticket pour cette loterie en vous inscrivant sur notre site. Achetez des tickets multiples et participez \u00e0 plusieurs tirages \u00e0 l&#8217;avance en toute simplicit\u00e9. Notre travail consiste \u00e0 vous permettre de jouer aux loteries de votre choix avec un minimum de stress.<\/p>\n<p>D\u00e9tendez-vous et amusez-vous en jouant, vous ne savez jamais si ce sera le jour o\u00f9 vous gagnerez gros. Pourquoi ne pas acheter un acc\u00e8s \u00e0 la loterie en vous inscrivant chez nous d\u00e8s aujourd&#8217;hui ?<\/p>\n","protected":false},"excerpt":{"rendered":"<p>L&#8217;Australie a beaucoup de loteries comme le Wednesday Lotto, le Powerball et le Saturday Lotto Australia. La loterie du samedi est populaire parmi les joueurs et donne aux gens quelque chose \u00e0 attendre avec impatience chaque semaine. Lorsque cette loterie a commenc\u00e9, seuls les joueurs d&#8217;Oz pouvaient y participer. Heureusement, les parieurs du monde entier [&hellip;]<\/p>\n","protected":false},"author":1,"featured_media":0,"parent":35751,"menu_order":18,"comment_status":"closed","ping_status":"closed","template":"saturday-lotto-info.php","meta":{"_et_pb_use_builder":"","_et_pb_old_content":"","_et_gb_content_width":"","exclude_from_search":false,"footnotes":""},"class_list":["post-37261","page","type-page","status-publish","hentry"],"yoast_head":"<!-- This site is optimized with the Yoast SEO plugin v23.3 - https:\/\/yoast.com\/wordpress\/plugins\/seo\/ -->\n<title>Acheter des billets pour le Saturday Lotto Australia depuis l&#039;ext\u00e9rieur de l&#039;Australie.<\/title>\n<meta name=\"description\" content=\"Le populaire loto australien du samedi propose des jackpots int\u00e9ressants. Les joueurs de n&#039;importe o\u00f9 peuvent maintenant acheter un ticket pour le Saturday lotto en ligne.\" \/>\n<meta name=\"robots\" content=\"index, follow, max-snippet:-1, max-image-preview:large, max-video-preview:-1\" \/>\n<link rel=\"canonical\" href=\"https:\/\/jackpotlotteryonline.com\/buy-tickets\/saturday-lotto\/\" \/>\n<meta property=\"og:locale\" content=\"fr_FR\" \/>\n<meta property=\"og:type\" content=\"article\" \/>\n<meta property=\"og:title\" content=\"Acheter des billets pour le Saturday Lotto Australia depuis l&#039;ext\u00e9rieur de l&#039;Australie.\" \/>\n<meta property=\"og:description\" content=\"Le populaire loto australien du samedi propose des jackpots int\u00e9ressants. Les joueurs de n&#039;importe o\u00f9 peuvent maintenant acheter un ticket pour le Saturday lotto en ligne.\" \/>\n<meta property=\"og:url\" content=\"https:\/\/jackpotlotteryonline.com\/buy-tickets\/saturday-lotto\/\" \/>\n<meta property=\"og:site_name\" content=\"Lotto Online - Crack The International Lottery Jackpots\" \/>\n<meta property=\"article:modified_time\" content=\"2022-12-24T20:00:47+00:00\" \/>\n<meta property=\"og:image\" content=\"https:\/\/jackpotlotteryonline.com\/wp-content\/uploads\/2022\/11\/2_ticket_saturday_lotto_au2-1-180x300-1.jpg\" \/>\n<meta name=\"twitter:card\" content=\"summary_large_image\" \/>\n<meta name=\"twitter:label1\" content=\"Dur\u00e9e de lecture estim\u00e9e\" \/>\n\t<meta name=\"twitter:data1\" content=\"9 minutes\" \/>\n<!-- \/ Yoast SEO plugin. -->","yoast_head_json":{"title":"Acheter des billets pour le Saturday Lotto Australia depuis l'ext\u00e9rieur de l'Australie.","description":"Le populaire loto australien du samedi propose des jackpots int\u00e9ressants. Les joueurs de n'importe o\u00f9 peuvent maintenant acheter un ticket pour le Saturday lotto en ligne.","robots":{"index":"index","follow":"follow","max-snippet":"max-snippet:-1","max-image-preview":"max-image-preview:large","max-video-preview":"max-video-preview:-1"},"canonical":"https:\/\/jackpotlotteryonline.com\/buy-tickets\/saturday-lotto\/","og_locale":"fr_FR","og_type":"article","og_title":"Acheter des billets pour le Saturday Lotto Australia depuis l'ext\u00e9rieur de l'Australie.","og_description":"Le populaire loto australien du samedi propose des jackpots int\u00e9ressants. Les joueurs de n'importe o\u00f9 peuvent maintenant acheter un ticket pour le Saturday lotto en ligne.","og_url":"https:\/\/jackpotlotteryonline.com\/buy-tickets\/saturday-lotto\/","og_site_name":"Lotto Online - Crack The International Lottery Jackpots","article_modified_time":"2022-12-24T20:00:47+00:00","og_image":[{"url":"https:\/\/jackpotlotteryonline.com\/wp-content\/uploads\/2022\/11\/2_ticket_saturday_lotto_au2-1-180x300-1.jpg"}],"twitter_card":"summary_large_image","twitter_misc":{"Dur\u00e9e de lecture estim\u00e9e":"9 minutes"},"schema":{"@context":"https:\/\/schema.org","@graph":[{"@type":"WebPage","@id":"https:\/\/jackpotlotteryonline.com\/buy-tickets\/saturday-lotto\/","url":"https:\/\/jackpotlotteryonline.com\/buy-tickets\/saturday-lotto\/","name":"Acheter des billets pour le Saturday Lotto Australia depuis l'ext\u00e9rieur de l'Australie.","isPartOf":{"@id":"https:\/\/jackpotlotteryonline.com\/#website"},"primaryImageOfPage":{"@id":"https:\/\/jackpotlotteryonline.com\/buy-tickets\/saturday-lotto\/#primaryimage"},"image":{"@id":"https:\/\/jackpotlotteryonline.com\/buy-tickets\/saturday-lotto\/#primaryimage"},"thumbnailUrl":"https:\/\/jackpotlotteryonline.com\/wp-content\/uploads\/2022\/11\/2_ticket_saturday_lotto_au2-1-180x300-1.jpg","datePublished":"2022-11-11T08:03:51+00:00","dateModified":"2022-12-24T20:00:47+00:00","description":"Le populaire loto australien du samedi propose des jackpots int\u00e9ressants. Les joueurs de n'importe o\u00f9 peuvent maintenant acheter un ticket pour le Saturday lotto en ligne.","breadcrumb":{"@id":"https:\/\/jackpotlotteryonline.com\/buy-tickets\/saturday-lotto\/#breadcrumb"},"inLanguage":"fr-FR","potentialAction":[{"@type":"ReadAction","target":["https:\/\/jackpotlotteryonline.com\/buy-tickets\/saturday-lotto\/"]}]},{"@type":"ImageObject","inLanguage":"fr-FR","@id":"https:\/\/jackpotlotteryonline.com\/buy-tickets\/saturday-lotto\/#primaryimage","url":"https:\/\/jackpotlotteryonline.com\/wp-content\/uploads\/2022\/11\/2_ticket_saturday_lotto_au2-1-180x300-1.jpg","contentUrl":"https:\/\/jackpotlotteryonline.com\/wp-content\/uploads\/2022\/11\/2_ticket_saturday_lotto_au2-1-180x300-1.jpg"},{"@type":"BreadcrumbList","@id":"https:\/\/jackpotlotteryonline.com\/buy-tickets\/saturday-lotto\/#breadcrumb","itemListElement":[{"@type":"ListItem","position":1,"name":"Home","item":"https:\/\/jackpotlotteryonline.com\/fr\/"},{"@type":"ListItem","position":2,"name":"Comment acheter des billets de loterie en ligne","item":"https:\/\/jackpotlotteryonline.com\/fr\/acheter-tickets\/"},{"@type":"ListItem","position":3,"name":"Acheter des billets pour le Lotto du samedi en Australie"}]},{"@type":"WebSite","@id":"https:\/\/jackpotlotteryonline.com\/#website","url":"https:\/\/jackpotlotteryonline.com\/","name":"Lotto Online - Crack The International Lottery Jackpots","description":"","potentialAction":[{"@type":"SearchAction","target":{"@type":"EntryPoint","urlTemplate":"https:\/\/jackpotlotteryonline.com\/?s={search_term_string}"},"query-input":"required name=search_term_string"}],"inLanguage":"fr-FR"}]}},"_links":{"self":[{"href":"https:\/\/jackpotlotteryonline.com\/fr\/wp-json\/wp\/v2\/pages\/37261","targetHints":{"allow":["GET"]}}],"collection":[{"href":"https:\/\/jackpotlotteryonline.com\/fr\/wp-json\/wp\/v2\/pages"}],"about":[{"href":"https:\/\/jackpotlotteryonline.com\/fr\/wp-json\/wp\/v2\/types\/page"}],"author":[{"embeddable":true,"href":"https:\/\/jackpotlotteryonline.com\/fr\/wp-json\/wp\/v2\/users\/1"}],"replies":[{"embeddable":true,"href":"https:\/\/jackpotlotteryonline.com\/fr\/wp-json\/wp\/v2\/comments?post=37261"}],"version-history":[{"count":0,"href":"https:\/\/jackpotlotteryonline.com\/fr\/wp-json\/wp\/v2\/pages\/37261\/revisions"}],"up":[{"embeddable":true,"href":"https:\/\/jackpotlotteryonline.com\/fr\/wp-json\/wp\/v2\/pages\/35751"}],"wp:attachment":[{"href":"https:\/\/jackpotlotteryonline.com\/fr\/wp-json\/wp\/v2\/media?parent=37261"}],"curies":[{"name":"wp","href":"https:\/\/api.w.org\/{rel}","templated":true}]}}