{"id":37754,"date":"2022-11-15T08:13:13","date_gmt":"2022-11-15T08:13:13","guid":{"rendered":"https:\/\/jackpotlotteryonline.com\/?page_id=37754"},"modified":"2022-11-15T08:13:52","modified_gmt":"2022-11-15T08:13:52","slug":"faq","status":"publish","type":"page","link":"https:\/\/jackpotlotteryonline.com\/fr\/faq\/","title":{"rendered":"FAQ"},"content":{"rendered":"<h2>FAQ sur la loterie en ligne<\/h2>\n<p>Nous allons donner ici des r\u00e9ponses aux questions les plus fr\u00e9quemment pos\u00e9es sur la loterie en ligne et les jackpots de loto en ligne. Jouer aux loteries en ligne est le moyen le plus pratique et le plus facile de mettre la main sur les gros jackpots du Lotto international.<\/p>\n<h2>Comment cela fonctionne-t-il ?<\/h2>\n<p>Nous agissons comme un service de messagerie entre vous et les diff\u00e9rentes loteries. Nous achetons le billet en votre nom et pour votre compte, puis nous scannons votre nouveau billet et t\u00e9l\u00e9chargeons le scan sur votre compte client, nous vous envoyons un message lorsque vous gagnez et nous vous aidons \u00e0 r\u00e9cup\u00e9rer votre argent lorsque vous gagnez \u00e9galement.<\/p>\n<h2>Quels sont les avantages de jouer par notre interm\u00e9diaire ?<\/h2>\n<ul>\n<li>il n&#8217;est pas n\u00e9cessaire de se rendre dans un magasin de loterie. Vous pouvez facilement jouer depuis chez vous ou depuis votre bureau.<\/li>\n<li>vous pouvez payer en ligne, par exemple par carte de cr\u00e9dit ou par d&#8217;autres moyens<\/li>\n<li>vos gains de loto jusqu&#8217;\u00e0 2 500 \u20ac seront cr\u00e9dit\u00e9s sur votre compte<\/li>\n<li>si vous gagnez plus de 2 500 \u20ac, nous vous aiderons \u00e0 r\u00e9cup\u00e9rer votre argent, gratuitement<\/li>\n<li>il n&#8217;y a pas de frais suppl\u00e9mentaires si vous gagnez de l&#8217;argent.<\/li>\n<\/ul>\n<p><strong>Qui peut jouer aux loteries ?<\/strong><\/p>\n<p>Toute personne \u00e2g\u00e9e de plus de 18 ans peut jouer \u00e0 la loterie.<\/p>\n<p><strong>Puis-je jouer \u00e0 la loterie depuis un pays \u00e9tranger ?<\/strong><\/p>\n<p>Oui, vous le pouvez. Peu importe le pays dans lequel vous r\u00e9sidez, vous pouvez jouer \u00e0 n&#8217;importe quelle loterie et \u00e0 n&#8217;importe quel jackpot de loto dans le pays de votre choix.<\/p>\n<p><strong>Puis-je choisir mes propres num\u00e9ros de loto ?<\/strong><\/p>\n<p>Oui, vous pouvez choisir les num\u00e9ros que vous voulez, ou vous pouvez demander \u00e0 l&#8217;ordinateur de choisir vos num\u00e9ros au hasard.<\/p>\n<p><strong>Comment recevrai-je mon billet de loterie ?<\/strong><\/p>\n<p>Une fois que votre paiement a \u00e9t\u00e9 trait\u00e9, nous vous enverrons par e-mail une confirmation d&#8217;achat. Les num\u00e9ros que vous avez choisis peuvent \u00eatre consult\u00e9s sur votre compte. Peu de temps apr\u00e8s, vous pourrez voir le ticket scann\u00e9 dans votre compte \u00e9galement.<\/p>\n<p><strong>Comment puis-je payer mon loto ou mon ticket ?<\/strong><\/p>\n<p>Plusieurs options de paiement s&#8217;offrent \u00e0 vous, parmi lesquelles le paiement par carte de cr\u00e9dit, le virement bancaire, diverses crypto-monnaies, et plus encore.<\/p>\n<p><strong>Prenez-vous une part de mes gains ?<\/strong><\/p>\n<p>Non. Tous les gains de la loterie vous seront vers\u00e9s dans leur int\u00e9gralit\u00e9, sans d\u00e9duction d&#8217;aucuns frais.<\/p>\n<p><strong>Quand puis-je passer ma commande de billets de loterie ?<\/strong><\/p>\n<p>Pour participer \u00e0 une loterie, vous devez commander votre billet au moins 2 heures avant le tirage. Cela nous permet de traiter votre commande de billets de loterie.<\/p>\n<p><strong>Comment puis-je savoir si j&#8217;ai gagn\u00e9 ?<\/strong><\/p>\n<p>Si vous gagnez, nous vous enverrons un e-mail vous informant de votre gain. En outre, les num\u00e9ros gagnants de toutes les loteries seront publi\u00e9s sur notre site Web.<\/p>\n<p><strong>Comment puis-je recevoir mon argent si je gagne ?<\/strong><\/p>\n<p>Si vous gagnez un montant inf\u00e9rieur \u00e0 2 500 \u20ac, l&#8217;argent sera cr\u00e9dit\u00e9 sur votre compte joueur. Pour tout gain sup\u00e9rieur \u00e0 2 500 \u20ac, nous vous enverrons un formulaire de r\u00e9clamation que vous devrez remplir. Vous devrez vous identifier et nous traiterons votre demande aupr\u00e8s de la soci\u00e9t\u00e9 de loterie. La soci\u00e9t\u00e9 de loterie vous enverra ensuite un ch\u00e8que. Veuillez noter que certaines soci\u00e9t\u00e9s de loterie exigent que vous r\u00e9clamiez vos gains en personne si vous gagnez un prix jackpot.<\/p>\n<p><strong>S&#8217;agit-il d&#8217;un service l\u00e9gal ?<\/strong><\/p>\n<p>Oui, il l&#8217;est. Comme notre service n&#8217;est qu&#8217;un service de messagerie, il est parfaitement l\u00e9gal.<\/p>\n<p><strong>Comment puis-je savoir qu&#8217;un billet de loterie est achet\u00e9 en mon nom ?<\/strong><\/p>\n<p>Une fois que vous avez pay\u00e9 votre billet de loterie, vous recevez une confirmation de paiement. Tant que votre billet de loterie est actif, vous recevrez une notification par e-mail et apr\u00e8s vous \u00eatre connect\u00e9, vous pourrez voir vos billets dans votre espace client sur notre site web.<\/p>\n","protected":false},"excerpt":{"rendered":"<p>FAQ sur la loterie en ligne Nous allons donner ici des r\u00e9ponses aux questions les plus fr\u00e9quemment pos\u00e9es sur la loterie en ligne et les jackpots de loto en ligne. Jouer aux loteries en ligne est le moyen le plus pratique et le plus facile de mettre la main sur les gros jackpots du Lotto [&hellip;]<\/p>\n","protected":false},"author":1,"featured_media":0,"parent":0,"menu_order":6,"comment_status":"closed","ping_status":"closed","template":"","meta":{"_et_pb_use_builder":"","_et_pb_old_content":"","_et_gb_content_width":"","exclude_from_search":false,"footnotes":""},"class_list":["post-37754","page","type-page","status-publish","hentry"],"yoast_head":"<!-- This site is optimized with the Yoast SEO plugin v23.3 - https:\/\/yoast.com\/wordpress\/plugins\/seo\/ -->\n<title>FAQ sur la loterie | Questions fr\u00e9quentes sur le loto en ligne.<\/title>\n<meta name=\"description\" content=\"Trouvez ici les r\u00e9ponses aux questions les plus fr\u00e9quentes sur le loto en ligne, ainsi que les meilleurs services.\" \/>\n<meta name=\"robots\" content=\"index, follow, max-snippet:-1, max-image-preview:large, max-video-preview:-1\" \/>\n<link rel=\"canonical\" href=\"https:\/\/jackpotlotteryonline.com\/fr\/faq\/\" \/>\n<meta property=\"og:locale\" content=\"fr_FR\" \/>\n<meta property=\"og:type\" content=\"article\" \/>\n<meta property=\"og:title\" content=\"FAQ sur la loterie | Questions fr\u00e9quentes sur le loto en ligne.\" \/>\n<meta property=\"og:description\" content=\"Trouvez ici les r\u00e9ponses aux questions les plus fr\u00e9quentes sur le loto en ligne, ainsi que les meilleurs services.\" \/>\n<meta property=\"og:url\" content=\"https:\/\/jackpotlotteryonline.com\/fr\/faq\/\" \/>\n<meta property=\"og:site_name\" content=\"Lotto Online - Crack The International Lottery Jackpots\" \/>\n<meta property=\"article:modified_time\" content=\"2022-11-15T08:13:52+00:00\" \/>\n<meta name=\"twitter:card\" content=\"summary_large_image\" \/>\n<meta name=\"twitter:label1\" content=\"Dur\u00e9e de lecture estim\u00e9e\" \/>\n\t<meta name=\"twitter:data1\" content=\"3 minutes\" \/>\n<!-- \/ Yoast SEO plugin. -->","yoast_head_json":{"title":"FAQ sur la loterie | Questions fr\u00e9quentes sur le loto en ligne.","description":"Trouvez ici les r\u00e9ponses aux questions les plus fr\u00e9quentes sur le loto en ligne, ainsi que les meilleurs services.","robots":{"index":"index","follow":"follow","max-snippet":"max-snippet:-1","max-image-preview":"max-image-preview:large","max-video-preview":"max-video-preview:-1"},"canonical":"https:\/\/jackpotlotteryonline.com\/fr\/faq\/","og_locale":"fr_FR","og_type":"article","og_title":"FAQ sur la loterie | Questions fr\u00e9quentes sur le loto en ligne.","og_description":"Trouvez ici les r\u00e9ponses aux questions les plus fr\u00e9quentes sur le loto en ligne, ainsi que les meilleurs services.","og_url":"https:\/\/jackpotlotteryonline.com\/fr\/faq\/","og_site_name":"Lotto Online - Crack The International Lottery Jackpots","article_modified_time":"2022-11-15T08:13:52+00:00","twitter_card":"summary_large_image","twitter_misc":{"Dur\u00e9e de lecture estim\u00e9e":"3 minutes"},"schema":{"@context":"https:\/\/schema.org","@graph":[{"@type":"WebPage","@id":"https:\/\/jackpotlotteryonline.com\/fr\/faq\/","url":"https:\/\/jackpotlotteryonline.com\/fr\/faq\/","name":"FAQ sur la loterie | Questions fr\u00e9quentes sur le loto en ligne.","isPartOf":{"@id":"https:\/\/jackpotlotteryonline.com\/#website"},"datePublished":"2022-11-15T08:13:13+00:00","dateModified":"2022-11-15T08:13:52+00:00","description":"Trouvez ici les r\u00e9ponses aux questions les plus fr\u00e9quentes sur le loto en ligne, ainsi que les meilleurs services.","breadcrumb":{"@id":"https:\/\/jackpotlotteryonline.com\/fr\/faq\/#breadcrumb"},"inLanguage":"fr-FR","potentialAction":[{"@type":"ReadAction","target":["https:\/\/jackpotlotteryonline.com\/fr\/faq\/"]}]},{"@type":"BreadcrumbList","@id":"https:\/\/jackpotlotteryonline.com\/fr\/faq\/#breadcrumb","itemListElement":[{"@type":"ListItem","position":1,"name":"Home","item":"https:\/\/jackpotlotteryonline.com\/fr\/"},{"@type":"ListItem","position":2,"name":"FAQ"}]},{"@type":"WebSite","@id":"https:\/\/jackpotlotteryonline.com\/#website","url":"https:\/\/jackpotlotteryonline.com\/","name":"Lotto Online - Crack The International Lottery Jackpots","description":"","potentialAction":[{"@type":"SearchAction","target":{"@type":"EntryPoint","urlTemplate":"https:\/\/jackpotlotteryonline.com\/?s={search_term_string}"},"query-input":"required name=search_term_string"}],"inLanguage":"fr-FR"}]}},"_links":{"self":[{"href":"https:\/\/jackpotlotteryonline.com\/fr\/wp-json\/wp\/v2\/pages\/37754","targetHints":{"allow":["GET"]}}],"collection":[{"href":"https:\/\/jackpotlotteryonline.com\/fr\/wp-json\/wp\/v2\/pages"}],"about":[{"href":"https:\/\/jackpotlotteryonline.com\/fr\/wp-json\/wp\/v2\/types\/page"}],"author":[{"embeddable":true,"href":"https:\/\/jackpotlotteryonline.com\/fr\/wp-json\/wp\/v2\/users\/1"}],"replies":[{"embeddable":true,"href":"https:\/\/jackpotlotteryonline.com\/fr\/wp-json\/wp\/v2\/comments?post=37754"}],"version-history":[{"count":0,"href":"https:\/\/jackpotlotteryonline.com\/fr\/wp-json\/wp\/v2\/pages\/37754\/revisions"}],"wp:attachment":[{"href":"https:\/\/jackpotlotteryonline.com\/fr\/wp-json\/wp\/v2\/media?parent=37754"}],"curies":[{"name":"wp","href":"https:\/\/api.w.org\/{rel}","templated":true}]}}