{"id":39193,"date":"2022-11-22T08:08:46","date_gmt":"2022-11-22T08:08:46","guid":{"rendered":"https:\/\/jackpotlotteryonline.com\/?page_id=39193"},"modified":"2023-01-03T08:50:41","modified_gmt":"2023-01-03T08:50:41","slug":"la-primitiva-2","status":"publish","type":"page","link":"https:\/\/jackpotlotteryonline.com\/fr\/comment-jouer\/la-primitiva-2\/","title":{"rendered":"jouer \u00e0 La Primitiva en ligne"},"content":{"rendered":"<p>La loterie espagnole est l&#8217;une des loteries les plus populaires d&#8217;Europe et elle attire les amateurs de loto dans tout le pays. La Primitiva est \u00e9galement l&#8217;une des plus anciennes loteries du monde. Elle a \u00e9t\u00e9 cr\u00e9\u00e9e en 1763 et fait le bonheur des amateurs de loterie du pays depuis pr\u00e8s de 260 ans. Auparavant, elle n&#8217;\u00e9tait r\u00e9serv\u00e9e qu&#8217;aux parieurs qui vivaient dans cette zone g\u00e9ographique, mais gr\u00e2ce \u00e0 Internet, les parieurs du monde entier peuvent d\u00e9sormais participer \u00e0 cette loterie. Les jeux de loto d\u00e9pendent beaucoup de la chance et celui-ci ne fait pas exception. C&#8217;est pourquoi il y a tant d&#8217;inscriptions \u00e0 chaque tirage, les parieurs essayant d&#8217;avoir une chance de gagner gros.<\/p>\n<p>Si vous voulez parier <a href=\"https:\/\/jackpotlotteryonline.com\/fr\/acheter-tickets\/la-primitiva\">sur les meilleures loteries internationales<\/a>, y compris La Primitiva, visitez jackptlotteryonline.com d\u00e8s maintenant pour commencer.<\/p>\n<h2>Comment jouer \u00e0 La Primitiva<\/h2>\n<p><img loading=\"lazy\" decoding=\"async\" class=\"alignright size-medium wp-image-28103\" src=\"https:\/\/jackpotlotteryonline.com\/wp-content\/uploads\/2022\/11\/1_lotto_jackpot_online-257x300.jpg\" alt=\"jouer \u00e0 La Primitiva\" width=\"257\" height=\"300\" srcset=\"https:\/\/jackpotlotteryonline.com\/wp-content\/uploads\/2022\/11\/1_lotto_jackpot_online-257x300.jpg 257w, https:\/\/jackpotlotteryonline.com\/wp-content\/uploads\/2022\/11\/1_lotto_jackpot_online.jpg 321w\" sizes=\"auto, (max-width: 257px) 100vw, 257px\" \/><\/p>\n<p>Aussi amusante que soit la loterie espagnole, elle peut \u00eatre un peu d\u00e9routante pour ceux qui ne connaissent pas la loterie. Il semble y avoir un peu plus de num\u00e9ros que ce \u00e0 quoi certains parieurs sont habitu\u00e9s et il y a d&#8217;autres concepts qui peuvent \u00eatre difficiles \u00e0 comprendre. Mais, une fois que vous avez compris comment jouer \u00e0 La Primitiva, cela devient vraiment simple.<\/p>\n<p>La premi\u00e8re chose \u00e0 comprendre pour jouer \u00e0 cette loterie est le <strong>Reintegro<\/strong> et le <strong>Complementario<\/strong>. Le Reintegro et le Complementarior sont essentiels pour d\u00e9terminer le gagnant du jackpot. Si vous avez l&#8217;intention de gagner le jackpot, il est essentiel de savoir de quoi il s&#8217;agit et comment ils fonctionnent.<\/p>\n<p>Fondamentalement, le Reintegro (traduit par remboursement en anglais) est l&#8217;un des num\u00e9ros bonus utilis\u00e9s pour s\u00e9lectionner les gagnants du jackpot. Le Complementario (traduit par Compl\u00e9mentaire en anglais) est le deuxi\u00e8me num\u00e9ro de bonus.<\/p>\n<p><strong>Pour jouer \u00e0 La Primitiva, un joueur doit choisir cinq num\u00e9ros principaux de 1 \u00e0 49 et le Reintegro de 0 \u00e0 9<\/strong>. Toute personne dont le ticket correspond aux num\u00e9ros tir\u00e9s gagne le jackpot.<\/p>\n<h2>Mais le Reintegro, c&#8217;est plus que cela<\/h2>\n<p>En fait, le Reintegro est utilis\u00e9 pour s\u00e9lectionner le gagnant du jackpot. Ainsi, vous devez obtenir les cinq num\u00e9ros principaux et le num\u00e9ro du Reintegro pour gagner le jackpot.<\/p>\n<p>Le Reintegro est \u00e9galement utilis\u00e9 pour d\u00e9terminer une autre cat\u00e9gorie de prix. Les parieurs qui n&#8217;obtiennent que le num\u00e9ro Reintegro r\u00e9cup\u00e8rent le prix de leur billet. C&#8217;est pourquoi on l&#8217;appelle &#8220;le remboursement&#8221;.<\/p>\n<section class=\"layout\" style=\"border: solid 1px; width: 100%;\">\n<div class=\"img-div\" style=\"margin-top: 5px;\"><img decoding=\"async\" class=\"wp-image-17212 alignleft\" style=\"height: 45px; margin: 8px 8px 0px;\" src=\"https:\/\/jackpotlotteryonline.com\/wp-content\/uploads\/2022\/11\/read1.jpg\" alt=\"lire\" width=\"\" height=\"\" \/><\/div>\n<div style=\"padding-left: 5px;\">\n<div style=\"font-size: 1.1em;\">\n<p><strong>Quel est le secret du succ\u00e8s \u00e0 la loterie ?<\/strong><\/p>\n<p style=\"font-size: 0.85em; margin-top: -1.5em;\">Comment r\u00e9ussir \u00e0 jouer \u00e0 la loterie <a href=\"https:\/\/jackpotlotteryonline.com\/fr\/quel-est-le-secret-du-succes-aux-loteries\">en savoir plus<\/a><\/p>\n<\/div>\n<\/div>\n<\/section>\n<h2>Qu&#8217;en est-il du Complementario ?<\/h2>\n<p>L&#8217;autre num\u00e9ro compl\u00e9mentaire n&#8217;est pas pertinent pour gagner le jackpot, mais il est utilis\u00e9 pour d\u00e9terminer la cat\u00e9gorie de prix de la division 2. Ainsi, un parieur qui obtient les cinq num\u00e9ros principaux et le num\u00e9ro compl\u00e9mentaire gagnera un prix.<\/p>\n<h2>Comprendre le fonctionnement du Joker<\/h2>\n<p>Le Joker est un autre myst\u00e8re si vous achetez des tickets pour La Primitiva pour la premi\u00e8re fois, car il semble cr\u00e9er une toute autre cat\u00e9gorie de prix. En fait, il cr\u00e9e effectivement une cat\u00e9gorie diff\u00e9rente de prix.\u00a0 Il est cependant facultatif, et lorsque vous achetez votre billet de loterie, vous pouvez choisir d&#8217;inclure un Joker pour un co\u00fbt suppl\u00e9mentaire.<\/p>\n<p>Le Joker ressemble plus \u00e0 une tombola qu&#8217;\u00e0 une loterie, car les parieurs ne choisissent pas leurs num\u00e9ros. Sept num\u00e9ros al\u00e9atoires sont joints \u00e0 votre billet si vous optez pour le Joker. Cela n&#8217;annule pas votre ticket de loterie, c&#8217;est juste une inclusion. Le Joker offre aux parieurs la possibilit\u00e9 de gagner jusqu&#8217;\u00e0 1 million d&#8217;euros. Il comporte sept cat\u00e9gories de prix. Vous les trouverez ci-dessous :<\/p>\n<p>1er prix &#8211; 1 000 000 \u20ac.<\/p>\n<p>2\u00e8me prix &#8211; 10 000 \u20ac.<\/p>\n<p>3\u00e8me Prix &#8211; 1 000<\/p>\n<p>4\u00e8me prix &#8211; 300 euros<\/p>\n<p>5e prix &#8211; 50 euros<\/p>\n<p>6e prix &#8211; 5 euros<\/p>\n<p>7e prix &#8211; 5 euros<\/p>\n<h2>Gagner le Joker<\/h2>\n<p>Si vous gagnez \u00e0 la fois la loterie et le Joker, vous devrez en choisir un car les parieurs ne peuvent pas r\u00e9clamer les deux prix lors d&#8217;un seul tirage pour un seul ticket. Cependant, une r\u00e9compense plus \u00e9lev\u00e9e sera vers\u00e9e.<\/p>\n<h2>\u00c9tapes pour jouer \u00e0 la loterie en ligne<\/h2>\n<p><img loading=\"lazy\" decoding=\"async\" class=\"alignright size-medium wp-image-33512\" src=\"https:\/\/jackpotlotteryonline.com\/wp-content\/uploads\/2022\/11\/2_ticket_la_primitiva2-210x300.jpg\" alt=\"billet en ligne La Primitiva\" width=\"210\" height=\"300\" srcset=\"https:\/\/jackpotlotteryonline.com\/wp-content\/uploads\/2022\/11\/2_ticket_la_primitiva2-210x300.jpg 210w, https:\/\/jackpotlotteryonline.com\/wp-content\/uploads\/2022\/11\/2_ticket_la_primitiva2.jpg 250w\" sizes=\"auto, (max-width: 210px) 100vw, 210px\" \/><\/p>\n<p>Placer vos paris sur la loterie en ligne est l&#8217;un des plaisirs simples de la vie, principalement en raison de la commodit\u00e9 et de la facilit\u00e9 d&#8217;utilisation. Vous pouvez placer un pari en quelques mouvements ou tapotements. Voici un guide \u00e9tape par \u00e9tape pour placer vos paris sur ce site.<\/p>\n<p><strong>\u00c9tape 1<\/strong> : Visitez le site que vous avez choisi et recherchez la loterie \u00e0 laquelle vous voulez jouer. Nous donnons aux amateurs de loterie l&#8217;acc\u00e8s \u00e0 une grande vari\u00e9t\u00e9 de loteries internationales, dont La Primitiva.<\/p>\n<p><strong>\u00c9tape 2<\/strong> : Choisissez les cinq num\u00e9ros principaux et les deux num\u00e9ros bonus. Si vous n&#8217;\u00eates pas s\u00fbr des num\u00e9ros que vous voulez utiliser, vous pouvez utiliser le g\u00e9n\u00e9rateur de num\u00e9ros al\u00e9atoires sur le site. Vous pouvez \u00e9galement choisir plus d&#8217;une ligne de num\u00e9ros pour augmenter vos chances de gagner.<\/p>\n<p><strong>\u00c9tape 3<\/strong> :<a href=\"https:\/\/jackpotlotteryonline.com\/fr\/numeros-gagnants\/la-primitiva\"> Entrez les tirages<\/a>. Notez que si vous participez \u00e0 un seul tirage, vous ne pouvez le faire que le lundi. Les autres tirages sont hebdomadaires et vous pouvez participer \u00e0 tous les tirages si vous le souhaitez.<\/p>\n<p><strong>\u00c9tape 4<\/strong> : Inscrivez-vous et payez. Lorsque vous arriverez \u00e0 la page de paiement, il vous sera demand\u00e9 de vous inscrire. Cela vous permettra d&#8217;acc\u00e9der facilement \u00e0 votre billet \u00e0 partir de votre compte et nous permettra \u00e9galement de vous avertir si vous gagnez des prix. Vous ne devrez vous inscrire qu&#8217;une seule fois et les fois suivantes, il vous suffira de vous connecter \u00e0 votre compte.<\/p>\n<p>C&#8217;est tout ce qu&#8217;il faut pour avoir acc\u00e8s aux meilleures loteries internationales depuis le confort de votre ordinateur ou de votre appareil mobile !<\/p>\n<h2>R\u00e9sultats du tirage de La Primitiva<\/h2>\n<p>Les jours de tirage sont remplis d&#8217;excitation et de nombreux parieurs de loterie les attendent avec impatience. C&#8217;est \u00e0 ce moment-l\u00e0 que ceux qui ont particip\u00e9 au tirage d\u00e9couvrent s&#8217;ils ont gagn\u00e9 le jackpot. Outre le jackpot, les parieurs peuvent gagner d&#8217;autres prix, qui sont tous r\u00e9v\u00e9l\u00e9s le jour du tirage.<\/p>\n<p>La loterie espagnole organise trois tirages hebdomadaires, le lundi, le jeudi et le samedi. Cela signifie que les parieurs ont trois chances chaque semaine de gagner \u00e0 la loterie. Si vous jouez \u00e0 La Primitive via Internet, vous pouvez soit participer au prochain tirage, soit participer automatiquement \u00e0 tous les tirages. N&#8217;oubliez pas que plus vous participez aux tirages, plus vous avez de chances de gagner \u00e0 la loterie.<\/p>\n<p>Lorsque les tirages sont annonc\u00e9s, les parieurs peuvent \u00e9couter les r\u00e9sultats en direct. Toutefois, si vous n&#8217;avez pas le temps de le faire, vous pouvez revenir ici pour obtenir les r\u00e9sultats des tirages. Nous ne publions pas seulement les num\u00e9ros qui correspondent \u00e0 tous les num\u00e9ros tir\u00e9s, mais nous publions \u00e9galement les r\u00e9sultats des autres niveaux.<\/p>\n<h2>\u00c0 propos des prix de La Primitiva : que pouvez-vous gagner ?<\/h2>\n<p>Outre le premier prix, La Primitiva propose 5 autres niveaux de prix. Si vous incluez le jackpot, cela fait 6 niveaux au total. Il y a m\u00eame un prix pour ceux qui n&#8217;ont trouv\u00e9 que le num\u00e9ro Reintegro. Ces prix ne se comptent peut-\u00eatre pas en millions, mais ils s&#8217;\u00e9l\u00e8vent \u00e0 plusieurs milliers d&#8217;euros. Ils valent donc vraiment la peine d&#8217;\u00eatre v\u00e9rifi\u00e9s.<\/p>\n<p>Il est important de comprendre qu&#8217;il n&#8217;y a pas de prix sp\u00e9cifique pour les autres niveaux, car cela d\u00e9pend du nombre de parieurs pour ce tirage. Le jackpot est le seul niveau de prix qui est garanti. 40% du montant du jackpot est allou\u00e9 aux autres niveaux de prix et distribu\u00e9 aux gagnants de ces cat\u00e9gories.<\/p>\n<p>Mais vous pouvez \u00e9galement choisir de jouer le Joker, ce qui augmente consid\u00e9rablement le gain potentiel. Le Joker comporte \u00e9galement sept autres cat\u00e9gories de prix, distinctes des cat\u00e9gories de prix principales, donnant aux parieurs de La Primitiva encore plus de chances de gagner.<\/p>\n<h2>Cat\u00e9gories de prix<\/h2>\n<p>Jackpot &#8211; 6 num\u00e9ros principaux + Reintegro<\/p>\n<p>Division 1 &#8211; Correspondance de 6 num\u00e9ros principaux<\/p>\n<p>Division 2 &#8211; Correspondance de 5 num\u00e9ros principaux + Num\u00e9ro compl\u00e9mentaire<\/p>\n<p>Division 3 &#8211; Correspondance de 5 num\u00e9ros principaux<\/p>\n<p>Division 4 &#8211; Correspondance de 4 num\u00e9ros principaux<\/p>\n<p>Division 5 &#8211; 3 num\u00e9ros principaux<\/p>\n<p>Reintegro &#8211; Correspondance uniquement avec le num\u00e9ro Reintegro.<\/p>\n<h2>Comment retirer vos gains<\/h2>\n<p>Les parieurs se demandent souvent comment ils peuvent avoir acc\u00e8s \u00e0 leurs gains s&#8217;ils jouent sur Internet. La r\u00e9ponse \u00e0 cette question d\u00e9pend vraiment du site de loterie que vous utilisez. Certains sites de loterie ne sont pas tr\u00e8s bons pour payer les gagnants, mais vous constaterez que c&#8217;est l&#8217;exception plut\u00f4t que la r\u00e8gle. N\u00e9anmoins, il est toujours bon de rester en s\u00e9curit\u00e9 et de s&#8217;adresser \u00e0 un fournisseur de loterie de confiance.<\/p>\n<p>Si vous jouez \u00e0 la loterie avec nous, vous pouvez facilement retirer vos gains. Nous avons con\u00e7u notre syst\u00e8me pour qu&#8217;il soit le plus facile possible \u00e0 utiliser et sans aucun stress. Gr\u00e2ce \u00e0 de multiples options de retrait, nous vous proposons une m\u00e9thode s\u00fbre pour r\u00e9cup\u00e9rer vos gains.<\/p>\n<p>Si votre gain est sup\u00e9rieur \u00e0 un certain montant (comme si vous gagnez le jackpot), vous devrez vous identifier aupr\u00e8s de la soci\u00e9t\u00e9 de loterie. Mais ne vous inqui\u00e9tez pas, nous vous fournirons un formulaire \u00e0 remplir et une fois que vous l&#8217;aurez fait, nous traiterons les demandes pour vous.<\/p>\n<h2>Jouez avec nous pour avoir une chance de gagner gros<\/h2>\n<p>L&#8217;endroit o\u00f9 vous placez votre pari compte beaucoup et sur notre site, nous avons fait de notre mieux pour cr\u00e9er un endroit s\u00fbr pour les parieurs du monde entier. Avec une grande vari\u00e9t\u00e9 de loteries internationales, vous pouvez choisir n&#8217;importe quel jeu, y compris La Primitiva. Les prix du jackpot sont importants, mais n&#8217;oubliez pas que la plupart des jeux de loterie ont plusieurs niveaux de prix, avec des montants parfois tr\u00e8s g\u00e9n\u00e9reux.<\/p>\n<p>Si vous \u00eates pr\u00eat \u00e0 tenter votre chance de gagner gros avec La Primitiva, visitez notre site d\u00e8s maintenant et placez vos paris. Avec trois tirages hebdomadaires, la loterie espagnole donne aux parieurs plusieurs chances de gagner le jackpot chaque semaine. Sur jackpotlotteryonline.com, il y a toujours un tirage auquel vous pouvez participer et vous ne savez jamais si aujourd&#8217;hui est le jour o\u00f9 vous gagnerez gros.<\/p>\n","protected":false},"excerpt":{"rendered":"<p>La loterie espagnole est l&#8217;une des loteries les plus populaires d&#8217;Europe et elle attire les amateurs de loto dans tout le pays. La Primitiva est \u00e9galement l&#8217;une des plus anciennes loteries du monde. Elle a \u00e9t\u00e9 cr\u00e9\u00e9e en 1763 et fait le bonheur des amateurs de loterie du pays depuis pr\u00e8s de 260 ans. Auparavant, [&hellip;]<\/p>\n","protected":false},"author":1,"featured_media":0,"parent":35690,"menu_order":7,"comment_status":"closed","ping_status":"closed","template":"la-primitiva.php","meta":{"_et_pb_use_builder":"","_et_pb_old_content":"","_et_gb_content_width":"","exclude_from_search":false,"footnotes":""},"class_list":["post-39193","page","type-page","status-publish","hentry"],"yoast_head":"<!-- This site is optimized with the Yoast SEO plugin v23.3 - https:\/\/yoast.com\/wordpress\/plugins\/seo\/ -->\n<title>Jouez \u00e0 la loterie espagnole La Primitiva en ligne depuis n&#039;importe quel pays.<\/title>\n<meta name=\"description\" content=\"Comment jouer \u00e0 La Primitiva et gagner gros depuis n&#039;importe quel endroit du monde. D\u00e9couvrez les \u00e9tapes pour jouer \u00e0 la loterie en ligne et les prix \u00e0 gagner.\" \/>\n<meta name=\"robots\" content=\"index, follow, max-snippet:-1, max-image-preview:large, max-video-preview:-1\" \/>\n<link rel=\"canonical\" href=\"https:\/\/jackpotlotteryonline.com\/fr\/comment-jouer\/la-primitiva-2\/\" \/>\n<meta property=\"og:locale\" content=\"fr_FR\" \/>\n<meta property=\"og:type\" content=\"article\" \/>\n<meta property=\"og:title\" content=\"Jouez \u00e0 la loterie espagnole La Primitiva en ligne depuis n&#039;importe quel pays.\" \/>\n<meta property=\"og:description\" content=\"Comment jouer \u00e0 La Primitiva et gagner gros depuis n&#039;importe quel endroit du monde. D\u00e9couvrez les \u00e9tapes pour jouer \u00e0 la loterie en ligne et les prix \u00e0 gagner.\" \/>\n<meta property=\"og:url\" content=\"https:\/\/jackpotlotteryonline.com\/fr\/comment-jouer\/la-primitiva-2\/\" \/>\n<meta property=\"og:site_name\" content=\"Lotto Online - Crack The International Lottery Jackpots\" \/>\n<meta property=\"article:modified_time\" content=\"2023-01-03T08:50:41+00:00\" \/>\n<meta property=\"og:image\" content=\"https:\/\/jackpotlotteryonline.com\/wp-content\/uploads\/2022\/11\/1_lotto_jackpot_online-257x300.jpg\" \/>\n<meta name=\"twitter:card\" content=\"summary_large_image\" \/>\n<meta name=\"twitter:label1\" content=\"Dur\u00e9e de lecture estim\u00e9e\" \/>\n\t<meta name=\"twitter:data1\" content=\"8 minutes\" \/>\n<!-- \/ Yoast SEO plugin. -->","yoast_head_json":{"title":"Jouez \u00e0 la loterie espagnole La Primitiva en ligne depuis n'importe quel pays.","description":"Comment jouer \u00e0 La Primitiva et gagner gros depuis n'importe quel endroit du monde. D\u00e9couvrez les \u00e9tapes pour jouer \u00e0 la loterie en ligne et les prix \u00e0 gagner.","robots":{"index":"index","follow":"follow","max-snippet":"max-snippet:-1","max-image-preview":"max-image-preview:large","max-video-preview":"max-video-preview:-1"},"canonical":"https:\/\/jackpotlotteryonline.com\/fr\/comment-jouer\/la-primitiva-2\/","og_locale":"fr_FR","og_type":"article","og_title":"Jouez \u00e0 la loterie espagnole La Primitiva en ligne depuis n'importe quel pays.","og_description":"Comment jouer \u00e0 La Primitiva et gagner gros depuis n'importe quel endroit du monde. D\u00e9couvrez les \u00e9tapes pour jouer \u00e0 la loterie en ligne et les prix \u00e0 gagner.","og_url":"https:\/\/jackpotlotteryonline.com\/fr\/comment-jouer\/la-primitiva-2\/","og_site_name":"Lotto Online - Crack The International Lottery Jackpots","article_modified_time":"2023-01-03T08:50:41+00:00","og_image":[{"url":"https:\/\/jackpotlotteryonline.com\/wp-content\/uploads\/2022\/11\/1_lotto_jackpot_online-257x300.jpg"}],"twitter_card":"summary_large_image","twitter_misc":{"Dur\u00e9e de lecture estim\u00e9e":"8 minutes"},"schema":{"@context":"https:\/\/schema.org","@graph":[{"@type":"WebPage","@id":"https:\/\/jackpotlotteryonline.com\/fr\/comment-jouer\/la-primitiva-2\/","url":"https:\/\/jackpotlotteryonline.com\/fr\/comment-jouer\/la-primitiva-2\/","name":"Jouez \u00e0 la loterie espagnole La Primitiva en ligne depuis n'importe quel pays.","isPartOf":{"@id":"https:\/\/jackpotlotteryonline.com\/#website"},"primaryImageOfPage":{"@id":"https:\/\/jackpotlotteryonline.com\/fr\/comment-jouer\/la-primitiva-2\/#primaryimage"},"image":{"@id":"https:\/\/jackpotlotteryonline.com\/fr\/comment-jouer\/la-primitiva-2\/#primaryimage"},"thumbnailUrl":"https:\/\/jackpotlotteryonline.com\/wp-content\/uploads\/2022\/11\/1_lotto_jackpot_online-257x300.jpg","datePublished":"2022-11-22T08:08:46+00:00","dateModified":"2023-01-03T08:50:41+00:00","description":"Comment jouer \u00e0 La Primitiva et gagner gros depuis n'importe quel endroit du monde. D\u00e9couvrez les \u00e9tapes pour jouer \u00e0 la loterie en ligne et les prix \u00e0 gagner.","breadcrumb":{"@id":"https:\/\/jackpotlotteryonline.com\/fr\/comment-jouer\/la-primitiva-2\/#breadcrumb"},"inLanguage":"fr-FR","potentialAction":[{"@type":"ReadAction","target":["https:\/\/jackpotlotteryonline.com\/fr\/comment-jouer\/la-primitiva-2\/"]}]},{"@type":"ImageObject","inLanguage":"fr-FR","@id":"https:\/\/jackpotlotteryonline.com\/fr\/comment-jouer\/la-primitiva-2\/#primaryimage","url":"https:\/\/jackpotlotteryonline.com\/wp-content\/uploads\/2022\/11\/1_lotto_jackpot_online-257x300.jpg","contentUrl":"https:\/\/jackpotlotteryonline.com\/wp-content\/uploads\/2022\/11\/1_lotto_jackpot_online-257x300.jpg"},{"@type":"BreadcrumbList","@id":"https:\/\/jackpotlotteryonline.com\/fr\/comment-jouer\/la-primitiva-2\/#breadcrumb","itemListElement":[{"@type":"ListItem","position":1,"name":"Home","item":"https:\/\/jackpotlotteryonline.com\/fr\/"},{"@type":"ListItem","position":2,"name":"Comment jouer","item":"https:\/\/jackpotlotteryonline.com\/fr\/comment-jouer\/"},{"@type":"ListItem","position":3,"name":"jouer \u00e0 La Primitiva en ligne"}]},{"@type":"WebSite","@id":"https:\/\/jackpotlotteryonline.com\/#website","url":"https:\/\/jackpotlotteryonline.com\/","name":"Lotto Online - Crack The International Lottery Jackpots","description":"","potentialAction":[{"@type":"SearchAction","target":{"@type":"EntryPoint","urlTemplate":"https:\/\/jackpotlotteryonline.com\/?s={search_term_string}"},"query-input":"required name=search_term_string"}],"inLanguage":"fr-FR"}]}},"_links":{"self":[{"href":"https:\/\/jackpotlotteryonline.com\/fr\/wp-json\/wp\/v2\/pages\/39193","targetHints":{"allow":["GET"]}}],"collection":[{"href":"https:\/\/jackpotlotteryonline.com\/fr\/wp-json\/wp\/v2\/pages"}],"about":[{"href":"https:\/\/jackpotlotteryonline.com\/fr\/wp-json\/wp\/v2\/types\/page"}],"author":[{"embeddable":true,"href":"https:\/\/jackpotlotteryonline.com\/fr\/wp-json\/wp\/v2\/users\/1"}],"replies":[{"embeddable":true,"href":"https:\/\/jackpotlotteryonline.com\/fr\/wp-json\/wp\/v2\/comments?post=39193"}],"version-history":[{"count":0,"href":"https:\/\/jackpotlotteryonline.com\/fr\/wp-json\/wp\/v2\/pages\/39193\/revisions"}],"up":[{"embeddable":true,"href":"https:\/\/jackpotlotteryonline.com\/fr\/wp-json\/wp\/v2\/pages\/35690"}],"wp:attachment":[{"href":"https:\/\/jackpotlotteryonline.com\/fr\/wp-json\/wp\/v2\/media?parent=39193"}],"curies":[{"name":"wp","href":"https:\/\/api.w.org\/{rel}","templated":true}]}}