{"id":39280,"date":"2022-11-23T07:49:58","date_gmt":"2022-11-23T07:49:58","guid":{"rendered":"https:\/\/jackpotlotteryonline.com\/?page_id=39280"},"modified":"2023-01-03T09:48:28","modified_gmt":"2023-01-03T09:48:28","slug":"lotto-america-2","status":"publish","type":"page","link":"https:\/\/jackpotlotteryonline.com\/fr\/comment-jouer\/lotto-america-2\/","title":{"rendered":"Jouer \u00e0 Lotto America en ligne"},"content":{"rendered":"<p>Vous voulez apprendre \u00e0 parier sur Lotto America depuis n&#8217;importe o\u00f9 dans le monde ? Les \u00c9tats-Unis poss\u00e8dent quelques-unes des plus grandes loteries du monde, comme Lotto America. Il est int\u00e9ressant de noter que c&#8217;est aussi un loto qui est souvent n\u00e9glig\u00e9 au profit de ses cousins beaucoup plus importants, le Powerball et le Mega Millions. Cependant, certains parieurs exp\u00e9riment\u00e9s savent \u00e0 quel point le jackpot est incroyable et les chances de le remporter sont beaucoup plus faibles que celles du Powerball am\u00e9ricain, par exemple. Donc, si vous recherchez un loto am\u00e9ricain qui vous donne une plus grande chance de gagner le jackpot que les autres loteries, alors vous devriez jeter un \u0153il \u00e0 Lotto America.<\/p>\n<p>Il est vrai que Lotto America est un loto bas\u00e9 aux \u00c9tats-Unis et que les tickets sont donc vendus dans ce pays. Cependant, les parieurs peuvent acheter leurs tickets sur cette loterie en utilisant un site comme jackpotlotteryonline.com. Nous allons vous donner quelques d\u00e9tails \u00e0 ce sujet et nous ferons \u00e9galement de notre mieux pour r\u00e9pondre aux questions fr\u00e9quentes qui ont \u00e9t\u00e9 pos\u00e9es sur Lotto America.<\/p>\n<p>Poursuivez votre lecture pour en savoir plus sur Lotto America et sur la fa\u00e7on de naviguer dans le processus d&#8217;achat de billets et d&#8217;encaissement de vos gains.<\/p>\n<section class=\"layout\" style=\"border: solid 1px; width: 100%;\">\n<div class=\"img-div\" style=\"margin-top: 5px;\"><img decoding=\"async\" class=\"wp-image-17212 alignleft\" style=\"height: 45px; margin: 8px 8px 0px;\" src=\"https:\/\/jackpotlotteryonline.com\/wp-content\/uploads\/2022\/11\/read1.jpg\" alt=\"Lire \" width=\"\" height=\"\" \/><\/div>\n<div style=\"padding-left: 5px;\">\n<div style=\"font-size: 1.1em;\">\n<p><strong>Choisissez les num\u00e9ros gagnants du loto manuellement ou en utilisant un RNG.<\/strong><\/p>\n<p style=\"font-size: 0.85em; margin-top: -1.5em;\">Comment g\u00e9n\u00e9rer des num\u00e9ros de loto gagnants ?\u00a0 <a href=\"https:\/\/jackpotlotteryonline.com\/fr\/comment-generer-des-numeros-de-loto-gagnants\"> en savoir plus<\/a><\/p>\n<\/div>\n<\/div>\n<\/section>\n<h2>Quelques mots sur Lotto America<\/h2>\n<p><img loading=\"lazy\" decoding=\"async\" class=\"alignright size-full wp-image-29534\" src=\"https:\/\/jackpotlotteryonline.com\/wp-content\/uploads\/2022\/11\/1_results_lottery_online5.jpg\" alt=\"Jouez \u00e0 Lotto America en ligne \" width=\"300\" height=\"200\" \/><\/p>\n<p>Compar\u00e9 \u00e0 d&#8217;autres loteries dans le monde, Lotto America est relativement nouveau. Elle a \u00e9t\u00e9 cr\u00e9\u00e9e en 2017 et ne fonctionne que depuis 5 ans, et a \u00e9t\u00e9 cr\u00e9\u00e9e pour remplacer Hot Lotto, qui \u00e9tait cribl\u00e9 de nombreux scandales. Nous ne vous ennuierons pas avec les d\u00e9tails, il suffit de savoir qu&#8217;au cours de ses 5 ann\u00e9es d&#8217;activit\u00e9, Lotto America n&#8217;a connu aucun scandale.<\/p>\n<p>Lotto America est une loterie multi-\u00e9tats, ce qui signifie qu&#8217;elle est propos\u00e9e par plusieurs \u00e9tats am\u00e9ricains. Les r\u00e9sidents de ces \u00e9tats peuvent facilement acheter des tickets pour Lotto America en se rendant dans n&#8217;importe quel vendeur de loterie de l&#8217;\u00e9tat. Mais que se passe-t-il si vous ne vivez pas aux Etats-Unis ?<\/p>\n<p>Pour les parieurs qui vivent en dehors des \u00c9tats-Unis et qui souhaitent participer \u00e0 Lotto America, il existe une solution simple. Gr\u00e2ce \u00e0 Internet, les joueurs du monde entier peuvent participer aux meilleures loteries internationales en pla\u00e7ant leurs paris aupr\u00e8s d&#8217;un vendeur de loterie en ligne. Nous vous donnons ci-dessous des conseils sur la fa\u00e7on de jouer \u00e0 Lotto America en ligne.<\/p>\n<h2>Jouer \u00e0 Lotto America en ligne<\/h2>\n<p>La premi\u00e8re \u00e9tape pour jouer \u00e0 Lotto America en ligne est d&#8217;identifier un site Web qui vous permettra <a href=\"https:\/\/jackpotlotteryonline.com\/fr\/acheter-tickets\/lotto-america\">d&#8217;acheter des tickets.<\/a> Cela semble un peu \u00e9vident, mais vous verrez dans une minute que ce n&#8217;est pas aussi simple qu&#8217;il n&#8217;y para\u00eet.<\/p>\n<p>La v\u00e9rit\u00e9 est qu&#8217;il existe plusieurs sites qui pr\u00e9tendent offrir aux joueurs la possibilit\u00e9 de participer \u00e0 Lotto America. Mais ils n&#8217;offrent que la possibilit\u00e9 de parier sur le r\u00e9sultat du loto. Si vous achetez des billets sur ce site, vous n&#8217;avez pas r\u00e9ellement particip\u00e9 \u00e0 Lotto America et m\u00eame si vous obtenez tous les num\u00e9ros tir\u00e9s, vous ne gagnerez pas le jackpot. Le choix du site que vous utilisez est donc tr\u00e8s important.<\/p>\n<p><strong>Une fois que vous avez choisi un site, suivez les \u00e9tapes ci-dessous :<\/strong><\/p>\n<ol>\n<li>Visitez le site que vous souhaitez utiliser et cliquez sur Lotto America.<\/li>\n<li>Choisissez 5 num\u00e9ros dans une fourchette de 1 \u00e0 52 (si vous n&#8217;\u00eates pas s\u00fbr des num\u00e9ros \u00e0 utiliser, essayez le g\u00e9n\u00e9rateur automatique de num\u00e9ros).<\/li>\n<li>Ensuite, choisissez un num\u00e9ro bonus (la boule \u00e9toil\u00e9e) entre 1 et 10.<\/li>\n<li>Achetez des lignes de num\u00e9ros suppl\u00e9mentaires pour augmenter vos chances de gagner.<\/li>\n<li><a href=\"https:\/\/jackpotlotteryonline.com\/fr\/numeros-gagnants\/lotto-america\">Participez aux tirages<\/a> (vous pouvez participer \u00e0 plusieurs tirages).<\/li>\n<li>Inscrivez-vous et payez vos participations.<\/li>\n<\/ol>\n<h2>En quoi consiste le service d&#8217;abonnement ?<\/h2>\n<p>Si vous utilisez un site comme le n\u00f4tre, il existe ce que nous appelons un service d&#8217;abonnement pour vous permettre de parier sans probl\u00e8me et sans stress. Bien qu&#8217;il soit parfaitement possible d&#8217;\u00eatre un joueur unique (si c&#8217;est ce que vous pr\u00e9f\u00e9rez), la plupart des parieurs jouent souvent. La meilleure fa\u00e7on de gagner \u00e0 Lotto America est de parier r\u00e9guli\u00e8rement et c&#8217;est ce que fait ce service.<\/p>\n<p>Vous pouvez le param\u00e9trer de mani\u00e8re \u00e0 ce que vous soyez automatiquement inscrit pour les prochains tirages. Lotto America a 3 jours de tirage par semaine : les lundis, mercredis et samedis. Soyons honn\u00eates, il peut \u00eatre un peu fatigant d&#8217;essayer de se rappeler d&#8217;acheter des tickets pour chaque tirage, mais c&#8217;est pour cela que nous sommes l\u00e0.<\/p>\n<p>Une fois que vous aurez configur\u00e9 le service d&#8217;abonnement, vous pourrez vous d\u00e9tendre et savoir que vous ne manquerez aucun tirage de Lotto America.<\/p>\n<h2>\u00c0 propos de nos services de conciergerie<\/h2>\n<p>Nous avons mentionn\u00e9 les dangers d&#8217;utiliser n&#8217;importe quel site Internet pour jouer \u00e0 Lotto America. Mais comment savez-vous que vous participez \u00e0 Lotto America lorsque vous jouez sur notre site ? Eh bien, c&#8217;est tr\u00e8s simple. Nous offrons un service qui vous aide \u00e0 acheter votre billet dans le pays o\u00f9 se joue la loterie. Nous facilitons \u00e9galement vos r\u00e9clamations lorsque vous gagnez. En fait, vous pouvez nous consid\u00e9rer comme un service de conciergerie pour les joueurs de loterie.<\/p>\n<p>Lorsque vous jouez \u00e0 Lotto America sur notre site, voici ce qui se passe. Une fois que vous aurez choisi vos num\u00e9ros et effectu\u00e9 votre paiement, notre agent aux \u00c9tats-Unis ach\u00e8tera un billet physique en utilisant vos num\u00e9ros. Ce sera pour le tirage que vous avez choisi, bien s\u00fbr. Ce billet est ensuite scann\u00e9 et t\u00e9l\u00e9charg\u00e9 sur votre compte.<\/p>\n<p>Il s&#8217;agit d&#8217;un moyen parfaitement l\u00e9gal de jouer \u00e0 Lotto America depuis n&#8217;importe quelle partie du monde. De plus, elle garantit que vous \u00eates vraiment inscrit \u00e0 la loterie de votre choix.<\/p>\n<h2>V\u00e9rification des tirages<\/h2>\n<p><img loading=\"lazy\" decoding=\"async\" class=\"alignright size-full wp-image-30506\" src=\"https:\/\/jackpotlotteryonline.com\/wp-content\/uploads\/2022\/11\/3_screen_buy_lotto_tickets_online.jpg\" alt=\"Tirages de Lotto America\" width=\"300\" height=\"217\" \/><\/p>\n<p>Lotto America propose trois jours de tirage par semaine, le lundi, le mercredi et le samedi. Pendant les tirages, le ticket gagnant est annonc\u00e9. Pour gagner le jackpot, votre billet devra correspondre aux six num\u00e9ros tir\u00e9s. Les prix du jackpot de Lotto America commencent \u00e0 2 millions de dollars et peuvent \u00eatre renouvel\u00e9s s&#8217;il n&#8217;y a pas de gagnant apr\u00e8s un tirage.<\/p>\n<p>Comme il est reconduit apr\u00e8s chaque tirage (s&#8217;il n&#8217;y a pas de gagnant), il peut atteindre jusqu&#8217;\u00e0 18 millions de dollars. C&#8217;est une belle somme \u00e0 gagner, non ?<\/p>\n<p>Apr\u00e8s chaque tirage, vous pouvez consulter notre site pour savoir si vous avez gagn\u00e9 un prix. Lotto America propose 9 cat\u00e9gories de prix diff\u00e9rentes et si vous gagnez un prix, nous vous enverrons un e-mail pour vous en informer.<\/p>\n<h2>Comment r\u00e9clamer vos gains<\/h2>\n<p>Une question que les parieurs nous posent souvent est de savoir comment acc\u00e9der \u00e0 leurs gains lorsqu&#8217;ils participent \u00e0 Lotto America en ligne. Si vous achetez des tickets pour Lotto America sur notre site, nous vous proposons une m\u00e9thode simple et sans tracas pour r\u00e9clamer vos gains. Les gains d&#8217;un montant de 2 500 \u20ac seront cr\u00e9dit\u00e9s sur votre compte et vous pourrez ensuite les retirer sans frais suppl\u00e9mentaires.<\/p>\n<p>Si vous gagnez une somme plus importante, la proc\u00e9dure est l\u00e9g\u00e8rement diff\u00e9rente. Nous vous fournirons un formulaire de r\u00e9clamation \u00e0 remplir et une fois que vous l&#8217;aurez fait, nous traiterons la r\u00e9clamation pour vous. La raison en est que vous devrez vous identifier. En outre, certaines soci\u00e9t\u00e9s de loterie peuvent vous demander de vous pr\u00e9senter en personne pour percevoir des sommes importantes. Si cela se produit, nous vous le ferons savoir imm\u00e9diatement.<\/p>\n<h2>Achetez des billets sur Lotto America avec nous<\/h2>\n<p>Nous avons pass\u00e9 des ann\u00e9es \u00e0 exploiter la technologie moderne et \u00e0 exploiter une vaste exp\u00e9rience pour fournir un endroit o\u00f9 les parieurs peuvent acheter des billets en toute s\u00e9curit\u00e9. Vous pouvez facilement acheter des billets pour Lotto America ou pour toute autre loterie internationale que nous avons sur notre site.<\/p>\n<p>Pourquoi ne pas acheter votre billet chez nous aujourd&#8217;hui en entrant Lotto America ? Nous nous occupons des d\u00e9tails pour que vous puissiez faire ce que vous aimez le plus. Visitez jackpotlotteryonline.com pour plus d&#8217;informations.<\/p>\n","protected":false},"excerpt":{"rendered":"<p>Vous voulez apprendre \u00e0 parier sur Lotto America depuis n&#8217;importe o\u00f9 dans le monde ? Les \u00c9tats-Unis poss\u00e8dent quelques-unes des plus grandes loteries du monde, comme Lotto America. Il est int\u00e9ressant de noter que c&#8217;est aussi un loto qui est souvent n\u00e9glig\u00e9 au profit de ses cousins beaucoup plus importants, le Powerball et le Mega [&hellip;]<\/p>\n","protected":false},"author":1,"featured_media":0,"parent":35690,"menu_order":13,"comment_status":"closed","ping_status":"closed","template":"lotto-america.php","meta":{"_et_pb_use_builder":"","_et_pb_old_content":"","_et_gb_content_width":"","exclude_from_search":false,"footnotes":""},"class_list":["post-39280","page","type-page","status-publish","hentry"],"yoast_head":"<!-- This site is optimized with the Yoast SEO plugin v23.3 - https:\/\/yoast.com\/wordpress\/plugins\/seo\/ -->\n<title>Jouer \u00e0 Lotto America en ligne - Lotto Online - Crack The International Lottery Jackpots<\/title>\n<meta name=\"robots\" content=\"index, follow, max-snippet:-1, max-image-preview:large, max-video-preview:-1\" \/>\n<link rel=\"canonical\" href=\"https:\/\/jackpotlotteryonline.com\/fr\/comment-jouer\/lotto-america-2\/\" \/>\n<meta property=\"og:locale\" content=\"fr_FR\" \/>\n<meta property=\"og:type\" content=\"article\" \/>\n<meta property=\"og:title\" content=\"Jouer \u00e0 Lotto America en ligne - Lotto Online - Crack The International Lottery Jackpots\" \/>\n<meta property=\"og:description\" content=\"Vous voulez apprendre \u00e0 parier sur Lotto America depuis n&#8217;importe o\u00f9 dans le monde ? Les \u00c9tats-Unis poss\u00e8dent quelques-unes des plus grandes loteries du monde, comme Lotto America. Il est int\u00e9ressant de noter que c&#8217;est aussi un loto qui est souvent n\u00e9glig\u00e9 au profit de ses cousins beaucoup plus importants, le Powerball et le Mega [&hellip;]\" \/>\n<meta property=\"og:url\" content=\"https:\/\/jackpotlotteryonline.com\/fr\/comment-jouer\/lotto-america-2\/\" \/>\n<meta property=\"og:site_name\" content=\"Lotto Online - Crack The International Lottery Jackpots\" \/>\n<meta property=\"article:modified_time\" content=\"2023-01-03T09:48:28+00:00\" \/>\n<meta property=\"og:image\" content=\"https:\/\/jackpotlotteryonline.com\/wp-content\/uploads\/2022\/11\/read1.jpg\" \/>\n<meta name=\"twitter:card\" content=\"summary_large_image\" \/>\n<meta name=\"twitter:label1\" content=\"Dur\u00e9e de lecture estim\u00e9e\" \/>\n\t<meta name=\"twitter:data1\" content=\"7 minutes\" \/>\n<!-- \/ Yoast SEO plugin. -->","yoast_head_json":{"title":"Jouer \u00e0 Lotto America en ligne - Lotto Online - Crack The International Lottery Jackpots","robots":{"index":"index","follow":"follow","max-snippet":"max-snippet:-1","max-image-preview":"max-image-preview:large","max-video-preview":"max-video-preview:-1"},"canonical":"https:\/\/jackpotlotteryonline.com\/fr\/comment-jouer\/lotto-america-2\/","og_locale":"fr_FR","og_type":"article","og_title":"Jouer \u00e0 Lotto America en ligne - Lotto Online - Crack The International Lottery Jackpots","og_description":"Vous voulez apprendre \u00e0 parier sur Lotto America depuis n&#8217;importe o\u00f9 dans le monde ? Les \u00c9tats-Unis poss\u00e8dent quelques-unes des plus grandes loteries du monde, comme Lotto America. Il est int\u00e9ressant de noter que c&#8217;est aussi un loto qui est souvent n\u00e9glig\u00e9 au profit de ses cousins beaucoup plus importants, le Powerball et le Mega [&hellip;]","og_url":"https:\/\/jackpotlotteryonline.com\/fr\/comment-jouer\/lotto-america-2\/","og_site_name":"Lotto Online - Crack The International Lottery Jackpots","article_modified_time":"2023-01-03T09:48:28+00:00","og_image":[{"url":"https:\/\/jackpotlotteryonline.com\/wp-content\/uploads\/2022\/11\/read1.jpg"}],"twitter_card":"summary_large_image","twitter_misc":{"Dur\u00e9e de lecture estim\u00e9e":"7 minutes"},"schema":{"@context":"https:\/\/schema.org","@graph":[{"@type":"WebPage","@id":"https:\/\/jackpotlotteryonline.com\/fr\/comment-jouer\/lotto-america-2\/","url":"https:\/\/jackpotlotteryonline.com\/fr\/comment-jouer\/lotto-america-2\/","name":"Jouer \u00e0 Lotto America en ligne - Lotto Online - Crack The International Lottery Jackpots","isPartOf":{"@id":"https:\/\/jackpotlotteryonline.com\/#website"},"primaryImageOfPage":{"@id":"https:\/\/jackpotlotteryonline.com\/fr\/comment-jouer\/lotto-america-2\/#primaryimage"},"image":{"@id":"https:\/\/jackpotlotteryonline.com\/fr\/comment-jouer\/lotto-america-2\/#primaryimage"},"thumbnailUrl":"https:\/\/jackpotlotteryonline.com\/wp-content\/uploads\/2022\/11\/read1.jpg","datePublished":"2022-11-23T07:49:58+00:00","dateModified":"2023-01-03T09:48:28+00:00","breadcrumb":{"@id":"https:\/\/jackpotlotteryonline.com\/fr\/comment-jouer\/lotto-america-2\/#breadcrumb"},"inLanguage":"fr-FR","potentialAction":[{"@type":"ReadAction","target":["https:\/\/jackpotlotteryonline.com\/fr\/comment-jouer\/lotto-america-2\/"]}]},{"@type":"ImageObject","inLanguage":"fr-FR","@id":"https:\/\/jackpotlotteryonline.com\/fr\/comment-jouer\/lotto-america-2\/#primaryimage","url":"https:\/\/jackpotlotteryonline.com\/wp-content\/uploads\/2022\/11\/read1.jpg","contentUrl":"https:\/\/jackpotlotteryonline.com\/wp-content\/uploads\/2022\/11\/read1.jpg"},{"@type":"BreadcrumbList","@id":"https:\/\/jackpotlotteryonline.com\/fr\/comment-jouer\/lotto-america-2\/#breadcrumb","itemListElement":[{"@type":"ListItem","position":1,"name":"Home","item":"https:\/\/jackpotlotteryonline.com\/fr\/"},{"@type":"ListItem","position":2,"name":"Comment jouer","item":"https:\/\/jackpotlotteryonline.com\/fr\/comment-jouer\/"},{"@type":"ListItem","position":3,"name":"Jouer \u00e0 Lotto America en ligne"}]},{"@type":"WebSite","@id":"https:\/\/jackpotlotteryonline.com\/#website","url":"https:\/\/jackpotlotteryonline.com\/","name":"Lotto Online - Crack The International Lottery Jackpots","description":"","potentialAction":[{"@type":"SearchAction","target":{"@type":"EntryPoint","urlTemplate":"https:\/\/jackpotlotteryonline.com\/?s={search_term_string}"},"query-input":"required name=search_term_string"}],"inLanguage":"fr-FR"}]}},"_links":{"self":[{"href":"https:\/\/jackpotlotteryonline.com\/fr\/wp-json\/wp\/v2\/pages\/39280","targetHints":{"allow":["GET"]}}],"collection":[{"href":"https:\/\/jackpotlotteryonline.com\/fr\/wp-json\/wp\/v2\/pages"}],"about":[{"href":"https:\/\/jackpotlotteryonline.com\/fr\/wp-json\/wp\/v2\/types\/page"}],"author":[{"embeddable":true,"href":"https:\/\/jackpotlotteryonline.com\/fr\/wp-json\/wp\/v2\/users\/1"}],"replies":[{"embeddable":true,"href":"https:\/\/jackpotlotteryonline.com\/fr\/wp-json\/wp\/v2\/comments?post=39280"}],"version-history":[{"count":0,"href":"https:\/\/jackpotlotteryonline.com\/fr\/wp-json\/wp\/v2\/pages\/39280\/revisions"}],"up":[{"embeddable":true,"href":"https:\/\/jackpotlotteryonline.com\/fr\/wp-json\/wp\/v2\/pages\/35690"}],"wp:attachment":[{"href":"https:\/\/jackpotlotteryonline.com\/fr\/wp-json\/wp\/v2\/media?parent=39280"}],"curies":[{"name":"wp","href":"https:\/\/api.w.org\/{rel}","templated":true}]}}