{"id":39475,"date":"2022-11-24T11:16:49","date_gmt":"2022-11-24T11:16:49","guid":{"rendered":"https:\/\/jackpotlotteryonline.com\/?page_id=39475"},"modified":"2023-01-03T17:29:00","modified_gmt":"2023-01-03T17:29:00","slug":"mega-sena-2","status":"publish","type":"page","link":"https:\/\/jackpotlotteryonline.com\/fr\/comment-jouer\/mega-sena-2\/","title":{"rendered":"Jouez \u00e0 la loterie Mega-Sena en ligne"},"content":{"rendered":"<p>Vous voulez acheter des billets pour la loterie Mega-Sena depuis n&#8217;importe o\u00f9 dans le monde ? Mega-Sena est la plus grande loterie du Br\u00e9sil et elle existe depuis 1996. Des millions de fans de loto au Br\u00e9sil se pressent pour acheter des tickets Mega-Sena avant chaque tirage et maintenant, les joueurs du monde entier peuvent \u00e9galement participer \u00e0 la chance de gagner des millions de Real.<\/p>\n<p>L&#8217;une des raisons pour lesquelles Mega-Sena est si populaire est peut-\u00eatre qu&#8217;il est g\u00e9r\u00e9 par une banque, qui est la plus grande banque publique du Br\u00e9sil. Il doit y avoir quelque chose de r\u00e9confortant et de fiable \u00e0 acheter des billets pour une loterie appartenant \u00e0 une banque.<\/p>\n<p>Pour ceux qui vivent en dehors du Br\u00e9sil, participer \u00e0 la loterie Mega-Sena n&#8217;est plus un d\u00e9sir inaccessible. O\u00f9 que vous viviez, vous pouvez avoir acc\u00e8s \u00e0 Mega-Sena, \u00e0 condition d&#8217;avoir l&#8217;\u00e2ge l\u00e9gal, bien s\u00fbr. Si vous voulez savoir comment avoir acc\u00e8s aux tickets du loto br\u00e9silien, continuez \u00e0 lire.<\/p>\n<p>Mega-Sena n&#8217;est pas le seul loto auquel vous pouvez jouer de n&#8217;importe o\u00f9. Visitez-nous sur jackpotlotteryonline.com pour en savoir plus sur les principales loteries internationales auxquelles vous pouvez avoir acc\u00e8s.<\/p>\n<h2>Comment jouer \u00e0 Mega-Sena en ligne<\/h2>\n<p>Que vous soyez au Br\u00e9sil ou \u00e0 l&#8217;autre bout du monde, vous pouvez jouer \u00e0 Mega-Sena. Le moyen d&#8217;y parvenir est<a href=\"https:\/\/jackpotlotteryonline.com\/fr\/acheter-tickets\/mega-sena\"> d&#8217;acheter des billets en ligne<\/a> par notre interm\u00e9diaire. Nous donnons aux utilisateurs l&#8217;acc\u00e8s aux loteries du monde entier, y compris la Mega-Sena. Si vous utilisez notre site pour jouer \u00e0 la Mega-Sena, nous vous proposons un processus simple pour une exp\u00e9rience sans stress.<\/p>\n<p>La premi\u00e8re \u00e9tape consiste \u00e0 visiter notre site Web, puis \u00e0 cliquer sur le lien vers la loterie Mega-Sena. Ensuite, vous devez choisir 6 num\u00e9ros dans une fourchette de 1 \u00e0 60. Vous pouvez choisir jusqu&#8217;\u00e0 6 s\u00e9ries de num\u00e9ros pour chaque tirage afin d&#8217;augmenter vos chances de gagner le jackpot. Une fois que vous avez choisi vos num\u00e9ros, choisissez les jours de tirage et terminez le processus.<\/p>\n<p>Lorsque vous jouez en ligne, il est essentiel d&#8217;utiliser un service qui vous donne acc\u00e8s \u00e0 Mega-Sena. Vous voyez, de nombreux sites vous le promettent, mais lorsque vous lisez les petits caract\u00e8res, vous constatez qu&#8217;ils ne vous permettent de parier que sur le r\u00e9sultat du loto. Si vous achetez des billets Mega-Sena sur notre site, nous ferons en sorte que vous soyez inscrit \u00e0 Mega-Sena et si votre billet correspond aux num\u00e9ros tir\u00e9s, vous gagnerez.<\/p>\n<h2>Comment gagner au Mega-Sena<\/h2>\n<p><img loading=\"lazy\" decoding=\"async\" class=\"size-medium wp-image-28319 alignright\" src=\"http:\/\/jackpotlotteryonline.com\/wp-content\/uploads\/2022\/11\/1_mega_lottery_jackpot-300x207.jpg\" alt=\"Gagner \u00e0 la loterie Mega-Sena \" width=\"300\" height=\"207\" srcset=\"https:\/\/jackpotlotteryonline.com\/wp-content\/uploads\/2022\/11\/1_mega_lottery_jackpot-300x207.jpg 300w, https:\/\/jackpotlotteryonline.com\/wp-content\/uploads\/2022\/11\/1_mega_lottery_jackpot.jpg 320w\" sizes=\"auto, (max-width: 300px) 100vw, 300px\" \/><\/p>\n<p>Argent en chute libre. Billets de banque verts volants isol\u00e9s sur le blanc, confettis d&#8217;argent plat, concept de gain de loterie. Illustration vectorielle d&#8217;une banni\u00e8re sur fond d&#8217;argent gagn\u00e9<\/p>\n<p>Pour <a href=\"https:\/\/jackpotlotteryonline.com\/fr\/numeros-gagnants\/mega-sena\">gagner \u00e0 la Mega-Sena<\/a>, il faut correspondre aux num\u00e9ros tir\u00e9s. En fait, 6 num\u00e9ros sont tir\u00e9s au sort sur un total de 60 num\u00e9ros possibles. Tout billet qui correspond aux 6 num\u00e9ros tir\u00e9s remporte le jackpot.<\/p>\n<p>Les tirages Mega-Sena ont lieu deux fois par semaine, le mercredi et le samedi. Vous pouvez choisir le tirage auquel vous souhaitez participer lorsque vous achetez vos billets Mega-Sena. Vous pouvez \u00e9galement participer \u00e0 plusieurs tirages. C&#8217;est ce que font les meilleurs joueurs pour s&#8217;assurer qu&#8217;ils ont autant de chances que possible de gagner le jackpot.<\/p>\n<p>Un autre avantage \u00e0 utiliser notre site est que vous pouvez facilement mettre en place un service d&#8217;abonnement automatique pour acheter des billets Mega-Sena. Cela signifie que vous ne devez pas entrer manuellement dans chaque tirage. Il est facile d&#8217;oublier ce genre de choses et de penser \u00e0 l&#8217;horreur que vous ressentiriez si le tirage auquel vous n&#8217;avez pas particip\u00e9 \u00e9tait celui que vous auriez pu gagner. Faites en sorte d&#8217;\u00eatre inscrit automatiquement \u00e0 chaque tirage.<\/p>\n<h2>Jackpot de Mega-Sena<\/h2>\n<p>Le prix du jackpot commence \u00e0 3 millions de R$ et s&#8217;il n&#8217;y a pas de gagnant apr\u00e8s un tirage, il augmente. Et il peut devenir tr\u00e8s important. Les chances de gagner le jackpot sont de 1 sur 50 millions, ce qui est tr\u00e8s bon par rapport aux autres loteries internationales de premier plan.<\/p>\n<p>Le plus gros jackpot que quelqu&#8217;un ait gagn\u00e9 \u00e0 Mega-Sena \u00e9tait d&#8217;environ 53 millions d&#8217;euros. Il s&#8217;agit d&#8217;une somme qui peut changer la vie de n&#8217;importe qui. Et le jackpot le plus \u00e9lev\u00e9 de Mega-Sena a \u00e9t\u00e9 de 73 millions d&#8217;euros.<\/p>\n<p>M\u00eame si le jackpot de Mega-Sena ne se chiffre pas en milliards de dollars, il ne fait aucun doute qu&#8217;un joueur peut gagner gros \u00e0 cette loterie. Si vous avez h\u00e9sit\u00e9 \u00e0 participer \u00e0 cette loterie, c&#8217;est le moment de sauter le pas et d&#8217;acheter un billet.<\/p>\n<h2>Les prix que vous pouvez gagner<\/h2>\n<p>Nous avons longuement parl\u00e9 du jackpot du Mega-Sena, qui est le prix ultime qu&#8217;un joueur peut gagner en participant \u00e0 ce jeu de loto. Cependant, le jackpot n&#8217;est pas le seul prix que les fans de Mega-Sena peuvent gagner.<\/p>\n<p>Mega-Sena a un total de 3 niveaux de prix, y compris le jackpot. Il est un peu difficile de dire exactement \u00e0 combien s&#8217;\u00e9l\u00e8veront les prix, car un pourcentage de la cagnotte est attribu\u00e9 \u00e0 chaque niveau. D\u00e9couvrez les diff\u00e9rents niveaux de prix ci-dessous.<\/p>\n<p>Jackpot &#8211; Sena : 6 num\u00e9ros correspondent &#8211; 35% de la cagnotte<\/p>\n<p>Niveau 2 &#8211; Quina : 5 num\u00e9ros &#8211; 19% de la cagnotte<\/p>\n<p>Niveau 3 &#8211; Quadra : 4 num\u00e9ros &#8211; 19% de la cagnotte.<\/p>\n<h2>Mega da virada<\/h2>\n<p>Qu&#8217;est-ce que la mega da virada ? Si vous avez d\u00e9j\u00e0 cherch\u00e9 \u00e0 jouer \u00e0 Mega-Sena, vous avez d\u00fb rencontrer la mega da virada. S&#8217;agit-il d&#8217;un autre jeu ou d&#8217;une cat\u00e9gorie de prix ? Eh bien, ce n&#8217;est ni l&#8217;un ni l&#8217;autre. Il s&#8217;agit plut\u00f4t d&#8217;une partie de la loterie Mega-Sena, mais d&#8217;un tirage sp\u00e9cial qui a lieu chaque ann\u00e9e \u00e0 la veille du Nouvel An.<\/p>\n<p>La Mega da virada attire les parieurs chevronn\u00e9s du monde entier en raison de l&#8217;importance du jackpot. Le jackpot de 2022 s&#8217;\u00e9l\u00e8ve \u00e0 450 millions de R$ et serait le plus gros prix de l&#8217;histoire du Mega-Sena ! Il n&#8217;est donc pas \u00e9tonnant que les amateurs de loto se pr\u00e9cipitent pour acheter des billets pour ce tirage.<\/p>\n<p>Vous pouvez participer \u00e0 la virada du Mega da directement sur notre site. Vous n&#8217;avez pas besoin de passer par des cerceaux et des boucles juste pour participer \u00e0 la Mega da Virada. Nous vous confions un secret : la mega da virada est en fait la Mega-Sena, mais c&#8217;est le dernier tirage de l&#8217;ann\u00e9e. Et c&#8217;est tout. Alors participez au tirage de la Mega-Sena du 31 d\u00e9cembre pour avoir une chance de gagner gros.<\/p>\n<h2>La v\u00e9rit\u00e9 sur le jeu de la loterie Mega-Sena en ligne<\/h2>\n<p><img loading=\"lazy\" decoding=\"async\" class=\"alignright size-medium wp-image-32000\" src=\"http:\/\/jackpotlotteryonline.com\/wp-content\/uploads\/2022\/11\/1_mega_lotto_ticket-213x300.jpg\" alt=\"Billet en ligne pour la loterie Mega-Sena\" width=\"213\" height=\"300\" srcset=\"https:\/\/jackpotlotteryonline.com\/wp-content\/uploads\/2022\/11\/1_mega_lotto_ticket-213x300.jpg 213w, https:\/\/jackpotlotteryonline.com\/wp-content\/uploads\/2022\/11\/1_mega_lotto_ticket.jpg 320w\" sizes=\"auto, (max-width: 213px) 100vw, 213px\" \/><\/p>\n<p>Nous aimerions prendre quelques minutes pour vous donner quelques conseils sur la fa\u00e7on de jouer \u00e0 Mega-Sena sur Internet. Avant d&#8217;acheter un billet pour Mega-Sena, vous devez \u00eatre s\u00fbr que vous participez \u00e0 la loterie. Le meilleur moyen est de savoir si le site agit comme un agent. Cela signifie qu&#8217;ils ont des agents au Br\u00e9sil qui ach\u00e8teront des billets Mega-Sena physiques.<\/p>\n<p>Une autre chose \u00e0 noter \u00e0 propos de ce jeu est qu&#8217;il s&#8217;agit d&#8217;un jeu de chiffres. En fait, tout d\u00e9pend de la chance que vous avez. Cependant, il existe quelques moyens de favoriser la chance et d&#8217;augmenter vos chances de gagner. L&#8217;une d&#8217;entre elles consiste \u00e0 acheter plusieurs entr\u00e9es.<\/p>\n<p>Mega-Sena a de tr\u00e8s bonnes chances pour les parieurs, donc plus vous achetez de tickets, plus vous avez de chances de gagner \u00e0 la loterie. Il en va de m\u00eame pour la participation \u00e0 plusieurs tirages. C&#8217;est toujours un bon plan de jeu que de participer \u00e0 plusieurs tirages.<\/p>\n<h2>Pourquoi vous devriez jouer \u00e0 la loterie avec nous<\/h2>\n<p>Il existe plusieurs sites de loterie qui vous offrent la possibilit\u00e9 de jouer \u00e0 la loterie Mega-Sena. Pourquoi devriez-vous plut\u00f4t nous choisir ?<\/p>\n<ul>\n<li>Nous sommes un site de conciergerie avec des agents de loterie dans le monde entier. Lorsque vous achetez un billet Mega-Sena chez nous, nos agents au Br\u00e9sil ach\u00e8tent un billet avec les num\u00e9ros que vous avez choisis. Vous \u00eates ainsi assur\u00e9 de participer au tirage de la Mega-Sena.<\/li>\n<li>Vous pouvez retirer vos gains (jusqu&#8217;\u00e0 un certain montant) sur notre site. Quel que soit le montant de vos gains, nous ne pr\u00e9levons aucune commission.<\/li>\n<li>Lorsque vous achetez des billets sur notre site, vous ne devez pas craindre de manquer les tirages. Nous affichons les r\u00e9sultats des tirages sur notre site et si vous gagnez un prix, nous vous envoyons un e-mail.<\/li>\n<li>Vous \u00eates en s\u00e9curit\u00e9 ici. Nous faisons le maximum pour prot\u00e9ger vos billets afin que vous n&#8217;ayez jamais \u00e0 vous inqui\u00e9ter de les perdre.<\/li>\n<\/ul>\n<p>En fait, acheter vos billets de loterie chez nous signifie que vous assurez votre tranquillit\u00e9 d&#8217;esprit. Nous ne voulons pas que vous vous inqui\u00e9tiez des d\u00e9tails, alors laissez-nous nous en occuper pendant que vous vous concentrez sur ce qui est important.<\/p>\n<section class=\"layout\" style=\"border: solid 1px; width: 100%;\">\n<div class=\"img-div\" style=\"margin-top: 5px;\"><img decoding=\"async\" class=\"wp-image-17212 alignleft\" style=\"height: 45px; margin: 8px 8px 0px;\" src=\"http:\/\/jackpotlotteryonline.com\/wp-content\/uploads\/2022\/11\/read1.jpg\" alt=\"Lire \" width=\"\" height=\"\" \/><\/div>\n<div style=\"padding-left: 5px;\">\n<div style=\"font-size: 1.1em;\">\n<p><strong>Imp\u00f4ts sur les gains de loterie<\/strong><\/p>\n<p style=\"font-size: 0.85em; margin-top: -1.5em;\">Dois-je payer des imp\u00f4ts sur mes gains de loterie ?\u00a0<a href=\"https:\/\/jackpotlotteryonline.com\/fr\/dois-je-payer-des-impots-sur-les-gains-de-la-loterie\"> en savoir plus<\/a><\/p>\n<\/div>\n<\/div>\n<\/section>\n<h2>Inscrivez-vous pour jouer \u00e0 Mega-Sena en ligne<\/h2>\n<p>\u00cates-vous pr\u00eat \u00e0 entrer dans le jeu du loto Mega-Sena ? Ne cherchez pas plus loin, il vous suffit de vous inscrire chez nous pour commencer. Une fois inscrit, vous aurez acc\u00e8s aux meilleures loteries internationales, dont Mega-Sena. Le plus int\u00e9ressant, c&#8217;est que vos gains sont en s\u00e9curit\u00e9 lorsque vous jouez avec nous ; vous pouvez retirer ce que vous gagnez.<\/p>\n<p>Nous sommes heureux d&#8217;offrir plusieurs choix \u00e0 nos clients. Pourquoi se limiter \u00e0 une seule loterie quand vous pouvez jouer \u00e0 plus de deux douzaines de jeux diff\u00e9rents ? Vous trouverez sur notre site des jeux de premier ordre comme le US Powerball, La Primitiva et Eurojackpot. Chaque jeu sur notre site est facile \u00e0 entrer.<\/p>\n<p>Il est temps d&#8217;arr\u00eater d&#8217;h\u00e9siter. Si vous voulez vraiment gagner gros, inscrivez-vous \u00e0 Mega-Sena d\u00e8s aujourd&#8217;hui. Le prochain tirage pourrait \u00eatre le coup de chance que vous attendiez. Rendez-vous sur notre site d\u00e8s maintenant et choisissez parmi une grande vari\u00e9t\u00e9 de loteries. N&#8217;oubliez pas de planifier \u00e0 l&#8217;avance la virada de Mega da.<\/p>\n","protected":false},"excerpt":{"rendered":"<p>Vous voulez acheter des billets pour la loterie Mega-Sena depuis n&#8217;importe o\u00f9 dans le monde ? Mega-Sena est la plus grande loterie du Br\u00e9sil et elle existe depuis 1996. Des millions de fans de loto au Br\u00e9sil se pressent pour acheter des tickets Mega-Sena avant chaque tirage et maintenant, les joueurs du monde entier peuvent [&hellip;]<\/p>\n","protected":false},"author":1,"featured_media":0,"parent":35690,"menu_order":15,"comment_status":"closed","ping_status":"closed","template":"megasena.php","meta":{"_et_pb_use_builder":"","_et_pb_old_content":"","_et_gb_content_width":"","exclude_from_search":false,"footnotes":""},"class_list":["post-39475","page","type-page","status-publish","hentry"],"yoast_head":"<!-- This site is optimized with the Yoast SEO plugin v23.3 - https:\/\/yoast.com\/wordpress\/plugins\/seo\/ -->\n<title>Achetez des billets pour la Mega-Sena en ligne<\/title>\n<meta name=\"description\" content=\"Vous pouvez acheter des billets pour la loterie Mega-Sena en ligne. Apprenez \u00e0 savoir comment jouer et encaisser vos gains ici m\u00eame.\" \/>\n<meta name=\"robots\" content=\"index, follow, max-snippet:-1, max-image-preview:large, max-video-preview:-1\" \/>\n<link rel=\"canonical\" href=\"https:\/\/jackpotlotteryonline.com\/fr\/comment-jouer\/mega-sena-2\/\" \/>\n<meta property=\"og:locale\" content=\"fr_FR\" \/>\n<meta property=\"og:type\" content=\"article\" \/>\n<meta property=\"og:title\" content=\"Achetez des billets pour la Mega-Sena en ligne\" \/>\n<meta property=\"og:description\" content=\"Vous pouvez acheter des billets pour la loterie Mega-Sena en ligne. Apprenez \u00e0 savoir comment jouer et encaisser vos gains ici m\u00eame.\" \/>\n<meta property=\"og:url\" content=\"https:\/\/jackpotlotteryonline.com\/fr\/comment-jouer\/mega-sena-2\/\" \/>\n<meta property=\"og:site_name\" content=\"Lotto Online - Crack The International Lottery Jackpots\" \/>\n<meta property=\"article:modified_time\" content=\"2023-01-03T17:29:00+00:00\" \/>\n<meta property=\"og:image\" content=\"http:\/\/jackpotlotteryonline.com\/wp-content\/uploads\/2022\/11\/1_mega_lottery_jackpot-300x207.jpg\" \/>\n<meta name=\"twitter:card\" content=\"summary_large_image\" \/>\n<meta name=\"twitter:label1\" content=\"Dur\u00e9e de lecture estim\u00e9e\" \/>\n\t<meta name=\"twitter:data1\" content=\"8 minutes\" \/>\n<!-- \/ Yoast SEO plugin. -->","yoast_head_json":{"title":"Achetez des billets pour la Mega-Sena en ligne","description":"Vous pouvez acheter des billets pour la loterie Mega-Sena en ligne. Apprenez \u00e0 savoir comment jouer et encaisser vos gains ici m\u00eame.","robots":{"index":"index","follow":"follow","max-snippet":"max-snippet:-1","max-image-preview":"max-image-preview:large","max-video-preview":"max-video-preview:-1"},"canonical":"https:\/\/jackpotlotteryonline.com\/fr\/comment-jouer\/mega-sena-2\/","og_locale":"fr_FR","og_type":"article","og_title":"Achetez des billets pour la Mega-Sena en ligne","og_description":"Vous pouvez acheter des billets pour la loterie Mega-Sena en ligne. Apprenez \u00e0 savoir comment jouer et encaisser vos gains ici m\u00eame.","og_url":"https:\/\/jackpotlotteryonline.com\/fr\/comment-jouer\/mega-sena-2\/","og_site_name":"Lotto Online - Crack The International Lottery Jackpots","article_modified_time":"2023-01-03T17:29:00+00:00","og_image":[{"url":"http:\/\/jackpotlotteryonline.com\/wp-content\/uploads\/2022\/11\/1_mega_lottery_jackpot-300x207.jpg"}],"twitter_card":"summary_large_image","twitter_misc":{"Dur\u00e9e de lecture estim\u00e9e":"8 minutes"},"schema":{"@context":"https:\/\/schema.org","@graph":[{"@type":"WebPage","@id":"https:\/\/jackpotlotteryonline.com\/fr\/comment-jouer\/mega-sena-2\/","url":"https:\/\/jackpotlotteryonline.com\/fr\/comment-jouer\/mega-sena-2\/","name":"Achetez des billets pour la Mega-Sena en ligne","isPartOf":{"@id":"https:\/\/jackpotlotteryonline.com\/#website"},"primaryImageOfPage":{"@id":"https:\/\/jackpotlotteryonline.com\/fr\/comment-jouer\/mega-sena-2\/#primaryimage"},"image":{"@id":"https:\/\/jackpotlotteryonline.com\/fr\/comment-jouer\/mega-sena-2\/#primaryimage"},"thumbnailUrl":"http:\/\/jackpotlotteryonline.com\/wp-content\/uploads\/2022\/11\/1_mega_lottery_jackpot-300x207.jpg","datePublished":"2022-11-24T11:16:49+00:00","dateModified":"2023-01-03T17:29:00+00:00","description":"Vous pouvez acheter des billets pour la loterie Mega-Sena en ligne. Apprenez \u00e0 savoir comment jouer et encaisser vos gains ici m\u00eame.","breadcrumb":{"@id":"https:\/\/jackpotlotteryonline.com\/fr\/comment-jouer\/mega-sena-2\/#breadcrumb"},"inLanguage":"fr-FR","potentialAction":[{"@type":"ReadAction","target":["https:\/\/jackpotlotteryonline.com\/fr\/comment-jouer\/mega-sena-2\/"]}]},{"@type":"ImageObject","inLanguage":"fr-FR","@id":"https:\/\/jackpotlotteryonline.com\/fr\/comment-jouer\/mega-sena-2\/#primaryimage","url":"http:\/\/jackpotlotteryonline.com\/wp-content\/uploads\/2022\/11\/1_mega_lottery_jackpot-300x207.jpg","contentUrl":"http:\/\/jackpotlotteryonline.com\/wp-content\/uploads\/2022\/11\/1_mega_lottery_jackpot-300x207.jpg"},{"@type":"BreadcrumbList","@id":"https:\/\/jackpotlotteryonline.com\/fr\/comment-jouer\/mega-sena-2\/#breadcrumb","itemListElement":[{"@type":"ListItem","position":1,"name":"Home","item":"https:\/\/jackpotlotteryonline.com\/fr\/"},{"@type":"ListItem","position":2,"name":"Comment jouer","item":"https:\/\/jackpotlotteryonline.com\/fr\/comment-jouer\/"},{"@type":"ListItem","position":3,"name":"Jouez \u00e0 la loterie Mega-Sena en ligne"}]},{"@type":"WebSite","@id":"https:\/\/jackpotlotteryonline.com\/#website","url":"https:\/\/jackpotlotteryonline.com\/","name":"Lotto Online - Crack The International Lottery Jackpots","description":"","potentialAction":[{"@type":"SearchAction","target":{"@type":"EntryPoint","urlTemplate":"https:\/\/jackpotlotteryonline.com\/?s={search_term_string}"},"query-input":"required name=search_term_string"}],"inLanguage":"fr-FR"}]}},"_links":{"self":[{"href":"https:\/\/jackpotlotteryonline.com\/fr\/wp-json\/wp\/v2\/pages\/39475","targetHints":{"allow":["GET"]}}],"collection":[{"href":"https:\/\/jackpotlotteryonline.com\/fr\/wp-json\/wp\/v2\/pages"}],"about":[{"href":"https:\/\/jackpotlotteryonline.com\/fr\/wp-json\/wp\/v2\/types\/page"}],"author":[{"embeddable":true,"href":"https:\/\/jackpotlotteryonline.com\/fr\/wp-json\/wp\/v2\/users\/1"}],"replies":[{"embeddable":true,"href":"https:\/\/jackpotlotteryonline.com\/fr\/wp-json\/wp\/v2\/comments?post=39475"}],"version-history":[{"count":0,"href":"https:\/\/jackpotlotteryonline.com\/fr\/wp-json\/wp\/v2\/pages\/39475\/revisions"}],"up":[{"embeddable":true,"href":"https:\/\/jackpotlotteryonline.com\/fr\/wp-json\/wp\/v2\/pages\/35690"}],"wp:attachment":[{"href":"https:\/\/jackpotlotteryonline.com\/fr\/wp-json\/wp\/v2\/media?parent=39475"}],"curies":[{"name":"wp","href":"https:\/\/api.w.org\/{rel}","templated":true}]}}