{"id":39535,"date":"2022-11-28T07:06:31","date_gmt":"2022-11-28T07:06:31","guid":{"rendered":"https:\/\/jackpotlotteryonline.com\/?page_id=39535"},"modified":"2023-01-03T17:55:06","modified_gmt":"2023-01-03T17:55:06","slug":"powerball-australia","status":"publish","type":"page","link":"https:\/\/jackpotlotteryonline.com\/fr\/comment-jouer\/powerball-australia\/","title":{"rendered":"Jouer au Powerball Australie en ligne"},"content":{"rendered":"<p>Il y a une raison pour laquelle les amateurs de loterie du monde entier se pr\u00e9cipitent pour jouer au Powerball australien. 2022 a \u00e9t\u00e9 l&#8217;ann\u00e9e des m\u00e9ga jackpots et nous avons vu plusieurs joueurs gagner des millions de dollars dans des loteries internationales. Dans tout cela, Powerball AU n&#8217;a pas fait exception, puisque le plus gros jackpot jamais gagn\u00e9, de 160 millions de dollars australiens, a \u00e9t\u00e9 remport\u00e9 en octobre 2022. Avec plusieurs gros jackpots remport\u00e9s par des d\u00e9tenteurs de billets individuels, vous devriez envisager de jouer \u00e0 cette Powerball.<\/p>\n<p>Il est int\u00e9ressant de noter que cette loterie existe depuis un certain temps. Le premier tirage a eu lieu le 23 mai 1996, ce qui lui donne 25 ans d&#8217;existence. Il est vrai que, compar\u00e9e \u00e0 des loteries comme La Primitiva espagnole, la Powerball d&#8217;Oz est pratiquement un b\u00e9b\u00e9. (La Primitiva a \u00e9t\u00e9 cr\u00e9\u00e9e en 1763 et vous pouvez participer \u00e0 cette loterie sur jackpotlotteryonline.com).<\/p>\n<p>Au cours des 25 derni\u00e8res ann\u00e9es, la Powerball d&#8217;Oz a maintenu une r\u00e9putation de gains g\u00e9n\u00e9reux et de fans fervents. Auparavant, elle n&#8217;\u00e9tait accessible qu&#8217;aux joueurs vivant sur le continent. D\u00e9sormais, les parieurs du monde entier peuvent jouer au Powerball AU en ligne depuis le confort de leur ordinateur ou de leur appareil mobile. Continuez \u00e0 lire pour d\u00e9couvrir comment vous pouvez jouer \u00e0 cette loterie en ligne.<\/p>\n<h2>Comment jouer au Powerball Australia<\/h2>\n<p><img loading=\"lazy\" decoding=\"async\" class=\"alignright size-full wp-image-26402\" src=\"http:\/\/jackpotlotteryonline.com\/wp-content\/uploads\/2022\/11\/1_buy_online_ticket_powerball.jpg\" alt=\"jouer \u00e0 Powerball Australie en ligne\" width=\"300\" height=\"194\" \/><\/p>\n<p>L&#8217;une des choses \u00e9tonnantes \u00e0 propos de cette loterie est qu&#8217;elle a de grandes chances de gagner. Les chances de gagner le jackpot sont de 1 sur environ 76 millions. Il y a cependant plusieurs autres divisions et celles-ci ont des chances fantastiques.<\/p>\n<p>Pour jouer au Powerball, vous devez choisir 7 num\u00e9ros de 1 \u00e0 35 et un num\u00e9ro Powerball de 1 \u00e0 20. Cela fait un total de 8 num\u00e9ros pour chaque ligne. Notez que vous pouvez \u00e9galement saisir plusieurs lignes pour augmenter vos chances de gagner \u00e0 la loterie. Plus vous saisissez de lignes, plus vous avez de chances de gagner.<\/p>\n<p>Une fois que vous avez choisi vos num\u00e9ros, l&#8217;\u00e9tape suivante consiste \u00e0 participer aux tirages. Cette loterie n&#8217;a qu&#8217;un seul jour de tirage, \u00e0 savoir le jeudi soir. Comme vous pouvez l&#8217;imaginer, les jeudis soirs sont remplis d&#8217;excitation pour les parieurs du continent. Vous pouvez \u00e9galement vous joindre \u00e0 cette excitation en jouant au Powerball.<\/p>\n<h2>Pourquoi le Powerball en Australie ?<\/h2>\n<p>C&#8217;est une tr\u00e8s bonne question. Gr\u00e2ce \u00e0 Internet, les amateurs de loterie du monde entier disposent d&#8217;une grande vari\u00e9t\u00e9 de loteries auxquelles ils peuvent participer. Pourquoi envisager de jouer \u00e0 la Powerball d&#8217;Oz ? En fait, avec cette loterie, vous avez une chance de gagner des millions sans avoir \u00e0 affronter des probabilit\u00e9s incroyablement \u00e9lev\u00e9es.<\/p>\n<p>Le probl\u00e8me avec beaucoup d&#8217;autres loteries plus populaires dans d&#8217;autres parties du monde, ce sont les chances \u00e9lev\u00e9es. Prenez le Powerball am\u00e9ricain par exemple, les chances de gagner cette loterie sont de 1 sur plus de 200 millions. Compar\u00e9es aux chances de 1 sur 76 millions de la Powerball d&#8217;Oz, il est facile de comprendre pourquoi de nombreux parieurs se tournent vers cette derni\u00e8re.<\/p>\n<section class=\"layout\" style=\"border: solid 1px; width: 100%;\">\n<div class=\"img-div\" style=\"margin-top: 5px;\"><img decoding=\"async\" class=\"wp-image-17212 alignleft\" style=\"height: 45px; margin: 8px 8px 0px;\" src=\"http:\/\/jackpotlotteryonline.com\/wp-content\/uploads\/2022\/11\/read1.jpg\" alt=\"Lire \" width=\"\" height=\"\" \/><\/div>\n<div style=\"padding-left: 5px;\">\n<div style=\"font-size: 1.1em;\">\n<p><strong>Les arnaques \u00e0 la loterie dont vous devez \u00eatre conscient<\/strong><\/p>\n<p style=\"font-size: 0.85em; margin-top: -1.5em;\">Ne tombez pas dans les pi\u00e8ges du loto <a href=\"https:\/\/jackpotlotteryonline.com\/fr\/attention-aux-arnaques-a-la-loterie-en-ligne\">\u00a0en savoir plus<\/a><\/p>\n<\/div>\n<\/div>\n<\/section>\n<h2>Powerball Australie vs Powerball US : quelle est la diff\u00e9rence ?<\/h2>\n<p>Mais, y a-t-il une diff\u00e9rence entre le Powerball Oz et le Powerball US ? La premi\u00e8re diff\u00e9rence, et la plus \u00e9vidente, est la taille des jackpots. Il existe tr\u00e8s peu de jackpots dans le monde dont la taille est comparable \u00e0 celle du Powerball am\u00e9ricain. Il a r\u00e9cemment atteint la barre des 2 milliards de dollars am\u00e9ricains. Si vous jouez au Powerball d&#8217;Oz, vous n&#8217;obtiendrez rien de comparable.<\/p>\n<p>Encore une fois, la version am\u00e9ricaine se situe dans une fourchette de 1 \u00e0 69. Cela signifie que 5 boules sont tir\u00e9es d&#8217;un baril de 69 boules. Dans la version OZ, 7 num\u00e9ros sont tir\u00e9s d&#8217;un baril de 35 boules seulement. De m\u00eame, la Powerball aux \u00c9tats-Unis est tir\u00e9e d&#8217;un baril de 26 boules, tandis qu&#8217;en Australie, elle est tir\u00e9e de 20 boules.<\/p>\n<p>Si vous voulez une loterie o\u00f9 vous pouvez gagner des millions sans avoir \u00e0 faire face \u00e0 des probabilit\u00e9s \u00e9lev\u00e9es, alors vous devriez jouer au Powerball australien.<\/p>\n<h2>Jouer en ligne<\/h2>\n<p>Maintenant que vous savez que vous pouvez jouer \u00e0 la Powerball australienne de n&#8217;importe o\u00f9, voici comment proc\u00e9der.<\/p>\n<ul>\n<li>La premi\u00e8re \u00e9tape consiste \u00e0 vous rendre sur un site de loterie comme jackpotlotteryonline.com et d&#8217;aller sur la page consacr\u00e9e au Powerball australien.<\/li>\n<li>Ensuite, choisissez vos num\u00e9ros (vous pouvez utiliser le g\u00e9n\u00e9rateur automatique de num\u00e9ros pour choisir des num\u00e9ros au hasard).<\/li>\n<li><a href=\"https:\/\/jackpotlotteryonline.com\/fr\/numeros-gagnants\/powerball-australia\">Entrez dans le tirage<\/a> et terminez le processus<\/li>\n<li>Gagner le jackpot<\/li>\n<\/ul>\n<p>Le tirage a lieu une fois par semaine, le jeudi. Ainsi, lorsque vous participez au tirage, l&#8217;\u00e9tape suivante consiste \u00e0 attendre les r\u00e9sultats. Tout billet correspondant aux 8 num\u00e9ros tir\u00e9s au sort remporte le jackpot.<\/p>\n<p>Il existe d&#8217;autres prix pour des num\u00e9ros diff\u00e9rents, y compris un prix pour 2 num\u00e9ros et le num\u00e9ro bonus.<\/p>\n<h2>Les prix que vous pouvez gagner<\/h2>\n<p><img loading=\"lazy\" decoding=\"async\" class=\"alignright size-medium wp-image-19277\" src=\"http:\/\/jackpotlotteryonline.com\/wp-content\/uploads\/2022\/10\/2_ticket_powerball_au2-163x300.jpg\" alt=\"Scanner un billet de loterie\" width=\"163\" height=\"300\" srcset=\"https:\/\/jackpotlotteryonline.com\/wp-content\/uploads\/2022\/10\/2_ticket_powerball_au2-163x300.jpg 163w, https:\/\/jackpotlotteryonline.com\/wp-content\/uploads\/2022\/10\/2_ticket_powerball_au2.jpg 250w\" sizes=\"auto, (max-width: 163px) 100vw, 163px\" \/><\/p>\n<p>Lorsque vous jouez \u00e0 la loterie, il y a 9 divisions de prix au total.<\/p>\n<p>Division 1 : 7 num\u00e9ros + num\u00e9ro bonus &#8211; jackpot (8 millions de dollars australiens en moyenne)<\/p>\n<p>Division 2 : 7 num\u00e9ros seulement<\/p>\n<p>Division 3 : 6 num\u00e9ros + num\u00e9ro bonus<\/p>\n<p>Division 4 : 6 num\u00e9ros seulement<\/p>\n<p>Division 5 : 5 num\u00e9ros + num\u00e9ro bonus<\/p>\n<p>Division 6 : 5 num\u00e9ros seulement<\/p>\n<p>Division 7 : 4 num\u00e9ros + num\u00e9ro de bonus<\/p>\n<p>Division 8 : 3 num\u00e9ros + num\u00e9ro de bonification<\/p>\n<p>Division 9 : 2 num\u00e9ros + num\u00e9ro de bonification<\/p>\n<p>Les prix attribu\u00e9s \u00e0 chaque division sont un pourcentage de la cagnotte. Ainsi, plus la cagnotte est \u00e9lev\u00e9e, plus l&#8217;argent va \u00e0 chaque division. Les prix de la division 2 ont atteint jusqu&#8217;\u00e0 800 000 dollars australiens.<\/p>\n<h2>Achetez vos billets de loterie en ligne<\/h2>\n<p>Si vous \u00eates un fan de la loterie, vous pouvez d\u00e9sormais jouer \u00e0 la loterie en ligne sur notre site. Nous facilitons le processus pour nos clients en fournissant tout ce dont vous avez besoin en un seul endroit. Ainsi, vous pouvez acheter vos billets, v\u00e9rifier les r\u00e9sultats et, si vous gagnez, encaisser vos gains directement sur notre site.<\/p>\n<p>Nous proposons plusieurs options que vous pouvez utiliser pour <a href=\"https:\/\/jackpotlotteryonline.com\/fr\/acheter-tickets\/powerball-australia\">payer vos billets de loterie<\/a>. Vous pouvez \u00e9galement configurer votre compte de mani\u00e8re \u00e0 \u00eatre automatiquement inscrit \u00e0 plusieurs tirages \u00e0 l&#8217;avance. Nos clients appr\u00e9cient le luxe de ne pas avoir \u00e0 v\u00e9rifier les r\u00e9sultats des tirages car nous vous ferons savoir si vous avez gagn\u00e9 quelque chose.<\/p>\n<p>Enfin, lorsque vous achetez un billet de loterie chez nous, vous \u00eates assur\u00e9 de jouer \u00e0 la loterie de votre choix. En effet, nous avons des agents dans diff\u00e9rents pays qui ach\u00e8tent le billet physique avec les num\u00e9ros correspondants. Ainsi, vous n&#8217;avez pas besoin d&#8217;\u00eatre physiquement dans un pays pour jouer \u00e0 la loterie. Allez-y et jouez au Powerball Australie maintenant.<\/p>\n","protected":false},"excerpt":{"rendered":"<p>Il y a une raison pour laquelle les amateurs de loterie du monde entier se pr\u00e9cipitent pour jouer au Powerball australien. 2022 a \u00e9t\u00e9 l&#8217;ann\u00e9e des m\u00e9ga jackpots et nous avons vu plusieurs joueurs gagner des millions de dollars dans des loteries internationales. Dans tout cela, Powerball AU n&#8217;a pas fait exception, puisque le plus [&hellip;]<\/p>\n","protected":false},"author":1,"featured_media":0,"parent":35690,"menu_order":17,"comment_status":"closed","ping_status":"closed","template":"powerball-au.php","meta":{"_et_pb_use_builder":"","_et_pb_old_content":"","_et_gb_content_width":"","exclude_from_search":false,"footnotes":""},"class_list":["post-39535","page","type-page","status-publish","hentry"],"yoast_head":"<!-- This site is optimized with the Yoast SEO plugin v23.3 - https:\/\/yoast.com\/wordpress\/plugins\/seo\/ -->\n<title>Jouez \u00e0 Powerball Australie depuis l&#039;ext\u00e9rieur de l&#039;Australie<\/title>\n<meta name=\"description\" content=\"Il n&#039;est pas n\u00e9cessaire de vivre en Australie pour jouer \u00e0 Powerball Australie. D\u00e9couvrez comment jouer en ligne.\" \/>\n<meta name=\"robots\" content=\"index, follow, max-snippet:-1, max-image-preview:large, max-video-preview:-1\" \/>\n<link rel=\"canonical\" href=\"https:\/\/jackpotlotteryonline.com\/fr\/comment-jouer\/powerball-australia\/\" \/>\n<meta property=\"og:locale\" content=\"fr_FR\" \/>\n<meta property=\"og:type\" content=\"article\" \/>\n<meta property=\"og:title\" content=\"Jouez \u00e0 Powerball Australie depuis l&#039;ext\u00e9rieur de l&#039;Australie\" \/>\n<meta property=\"og:description\" content=\"Il n&#039;est pas n\u00e9cessaire de vivre en Australie pour jouer \u00e0 Powerball Australie. D\u00e9couvrez comment jouer en ligne.\" \/>\n<meta property=\"og:url\" content=\"https:\/\/jackpotlotteryonline.com\/fr\/comment-jouer\/powerball-australia\/\" \/>\n<meta property=\"og:site_name\" content=\"Lotto Online - Crack The International Lottery Jackpots\" \/>\n<meta property=\"article:modified_time\" content=\"2023-01-03T17:55:06+00:00\" \/>\n<meta property=\"og:image\" content=\"http:\/\/jackpotlotteryonline.com\/wp-content\/uploads\/2022\/11\/1_buy_online_ticket_powerball.jpg\" \/>\n<meta name=\"twitter:card\" content=\"summary_large_image\" \/>\n<meta name=\"twitter:label1\" content=\"Dur\u00e9e de lecture estim\u00e9e\" \/>\n\t<meta name=\"twitter:data1\" content=\"6 minutes\" \/>\n<!-- \/ Yoast SEO plugin. -->","yoast_head_json":{"title":"Jouez \u00e0 Powerball Australie depuis l'ext\u00e9rieur de l'Australie","description":"Il n'est pas n\u00e9cessaire de vivre en Australie pour jouer \u00e0 Powerball Australie. D\u00e9couvrez comment jouer en ligne.","robots":{"index":"index","follow":"follow","max-snippet":"max-snippet:-1","max-image-preview":"max-image-preview:large","max-video-preview":"max-video-preview:-1"},"canonical":"https:\/\/jackpotlotteryonline.com\/fr\/comment-jouer\/powerball-australia\/","og_locale":"fr_FR","og_type":"article","og_title":"Jouez \u00e0 Powerball Australie depuis l'ext\u00e9rieur de l'Australie","og_description":"Il n'est pas n\u00e9cessaire de vivre en Australie pour jouer \u00e0 Powerball Australie. D\u00e9couvrez comment jouer en ligne.","og_url":"https:\/\/jackpotlotteryonline.com\/fr\/comment-jouer\/powerball-australia\/","og_site_name":"Lotto Online - Crack The International Lottery Jackpots","article_modified_time":"2023-01-03T17:55:06+00:00","og_image":[{"url":"http:\/\/jackpotlotteryonline.com\/wp-content\/uploads\/2022\/11\/1_buy_online_ticket_powerball.jpg"}],"twitter_card":"summary_large_image","twitter_misc":{"Dur\u00e9e de lecture estim\u00e9e":"6 minutes"},"schema":{"@context":"https:\/\/schema.org","@graph":[{"@type":"WebPage","@id":"https:\/\/jackpotlotteryonline.com\/fr\/comment-jouer\/powerball-australia\/","url":"https:\/\/jackpotlotteryonline.com\/fr\/comment-jouer\/powerball-australia\/","name":"Jouez \u00e0 Powerball Australie depuis l'ext\u00e9rieur de l'Australie","isPartOf":{"@id":"https:\/\/jackpotlotteryonline.com\/#website"},"primaryImageOfPage":{"@id":"https:\/\/jackpotlotteryonline.com\/fr\/comment-jouer\/powerball-australia\/#primaryimage"},"image":{"@id":"https:\/\/jackpotlotteryonline.com\/fr\/comment-jouer\/powerball-australia\/#primaryimage"},"thumbnailUrl":"http:\/\/jackpotlotteryonline.com\/wp-content\/uploads\/2022\/11\/1_buy_online_ticket_powerball.jpg","datePublished":"2022-11-28T07:06:31+00:00","dateModified":"2023-01-03T17:55:06+00:00","description":"Il n'est pas n\u00e9cessaire de vivre en Australie pour jouer \u00e0 Powerball Australie. D\u00e9couvrez comment jouer en ligne.","breadcrumb":{"@id":"https:\/\/jackpotlotteryonline.com\/fr\/comment-jouer\/powerball-australia\/#breadcrumb"},"inLanguage":"fr-FR","potentialAction":[{"@type":"ReadAction","target":["https:\/\/jackpotlotteryonline.com\/fr\/comment-jouer\/powerball-australia\/"]}]},{"@type":"ImageObject","inLanguage":"fr-FR","@id":"https:\/\/jackpotlotteryonline.com\/fr\/comment-jouer\/powerball-australia\/#primaryimage","url":"http:\/\/jackpotlotteryonline.com\/wp-content\/uploads\/2022\/11\/1_buy_online_ticket_powerball.jpg","contentUrl":"http:\/\/jackpotlotteryonline.com\/wp-content\/uploads\/2022\/11\/1_buy_online_ticket_powerball.jpg"},{"@type":"BreadcrumbList","@id":"https:\/\/jackpotlotteryonline.com\/fr\/comment-jouer\/powerball-australia\/#breadcrumb","itemListElement":[{"@type":"ListItem","position":1,"name":"Home","item":"https:\/\/jackpotlotteryonline.com\/fr\/"},{"@type":"ListItem","position":2,"name":"Comment jouer","item":"https:\/\/jackpotlotteryonline.com\/fr\/comment-jouer\/"},{"@type":"ListItem","position":3,"name":"Jouer au Powerball Australie en ligne"}]},{"@type":"WebSite","@id":"https:\/\/jackpotlotteryonline.com\/#website","url":"https:\/\/jackpotlotteryonline.com\/","name":"Lotto Online - Crack The International Lottery Jackpots","description":"","potentialAction":[{"@type":"SearchAction","target":{"@type":"EntryPoint","urlTemplate":"https:\/\/jackpotlotteryonline.com\/?s={search_term_string}"},"query-input":"required name=search_term_string"}],"inLanguage":"fr-FR"}]}},"_links":{"self":[{"href":"https:\/\/jackpotlotteryonline.com\/fr\/wp-json\/wp\/v2\/pages\/39535","targetHints":{"allow":["GET"]}}],"collection":[{"href":"https:\/\/jackpotlotteryonline.com\/fr\/wp-json\/wp\/v2\/pages"}],"about":[{"href":"https:\/\/jackpotlotteryonline.com\/fr\/wp-json\/wp\/v2\/types\/page"}],"author":[{"embeddable":true,"href":"https:\/\/jackpotlotteryonline.com\/fr\/wp-json\/wp\/v2\/users\/1"}],"replies":[{"embeddable":true,"href":"https:\/\/jackpotlotteryonline.com\/fr\/wp-json\/wp\/v2\/comments?post=39535"}],"version-history":[{"count":0,"href":"https:\/\/jackpotlotteryonline.com\/fr\/wp-json\/wp\/v2\/pages\/39535\/revisions"}],"up":[{"embeddable":true,"href":"https:\/\/jackpotlotteryonline.com\/fr\/wp-json\/wp\/v2\/pages\/35690"}],"wp:attachment":[{"href":"https:\/\/jackpotlotteryonline.com\/fr\/wp-json\/wp\/v2\/media?parent=39535"}],"curies":[{"name":"wp","href":"https:\/\/api.w.org\/{rel}","templated":true}]}}