{"id":39587,"date":"2022-11-28T08:30:11","date_gmt":"2022-11-28T08:30:11","guid":{"rendered":"https:\/\/jackpotlotteryonline.com\/?page_id=39587"},"modified":"2023-01-03T18:22:04","modified_gmt":"2023-01-03T18:22:04","slug":"saturday-lotto","status":"publish","type":"page","link":"https:\/\/jackpotlotteryonline.com\/fr\/comment-jouer\/saturday-lotto\/","title":{"rendered":"Jouer au Loto du samedi en ligne"},"content":{"rendered":"<p>Le Saturday Lotto est l&#8217;une des loteries les plus populaires d&#8217;Australie et les joueurs de tout le pays l&#8217;attendent avec impatience. L&#8217;une des raisons est qu&#8217;elle a l&#8217;habitude de faire sortir beaucoup de millionnaires. Le jackpot peut atteindre jusqu&#8217;\u00e0 10 millions de dollars australiens, ce qui est un prix incroyable quand on y pense. Auparavant, il fallait \u00eatre r\u00e9sident australien pour pouvoir jouer \u00e0 cette loterie, pour la simple raison que les billets n&#8217;\u00e9taient disponibles que dans le pays. Avec Internet, tout cela a chang\u00e9 car les joueurs du monde entier peuvent d\u00e9sormais jouer \u00e0 la loterie de n&#8217;importe o\u00f9.<\/p>\n<p>Ainsi, si vous voulez jouer au loto du samedi, il vous suffit de vous rendre sur jackpotlotteryonline.com pour acheter votre billet de loterie. Il est int\u00e9ressant de noter que vous pouvez \u00e9galement y <a href=\"https:\/\/jackpotlotteryonline.com\/fr\/acheter-tickets\/saturday-lotto\">obtenir des billets<\/a> pour toutes les grandes loteries internationales.<\/p>\n<h2>L&#8217;origine du Saturday Lotto<\/h2>\n<p><img loading=\"lazy\" decoding=\"async\" class=\"alignright size-medium wp-image-28103\" src=\"http:\/\/jackpotlotteryonline.com\/wp-content\/uploads\/2022\/11\/1_lotto_jackpot_online-257x300.jpg\" alt=\"Le jackpot du loto du samedi\" width=\"257\" height=\"300\" srcset=\"https:\/\/jackpotlotteryonline.com\/wp-content\/uploads\/2022\/11\/1_lotto_jackpot_online-257x300.jpg 257w, https:\/\/jackpotlotteryonline.com\/wp-content\/uploads\/2022\/11\/1_lotto_jackpot_online.jpg 321w\" sizes=\"auto, (max-width: 257px) 100vw, 257px\" \/><\/p>\n<p>Le premier tirage a eu lieu le 24 juin 1972 et a \u00e9t\u00e9 le premier loto de ce type en Australie. C&#8217;est \u00e9galement le loto le plus ancien d&#8217;Australie. Il est connu sous diff\u00e9rents noms par les joueurs de diff\u00e9rentes r\u00e9gions d&#8217;Australie : Tattslotto, Gold lotto, X lotto ou simplement lotto.<\/p>\n<p>Le montant minimum garanti du jackpot lorsque vous jouez est de 5 millions de dollars australiens et il est report\u00e9 \u00e0 la semaine suivante s&#8217;il n&#8217;y a pas de gagnant. Ce qui est incroyable avec ce loto, c&#8217;est que les joueurs ont une tr\u00e8s bonne probabilit\u00e9 de gagner le jackpot. Les chances sont si faibles que le prix du jackpot est rarement report\u00e9 car il y a g\u00e9n\u00e9ralement toujours un gagnant.<\/p>\n<p>Le Saturday Lotto organise \u00e9galement un m\u00e9ga tirage une fois par an, apr\u00e8s No\u00ebl. Le jackpot des m\u00e9ga tirages est assez important et a \u00e9t\u00e9 augment\u00e9 \u00e0 30 millions de dollars australiens. Le m\u00e9ga tirage produit g\u00e9n\u00e9ralement plusieurs gagnants.<\/p>\n<h2>Comment jouer au Saturday Lotto en ligne<\/h2>\n<p>Pour jouer au Lotto du samedi, il suffit de se rendre sur le site jackpotlotteryonline.com et d&#8217;aller sur la page Lotto. Choisissez six num\u00e9ros entre 1 et 45. Vous pouvez toujours choisir vos num\u00e9ros manuellement ou utiliser notre syst\u00e8me automatique pour g\u00e9n\u00e9rer des num\u00e9ros al\u00e9atoires.<\/p>\n<p><a href=\"https:\/\/jackpotlotteryonline.com\/fr\/numeros-gagnants\/saturday-lotto\">Ensuite, saisissez les tirages<\/a>. En fait, il n&#8217;y a qu&#8217;un seul tirage par semaine et c&#8217;est le samedi. D&#8217;o\u00f9 le nom : Lotto du samedi. Mais vous pouvez choisir de participer \u00e0 jusqu&#8217;\u00e0 10 tirages cons\u00e9cutifs. Si vous choisissez cette option, vous serez automatiquement inscrit \u00e0 chaque tirage pendant les 10 semaines suivantes.<\/p>\n<p>Une fois que vous avez fait tout cela, l&#8217;\u00e9tape suivante consiste \u00e0 traiter votre paiement. Nous vous demanderons de vous enregistrer aupr\u00e8s de nous afin que nous puissions garder votre ticket en s\u00e9curit\u00e9 lorsque vous jouez. Nous vous informerons \u00e9galement si vous gagnez quelque chose et vous pourrez alors encaisser vos gains depuis notre plateforme.<\/p>\n<section class=\"layout\" style=\"border: solid 1px; width: 100%;\">\n<div class=\"img-div\" style=\"margin-top: 5px;\"><img decoding=\"async\" class=\"wp-image-17212 alignleft\" style=\"height: 45px; margin: 8px 8px 0px;\" src=\"http:\/\/jackpotlotteryonline.com\/wp-content\/uploads\/2022\/11\/read1.jpg\" alt=\"Lire \" width=\"\" height=\"\" \/><\/div>\n<div style=\"padding-left: 5px;\">\n<div style=\"font-size: 1.1em;\">\n<p><strong>Quelques trucs et astuces pour choisir vos num\u00e9ros<\/strong><\/p>\n<p style=\"font-size: 0.85em; margin-top: -1.5em;\">Augmentez vos chances de gagner &#8211; utilisez une certaine strat\u00e9gie pour choisir vos num\u00e9ros\u00a0 <a href=\"https:\/\/jackpotlotteryonline.com\/fr\/a-few-tricks-and-tips-for-choosing-your-numbers\"> en savoir plus<\/a><\/p>\n<\/div>\n<\/div>\n<\/section>\n<h2>Avantages<\/h2>\n<p>Il peut \u00eatre difficile pour ceux qui sont habitu\u00e9s \u00e0 acheter des billets de loterie physiques et \u00e0 la fanfare qui accompagne les gains de voir les avantages de jouer sur Internet. Mais nous allons en partager quelques-uns ici.<\/p>\n<p>Jouer au Saturday Lotto en ligne est pratique. Vous n&#8217;avez pas besoin de quitter l&#8217;endroit o\u00f9 vous \u00eates pour vous d\u00e9placer car vous pouvez facilement jouer sur votre ordinateur ou votre appareil mobile. En outre, cela signifie que vous avez d\u00e9sormais acc\u00e8s \u00e0 une plus grande vari\u00e9t\u00e9 de loteries du monde entier.<\/p>\n<p>L&#8217;achat de tickets n&#8217;est pas le seul avantage lorsque vous jouez \u00e0 la loterie. Le principal avantage est peut-\u00eatre que vous pouvez facilement retirer vos gains. C&#8217;est simple et vous n&#8217;avez souvent pas \u00e0 passer par une proc\u00e9dure complexe pour obtenir vos gains.<\/p>\n<h2>Gagner le loto du samedi<\/h2>\n<p>Pour gagner au loto, vous devez obtenir les six num\u00e9ros tir\u00e9s au sort. Tout billet qui correspond aux six num\u00e9ros tir\u00e9s remporte le jackpot. Il existe d&#8217;autres prix que vous pouvez gagner et nous les mentionnerons plus tard. Mais notez que vous pouvez gagner un prix en trouvant 3 num\u00e9ros tir\u00e9s au sort.<\/p>\n<p>Si vous gagnez \u00e0 la loterie, vous pouvez retirer vos gains de notre plateforme directement sur votre compte.<\/p>\n<p>Veuillez noter que si votre gain est sup\u00e9rieur \u00e0 2 500, vous devrez le r\u00e9clamer directement aupr\u00e8s de la soci\u00e9t\u00e9 de loterie. Mais ne vous inqui\u00e9tez pas, nous vous aiderons en vous donnant un formulaire de r\u00e9clamation \u00e0 remplir.<\/p>\n<h2>Num\u00e9ros suppl\u00e9mentaires<\/h2>\n<p><img loading=\"lazy\" decoding=\"async\" class=\"alignright size-medium wp-image-29183\" src=\"http:\/\/jackpotlotteryonline.com\/wp-content\/uploads\/2022\/11\/1_play_lotto-online-300x199.jpg\" alt=\"Jouer au loto du samedi en ligne\" width=\"300\" height=\"199\" srcset=\"https:\/\/jackpotlotteryonline.com\/wp-content\/uploads\/2022\/11\/1_play_lotto-online-300x199.jpg 300w, https:\/\/jackpotlotteryonline.com\/wp-content\/uploads\/2022\/11\/1_play_lotto-online.jpg 350w\" sizes=\"auto, (max-width: 300px) 100vw, 300px\" \/><\/p>\n<p>Si vous v\u00e9rifiez les divisions de prix, vous remarquerez peut-\u00eatre que certaines divisions utilisent des num\u00e9ros suppl\u00e9mentaires. Il ne s&#8217;agit pas de num\u00e9ros que vous choisissez et qui n&#8217;ont rien \u00e0 voir avec le fait de gagner le jackpot. Il s&#8217;agit simplement de num\u00e9ros g\u00e9n\u00e9r\u00e9s au hasard qui sont choisis lors de chaque tirage et qui sont utilis\u00e9s pour d\u00e9terminer les divisions 2 et 5.<\/p>\n<h2>Prix<\/h2>\n<p>Ce loto comporte six cat\u00e9gories de prix diff\u00e9rentes et il vous suffit de trouver trois num\u00e9ros principaux pour gagner un prix. Bien entendu, plus vous obtenez de num\u00e9ros, plus le prix est \u00e9lev\u00e9. Le prix de la division 1 est le jackpot et vous devez trouver les 6 num\u00e9ros pour pouvoir gagner ce prix.<\/p>\n<p>Souvent, les joueurs se concentrent sur le prix de la division 1, c&#8217;est-\u00e0-dire le jackpot, \u00e0 l&#8217;exclusion des autres divisions de prix. Mais il est \u00e9galement possible de gagner une somme importante dans ces autres cat\u00e9gories. Nous vous pr\u00e9sentons ci-dessous les diff\u00e9rentes cat\u00e9gories de prix du Saturday Lotto et les chances de gagner chacune d&#8217;entre elles.<\/p>\n<p>Division 1 : 6 num\u00e9ros principaux &#8211; jackpot (1 sur 8 145 060)<\/p>\n<p>Division 2 : 5 num\u00e9ros principaux + 1 ou 2 num\u00e9ros suppl\u00e9mentaires (1 sur 678 755)<\/p>\n<p>Division 3 : 5 num\u00e9ros principaux (1 sur 36 689)<\/p>\n<p>Division 4 : 4 num\u00e9ros principaux (1 sur 733)<\/p>\n<p>Division 5 : 3 num\u00e9ros principaux + 1 ou 2 num\u00e9ros suppl\u00e9mentaires (1 sur 297)<\/p>\n<p>Division 6 : 3 num\u00e9ros principaux (1 sur 53)<\/p>\n<h2>Inscrivez-vous maintenant pour jouer au loto du samedi<\/h2>\n<p>Si vous \u00eates pr\u00eat \u00e0 jouer au loto, vous pouvez acheter vos tickets de loto ici m\u00eame sur notre site. Une fois que vous aurez particip\u00e9 au tirage, vous aurez la chance de gagner des millions.<\/p>\n<p>Pendant que vous \u00eates ici, vous pouvez \u00e9galement consulter d&#8217;autres loteries. Nous avons une large collection des meilleures loteries internationales et nous donnons \u00e0 nos clients l&#8217;acc\u00e8s \u00e0 ces loteries. Vous pouvez acheter vos billets pour des loteries des \u00c9tats-Unis, d&#8217;Europe et d&#8217;Australie, o\u00f9 que vous viviez.<\/p>\n<p>En tant que site de conciergerie de loterie num\u00e9ro un, nous avons simplifi\u00e9 le processus pour offrir une exp\u00e9rience incroyable \u00e0 nos clients. Inscrivez-vous avec nous aujourd&#8217;hui pour jouer au loto.<\/p>\n","protected":false},"excerpt":{"rendered":"<p>Le Saturday Lotto est l&#8217;une des loteries les plus populaires d&#8217;Australie et les joueurs de tout le pays l&#8217;attendent avec impatience. L&#8217;une des raisons est qu&#8217;elle a l&#8217;habitude de faire sortir beaucoup de millionnaires. Le jackpot peut atteindre jusqu&#8217;\u00e0 10 millions de dollars australiens, ce qui est un prix incroyable quand on y pense. Auparavant, [&hellip;]<\/p>\n","protected":false},"author":1,"featured_media":0,"parent":35690,"menu_order":18,"comment_status":"closed","ping_status":"closed","template":"saturday-lotto.php","meta":{"_et_pb_use_builder":"","_et_pb_old_content":"","_et_gb_content_width":"","exclude_from_search":false,"footnotes":""},"class_list":["post-39587","page","type-page","status-publish","hentry"],"yoast_head":"<!-- This site is optimized with the Yoast SEO plugin v23.3 - https:\/\/yoast.com\/wordpress\/plugins\/seo\/ -->\n<title>Jouez au loto du samedi en ligne<\/title>\n<meta name=\"description\" content=\"Profitez de la chance de gagner gros avec le Saturday Lotto en jouant en ligne, o\u00f9 que vous soyez. D\u00e9couvrez comment.\" \/>\n<meta name=\"robots\" content=\"index, follow, max-snippet:-1, max-image-preview:large, max-video-preview:-1\" \/>\n<link rel=\"canonical\" href=\"https:\/\/jackpotlotteryonline.com\/fr\/comment-jouer\/saturday-lotto\/\" \/>\n<meta property=\"og:locale\" content=\"fr_FR\" \/>\n<meta property=\"og:type\" content=\"article\" \/>\n<meta property=\"og:title\" content=\"Jouez au loto du samedi en ligne\" \/>\n<meta property=\"og:description\" content=\"Profitez de la chance de gagner gros avec le Saturday Lotto en jouant en ligne, o\u00f9 que vous soyez. D\u00e9couvrez comment.\" \/>\n<meta property=\"og:url\" content=\"https:\/\/jackpotlotteryonline.com\/fr\/comment-jouer\/saturday-lotto\/\" \/>\n<meta property=\"og:site_name\" content=\"Lotto Online - Crack The International Lottery Jackpots\" \/>\n<meta property=\"article:modified_time\" content=\"2023-01-03T18:22:04+00:00\" \/>\n<meta property=\"og:image\" content=\"http:\/\/jackpotlotteryonline.com\/wp-content\/uploads\/2022\/11\/1_lotto_jackpot_online-257x300.jpg\" \/>\n<meta name=\"twitter:card\" content=\"summary_large_image\" \/>\n<meta name=\"twitter:label1\" content=\"Dur\u00e9e de lecture estim\u00e9e\" \/>\n\t<meta name=\"twitter:data1\" content=\"6 minutes\" \/>\n<!-- \/ Yoast SEO plugin. -->","yoast_head_json":{"title":"Jouez au loto du samedi en ligne","description":"Profitez de la chance de gagner gros avec le Saturday Lotto en jouant en ligne, o\u00f9 que vous soyez. D\u00e9couvrez comment.","robots":{"index":"index","follow":"follow","max-snippet":"max-snippet:-1","max-image-preview":"max-image-preview:large","max-video-preview":"max-video-preview:-1"},"canonical":"https:\/\/jackpotlotteryonline.com\/fr\/comment-jouer\/saturday-lotto\/","og_locale":"fr_FR","og_type":"article","og_title":"Jouez au loto du samedi en ligne","og_description":"Profitez de la chance de gagner gros avec le Saturday Lotto en jouant en ligne, o\u00f9 que vous soyez. D\u00e9couvrez comment.","og_url":"https:\/\/jackpotlotteryonline.com\/fr\/comment-jouer\/saturday-lotto\/","og_site_name":"Lotto Online - Crack The International Lottery Jackpots","article_modified_time":"2023-01-03T18:22:04+00:00","og_image":[{"url":"http:\/\/jackpotlotteryonline.com\/wp-content\/uploads\/2022\/11\/1_lotto_jackpot_online-257x300.jpg"}],"twitter_card":"summary_large_image","twitter_misc":{"Dur\u00e9e de lecture estim\u00e9e":"6 minutes"},"schema":{"@context":"https:\/\/schema.org","@graph":[{"@type":"WebPage","@id":"https:\/\/jackpotlotteryonline.com\/fr\/comment-jouer\/saturday-lotto\/","url":"https:\/\/jackpotlotteryonline.com\/fr\/comment-jouer\/saturday-lotto\/","name":"Jouez au loto du samedi en ligne","isPartOf":{"@id":"https:\/\/jackpotlotteryonline.com\/#website"},"primaryImageOfPage":{"@id":"https:\/\/jackpotlotteryonline.com\/fr\/comment-jouer\/saturday-lotto\/#primaryimage"},"image":{"@id":"https:\/\/jackpotlotteryonline.com\/fr\/comment-jouer\/saturday-lotto\/#primaryimage"},"thumbnailUrl":"http:\/\/jackpotlotteryonline.com\/wp-content\/uploads\/2022\/11\/1_lotto_jackpot_online-257x300.jpg","datePublished":"2022-11-28T08:30:11+00:00","dateModified":"2023-01-03T18:22:04+00:00","description":"Profitez de la chance de gagner gros avec le Saturday Lotto en jouant en ligne, o\u00f9 que vous soyez. D\u00e9couvrez comment.","breadcrumb":{"@id":"https:\/\/jackpotlotteryonline.com\/fr\/comment-jouer\/saturday-lotto\/#breadcrumb"},"inLanguage":"fr-FR","potentialAction":[{"@type":"ReadAction","target":["https:\/\/jackpotlotteryonline.com\/fr\/comment-jouer\/saturday-lotto\/"]}]},{"@type":"ImageObject","inLanguage":"fr-FR","@id":"https:\/\/jackpotlotteryonline.com\/fr\/comment-jouer\/saturday-lotto\/#primaryimage","url":"http:\/\/jackpotlotteryonline.com\/wp-content\/uploads\/2022\/11\/1_lotto_jackpot_online-257x300.jpg","contentUrl":"http:\/\/jackpotlotteryonline.com\/wp-content\/uploads\/2022\/11\/1_lotto_jackpot_online-257x300.jpg"},{"@type":"BreadcrumbList","@id":"https:\/\/jackpotlotteryonline.com\/fr\/comment-jouer\/saturday-lotto\/#breadcrumb","itemListElement":[{"@type":"ListItem","position":1,"name":"Home","item":"https:\/\/jackpotlotteryonline.com\/fr\/"},{"@type":"ListItem","position":2,"name":"Comment jouer","item":"https:\/\/jackpotlotteryonline.com\/fr\/comment-jouer\/"},{"@type":"ListItem","position":3,"name":"Jouer au Loto du samedi en ligne"}]},{"@type":"WebSite","@id":"https:\/\/jackpotlotteryonline.com\/#website","url":"https:\/\/jackpotlotteryonline.com\/","name":"Lotto Online - Crack The International Lottery Jackpots","description":"","potentialAction":[{"@type":"SearchAction","target":{"@type":"EntryPoint","urlTemplate":"https:\/\/jackpotlotteryonline.com\/?s={search_term_string}"},"query-input":"required name=search_term_string"}],"inLanguage":"fr-FR"}]}},"_links":{"self":[{"href":"https:\/\/jackpotlotteryonline.com\/fr\/wp-json\/wp\/v2\/pages\/39587","targetHints":{"allow":["GET"]}}],"collection":[{"href":"https:\/\/jackpotlotteryonline.com\/fr\/wp-json\/wp\/v2\/pages"}],"about":[{"href":"https:\/\/jackpotlotteryonline.com\/fr\/wp-json\/wp\/v2\/types\/page"}],"author":[{"embeddable":true,"href":"https:\/\/jackpotlotteryonline.com\/fr\/wp-json\/wp\/v2\/users\/1"}],"replies":[{"embeddable":true,"href":"https:\/\/jackpotlotteryonline.com\/fr\/wp-json\/wp\/v2\/comments?post=39587"}],"version-history":[{"count":0,"href":"https:\/\/jackpotlotteryonline.com\/fr\/wp-json\/wp\/v2\/pages\/39587\/revisions"}],"up":[{"embeddable":true,"href":"https:\/\/jackpotlotteryonline.com\/fr\/wp-json\/wp\/v2\/pages\/35690"}],"wp:attachment":[{"href":"https:\/\/jackpotlotteryonline.com\/fr\/wp-json\/wp\/v2\/media?parent=39587"}],"curies":[{"name":"wp","href":"https:\/\/api.w.org\/{rel}","templated":true}]}}