{"id":39642,"date":"2022-11-28T11:49:05","date_gmt":"2022-11-28T11:49:05","guid":{"rendered":"https:\/\/jackpotlotteryonline.com\/?page_id=39642"},"modified":"2022-12-31T12:56:05","modified_gmt":"2022-12-31T12:56:05","slug":"saturday-lotto-2","status":"publish","type":"page","link":"https:\/\/jackpotlotteryonline.com\/fr\/comment-jouer\/saturday-lotto-2\/","title":{"rendered":"Jouer \u00e0 Set For Life en ligne"},"content":{"rendered":"<p>De plus en plus de parieurs \u00e0 travers le monde commencent \u00e0 r\u00e9aliser la beaut\u00e9 d&#8217;\u00eatre fix\u00e9 pour le reste de leur vie. Et c&#8217;est ce que la loterie britannique Set for Life offre aux joueurs : la chance de gagner 10 000 \u00a3 chaque mois pendant 30 ans. On l&#8217;appelle une loterie \u00e0 rente car le gagnant ne re\u00e7oit pas de somme forfaitaire. \u00c0 premi\u00e8re vue, cela peut ne pas sembler aussi attrayant que de gagner des milliards d&#8217;euros. Cependant, certains joueurs ne sont pas tout \u00e0 fait \u00e0 l&#8217;aise avec la manipulation d&#8217;autant d&#8217;argent en une seule fois. D&#8217;ailleurs, nous avons lu des articles sur des gagnants de loterie qui se sont retrouv\u00e9s ruin\u00e9s au bout de quelques ann\u00e9es. Avec cette loterie britannique, il n&#8217;y a aucune chance que cela se produise car le gagnant re\u00e7oit 10 000 \u00a3 sans faute chaque mois.<\/p>\n<p>Si vous vous demandez comment jouer \u00e0 cette rente britannique en dehors du Royaume-Uni, vous avez de la chance. Nous allons vous expliquer comment jouer \u00e0 la loterie et vous donner des conseils pour jouer en dehors du Royaume-Uni.<\/p>\n<h2>Peut-on jouer \u00e0 Set For Life en dehors du Royaume-Uni ?<\/h2>\n<p><img loading=\"lazy\" decoding=\"async\" class=\"alignright size-medium wp-image-27941\" src=\"https:\/\/jackpotlotteryonline.com\/wp-content\/uploads\/2022\/11\/1_lottery_winner_ticket-200x300.jpg\" alt=\"Gagnez gros avec Set for life\" width=\"200\" height=\"300\" srcset=\"https:\/\/jackpotlotteryonline.com\/wp-content\/uploads\/2022\/11\/1_lottery_winner_ticket-200x300.jpg 200w, https:\/\/jackpotlotteryonline.com\/wp-content\/uploads\/2022\/11\/1_lottery_winner_ticket.jpg 320w\" sizes=\"auto, (max-width: 200px) 100vw, 200px\" \/><\/p>\n<p>Set For Life est peut-\u00eatre une loterie essentiellement britannique, mais le d\u00e9sir de gagner gros chaque mois est partag\u00e9 par les parieurs du monde entier. Soyons honn\u00eates, qui n&#8217;aimerait pas l&#8217;id\u00e9e de gagner 10 000 \u00a3 chaque mois pendant 30 ans ? En g\u00e9n\u00e9ral, Set For Life est jou\u00e9 uniquement au Royaume-Uni, car c&#8217;est l\u00e0 que les billets sont vendus. Cependant, les joueurs peuvent d\u00e9sormais acheter des billets de n&#8217;importe o\u00f9.<\/p>\n<p>L&#8217;Internet a rendu beaucoup de choses possibles, notamment l&#8217;acc\u00e8s \u00e0 l&#8217;information. D\u00e9sormais, les parieurs du monde entier peuvent acheter des billets pour les grandes loteries internationales, dont Set For Life. Ainsi, si vous \u00eates un joueur hors du Royaume-Uni, vous pouvez facilement <a href=\"https:\/\/jackpotlotteryonline.com\/fr\/acheter-tickets\/set-for-life\">acheter des billets pour la loterie de rente britannique<\/a> en vous rendant sur jackpotlotteryonline.com.<\/p>\n<p>Si vous aimez l&#8217;id\u00e9e d&#8217;\u00eatre fix\u00e9 pour le reste de votre vie, alors d\u00e9p\u00eachez-vous et achetez un ticket avant le prochain tirage.<\/p>\n<h2>Comment jouer<\/h2>\n<p>Pour jouer \u00e0 la loterie britannique, les joueurs doivent choisir 5 num\u00e9ros dans une gamme de 1 \u00e0 47 et 1 num\u00e9ro Life Ball de 1 \u00e0 10. Ensuite, <a href=\"https:\/\/jackpotlotteryonline.com\/fr\/numeros-gagnants\/set-for-life\">vous choisissez les jours de tirage<\/a> auxquels vous voulez participer et le nombre de semaines que vous voulez jouer.<\/p>\n<p>Lorsque vous utilisez notre site, vous pouvez utiliser notre g\u00e9n\u00e9rateur de num\u00e9ros pour s\u00e9lectionner vos num\u00e9ros de fa\u00e7on al\u00e9atoire. Vous pouvez \u00e9galement faire en sorte d&#8217;\u00eatre inscrit automatiquement \u00e0 chaque tirage plusieurs semaines \u00e0 l&#8217;avance. Ainsi, vous n&#8217;avez pas \u00e0 craindre de manquer un tirage. De plus, nous publions les r\u00e9sultats bruts ici m\u00eame sur notre site.<\/p>\n<p>Les tirages de Set For Life ont lieu chaque lundi et jeudi soir. En jouant \u00e0 la loterie avec nous, vous n&#8217;aurez pas \u00e0 manquer un tirage parce que vous n&#8217;avez pas achet\u00e9 votre billet avant la fermeture.<\/p>\n<h2>Conseils pour jouer en ligne<\/h2>\n<p>Avant d&#8217;acheter votre billet de loterie sur Internet, il est important de savoir certaines choses. Voici quelques conseils qui vous aideront \u00e0 avoir une exp\u00e9rience de jeu plus agr\u00e9able.<\/p>\n<p>Utilisez toujours un site de conciergerie pour acheter vos billets de loterie.<\/p>\n<p>Assurez-vous que vous pouvez retirer vos gains sans probl\u00e8me sur le site.<\/p>\n<p>Achetez plusieurs billets et participez \u00e0 plusieurs tirages pour augmenter vos chances de gagner.<\/p>\n<p>Utilisez un site qui vous pr\u00e9vient (par e-mail) lorsque vous avez gagn\u00e9 un prix.<\/p>\n<h2>Cat\u00e9gories de prix de Set For Life<\/h2>\n<div id=\"attachment_27779\" style=\"width: 222px\" class=\"wp-caption alignright\"><img loading=\"lazy\" decoding=\"async\" aria-describedby=\"caption-attachment-27779\" class=\"size-full wp-image-27779\" src=\"https:\/\/jackpotlotteryonline.com\/wp-content\/uploads\/2022\/11\/1_lottery_ticket.jpg\" alt=\"comment jouer \u00e0 Set for life\" width=\"212\" height=\"142\" \/><p id=\"caption-attachment-27779\" class=\"wp-caption-text\">Remplir un billet de loterie avec un crayon sur une table en bois, gros plan. Espace pour le texte<\/p><\/div>\n<p>Le premier prix de cette loterie britannique est une somme incroyable de 10 000 \u00a3 par mois pendant les 30 prochaines ann\u00e9es. C&#8217;est comme \u00eatre pay\u00e9 10 000 \u00a3 par mois pour avoir des vacances pendant 30 ans. Ce prix suscite l&#8217;enthousiasme de nombreux joueurs. Mais ce qui est encore plus excitant, c&#8217;est que cette loterie propose d&#8217;autres prix int\u00e9ressants. Voici les cat\u00e9gories de prix.<\/p>\n<p>Cat\u00e9gorie 1 : 5 num\u00e9ros identiques + la boule de vie &#8211; 10 000 \u00a3 chaque mois pendant 30 ans.<\/p>\n<p>Cat\u00e9gorie 2 : 5 bons num\u00e9ros seulement &#8211; 10 000 \u00a3 par mois pendant 1 an.<\/p>\n<p>Cat\u00e9gorie 3 : 4 num\u00e9ros + la boule de vie &#8211; 250 \u00a3.<\/p>\n<p>Cat\u00e9gorie 4 : Correspondance de 4 num\u00e9ros seulement &#8211; 50<\/p>\n<p>Cat\u00e9gorie 5 : 3 bons num\u00e9ros + la Life Ball &#8211; \u00a330<\/p>\n<p>Cat\u00e9gorie 6 : 3 num\u00e9ros seulement &#8211; 20<\/p>\n<p>Cat\u00e9gorie 7 : 2 num\u00e9ros + la boule de vie &#8211; \u00a310<\/p>\n<p>Cat\u00e9gorie 8 : 2 num\u00e9ros seulement &#8211; \u00a35<\/p>\n<section class=\"layout\" style=\"border: solid 1px; width: 100%;\">\n<div class=\"img-div\" style=\"margin-top: 5px;\"><img decoding=\"async\" class=\"wp-image-17212 alignleft\" style=\"height: 45px; margin: 8px 8px 0px;\" src=\"https:\/\/jackpotlotteryonline.com\/wp-content\/uploads\/2022\/11\/read1.jpg\" alt=\"lire\" width=\"\" height=\"\" \/><\/div>\n<div style=\"padding-left: 5px;\">\n<div style=\"font-size: 1.1em;\">\n<p><strong>Certains gagnants du loto ont redonn\u00e9 \u00e0 la communaut\u00e9<\/strong><\/p>\n<p style=\"font-size: 0.85em; margin-top: -1.5em;\">Quelques histoires int\u00e9ressantes et r\u00e9confortantes sur des gagnants de la loterie qui redonnent de l&#8217;argent<a href=\"https:\/\/jackpotlotteryonline.com\/fr\/histoires-de-gagnants-de-la-loterie-qui-donnent-en-retour\">\u00a0en savoir plus<\/a><\/p>\n<\/div>\n<\/div>\n<\/section>\n<h2>Jouez \u00e0 la loterie de la rente britannique ici aujourd&#8217;hui<\/h2>\n<p>Nous sommes un site de loterie de conciergerie qui permet aux joueurs du monde entier d&#8217;avoir acc\u00e8s aux meilleures loteries internationales. Lorsque vous achetez vos billets de loterie chez nous, vous profitez du plaisir de jouer \u00e0 la loterie sans les inconv\u00e9nients.<\/p>\n<p>Si vous gagnez un prix, vous pouvez facilement retirer vos gains ici m\u00eame sur notre site. Nous rendons les choses aussi simples que cela. Et si votre prix est sup\u00e9rieur \u00e0 un certain montant, nous vous aiderons \u00e0 remplir un formulaire de r\u00e9clamation pour que vous puissiez r\u00e9cup\u00e9rer votre gain.<\/p>\n<p>Tout ce que nous faisons vise \u00e0 offrir \u00e0 nos clients une exp\u00e9rience de loterie sans faille. Alors allez-y et participez \u00e0 la loterie britannique Set for Life d\u00e8s aujourd&#8217;hui.<\/p>\n","protected":false},"excerpt":{"rendered":"<p>De plus en plus de parieurs \u00e0 travers le monde commencent \u00e0 r\u00e9aliser la beaut\u00e9 d&#8217;\u00eatre fix\u00e9 pour le reste de leur vie. Et c&#8217;est ce que la loterie britannique Set for Life offre aux joueurs : la chance de gagner 10 000 \u00a3 chaque mois pendant 30 ans. On l&#8217;appelle une loterie \u00e0 rente [&hellip;]<\/p>\n","protected":false},"author":1,"featured_media":0,"parent":35690,"menu_order":11,"comment_status":"closed","ping_status":"closed","template":"set-for-life.php","meta":{"_et_pb_use_builder":"","_et_pb_old_content":"","_et_gb_content_width":"","exclude_from_search":false,"footnotes":""},"class_list":["post-39642","page","type-page","status-publish","hentry"],"yoast_head":"<!-- This site is optimized with the Yoast SEO plugin v23.3 - https:\/\/yoast.com\/wordpress\/plugins\/seo\/ -->\n<title>Jouez \u00e0 Set for Life depuis l&#039;ext\u00e9rieur du Royaume-Uni<\/title>\n<meta name=\"description\" content=\"Jouez en ligne \u00e0 la loterie des rentes du Royaume-Uni et gagnez la chance d&#039;\u00eatre fix\u00e9 pour le reste de votre vie.\" \/>\n<meta name=\"robots\" content=\"index, follow, max-snippet:-1, max-image-preview:large, max-video-preview:-1\" \/>\n<link rel=\"canonical\" href=\"https:\/\/jackpotlotteryonline.com\/fr\/comment-jouer\/saturday-lotto-2\/\" \/>\n<meta property=\"og:locale\" content=\"fr_FR\" \/>\n<meta property=\"og:type\" content=\"article\" \/>\n<meta property=\"og:title\" content=\"Jouez \u00e0 Set for Life depuis l&#039;ext\u00e9rieur du Royaume-Uni\" \/>\n<meta property=\"og:description\" content=\"Jouez en ligne \u00e0 la loterie des rentes du Royaume-Uni et gagnez la chance d&#039;\u00eatre fix\u00e9 pour le reste de votre vie.\" \/>\n<meta property=\"og:url\" content=\"https:\/\/jackpotlotteryonline.com\/fr\/comment-jouer\/saturday-lotto-2\/\" \/>\n<meta property=\"og:site_name\" content=\"Lotto Online - Crack The International Lottery Jackpots\" \/>\n<meta property=\"article:modified_time\" content=\"2022-12-31T12:56:05+00:00\" \/>\n<meta property=\"og:image\" content=\"https:\/\/jackpotlotteryonline.com\/wp-content\/uploads\/2022\/11\/1_lottery_winner_ticket-200x300.jpg\" \/>\n<meta name=\"twitter:card\" content=\"summary_large_image\" \/>\n<meta name=\"twitter:label1\" content=\"Dur\u00e9e de lecture estim\u00e9e\" \/>\n\t<meta name=\"twitter:data1\" content=\"5 minutes\" \/>\n<!-- \/ Yoast SEO plugin. -->","yoast_head_json":{"title":"Jouez \u00e0 Set for Life depuis l'ext\u00e9rieur du Royaume-Uni","description":"Jouez en ligne \u00e0 la loterie des rentes du Royaume-Uni et gagnez la chance d'\u00eatre fix\u00e9 pour le reste de votre vie.","robots":{"index":"index","follow":"follow","max-snippet":"max-snippet:-1","max-image-preview":"max-image-preview:large","max-video-preview":"max-video-preview:-1"},"canonical":"https:\/\/jackpotlotteryonline.com\/fr\/comment-jouer\/saturday-lotto-2\/","og_locale":"fr_FR","og_type":"article","og_title":"Jouez \u00e0 Set for Life depuis l'ext\u00e9rieur du Royaume-Uni","og_description":"Jouez en ligne \u00e0 la loterie des rentes du Royaume-Uni et gagnez la chance d'\u00eatre fix\u00e9 pour le reste de votre vie.","og_url":"https:\/\/jackpotlotteryonline.com\/fr\/comment-jouer\/saturday-lotto-2\/","og_site_name":"Lotto Online - Crack The International Lottery Jackpots","article_modified_time":"2022-12-31T12:56:05+00:00","og_image":[{"url":"https:\/\/jackpotlotteryonline.com\/wp-content\/uploads\/2022\/11\/1_lottery_winner_ticket-200x300.jpg"}],"twitter_card":"summary_large_image","twitter_misc":{"Dur\u00e9e de lecture estim\u00e9e":"5 minutes"},"schema":{"@context":"https:\/\/schema.org","@graph":[{"@type":"WebPage","@id":"https:\/\/jackpotlotteryonline.com\/fr\/comment-jouer\/saturday-lotto-2\/","url":"https:\/\/jackpotlotteryonline.com\/fr\/comment-jouer\/saturday-lotto-2\/","name":"Jouez \u00e0 Set for Life depuis l'ext\u00e9rieur du Royaume-Uni","isPartOf":{"@id":"https:\/\/jackpotlotteryonline.com\/#website"},"primaryImageOfPage":{"@id":"https:\/\/jackpotlotteryonline.com\/fr\/comment-jouer\/saturday-lotto-2\/#primaryimage"},"image":{"@id":"https:\/\/jackpotlotteryonline.com\/fr\/comment-jouer\/saturday-lotto-2\/#primaryimage"},"thumbnailUrl":"https:\/\/jackpotlotteryonline.com\/wp-content\/uploads\/2022\/11\/1_lottery_winner_ticket-200x300.jpg","datePublished":"2022-11-28T11:49:05+00:00","dateModified":"2022-12-31T12:56:05+00:00","description":"Jouez en ligne \u00e0 la loterie des rentes du Royaume-Uni et gagnez la chance d'\u00eatre fix\u00e9 pour le reste de votre vie.","breadcrumb":{"@id":"https:\/\/jackpotlotteryonline.com\/fr\/comment-jouer\/saturday-lotto-2\/#breadcrumb"},"inLanguage":"fr-FR","potentialAction":[{"@type":"ReadAction","target":["https:\/\/jackpotlotteryonline.com\/fr\/comment-jouer\/saturday-lotto-2\/"]}]},{"@type":"ImageObject","inLanguage":"fr-FR","@id":"https:\/\/jackpotlotteryonline.com\/fr\/comment-jouer\/saturday-lotto-2\/#primaryimage","url":"https:\/\/jackpotlotteryonline.com\/wp-content\/uploads\/2022\/11\/1_lottery_winner_ticket-200x300.jpg","contentUrl":"https:\/\/jackpotlotteryonline.com\/wp-content\/uploads\/2022\/11\/1_lottery_winner_ticket-200x300.jpg"},{"@type":"BreadcrumbList","@id":"https:\/\/jackpotlotteryonline.com\/fr\/comment-jouer\/saturday-lotto-2\/#breadcrumb","itemListElement":[{"@type":"ListItem","position":1,"name":"Home","item":"https:\/\/jackpotlotteryonline.com\/fr\/"},{"@type":"ListItem","position":2,"name":"Comment jouer","item":"https:\/\/jackpotlotteryonline.com\/fr\/comment-jouer\/"},{"@type":"ListItem","position":3,"name":"Jouer \u00e0 Set For Life en ligne"}]},{"@type":"WebSite","@id":"https:\/\/jackpotlotteryonline.com\/#website","url":"https:\/\/jackpotlotteryonline.com\/","name":"Lotto Online - Crack The International Lottery Jackpots","description":"","potentialAction":[{"@type":"SearchAction","target":{"@type":"EntryPoint","urlTemplate":"https:\/\/jackpotlotteryonline.com\/?s={search_term_string}"},"query-input":"required name=search_term_string"}],"inLanguage":"fr-FR"}]}},"_links":{"self":[{"href":"https:\/\/jackpotlotteryonline.com\/fr\/wp-json\/wp\/v2\/pages\/39642","targetHints":{"allow":["GET"]}}],"collection":[{"href":"https:\/\/jackpotlotteryonline.com\/fr\/wp-json\/wp\/v2\/pages"}],"about":[{"href":"https:\/\/jackpotlotteryonline.com\/fr\/wp-json\/wp\/v2\/types\/page"}],"author":[{"embeddable":true,"href":"https:\/\/jackpotlotteryonline.com\/fr\/wp-json\/wp\/v2\/users\/1"}],"replies":[{"embeddable":true,"href":"https:\/\/jackpotlotteryonline.com\/fr\/wp-json\/wp\/v2\/comments?post=39642"}],"version-history":[{"count":0,"href":"https:\/\/jackpotlotteryonline.com\/fr\/wp-json\/wp\/v2\/pages\/39642\/revisions"}],"up":[{"embeddable":true,"href":"https:\/\/jackpotlotteryonline.com\/fr\/wp-json\/wp\/v2\/pages\/35690"}],"wp:attachment":[{"href":"https:\/\/jackpotlotteryonline.com\/fr\/wp-json\/wp\/v2\/media?parent=39642"}],"curies":[{"name":"wp","href":"https:\/\/api.w.org\/{rel}","templated":true}]}}