{"id":39700,"date":"2022-11-29T07:30:40","date_gmt":"2022-11-29T07:30:40","guid":{"rendered":"https:\/\/jackpotlotteryonline.com\/?page_id=39700"},"modified":"2023-01-03T10:18:38","modified_gmt":"2023-01-03T10:18:38","slug":"new-york-lottery-2","status":"publish","type":"page","link":"https:\/\/jackpotlotteryonline.com\/fr\/comment-jouer\/new-york-lottery-2\/","title":{"rendered":"Jouer au loto de New York en ligne"},"content":{"rendered":"<p>L&#8217;histoire du loto de New York est impr\u00e9gn\u00e9e de bonnes actions et de positivit\u00e9 g\u00e9n\u00e9rale. En tant que loterie cr\u00e9\u00e9e pour aider \u00e0 l&#8217;\u00e9ducation dans l&#8217;\u00e9tat, c&#8217;est une bonne option pour les parieurs qui aiment un peu d&#8217;altruisme avec leur plaisir. En gros, si vous voulez une loterie qui vous donne l&#8217;impression de contribuer \u00e0 quelque chose de bien pour le monde, alors vous devriez consid\u00e9rer le loto de New York.<\/p>\n<p>La question que se posent la plupart des joueurs est de savoir comment participer \u00e0 cette loterie depuis une autre partie du monde. Comme vous l&#8217;avez probablement devin\u00e9 d&#8217;apr\u00e8s son nom, le loto de New York est la loterie de l&#8217;\u00c9tat de New York, aux \u00c9tats-Unis. Elle est donc ouverte aux amateurs de loto qui vivent dans cet \u00c9tat et les billets de loterie sont facilement accessibles aupr\u00e8s des vendeurs de l&#8217;\u00c9tat. Si vous habitez en dehors de l&#8217;\u00e9tat &#8211; ou m\u00eame sur un autre continent &#8211; c&#8217;est une toute autre histoire.<\/p>\n<p>Mais n&#8217;ayez crainte, nous allons vous montrer la meilleure fa\u00e7on d&#8217;acheter des billets de loterie de n&#8217;importe o\u00f9 dans le monde. Si vous \u00eates press\u00e9 de participer au prochain tirage, pourquoi ne pas vous rendre sur jackpotlotteryonline.com pour commencer ?<\/p>\n<h2>Conseils pour jouer au loto de New York<\/h2>\n<p>Venons-en maintenant \u00e0 la raison pour laquelle nous sommes ici : comment jouer au loto de New York, o\u00f9 que vous soyez. Avant d&#8217;entrer dans les d\u00e9tails, il est probablement bon de partager quelques conseils pour jouer au loto. Bien que nous parlions ici d&#8217;un loto sp\u00e9cifique, ces conseils s&#8217;appliquent \u00e9galement aux autres grandes loteries internationales, auxquelles vous pouvez d&#8217;ailleurs participer ici.<\/p>\n<p><strong>Cela dit, voici nos conseils pour jouer au loto de New York :<\/strong><\/p>\n<ul>\n<li>Choisissez vos num\u00e9ros avec soin. Il est vrai qu&#8217;il n&#8217;y a pas de v\u00e9ritable moyen de pr\u00e9dire quels num\u00e9ros gagneront au loto, mais il est bon de choisir des num\u00e9ros qui ont une signification pour vous.<\/li>\n<li>Faites attention au num\u00e9ro bonus. C&#8217;est une chose que beaucoup de joueurs ne comprennent pas vraiment : le fait que le jackpot n&#8217;est pas la seule chose que vous pouvez gagner. Le num\u00e9ro bonus d\u00e9termine le deuxi\u00e8me prix, qui est aussi une bonne somme \u00e0 remporter.<\/li>\n<li>Ne manquez pas les tirages. Si vous \u00eates l\u00e0 pour gagner, vous devez vous concentrer sur la participation aux tirages. Le loto de New York propose deux tirages par semaine, le mercredi et le samedi. Faites l&#8217;effort de participer aux deux tirages. Vous pouvez \u00e9galement participer aux tirages plusieurs semaines \u00e0 l&#8217;avance (nous vous montrerons comment faire, plus tard).<\/li>\n<\/ul>\n<h2>Hors ligne ou en ligne<\/h2>\n<p><img loading=\"lazy\" decoding=\"async\" class=\"alignright size-full wp-image-31505\" src=\"https:\/\/jackpotlotteryonline.com\/wp-content\/uploads\/2022\/11\/lotto2-300x84-1.png\" alt=\"jouer au loto de New York en ligne\" width=\"300\" height=\"84\" \/><\/p>\n<p>Quelle est la diff\u00e9rence entre jouer \u00e0 la loterie en ligne et hors ligne et y a-t-il des avantages ? Oui, nous entendons souvent ces questions et elles sont valables. Si vous vivez \u00e0 New York, par exemple, il est naturel de se demander s&#8217;il y a un avantage \u00e0 participer \u00e0 la loterie en ligne. Eh bien, nous pouvons vous en donner un : la commodit\u00e9.<\/p>\n<p>Essayer de trouver quel vendeur vend quel billet de loterie peut \u00eatre stressant, surtout lorsque vous n&#8217;avez que quelques minutes \u00e0 perdre avant la fermeture de la vente des billets. De plus, il se peut que vous souhaitiez participer \u00e0 plusieurs loteries et cela devient compliqu\u00e9 si vous devez vous d\u00e9placer d&#8217;un vendeur \u00e0 l&#8217;autre.<\/p>\n<p>Jouer \u00e0 la loterie en ligne offre aux parieurs un confort qui n&#8217;\u00e9tait m\u00eame pas imaginable auparavant. Depuis le confort de votre ordinateur ou de votre appareil mobile, vous pouvez acheter des billets de loterie, v\u00e9rifier les r\u00e9sultats des tirages et encaisser vos gains. Une fois que vous aurez essay\u00e9 de jouer \u00e0 la loterie en ligne, vous ne pourrez plus revenir en arri\u00e8re, nous pouvons vous le garantir.<\/p>\n<h2>Comment jouer en ligne<\/h2>\n<p>Que vous soyez un parieur exp\u00e9riment\u00e9 ou un d\u00e9butant, jouer \u00e0 la loterie en ligne est rapide, simple et totalement direct. Si vous jouez au loto de New York, voici les \u00e9tapes \u00e0 suivre :<\/p>\n<ul>\n<li>Cliquez sur la loterie \u00e0 laquelle vous voulez jouer.<\/li>\n<li>Choisissez 6 num\u00e9ros dans une fourchette de 1 \u00e0 59. Il existe un 7\u00e8me num\u00e9ro, mais il est tir\u00e9 au sort par la soci\u00e9t\u00e9 de loterie et ne fait pas partie de votre ticket.<\/li>\n<li><a href=\"https:\/\/jackpotlotteryonline.com\/fr\/numeros-gagnants\/new-york-lottery\">Participez aux tirages<\/a> qui ont lieu les mercredis et samedis de chaque semaine. Vous pouvez participer \u00e0 un seul tirage ou aux deux.<\/li>\n<li>Finalisez votre paiement. La plupart des sites de loterie vous demanderont de vous inscrire afin de pouvoir effectuer votre paiement. Cela vous permettra d&#8217;acc\u00e9der facilement \u00e0 votre billet apr\u00e8s l&#8217;avoir achet\u00e9.<\/li>\n<\/ul>\n<p>Jouer \u00e0 la loterie en ligne est vraiment tr\u00e8s simple. \u00c9tant donn\u00e9 qu&#8217;il n&#8217;existe aucun autre moyen d&#8217;obtenir des billets pour le loto de New York en dehors de l&#8217;\u00c9tat de New York aux \u00c9tats-Unis, c&#8217;est \u00e9galement une m\u00e9thode fantastique lorsque vous vivez dans une autre partie du monde.<\/p>\n<section class=\"layout\" style=\"border: solid 1px; width: 100%;\">\n<div class=\"img-div\" style=\"margin-top: 5px;\"><img decoding=\"async\" class=\"wp-image-17212 alignleft\" style=\"height: 45px; margin: 8px 8px 0px;\" src=\"https:\/\/jackpotlotteryonline.com\/wp-content\/uploads\/2022\/11\/read1.jpg\" alt=\"Lire \" width=\"\" height=\"\" \/><\/div>\n<div style=\"padding-left: 5px;\">\n<div style=\"font-size: 1.1em;\">\n<p><strong>Comment suis-je pay\u00e9 si je gagne \u00e0 la loterie en ligne ?<\/strong><\/p>\n<p style=\"font-size: 0.85em; margin-top: -1.5em;\">Voici comment r\u00e9cup\u00e9rer votre argent si vous gagnez \u00e0 la loterie en ligne<a href=\"https:\/\/jackpotlotteryonline.com\/fr\/comment-suis-je-paye-si-je-gagne-a-la-loterie-en-ligne\">\u00a0en savoir plus<\/a><\/p>\n<\/div>\n<\/div>\n<\/section>\n<h2>Comment choisir les num\u00e9ros gagnants<\/h2>\n<p>Le choix des num\u00e9ros gagnants est un sujet complexe, m\u00eame si, en y regardant de plus pr\u00e8s, il ne devrait pas l&#8217;\u00eatre. Elle est compliqu\u00e9e \u00e0 l&#8217;exc\u00e8s par ceux qui veulent vous donner de pr\u00e9tendues formules math\u00e9matiques pour gagner \u00e0 la loterie. S\u00e9rieusement, ne faites pas confiance \u00e0 une m\u00e9thode dite scientifique.<\/p>\n<p>La loterie est un jeu de hasard et le loto de New York ne fait pas exception. Les num\u00e9ros sont g\u00e9n\u00e9r\u00e9s de mani\u00e8re al\u00e9atoire et la chance a beaucoup \u00e0 voir avec les gagnants de la loterie.<\/p>\n<p>En gardant cela \u00e0 l&#8217;esprit, c&#8217;est toujours une bonne id\u00e9e de capitaliser un peu sur le facteur chance en choisissant vos num\u00e9ros chanceux. Ainsi, vous pouvez choisir des anniversaires, des num\u00e9ros qui vous ont port\u00e9 chance toute votre vie, etc. Ou bien, vous pouvez simplement utiliser l&#8217;outil g\u00e9n\u00e9rateur automatique de notre site pour choisir des num\u00e9ros au hasard. En fin de compte, tout est question de chance.<\/p>\n<h2>O\u00f9 acheter des billets pour le loto de New York ?<\/h2>\n<p><img loading=\"lazy\" decoding=\"async\" class=\"alignright size-medium wp-image-28913\" src=\"https:\/\/jackpotlotteryonline.com\/wp-content\/uploads\/2022\/11\/1_pick_lottery_numbers-300x200.jpg\" alt=\"acheter des tickets de loto de New York\" width=\"300\" height=\"200\" srcset=\"https:\/\/jackpotlotteryonline.com\/wp-content\/uploads\/2022\/11\/1_pick_lottery_numbers-300x200.jpg 300w, https:\/\/jackpotlotteryonline.com\/wp-content\/uploads\/2022\/11\/1_pick_lottery_numbers.jpg 320w\" sizes=\"auto, (max-width: 300px) 100vw, 300px\" \/><\/p>\n<p>Si vous \u00eates pr\u00eat \u00e0 participer au loto de New York, la prochaine \u00e9tape consiste \u00e0<a href=\"https:\/\/jackpotlotteryonline.com\/fr\/acheter-tickets\/new-york-lottery\"> acheter vos tickets<\/a>. Vous pouvez le faire en ligne sur un site de vente de billets de loterie comme jackpotlotteryonline.com. Il est important de se m\u00e9fier des sites de loterie qui ne vous disent pas exactement comment ils obtiendront vos tickets. Ces sites peuvent vous permettre de parier uniquement sur le r\u00e9sultat de la loterie sans y participer r\u00e9ellement.<\/p>\n<p>Lorsque vous achetez vos billets de loterie chez nous, nos agents \u00e0 New York ach\u00e8tent des billets avec les num\u00e9ros correspondants. C&#8217;est presque comme avoir votre agent de loterie personnel dans diff\u00e9rentes parties du monde.<\/p>\n<h2>Paliers de prix pour le loto de New York<\/h2>\n<p>Le loto de New York comporte plusieurs niveaux de prix. Bien que la plupart des parieurs visent le jackpot, et vous devriez \u00e9galement le faire, il est \u00e9vident que tout le monde ne peut pas gagner le jackpot. N\u00e9anmoins, il existe plusieurs autres cat\u00e9gories de prix que les parieurs peuvent gagner.<\/p>\n<p>Ainsi, le prix du jackpot commence \u00e0 2 millions de dollars, mais ne vous laissez pas tromper par ce montant. Lorsqu&#8217;il n&#8217;y a pas de gagnant \u00e0 l&#8217;issue d&#8217;un tirage, le prix est report\u00e9 et ne cesse de cro\u00eetre. Le plus gros jackpot de cette loterie a atteint la somme incroyable de 176 millions de dollars. Oui, cela change totalement la vie.<\/p>\n<p>Niveau 1 (jackpot) : trouver les 6 num\u00e9ros tir\u00e9s.<\/p>\n<p>Niveau 2 &#8211; 5 num\u00e9ros + num\u00e9ro bonus<\/p>\n<p>Niveau 3 &#8211; 5 num\u00e9ros identiques<\/p>\n<p>Niveau 4 &#8211; 4 num\u00e9ros identiques<\/p>\n<p>Niveau 5 &#8211; 3 num\u00e9ros<\/p>\n<h2>Gagner et encaisser<\/h2>\n<p>Pour gagner au loto de New York, il faut avoir un ticket qui correspond aux num\u00e9ros tir\u00e9s. La personne qui correspond aux num\u00e9ros tir\u00e9s gagne la loterie. Pour savoir si vous avez gagn\u00e9 \u00e0 la loterie, vous devez v\u00e9rifier les r\u00e9sultats du tirage. Si vous \u00eates inscrit chez nous, nous vous enverrons un e-mail si vous gagnez un prix.<\/p>\n<p>Si vous achetez vos tickets de loto chez nous, vous pouvez facilement retirer vos gains de notre plateforme vers votre compte. Si vous gagnez 2500 euros ou moins, vous pouvez retirer votre argent d&#8217;un simple clic. Si c&#8217;est plus que cela, nous vous enverrons un formulaire de r\u00e9clamation \u00e0 remplir et nous vous aiderons ensuite \u00e0 traiter votre gain.<\/p>\n<p>Recherchez des tickets pour le loto de New York d\u00e8s maintenant sur jackpotlotteryonline.com.<\/p>\n","protected":false},"excerpt":{"rendered":"<p>L&#8217;histoire du loto de New York est impr\u00e9gn\u00e9e de bonnes actions et de positivit\u00e9 g\u00e9n\u00e9rale. En tant que loterie cr\u00e9\u00e9e pour aider \u00e0 l&#8217;\u00e9ducation dans l&#8217;\u00e9tat, c&#8217;est une bonne option pour les parieurs qui aiment un peu d&#8217;altruisme avec leur plaisir. En gros, si vous voulez une loterie qui vous donne l&#8217;impression de contribuer \u00e0 [&hellip;]<\/p>\n","protected":false},"author":1,"featured_media":0,"parent":35690,"menu_order":14,"comment_status":"closed","ping_status":"closed","template":"newyork.php","meta":{"_et_pb_use_builder":"","_et_pb_old_content":"","_et_gb_content_width":"","exclude_from_search":false,"footnotes":""},"class_list":["post-39700","page","type-page","status-publish","hentry"],"yoast_head":"<!-- This site is optimized with the Yoast SEO plugin v23.3 - https:\/\/yoast.com\/wordpress\/plugins\/seo\/ -->\n<title>Comment jouer au loto de New York de n&#039;importe o\u00f9.<\/title>\n<meta name=\"description\" content=\"O\u00f9 que vous soyez, vous pouvez participer au loto de New York en ligne. D\u00e9couvrez ici comment jouer et gagner.\" \/>\n<meta name=\"robots\" content=\"index, follow, max-snippet:-1, max-image-preview:large, max-video-preview:-1\" \/>\n<link rel=\"canonical\" href=\"https:\/\/jackpotlotteryonline.com\/fr\/comment-jouer\/new-york-lottery-2\/\" \/>\n<meta property=\"og:locale\" content=\"fr_FR\" \/>\n<meta property=\"og:type\" content=\"article\" \/>\n<meta property=\"og:title\" content=\"Comment jouer au loto de New York de n&#039;importe o\u00f9.\" \/>\n<meta property=\"og:description\" content=\"O\u00f9 que vous soyez, vous pouvez participer au loto de New York en ligne. D\u00e9couvrez ici comment jouer et gagner.\" \/>\n<meta property=\"og:url\" content=\"https:\/\/jackpotlotteryonline.com\/fr\/comment-jouer\/new-york-lottery-2\/\" \/>\n<meta property=\"og:site_name\" content=\"Lotto Online - Crack The International Lottery Jackpots\" \/>\n<meta property=\"article:modified_time\" content=\"2023-01-03T10:18:38+00:00\" \/>\n<meta property=\"og:image\" content=\"https:\/\/jackpotlotteryonline.com\/wp-content\/uploads\/2022\/11\/lotto2-300x84-1.png\" \/>\n<meta name=\"twitter:card\" content=\"summary_large_image\" \/>\n<meta name=\"twitter:label1\" content=\"Dur\u00e9e de lecture estim\u00e9e\" \/>\n\t<meta name=\"twitter:data1\" content=\"7 minutes\" \/>\n<!-- \/ Yoast SEO plugin. -->","yoast_head_json":{"title":"Comment jouer au loto de New York de n'importe o\u00f9.","description":"O\u00f9 que vous soyez, vous pouvez participer au loto de New York en ligne. D\u00e9couvrez ici comment jouer et gagner.","robots":{"index":"index","follow":"follow","max-snippet":"max-snippet:-1","max-image-preview":"max-image-preview:large","max-video-preview":"max-video-preview:-1"},"canonical":"https:\/\/jackpotlotteryonline.com\/fr\/comment-jouer\/new-york-lottery-2\/","og_locale":"fr_FR","og_type":"article","og_title":"Comment jouer au loto de New York de n'importe o\u00f9.","og_description":"O\u00f9 que vous soyez, vous pouvez participer au loto de New York en ligne. D\u00e9couvrez ici comment jouer et gagner.","og_url":"https:\/\/jackpotlotteryonline.com\/fr\/comment-jouer\/new-york-lottery-2\/","og_site_name":"Lotto Online - Crack The International Lottery Jackpots","article_modified_time":"2023-01-03T10:18:38+00:00","og_image":[{"url":"https:\/\/jackpotlotteryonline.com\/wp-content\/uploads\/2022\/11\/lotto2-300x84-1.png"}],"twitter_card":"summary_large_image","twitter_misc":{"Dur\u00e9e de lecture estim\u00e9e":"7 minutes"},"schema":{"@context":"https:\/\/schema.org","@graph":[{"@type":"WebPage","@id":"https:\/\/jackpotlotteryonline.com\/fr\/comment-jouer\/new-york-lottery-2\/","url":"https:\/\/jackpotlotteryonline.com\/fr\/comment-jouer\/new-york-lottery-2\/","name":"Comment jouer au loto de New York de n'importe o\u00f9.","isPartOf":{"@id":"https:\/\/jackpotlotteryonline.com\/#website"},"primaryImageOfPage":{"@id":"https:\/\/jackpotlotteryonline.com\/fr\/comment-jouer\/new-york-lottery-2\/#primaryimage"},"image":{"@id":"https:\/\/jackpotlotteryonline.com\/fr\/comment-jouer\/new-york-lottery-2\/#primaryimage"},"thumbnailUrl":"https:\/\/jackpotlotteryonline.com\/wp-content\/uploads\/2022\/11\/lotto2-300x84-1.png","datePublished":"2022-11-29T07:30:40+00:00","dateModified":"2023-01-03T10:18:38+00:00","description":"O\u00f9 que vous soyez, vous pouvez participer au loto de New York en ligne. D\u00e9couvrez ici comment jouer et gagner.","breadcrumb":{"@id":"https:\/\/jackpotlotteryonline.com\/fr\/comment-jouer\/new-york-lottery-2\/#breadcrumb"},"inLanguage":"fr-FR","potentialAction":[{"@type":"ReadAction","target":["https:\/\/jackpotlotteryonline.com\/fr\/comment-jouer\/new-york-lottery-2\/"]}]},{"@type":"ImageObject","inLanguage":"fr-FR","@id":"https:\/\/jackpotlotteryonline.com\/fr\/comment-jouer\/new-york-lottery-2\/#primaryimage","url":"https:\/\/jackpotlotteryonline.com\/wp-content\/uploads\/2022\/11\/lotto2-300x84-1.png","contentUrl":"https:\/\/jackpotlotteryonline.com\/wp-content\/uploads\/2022\/11\/lotto2-300x84-1.png"},{"@type":"BreadcrumbList","@id":"https:\/\/jackpotlotteryonline.com\/fr\/comment-jouer\/new-york-lottery-2\/#breadcrumb","itemListElement":[{"@type":"ListItem","position":1,"name":"Home","item":"https:\/\/jackpotlotteryonline.com\/fr\/"},{"@type":"ListItem","position":2,"name":"Comment jouer","item":"https:\/\/jackpotlotteryonline.com\/fr\/comment-jouer\/"},{"@type":"ListItem","position":3,"name":"Jouer au loto de New York en ligne"}]},{"@type":"WebSite","@id":"https:\/\/jackpotlotteryonline.com\/#website","url":"https:\/\/jackpotlotteryonline.com\/","name":"Lotto Online - Crack The International Lottery Jackpots","description":"","potentialAction":[{"@type":"SearchAction","target":{"@type":"EntryPoint","urlTemplate":"https:\/\/jackpotlotteryonline.com\/?s={search_term_string}"},"query-input":"required name=search_term_string"}],"inLanguage":"fr-FR"}]}},"_links":{"self":[{"href":"https:\/\/jackpotlotteryonline.com\/fr\/wp-json\/wp\/v2\/pages\/39700","targetHints":{"allow":["GET"]}}],"collection":[{"href":"https:\/\/jackpotlotteryonline.com\/fr\/wp-json\/wp\/v2\/pages"}],"about":[{"href":"https:\/\/jackpotlotteryonline.com\/fr\/wp-json\/wp\/v2\/types\/page"}],"author":[{"embeddable":true,"href":"https:\/\/jackpotlotteryonline.com\/fr\/wp-json\/wp\/v2\/users\/1"}],"replies":[{"embeddable":true,"href":"https:\/\/jackpotlotteryonline.com\/fr\/wp-json\/wp\/v2\/comments?post=39700"}],"version-history":[{"count":0,"href":"https:\/\/jackpotlotteryonline.com\/fr\/wp-json\/wp\/v2\/pages\/39700\/revisions"}],"up":[{"embeddable":true,"href":"https:\/\/jackpotlotteryonline.com\/fr\/wp-json\/wp\/v2\/pages\/35690"}],"wp:attachment":[{"href":"https:\/\/jackpotlotteryonline.com\/fr\/wp-json\/wp\/v2\/media?parent=39700"}],"curies":[{"name":"wp","href":"https:\/\/api.w.org\/{rel}","templated":true}]}}