{"id":40304,"date":"2022-12-02T09:58:49","date_gmt":"2022-12-02T09:58:49","guid":{"rendered":"https:\/\/jackpotlotteryonline.com\/?page_id=40304"},"modified":"2022-12-19T14:53:46","modified_gmt":"2022-12-19T14:53:46","slug":"mega-millions","status":"publish","type":"page","link":"https:\/\/jackpotlotteryonline.com\/fr\/acheter-tickets\/mega-millions\/","title":{"rendered":"Billets Mega Millions"},"content":{"rendered":"<h2>Comment acheter un billet Mega Millions en ligne ?<\/h2>\n<p>Si vous lisez ceci, vous \u00eates probablement int\u00e9ress\u00e9 par l&#8217;achat d&#8217;un billet Mega Millions. Mega Millions est l&#8217;une des nombreuses loteries qui offrent de gros jackpots \u00e0 leurs gagnants. Vous vous demandez peut-\u00eatre maintenant : &#8220;Comment puis-je acheter un billet Mega Millions en ligne ?&#8221;.<\/p>\n<p>Eh bien, nous avons ce qu&#8217;il vous faut. Voici un guide qui vous aidera \u00e0 acheter un billet Mega Millions en ligne.<\/p>\n<h2>Pourquoi acheter des billets Mega Millions en ligne ?<\/h2>\n<p><img loading=\"lazy\" decoding=\"async\" class=\"alignright size-full wp-image-31073\" src=\"https:\/\/jackpotlotteryonline.com\/wp-content\/uploads\/2022\/11\/logo_Mega_Millions_233x110.png\" alt=\"acheter des billets Mega Millions en ligne\" width=\"232\" height=\"110\" \/>Mega Millions est une loterie am\u00e9ricaine dont les gros jackpots, qui changent la vie, atteignent souvent des centaines de millions de livres. Gagner ce jackpot pourrait changer votre vie du jour au lendemain, mais seulement si vous avez la chance de faire correspondre correctement tous les num\u00e9ros gagnants.<\/p>\n<p>Si vous envisagez de<a href=\"https:\/\/jackpotlotteryonline.com\/fr\/comment-jouer\/mega-millions\"> jouer \u00e0 cette loterie en ligne<\/a>, cela signifie que nous ach\u00e8terons les billets en votre nom par l&#8217;interm\u00e9diaire de nos agents d\u00e9taillants locaux. Nous sommes un prestataire de services de conciergerie de confiance qui fournit ces services \u00e0 nos clients dans le monde entier. Nous veillons \u00e0 ce que nos clients b\u00e9n\u00e9ficient du meilleur de nos services, alors pourquoi ne pas acheter avec nous ?<\/p>\n<p>Comme Mega Millions est une \u00e9norme cagnotte et que de nombreuses personnes y participent, les chances de gagner sont assez \u00e9lev\u00e9es, et la plupart des gens cherchent des m\u00e9thodes qu&#8217;ils peuvent utiliser pour am\u00e9liorer leurs chances de gagner \u00e0 cette cagnotte.<\/p>\n<p>Une fa\u00e7on d&#8217;am\u00e9liorer vos chances est d&#8217;acheter votre billet Mega Millions en ligne. Vous pouvez le faire sur notre site Web en commandant simplement un billet depuis n&#8217;importe o\u00f9 dans le monde, et un scan du billet Mega Millions sera disponible sur votre compte. Lorsque vous achetez votre billet Mega Millions en ligne, vous n&#8217;avez pas \u00e0 craindre de le perdre ou de vous le faire voler, car les d\u00e9tails de votre billet sont conserv\u00e9s en toute s\u00e9curit\u00e9.<\/p>\n<p>De plus, l&#8217;achat d&#8217;un billet Mega Millions en ligne est plus pratique que de se rendre dans un magasin physique, car vous pouvez passer votre commande dans le confort de votre maison, o\u00f9 que vous soyez dans le monde. Vous participerez \u00e0 cette loterie Mega Millions tout comme un r\u00e9sident am\u00e9ricain en attendant les tirages.<\/p>\n<h2>Le processus d&#8217;achat de billets Mega Millions en ligne<\/h2>\n<p>Avant d&#8217;acheter votre billet Mega Millions avec nous, sachez que nous servirons d&#8217;interm\u00e9diaire entre vous et la loterie, vous permettant de jouer et d&#8217;acheter des billets en ligne sans jamais avoir \u00e0 vous rendre dans un magasin physique de vente de billets de loterie.<\/p>\n<p>\u00cates-vous maintenant pr\u00eat \u00e0 acheter votre billet Mega Millions en ligne ? Si c&#8217;est le cas, voici quelques \u00e9tapes \u00e0 suivre pour r\u00e9ussir l&#8217;achat de votre billet.<\/p>\n<p><strong>1. Cr\u00e9ez un compte.<\/strong><br \/>\n<img loading=\"lazy\" decoding=\"async\" class=\"alignright size-full wp-image-34025\" src=\"https:\/\/jackpotlotteryonline.com\/wp-content\/uploads\/2022\/11\/2_ticket_mega_millions3-1.jpg\" alt=\"acheter des billets Mega Millions en ligne\" width=\"180\" height=\"193\" \/>Si vous \u00eates nouveau, vous serez dirig\u00e9 vers la page d&#8217;inscription, o\u00f9 vous devrez fournir les d\u00e9tails requis. Apr\u00e8s avoir cr\u00e9\u00e9 votre compte de joueur avec succ\u00e8s, rendez-vous sur la page de la loterie Mega Millions et faites ce qui suit :<\/p>\n<p>S\u00e9lectionnez les num\u00e9ros avec lesquels vous voulez jouer. Vous pouvez le faire manuellement ou utiliser notre g\u00e9n\u00e9rateur de num\u00e9ros al\u00e9atoires pour s\u00e9lectionner vos num\u00e9ros au hasard.<\/p>\n<p>S\u00e9lectionnez ensuite le nombre de tirages auxquels vous souhaitez participer. Vous pouvez choisir un seul tirage ou acheter des billets \u00e0 tirages multiples. En participant \u00e0 plusieurs tirages, vous augmentez vos chances de gagner le jackpot de Mega Millions.<\/p>\n<p><strong>2. Cliquez sur le bouton &#8220;Continuer&#8221; et rendez-vous sur la page de paiement.<\/strong><\/p>\n<p><strong>3. M\u00e9thodes de paiement<\/strong><\/p>\n<p>Allez sur la page de paiement et payez vos billets. Un scan de votre billet Mega Millions sera t\u00e9l\u00e9charg\u00e9 sur votre compte apr\u00e8s un certain temps.<\/p>\n<p><strong>4. Il ne vous reste plus qu&#8217;\u00e0 attendre les tirages au sort qui ont lieu tous les mardis et vendredis \u00e0 23 heures.<\/strong> Les fuseaux horaires peuvent diff\u00e9rer, il est donc conseill\u00e9 de confirmer le fuseau horaire lorsque vous attendez<a href=\"https:\/\/jackpotlotteryonline.com\/fr\/numeros-gagnants\/mega-millions\"> les tirages<\/a>.<\/p>\n<h2>Que se passe-t-il apr\u00e8s avoir gagn\u00e9 le jackpot de Mega Millions ?<\/h2>\n<p>Si vous avez obtenu tous les bons num\u00e9ros, vous vous demandez peut-\u00eatre ce qu&#8217;il faut faire ensuite ou comment vous allez recevoir votre prix. Vous recevrez tous vos gains, et vous n&#8217;aurez pas \u00e0 vous rendre aux \u00c9tats-Unis pour r\u00e9clamer votre r\u00e9compense Mega Millions. Sachez simplement que le scan de votre billet servira de preuve de participation, alors gardez-le pr\u00e9cieusement, vous en aurez besoin.<\/p>\n<section class=\"layout\" style=\"border: solid 1px; width: 100%;\">\n<div class=\"img-div\" style=\"margin-top: 5px;\"><img decoding=\"async\" class=\"wp-image-17212 alignleft\" style=\"height: 45px; margin: 8px 8px 0px;\" src=\"https:\/\/jackpotlotteryonline.com\/wp-content\/uploads\/2022\/11\/read1.jpg\" alt=\"r\u00e9compenser le vainqueur\" width=\"\" height=\"\" \/><\/div>\n<div style=\"padding-left: 5px;\">\n<div style=\"font-size: 1.1em;\">\n<p><strong>Comment suis-je pay\u00e9 si je gagne \u00e0 la loterie en ligne ?<\/strong><\/p>\n<p style=\"font-size: 0.85em; margin-top: -1.5em;\">Voici comment r\u00e9cup\u00e9rer votre argent si vous gagnez \u00e0 la loterie en ligne \u00a0<a href=\"https:\/\/jackpotlotteryonline.com\/fr\/comment-suis-je-paye-si-je-gagne-a-la-loterie-en-ligne\">en savoir plus<\/a><\/p>\n<\/div>\n<\/div>\n<\/section>\n<h2>Conseils pour vous aider \u00e0 repartir avec un jackpot Mega Millions<\/h2>\n<p>Si vous avez l&#8217;intention de jouer \u00e0 la loterie Mega Millions et de remporter le jackpot, il y a quelques \u00e9l\u00e9ments \u00e0 prendre en compte pour augmenter vos chances de gagner.<br \/>\n<img loading=\"lazy\" decoding=\"async\" class=\"size-medium wp-image-29858 alignright\" src=\"https:\/\/jackpotlotteryonline.com\/wp-content\/uploads\/2022\/11\/1_win_euromillions_lottery-300x164.jpg\" alt=\"acheter des billets Mega Millions en ligne\" width=\"300\" height=\"164\" srcset=\"https:\/\/jackpotlotteryonline.com\/wp-content\/uploads\/2022\/11\/1_win_euromillions_lottery-300x164.jpg 300w, https:\/\/jackpotlotteryonline.com\/wp-content\/uploads\/2022\/11\/1_win_euromillions_lottery.jpg 350w\" sizes=\"auto, (max-width: 300px) 100vw, 300px\" \/>Tout d&#8217;abord, pour commencer, choisissez vos num\u00e9ros avec soin. Ne choisissez pas des num\u00e9ros trop courants ; envisagez plut\u00f4t d&#8217;utiliser vos num\u00e9ros chanceux ou de choisir les num\u00e9ros au hasard. Veillez \u00e0 ce qu&#8217;ils soient r\u00e9partis de mani\u00e8re uniforme afin d&#8217;\u00e9viter de s\u00e9lectionner les m\u00eames num\u00e9ros que les autres joueurs.<\/p>\n<p>Deuxi\u00e8mement, comparez les derniers num\u00e9ros gagnants et \u00e9tudiez les mod\u00e8les de num\u00e9ros. \u00c9liminez les num\u00e9ros qui ont \u00e9t\u00e9 tir\u00e9s r\u00e9cemment de ceux que vous avez s\u00e9lectionn\u00e9s.<\/p>\n<p>\u00c9tudiez \u00e9galement le sch\u00e9ma des num\u00e9ros gagnants les plus courants et d\u00e9signez-les comme \u00e9tant ceux qui ont la plus grande fr\u00e9quence de gain. Apr\u00e8s les avoir observ\u00e9s, distribuez-en quelques-uns en fonction de votre choix de num\u00e9ros.<\/p>\n<p>Enfin, vous avez la possibilit\u00e9 de jouer \u00e0 la loterie Mega Millions dans un syndicat. Cela revient \u00e0 acheter des billets en groupe, et tous les gains seront divis\u00e9s de mani\u00e8re \u00e9gale entre tous les joueurs qui ont particip\u00e9. C&#8217;est une excellente m\u00e9thode pour am\u00e9liorer vos chances de gagner le jackpot.<\/p>\n<p>Si vous jouez \u00e0 Mega Millions en tenant compte des conseils ci-dessus, qui sait ? Vous serez peut-\u00eatre le prochain gagnant \u00e0 d\u00e9crocher le jackpot. Tentez votre chance aujourd&#8217;hui !<\/p>\n<h2>Conclusion<\/h2>\n<p>Si vous ne r\u00e9sidez pas aux \u00c9tats-Unis et que vous esp\u00e9rez remporter le jackpot de Mega Millions, votre meilleure option est d&#8217;acheter le ticket Mega Millions en ligne. Vous pouvez participer \u00e0 cette loterie depuis n&#8217;importe quel pays du monde. Alors qu&#8217;attendez-vous ? Achetez vos billets aujourd&#8217;hui et ayez une chance d&#8217;\u00eatre un heureux gagnant du jackpot.<\/p>\n<p>Pour plus d&#8217;informations sur cette loterie, veuillez consulter notre page FAQ ou soumettre votre question, et notre \u00e9quipe d&#8217;assistance client\u00e8le vous r\u00e9pondra avec les informations appropri\u00e9es. En attendant, vous pouvez \u00e9galement explorer d&#8217;autres loteries disponibles sur notre site Web, et si vous \u00eates int\u00e9ress\u00e9, appuyez simplement sur le bouton de jeu et gagnez dans d&#8217;autres loteries aussi.<\/p>\n","protected":false},"excerpt":{"rendered":"<p>Comment acheter un billet Mega Millions en ligne ? Si vous lisez ceci, vous \u00eates probablement int\u00e9ress\u00e9 par l&#8217;achat d&#8217;un billet Mega Millions. Mega Millions est l&#8217;une des nombreuses loteries qui offrent de gros jackpots \u00e0 leurs gagnants. Vous vous demandez peut-\u00eatre maintenant : &#8220;Comment puis-je acheter un billet Mega Millions en ligne ?&#8221;. Eh [&hellip;]<\/p>\n","protected":false},"author":1,"featured_media":0,"parent":35751,"menu_order":1,"comment_status":"closed","ping_status":"closed","template":"megamillion.php","meta":{"_et_pb_use_builder":"","_et_pb_old_content":"","_et_gb_content_width":"","exclude_from_search":false,"footnotes":""},"class_list":["post-40304","page","type-page","status-publish","hentry"],"yoast_head":"<!-- This site is optimized with the Yoast SEO plugin v23.3 - https:\/\/yoast.com\/wordpress\/plugins\/seo\/ -->\n<title>Acheter des billets Mega Millions en ligne | Billets pour Mega Millions depuis l&#039;ext\u00e9rieur des \u00c9tats-Unis.<\/title>\n<meta name=\"description\" content=\"Si vous ne vivez pas aux \u00c9tats-Unis, vous pouvez toujours acheter des billets Mega Millions en ligne, ici m\u00eame. Nous achetons pour vous de vrais billets Mega Millions et les scannons.\" \/>\n<meta name=\"robots\" content=\"index, follow, max-snippet:-1, max-image-preview:large, max-video-preview:-1\" \/>\n<link rel=\"canonical\" href=\"https:\/\/jackpotlotteryonline.com\/fr\/acheter-tickets\/mega-millions\/\" \/>\n<meta property=\"og:locale\" content=\"fr_FR\" \/>\n<meta property=\"og:type\" content=\"article\" \/>\n<meta property=\"og:title\" content=\"Acheter des billets Mega Millions en ligne | Billets pour Mega Millions depuis l&#039;ext\u00e9rieur des \u00c9tats-Unis.\" \/>\n<meta property=\"og:description\" content=\"Si vous ne vivez pas aux \u00c9tats-Unis, vous pouvez toujours acheter des billets Mega Millions en ligne, ici m\u00eame. Nous achetons pour vous de vrais billets Mega Millions et les scannons.\" \/>\n<meta property=\"og:url\" content=\"https:\/\/jackpotlotteryonline.com\/fr\/acheter-tickets\/mega-millions\/\" \/>\n<meta property=\"og:site_name\" content=\"Lotto Online - Crack The International Lottery Jackpots\" \/>\n<meta property=\"article:modified_time\" content=\"2022-12-19T14:53:46+00:00\" \/>\n<meta property=\"og:image\" content=\"https:\/\/jackpotlotteryonline.com\/wp-content\/uploads\/2022\/11\/logo_Mega_Millions_233x110.png\" \/>\n<meta name=\"twitter:card\" content=\"summary_large_image\" \/>\n<meta name=\"twitter:label1\" content=\"Dur\u00e9e de lecture estim\u00e9e\" \/>\n\t<meta name=\"twitter:data1\" content=\"6 minutes\" \/>\n<!-- \/ Yoast SEO plugin. -->","yoast_head_json":{"title":"Acheter des billets Mega Millions en ligne | Billets pour Mega Millions depuis l'ext\u00e9rieur des \u00c9tats-Unis.","description":"Si vous ne vivez pas aux \u00c9tats-Unis, vous pouvez toujours acheter des billets Mega Millions en ligne, ici m\u00eame. Nous achetons pour vous de vrais billets Mega Millions et les scannons.","robots":{"index":"index","follow":"follow","max-snippet":"max-snippet:-1","max-image-preview":"max-image-preview:large","max-video-preview":"max-video-preview:-1"},"canonical":"https:\/\/jackpotlotteryonline.com\/fr\/acheter-tickets\/mega-millions\/","og_locale":"fr_FR","og_type":"article","og_title":"Acheter des billets Mega Millions en ligne | Billets pour Mega Millions depuis l'ext\u00e9rieur des \u00c9tats-Unis.","og_description":"Si vous ne vivez pas aux \u00c9tats-Unis, vous pouvez toujours acheter des billets Mega Millions en ligne, ici m\u00eame. Nous achetons pour vous de vrais billets Mega Millions et les scannons.","og_url":"https:\/\/jackpotlotteryonline.com\/fr\/acheter-tickets\/mega-millions\/","og_site_name":"Lotto Online - Crack The International Lottery Jackpots","article_modified_time":"2022-12-19T14:53:46+00:00","og_image":[{"url":"https:\/\/jackpotlotteryonline.com\/wp-content\/uploads\/2022\/11\/logo_Mega_Millions_233x110.png"}],"twitter_card":"summary_large_image","twitter_misc":{"Dur\u00e9e de lecture estim\u00e9e":"6 minutes"},"schema":{"@context":"https:\/\/schema.org","@graph":[{"@type":"WebPage","@id":"https:\/\/jackpotlotteryonline.com\/fr\/acheter-tickets\/mega-millions\/","url":"https:\/\/jackpotlotteryonline.com\/fr\/acheter-tickets\/mega-millions\/","name":"Acheter des billets Mega Millions en ligne | Billets pour Mega Millions depuis l'ext\u00e9rieur des \u00c9tats-Unis.","isPartOf":{"@id":"https:\/\/jackpotlotteryonline.com\/#website"},"primaryImageOfPage":{"@id":"https:\/\/jackpotlotteryonline.com\/fr\/acheter-tickets\/mega-millions\/#primaryimage"},"image":{"@id":"https:\/\/jackpotlotteryonline.com\/fr\/acheter-tickets\/mega-millions\/#primaryimage"},"thumbnailUrl":"https:\/\/jackpotlotteryonline.com\/wp-content\/uploads\/2022\/11\/logo_Mega_Millions_233x110.png","datePublished":"2022-12-02T09:58:49+00:00","dateModified":"2022-12-19T14:53:46+00:00","description":"Si vous ne vivez pas aux \u00c9tats-Unis, vous pouvez toujours acheter des billets Mega Millions en ligne, ici m\u00eame. Nous achetons pour vous de vrais billets Mega Millions et les scannons.","breadcrumb":{"@id":"https:\/\/jackpotlotteryonline.com\/fr\/acheter-tickets\/mega-millions\/#breadcrumb"},"inLanguage":"fr-FR","potentialAction":[{"@type":"ReadAction","target":["https:\/\/jackpotlotteryonline.com\/fr\/acheter-tickets\/mega-millions\/"]}]},{"@type":"ImageObject","inLanguage":"fr-FR","@id":"https:\/\/jackpotlotteryonline.com\/fr\/acheter-tickets\/mega-millions\/#primaryimage","url":"https:\/\/jackpotlotteryonline.com\/wp-content\/uploads\/2022\/11\/logo_Mega_Millions_233x110.png","contentUrl":"https:\/\/jackpotlotteryonline.com\/wp-content\/uploads\/2022\/11\/logo_Mega_Millions_233x110.png"},{"@type":"BreadcrumbList","@id":"https:\/\/jackpotlotteryonline.com\/fr\/acheter-tickets\/mega-millions\/#breadcrumb","itemListElement":[{"@type":"ListItem","position":1,"name":"Home","item":"https:\/\/jackpotlotteryonline.com\/fr\/"},{"@type":"ListItem","position":2,"name":"Comment acheter des billets de loterie en ligne","item":"https:\/\/jackpotlotteryonline.com\/fr\/acheter-tickets\/"},{"@type":"ListItem","position":3,"name":"Billets Mega Millions"}]},{"@type":"WebSite","@id":"https:\/\/jackpotlotteryonline.com\/#website","url":"https:\/\/jackpotlotteryonline.com\/","name":"Lotto Online - Crack The International Lottery Jackpots","description":"","potentialAction":[{"@type":"SearchAction","target":{"@type":"EntryPoint","urlTemplate":"https:\/\/jackpotlotteryonline.com\/?s={search_term_string}"},"query-input":"required name=search_term_string"}],"inLanguage":"fr-FR"}]}},"_links":{"self":[{"href":"https:\/\/jackpotlotteryonline.com\/fr\/wp-json\/wp\/v2\/pages\/40304","targetHints":{"allow":["GET"]}}],"collection":[{"href":"https:\/\/jackpotlotteryonline.com\/fr\/wp-json\/wp\/v2\/pages"}],"about":[{"href":"https:\/\/jackpotlotteryonline.com\/fr\/wp-json\/wp\/v2\/types\/page"}],"author":[{"embeddable":true,"href":"https:\/\/jackpotlotteryonline.com\/fr\/wp-json\/wp\/v2\/users\/1"}],"replies":[{"embeddable":true,"href":"https:\/\/jackpotlotteryonline.com\/fr\/wp-json\/wp\/v2\/comments?post=40304"}],"version-history":[{"count":0,"href":"https:\/\/jackpotlotteryonline.com\/fr\/wp-json\/wp\/v2\/pages\/40304\/revisions"}],"up":[{"embeddable":true,"href":"https:\/\/jackpotlotteryonline.com\/fr\/wp-json\/wp\/v2\/pages\/35751"}],"wp:attachment":[{"href":"https:\/\/jackpotlotteryonline.com\/fr\/wp-json\/wp\/v2\/media?parent=40304"}],"curies":[{"name":"wp","href":"https:\/\/api.w.org\/{rel}","templated":true}]}}