{"id":40356,"date":"2022-12-02T13:48:14","date_gmt":"2022-12-02T13:48:14","guid":{"rendered":"https:\/\/jackpotlotteryonline.com\/?page_id=40356"},"modified":"2023-01-01T14:01:31","modified_gmt":"2023-01-01T14:01:31","slug":"oz-lotto","status":"publish","type":"page","link":"https:\/\/jackpotlotteryonline.com\/fr\/comment-jouer\/oz-lotto\/","title":{"rendered":"Jouer au loto d&#8217;Oz en ligne"},"content":{"rendered":"<h2>A propos d&#8217;Oz Lotto<\/h2>\n<p>Oz Lottery est une loterie australienne qui a \u00e9t\u00e9 introduite en 1994 et g\u00e9r\u00e9e par un groupe appel\u00e9 le groupe Tatts. L&#8217;Oz Lotto a gagn\u00e9 en popularit\u00e9 tant en Australie qu&#8217;en Nouvelle-Z\u00e9lande, ce qui en fait le plus grand jeu de loterie d&#8217;Australie. <a href=\"https:\/\/jackpotlotteryonline.com\/fr\/numeros-gagnants\/oz-lotto\">Les tirages de l&#8217;Oz Lotto<\/a> ont lieu tous les mercredis et vendredis.<\/p>\n<p>Vous trouverez ci-dessous un guide qui vous aidera \u00e0 jouer \u00e0 Oz Lotto en ligne, o\u00f9 que vous soyez dans le monde.<\/p>\n<h2>Comment jouer \u00e0 Oz Lotto en ligne<\/h2>\n<p><img loading=\"lazy\" decoding=\"async\" class=\"alignright size-full wp-image-29777\" src=\"https:\/\/jackpotlotteryonline.com\/wp-content\/uploads\/2022\/11\/1_ticket_online_buying.jpg\" alt=\"jouer au loto d'oz en ligne\" width=\"300\" height=\"203\" \/>Si vous \u00eates \u00e0 la recherche d&#8217;une loterie excitante et palpitante \u00e0 laquelle participer, vous devez jeter un coup d&#8217;\u0153il \u00e0 l&#8217;Oz Lotto australien. Nous offrons aux joueurs la possibilit\u00e9 de jouer \u00e0 des loteries internationales en ligne en proposant des services de conciergerie. Tout ce dont vous avez besoin pour jouer \u00e0 Oz Lotto en ligne est un ordinateur et une connexion Internet.<\/p>\n<p>Pour jouer \u00e0 l&#8217;Oz Lotto en ligne, il vous suffit de choisir sept num\u00e9ros principaux dans une fourchette de 1 \u00e0 47. Trois autres num\u00e9ros, appel\u00e9s num\u00e9ros suppl\u00e9mentaires, sont choisis lors du tirage. Vous pouvez choisir vos num\u00e9ros en utilisant notre g\u00e9n\u00e9rateur de num\u00e9ros al\u00e9atoires ou les s\u00e9lectionner manuellement. S\u00e9lectionnez ensuite le nombre de tirages auxquels vous souhaitez participer. Passez \u00e0 la caisse et<a href=\"https:\/\/jackpotlotteryonline.com\/fr\/acheter-tickets\/oz-lotto\"> payez vos billets<\/a>, puis attendez le tirage.<\/p>\n<h2>Que sont les num\u00e9ros suppl\u00e9mentaires, et comment sont-ils utilis\u00e9s ?<\/h2>\n<p>Les num\u00e9ros suppl\u00e9mentaires sont consid\u00e9r\u00e9s comme des &#8220;boules bonus&#8221; lors des tirages d&#8217;Oz Lotto. Pendant le tirage, dix num\u00e9ros gagnants sont s\u00e9lectionn\u00e9s au hasard, et les sept premiers sont d\u00e9sign\u00e9s comme num\u00e9ros principaux pour le gagnant du jackpot. Les niveaux 2, 4 et 7 sont d\u00e9termin\u00e9s par les trois autres &#8220;num\u00e9ros suppl\u00e9mentaires&#8221;.<\/p>\n<h2>Les niveaux de prix de l&#8217;Oz Lotto<\/h2>\n<p>L&#8217;Oz Lotto australien comporte un total de sept niveaux de prix. Ils sont les suivants :<\/p>\n<ul>\n<li>Niveau 1 : Jackpot : sept num\u00e9ros trouv\u00e9s.<\/li>\n<li>Niveau 2 : Six num\u00e9ros trouv\u00e9s + num\u00e9ro suppl\u00e9mentaire<\/li>\n<li>Niveau 3 : Six num\u00e9ros appari\u00e9s<\/li>\n<li>Niveau 4 : Cinq num\u00e9ros identiques + num\u00e9ro suppl\u00e9mentaire<\/li>\n<li>Niveau 5 : Cinq num\u00e9ros appari\u00e9s<\/li>\n<li>Niveau 6 : Quatre num\u00e9ros appari\u00e9s<\/li>\n<li>Niveau 7 : Trois num\u00e9ros appari\u00e9s + num\u00e9ro suppl\u00e9mentaire<\/li>\n<\/ul>\n<h2>Dois-je \u00eatre en Australie pour jouer \u00e0 Oz Lotto ?<\/h2>\n<p>Non, vous n&#8217;avez pas besoin d&#8217;\u00eatre r\u00e9sident australien pour participer \u00e0 cette loterie. Il vous suffit de vous rendre sur jackpotlotteryonline.com pour r\u00e9aliser votre r\u00eave de jouer \u00e0 des loteries internationales. Nous fournissons des services de loterie \u00e0 nos clients, tels que l&#8217;achat de billets physiques par l&#8217;interm\u00e9diaire de nos agents de loterie de confiance. Le billet physique sera stock\u00e9 en toute s\u00e9curit\u00e9, tandis qu&#8217;un scan de celui-ci sera t\u00e9l\u00e9charg\u00e9 sur le compte du joueur. Tout cela sera fait pour vous, et il ne vous restera plus qu&#8217;\u00e0 attendre le jour du tirage.<\/p>\n<p>Vous n&#8217;avez donc pas \u00e0 vous inqui\u00e9ter de ne pas pouvoir participer \u00e0 l&#8217;Oz Lotto. Vous jouerez \u00e0 cette loterie tout comme un r\u00e9sident de l&#8217;Australie. Jouer \u00e0 Oz Lotto est aussi simple que cela. Tentez votre chance aujourd&#8217;hui !<\/p>\n<h2>Gagner au Oz Lotto<\/h2>\n<p>Pour gagner le jackpot d&#8217;Oz Lotto, un joueur doit trouver sept num\u00e9ros sur un total de 47. Ce jackpot commence \u00e0 10 millions de dollars et augmente souvent jusqu&#8217;\u00e0 ce qu&#8217;il soit gagn\u00e9. En plus du jackpot principal, huit petits prix sont remport\u00e9s par les joueurs qui ont trouv\u00e9 quatre ou cinq bons num\u00e9ros pour ce tirage.<\/p>\n<section class=\"layout\" style=\"border: solid 1px; width: 100%;\">\n<div class=\"img-div\" style=\"margin-top: 5px;\"><img decoding=\"async\" class=\"wp-image-17212 alignleft\" style=\"height: 45px; margin: 8px 8px 0px;\" src=\"https:\/\/jackpotlotteryonline.com\/wp-content\/uploads\/2022\/11\/read1.jpg\" alt=\"Lire \" width=\"\" height=\"\" \/><\/div>\n<div style=\"padding-left: 5px;\">\n<div style=\"font-size: 1.1em;\">\n<p><strong>Les jackpots historiques et records de la loterie<\/strong><\/p>\n<p style=\"font-size: 0.85em; margin-top: -1.5em;\">Les plus gros jackpots de l&#8217;histoire du loto vous donneront le tournis <a href=\"https:\/\/jackpotlotteryonline.com\/fr\/les-plus-gros-jackpots-de-lhistoire-du-loto\">en savoir plus<\/a><\/p>\n<\/div>\n<\/div>\n<\/section>\n<h2>Quelles sont les chances de gagner \u00e0 l&#8217;Oz Lotto australien ?<\/h2>\n<p><img loading=\"lazy\" decoding=\"async\" class=\"alignright wp-image-28697 size-medium\" src=\"https:\/\/jackpotlotteryonline.com\/wp-content\/uploads\/2022\/11\/1_online_lotto_winners-300x200.jpg\" alt=\"jouer au loto d'oz en ligne\" width=\"300\" height=\"200\" srcset=\"https:\/\/jackpotlotteryonline.com\/wp-content\/uploads\/2022\/11\/1_online_lotto_winners-300x200.jpg 300w, https:\/\/jackpotlotteryonline.com\/wp-content\/uploads\/2022\/11\/1_online_lotto_winners.jpg 320w\" sizes=\"auto, (max-width: 300px) 100vw, 300px\" \/>L&#8217;Oz Lotto a gagn\u00e9 en popularit\u00e9 et a fait de nombreux gagnants, ce qui, en m\u00eame temps, a rendu les chances de gagner dans n&#8217;importe quelle cat\u00e9gorie de prix assez \u00e9lev\u00e9es.<\/p>\n<p>Les chances de trouver sept num\u00e9ros et de gagner le jackpot sont de 1 sur 62 891 499, ce qui est pratiquement impossible. Mais ce qu&#8217;il y a de bien avec les loteries, c&#8217;est que le jeu n&#8217;est qu&#8217;une question de chance, vous ne savez jamais si vous serez gagnant, et c&#8217;est ce qui rend la participation aux loteries passionnante.<\/p>\n<p>La probabilit\u00e9 globale de gagner l&#8217;un des sept prix est de 1 sur 51.<\/p>\n<p>Pour plus d&#8217;informations sur l&#8217;Oz Lotto, n&#8217;h\u00e9sitez pas \u00e0 consulter notre page FAQ ou \u00e0 visiter le site officiel de la loterie.<\/p>\n<p>Enregistrez un compte aujourd&#8217;hui et obtenez une chance de participer \u00e0 cette loterie de n&#8217;importe o\u00f9 dans le monde.<\/p>\n","protected":false},"excerpt":{"rendered":"<p>A propos d&#8217;Oz Lotto Oz Lottery est une loterie australienne qui a \u00e9t\u00e9 introduite en 1994 et g\u00e9r\u00e9e par un groupe appel\u00e9 le groupe Tatts. L&#8217;Oz Lotto a gagn\u00e9 en popularit\u00e9 tant en Australie qu&#8217;en Nouvelle-Z\u00e9lande, ce qui en fait le plus grand jeu de loterie d&#8217;Australie. Les tirages de l&#8217;Oz Lotto ont lieu tous [&hellip;]<\/p>\n","protected":false},"author":1,"featured_media":0,"parent":35690,"menu_order":16,"comment_status":"closed","ping_status":"closed","template":"","meta":{"_et_pb_use_builder":"","_et_pb_old_content":"","_et_gb_content_width":"","exclude_from_search":false,"footnotes":""},"class_list":["post-40356","page","type-page","status-publish","hentry"],"yoast_head":"<!-- This site is optimized with the Yoast SEO plugin v23.3 - https:\/\/yoast.com\/wordpress\/plugins\/seo\/ -->\n<title>Jouez au loto d&#039;Oz en ligne depuis l&#039;ext\u00e9rieur de l&#039;Australie.<\/title>\n<meta name=\"description\" content=\"Maintenant vous pouvez jouer \u00e0 Oz Lotto en ligne, pas seulement si vous \u00eates en Australie - vous pouvez jouer \u00e0 la loterie d&#039;Oz de n&#039;importe o\u00f9 dans le monde.\" \/>\n<meta name=\"robots\" content=\"index, follow, max-snippet:-1, max-image-preview:large, max-video-preview:-1\" \/>\n<link rel=\"canonical\" href=\"https:\/\/jackpotlotteryonline.com\/fr\/comment-jouer\/oz-lotto\/\" \/>\n<meta property=\"og:locale\" content=\"fr_FR\" \/>\n<meta property=\"og:type\" content=\"article\" \/>\n<meta property=\"og:title\" content=\"Jouez au loto d&#039;Oz en ligne depuis l&#039;ext\u00e9rieur de l&#039;Australie.\" \/>\n<meta property=\"og:description\" content=\"Maintenant vous pouvez jouer \u00e0 Oz Lotto en ligne, pas seulement si vous \u00eates en Australie - vous pouvez jouer \u00e0 la loterie d&#039;Oz de n&#039;importe o\u00f9 dans le monde.\" \/>\n<meta property=\"og:url\" content=\"https:\/\/jackpotlotteryonline.com\/fr\/comment-jouer\/oz-lotto\/\" \/>\n<meta property=\"og:site_name\" content=\"Lotto Online - Crack The International Lottery Jackpots\" \/>\n<meta property=\"article:modified_time\" content=\"2023-01-01T14:01:31+00:00\" \/>\n<meta property=\"og:image\" content=\"https:\/\/jackpotlotteryonline.com\/wp-content\/uploads\/2022\/11\/1_ticket_online_buying.jpg\" \/>\n<meta name=\"twitter:card\" content=\"summary_large_image\" \/>\n<meta name=\"twitter:label1\" content=\"Dur\u00e9e de lecture estim\u00e9e\" \/>\n\t<meta name=\"twitter:data1\" content=\"4 minutes\" \/>\n<!-- \/ Yoast SEO plugin. -->","yoast_head_json":{"title":"Jouez au loto d'Oz en ligne depuis l'ext\u00e9rieur de l'Australie.","description":"Maintenant vous pouvez jouer \u00e0 Oz Lotto en ligne, pas seulement si vous \u00eates en Australie - vous pouvez jouer \u00e0 la loterie d'Oz de n'importe o\u00f9 dans le monde.","robots":{"index":"index","follow":"follow","max-snippet":"max-snippet:-1","max-image-preview":"max-image-preview:large","max-video-preview":"max-video-preview:-1"},"canonical":"https:\/\/jackpotlotteryonline.com\/fr\/comment-jouer\/oz-lotto\/","og_locale":"fr_FR","og_type":"article","og_title":"Jouez au loto d'Oz en ligne depuis l'ext\u00e9rieur de l'Australie.","og_description":"Maintenant vous pouvez jouer \u00e0 Oz Lotto en ligne, pas seulement si vous \u00eates en Australie - vous pouvez jouer \u00e0 la loterie d'Oz de n'importe o\u00f9 dans le monde.","og_url":"https:\/\/jackpotlotteryonline.com\/fr\/comment-jouer\/oz-lotto\/","og_site_name":"Lotto Online - Crack The International Lottery Jackpots","article_modified_time":"2023-01-01T14:01:31+00:00","og_image":[{"url":"https:\/\/jackpotlotteryonline.com\/wp-content\/uploads\/2022\/11\/1_ticket_online_buying.jpg"}],"twitter_card":"summary_large_image","twitter_misc":{"Dur\u00e9e de lecture estim\u00e9e":"4 minutes"},"schema":{"@context":"https:\/\/schema.org","@graph":[{"@type":"WebPage","@id":"https:\/\/jackpotlotteryonline.com\/fr\/comment-jouer\/oz-lotto\/","url":"https:\/\/jackpotlotteryonline.com\/fr\/comment-jouer\/oz-lotto\/","name":"Jouez au loto d'Oz en ligne depuis l'ext\u00e9rieur de l'Australie.","isPartOf":{"@id":"https:\/\/jackpotlotteryonline.com\/#website"},"primaryImageOfPage":{"@id":"https:\/\/jackpotlotteryonline.com\/fr\/comment-jouer\/oz-lotto\/#primaryimage"},"image":{"@id":"https:\/\/jackpotlotteryonline.com\/fr\/comment-jouer\/oz-lotto\/#primaryimage"},"thumbnailUrl":"https:\/\/jackpotlotteryonline.com\/wp-content\/uploads\/2022\/11\/1_ticket_online_buying.jpg","datePublished":"2022-12-02T13:48:14+00:00","dateModified":"2023-01-01T14:01:31+00:00","description":"Maintenant vous pouvez jouer \u00e0 Oz Lotto en ligne, pas seulement si vous \u00eates en Australie - vous pouvez jouer \u00e0 la loterie d'Oz de n'importe o\u00f9 dans le monde.","breadcrumb":{"@id":"https:\/\/jackpotlotteryonline.com\/fr\/comment-jouer\/oz-lotto\/#breadcrumb"},"inLanguage":"fr-FR","potentialAction":[{"@type":"ReadAction","target":["https:\/\/jackpotlotteryonline.com\/fr\/comment-jouer\/oz-lotto\/"]}]},{"@type":"ImageObject","inLanguage":"fr-FR","@id":"https:\/\/jackpotlotteryonline.com\/fr\/comment-jouer\/oz-lotto\/#primaryimage","url":"https:\/\/jackpotlotteryonline.com\/wp-content\/uploads\/2022\/11\/1_ticket_online_buying.jpg","contentUrl":"https:\/\/jackpotlotteryonline.com\/wp-content\/uploads\/2022\/11\/1_ticket_online_buying.jpg"},{"@type":"BreadcrumbList","@id":"https:\/\/jackpotlotteryonline.com\/fr\/comment-jouer\/oz-lotto\/#breadcrumb","itemListElement":[{"@type":"ListItem","position":1,"name":"Home","item":"https:\/\/jackpotlotteryonline.com\/fr\/"},{"@type":"ListItem","position":2,"name":"Comment jouer","item":"https:\/\/jackpotlotteryonline.com\/fr\/comment-jouer\/"},{"@type":"ListItem","position":3,"name":"Jouer au loto d&rsquo;Oz en ligne"}]},{"@type":"WebSite","@id":"https:\/\/jackpotlotteryonline.com\/#website","url":"https:\/\/jackpotlotteryonline.com\/","name":"Lotto Online - Crack The International Lottery Jackpots","description":"","potentialAction":[{"@type":"SearchAction","target":{"@type":"EntryPoint","urlTemplate":"https:\/\/jackpotlotteryonline.com\/?s={search_term_string}"},"query-input":"required name=search_term_string"}],"inLanguage":"fr-FR"}]}},"_links":{"self":[{"href":"https:\/\/jackpotlotteryonline.com\/fr\/wp-json\/wp\/v2\/pages\/40356","targetHints":{"allow":["GET"]}}],"collection":[{"href":"https:\/\/jackpotlotteryonline.com\/fr\/wp-json\/wp\/v2\/pages"}],"about":[{"href":"https:\/\/jackpotlotteryonline.com\/fr\/wp-json\/wp\/v2\/types\/page"}],"author":[{"embeddable":true,"href":"https:\/\/jackpotlotteryonline.com\/fr\/wp-json\/wp\/v2\/users\/1"}],"replies":[{"embeddable":true,"href":"https:\/\/jackpotlotteryonline.com\/fr\/wp-json\/wp\/v2\/comments?post=40356"}],"version-history":[{"count":0,"href":"https:\/\/jackpotlotteryonline.com\/fr\/wp-json\/wp\/v2\/pages\/40356\/revisions"}],"up":[{"embeddable":true,"href":"https:\/\/jackpotlotteryonline.com\/fr\/wp-json\/wp\/v2\/pages\/35690"}],"wp:attachment":[{"href":"https:\/\/jackpotlotteryonline.com\/fr\/wp-json\/wp\/v2\/media?parent=40356"}],"curies":[{"name":"wp","href":"https:\/\/api.w.org\/{rel}","templated":true}]}}