{"id":40480,"date":"2022-12-05T08:18:31","date_gmt":"2022-12-05T08:18:31","guid":{"rendered":"https:\/\/jackpotlotteryonline.com\/?page_id=40480"},"modified":"2022-12-26T13:43:42","modified_gmt":"2022-12-26T13:43:42","slug":"powerball","status":"publish","type":"page","link":"https:\/\/jackpotlotteryonline.com\/fr\/numeros-gagnants\/powerball\/","title":{"rendered":"R\u00e9sultats du tirage Powerball"},"content":{"rendered":"<p>Le Powerball est une loterie am\u00e9ricaine qui propose l&#8217;un des plus gros jackpots de tous les temps. Gagner la Powerball am\u00e9ricaine est le r\u00eave ultime de presque tous les parieurs. En raison de ses jackpots incroyablement \u00e9lev\u00e9s, qui atteignent parfois 1 milliard de dollars, les joueurs du monde entier ach\u00e8tent des billets de Powerball en ligne. Chaque joueur nourrit l&#8217;espoir de gagner \u00e0 la loterie. Cependant, acheter un billet de loterie est une chose, et v\u00e9rifier les num\u00e9ros gagnants en est une autre. Pour savoir si vous d\u00e9tenez le ticket gagnant de la loterie Powerball, il est essentiel de v\u00e9rifier les r\u00e9sultats du tirage.<\/p>\n<p>Sur cette page, nous allons partager avec vous comment v\u00e9rifier les r\u00e9sultats gagnants en ligne. Nous vous montrerons \u00e9galement comment avoir acc\u00e8s \u00e0 vos gains m\u00eame si vous \u00eates un joueur en ligne.<\/p>\n<p>N&#8217;oubliez pas que vous pouvez <a href=\"https:\/\/jackpotlotteryonline.com\/fr\/acheter-tickets\/powerball\">acheter des billets gagnants au Powerball<\/a> sur jackpotlotteryonline.com et y v\u00e9rifier les num\u00e9ros gagnants en m\u00eame temps.<\/p>\n<h2>Pourquoi le Powerball est si populaire<\/h2>\n<p><img loading=\"lazy\" decoding=\"async\" class=\"alignright size-full wp-image-29588\" src=\"https:\/\/jackpotlotteryonline.com\/wp-content\/uploads\/2022\/11\/1_results_powerball.jpg\" alt=\"achetez facilement des billets de Powerball\" width=\"300\" height=\"224\" \/>Il y a plusieurs raisons pour lesquelles les joueurs affluent vers le Powerball. Il s&#8217;agit d&#8217;une loterie am\u00e9ricaine multi-\u00e9tats, ce qui signifie que les billets sont vendus dans plusieurs \u00c9tats am\u00e9ricains. Les personnes qui vivent dans ces \u00c9tats peuvent donc facilement acheter des billets Powerball. Mais les amateurs de loterie am\u00e9ricains ne sont pas les seuls \u00e0 acheter des billets dans l&#8217;espoir de gagner cette loterie. Les parieurs du monde entier essaient \u00e9galement d&#8217;acheter des billets Powerball gagnants.<\/p>\n<p>En octobre 2022, le jackpot du Powerball a atteint le record d&#8217;un milliard de dollars, remport\u00e9 par un seul d\u00e9tenteur de billet. La seule id\u00e9e de gagner un milliard de dollars suffit \u00e0 enthousiasmer les joueurs du monde entier. De plus, m\u00eame si les chances de gagner au Powerball sont assez \u00e9lev\u00e9es, les joueurs remportent souvent le jackpot.<\/p>\n<p>L\u00e0 encore, le Powerball comporte plusieurs cat\u00e9gories avec des prix juteux. Ainsi, m\u00eame si vous ratez le premier prix, vous pouvez rentrer chez vous avec un gros gain.<\/p>\n<h2>Jouer et gagner au Powerball en ligne<\/h2>\n<p>L&#8217;avantage de <a href=\"https:\/\/jackpotlotteryonline.com\/fr\/comment-jouer\/powerball\">jouer au Powerball en ligne<\/a> est que vous avez un acc\u00e8s rapide \u00e0 cette loterie am\u00e9ricaine, o\u00f9 que vous soyez. Si vous achetez votre billet gagnant sur jackpotlotteryonline.com, vous pouvez facilement choisir vos num\u00e9ros gagnants. Il vous suffit de choisir 5 num\u00e9ros de 1 \u00e0 69 et un num\u00e9ro suppl\u00e9mentaire de 1 \u00e0 26.<\/p>\n<p>Une fois que vous avez choisi vos num\u00e9ros gagnants, l&#8217;\u00e9tape suivante consiste \u00e0 participer aux tirages. Le Powerball propose trois tirages hebdomadaires, le mardi, le jeudi et le dimanche. Nous vous facilitons la t\u00e2che en vous permettant de participer \u00e0 un seul ou \u00e0 plusieurs tirages, selon votre pr\u00e9f\u00e9rence. Vous pouvez \u00e9galement vous inscrire aux tirages plusieurs semaines \u00e0 l&#8217;avance.<\/p>\n<p>Apr\u00e8s avoir trait\u00e9 votre paiement, l&#8217;\u00e9tape suivante consiste \u00e0 attendre les tirages au sort. C&#8217;est \u00e0 ce moment-l\u00e0 que les num\u00e9ros gagnants seront annonc\u00e9s et que vous pourrez savoir si vous avez gagn\u00e9 \u00e0 la loterie.<\/p>\n<section class=\"layout\" style=\"border: solid 1px; width: 100%;\">\n<div class=\"img-div\" style=\"margin-top: 5px;\"><img decoding=\"async\" class=\"wp-image-17212 alignleft\" style=\"height: 45px; margin: 8px 8px 0px;\" src=\"https:\/\/jackpotlotteryonline.com\/wp-content\/uploads\/2022\/11\/read1.jpg\" alt=\"lire\" width=\"\" height=\"\" \/><\/div>\n<div style=\"padding-left: 5px;\">\n<div style=\"font-size: 1.1em;\">\n<p><strong>Les jackpots historiques et records de la loterie<\/strong><\/p>\n<p style=\"font-size: 0.85em; margin-top: -1.5em;\">Les plus gros jackpots de l&#8217;histoire du loto vous donneront le tournis \u00a0<a href=\"https:\/\/jackpotlotteryonline.com\/fr\/les-plus-gros-jackpots-de-lhistoire-du-loto\">en savoir plus<\/a><\/p>\n<\/div>\n<\/div>\n<\/section>\n<h2>V\u00e9rification des num\u00e9ros gagnants<\/h2>\n<p><img loading=\"lazy\" decoding=\"async\" class=\"alignright size-full wp-image-30371\" src=\"https:\/\/jackpotlotteryonline.com\/wp-content\/uploads\/2022\/11\/1_winning_numbers_powerball.jpg\" alt=\"jouer au Powerball en ligne\" width=\"300\" height=\"129\" \/>Comme vous jouez au Powerball en ligne, vous ne pouvez pas vous rendre chez un vendeur de billets de loterie pour v\u00e9rifier si vous avez le billet gagnant. La meilleure fa\u00e7on de le faire est donc de v\u00e9rifier en ligne. Si vous jouez avec nous, vous pouvez revenir sur cette page apr\u00e8s chaque tirage pour voir les num\u00e9ros gagnants.<\/p>\n<p>Mais, m\u00eame si vous ne revenez pas sur cette page, vous pouvez savoir si vous avez gagn\u00e9 un prix. En effet, vous devez \u00eatre enregistr\u00e9 chez nous pour acheter votre billet Powerball. La raison en est que nous pouvons vous informer d\u00e8s que vous avez un ticket gagnant. Si vous avez un ticket gagnant, nous vous enverrons un e-mail pour vous en informer. C&#8217;est aussi simple que cela, vraiment.<\/p>\n<h2>Encaissement de votre prix<\/h2>\n<p>L&#8217;encaissement de vos gains est un autre aspect qui peut pr\u00e9occuper les joueurs en ligne. Car si vous jouez au Powerball en ligne, vous voulez \u00eatre s\u00fbr de pouvoir acc\u00e9der \u00e0 vos gains. Si vous jouez au Powerball avec nous, l&#8217;encaissement de vos gains est un jeu d&#8217;enfant. Nous avons con\u00e7u notre syst\u00e8me de mani\u00e8re \u00e0 ce que vous puissiez retirer vos gains sur votre compte.<\/p>\n<p>Ceci est possible pour les gains inf\u00e9rieurs \u00e0 2 500 euros. Si vous gagnez plus que ce montant, nous vous aiderons \u00e0 remplir un formulaire de r\u00e9clamation. Vous devrez le faire pour r\u00e9clamer vos gains directement aupr\u00e8s de la soci\u00e9t\u00e9 de loterie.<\/p>\n<h2>Gagner \u00e0 la loterie Powerball<\/h2>\n<p>Gagner \u00e0 la loterie Powerball signifie que vous avez un ticket qui correspond aux r\u00e9sultats du tirage. Pour vous montrer \u00e0 quel point la Powerball est extraordinaire, voyons ce que vous pouvez gagner dans les autres lots.<\/p>\n<p>Division 1 : Match 5 + Powerball &#8211; Jackpot<\/p>\n<p>Division 2 : Match 5 seul &#8211; 1 million de dollars<\/p>\n<p>Division 3 : Match 4 + Powerball &#8211; 50 000 $.<\/p>\n<p>Division 4 : Match 4 seul &#8211; 100<\/p>\n<p>Division 5 : Match 3 + Powerball &#8211; 100 dollars<\/p>\n<p>Division 6 : Match 3 seul &#8211; 7<\/p>\n<p>Division 7 : Match 2 + Powerball &#8211; 7 dollars<\/p>\n<p>Division 8 : Match 1 + Powerball &#8211; $4<\/p>\n<p>Division 9 : Match Powerball seul &#8211; 4<\/p>\n<p>Avec 9 divisions, gagner \u00e0 la loterie est une possibilit\u00e9 excitante pour les joueurs. Cela signifie \u00e9galement que les chances de gagner un prix sont assez \u00e9lev\u00e9es. En outre, m\u00eame si vous gagnez la deuxi\u00e8me division, vous avez de bonnes chances de rentrer chez vous avec un gros gain.<\/p>\n<h2>V\u00e9rifiez les r\u00e9sultats gagnants ici<\/h2>\n<p>La prochaine fois que vous voulez jouer \u00e0 la loterie, ne vous inqui\u00e9tez pas de savoir o\u00f9 v\u00e9rifier les r\u00e9sultats gagnants. Sur jackpotlotteryonline.com, nous vous facilitons la t\u00e2che pour choisir vos num\u00e9ros gagnants et v\u00e9rifier les r\u00e9sultats. Achetez votre billet chez nous et nous vous avertirons d\u00e8s que vous aurez un billet gagnant.<\/p>\n<p>N&#8217;oubliez pas que vous pouvez \u00e9galement retirer vos gains de notre site directement sur votre compte. Cela r\u00e9duira consid\u00e9rablement le stress que vous auriez pu avoir en jouant \u00e0 la loterie. En fait, nous nous faisons un devoir d&#8217;offrir \u00e0 nos clients une exp\u00e9rience transparente et sans tracas. Ainsi, vous pouvez vous concentrer sur le fait de gagner \u00e0 la loterie sans vous soucier du reste du monde.<\/p>\n","protected":false},"excerpt":{"rendered":"<p>Le Powerball est une loterie am\u00e9ricaine qui propose l&#8217;un des plus gros jackpots de tous les temps. Gagner la Powerball am\u00e9ricaine est le r\u00eave ultime de presque tous les parieurs. En raison de ses jackpots incroyablement \u00e9lev\u00e9s, qui atteignent parfois 1 milliard de dollars, les joueurs du monde entier ach\u00e8tent des billets de Powerball en [&hellip;]<\/p>\n","protected":false},"author":1,"featured_media":0,"parent":35826,"menu_order":1,"comment_status":"closed","ping_status":"closed","template":"powerball-usa-results.php","meta":{"_et_pb_use_builder":"","_et_pb_old_content":"","_et_gb_content_width":"","exclude_from_search":false,"footnotes":""},"class_list":["post-40480","page","type-page","status-publish","hentry"],"yoast_head":"<!-- This site is optimized with the Yoast SEO plugin v23.3 - https:\/\/yoast.com\/wordpress\/plugins\/seo\/ -->\n<title>Num\u00e9ros gagnants Powerball et r\u00e9sultats du tirage<\/title>\n<meta name=\"description\" content=\"Tous les derniers r\u00e9sultats de tirage et num\u00e9ros gagnants de Powerball USA, plus une archive de r\u00e9sultats, le tout sur un seul site web.\" \/>\n<meta name=\"robots\" content=\"index, follow, max-snippet:-1, max-image-preview:large, max-video-preview:-1\" \/>\n<link rel=\"canonical\" href=\"https:\/\/jackpotlotteryonline.com\/fr\/numeros-gagnants\/powerball\/\" \/>\n<meta property=\"og:locale\" content=\"fr_FR\" \/>\n<meta property=\"og:type\" content=\"article\" \/>\n<meta property=\"og:title\" content=\"Num\u00e9ros gagnants Powerball et r\u00e9sultats du tirage\" \/>\n<meta property=\"og:description\" content=\"Tous les derniers r\u00e9sultats de tirage et num\u00e9ros gagnants de Powerball USA, plus une archive de r\u00e9sultats, le tout sur un seul site web.\" \/>\n<meta property=\"og:url\" content=\"https:\/\/jackpotlotteryonline.com\/fr\/numeros-gagnants\/powerball\/\" \/>\n<meta property=\"og:site_name\" content=\"Lotto Online - Crack The International Lottery Jackpots\" \/>\n<meta property=\"article:modified_time\" content=\"2022-12-26T13:43:42+00:00\" \/>\n<meta property=\"og:image\" content=\"https:\/\/jackpotlotteryonline.com\/wp-content\/uploads\/2022\/11\/1_results_powerball.jpg\" \/>\n<meta name=\"twitter:card\" content=\"summary_large_image\" \/>\n<meta name=\"twitter:label1\" content=\"Dur\u00e9e de lecture estim\u00e9e\" \/>\n\t<meta name=\"twitter:data1\" content=\"6 minutes\" \/>\n<!-- \/ Yoast SEO plugin. -->","yoast_head_json":{"title":"Num\u00e9ros gagnants Powerball et r\u00e9sultats du tirage","description":"Tous les derniers r\u00e9sultats de tirage et num\u00e9ros gagnants de Powerball USA, plus une archive de r\u00e9sultats, le tout sur un seul site web.","robots":{"index":"index","follow":"follow","max-snippet":"max-snippet:-1","max-image-preview":"max-image-preview:large","max-video-preview":"max-video-preview:-1"},"canonical":"https:\/\/jackpotlotteryonline.com\/fr\/numeros-gagnants\/powerball\/","og_locale":"fr_FR","og_type":"article","og_title":"Num\u00e9ros gagnants Powerball et r\u00e9sultats du tirage","og_description":"Tous les derniers r\u00e9sultats de tirage et num\u00e9ros gagnants de Powerball USA, plus une archive de r\u00e9sultats, le tout sur un seul site web.","og_url":"https:\/\/jackpotlotteryonline.com\/fr\/numeros-gagnants\/powerball\/","og_site_name":"Lotto Online - Crack The International Lottery Jackpots","article_modified_time":"2022-12-26T13:43:42+00:00","og_image":[{"url":"https:\/\/jackpotlotteryonline.com\/wp-content\/uploads\/2022\/11\/1_results_powerball.jpg"}],"twitter_card":"summary_large_image","twitter_misc":{"Dur\u00e9e de lecture estim\u00e9e":"6 minutes"},"schema":{"@context":"https:\/\/schema.org","@graph":[{"@type":"WebPage","@id":"https:\/\/jackpotlotteryonline.com\/fr\/numeros-gagnants\/powerball\/","url":"https:\/\/jackpotlotteryonline.com\/fr\/numeros-gagnants\/powerball\/","name":"Num\u00e9ros gagnants Powerball et r\u00e9sultats du tirage","isPartOf":{"@id":"https:\/\/jackpotlotteryonline.com\/#website"},"primaryImageOfPage":{"@id":"https:\/\/jackpotlotteryonline.com\/fr\/numeros-gagnants\/powerball\/#primaryimage"},"image":{"@id":"https:\/\/jackpotlotteryonline.com\/fr\/numeros-gagnants\/powerball\/#primaryimage"},"thumbnailUrl":"https:\/\/jackpotlotteryonline.com\/wp-content\/uploads\/2022\/11\/1_results_powerball.jpg","datePublished":"2022-12-05T08:18:31+00:00","dateModified":"2022-12-26T13:43:42+00:00","description":"Tous les derniers r\u00e9sultats de tirage et num\u00e9ros gagnants de Powerball USA, plus une archive de r\u00e9sultats, le tout sur un seul site web.","breadcrumb":{"@id":"https:\/\/jackpotlotteryonline.com\/fr\/numeros-gagnants\/powerball\/#breadcrumb"},"inLanguage":"fr-FR","potentialAction":[{"@type":"ReadAction","target":["https:\/\/jackpotlotteryonline.com\/fr\/numeros-gagnants\/powerball\/"]}]},{"@type":"ImageObject","inLanguage":"fr-FR","@id":"https:\/\/jackpotlotteryonline.com\/fr\/numeros-gagnants\/powerball\/#primaryimage","url":"https:\/\/jackpotlotteryonline.com\/wp-content\/uploads\/2022\/11\/1_results_powerball.jpg","contentUrl":"https:\/\/jackpotlotteryonline.com\/wp-content\/uploads\/2022\/11\/1_results_powerball.jpg"},{"@type":"BreadcrumbList","@id":"https:\/\/jackpotlotteryonline.com\/fr\/numeros-gagnants\/powerball\/#breadcrumb","itemListElement":[{"@type":"ListItem","position":1,"name":"Home","item":"https:\/\/jackpotlotteryonline.com\/fr\/"},{"@type":"ListItem","position":2,"name":"R\u00e9sultats de la loterie","item":"https:\/\/jackpotlotteryonline.com\/winning-numbers\/"},{"@type":"ListItem","position":3,"name":"R\u00e9sultats du tirage Powerball"}]},{"@type":"WebSite","@id":"https:\/\/jackpotlotteryonline.com\/#website","url":"https:\/\/jackpotlotteryonline.com\/","name":"Lotto Online - Crack The International Lottery Jackpots","description":"","potentialAction":[{"@type":"SearchAction","target":{"@type":"EntryPoint","urlTemplate":"https:\/\/jackpotlotteryonline.com\/?s={search_term_string}"},"query-input":"required name=search_term_string"}],"inLanguage":"fr-FR"}]}},"_links":{"self":[{"href":"https:\/\/jackpotlotteryonline.com\/fr\/wp-json\/wp\/v2\/pages\/40480","targetHints":{"allow":["GET"]}}],"collection":[{"href":"https:\/\/jackpotlotteryonline.com\/fr\/wp-json\/wp\/v2\/pages"}],"about":[{"href":"https:\/\/jackpotlotteryonline.com\/fr\/wp-json\/wp\/v2\/types\/page"}],"author":[{"embeddable":true,"href":"https:\/\/jackpotlotteryonline.com\/fr\/wp-json\/wp\/v2\/users\/1"}],"replies":[{"embeddable":true,"href":"https:\/\/jackpotlotteryonline.com\/fr\/wp-json\/wp\/v2\/comments?post=40480"}],"version-history":[{"count":0,"href":"https:\/\/jackpotlotteryonline.com\/fr\/wp-json\/wp\/v2\/pages\/40480\/revisions"}],"up":[{"embeddable":true,"href":"https:\/\/jackpotlotteryonline.com\/fr\/wp-json\/wp\/v2\/pages\/35826"}],"wp:attachment":[{"href":"https:\/\/jackpotlotteryonline.com\/fr\/wp-json\/wp\/v2\/media?parent=40480"}],"curies":[{"name":"wp","href":"https:\/\/api.w.org\/{rel}","templated":true}]}}