{"id":40532,"date":"2022-12-05T09:44:38","date_gmt":"2022-12-05T09:44:38","guid":{"rendered":"https:\/\/jackpotlotteryonline.com\/?page_id=40532"},"modified":"2022-12-26T19:48:21","modified_gmt":"2022-12-26T19:48:21","slug":"mega-millions","status":"publish","type":"page","link":"https:\/\/jackpotlotteryonline.com\/fr\/numeros-gagnants\/mega-millions\/","title":{"rendered":"R\u00e9sultats du tirage Mega Millions"},"content":{"rendered":"<p>Mega Millions est connu pour ses m\u00e9ga jackpots et les parieurs du monde entier adorent l&#8217;id\u00e9e de gagner cette loterie. Gagner \u00e0 la loterie Mega Millions est le r\u00eave am\u00e9ricain et des millions de joueurs s&#8217;y efforcent. Heureusement, les joueurs du monde entier ont maintenant une chance de gagner \u00e0 Mega Millions en achetant des billets en ligne. Si vous vous demandez comment faire, nous avons une surprise pour vous.<\/p>\n<p>Si vous \u00eates un nouveau joueur (ou un habitu\u00e9), vous pouvez<a href=\"https:\/\/jackpotlotteryonline.com\/fr\/acheter-tickets\/mega-millions\"> acheter des billets pour Mega Millions ici m\u00eame sur notre site<\/a>. Mais ce n&#8217;est pas tout, ici \u00e0 jackpotlotteryonline.com, nous vous donnons \u00e9galement une chance de gagner \u00e0 plusieurs loteries internationales de premier plan. Donc, si vous voulez essayer de gagner aux loteries d&#8217;Australie, d&#8217;Europe ou d&#8217;Am\u00e9rique, restez avec nous.<\/p>\n<section class=\"layout\" style=\"border: solid 1px; width: 100%;\">\n<div class=\"img-div\" style=\"margin-top: 5px;\"><img decoding=\"async\" class=\"wp-image-17212 alignleft\" style=\"height: 45px; margin: 8px 8px 0px;\" src=\"https:\/\/jackpotlotteryonline.com\/wp-content\/uploads\/2022\/11\/read1.jpg\" alt=\"lire\" width=\"\" height=\"\" \/><\/div>\n<div style=\"padding-left: 5px;\">\n<div style=\"font-size: 1.1em;\">\n<p><strong>Loteries europ\u00e9ennes<\/strong><\/p>\n<p style=\"font-size: 0.85em; margin-top: -1.5em;\">Quelles sont les meilleures loteries europ\u00e9ennes ?\u00a0<a href=\"https:\/\/jackpotlotteryonline.com\/fr\/quelles-sont-les-meilleures-loteries-europeennes\">en savoir plus<\/a><\/p>\n<\/div>\n<\/div>\n<\/section>\n<p>Oh, et nous vous dirons aussi comment avoir acc\u00e8s \u00e0 vos gains Mega Millions. Il est inutile de <a href=\"https:\/\/jackpotlotteryonline.com\/fr\/comment-jouer\/mega-millions\">jouer \u00e0 Mega Millions<\/a>, de gagner et de ne pas pouvoir acc\u00e9der \u00e0 votre prix. Alors d\u00e9tendez-vous et continuez \u00e0 lire pour d\u00e9couvrir tout ce que vous devez savoir sur les num\u00e9ros gagnants de Mega Millions.<\/p>\n<h2>Comment choisir les num\u00e9ros gagnants de Mega Millions<\/h2>\n<p><img loading=\"lazy\" decoding=\"async\" class=\"alignright size-full wp-image-31073\" src=\"https:\/\/jackpotlotteryonline.com\/wp-content\/uploads\/2022\/11\/logo_Mega_Millions_233x110.png\" alt=\"bacheter un billet Mega Millions en ligne\" width=\"232\" height=\"110\" \/>Toute personne qui ach\u00e8te un billet de loterie esp\u00e8re que, d&#8217;une mani\u00e8re ou d&#8217;une autre, elle obtiendra le billet gagnant. C&#8217;est un instinct humain naturel. Nous savons que les chances sont peut-\u00eatre \u00e9lev\u00e9es, mais quelqu&#8217;un doit obtenir le ticket gagnant. Et \u00e7a pourrait aussi bien \u00eatre vous, non ? Mais, comment faire ? Eh bien, il existe des astuces que les joueurs utilisent pour choisir les num\u00e9ros gagnants.<\/p>\n<p>Nous allons \u00eatre francs et vous dire qu&#8217;il n&#8217;y a pas de moyen garanti d&#8217;obtenir le ticket gagnant. C&#8217;est un jeu de hasard et chaque joueur doit simplement tenter sa chance. Cela dit, il existe des moyens de vous aider \u00e0 vous sentir chanceux. Pour cela, les num\u00e9ros gagnants que vous choisissez sont tr\u00e8s importants.<\/p>\n<p>En gros, vous pouvez choisir des num\u00e9ros gagnants en choisissant des dates chanceuses. Certaines personnes consid\u00e8rent les dates de leur naissance comme chanceuses. On dit que certaines personnes sont n\u00e9es sous une bonne \u00e9toile. Si vous vous sentez comme l&#8217;un d&#8217;entre eux, vous pouvez alors utiliser tout ou partie de votre date de naissance pour votre billet de loterie. Si vous ne vous sentez pas aussi chanceux, utilisez le g\u00e9n\u00e9rateur automatique pour choisir des num\u00e9ros gagnants au hasard.<\/p>\n<h2>Gagner Mega Millions en ligne<\/h2>\n<p>Les r\u00e8gles du jeu sont les m\u00eames, que vous jouiez en ligne ou hors ligne. Nous allons vous expliquer comment choisir les num\u00e9ros gagnants en ligne. Une fois que vous aurez compris, vous ne voudrez plus jouer \u00e0 la loterie d&#8217;une autre mani\u00e8re. Il y a quelque chose d&#8217;incroyable \u00e0 ne pas avoir \u00e0 se d\u00e9placer pour acheter son billet de loterie. Il suffit d&#8217;utiliser votre ordinateur ou votre appareil mobile.<\/p>\n<p>Tout d&#8217;abord, les r\u00e8gles. Pour Mega Millions, vous devez choisir 5 num\u00e9ros entre 1 et 70 et une Mega Ball entre 1 et 25. Une fois que vous avez choisi votre combinaison gagnante, vous pouvez participer aux tirages. Les jours de tirage sont le mardi et le vendredi de chaque semaine. Vous avez la possibilit\u00e9 de participer \u00e0 un seul tirage ou aux deux.<\/p>\n<p>Vous pouvez \u00e9galement participer aux tirages plusieurs semaines \u00e0 l&#8217;avance. Si vous obtenez la combinaison gagnante, vous gagnez gros. Avant de payer vos participations, nous vous demanderons de vous enregistrer. Cela vous permettra d&#8217;acc\u00e9der plus facilement \u00e0 vos gains et de les r\u00e9clamer. Mais nous vous expliquerons cela plus tard, continuez \u00e0 lire.<\/p>\n<h2>V\u00e9rification des num\u00e9ros gagnants<\/h2>\n<p>Le jackpot de Mega Millions commence \u00e0 40 millions de dollars. C&#8217;est le minimum garanti et le prix du jackpot ne descend pas en dessous de cette somme. Si aucun num\u00e9ro gagnant n&#8217;appara\u00eet \u00e0 l&#8217;issue des tirages, le jackpot est report\u00e9 au tirage suivant. Il continue \u00e0 tourner jusqu&#8217;\u00e0 ce qu&#8217;un ticket gagnant soit trouv\u00e9.<\/p>\n<p>Pour v\u00e9rifier les r\u00e9sultats gagnants de la loterie Mega Millions, il suffit de revenir sur cette page apr\u00e8s chaque tirage. C&#8217;est aussi simple que cela. Nous publions les r\u00e9sultats des gains pour chaque tirage sur cette page, y compris pour les autres cat\u00e9gories de prix. Oui, gagner le jackpot n&#8217;est pas tout ce que vous pouvez gagner lorsque vous jouez \u00e0 Mega Millions.<\/p>\n<p>Si vous gagnez un prix, nous vous en informerons imm\u00e9diatement par e-mail afin que vous puissiez r\u00e9clamer vos gains.<\/p>\n<h2>Cat\u00e9gories de prix Mega Millions<\/h2>\n<p>Bon, nous savons que vous \u00eates probablement curieux de savoir si vous pouvez gagner d&#8217;autres prix en jouant \u00e0 cette loterie. Nous esp\u00e9rons tous gagner \u00e0 la loterie, mais quand on vise les \u00e9toiles, il arrive qu&#8217;on touche le ciel. Et ces prix sont assez impressionnants. Voici donc la r\u00e9partition des prix.<\/p>\n<p>Division 1 : 5 + Mega Ball &#8211; Jackpot<\/p>\n<p>Division 2 : 5 &#8211; 1 000 000 $.<\/p>\n<p>Division 3 : 4 + Mega Ball &#8211; 10 000 $.<\/p>\n<p>Division 4 : 4 &#8211; 500<\/p>\n<p>Division 5 : 3 + Mega Ball &#8211; 200 dollars<\/p>\n<p>Division 6 : 3 &#8211; 10<\/p>\n<p>Division 7 : 2 + Mega Ball &#8211; 10 dollars<\/p>\n<p>Division 8 : 1 + Mega Ball &#8211; 4<\/p>\n<p>Division 8 : Mega Ball seulement &#8211; 2<\/p>\n<p>Remporter le deuxi\u00e8me prix serait \u00e9galement tout \u00e0 fait remarquable, n&#8217;est-ce pas ? C&#8217;est ce que nous pensons aussi.<\/p>\n<h2>Comment r\u00e9clamer votre prix<\/h2>\n<p><img loading=\"lazy\" decoding=\"async\" class=\"alignright size-full wp-image-19115\" src=\"https:\/\/jackpotlotteryonline.com\/wp-content\/uploads\/2022\/10\/2_ticket_mega_millions3.jpg\" alt=\"scan du ticket Mega Millions\" width=\"180\" height=\"193\" \/>C&#8217;est bien beau de jouer \u00e0 la loterie en ligne, mais comment r\u00e9clamer ses gains ? Eh bien, nous nous en occupons \u00e9galement. Si vous avez achet\u00e9 votre billet de loterie sur jackpotlotteryonline.com, vous pouvez facilement acc\u00e9der \u00e0 vos gains. Une fois que vous vous \u00eates connect\u00e9 \u00e0 votre compte, il vous suffit d&#8217;effectuer un retrait depuis notre plateforme vers votre banque.<\/p>\n<p>Ce processus sans tracas est la principale raison pour laquelle nous demandons \u00e0 nos clients de s&#8217;inscrire. Il facilite grandement le retrait de vos gains, quel que soit votre lieu de r\u00e9sidence.<\/p>\n<p>Notez que cela concerne g\u00e9n\u00e9ralement les gains inf\u00e9rieurs \u00e0 2 500 \u20ac. Si vos gains sont sup\u00e9rieurs \u00e0 2 500 \u20ac, vous devrez peut-\u00eatre contacter directement la soci\u00e9t\u00e9 de loterie pour r\u00e9clamer votre gain. Mais ce n&#8217;est pas un probl\u00e8me, car nous vous aiderons \u00e0 remplir un formulaire de r\u00e9clamation.<\/p>\n<h2>Pourquoi jouer \u00e0 la loterie sur jackpotlotteryonline.com ?<\/h2>\n<p>Tout ce que nous faisons chez jackpotlotteryonline.com vise \u00e0 vous faire vivre une exp\u00e9rience fantastique lorsque vous jouez \u00e0 Mega Millions. Il y a tellement de choses dans la vie qui sont difficiles, mais gagner \u00e0 la loterie ne devrait pas en faire partie. Nous nous occupons donc de tous ces petits d\u00e9tails ennuyeux pour que vous puissiez vous concentrer sur le plaisir que vous voulez avoir.<\/p>\n<p>De plus, nous sommes un site de conciergerie. Cela signifie que nous donnons \u00e0 nos clients une chance de gagner \u00e0 la loterie. Vous ne pariez pas sur le r\u00e9sultat de Mega Millions comme c&#8217;est le cas sur de nombreux sites de loterie. Nous donnons en fait \u00e0 nos clients l&#8217;acc\u00e8s \u00e0 des loteries internationales gagnantes comme Mega Millions. Lorsque vous achetez des billets sur notre site, si vous avez le billet gagnant, vous gagnez la loterie.<\/p>\n<p>Nous permettons \u00e0 nos clients de v\u00e9rifier facilement les num\u00e9ros gagnants de Mega Millions ainsi que l&#8217;historique des tirages. La consultation de l&#8217;historique des tirages aide les joueurs \u00e0 cr\u00e9er leur strat\u00e9gie de jeu gagnante. Enfin, l&#8217;acc\u00e8s \u00e0 vos gains est aussi simple qu&#8217;un clic. Profitez d\u00e8s aujourd&#8217;hui de la loterie Mega Millions en vous inscrivant chez nous.<\/p>\n","protected":false},"excerpt":{"rendered":"<p>Mega Millions est connu pour ses m\u00e9ga jackpots et les parieurs du monde entier adorent l&#8217;id\u00e9e de gagner cette loterie. Gagner \u00e0 la loterie Mega Millions est le r\u00eave am\u00e9ricain et des millions de joueurs s&#8217;y efforcent. Heureusement, les joueurs du monde entier ont maintenant une chance de gagner \u00e0 Mega Millions en achetant des [&hellip;]<\/p>\n","protected":false},"author":1,"featured_media":0,"parent":35826,"menu_order":2,"comment_status":"closed","ping_status":"closed","template":"megamillion-results.php","meta":{"_et_pb_use_builder":"","_et_pb_old_content":"","_et_gb_content_width":"","exclude_from_search":false,"footnotes":""},"class_list":["post-40532","page","type-page","status-publish","hentry"],"yoast_head":"<!-- This site is optimized with the Yoast SEO plugin v23.3 - https:\/\/yoast.com\/wordpress\/plugins\/seo\/ -->\n<title>Num\u00e9ros gagnants Mega Millions et r\u00e9sultats des tirages<\/title>\n<meta name=\"description\" content=\"Retrouvez les r\u00e9sultats du tirage Mega Millions de cette semaine et des ann\u00e9es pr\u00e9c\u00e9dentes ainsi que le num\u00e9ro gagnant ici sur notre site.\" \/>\n<meta name=\"robots\" content=\"index, follow, max-snippet:-1, max-image-preview:large, max-video-preview:-1\" \/>\n<link rel=\"canonical\" href=\"https:\/\/jackpotlotteryonline.com\/fr\/numeros-gagnants\/mega-millions\/\" \/>\n<meta property=\"og:locale\" content=\"fr_FR\" \/>\n<meta property=\"og:type\" content=\"article\" \/>\n<meta property=\"og:title\" content=\"Num\u00e9ros gagnants Mega Millions et r\u00e9sultats des tirages\" \/>\n<meta property=\"og:description\" content=\"Retrouvez les r\u00e9sultats du tirage Mega Millions de cette semaine et des ann\u00e9es pr\u00e9c\u00e9dentes ainsi que le num\u00e9ro gagnant ici sur notre site.\" \/>\n<meta property=\"og:url\" content=\"https:\/\/jackpotlotteryonline.com\/fr\/numeros-gagnants\/mega-millions\/\" \/>\n<meta property=\"og:site_name\" content=\"Lotto Online - Crack The International Lottery Jackpots\" \/>\n<meta property=\"article:modified_time\" content=\"2022-12-26T19:48:21+00:00\" \/>\n<meta property=\"og:image\" content=\"https:\/\/jackpotlotteryonline.com\/wp-content\/uploads\/2022\/11\/read1.jpg\" \/>\n<meta name=\"twitter:card\" content=\"summary_large_image\" \/>\n<meta name=\"twitter:label1\" content=\"Dur\u00e9e de lecture estim\u00e9e\" \/>\n\t<meta name=\"twitter:data1\" content=\"6 minutes\" \/>\n<!-- \/ Yoast SEO plugin. -->","yoast_head_json":{"title":"Num\u00e9ros gagnants Mega Millions et r\u00e9sultats des tirages","description":"Retrouvez les r\u00e9sultats du tirage Mega Millions de cette semaine et des ann\u00e9es pr\u00e9c\u00e9dentes ainsi que le num\u00e9ro gagnant ici sur notre site.","robots":{"index":"index","follow":"follow","max-snippet":"max-snippet:-1","max-image-preview":"max-image-preview:large","max-video-preview":"max-video-preview:-1"},"canonical":"https:\/\/jackpotlotteryonline.com\/fr\/numeros-gagnants\/mega-millions\/","og_locale":"fr_FR","og_type":"article","og_title":"Num\u00e9ros gagnants Mega Millions et r\u00e9sultats des tirages","og_description":"Retrouvez les r\u00e9sultats du tirage Mega Millions de cette semaine et des ann\u00e9es pr\u00e9c\u00e9dentes ainsi que le num\u00e9ro gagnant ici sur notre site.","og_url":"https:\/\/jackpotlotteryonline.com\/fr\/numeros-gagnants\/mega-millions\/","og_site_name":"Lotto Online - Crack The International Lottery Jackpots","article_modified_time":"2022-12-26T19:48:21+00:00","og_image":[{"url":"https:\/\/jackpotlotteryonline.com\/wp-content\/uploads\/2022\/11\/read1.jpg"}],"twitter_card":"summary_large_image","twitter_misc":{"Dur\u00e9e de lecture estim\u00e9e":"6 minutes"},"schema":{"@context":"https:\/\/schema.org","@graph":[{"@type":"WebPage","@id":"https:\/\/jackpotlotteryonline.com\/fr\/numeros-gagnants\/mega-millions\/","url":"https:\/\/jackpotlotteryonline.com\/fr\/numeros-gagnants\/mega-millions\/","name":"Num\u00e9ros gagnants Mega Millions et r\u00e9sultats des tirages","isPartOf":{"@id":"https:\/\/jackpotlotteryonline.com\/#website"},"primaryImageOfPage":{"@id":"https:\/\/jackpotlotteryonline.com\/fr\/numeros-gagnants\/mega-millions\/#primaryimage"},"image":{"@id":"https:\/\/jackpotlotteryonline.com\/fr\/numeros-gagnants\/mega-millions\/#primaryimage"},"thumbnailUrl":"https:\/\/jackpotlotteryonline.com\/wp-content\/uploads\/2022\/11\/read1.jpg","datePublished":"2022-12-05T09:44:38+00:00","dateModified":"2022-12-26T19:48:21+00:00","description":"Retrouvez les r\u00e9sultats du tirage Mega Millions de cette semaine et des ann\u00e9es pr\u00e9c\u00e9dentes ainsi que le num\u00e9ro gagnant ici sur notre site.","breadcrumb":{"@id":"https:\/\/jackpotlotteryonline.com\/fr\/numeros-gagnants\/mega-millions\/#breadcrumb"},"inLanguage":"fr-FR","potentialAction":[{"@type":"ReadAction","target":["https:\/\/jackpotlotteryonline.com\/fr\/numeros-gagnants\/mega-millions\/"]}]},{"@type":"ImageObject","inLanguage":"fr-FR","@id":"https:\/\/jackpotlotteryonline.com\/fr\/numeros-gagnants\/mega-millions\/#primaryimage","url":"https:\/\/jackpotlotteryonline.com\/wp-content\/uploads\/2022\/11\/read1.jpg","contentUrl":"https:\/\/jackpotlotteryonline.com\/wp-content\/uploads\/2022\/11\/read1.jpg"},{"@type":"BreadcrumbList","@id":"https:\/\/jackpotlotteryonline.com\/fr\/numeros-gagnants\/mega-millions\/#breadcrumb","itemListElement":[{"@type":"ListItem","position":1,"name":"Home","item":"https:\/\/jackpotlotteryonline.com\/fr\/"},{"@type":"ListItem","position":2,"name":"R\u00e9sultats de la loterie","item":"https:\/\/jackpotlotteryonline.com\/winning-numbers\/"},{"@type":"ListItem","position":3,"name":"R\u00e9sultats du tirage Mega Millions"}]},{"@type":"WebSite","@id":"https:\/\/jackpotlotteryonline.com\/#website","url":"https:\/\/jackpotlotteryonline.com\/","name":"Lotto Online - Crack The International Lottery Jackpots","description":"","potentialAction":[{"@type":"SearchAction","target":{"@type":"EntryPoint","urlTemplate":"https:\/\/jackpotlotteryonline.com\/?s={search_term_string}"},"query-input":"required name=search_term_string"}],"inLanguage":"fr-FR"}]}},"_links":{"self":[{"href":"https:\/\/jackpotlotteryonline.com\/fr\/wp-json\/wp\/v2\/pages\/40532","targetHints":{"allow":["GET"]}}],"collection":[{"href":"https:\/\/jackpotlotteryonline.com\/fr\/wp-json\/wp\/v2\/pages"}],"about":[{"href":"https:\/\/jackpotlotteryonline.com\/fr\/wp-json\/wp\/v2\/types\/page"}],"author":[{"embeddable":true,"href":"https:\/\/jackpotlotteryonline.com\/fr\/wp-json\/wp\/v2\/users\/1"}],"replies":[{"embeddable":true,"href":"https:\/\/jackpotlotteryonline.com\/fr\/wp-json\/wp\/v2\/comments?post=40532"}],"version-history":[{"count":0,"href":"https:\/\/jackpotlotteryonline.com\/fr\/wp-json\/wp\/v2\/pages\/40532\/revisions"}],"up":[{"embeddable":true,"href":"https:\/\/jackpotlotteryonline.com\/fr\/wp-json\/wp\/v2\/pages\/35826"}],"wp:attachment":[{"href":"https:\/\/jackpotlotteryonline.com\/fr\/wp-json\/wp\/v2\/media?parent=40532"}],"curies":[{"name":"wp","href":"https:\/\/api.w.org\/{rel}","templated":true}]}}