{"id":40586,"date":"2022-12-05T12:53:05","date_gmt":"2022-12-05T12:53:05","guid":{"rendered":"https:\/\/jackpotlotteryonline.com\/?page_id=40586"},"modified":"2022-12-27T08:04:46","modified_gmt":"2022-12-27T08:04:46","slug":"euromillions","status":"publish","type":"page","link":"https:\/\/jackpotlotteryonline.com\/fr\/numeros-gagnants\/euromillions\/","title":{"rendered":"R\u00e9sultats du tirage Euromillions"},"content":{"rendered":"<p>Les joueurs qui ach\u00e8tent des billets de loterie s&#8217;inqui\u00e8tent souvent de manquer leurs gains. C&#8217;est parce que les gens sont n\u00e9gligents et que des billets disparaissent ; sans votre billet de loterie, vous ne pouvez pas r\u00e9clamer votre prix. Mais lorsque vous jouez \u00e0 la loterie en ligne, vous n&#8217;avez jamais \u00e0 vous soucier des billets manquants car tout est num\u00e9rique. Cependant, v\u00e9rifier les num\u00e9ros gagnants peut toujours \u00eatre un probl\u00e8me si vous ne savez pas quoi faire. Et c&#8217;est pourquoi nous sommes l\u00e0.<\/p>\n<p>Chez jackpotlotteryonline.com, nous donnons aux joueurs l&#8217;acc\u00e8s aux meilleures loteries internationales en ligne. Nous vous permettons \u00e9galement d&#8217;acheter facilement vos billets de loterie et de v\u00e9rifier les num\u00e9ros gagnants de l&#8217;Euromillions, o\u00f9 que vous soyez.<\/p>\n<h2>Comment gagner le jackpot ?<\/h2>\n<p><img loading=\"lazy\" decoding=\"async\" class=\"alignright size-full wp-image-31019\" src=\"https:\/\/jackpotlotteryonline.com\/wp-content\/uploads\/2022\/11\/euromillions.png\" alt=\"gagner l'Euromillions\" width=\"200\" height=\"212\" \/>C&#8217;est une question essentielle car tous ceux qui jouent \u00e0 la loterie aimeraient savoir ce qu&#8217;il faut faire pour gagner. La r\u00e9ponse est simple : pour gagner \u00e0 la loterie, il suffit de correspondre aux num\u00e9ros tir\u00e9s. Bien s\u00fbr, nous savons tous que ce n&#8217;est pas si simple. La loterie d\u00e9pend beaucoup de la chance.<\/p>\n<p>Pour l&#8217;Euromillions, un joueur doit choisir 5 chiffres de 1 \u00e0 70 et 2 Lucky Stars. Celui qui obtient les 7 chiffres tir\u00e9s au sort gagne la loterie.<\/p>\n<p>Vous pouvez consulter les combinaisons pass\u00e9es ici pour savoir quels chiffres apparaissent le plus ou le moins souvent. Cela pourrait vous aider \u00e0 planifier votre strat\u00e9gie gagnante pour la loterie europ\u00e9enne.<\/p>\n<h2>Comment v\u00e9rifier le gagnant<\/h2>\n<p>Il existe plusieurs fa\u00e7ons de v\u00e9rifier le gagnant de la loterie en ligne. Le probl\u00e8me, c&#8217;est qu&#8217;en consultant un site al\u00e9atoire, vous risquez de ne pas obtenir des informations pr\u00e9cises. En outre, si vous consultez les sites d&#8217;information, vous risquez de ne d\u00e9couvrir que la combinaison qui a remport\u00e9 le jackpot.<\/p>\n<p>La loterie europ\u00e9enne comporte plusieurs cat\u00e9gories de prix et m\u00eame si vous ne remportez pas le premier prix, vous pouvez rentrer chez vous avec une bonne somme. Il est donc important de v\u00e9rifier votre billet par rapport aux autres cat\u00e9gories de prix.<\/p>\n<p>Si vous <a href=\"https:\/\/jackpotlotteryonline.com\/fr\/acheter-tickets\/euromillions\">achetez votre billet de loterie<\/a> sur jackpotlotteryonline.com, nous vous enverrons un e-mail d\u00e8s que vous aurez gagn\u00e9 un prix. Ainsi, vous n&#8217;avez pas \u00e0 vous inqui\u00e9ter de perdre vos prix.<\/p>\n<h2>Acc\u00e9der \u00e0 votre gain<\/h2>\n<p>Puisque vous <a href=\"https:\/\/jackpotlotteryonline.com\/fr\/comment-jouer\/euromillions\">jouez \u00e0 la loterie en ligne<\/a>, il est naturel de se demander ce qui se passe lorsque vous gagnez un prix. Si vous jouez avec nous, l&#8217;acc\u00e8s \u00e0 votre gain est aussi simple que l&#8217;achat de votre billet. Nous voulons dire par l\u00e0 que vous pouvez facilement retirer vos gains sur notre site. Pas de tracas ni de complications.<\/p>\n<p>Si vous gagnez le jackpot ou un montant sup\u00e9rieur \u00e0 2 500 \u20ac, vous devrez peut-\u00eatre remplir un formulaire de r\u00e9clamation. Mais ne vous inqui\u00e9tez pas, ce n&#8217;est pas un processus complexe et nous vous guiderons tout au long de celui-ci.<\/p>\n<section class=\"layout\" style=\"border: solid 1px; width: 100%;\">\n<div class=\"img-div\" style=\"margin-top: 5px;\"><img decoding=\"async\" class=\"wp-image-17212 alignleft\" style=\"height: 45px; margin: 8px 8px 0px;\" src=\"https:\/\/jackpotlotteryonline.com\/wp-content\/uploads\/2022\/11\/read1.jpg\" alt=\"lire\" width=\"\" height=\"\" \/><\/div>\n<div style=\"padding-left: 5px;\">\n<div style=\"font-size: 1.1em;\">\n<p><strong>Comment suis-je pay\u00e9 si je gagne \u00e0 la loterie en ligne ?<\/strong><\/p>\n<p style=\"font-size: 0.85em; margin-top: -1.5em;\">Voici comment r\u00e9cup\u00e9rer votre argent si vous gagnez \u00e0 la loterie en ligne \u00a0<a href=\"https:\/\/jackpotlotteryonline.com\/fr\/comment-suis-je-paye-si-je-gagne-a-la-loterie-en-ligne\">en savoir plus<\/a><\/p>\n<\/div>\n<\/div>\n<\/section>\n<h2>V\u00e9rifiez vos num\u00e9ros gagnants Euromillions aujourd&#8217;hui<\/h2>\n<p>Nous avons travaill\u00e9 dur pour cr\u00e9er un environnement en ligne s\u00fbr pour nos joueurs. Nous fournissons tout ce dont vous avez besoin pour jouer \u00e0 la loterie en toute commodit\u00e9. Avec nous, vous avez acc\u00e8s aux meilleures loteries internationales et vous pouvez participer \u00e0 plusieurs tirages \u00e0 l&#8217;avance. En outre, vous pouvez facilement v\u00e9rifier les tirages ici m\u00eame et retirer vos gains.<\/p>\n","protected":false},"excerpt":{"rendered":"<p>Les joueurs qui ach\u00e8tent des billets de loterie s&#8217;inqui\u00e8tent souvent de manquer leurs gains. C&#8217;est parce que les gens sont n\u00e9gligents et que des billets disparaissent ; sans votre billet de loterie, vous ne pouvez pas r\u00e9clamer votre prix. Mais lorsque vous jouez \u00e0 la loterie en ligne, vous n&#8217;avez jamais \u00e0 vous soucier des [&hellip;]<\/p>\n","protected":false},"author":1,"featured_media":0,"parent":35826,"menu_order":3,"comment_status":"closed","ping_status":"closed","template":"euromillions-results.php","meta":{"_et_pb_use_builder":"","_et_pb_old_content":"","_et_gb_content_width":"","exclude_from_search":false,"footnotes":""},"class_list":["post-40586","page","type-page","status-publish","hentry"],"yoast_head":"<!-- This site is optimized with the Yoast SEO plugin v23.3 - https:\/\/yoast.com\/wordpress\/plugins\/seo\/ -->\n<title>Num\u00e9ros gagnants de l&#039;Euromillions et r\u00e9sultats des tirages<\/title>\n<meta name=\"description\" content=\"R\u00e9sultats des tirages de l&#039;Euromillions - num\u00e9ros gagnants du dernier tirage, ainsi qu&#039;une archive des r\u00e9sultats pass\u00e9s.\" \/>\n<meta name=\"robots\" content=\"index, follow, max-snippet:-1, max-image-preview:large, max-video-preview:-1\" \/>\n<link rel=\"canonical\" href=\"https:\/\/jackpotlotteryonline.com\/fr\/numeros-gagnants\/euromillions\/\" \/>\n<meta property=\"og:locale\" content=\"fr_FR\" \/>\n<meta property=\"og:type\" content=\"article\" \/>\n<meta property=\"og:title\" content=\"Num\u00e9ros gagnants de l&#039;Euromillions et r\u00e9sultats des tirages\" \/>\n<meta property=\"og:description\" content=\"R\u00e9sultats des tirages de l&#039;Euromillions - num\u00e9ros gagnants du dernier tirage, ainsi qu&#039;une archive des r\u00e9sultats pass\u00e9s.\" \/>\n<meta property=\"og:url\" content=\"https:\/\/jackpotlotteryonline.com\/fr\/numeros-gagnants\/euromillions\/\" \/>\n<meta property=\"og:site_name\" content=\"Lotto Online - Crack The International Lottery Jackpots\" \/>\n<meta property=\"article:modified_time\" content=\"2022-12-27T08:04:46+00:00\" \/>\n<meta property=\"og:image\" content=\"https:\/\/jackpotlotteryonline.com\/wp-content\/uploads\/2022\/11\/euromillions.png\" \/>\n<meta name=\"twitter:card\" content=\"summary_large_image\" \/>\n<meta name=\"twitter:label1\" content=\"Dur\u00e9e de lecture estim\u00e9e\" \/>\n\t<meta name=\"twitter:data1\" content=\"3 minutes\" \/>\n<!-- \/ Yoast SEO plugin. -->","yoast_head_json":{"title":"Num\u00e9ros gagnants de l'Euromillions et r\u00e9sultats des tirages","description":"R\u00e9sultats des tirages de l'Euromillions - num\u00e9ros gagnants du dernier tirage, ainsi qu'une archive des r\u00e9sultats pass\u00e9s.","robots":{"index":"index","follow":"follow","max-snippet":"max-snippet:-1","max-image-preview":"max-image-preview:large","max-video-preview":"max-video-preview:-1"},"canonical":"https:\/\/jackpotlotteryonline.com\/fr\/numeros-gagnants\/euromillions\/","og_locale":"fr_FR","og_type":"article","og_title":"Num\u00e9ros gagnants de l'Euromillions et r\u00e9sultats des tirages","og_description":"R\u00e9sultats des tirages de l'Euromillions - num\u00e9ros gagnants du dernier tirage, ainsi qu'une archive des r\u00e9sultats pass\u00e9s.","og_url":"https:\/\/jackpotlotteryonline.com\/fr\/numeros-gagnants\/euromillions\/","og_site_name":"Lotto Online - Crack The International Lottery Jackpots","article_modified_time":"2022-12-27T08:04:46+00:00","og_image":[{"url":"https:\/\/jackpotlotteryonline.com\/wp-content\/uploads\/2022\/11\/euromillions.png"}],"twitter_card":"summary_large_image","twitter_misc":{"Dur\u00e9e de lecture estim\u00e9e":"3 minutes"},"schema":{"@context":"https:\/\/schema.org","@graph":[{"@type":"WebPage","@id":"https:\/\/jackpotlotteryonline.com\/fr\/numeros-gagnants\/euromillions\/","url":"https:\/\/jackpotlotteryonline.com\/fr\/numeros-gagnants\/euromillions\/","name":"Num\u00e9ros gagnants de l'Euromillions et r\u00e9sultats des tirages","isPartOf":{"@id":"https:\/\/jackpotlotteryonline.com\/#website"},"primaryImageOfPage":{"@id":"https:\/\/jackpotlotteryonline.com\/fr\/numeros-gagnants\/euromillions\/#primaryimage"},"image":{"@id":"https:\/\/jackpotlotteryonline.com\/fr\/numeros-gagnants\/euromillions\/#primaryimage"},"thumbnailUrl":"https:\/\/jackpotlotteryonline.com\/wp-content\/uploads\/2022\/11\/euromillions.png","datePublished":"2022-12-05T12:53:05+00:00","dateModified":"2022-12-27T08:04:46+00:00","description":"R\u00e9sultats des tirages de l'Euromillions - num\u00e9ros gagnants du dernier tirage, ainsi qu'une archive des r\u00e9sultats pass\u00e9s.","breadcrumb":{"@id":"https:\/\/jackpotlotteryonline.com\/fr\/numeros-gagnants\/euromillions\/#breadcrumb"},"inLanguage":"fr-FR","potentialAction":[{"@type":"ReadAction","target":["https:\/\/jackpotlotteryonline.com\/fr\/numeros-gagnants\/euromillions\/"]}]},{"@type":"ImageObject","inLanguage":"fr-FR","@id":"https:\/\/jackpotlotteryonline.com\/fr\/numeros-gagnants\/euromillions\/#primaryimage","url":"https:\/\/jackpotlotteryonline.com\/wp-content\/uploads\/2022\/11\/euromillions.png","contentUrl":"https:\/\/jackpotlotteryonline.com\/wp-content\/uploads\/2022\/11\/euromillions.png"},{"@type":"BreadcrumbList","@id":"https:\/\/jackpotlotteryonline.com\/fr\/numeros-gagnants\/euromillions\/#breadcrumb","itemListElement":[{"@type":"ListItem","position":1,"name":"Home","item":"https:\/\/jackpotlotteryonline.com\/fr\/"},{"@type":"ListItem","position":2,"name":"R\u00e9sultats de la loterie","item":"https:\/\/jackpotlotteryonline.com\/winning-numbers\/"},{"@type":"ListItem","position":3,"name":"R\u00e9sultats du tirage Euromillions"}]},{"@type":"WebSite","@id":"https:\/\/jackpotlotteryonline.com\/#website","url":"https:\/\/jackpotlotteryonline.com\/","name":"Lotto Online - Crack The International Lottery Jackpots","description":"","potentialAction":[{"@type":"SearchAction","target":{"@type":"EntryPoint","urlTemplate":"https:\/\/jackpotlotteryonline.com\/?s={search_term_string}"},"query-input":"required name=search_term_string"}],"inLanguage":"fr-FR"}]}},"_links":{"self":[{"href":"https:\/\/jackpotlotteryonline.com\/fr\/wp-json\/wp\/v2\/pages\/40586","targetHints":{"allow":["GET"]}}],"collection":[{"href":"https:\/\/jackpotlotteryonline.com\/fr\/wp-json\/wp\/v2\/pages"}],"about":[{"href":"https:\/\/jackpotlotteryonline.com\/fr\/wp-json\/wp\/v2\/types\/page"}],"author":[{"embeddable":true,"href":"https:\/\/jackpotlotteryonline.com\/fr\/wp-json\/wp\/v2\/users\/1"}],"replies":[{"embeddable":true,"href":"https:\/\/jackpotlotteryonline.com\/fr\/wp-json\/wp\/v2\/comments?post=40586"}],"version-history":[{"count":0,"href":"https:\/\/jackpotlotteryonline.com\/fr\/wp-json\/wp\/v2\/pages\/40586\/revisions"}],"up":[{"embeddable":true,"href":"https:\/\/jackpotlotteryonline.com\/fr\/wp-json\/wp\/v2\/pages\/35826"}],"wp:attachment":[{"href":"https:\/\/jackpotlotteryonline.com\/fr\/wp-json\/wp\/v2\/media?parent=40586"}],"curies":[{"name":"wp","href":"https:\/\/api.w.org\/{rel}","templated":true}]}}