{"id":40641,"date":"2022-12-06T06:17:01","date_gmt":"2022-12-06T06:17:01","guid":{"rendered":"https:\/\/jackpotlotteryonline.com\/?page_id=40641"},"modified":"2022-12-28T08:08:45","modified_gmt":"2022-12-28T08:08:45","slug":"eurojackpot","status":"publish","type":"page","link":"https:\/\/jackpotlotteryonline.com\/fr\/numeros-gagnants\/eurojackpot\/","title":{"rendered":"R\u00e9sultats du tirage Eurojackpot"},"content":{"rendered":"<p>Comment v\u00e9rifier les num\u00e9ros gagnants de la loterie Eurojackpot ? Comme il s&#8217;agit de l&#8217;une des loteries les plus populaires en Europe, les parieurs du monde entier sont impatients d&#8217;avoir l&#8217;occasion de gagner gros. Si vous ne vivez pas en Europe, vous pouvez \u00e9galement acheter des tickets de loterie et v\u00e9rifier les r\u00e9sultats du tirage en ligne.<\/p>\n<p>Lorsque vous visitez jackpotlotteryonline.com, vous avez acc\u00e8s aux meilleures loteries internationales du monde entier. Nous vous offrons un moyen simple et pratique de jouer \u00e0 la loterie et de v\u00e9rifier les tirages en un seul endroit.<\/p>\n<h2>Quelle est la combinaison gagnante ?<\/h2>\n<p><img loading=\"lazy\" decoding=\"async\" class=\"size-full wp-image-28751 alignright\" src=\"https:\/\/jackpotlotteryonline.com\/wp-content\/uploads\/2022\/11\/1_online_ticket_eurojackpot.jpg\" alt=\"Combinaisons gagnantes de l'Eurojackpot\" width=\"300\" height=\"210\" \/>La plupart des gens <a href=\"https:\/\/jackpotlotteryonline.com\/fr\/comment-jouer\/eurojackpot\">jouent \u00e0 la loterie<\/a> pour avoir une chance de gagner gros et les parieurs aiment particuli\u00e8rement l&#8217;Eurojackpot pour un certain nombre de raisons. L&#8217;une d&#8217;entre elles est la forte probabilit\u00e9 de gagner. Cette loterie a produit beaucoup de millionnaires depuis qu&#8217;elle a \u00e9t\u00e9 lanc\u00e9e.<\/p>\n<p>En principe, le gagnant est le billet qui correspond aux num\u00e9ros tir\u00e9s. Si vous jouez en ligne, vous devez choisir 5 chiffres entre 1 et 50 et 2 autres entre 1 et 12. Celui qui correspond aux sept chiffres tir\u00e9s remporte le jackpot.<\/p>\n<p>Lorsque vous choisissez vos num\u00e9ros, vous pouvez soit choisir ceux qui vous sont chers, soit des num\u00e9ros al\u00e9atoires. Certains joueurs pr\u00e9f\u00e8rent utiliser notre g\u00e9n\u00e9rateur automatique pour choisir au hasard. L&#8217;important est d&#8217;obtenir votre billet avant les tirages.<\/p>\n<h2>Comment v\u00e9rifier les r\u00e9sultats des tirages<\/h2>\n<p>Cette loterie europ\u00e9enne a deux jours de tirage, le mardi et le vendredi de chaque semaine. Les r\u00e9sultats des tirages sont souvent annonc\u00e9s lors d&#8217;un spectacle en direct. Cependant, attendre pour regarder les tirages en direct peut \u00eatre un peu g\u00eanant. Surtout si cela co\u00efncide avec une fonction importante ou votre travail, par exemple. C&#8217;est pourquoi jouer \u00e0 la loterie avec nous est une option fantastique.<\/p>\n<p>Lorsque vous jouez avec nous, vous n&#8217;avez qu&#8217;\u00e0 revenir pour conna\u00eetre les r\u00e9sultats des tirages. En effet, nous publions les r\u00e9sultats des tirages ici m\u00eame sur notre site.<\/p>\n<p>De plus, si vous gagnez un prix, nous vous le ferons savoir d\u00e8s que vous aurez gagn\u00e9 par e-mail. Et d\u00e8s que vous vous connecterez \u00e0 votre compte sur notre plateforme, vous recevrez une alerte. Jouer \u00e0 la loterie est encore plus facile et plus pratique lorsque vous achetez vos billets de loterie chez nous.<\/p>\n<h2>Que faire lorsque vous gagnez<\/h2>\n<p>Nous adorons que nos clients gagnent \u00e0 la loterie, car c&#8217;est la raison pour laquelle nous sommes l\u00e0. Pour permettre aux joueurs du monde entier d&#8217;acc\u00e9der aux meilleures loteries internationales depuis le confort de leur ordinateur ou de leur appareil mobile.<\/p>\n<p>Donc, si vous gagnez un prix, non seulement nous vous alerterons, mais vous pourrez facilement retirer vos gains depuis notre plateforme. C&#8217;est exact. Vous n&#8217;avez pas besoin de vous d\u00e9placer pour acc\u00e9der \u00e0 vos gains de loterie, vous pouvez les retirer directement sur votre compte.<\/p>\n<p>Nous devons cependant mentionner que lorsque le gain d\u00e9passe un certain montant, vous devrez peut-\u00eatre remplir un formulaire de r\u00e9clamation. Ce formulaire a pour but de vous aider \u00e0 r\u00e9cup\u00e9rer votre gain aupr\u00e8s de la soci\u00e9t\u00e9 de loterie. Mais nous sommes l\u00e0 pour vous aider et rendre le processus aussi simple et direct que possible.<\/p>\n<section class=\"layout\" style=\"border: solid 1px; width: 100%;\">\n<div class=\"img-div\" style=\"margin-top: 5px;\"><img decoding=\"async\" class=\"wp-image-17212 alignleft\" style=\"height: 45px; margin: 8px 8px 0px;\" src=\"https:\/\/jackpotlotteryonline.com\/wp-content\/uploads\/2022\/11\/read1.jpg\" alt=\"lire\" width=\"\" height=\"\" \/><\/div>\n<div style=\"padding-left: 5px;\">\n<div style=\"font-size: 1.1em;\">\n<p><strong>Comment suis-je pay\u00e9 si je gagne \u00e0 la loterie en ligne ?<\/strong><\/p>\n<p style=\"font-size: 0.85em; margin-top: -1.5em;\">Voici comment r\u00e9cup\u00e9rer votre argent si vous gagnez \u00e0 la loterie en ligne\u00a0<a href=\"https:\/\/jackpotlotteryonline.com\/fr\/comment-suis-je-paye-si-je-gagne-a-la-loterie-en-ligne\">en savoir plus<\/a><\/p>\n<\/div>\n<\/div>\n<\/section>\n<h2>V\u00e9rifiez vos num\u00e9ros gagnants Eurojackpot ici<\/h2>\n<p><a href=\"https:\/\/jackpotlotteryonline.com\/fr\/acheter-tickets\/eurojackpot\">Achetez vos billets de loterie<\/a>, participez aux tirages et v\u00e9rifiez les r\u00e9sultats des tirages, le tout sur un seul site. Visitez jackpotlotteryonline.com d\u00e8s aujourd&#8217;hui.<\/p>\n","protected":false},"excerpt":{"rendered":"<p>Comment v\u00e9rifier les num\u00e9ros gagnants de la loterie Eurojackpot ? Comme il s&#8217;agit de l&#8217;une des loteries les plus populaires en Europe, les parieurs du monde entier sont impatients d&#8217;avoir l&#8217;occasion de gagner gros. Si vous ne vivez pas en Europe, vous pouvez \u00e9galement acheter des tickets de loterie et v\u00e9rifier les r\u00e9sultats du tirage [&hellip;]<\/p>\n","protected":false},"author":1,"featured_media":0,"parent":35826,"menu_order":4,"comment_status":"closed","ping_status":"closed","template":"eurojackpot-results.php","meta":{"_et_pb_use_builder":"","_et_pb_old_content":"","_et_gb_content_width":"","exclude_from_search":false,"footnotes":""},"class_list":["post-40641","page","type-page","status-publish","hentry"],"yoast_head":"<!-- This site is optimized with the Yoast SEO plugin v23.3 - https:\/\/yoast.com\/wordpress\/plugins\/seo\/ -->\n<title>Num\u00e9ros gagnants de l&#039;Eurojackpot et r\u00e9sultats des tirages<\/title>\n<meta name=\"description\" content=\"Vous ne voulez pas conna\u00eetre les num\u00e9ros gagnants de l&#039;Eurojackpot ? Consultez ici tous les r\u00e9sultats des tirages de l&#039;Eurojackpot et de nombreuses autres loteries !\" \/>\n<meta name=\"robots\" content=\"index, follow, max-snippet:-1, max-image-preview:large, max-video-preview:-1\" \/>\n<link rel=\"canonical\" href=\"https:\/\/jackpotlotteryonline.com\/fr\/numeros-gagnants\/eurojackpot\/\" \/>\n<meta property=\"og:locale\" content=\"fr_FR\" \/>\n<meta property=\"og:type\" content=\"article\" \/>\n<meta property=\"og:title\" content=\"Num\u00e9ros gagnants de l&#039;Eurojackpot et r\u00e9sultats des tirages\" \/>\n<meta property=\"og:description\" content=\"Vous ne voulez pas conna\u00eetre les num\u00e9ros gagnants de l&#039;Eurojackpot ? Consultez ici tous les r\u00e9sultats des tirages de l&#039;Eurojackpot et de nombreuses autres loteries !\" \/>\n<meta property=\"og:url\" content=\"https:\/\/jackpotlotteryonline.com\/fr\/numeros-gagnants\/eurojackpot\/\" \/>\n<meta property=\"og:site_name\" content=\"Lotto Online - Crack The International Lottery Jackpots\" \/>\n<meta property=\"article:modified_time\" content=\"2022-12-28T08:08:45+00:00\" \/>\n<meta property=\"og:image\" content=\"https:\/\/jackpotlotteryonline.com\/wp-content\/uploads\/2022\/11\/1_online_ticket_eurojackpot.jpg\" \/>\n<meta name=\"twitter:card\" content=\"summary_large_image\" \/>\n<meta name=\"twitter:label1\" content=\"Dur\u00e9e de lecture estim\u00e9e\" \/>\n\t<meta name=\"twitter:data1\" content=\"3 minutes\" \/>\n<!-- \/ Yoast SEO plugin. -->","yoast_head_json":{"title":"Num\u00e9ros gagnants de l'Eurojackpot et r\u00e9sultats des tirages","description":"Vous ne voulez pas conna\u00eetre les num\u00e9ros gagnants de l'Eurojackpot ? Consultez ici tous les r\u00e9sultats des tirages de l'Eurojackpot et de nombreuses autres loteries !","robots":{"index":"index","follow":"follow","max-snippet":"max-snippet:-1","max-image-preview":"max-image-preview:large","max-video-preview":"max-video-preview:-1"},"canonical":"https:\/\/jackpotlotteryonline.com\/fr\/numeros-gagnants\/eurojackpot\/","og_locale":"fr_FR","og_type":"article","og_title":"Num\u00e9ros gagnants de l'Eurojackpot et r\u00e9sultats des tirages","og_description":"Vous ne voulez pas conna\u00eetre les num\u00e9ros gagnants de l'Eurojackpot ? Consultez ici tous les r\u00e9sultats des tirages de l'Eurojackpot et de nombreuses autres loteries !","og_url":"https:\/\/jackpotlotteryonline.com\/fr\/numeros-gagnants\/eurojackpot\/","og_site_name":"Lotto Online - Crack The International Lottery Jackpots","article_modified_time":"2022-12-28T08:08:45+00:00","og_image":[{"url":"https:\/\/jackpotlotteryonline.com\/wp-content\/uploads\/2022\/11\/1_online_ticket_eurojackpot.jpg"}],"twitter_card":"summary_large_image","twitter_misc":{"Dur\u00e9e de lecture estim\u00e9e":"3 minutes"},"schema":{"@context":"https:\/\/schema.org","@graph":[{"@type":"WebPage","@id":"https:\/\/jackpotlotteryonline.com\/fr\/numeros-gagnants\/eurojackpot\/","url":"https:\/\/jackpotlotteryonline.com\/fr\/numeros-gagnants\/eurojackpot\/","name":"Num\u00e9ros gagnants de l'Eurojackpot et r\u00e9sultats des tirages","isPartOf":{"@id":"https:\/\/jackpotlotteryonline.com\/#website"},"primaryImageOfPage":{"@id":"https:\/\/jackpotlotteryonline.com\/fr\/numeros-gagnants\/eurojackpot\/#primaryimage"},"image":{"@id":"https:\/\/jackpotlotteryonline.com\/fr\/numeros-gagnants\/eurojackpot\/#primaryimage"},"thumbnailUrl":"https:\/\/jackpotlotteryonline.com\/wp-content\/uploads\/2022\/11\/1_online_ticket_eurojackpot.jpg","datePublished":"2022-12-06T06:17:01+00:00","dateModified":"2022-12-28T08:08:45+00:00","description":"Vous ne voulez pas conna\u00eetre les num\u00e9ros gagnants de l'Eurojackpot ? Consultez ici tous les r\u00e9sultats des tirages de l'Eurojackpot et de nombreuses autres loteries !","breadcrumb":{"@id":"https:\/\/jackpotlotteryonline.com\/fr\/numeros-gagnants\/eurojackpot\/#breadcrumb"},"inLanguage":"fr-FR","potentialAction":[{"@type":"ReadAction","target":["https:\/\/jackpotlotteryonline.com\/fr\/numeros-gagnants\/eurojackpot\/"]}]},{"@type":"ImageObject","inLanguage":"fr-FR","@id":"https:\/\/jackpotlotteryonline.com\/fr\/numeros-gagnants\/eurojackpot\/#primaryimage","url":"https:\/\/jackpotlotteryonline.com\/wp-content\/uploads\/2022\/11\/1_online_ticket_eurojackpot.jpg","contentUrl":"https:\/\/jackpotlotteryonline.com\/wp-content\/uploads\/2022\/11\/1_online_ticket_eurojackpot.jpg"},{"@type":"BreadcrumbList","@id":"https:\/\/jackpotlotteryonline.com\/fr\/numeros-gagnants\/eurojackpot\/#breadcrumb","itemListElement":[{"@type":"ListItem","position":1,"name":"Home","item":"https:\/\/jackpotlotteryonline.com\/fr\/"},{"@type":"ListItem","position":2,"name":"R\u00e9sultats de la loterie","item":"https:\/\/jackpotlotteryonline.com\/winning-numbers\/"},{"@type":"ListItem","position":3,"name":"R\u00e9sultats du tirage Eurojackpot"}]},{"@type":"WebSite","@id":"https:\/\/jackpotlotteryonline.com\/#website","url":"https:\/\/jackpotlotteryonline.com\/","name":"Lotto Online - Crack The International Lottery Jackpots","description":"","potentialAction":[{"@type":"SearchAction","target":{"@type":"EntryPoint","urlTemplate":"https:\/\/jackpotlotteryonline.com\/?s={search_term_string}"},"query-input":"required name=search_term_string"}],"inLanguage":"fr-FR"}]}},"_links":{"self":[{"href":"https:\/\/jackpotlotteryonline.com\/fr\/wp-json\/wp\/v2\/pages\/40641","targetHints":{"allow":["GET"]}}],"collection":[{"href":"https:\/\/jackpotlotteryonline.com\/fr\/wp-json\/wp\/v2\/pages"}],"about":[{"href":"https:\/\/jackpotlotteryonline.com\/fr\/wp-json\/wp\/v2\/types\/page"}],"author":[{"embeddable":true,"href":"https:\/\/jackpotlotteryonline.com\/fr\/wp-json\/wp\/v2\/users\/1"}],"replies":[{"embeddable":true,"href":"https:\/\/jackpotlotteryonline.com\/fr\/wp-json\/wp\/v2\/comments?post=40641"}],"version-history":[{"count":0,"href":"https:\/\/jackpotlotteryonline.com\/fr\/wp-json\/wp\/v2\/pages\/40641\/revisions"}],"up":[{"embeddable":true,"href":"https:\/\/jackpotlotteryonline.com\/fr\/wp-json\/wp\/v2\/pages\/35826"}],"wp:attachment":[{"href":"https:\/\/jackpotlotteryonline.com\/fr\/wp-json\/wp\/v2\/media?parent=40641"}],"curies":[{"name":"wp","href":"https:\/\/api.w.org\/{rel}","templated":true}]}}