{"id":40710,"date":"2022-12-06T08:22:50","date_gmt":"2022-12-06T08:22:50","guid":{"rendered":"https:\/\/jackpotlotteryonline.com\/?page_id=40710"},"modified":"2022-12-27T09:45:15","modified_gmt":"2022-12-27T09:45:15","slug":"superenalotto","status":"publish","type":"page","link":"https:\/\/jackpotlotteryonline.com\/fr\/numeros-gagnants\/superenalotto\/","title":{"rendered":"R\u00e9sultats du tirage au sort du Superenalotto"},"content":{"rendered":"<p>Le Superenalotto est la loterie nationale de l&#8217;Italie et est une loterie populaire parmi les parieurs du pays. Si vous jouez depuis l&#8217;ext\u00e9rieur de l&#8217;Italie, c&#8217;est une bonne id\u00e9e de comprendre comment v\u00e9rifier les num\u00e9ros gagnants. Continuez \u00e0 lire pour en savoir plus.<\/p>\n<h2>\u00c9tapes pour jouer au Superenalotto en ligne<\/h2>\n<p><a href=\"https:\/\/jackpotlotteryonline.com\/fr\/comment-jouer\/superenalotto\">Jouer au Superenalotto en ligne<\/a>, c&#8217;est comme jouer hors ligne, mais avec plus de commodit\u00e9 et de facilit\u00e9. Une fois que vous \u00eates sur la page du Superenalotto sur jackpotlotteryoneline.com, vous pouvez choisir 6 num\u00e9ros de 1 \u00e0 90. Ensuite, vous choisissez le nombre de tirages auxquels vous voulez participer, et vous pouvez participer jusqu&#8217;\u00e0 5 semaines \u00e0 l&#8217;avance. Plus vous participez aux tirages, plus vous avez de chances de gagner.<\/p>\n<p>Le Superenalotto organise trois tirages hebdomadaires les mardis, jeudis et samedis. Vous pouvez donc participer \u00e0 l&#8217;un ou \u00e0 tous les tirages. Vous pouvez choisir un num\u00e9ro SuperStar pour am\u00e9liorer vos chances de gagner \u00e0 la loterie. Il y a aussi le &#8220;Jolly Number&#8221; qui va de 1 \u00e0 90 et qui est utilis\u00e9 pour d\u00e9terminer le gagnant du deuxi\u00e8me niveau.<\/p>\n<h2>Comment v\u00e9rifier vos num\u00e9ros gagnants<\/h2>\n<p><img loading=\"lazy\" decoding=\"async\" class=\"alignright size-full wp-image-31316\" src=\"https:\/\/jackpotlotteryonline.com\/wp-content\/uploads\/2022\/11\/logo_superenalotto.png\" alt=\"R\u00e9sultats du tirage du Superenalotto\" width=\"200\" height=\"212\" \/>Il existe diff\u00e9rentes fa\u00e7ons de v\u00e9rifier les num\u00e9ros gagnants lorsque vous jouez au Superenalotto. Vous pouvez regarder les tirages en direct \u00e0 la t\u00e9l\u00e9vision, mais cela n&#8217;est possible que si vous vivez en Italie et que vous parlez italien. Heureusement, vous pouvez aussi v\u00e9rifier les num\u00e9ros gagnants en ligne apr\u00e8s les tirages. La plupart des sites d&#8217;information publient les r\u00e9sultats des tirages.<\/p>\n<p>Cela pose toutefois quelques probl\u00e8mes. Tout d&#8217;abord, vous pouvez facilement oublier de v\u00e9rifier les r\u00e9sultats du tirage. Il existe des histoires de gros lots qui n&#8217;ont pas \u00e9t\u00e9 r\u00e9clam\u00e9s, probablement parce que les gagnants ont oubli\u00e9 de v\u00e9rifier leurs billets. De plus, de nombreux sites ne publient que les num\u00e9ros gagnants de la premi\u00e8re tranche. La plupart des loteries ont plusieurs niveaux de prix.<\/p>\n<p>Si vous jouez au Superenalotto avec nous, vous n&#8217;avez pas \u00e0 craindre de manquer un prix. Non seulement nous vous informerons d\u00e8s que vous gagnerez un prix, mais vous recevrez une notification d\u00e8s que vous vous connecterez. En outre, nous publions les r\u00e9sultats de la loterie imm\u00e9diatement apr\u00e8s les tirages, ici m\u00eame sur notre site. Revenez donc apr\u00e8s les tirages pour voir si vous avez les num\u00e9ros gagnants du Superenalotto.<\/p>\n<h2>Paliers de prix du Superenalotto<\/h2>\n<p>Nous avons d\u00e9j\u00e0 mentionn\u00e9 que la loterie Superenalotto offre un jackpot de 2 millions d&#8217;euros. Mais saviez-vous que le montant du jackpot n&#8217;est pas plafonn\u00e9 ? Cela signifie que s&#8217;il n&#8217;y a pas de gagnant apr\u00e8s un tirage, le prix continue de tourner jusqu&#8217;\u00e0 ce qu&#8217;il y ait un gagnant. Le jackpot a \u00e9t\u00e9 renouvel\u00e9 si souvent en 2019 qu&#8217;il a atteint le montant record de 209,1 millions d&#8217;euros.<\/p>\n<p>Outre le jackpot, qui est le prix du premier niveau, il existe d&#8217;autres prix qu&#8217;un joueur peut gagner. Les prix sont d\u00e9termin\u00e9s par la cagnotte, il n&#8217;y a donc pas de montant fixe. Cependant, nous allons partager le montant moyen par tirage.<\/p>\n<p>Match 6 &#8211; 92 056 091,66 \u20ac.<\/p>\n<p>Match 5 + num\u00e9ro Jolly &#8211; 594 951,95 euros<\/p>\n<p>Match 5 &#8211; 49 736,38 euros<\/p>\n<p>Match 4 num\u00e9ros &#8211; 354,83<\/p>\n<p>Match 3 num\u00e9ros &#8211; 27,15<\/p>\n<p>Match 2 num\u00e9ros &#8211; 5,48<\/p>\n<section class=\"layout\" style=\"border: solid 1px; width: 100%;\">\n<div class=\"img-div\" style=\"margin-top: 5px;\"><img decoding=\"async\" class=\"wp-image-17212 alignleft\" style=\"height: 45px; margin: 8px 8px 0px;\" src=\"https:\/\/jackpotlotteryonline.com\/wp-content\/uploads\/2022\/11\/read1.jpg\" alt=\"lire\" width=\"\" height=\"\" \/><\/div>\n<div style=\"padding-left: 5px;\">\n<div style=\"font-size: 1.1em;\">\n<p><strong>Les loteries qui ont les meilleures chances de vous faire gagner gros.<\/strong><\/p>\n<p style=\"font-size: 0.85em; margin-top: -1.5em;\">Quelle loterie a les meilleures chances de gagner ? <a href=\"https:\/\/jackpotlotteryonline.com\/fr\/quelle-loterie-a-les-meilleures-chances-de-gagner\"> en savoir plus<\/a><\/p>\n<\/div>\n<\/div>\n<\/section>\n<h2>R\u00e9clamer vos gains au Superenalotto<\/h2>\n<p>Puisque vous jouez au Superenalotto en ligne, il est naturel de se demander ce qui se passe lorsque vous gagnez un prix. Nous allons vous expliquer comment r\u00e9clamer vos gains au Superenalotto, m\u00eame si vous ne vivez pas en Italie.<\/p>\n<p>Lorsque vous jouez au Superenalotto avec nous, r\u00e9clamer vos gains est aussi simple que de vous connecter \u00e0 votre compte ici. Pour les gains inf\u00e9rieurs \u00e0 2 500 \u20ac, vous pouvez effectuer un retrait directement sur votre compte depuis notre plateforme. C&#8217;est vraiment simple et sans tracas, vous pouvez donc vous concentrer sur une exp\u00e9rience de loterie merveilleuse.<\/p>\n<p>Pour des montants plus \u00e9lev\u00e9s, vous devrez peut-\u00eatre contacter la soci\u00e9t\u00e9 de loterie et remplir un formulaire de r\u00e9clamation. Mais nous serons l\u00e0 pour vous guider dans cette d\u00e9marche. Alors <a href=\"https:\/\/jackpotlotteryonline.com\/fr\/acheter-tickets\/superenalotto\">achetez votre ticket de Superenalotto aujourd&#8217;hui<\/a> et choisissez vos num\u00e9ros gagnants.<\/p>\n","protected":false},"excerpt":{"rendered":"<p>Le Superenalotto est la loterie nationale de l&#8217;Italie et est une loterie populaire parmi les parieurs du pays. Si vous jouez depuis l&#8217;ext\u00e9rieur de l&#8217;Italie, c&#8217;est une bonne id\u00e9e de comprendre comment v\u00e9rifier les num\u00e9ros gagnants. Continuez \u00e0 lire pour en savoir plus. \u00c9tapes pour jouer au Superenalotto en ligne Jouer au Superenalotto en ligne, [&hellip;]<\/p>\n","protected":false},"author":1,"featured_media":0,"parent":35826,"menu_order":5,"comment_status":"closed","ping_status":"closed","template":"superenalotto-results.php","meta":{"_et_pb_use_builder":"","_et_pb_old_content":"","_et_gb_content_width":"","exclude_from_search":false,"footnotes":""},"class_list":["post-40710","page","type-page","status-publish","hentry"],"yoast_head":"<!-- This site is optimized with the Yoast SEO plugin v23.3 - https:\/\/yoast.com\/wordpress\/plugins\/seo\/ -->\n<title>Num\u00e9ros gagnants du Superenalotto et r\u00e9sultats du tirage<\/title>\n<meta name=\"description\" content=\"Obtenez les r\u00e9sultats des tirages et les num\u00e9ros gagnants du Superenalotto italien, avec des mises \u00e0 jour quotidiennes ici sur notre site de loterie.\" \/>\n<meta name=\"robots\" content=\"index, follow, max-snippet:-1, max-image-preview:large, max-video-preview:-1\" \/>\n<link rel=\"canonical\" href=\"https:\/\/jackpotlotteryonline.com\/fr\/numeros-gagnants\/superenalotto\/\" \/>\n<meta property=\"og:locale\" content=\"fr_FR\" \/>\n<meta property=\"og:type\" content=\"article\" \/>\n<meta property=\"og:title\" content=\"Num\u00e9ros gagnants du Superenalotto et r\u00e9sultats du tirage\" \/>\n<meta property=\"og:description\" content=\"Obtenez les r\u00e9sultats des tirages et les num\u00e9ros gagnants du Superenalotto italien, avec des mises \u00e0 jour quotidiennes ici sur notre site de loterie.\" \/>\n<meta property=\"og:url\" content=\"https:\/\/jackpotlotteryonline.com\/fr\/numeros-gagnants\/superenalotto\/\" \/>\n<meta property=\"og:site_name\" content=\"Lotto Online - Crack The International Lottery Jackpots\" \/>\n<meta property=\"article:modified_time\" content=\"2022-12-27T09:45:15+00:00\" \/>\n<meta property=\"og:image\" content=\"https:\/\/jackpotlotteryonline.com\/wp-content\/uploads\/2022\/11\/logo_superenalotto.png\" \/>\n<meta name=\"twitter:card\" content=\"summary_large_image\" \/>\n<meta name=\"twitter:label1\" content=\"Dur\u00e9e de lecture estim\u00e9e\" \/>\n\t<meta name=\"twitter:data1\" content=\"4 minutes\" \/>\n<!-- \/ Yoast SEO plugin. -->","yoast_head_json":{"title":"Num\u00e9ros gagnants du Superenalotto et r\u00e9sultats du tirage","description":"Obtenez les r\u00e9sultats des tirages et les num\u00e9ros gagnants du Superenalotto italien, avec des mises \u00e0 jour quotidiennes ici sur notre site de loterie.","robots":{"index":"index","follow":"follow","max-snippet":"max-snippet:-1","max-image-preview":"max-image-preview:large","max-video-preview":"max-video-preview:-1"},"canonical":"https:\/\/jackpotlotteryonline.com\/fr\/numeros-gagnants\/superenalotto\/","og_locale":"fr_FR","og_type":"article","og_title":"Num\u00e9ros gagnants du Superenalotto et r\u00e9sultats du tirage","og_description":"Obtenez les r\u00e9sultats des tirages et les num\u00e9ros gagnants du Superenalotto italien, avec des mises \u00e0 jour quotidiennes ici sur notre site de loterie.","og_url":"https:\/\/jackpotlotteryonline.com\/fr\/numeros-gagnants\/superenalotto\/","og_site_name":"Lotto Online - Crack The International Lottery Jackpots","article_modified_time":"2022-12-27T09:45:15+00:00","og_image":[{"url":"https:\/\/jackpotlotteryonline.com\/wp-content\/uploads\/2022\/11\/logo_superenalotto.png"}],"twitter_card":"summary_large_image","twitter_misc":{"Dur\u00e9e de lecture estim\u00e9e":"4 minutes"},"schema":{"@context":"https:\/\/schema.org","@graph":[{"@type":"WebPage","@id":"https:\/\/jackpotlotteryonline.com\/fr\/numeros-gagnants\/superenalotto\/","url":"https:\/\/jackpotlotteryonline.com\/fr\/numeros-gagnants\/superenalotto\/","name":"Num\u00e9ros gagnants du Superenalotto et r\u00e9sultats du tirage","isPartOf":{"@id":"https:\/\/jackpotlotteryonline.com\/#website"},"primaryImageOfPage":{"@id":"https:\/\/jackpotlotteryonline.com\/fr\/numeros-gagnants\/superenalotto\/#primaryimage"},"image":{"@id":"https:\/\/jackpotlotteryonline.com\/fr\/numeros-gagnants\/superenalotto\/#primaryimage"},"thumbnailUrl":"https:\/\/jackpotlotteryonline.com\/wp-content\/uploads\/2022\/11\/logo_superenalotto.png","datePublished":"2022-12-06T08:22:50+00:00","dateModified":"2022-12-27T09:45:15+00:00","description":"Obtenez les r\u00e9sultats des tirages et les num\u00e9ros gagnants du Superenalotto italien, avec des mises \u00e0 jour quotidiennes ici sur notre site de loterie.","breadcrumb":{"@id":"https:\/\/jackpotlotteryonline.com\/fr\/numeros-gagnants\/superenalotto\/#breadcrumb"},"inLanguage":"fr-FR","potentialAction":[{"@type":"ReadAction","target":["https:\/\/jackpotlotteryonline.com\/fr\/numeros-gagnants\/superenalotto\/"]}]},{"@type":"ImageObject","inLanguage":"fr-FR","@id":"https:\/\/jackpotlotteryonline.com\/fr\/numeros-gagnants\/superenalotto\/#primaryimage","url":"https:\/\/jackpotlotteryonline.com\/wp-content\/uploads\/2022\/11\/logo_superenalotto.png","contentUrl":"https:\/\/jackpotlotteryonline.com\/wp-content\/uploads\/2022\/11\/logo_superenalotto.png"},{"@type":"BreadcrumbList","@id":"https:\/\/jackpotlotteryonline.com\/fr\/numeros-gagnants\/superenalotto\/#breadcrumb","itemListElement":[{"@type":"ListItem","position":1,"name":"Home","item":"https:\/\/jackpotlotteryonline.com\/fr\/"},{"@type":"ListItem","position":2,"name":"R\u00e9sultats de la loterie","item":"https:\/\/jackpotlotteryonline.com\/winning-numbers\/"},{"@type":"ListItem","position":3,"name":"R\u00e9sultats du tirage au sort du Superenalotto"}]},{"@type":"WebSite","@id":"https:\/\/jackpotlotteryonline.com\/#website","url":"https:\/\/jackpotlotteryonline.com\/","name":"Lotto Online - Crack The International Lottery Jackpots","description":"","potentialAction":[{"@type":"SearchAction","target":{"@type":"EntryPoint","urlTemplate":"https:\/\/jackpotlotteryonline.com\/?s={search_term_string}"},"query-input":"required name=search_term_string"}],"inLanguage":"fr-FR"}]}},"_links":{"self":[{"href":"https:\/\/jackpotlotteryonline.com\/fr\/wp-json\/wp\/v2\/pages\/40710","targetHints":{"allow":["GET"]}}],"collection":[{"href":"https:\/\/jackpotlotteryonline.com\/fr\/wp-json\/wp\/v2\/pages"}],"about":[{"href":"https:\/\/jackpotlotteryonline.com\/fr\/wp-json\/wp\/v2\/types\/page"}],"author":[{"embeddable":true,"href":"https:\/\/jackpotlotteryonline.com\/fr\/wp-json\/wp\/v2\/users\/1"}],"replies":[{"embeddable":true,"href":"https:\/\/jackpotlotteryonline.com\/fr\/wp-json\/wp\/v2\/comments?post=40710"}],"version-history":[{"count":0,"href":"https:\/\/jackpotlotteryonline.com\/fr\/wp-json\/wp\/v2\/pages\/40710\/revisions"}],"up":[{"embeddable":true,"href":"https:\/\/jackpotlotteryonline.com\/fr\/wp-json\/wp\/v2\/pages\/35826"}],"wp:attachment":[{"href":"https:\/\/jackpotlotteryonline.com\/fr\/wp-json\/wp\/v2\/media?parent=40710"}],"curies":[{"name":"wp","href":"https:\/\/api.w.org\/{rel}","templated":true}]}}