{"id":40763,"date":"2022-12-06T09:53:03","date_gmt":"2022-12-06T09:53:03","guid":{"rendered":"https:\/\/jackpotlotteryonline.com\/?page_id=40763"},"modified":"2022-12-28T13:44:52","modified_gmt":"2022-12-28T13:44:52","slug":"la-primitiva","status":"publish","type":"page","link":"https:\/\/jackpotlotteryonline.com\/fr\/numeros-gagnants\/la-primitiva\/","title":{"rendered":"R\u00e9sultats du tirage de La Primitiva"},"content":{"rendered":"<h2>Comment choisir les num\u00e9ros gagnants de La Primitiva<\/h2>\n<p>Tout d&#8217;abord, si vous voulez jouer \u00e0 La Primitiva, vous devez choisir 6 num\u00e9ros dans une fourchette de 1 \u00e0 49. En outre, vous devez choisir 1 num\u00e9ro entre 0 et 9. Ce num\u00e9ro suppl\u00e9mentaire s&#8217;appelle le num\u00e9ro Reintegro. Il existe \u00e9galement le num\u00e9ro Complemantario, qui est utilis\u00e9 pour d\u00e9terminer certains des niveaux de prix.<\/p>\n<p>Il existe plusieurs m\u00e9thodes que les joueurs utilisent pour choisir leurs num\u00e9ros de La Primitiva. Certains pr\u00e9f\u00e8rent choisir des chiffres qui ont une signification particuli\u00e8re pour eux. Comme leur anniversaire ou leur naissance. D&#8217;autres choisissent simplement des chiffres au hasard et esp\u00e8rent que la chance sera de leur c\u00f4t\u00e9. Comme La Primitiva, comme toute loterie, est un jeu de chance, personne ne peut leur en vouloir.<\/p>\n<section class=\"layout\" style=\"border: solid 1px; width: 100%;\">\n<div class=\"img-div\" style=\"margin-top: 5px;\"><img decoding=\"async\" class=\"wp-image-17212 alignleft\" style=\"height: 45px; margin: 8px 8px 0px;\" src=\"https:\/\/jackpotlotteryonline.com\/wp-content\/uploads\/2022\/11\/read1.jpg\" alt=\"lire\" width=\"\" height=\"\" \/><\/div>\n<div style=\"padding-left: 5px;\">\n<div style=\"font-size: 1.1em;\">\n<p><strong>Conseils sur la loterie<\/strong><\/p>\n<p style=\"font-size: 0.85em; margin-top: -1.5em;\">Conseils pour gagner \u00e0 la loterie\u00a0<a href=\"https:\/\/jackpotlotteryonline.com\/fr\/les-astuces-qui-vous-aident-a-gagner-a-la-loterie\"> en savoir plus<\/a><\/p>\n<\/div>\n<\/div>\n<\/section>\n<h2>Gagner \u00e0 La Primitiva<\/h2>\n<p>La Primitiva organise trois tirages par semaine, le lundi, le jeudi et le samedi. Une fois que vous avez choisi vos num\u00e9ros, l&#8217;\u00e9tape suivante consiste \u00e0 participer aux tirages de votre choix. Apr\u00e8s les tirages, le billet qui correspond aux r\u00e9sultats tir\u00e9s gagne la loterie.<\/p>\n<p>Par cons\u00e9quent, repartir avec un prix a beaucoup \u00e0 voir avec les chiffres que vous choisissez.<\/p>\n<p>Pour gagner le jackpot de La Primitiva, un joueur doit faire correspondre les 7 num\u00e9ros (les 6 principaux et le num\u00e9ro Reintegro). Le montant du jackpot d\u00e9bute \u00e0 5 millions d&#8217;euros. Lorsqu&#8217;il y a plus d&#8217;un gagnant, le montant est partag\u00e9 entre les gagnants. Voici les prix que les joueurs peuvent gagner.<br \/>\n<img loading=\"lazy\" decoding=\"async\" class=\"alignright size-full wp-image-27671\" src=\"https:\/\/jackpotlotteryonline.com\/wp-content\/uploads\/2022\/11\/1_lottery_online_winner3.jpg\" alt=\"Gagner La Primitiva\" width=\"300\" height=\"300\" srcset=\"https:\/\/jackpotlotteryonline.com\/wp-content\/uploads\/2022\/11\/1_lottery_online_winner3.jpg 300w, https:\/\/jackpotlotteryonline.com\/wp-content\/uploads\/2022\/11\/1_lottery_online_winner3-100x100.jpg 100w, https:\/\/jackpotlotteryonline.com\/wp-content\/uploads\/2022\/11\/1_lottery_online_winner3-150x150.jpg 150w\" sizes=\"auto, (max-width: 300px) 100vw, 300px\" \/><\/p>\n<p>Jackpot &#8211; Match 6 + Reintegro<\/p>\n<p>Division 1 &#8211; Match 6 uniquement<\/p>\n<p>Division 2 &#8211; Match 5 + Num\u00e9ro compl\u00e9mentaire<\/p>\n<p>Division 3 &#8211; Match 5 uniquement<\/p>\n<p>Division 4 &#8211; Match 4 uniquement<\/p>\n<p>Division 5 &#8211; Match 3 uniquement<\/p>\n<p>Reintegro &#8211; Uniquement le num\u00e9ro Reintegro.<\/p>\n<h2>Jouer \u00e0 la loterie La Primitiva en ligne avec jackpotlotteryonline.com<\/h2>\n<p>Lorsque <a href=\"https:\/\/jackpotlotteryonline.com\/fr\/comment-jouer\/la-primitiva-2\">vous jouez \u00e0 la loterie La Primitiva<\/a> avec nous, vous avez non seulement acc\u00e8s \u00e0 La Primitiva mais aussi aux r\u00e9sultats du tirage. Jouer en ligne ouvre un monde de possibilit\u00e9s pour les parieurs exp\u00e9riment\u00e9s comme pour les d\u00e9butants. Nous vous proposons un moyen pratique d&#8217;acheter vos billets de loterie, de v\u00e9rifier vos r\u00e9sultats et d&#8217;acc\u00e9der \u00e0 vos gains. Mais nous y reviendrons dans un instant.<\/p>\n<p>Vous pouvez facilement <a href=\"https:\/\/jackpotlotteryonline.com\/fr\/acheter-tickets\/la-primitiva\">acheter votre billet de loterie La Primitiva<\/a> en allant sur la page de la loterie et en choisissant vos chiffres gagnants. Si vous n&#8217;\u00eates pas s\u00fbr de ce que vous devez choisir, vous pouvez utiliser notre g\u00e9n\u00e9rateur automatique pour choisir des chiffres al\u00e9atoires. Ensuite, saisissez les tirages de votre choix et si vous n&#8217;\u00eates pas d\u00e9j\u00e0 inscrit sur notre site, cr\u00e9ez un compte.<\/p>\n<p>L&#8217;inscription est une \u00e9tape essentielle et vous aurez besoin d&#8217;un compte pour les raisons suivantes :<\/p>\n<ul>\n<li>Pour stocker votre billet num\u00e9rique<\/li>\n<li>Pour configurer des participations automatiques aux tirages au sort<\/li>\n<li>Recevoir des notifications lorsque vous gagnez des prix<\/li>\n<\/ul>\n<h2>V\u00e9rifiez vos r\u00e9sultats de la loterie La Primitiva<\/h2>\n<p>V\u00e9rifier vos r\u00e9sultats de La Primitiva n&#8217;a jamais \u00e9t\u00e9 aussi facile lorsque vous jouez en ligne avec nous. Apr\u00e8s chaque tirage, nous publions les r\u00e9sultats du tirage ici m\u00eame sur notre page. En outre, nous vous informerons par e-mail d\u00e8s que vous aurez gagn\u00e9 un prix. Ainsi, vous ne manquerez plus jamais de r\u00e9cup\u00e9rer votre prix.<\/p>\n<h2>R\u00e9clamer vos gains<\/h2>\n<p>L&#8217;aspect le plus int\u00e9ressant du jeu La Primitiva en ligne est que vous n&#8217;avez pas besoin de vous rendre en Espagne pour r\u00e9clamer vos gains. Pour les gains inf\u00e9rieurs \u00e0 2 500 \u20ac, vous pouvez simplement effectuer un retrait sur votre compte depuis notre plateforme.<\/p>\n<p>Jouez \u00e0 la loterie avec nous pour v\u00e9rifier vos num\u00e9ros gagnants de La Primitiva en ligne.<\/p>\n","protected":false},"excerpt":{"rendered":"<p>Comment choisir les num\u00e9ros gagnants de La Primitiva Tout d&#8217;abord, si vous voulez jouer \u00e0 La Primitiva, vous devez choisir 6 num\u00e9ros dans une fourchette de 1 \u00e0 49. En outre, vous devez choisir 1 num\u00e9ro entre 0 et 9. Ce num\u00e9ro suppl\u00e9mentaire s&#8217;appelle le num\u00e9ro Reintegro. Il existe \u00e9galement le num\u00e9ro Complemantario, qui est [&hellip;]<\/p>\n","protected":false},"author":1,"featured_media":0,"parent":35826,"menu_order":7,"comment_status":"closed","ping_status":"closed","template":"la-primitiva-results.php","meta":{"_et_pb_use_builder":"","_et_pb_old_content":"","_et_gb_content_width":"","exclude_from_search":false,"footnotes":""},"class_list":["post-40763","page","type-page","status-publish","hentry"],"yoast_head":"<!-- This site is optimized with the Yoast SEO plugin v23.3 - https:\/\/yoast.com\/wordpress\/plugins\/seo\/ -->\n<title>Les num\u00e9ros gagnants de La Primitiva et les r\u00e9sultats des tirages<\/title>\n<meta name=\"description\" content=\"La loterie espagnole La Primitiva - tous les r\u00e9sultats des tirages et les num\u00e9ros gagnants, plus une archive des r\u00e9sultats, le tout sur un seul site web.\" \/>\n<meta name=\"robots\" content=\"index, follow, max-snippet:-1, max-image-preview:large, max-video-preview:-1\" \/>\n<link rel=\"canonical\" href=\"https:\/\/jackpotlotteryonline.com\/fr\/numeros-gagnants\/la-primitiva\/\" \/>\n<meta property=\"og:locale\" content=\"fr_FR\" \/>\n<meta property=\"og:type\" content=\"article\" \/>\n<meta property=\"og:title\" content=\"Les num\u00e9ros gagnants de La Primitiva et les r\u00e9sultats des tirages\" \/>\n<meta property=\"og:description\" content=\"La loterie espagnole La Primitiva - tous les r\u00e9sultats des tirages et les num\u00e9ros gagnants, plus une archive des r\u00e9sultats, le tout sur un seul site web.\" \/>\n<meta property=\"og:url\" content=\"https:\/\/jackpotlotteryonline.com\/fr\/numeros-gagnants\/la-primitiva\/\" \/>\n<meta property=\"og:site_name\" content=\"Lotto Online - Crack The International Lottery Jackpots\" \/>\n<meta property=\"article:modified_time\" content=\"2022-12-28T13:44:52+00:00\" \/>\n<meta property=\"og:image\" content=\"https:\/\/jackpotlotteryonline.com\/wp-content\/uploads\/2022\/11\/read1.jpg\" \/>\n<meta name=\"twitter:card\" content=\"summary_large_image\" \/>\n<meta name=\"twitter:label1\" content=\"Dur\u00e9e de lecture estim\u00e9e\" \/>\n\t<meta name=\"twitter:data1\" content=\"4 minutes\" \/>\n<!-- \/ Yoast SEO plugin. -->","yoast_head_json":{"title":"Les num\u00e9ros gagnants de La Primitiva et les r\u00e9sultats des tirages","description":"La loterie espagnole La Primitiva - tous les r\u00e9sultats des tirages et les num\u00e9ros gagnants, plus une archive des r\u00e9sultats, le tout sur un seul site web.","robots":{"index":"index","follow":"follow","max-snippet":"max-snippet:-1","max-image-preview":"max-image-preview:large","max-video-preview":"max-video-preview:-1"},"canonical":"https:\/\/jackpotlotteryonline.com\/fr\/numeros-gagnants\/la-primitiva\/","og_locale":"fr_FR","og_type":"article","og_title":"Les num\u00e9ros gagnants de La Primitiva et les r\u00e9sultats des tirages","og_description":"La loterie espagnole La Primitiva - tous les r\u00e9sultats des tirages et les num\u00e9ros gagnants, plus une archive des r\u00e9sultats, le tout sur un seul site web.","og_url":"https:\/\/jackpotlotteryonline.com\/fr\/numeros-gagnants\/la-primitiva\/","og_site_name":"Lotto Online - Crack The International Lottery Jackpots","article_modified_time":"2022-12-28T13:44:52+00:00","og_image":[{"url":"https:\/\/jackpotlotteryonline.com\/wp-content\/uploads\/2022\/11\/read1.jpg"}],"twitter_card":"summary_large_image","twitter_misc":{"Dur\u00e9e de lecture estim\u00e9e":"4 minutes"},"schema":{"@context":"https:\/\/schema.org","@graph":[{"@type":"WebPage","@id":"https:\/\/jackpotlotteryonline.com\/fr\/numeros-gagnants\/la-primitiva\/","url":"https:\/\/jackpotlotteryonline.com\/fr\/numeros-gagnants\/la-primitiva\/","name":"Les num\u00e9ros gagnants de La Primitiva et les r\u00e9sultats des tirages","isPartOf":{"@id":"https:\/\/jackpotlotteryonline.com\/#website"},"primaryImageOfPage":{"@id":"https:\/\/jackpotlotteryonline.com\/fr\/numeros-gagnants\/la-primitiva\/#primaryimage"},"image":{"@id":"https:\/\/jackpotlotteryonline.com\/fr\/numeros-gagnants\/la-primitiva\/#primaryimage"},"thumbnailUrl":"https:\/\/jackpotlotteryonline.com\/wp-content\/uploads\/2022\/11\/read1.jpg","datePublished":"2022-12-06T09:53:03+00:00","dateModified":"2022-12-28T13:44:52+00:00","description":"La loterie espagnole La Primitiva - tous les r\u00e9sultats des tirages et les num\u00e9ros gagnants, plus une archive des r\u00e9sultats, le tout sur un seul site web.","breadcrumb":{"@id":"https:\/\/jackpotlotteryonline.com\/fr\/numeros-gagnants\/la-primitiva\/#breadcrumb"},"inLanguage":"fr-FR","potentialAction":[{"@type":"ReadAction","target":["https:\/\/jackpotlotteryonline.com\/fr\/numeros-gagnants\/la-primitiva\/"]}]},{"@type":"ImageObject","inLanguage":"fr-FR","@id":"https:\/\/jackpotlotteryonline.com\/fr\/numeros-gagnants\/la-primitiva\/#primaryimage","url":"https:\/\/jackpotlotteryonline.com\/wp-content\/uploads\/2022\/11\/read1.jpg","contentUrl":"https:\/\/jackpotlotteryonline.com\/wp-content\/uploads\/2022\/11\/read1.jpg"},{"@type":"BreadcrumbList","@id":"https:\/\/jackpotlotteryonline.com\/fr\/numeros-gagnants\/la-primitiva\/#breadcrumb","itemListElement":[{"@type":"ListItem","position":1,"name":"Home","item":"https:\/\/jackpotlotteryonline.com\/fr\/"},{"@type":"ListItem","position":2,"name":"R\u00e9sultats de la loterie","item":"https:\/\/jackpotlotteryonline.com\/winning-numbers\/"},{"@type":"ListItem","position":3,"name":"R\u00e9sultats du tirage de La Primitiva"}]},{"@type":"WebSite","@id":"https:\/\/jackpotlotteryonline.com\/#website","url":"https:\/\/jackpotlotteryonline.com\/","name":"Lotto Online - Crack The International Lottery Jackpots","description":"","potentialAction":[{"@type":"SearchAction","target":{"@type":"EntryPoint","urlTemplate":"https:\/\/jackpotlotteryonline.com\/?s={search_term_string}"},"query-input":"required name=search_term_string"}],"inLanguage":"fr-FR"}]}},"_links":{"self":[{"href":"https:\/\/jackpotlotteryonline.com\/fr\/wp-json\/wp\/v2\/pages\/40763","targetHints":{"allow":["GET"]}}],"collection":[{"href":"https:\/\/jackpotlotteryonline.com\/fr\/wp-json\/wp\/v2\/pages"}],"about":[{"href":"https:\/\/jackpotlotteryonline.com\/fr\/wp-json\/wp\/v2\/types\/page"}],"author":[{"embeddable":true,"href":"https:\/\/jackpotlotteryonline.com\/fr\/wp-json\/wp\/v2\/users\/1"}],"replies":[{"embeddable":true,"href":"https:\/\/jackpotlotteryonline.com\/fr\/wp-json\/wp\/v2\/comments?post=40763"}],"version-history":[{"count":0,"href":"https:\/\/jackpotlotteryonline.com\/fr\/wp-json\/wp\/v2\/pages\/40763\/revisions"}],"up":[{"embeddable":true,"href":"https:\/\/jackpotlotteryonline.com\/fr\/wp-json\/wp\/v2\/pages\/35826"}],"wp:attachment":[{"href":"https:\/\/jackpotlotteryonline.com\/fr\/wp-json\/wp\/v2\/media?parent=40763"}],"curies":[{"name":"wp","href":"https:\/\/api.w.org\/{rel}","templated":true}]}}