{"id":40815,"date":"2022-12-06T12:11:41","date_gmt":"2022-12-06T12:11:41","guid":{"rendered":"https:\/\/jackpotlotteryonline.com\/?page_id=40815"},"modified":"2022-12-28T10:47:16","modified_gmt":"2022-12-28T10:47:16","slug":"el-gordo-draw-results","status":"publish","type":"page","link":"https:\/\/jackpotlotteryonline.com\/fr\/numeros-gagnants\/el-gordo-draw-results\/","title":{"rendered":"R\u00e9sultats du tirage au sort El Gordo"},"content":{"rendered":"<p>Les amateurs de loterie s&#8217;enthousiasment lorsqu&#8217;ils entendent parler d&#8217;El Gordo, et pas seulement parce que c&#8217;est l&#8217;une des plus grandes loteries europ\u00e9ennes. El Gordo est la m\u00e8re de toutes les loteries pour le simple fait que les tirages ont lieu une fois par an. En fait, il s&#8217;agit d&#8217;une partie de la loterie espagnole, et chaque ann\u00e9e, elle organise un tirage sp\u00e9cial pour No\u00ebl. Il s&#8217;agit d&#8217;un \u00e9v\u00e9nement passionnant et riche en traditions. Il rassemble des familles, des quartiers et des communaut\u00e9s enti\u00e8res pour c\u00e9l\u00e9brer les f\u00eates de fin d&#8217;ann\u00e9e. Pour les parieurs espagnols, la p\u00e9riode de No\u00ebl est l&#8217;occasion de rechercher les num\u00e9ros gagnants du tirage El Gordo.<\/p>\n<p>En g\u00e9n\u00e9ral, El Gordo est une loterie qui a lieu en Espagne. Cela signifie que si vous ne vivez pas dans ce pays, vous aurez du mal \u00e0 acheter des billets El Gordo. Cela a chang\u00e9 car vous pouvez maintenant v\u00e9rifier les num\u00e9ros gagnants d&#8217;El Gordo sur Internet.<\/p>\n<h2>Jouer \u00e0 El Gordo<\/h2>\n<p><img loading=\"lazy\" decoding=\"async\" class=\"alignright size-full wp-image-17870\" src=\"http:\/\/jackpotlotteryonline.com\/wp-content\/uploads\/2022\/10\/lotto_euros.jpg\" alt=\"Jouer \u00e0 El Gordo\" width=\"225\" height=\"134\" \/>El Gordo signifie &#8220;le gros&#8221; et c&#8217;est le plus gros jackpot du monde. La particularit\u00e9 de cette loterie est que le jackpot est d\u00e9sormais remport\u00e9 par une seule personne. Cela est d\u00fb au fait que les tickets sont divis\u00e9s en de nombreuses fractions. En fait, c&#8217;est la partie du jeu El Gordo qui peut \u00eatre un peu d\u00e9routante. Chaque billet El Gordo est divis\u00e9 en 10 sections et chacune de ces sections est \u00e0 son tour divis\u00e9e.<\/p>\n<p>Le billet El Gordo le moins cher que vous pouvez acheter correspond \u00e0 1\/100 d&#8217;un billet complet.<\/p>\n<p>Pour en savoir plus sur le <a href=\"https:\/\/jackpotlotteryonline.com\/fr\/comment-jouer\/el-gordo\">jeu El Gordo<\/a>, rendez-vous sur jackpotlotteryonline.com et <a href=\"https:\/\/jackpotlotteryonline.com\/fr\/acheter-tickets\/el-gordo\">achetez vos billets d\u00e8s maintenant<\/a>. Jouer \u00e0 El Gordo est tr\u00e8s amusant, surtout si vous jouez en ligne.<\/p>\n<h2>Jouer en ligne<\/h2>\n<p>Si vous \u00eates pr\u00eat \u00e0 participer \u00e0 la loterie El Gordo, visitez notre site et choisissez vos chiffres gagnants. Il vous suffit de choisir 6 chiffres de 1 \u00e0 49. Bien s\u00fbr, vous pouvez laisser notre s\u00e9lecteur automatique le faire pour vous si vous n&#8217;avez rien de sp\u00e9cifique \u00e0 jouer. Ensuite, entrez dans les tirages et attendez les r\u00e9sultats gagnants du El Gordo.<\/p>\n<h2>Comment gagner El Gordo<\/h2>\n<p>Gagner El Gordo signifie simplement que vous avez la combinaison gagnante. Par cons\u00e9quent, si vos chiffres correspondent \u00e0 ce qui est tir\u00e9, vous \u00eates le gagnant de la loterie El Gordo.<\/p>\n<p>Il existe plusieurs strat\u00e9gies que les joueurs utilisent pour choisir les combinaisons gagnantes pour El Gordo. L&#8217;une d&#8217;entre elles consiste \u00e0 choisir des chiffres qu&#8217;ils consid\u00e8rent comme chanceux. Pour certains, il s&#8217;agit de leur anniversaire ou de celui d&#8217;un proche. Il peut s&#8217;agir de n&#8217;importe quel chiffre qui vous est cher. D&#8217;autres joueurs pr\u00e9f\u00e8rent se fier enti\u00e8rement aux num\u00e9ros g\u00e9n\u00e9r\u00e9s de mani\u00e8re al\u00e9atoire. C&#8217;est \u00e0 vous de choisir.<\/p>\n<p>Une autre fa\u00e7on de choisir une combinaison gagnante pour El Gordo est de regarder les r\u00e9sultats pass\u00e9s. Cela vous aidera particuli\u00e8rement si vous \u00eates un joueur r\u00e9gulier. Pour beaucoup de parieurs, l&#8217;achat de plusieurs tickets est toujours un bon plan de jeu. Vous pouvez toujours former un groupe avec vos amis ou votre famille et acheter des billets El Gordo.<\/p>\n<h2>Comment v\u00e9rifier les num\u00e9ros gagnants<\/h2>\n<p><img loading=\"lazy\" decoding=\"async\" class=\"alignright size-full wp-image-30668\" src=\"http:\/\/jackpotlotteryonline.com\/wp-content\/uploads\/2022\/11\/3_screen_lottery_results_online.jpg\" alt=\"Gagner El Gordo\" width=\"130\" height=\"120\" \/>Une fois que vous avez achet\u00e9 votre ticket El Gordo, l&#8217;\u00e9tape suivante consiste \u00e0 attendre les tirages El Gordo. Apr\u00e8s les tirages, il est important de v\u00e9rifier les combinaisons gagnantes. Il existe plusieurs histoires de jackpots qui n&#8217;ont pas \u00e9t\u00e9 r\u00e9clam\u00e9s parce que les gagnants n&#8217;ont jamais v\u00e9rifi\u00e9 leurs billets de loterie. Si vous jouez avec nous, vous n&#8217;aurez jamais \u00e0 craindre que cela vous arrive.<\/p>\n<p>Apr\u00e8s chaque tirage, nous publions les r\u00e9sultats gagnants ici m\u00eame sur la page El Gordo. L&#8217;une des erreurs que font les nouveaux joueurs de loterie est de ne pas v\u00e9rifier s&#8217;ils ont gagn\u00e9 d&#8217;autres prix.<\/p>\n<p>La loterie El Gordo a 17 niveaux de prix diff\u00e9rents et un joueur peut gagner n&#8217;importe lequel d&#8217;entre eux. Si vous jouez avec nous, nous vous ferons savoir si vous \u00eates le gagnant d&#8217;un prix. Nous le faisons par e-mail et vous recevrez une notification lorsque vous vous connecterez \u00e0 la plate-forme.<\/p>\n<h2>Que se passe-t-il si vous gagnez ?<\/h2>\n<p>Gagner El Gordo est une exp\u00e9rience merveilleuse car vous avez le sentiment d&#8217;avoir fait partie de quelque chose de grand. C&#8217;est un peu comme faire partie de l&#8217;histoire en marche. C&#8217;est un sentiment encore plus grand si vous avez achet\u00e9 des billets El Gordo avec vos coll\u00e8gues de travail, vos amis ou votre famille. Vous pourrez alors tous aller f\u00eater votre victoire ensemble.<\/p>\n<p>Ceci dit, le retrait de vos gains El Gordo est tr\u00e8s facile si vous jouez sur notre site. Il vous suffit d&#8217;encaisser votre gain sur votre compte en ligne. Si vous gagnez plus d&#8217;un certain montant, vous devrez peut-\u00eatre remplir un formulaire de r\u00e9clamation pour obtenir vos gains aupr\u00e8s de la soci\u00e9t\u00e9 de loterie. Mais c&#8217;est pour cela que nous sommes l\u00e0, pour vous faciliter les choses.<\/p>\n<section class=\"layout\" style=\"border: solid 1px; width: 100%;\">\n<div class=\"img-div\" style=\"margin-top: 5px;\"><img decoding=\"async\" class=\"wp-image-17212 alignleft\" style=\"height: 45px; margin: 8px 8px 0px;\" src=\"http:\/\/jackpotlotteryonline.com\/wp-content\/uploads\/2022\/11\/read1.jpg\" alt=\"lire\" width=\"\" height=\"\" \/><\/div>\n<div style=\"padding-left: 5px;\">\n<div style=\"font-size: 1.1em;\">\n<p><strong>Imp\u00f4ts sur les gains de loterie<\/strong><\/p>\n<p style=\"font-size: 0.85em; margin-top: -1.5em;\">Dois-je payer des imp\u00f4ts sur mes gains de loterie ?\u00a0 <a href=\"https:\/\/jackpotlotteryonline.com\/fr\/dois-je-payer-des-impots-sur-les-gains-de-la-loterie\"> en savoir plus<\/a><\/p>\n<\/div>\n<\/div>\n<\/section>\n<h2>Pourquoi vous devriez jouer \u00e0 El Gordo en ligne avec nous<\/h2>\n<p>Il y a tant de raisons pour lesquelles nos clients aiment jouer \u00e0 la loterie avec nous.<\/p>\n<ul>\n<li>L&#8217;achat de votre billet de loterie El Gordo est aussi simple que quelques tapotements de votre appareil mobile. Pas de stress et totalement pratique.<\/li>\n<li>Vous pouvez v\u00e9rifier vos combinaisons gagnantes El Gordo ici m\u00eame, sans avoir \u00e0 vous d\u00e9placer.<\/li>\n<li>Nous vous alerterons d\u00e8s que vous gagnerez un prix, quel qu&#8217;en soit le montant.<\/li>\n<li>Si vous gagnez un prix, vous pouvez l&#8217;encaisser sur votre compte depuis notre plateforme.<\/li>\n<\/ul>\n<p>Nous faisons litt\u00e9ralement en sorte que nos clients puissent s&#8217;amuser et prendre plaisir \u00e0 jouer \u00e0 la loterie. La v\u00e9rit\u00e9 est qu&#8217;il y a tellement d&#8217;autres choses dans la vie qui sont difficiles, gagner \u00e0 la loterie ne doit pas en \u00eatre une.<\/p>\n<h2>V\u00e9rifiez vos num\u00e9ros gagnants<\/h2>\n<p>Avant d&#8217;acheter votre billet, vous devez savoir que nous donnons \u00e0 nos clients l&#8217;acc\u00e8s \u00e0 la vraie affaire. Lorsque vous jouez avec nous, vous ne faites pas que parier sur le r\u00e9sultat de la loterie. Nous nous assurons que vous participez \u00e0 la loterie. Pour ce faire, nous utilisons un syst\u00e8me de conciergerie o\u00f9 notre agent en Espagne ach\u00e8te les num\u00e9ros correspondant aux v\u00f4tres.<\/p>\n<p>Lorsque vous avez des num\u00e9ros gagnants El Gordo, cela signifie que vous avez gagn\u00e9 \u00e0 la loterie. C&#8217;est aussi simple que cela, vraiment. Nous travaillons dur pour que vous n&#8217;ayez pas \u00e0 vous soucier des d\u00e9tails. Nous nous occupons donc des petites choses pour que vous puissiez vous concentrer sur ce qui est le plus important pour vous.<\/p>\n<p>Visitez-nous aujourd&#8217;hui et v\u00e9rifiez les num\u00e9ros gagnants des principales loteries internationales ici m\u00eame. Ou achetez des billets El Gordo et retournez-les pour obtenir les num\u00e9ros gagnants.<\/p>\n","protected":false},"excerpt":{"rendered":"<p>Les amateurs de loterie s&#8217;enthousiasment lorsqu&#8217;ils entendent parler d&#8217;El Gordo, et pas seulement parce que c&#8217;est l&#8217;une des plus grandes loteries europ\u00e9ennes. El Gordo est la m\u00e8re de toutes les loteries pour le simple fait que les tirages ont lieu une fois par an. En fait, il s&#8217;agit d&#8217;une partie de la loterie espagnole, et [&hellip;]<\/p>\n","protected":false},"author":1,"featured_media":0,"parent":35826,"menu_order":6,"comment_status":"closed","ping_status":"closed","template":"el-gordo-results.php","meta":{"_et_pb_use_builder":"","_et_pb_old_content":"","_et_gb_content_width":"","exclude_from_search":false,"footnotes":""},"class_list":["post-40815","page","type-page","status-publish","hentry"],"yoast_head":"<!-- This site is optimized with the Yoast SEO plugin v23.3 - https:\/\/yoast.com\/wordpress\/plugins\/seo\/ -->\n<title>Num\u00e9ros gagnants El Gordo et r\u00e9sultats des tirages<\/title>\n<meta name=\"description\" content=\"R\u00e9sultats, num\u00e9ros gagnants du tirage El Gordo - cette semaine ainsi que les r\u00e9sultats de la semaine pass\u00e9e.\" \/>\n<meta name=\"robots\" content=\"index, follow, max-snippet:-1, max-image-preview:large, max-video-preview:-1\" \/>\n<link rel=\"canonical\" href=\"https:\/\/jackpotlotteryonline.com\/fr\/numeros-gagnants\/el-gordo-draw-results\/\" \/>\n<meta property=\"og:locale\" content=\"fr_FR\" \/>\n<meta property=\"og:type\" content=\"article\" \/>\n<meta property=\"og:title\" content=\"Num\u00e9ros gagnants El Gordo et r\u00e9sultats des tirages\" \/>\n<meta property=\"og:description\" content=\"R\u00e9sultats, num\u00e9ros gagnants du tirage El Gordo - cette semaine ainsi que les r\u00e9sultats de la semaine pass\u00e9e.\" \/>\n<meta property=\"og:url\" content=\"https:\/\/jackpotlotteryonline.com\/fr\/numeros-gagnants\/el-gordo-draw-results\/\" \/>\n<meta property=\"og:site_name\" content=\"Lotto Online - Crack The International Lottery Jackpots\" \/>\n<meta property=\"article:modified_time\" content=\"2022-12-28T10:47:16+00:00\" \/>\n<meta property=\"og:image\" content=\"http:\/\/jackpotlotteryonline.com\/wp-content\/uploads\/2022\/10\/lotto_euros.jpg\" \/>\n<meta name=\"twitter:card\" content=\"summary_large_image\" \/>\n<meta name=\"twitter:label1\" content=\"Dur\u00e9e de lecture estim\u00e9e\" \/>\n\t<meta name=\"twitter:data1\" content=\"6 minutes\" \/>\n<!-- \/ Yoast SEO plugin. -->","yoast_head_json":{"title":"Num\u00e9ros gagnants El Gordo et r\u00e9sultats des tirages","description":"R\u00e9sultats, num\u00e9ros gagnants du tirage El Gordo - cette semaine ainsi que les r\u00e9sultats de la semaine pass\u00e9e.","robots":{"index":"index","follow":"follow","max-snippet":"max-snippet:-1","max-image-preview":"max-image-preview:large","max-video-preview":"max-video-preview:-1"},"canonical":"https:\/\/jackpotlotteryonline.com\/fr\/numeros-gagnants\/el-gordo-draw-results\/","og_locale":"fr_FR","og_type":"article","og_title":"Num\u00e9ros gagnants El Gordo et r\u00e9sultats des tirages","og_description":"R\u00e9sultats, num\u00e9ros gagnants du tirage El Gordo - cette semaine ainsi que les r\u00e9sultats de la semaine pass\u00e9e.","og_url":"https:\/\/jackpotlotteryonline.com\/fr\/numeros-gagnants\/el-gordo-draw-results\/","og_site_name":"Lotto Online - Crack The International Lottery Jackpots","article_modified_time":"2022-12-28T10:47:16+00:00","og_image":[{"url":"http:\/\/jackpotlotteryonline.com\/wp-content\/uploads\/2022\/10\/lotto_euros.jpg"}],"twitter_card":"summary_large_image","twitter_misc":{"Dur\u00e9e de lecture estim\u00e9e":"6 minutes"},"schema":{"@context":"https:\/\/schema.org","@graph":[{"@type":"WebPage","@id":"https:\/\/jackpotlotteryonline.com\/fr\/numeros-gagnants\/el-gordo-draw-results\/","url":"https:\/\/jackpotlotteryonline.com\/fr\/numeros-gagnants\/el-gordo-draw-results\/","name":"Num\u00e9ros gagnants El Gordo et r\u00e9sultats des tirages","isPartOf":{"@id":"https:\/\/jackpotlotteryonline.com\/#website"},"primaryImageOfPage":{"@id":"https:\/\/jackpotlotteryonline.com\/fr\/numeros-gagnants\/el-gordo-draw-results\/#primaryimage"},"image":{"@id":"https:\/\/jackpotlotteryonline.com\/fr\/numeros-gagnants\/el-gordo-draw-results\/#primaryimage"},"thumbnailUrl":"http:\/\/jackpotlotteryonline.com\/wp-content\/uploads\/2022\/10\/lotto_euros.jpg","datePublished":"2022-12-06T12:11:41+00:00","dateModified":"2022-12-28T10:47:16+00:00","description":"R\u00e9sultats, num\u00e9ros gagnants du tirage El Gordo - cette semaine ainsi que les r\u00e9sultats de la semaine pass\u00e9e.","breadcrumb":{"@id":"https:\/\/jackpotlotteryonline.com\/fr\/numeros-gagnants\/el-gordo-draw-results\/#breadcrumb"},"inLanguage":"fr-FR","potentialAction":[{"@type":"ReadAction","target":["https:\/\/jackpotlotteryonline.com\/fr\/numeros-gagnants\/el-gordo-draw-results\/"]}]},{"@type":"ImageObject","inLanguage":"fr-FR","@id":"https:\/\/jackpotlotteryonline.com\/fr\/numeros-gagnants\/el-gordo-draw-results\/#primaryimage","url":"http:\/\/jackpotlotteryonline.com\/wp-content\/uploads\/2022\/10\/lotto_euros.jpg","contentUrl":"http:\/\/jackpotlotteryonline.com\/wp-content\/uploads\/2022\/10\/lotto_euros.jpg"},{"@type":"BreadcrumbList","@id":"https:\/\/jackpotlotteryonline.com\/fr\/numeros-gagnants\/el-gordo-draw-results\/#breadcrumb","itemListElement":[{"@type":"ListItem","position":1,"name":"Home","item":"https:\/\/jackpotlotteryonline.com\/fr\/"},{"@type":"ListItem","position":2,"name":"R\u00e9sultats de la loterie","item":"https:\/\/jackpotlotteryonline.com\/winning-numbers\/"},{"@type":"ListItem","position":3,"name":"R\u00e9sultats du tirage au sort El Gordo"}]},{"@type":"WebSite","@id":"https:\/\/jackpotlotteryonline.com\/#website","url":"https:\/\/jackpotlotteryonline.com\/","name":"Lotto Online - Crack The International Lottery Jackpots","description":"","potentialAction":[{"@type":"SearchAction","target":{"@type":"EntryPoint","urlTemplate":"https:\/\/jackpotlotteryonline.com\/?s={search_term_string}"},"query-input":"required name=search_term_string"}],"inLanguage":"fr-FR"}]}},"_links":{"self":[{"href":"https:\/\/jackpotlotteryonline.com\/fr\/wp-json\/wp\/v2\/pages\/40815","targetHints":{"allow":["GET"]}}],"collection":[{"href":"https:\/\/jackpotlotteryonline.com\/fr\/wp-json\/wp\/v2\/pages"}],"about":[{"href":"https:\/\/jackpotlotteryonline.com\/fr\/wp-json\/wp\/v2\/types\/page"}],"author":[{"embeddable":true,"href":"https:\/\/jackpotlotteryonline.com\/fr\/wp-json\/wp\/v2\/users\/1"}],"replies":[{"embeddable":true,"href":"https:\/\/jackpotlotteryonline.com\/fr\/wp-json\/wp\/v2\/comments?post=40815"}],"version-history":[{"count":0,"href":"https:\/\/jackpotlotteryonline.com\/fr\/wp-json\/wp\/v2\/pages\/40815\/revisions"}],"up":[{"embeddable":true,"href":"https:\/\/jackpotlotteryonline.com\/fr\/wp-json\/wp\/v2\/pages\/35826"}],"wp:attachment":[{"href":"https:\/\/jackpotlotteryonline.com\/fr\/wp-json\/wp\/v2\/media?parent=40815"}],"curies":[{"name":"wp","href":"https:\/\/api.w.org\/{rel}","templated":true}]}}