{"id":40874,"date":"2022-12-07T08:12:16","date_gmt":"2022-12-07T08:12:16","guid":{"rendered":"https:\/\/jackpotlotteryonline.com\/?page_id=40874"},"modified":"2022-12-28T17:40:26","modified_gmt":"2022-12-28T17:40:26","slug":"german-lotto","status":"publish","type":"page","link":"https:\/\/jackpotlotteryonline.com\/fr\/numeros-gagnants\/german-lotto\/","title":{"rendered":"R\u00e9sultats du tirage du Lotto allemand"},"content":{"rendered":"<p>R\u00e9sultats des tirages du Lotto allemandSi vous avez <a href=\"https:\/\/jackpotlotteryonline.com\/fr\/comment-jouer\/german-lotto\">jou\u00e9 au Lotto allemand<\/a> ou si vous voulez essayer, la v\u00e9rification des num\u00e9ros gagnants est essentielle. Gagner \u00e0 la loterie est une exp\u00e9rience qui change la vie.<\/p>\n<p>Connue sous le nom de 6 aus 49 ou 6 sur 49, c&#8217;est l&#8217;une des loteries les plus populaires d&#8217;Europe. Avec des chances incroyables et des jackpots qui changent la vie, cette loterie allemande a neuf niveaux de prix diff\u00e9rents.<\/p>\n<p>Il est facile de jouer et vous pouvez maintenant participer au loto allemand de n&#8217;importe o\u00f9 dans le monde. Vous pouvez \u00e9galement v\u00e9rifier vos num\u00e9ros gagnants lorsque vous jouez sur jackpotlottoonline.com.<\/p>\n<h2>Comment jouer au loto allemand<\/h2>\n<p><img loading=\"lazy\" decoding=\"async\" class=\"alignright size-medium wp-image-29156\" src=\"http:\/\/jackpotlotteryonline.com\/wp-content\/uploads\/2022\/11\/1_play_lotto_to_win-300x214.jpg\" alt=\"participer au loto allemand pour gagner des prix\" width=\"300\" height=\"214\" srcset=\"https:\/\/jackpotlotteryonline.com\/wp-content\/uploads\/2022\/11\/1_play_lotto_to_win-300x214.jpg 300w, https:\/\/jackpotlotteryonline.com\/wp-content\/uploads\/2022\/11\/1_play_lotto_to_win.jpg 320w\" sizes=\"auto, (max-width: 300px) 100vw, 300px\" \/>En gros, les joueurs doivent simplement choisir 6 num\u00e9ros dans une fourchette de 1 \u00e0 49 et celui qui correspond aux r\u00e9sultats tir\u00e9s remporte le jackpot. Il existe \u00e9galement un chiffre bonus appel\u00e9 le Super Num\u00e9ro. Il est choisi au hasard et est utilis\u00e9 pour d\u00e9terminer les gagnants de trois niveaux, y compris le jackpot.<\/p>\n<p>Le montant du jackpot est garanti \u00e0 un million d&#8217;euros, mais s&#8217;il n&#8217;y a pas de gagnant \u00e0 l&#8217;issue des tirages, il est report\u00e9. Le jackpot du loto allemand peut atteindre jusqu&#8217;\u00e0 14 000 000 \u20ac, ce qui nous semble assez impressionnant.<\/p>\n<h2>Jouer sur jackpotlottoonline.com<\/h2>\n<p>Lorsque vous <a href=\"https:\/\/jackpotlotteryonline.com\/fr\/acheter-tickets\/lotto-germany\">achetez un ticket chez nous<\/a>, vous participez r\u00e9ellement au loto. Nous ne fonctionnons pas comme certains sites de loto en ligne qui offrent simplement aux joueurs la possibilit\u00e9 de parier sur le r\u00e9sultat. Si vous pariez sur le r\u00e9sultat, m\u00eame si vous obtenez les num\u00e9ros gagnants, vous ne gagnez pas le loto.<\/p>\n<p>Nous sommes un site de conciergerie qui donne \u00e0 nos clients la possibilit\u00e9 de participer \u00e0 des loteries du monde entier. Lorsque vous achetez un ticket de loto allemand en ligne, nos agents dans le pays ach\u00e8tent un ticket physique. Le ticket de loto allemand physique aura les m\u00eames num\u00e9ros que ceux que vous avez choisis. Nous le scannerons ensuite sur votre compte.<\/p>\n<p><strong>Pour jouer au loto avec nous :<\/strong><\/p>\n<ul>\n<li>Choisissez 6 num\u00e9ros parmi 49. Vous pouvez \u00e9galement utiliser notre g\u00e9n\u00e9rateur automatique pour choisir des num\u00e9ros de loto al\u00e9atoires.<\/li>\n<li>Entrez les tirages. Vous pouvez saisir un ou plusieurs tirages.<\/li>\n<li>Choisissez combien de semaines \u00e0 l&#8217;avance vous voulez jouer (ou vous pouvez jouer une seule fois).<\/li>\n<li>Inscrivez-vous pour traiter votre paiement (afin que nous puissions vous avertir lorsque vous aurez gagn\u00e9 au loto).<\/li>\n<\/ul>\n<h2>Gagner au loto allemand (r\u00e9partition des prix)<\/h2>\n<p><img loading=\"lazy\" decoding=\"async\" class=\"alignright size-medium wp-image-28616\" src=\"http:\/\/jackpotlotteryonline.com\/wp-content\/uploads\/2022\/11\/1_online_lotto-300x128.jpg\" alt=\"Jouer au loto allemand\" width=\"300\" height=\"128\" srcset=\"https:\/\/jackpotlotteryonline.com\/wp-content\/uploads\/2022\/11\/1_online_lotto-300x128.jpg 300w, https:\/\/jackpotlotteryonline.com\/wp-content\/uploads\/2022\/11\/1_online_lotto.jpg 320w\" sizes=\"auto, (max-width: 300px) 100vw, 300px\" \/>Nous avons d\u00e9j\u00e0 mentionn\u00e9 que ce loto europ\u00e9en comporte 9 niveaux de prix diff\u00e9rents. Cela fait beaucoup de prix qu&#8217;un joueur peut gagner, ce qui explique pourquoi ce loto est si populaire sur le continent. Les chances de gagner le jackpot sont de 1 sur 139 838 160.<\/p>\n<p>Nous partagerons la r\u00e9partition des prix pour les diff\u00e9rents niveaux de prix ainsi que les chances de gagner pour chaque niveau. Nous inclurons \u00e9galement le prix estim\u00e9 pour chaque section. Les prix sont d\u00e9termin\u00e9s par la cagnotte globale du loto, mais en se basant sur les gains ant\u00e9rieurs, il est possible d&#8217;obtenir un chiffre approximatif.<\/p>\n<p>Niveau 1 : 6 + Super Num\u00e9ro &#8211; \u20ac12,585,434.40 (jackpot) &#8211; 1:139,838,160<\/p>\n<p>Niveau 2 : 6 chiffres seulement &#8211; 1 003 509,30 \u20ac &#8211; 1 : 15 537 573<\/p>\n<p>Niveau 3 : 5 + Super Num\u00e9ro &#8211; 12 135,40 \u20ac &#8211; 1:524 008<\/p>\n<p>Niveau 4 : 5 chiffres seulement &#8211; 4 019,20 \u20ac &#8211; 1:60 223<\/p>\n<p>Niveau 5 : 4 + Super Num\u00e9ro &#8211; 191,10 \u20ac &#8211; 1:10 324<\/p>\n<p>Niveau 6 : 4 chiffres seulement &#8211; 50,30 \u20ac &#8211; 1:1 147<\/p>\n<p>Niveau 7 : 3 + Super Num\u00e9ro &#8211; 21,20 \u20ac &#8211; 1:567<\/p>\n<p>Niveau 8 : 3 chiffres seulement &#8211; 11,10 \u20ac &#8211; 1:63<\/p>\n<p>Niveau 9 : 2 + Super Num\u00e9ro &#8211; \u20ac6 &#8211; 1:76<\/p>\n<section class=\"layout\" style=\"border: solid 1px; width: 100%;\">\n<div class=\"img-div\" style=\"margin-top: 5px;\"><img decoding=\"async\" class=\"wp-image-17212 alignleft\" style=\"height: 45px; margin: 8px 8px 0px;\" src=\"http:\/\/jackpotlotteryonline.com\/wp-content\/uploads\/2022\/11\/read1.jpg\" alt=\"lire\" width=\"\" height=\"\" \/><\/div>\n<div style=\"padding-left: 5px;\">\n<div style=\"font-size: 1.1em;\">\n<p><strong>Votre loterie nationale en comparaison internationale<\/strong><\/p>\n<p style=\"font-size: 0.85em; margin-top: -1.5em;\">Votre loterie locale peut \u00eatre votre pire option &#8211; pourquoi il est plus judicieux de payer plus mais de miser sur des jackpots plus importants <a href=\"https:\/\/jackpotlotteryonline.com\/fr\/votre-loterie-nationale-en-comparaison-internationale\">en savoir plus<\/a><\/p>\n<\/div>\n<\/div>\n<\/section>\n<h2>V\u00e9rifiez vos num\u00e9ros gagnants en ligne<\/h2>\n<p>Tout comme jouer au loto allemand est incroyablement simple, nous avons \u00e9galement simplifi\u00e9 le processus de v\u00e9rification des r\u00e9sultats. Si vous jouez \u00e0 ce loto, vous pouvez facilement v\u00e9rifier vos num\u00e9ros gagnants en ligne. Revenez apr\u00e8s chaque tirage pour voir si vous avez gagn\u00e9 un prix. Nous publions les r\u00e9sultats des tirages ici m\u00eame.<\/p>\n<p>Mais, m\u00eame si vous oubliez de v\u00e9rifier apr\u00e8s les tirages, nous vous ferons savoir si vous avez gagn\u00e9 un prix. Non seulement nous vous alerterons via votre compte, mais nous vous enverrons \u00e9galement un e-mail.<\/p>\n<h2>Comment r\u00e9clamer votre prix<\/h2>\n<p>Les tirages du loto allemand ont lieu une fois par semaine, le mercredi. Apr\u00e8s les tirages, les num\u00e9ros gagnants sont annonc\u00e9s. Gagner \u00e0 la loterie signifie simplement que vous avez un ticket qui correspond aux r\u00e9sultats du tirage.<\/p>\n<p>Si vous gagnez un prix, vous pouvez facilement le r\u00e9clamer en le retirant de notre plateforme sur votre compte. C&#8217;est exact. Tout prix inf\u00e9rieur \u00e0 2 500 \u20ac peut \u00eatre retir\u00e9 directement sur votre compte.<\/p>\n<p>Pour les montants sup\u00e9rieurs \u00e0 2 500 \u20ac, vous devrez peut-\u00eatre remplir un formulaire de r\u00e9clamation aupr\u00e8s de la soci\u00e9t\u00e9 de loterie. Mais nous vous guiderons dans cette d\u00e9marche. Donc, si vous n&#8217;avez pas encore achet\u00e9 votre ticket de loto allemand, faites-le maintenant. Et n&#8217;oubliez pas de v\u00e9rifier les num\u00e9ros gagnants.<\/p>\n","protected":false},"excerpt":{"rendered":"<p>R\u00e9sultats des tirages du Lotto allemandSi vous avez jou\u00e9 au Lotto allemand ou si vous voulez essayer, la v\u00e9rification des num\u00e9ros gagnants est essentielle. Gagner \u00e0 la loterie est une exp\u00e9rience qui change la vie. Connue sous le nom de 6 aus 49 ou 6 sur 49, c&#8217;est l&#8217;une des loteries les plus populaires d&#8217;Europe. [&hellip;]<\/p>\n","protected":false},"author":1,"featured_media":0,"parent":35826,"menu_order":8,"comment_status":"closed","ping_status":"closed","template":"lotto-german-results.php","meta":{"_et_pb_use_builder":"","_et_pb_old_content":"","_et_gb_content_width":"","exclude_from_search":false,"footnotes":""},"class_list":["post-40874","page","type-page","status-publish","hentry"],"yoast_head":"<!-- This site is optimized with the Yoast SEO plugin v23.3 - https:\/\/yoast.com\/wordpress\/plugins\/seo\/ -->\n<title>Num\u00e9ros gagnants du loto allemand et r\u00e9sultats des tirages.<\/title>\n<meta name=\"description\" content=\"Listant ici tous les num\u00e9ros gagnants actuels et pass\u00e9s, les r\u00e9sultats des tirages pour le loto allemand.\" \/>\n<meta name=\"robots\" content=\"index, follow, max-snippet:-1, max-image-preview:large, max-video-preview:-1\" \/>\n<link rel=\"canonical\" href=\"https:\/\/jackpotlotteryonline.com\/fr\/numeros-gagnants\/german-lotto\/\" \/>\n<meta property=\"og:locale\" content=\"fr_FR\" \/>\n<meta property=\"og:type\" content=\"article\" \/>\n<meta property=\"og:title\" content=\"Num\u00e9ros gagnants du loto allemand et r\u00e9sultats des tirages.\" \/>\n<meta property=\"og:description\" content=\"Listant ici tous les num\u00e9ros gagnants actuels et pass\u00e9s, les r\u00e9sultats des tirages pour le loto allemand.\" \/>\n<meta property=\"og:url\" content=\"https:\/\/jackpotlotteryonline.com\/fr\/numeros-gagnants\/german-lotto\/\" \/>\n<meta property=\"og:site_name\" content=\"Lotto Online - Crack The International Lottery Jackpots\" \/>\n<meta property=\"article:modified_time\" content=\"2022-12-28T17:40:26+00:00\" \/>\n<meta property=\"og:image\" content=\"http:\/\/jackpotlotteryonline.com\/wp-content\/uploads\/2022\/11\/1_play_lotto_to_win-300x214.jpg\" \/>\n<meta name=\"twitter:card\" content=\"summary_large_image\" \/>\n<meta name=\"twitter:label1\" content=\"Dur\u00e9e de lecture estim\u00e9e\" \/>\n\t<meta name=\"twitter:data1\" content=\"5 minutes\" \/>\n<!-- \/ Yoast SEO plugin. -->","yoast_head_json":{"title":"Num\u00e9ros gagnants du loto allemand et r\u00e9sultats des tirages.","description":"Listant ici tous les num\u00e9ros gagnants actuels et pass\u00e9s, les r\u00e9sultats des tirages pour le loto allemand.","robots":{"index":"index","follow":"follow","max-snippet":"max-snippet:-1","max-image-preview":"max-image-preview:large","max-video-preview":"max-video-preview:-1"},"canonical":"https:\/\/jackpotlotteryonline.com\/fr\/numeros-gagnants\/german-lotto\/","og_locale":"fr_FR","og_type":"article","og_title":"Num\u00e9ros gagnants du loto allemand et r\u00e9sultats des tirages.","og_description":"Listant ici tous les num\u00e9ros gagnants actuels et pass\u00e9s, les r\u00e9sultats des tirages pour le loto allemand.","og_url":"https:\/\/jackpotlotteryonline.com\/fr\/numeros-gagnants\/german-lotto\/","og_site_name":"Lotto Online - Crack The International Lottery Jackpots","article_modified_time":"2022-12-28T17:40:26+00:00","og_image":[{"url":"http:\/\/jackpotlotteryonline.com\/wp-content\/uploads\/2022\/11\/1_play_lotto_to_win-300x214.jpg"}],"twitter_card":"summary_large_image","twitter_misc":{"Dur\u00e9e de lecture estim\u00e9e":"5 minutes"},"schema":{"@context":"https:\/\/schema.org","@graph":[{"@type":"WebPage","@id":"https:\/\/jackpotlotteryonline.com\/fr\/numeros-gagnants\/german-lotto\/","url":"https:\/\/jackpotlotteryonline.com\/fr\/numeros-gagnants\/german-lotto\/","name":"Num\u00e9ros gagnants du loto allemand et r\u00e9sultats des tirages.","isPartOf":{"@id":"https:\/\/jackpotlotteryonline.com\/#website"},"primaryImageOfPage":{"@id":"https:\/\/jackpotlotteryonline.com\/fr\/numeros-gagnants\/german-lotto\/#primaryimage"},"image":{"@id":"https:\/\/jackpotlotteryonline.com\/fr\/numeros-gagnants\/german-lotto\/#primaryimage"},"thumbnailUrl":"http:\/\/jackpotlotteryonline.com\/wp-content\/uploads\/2022\/11\/1_play_lotto_to_win-300x214.jpg","datePublished":"2022-12-07T08:12:16+00:00","dateModified":"2022-12-28T17:40:26+00:00","description":"Listant ici tous les num\u00e9ros gagnants actuels et pass\u00e9s, les r\u00e9sultats des tirages pour le loto allemand.","breadcrumb":{"@id":"https:\/\/jackpotlotteryonline.com\/fr\/numeros-gagnants\/german-lotto\/#breadcrumb"},"inLanguage":"fr-FR","potentialAction":[{"@type":"ReadAction","target":["https:\/\/jackpotlotteryonline.com\/fr\/numeros-gagnants\/german-lotto\/"]}]},{"@type":"ImageObject","inLanguage":"fr-FR","@id":"https:\/\/jackpotlotteryonline.com\/fr\/numeros-gagnants\/german-lotto\/#primaryimage","url":"http:\/\/jackpotlotteryonline.com\/wp-content\/uploads\/2022\/11\/1_play_lotto_to_win-300x214.jpg","contentUrl":"http:\/\/jackpotlotteryonline.com\/wp-content\/uploads\/2022\/11\/1_play_lotto_to_win-300x214.jpg"},{"@type":"BreadcrumbList","@id":"https:\/\/jackpotlotteryonline.com\/fr\/numeros-gagnants\/german-lotto\/#breadcrumb","itemListElement":[{"@type":"ListItem","position":1,"name":"Home","item":"https:\/\/jackpotlotteryonline.com\/fr\/"},{"@type":"ListItem","position":2,"name":"R\u00e9sultats de la loterie","item":"https:\/\/jackpotlotteryonline.com\/winning-numbers\/"},{"@type":"ListItem","position":3,"name":"R\u00e9sultats du tirage du Lotto allemand"}]},{"@type":"WebSite","@id":"https:\/\/jackpotlotteryonline.com\/#website","url":"https:\/\/jackpotlotteryonline.com\/","name":"Lotto Online - Crack The International Lottery Jackpots","description":"","potentialAction":[{"@type":"SearchAction","target":{"@type":"EntryPoint","urlTemplate":"https:\/\/jackpotlotteryonline.com\/?s={search_term_string}"},"query-input":"required name=search_term_string"}],"inLanguage":"fr-FR"}]}},"_links":{"self":[{"href":"https:\/\/jackpotlotteryonline.com\/fr\/wp-json\/wp\/v2\/pages\/40874","targetHints":{"allow":["GET"]}}],"collection":[{"href":"https:\/\/jackpotlotteryonline.com\/fr\/wp-json\/wp\/v2\/pages"}],"about":[{"href":"https:\/\/jackpotlotteryonline.com\/fr\/wp-json\/wp\/v2\/types\/page"}],"author":[{"embeddable":true,"href":"https:\/\/jackpotlotteryonline.com\/fr\/wp-json\/wp\/v2\/users\/1"}],"replies":[{"embeddable":true,"href":"https:\/\/jackpotlotteryonline.com\/fr\/wp-json\/wp\/v2\/comments?post=40874"}],"version-history":[{"count":0,"href":"https:\/\/jackpotlotteryonline.com\/fr\/wp-json\/wp\/v2\/pages\/40874\/revisions"}],"up":[{"embeddable":true,"href":"https:\/\/jackpotlotteryonline.com\/fr\/wp-json\/wp\/v2\/pages\/35826"}],"wp:attachment":[{"href":"https:\/\/jackpotlotteryonline.com\/fr\/wp-json\/wp\/v2\/media?parent=40874"}],"curies":[{"name":"wp","href":"https:\/\/api.w.org\/{rel}","templated":true}]}}