{"id":40928,"date":"2022-12-07T10:10:34","date_gmt":"2022-12-07T10:10:34","guid":{"rendered":"https:\/\/jackpotlotteryonline.com\/?page_id=40928"},"modified":"2022-12-28T20:41:56","modified_gmt":"2022-12-28T20:41:56","slug":"france-lotto-2","status":"publish","type":"page","link":"https:\/\/jackpotlotteryonline.com\/fr\/numeros-gagnants\/france-lotto-2\/","title":{"rendered":"R\u00e9sultats du tirage du Loto en France"},"content":{"rendered":"<p>France Lotto est un loto europ\u00e9en qui produit des gagnants trois fois par semaine. Il a \u00e9t\u00e9 lanc\u00e9 en 1976 et ses jours de tirage sont les lundis, mercredis et samedis. Les num\u00e9ros gagnants de France Lotto sont annonc\u00e9s ces jours-l\u00e0. Les gagnants du monde entier peuvent participer au France Lotto en achetant leurs tickets en ligne.<\/p>\n<h2>Pourquoi vous devriez v\u00e9rifier les num\u00e9ros gagnants<\/h2>\n<p>En g\u00e9n\u00e9ral, la soci\u00e9t\u00e9 France Lotto ne conna\u00eet pas l&#8217;identit\u00e9 de tous ceux qui ont apport\u00e9 des tickets. Elle n&#8217;a donc aucun moyen de contacter les gagnants du loto. C&#8217;est pourquoi vous devez constamment v\u00e9rifier votre ticket par rapport aux num\u00e9ros tir\u00e9s au sort pour savoir si vous avez gagn\u00e9.<\/p>\n<p>De plus, France Lotto a 10 divisions de prix. Il est possible qu&#8217;un joueur n&#8217;ait pas gagn\u00e9 le jackpot, mais qu&#8217;il ait gagn\u00e9 d&#8217;autres prix.<\/p>\n<h2>Moyens de v\u00e9rifier les r\u00e9sultats gagnants de France Lotto<\/h2>\n<p><img loading=\"lazy\" decoding=\"async\" class=\"alignright wp-image-31748\" src=\"https:\/\/jackpotlotteryonline.com\/wp-content\/uploads\/2022\/11\/rf_results_page-300x225.jpg\" alt=\"R\u00e9sultats du loto en France\" width=\"244\" height=\"183\" srcset=\"https:\/\/jackpotlotteryonline.com\/wp-content\/uploads\/2022\/11\/rf_results_page-300x225.jpg 300w, https:\/\/jackpotlotteryonline.com\/wp-content\/uploads\/2022\/11\/rf_results_page-600x449.jpg 600w, https:\/\/jackpotlotteryonline.com\/wp-content\/uploads\/2022\/11\/rf_results_page-768x575.jpg 768w, https:\/\/jackpotlotteryonline.com\/wp-content\/uploads\/2022\/11\/rf_results_page.jpg 801w\" sizes=\"auto, (max-width: 244px) 100vw, 244px\" \/>l existe plusieurs fa\u00e7ons de v\u00e9rifier les r\u00e9sultats du tirage du France Lotto. Ceci est essentiel pour d\u00e9terminer le ticket gagnant du jackpot. N&#8217;oubliez pas que le gagnant est celui qui correspond aux chiffres tir\u00e9s. Si vous achetez des tickets pour le France Lotto, vous pouvez v\u00e9rifier les r\u00e9sultats du tirage de l&#8217;une des mani\u00e8res suivantes :<\/p>\n<h3>Regardez le tirage en direct \u00e0 la t\u00e9l\u00e9vision<\/h3>\n<p>C&#8217;est vraiment tr\u00e8s excitant car les num\u00e9ros sont annonc\u00e9s et vous pouvez savoir imm\u00e9diatement si vous avez gagn\u00e9. Le probl\u00e8me est que vous devez vivre en France pour pouvoir regarder les tirages en direct du France Lotto.<\/p>\n<section class=\"layout\" style=\"border: solid 1px; width: 100%;\">\n<div class=\"img-div\" style=\"margin-top: 5px;\"><img decoding=\"async\" class=\"wp-image-17212 alignleft\" style=\"height: 45px; margin: 8px 8px 0px;\" src=\"https:\/\/jackpotlotteryonline.com\/wp-content\/uploads\/2022\/11\/read1.jpg\" alt=\"lire\" width=\"\" height=\"\" \/><\/div>\n<div style=\"padding-left: 5px;\">\n<div style=\"font-size: 1.1em;\">\n<p><strong>Ne manquez pas les tirages des plus gros jackpots de la loterie mondiale.<\/strong><\/p>\n<p style=\"font-size: 0.85em; margin-top: -1.5em;\">Une liste des heures de tirage des loteries internationales <a href=\"https:\/\/jackpotlotteryonline.com\/fr\/quelles-sont-les-heures-de-tirage-des-loteries-internationales-2\">en savoir plus<\/a><\/p>\n<\/div>\n<\/div>\n<\/section>\n<h3>Consultez les sites d&#8217;information<\/h3>\n<p>Une autre fa\u00e7on de v\u00e9rifier les r\u00e9sultats des tirages est de consulter les sites d&#8217;information. Plusieurs sites d&#8217;information publient les combinaisons gagnantes sur leurs pages. C&#8217;est particuli\u00e8rement vrai pour les sites d&#8217;information europ\u00e9ens. Si vous gagnez le jackpot, c&#8217;est une excellente option. Cependant, il existe plusieurs autres divisions de prix qu&#8217;un joueur peut gagner. Malheureusement, ces sites ne publient g\u00e9n\u00e9ralement pas les combinaisons gagnantes pour ces divisions. Ainsi, si vous gagnez un prix de second rang, par exemple, vous risquez de le manquer.<\/p>\n<h3>Consultez le site jackpotlotteryonline.com<\/h3>\n<p>Lorsque vous vous inscrivez chez nous, vous pouvez facilement v\u00e9rifier les num\u00e9ros gagnants du France Lotto. Apr\u00e8s chaque tirage, nous publions les r\u00e9sultats ici m\u00eame sur notre page. De plus, si vous gagnez un prix, nous vous en informerons imm\u00e9diatement, quelle que soit la division du prix que vous avez gagn\u00e9e. De plus, vous pouvez \u00e9galement retirer vos gains du loto directement de notre site sur votre compte.<\/p>\n<h2>Avantages du jeu en ligne<\/h2>\n<p>La possibilit\u00e9 de v\u00e9rifier facilement les r\u00e9sultats des tirages n&#8217;est qu&#8217;un des avantages de <a href=\"https:\/\/jackpotlotteryonline.com\/fr\/comment-jouer\/france-lotto\">jouer au loto en ligne.<\/a> Mais nous devons convenir que c&#8217;est un avantage \u00e9norme. Voici quelques avantages en bref :<\/p>\n<ul>\n<li>Acc\u00e8s aux meilleures loteries internationales depuis n&#8217;importe o\u00f9<\/li>\n<li>La commodit\u00e9 de jouer depuis votre ordinateur ou votre appareil mobile<\/li>\n<li>Programmer facilement plusieurs tirages \u00e0 l&#8217;avance<\/li>\n<li>V\u00e9rifiez les r\u00e9sultats des tirages en toute simplicit\u00e9<\/li>\n<li>Retirez vos gains directement sur votre compte.<\/li>\n<\/ul>\n<h2>Combinaisons gagnantes du France Lotto<\/h2>\n<p>Choisir la bonne combinaison pour votre ticket de France Lotto peut \u00eatre assez d\u00e9licat. De nombreux joueurs ont des astuces diff\u00e9rentes qu&#8217;ils utilisent pour augmenter leurs chances de gagner \u00e0 la loterie. Ce que nous pouvons vous dire, c&#8217;est qu&#8217;il n&#8217;existe pas de m\u00e9thode garantie pour gagner \u00e0 la loterie. C&#8217;est une question de chance. Cependant, nous pouvons vous faire part de certaines strat\u00e9gies que les joueurs utilisent pour choisir leurs chiffres gagnants.<\/p>\n<p>Certains joueurs aiment parcourir les combinaisons gagnantes pass\u00e9es pour trouver les num\u00e9ros qui reviennent r\u00e9guli\u00e8rement ou rarement. Ils sont capables d&#8217;identifier un mod\u00e8le et de l&#8217;utiliser pour cr\u00e9er une strat\u00e9gie pour jouer \u00e0 la loterie. Il est difficile de dire si cela fonctionne ou non.<\/p>\n<p>D&#8217;autres joueurs choisissent de jouer fr\u00e9quemment en achetant plusieurs billets et en participant \u00e0 plusieurs tirages. La logique derri\u00e8re cela est que plus vous jouez \u00e0 la loterie, plus vous avez de chances de gagner. Il est int\u00e9ressant de noter que la plupart des gagnants ont jou\u00e9 pendant des ann\u00e9es avant de gagner \u00e0 la loterie. Cependant, il y a ceux qui ont gagn\u00e9 la premi\u00e8re fois qu&#8217;ils ont jou\u00e9.<\/p>\n<h2>Conclusion<\/h2>\n<p>En conclusion, le loto fran\u00e7ais est un jeu de hasard. Vous pouvez <a href=\"https:\/\/jackpotlotteryonline.com\/fr\/acheter-tickets\/lotto-france\">acheter vos tickets de France lotto<\/a> et v\u00e9rifier les combinaisons gagnantes ici m\u00eame sur jackpotlotteryonline.com.<\/p>\n","protected":false},"excerpt":{"rendered":"<p>France Lotto est un loto europ\u00e9en qui produit des gagnants trois fois par semaine. Il a \u00e9t\u00e9 lanc\u00e9 en 1976 et ses jours de tirage sont les lundis, mercredis et samedis. Les num\u00e9ros gagnants de France Lotto sont annonc\u00e9s ces jours-l\u00e0. Les gagnants du monde entier peuvent participer au France Lotto en achetant leurs tickets [&hellip;]<\/p>\n","protected":false},"author":1,"featured_media":0,"parent":35826,"menu_order":9,"comment_status":"closed","ping_status":"closed","template":"lotto-fr-results.php","meta":{"_et_pb_use_builder":"","_et_pb_old_content":"","_et_gb_content_width":"","exclude_from_search":false,"footnotes":""},"class_list":["post-40928","page","type-page","status-publish","hentry"],"yoast_head":"<!-- This site is optimized with the Yoast SEO plugin v23.3 - https:\/\/yoast.com\/wordpress\/plugins\/seo\/ -->\n<title>Num\u00e9ros gagnants et r\u00e9sultats des tirages du France Lotto<\/title>\n<meta name=\"description\" content=\"Vous voulez conna\u00eetre les num\u00e9ros gagnants et les r\u00e9sultats des tirages de la loterie fran\u00e7aise ? Consultez notre page de r\u00e9sultats du Lotto France et nos archives.\" \/>\n<meta name=\"robots\" content=\"index, follow, max-snippet:-1, max-image-preview:large, max-video-preview:-1\" \/>\n<link rel=\"canonical\" href=\"https:\/\/jackpotlotteryonline.com\/fr\/numeros-gagnants\/france-lotto-2\/\" \/>\n<meta property=\"og:locale\" content=\"fr_FR\" \/>\n<meta property=\"og:type\" content=\"article\" \/>\n<meta property=\"og:title\" content=\"Num\u00e9ros gagnants et r\u00e9sultats des tirages du France Lotto\" \/>\n<meta property=\"og:description\" content=\"Vous voulez conna\u00eetre les num\u00e9ros gagnants et les r\u00e9sultats des tirages de la loterie fran\u00e7aise ? Consultez notre page de r\u00e9sultats du Lotto France et nos archives.\" \/>\n<meta property=\"og:url\" content=\"https:\/\/jackpotlotteryonline.com\/fr\/numeros-gagnants\/france-lotto-2\/\" \/>\n<meta property=\"og:site_name\" content=\"Lotto Online - Crack The International Lottery Jackpots\" \/>\n<meta property=\"article:modified_time\" content=\"2022-12-28T20:41:56+00:00\" \/>\n<meta property=\"og:image\" content=\"https:\/\/jackpotlotteryonline.com\/wp-content\/uploads\/2022\/11\/rf_results_page-300x225.jpg\" \/>\n<meta name=\"twitter:card\" content=\"summary_large_image\" \/>\n<meta name=\"twitter:label1\" content=\"Dur\u00e9e de lecture estim\u00e9e\" \/>\n\t<meta name=\"twitter:data1\" content=\"4 minutes\" \/>\n<!-- \/ Yoast SEO plugin. -->","yoast_head_json":{"title":"Num\u00e9ros gagnants et r\u00e9sultats des tirages du France Lotto","description":"Vous voulez conna\u00eetre les num\u00e9ros gagnants et les r\u00e9sultats des tirages de la loterie fran\u00e7aise ? Consultez notre page de r\u00e9sultats du Lotto France et nos archives.","robots":{"index":"index","follow":"follow","max-snippet":"max-snippet:-1","max-image-preview":"max-image-preview:large","max-video-preview":"max-video-preview:-1"},"canonical":"https:\/\/jackpotlotteryonline.com\/fr\/numeros-gagnants\/france-lotto-2\/","og_locale":"fr_FR","og_type":"article","og_title":"Num\u00e9ros gagnants et r\u00e9sultats des tirages du France Lotto","og_description":"Vous voulez conna\u00eetre les num\u00e9ros gagnants et les r\u00e9sultats des tirages de la loterie fran\u00e7aise ? Consultez notre page de r\u00e9sultats du Lotto France et nos archives.","og_url":"https:\/\/jackpotlotteryonline.com\/fr\/numeros-gagnants\/france-lotto-2\/","og_site_name":"Lotto Online - Crack The International Lottery Jackpots","article_modified_time":"2022-12-28T20:41:56+00:00","og_image":[{"url":"https:\/\/jackpotlotteryonline.com\/wp-content\/uploads\/2022\/11\/rf_results_page-300x225.jpg"}],"twitter_card":"summary_large_image","twitter_misc":{"Dur\u00e9e de lecture estim\u00e9e":"4 minutes"},"schema":{"@context":"https:\/\/schema.org","@graph":[{"@type":"WebPage","@id":"https:\/\/jackpotlotteryonline.com\/fr\/numeros-gagnants\/france-lotto-2\/","url":"https:\/\/jackpotlotteryonline.com\/fr\/numeros-gagnants\/france-lotto-2\/","name":"Num\u00e9ros gagnants et r\u00e9sultats des tirages du France Lotto","isPartOf":{"@id":"https:\/\/jackpotlotteryonline.com\/#website"},"primaryImageOfPage":{"@id":"https:\/\/jackpotlotteryonline.com\/fr\/numeros-gagnants\/france-lotto-2\/#primaryimage"},"image":{"@id":"https:\/\/jackpotlotteryonline.com\/fr\/numeros-gagnants\/france-lotto-2\/#primaryimage"},"thumbnailUrl":"https:\/\/jackpotlotteryonline.com\/wp-content\/uploads\/2022\/11\/rf_results_page-300x225.jpg","datePublished":"2022-12-07T10:10:34+00:00","dateModified":"2022-12-28T20:41:56+00:00","description":"Vous voulez conna\u00eetre les num\u00e9ros gagnants et les r\u00e9sultats des tirages de la loterie fran\u00e7aise ? Consultez notre page de r\u00e9sultats du Lotto France et nos archives.","breadcrumb":{"@id":"https:\/\/jackpotlotteryonline.com\/fr\/numeros-gagnants\/france-lotto-2\/#breadcrumb"},"inLanguage":"fr-FR","potentialAction":[{"@type":"ReadAction","target":["https:\/\/jackpotlotteryonline.com\/fr\/numeros-gagnants\/france-lotto-2\/"]}]},{"@type":"ImageObject","inLanguage":"fr-FR","@id":"https:\/\/jackpotlotteryonline.com\/fr\/numeros-gagnants\/france-lotto-2\/#primaryimage","url":"https:\/\/jackpotlotteryonline.com\/wp-content\/uploads\/2022\/11\/rf_results_page-300x225.jpg","contentUrl":"https:\/\/jackpotlotteryonline.com\/wp-content\/uploads\/2022\/11\/rf_results_page-300x225.jpg"},{"@type":"BreadcrumbList","@id":"https:\/\/jackpotlotteryonline.com\/fr\/numeros-gagnants\/france-lotto-2\/#breadcrumb","itemListElement":[{"@type":"ListItem","position":1,"name":"Home","item":"https:\/\/jackpotlotteryonline.com\/fr\/"},{"@type":"ListItem","position":2,"name":"R\u00e9sultats de la loterie","item":"https:\/\/jackpotlotteryonline.com\/winning-numbers\/"},{"@type":"ListItem","position":3,"name":"R\u00e9sultats du tirage du Loto en France"}]},{"@type":"WebSite","@id":"https:\/\/jackpotlotteryonline.com\/#website","url":"https:\/\/jackpotlotteryonline.com\/","name":"Lotto Online - Crack The International Lottery Jackpots","description":"","potentialAction":[{"@type":"SearchAction","target":{"@type":"EntryPoint","urlTemplate":"https:\/\/jackpotlotteryonline.com\/?s={search_term_string}"},"query-input":"required name=search_term_string"}],"inLanguage":"fr-FR"}]}},"_links":{"self":[{"href":"https:\/\/jackpotlotteryonline.com\/fr\/wp-json\/wp\/v2\/pages\/40928","targetHints":{"allow":["GET"]}}],"collection":[{"href":"https:\/\/jackpotlotteryonline.com\/fr\/wp-json\/wp\/v2\/pages"}],"about":[{"href":"https:\/\/jackpotlotteryonline.com\/fr\/wp-json\/wp\/v2\/types\/page"}],"author":[{"embeddable":true,"href":"https:\/\/jackpotlotteryonline.com\/fr\/wp-json\/wp\/v2\/users\/1"}],"replies":[{"embeddable":true,"href":"https:\/\/jackpotlotteryonline.com\/fr\/wp-json\/wp\/v2\/comments?post=40928"}],"version-history":[{"count":0,"href":"https:\/\/jackpotlotteryonline.com\/fr\/wp-json\/wp\/v2\/pages\/40928\/revisions"}],"up":[{"embeddable":true,"href":"https:\/\/jackpotlotteryonline.com\/fr\/wp-json\/wp\/v2\/pages\/35826"}],"wp:attachment":[{"href":"https:\/\/jackpotlotteryonline.com\/fr\/wp-json\/wp\/v2\/media?parent=40928"}],"curies":[{"name":"wp","href":"https:\/\/api.w.org\/{rel}","templated":true}]}}