{"id":40982,"date":"2022-12-07T11:59:32","date_gmt":"2022-12-07T11:59:32","guid":{"rendered":"https:\/\/jackpotlotteryonline.com\/?page_id=40982"},"modified":"2023-01-03T09:10:38","modified_gmt":"2023-01-03T09:10:38","slug":"uk-lottery","status":"publish","type":"page","link":"https:\/\/jackpotlotteryonline.com\/fr\/comment-jouer\/uk-lottery\/","title":{"rendered":"Jouez \u00e0 la loterie britannique de n&#8217;importe o\u00f9"},"content":{"rendered":"<p>La loterie britannique est un jeu de loterie qui se joue au Royaume-Uni. Ce pays abrite de nombreux jeux de loterie dont le jeu Set for Life, qui est une rente. Mais nous ne sommes pas ici pour parler de Set for Life. Il s&#8217;agit d&#8217;un jeu auquel les joueurs jouent pour le plaisir et vous pouvez maintenant jouer \u00e0 ce jeu en ligne. Bien qu&#8217;il soit connu pour faire des millionnaires de temps en temps, les paiements ne sont pas tr\u00e8s g\u00e9n\u00e9reux. En effet, les paiements d\u00e9pendent de l&#8217;ensemble de la loterie.<\/p>\n<p>Vous pouvez jouer \u00e0 ce jeu et \u00e0 d&#8217;autres loteries internationales en ligne sur notre site. Il vous suffit de vous rendre sur jackpotlotteryonline.com et de vous inscrire sur notre site pour avoir une chance de gagner gros.<\/p>\n<h2>Comment jouer \u00e0 la loterie britannique<\/h2>\n<p><img loading=\"lazy\" decoding=\"async\" class=\"alignright size-full wp-image-31370\" src=\"https:\/\/jackpotlotteryonline.com\/wp-content\/uploads\/2022\/11\/lotteryticket.jpg\" alt=\"Jouez \u00e0 la loterie du Royaume-Uni\" width=\"212\" height=\"142\" \/>Ce jeu ressemble beaucoup aux autres jeux de loterie. Les r\u00e8gles du jeu pr\u00e9voient que le joueur doit choisir 6 num\u00e9ros dans une liste de 1 \u00e0 49. Il y a \u00e9galement un num\u00e9ro bonus qui est choisi pendant les tirages. Il est utilis\u00e9 pour d\u00e9terminer les gagnants des autres cat\u00e9gories de prix. Le num\u00e9ro bonus est choisi au hasard lors des tirages et non par les joueurs.<\/p>\n<p>Pour \u00eatre honn\u00eate, nous ne sommes pas des fans de la loterie britannique en raison des faibles gains. M\u00eame si vous obtenez les num\u00e9ros tir\u00e9s au sort, nous ne pouvons pas garantir ce que vous ram\u00e8nerez \u00e0 la maison.<\/p>\n<p>Pourquoi ne pas visiter notre site pour jouer \u00e0 d&#8217;autres jeux de loterie comme le US Powerball et Mega Millions. Avec ces loteries, le jackpot minimum est de 40 millions de dollars. Il existe \u00e9galement d&#8217;autres loteries europ\u00e9ennes auxquelles vous pouvez jouer, comme Euromillions et Eurojackpot. Notre r\u00eave pour nos clients est qu&#8217;ils gagnent gros.<\/p>\n<h2>Comment participer \u00e0 la loterie britannique en ligne<\/h2>\n<p>Jouer en ligne est un peu diff\u00e9rent de l&#8217;utilisation d&#8217;un vendeur physique. Cette diff\u00e9rence n&#8217;est pas une mauvaise chose. En fait, elle rend le jeu de la loterie tr\u00e8s pratique. Suivez les \u00e9tapes suivantes pour jouer \u00e0 la loterie britannique sur notre site.<\/p>\n<ol>\n<li>Visitez la page de la loterie britannique<\/li>\n<li>Choisissez 6 num\u00e9ros dans une fourchette de 1 \u00e0 49 (si vous n&#8217;\u00eates pas s\u00fbr des num\u00e9ros \u00e0 utiliser, essayez le g\u00e9n\u00e9rateur automatique de num\u00e9ros).<\/li>\n<li><a href=\"https:\/\/jackpotlotteryonline.com\/fr\/acheter-tickets\/uk-lottery\">Achetez des lignes de num\u00e9ros suppl\u00e9mentaires<\/a> pour augmenter vos chances de gagner.<\/li>\n<li>Participez aux tirages (vous pouvez participer \u00e0 plusieurs tirages).<\/li>\n<li>Inscrivez-vous et payez vos participations.<\/li>\n<\/ol>\n<section class=\"layout\" style=\"border: solid 1px; width: 100%;\">\n<div class=\"img-div\" style=\"margin-top: 5px;\"><img decoding=\"async\" class=\"wp-image-17212 alignleft\" style=\"height: 45px; margin: 8px 8px 0px;\" src=\"https:\/\/jackpotlotteryonline.com\/wp-content\/uploads\/2022\/11\/read1.jpg\" alt=\"lire\" width=\"\" height=\"\" \/><\/div>\n<div style=\"padding-left: 5px;\">\n<div style=\"font-size: 1.1em;\">\n<p><strong>Conseils sur la loterie<\/strong><\/p>\n<p style=\"font-size: 0.85em; margin-top: -1.5em;\">Conseils pour gagner \u00e0 la loterie\u00a0 <a href=\"https:\/\/jackpotlotteryonline.com\/fr\/les-astuces-qui-vous-aident-a-gagner-a-la-loterie\">en savoir plus<\/a><\/p>\n<\/div>\n<\/div>\n<\/section>\n<h2>V\u00e9rifier les tirages de la loterie<\/h2>\n<p><a href=\"https:\/\/jackpotlotteryonline.com\/fr\/numeros-gagnants\/uk-lottery\">La loterie britannique a deux jours de tirage par semaine<\/a>, le mercredi et le samedi. Vous pouvez vous inscrire \u00e0 plusieurs tirages pour augmenter vos chances de gagner \u00e0 la loterie britannique. Vous pouvez \u00e9galement vous inscrire facilement aux tirages plusieurs semaines \u00e0 l&#8217;avance en utilisant notre service d&#8217;abonnement.<\/p>\n<p>Le billet gagnant est annonc\u00e9 pendant les tirages. Pour gagner le jackpot, il suffit de trouver les 6 num\u00e9ros tir\u00e9s au sort. Les prix du jackpot de la loterie britannique commencent \u00e0 2 millions de livres et peuvent \u00eatre renouvel\u00e9s s&#8217;il n&#8217;y a pas de gagnant apr\u00e8s un tirage. Comme il est reconduit apr\u00e8s chaque tirage (s&#8217;il n&#8217;y a pas de gagnant), il peut d\u00e9passer l\u00e9g\u00e8rement la barre des 2 millions de livres.<\/p>\n<p>Apr\u00e8s chaque tirage, vous pouvez consulter notre site pour savoir si vous avez gagn\u00e9 un prix. La loterie britannique a 6 cat\u00e9gories de prix diff\u00e9rentes et si vous gagnez un prix, nous vous enverrons un e-mail pour vous en avertir.<\/p>\n<h2>Qu&#8217;est-ce que le service d&#8217;abonnement ?<\/h2>\n<p><img loading=\"lazy\" decoding=\"async\" class=\"alignright wp-image-28427\" src=\"https:\/\/jackpotlotteryonline.com\/wp-content\/uploads\/2022\/11\/1_mega_win-300x279.jpg\" alt=\"Gagnez \u00e0 la loterie du Royaume-Uni\" width=\"237\" height=\"220\" srcset=\"https:\/\/jackpotlotteryonline.com\/wp-content\/uploads\/2022\/11\/1_mega_win-300x279.jpg 300w, https:\/\/jackpotlotteryonline.com\/wp-content\/uploads\/2022\/11\/1_mega_win.jpg 320w\" sizes=\"auto, (max-width: 237px) 100vw, 237px\" \/>Si vous utilisez un site comme le n\u00f4tre, il existe ce que nous appelons un service d&#8217;abonnement pour permettre aux joueurs de jouer de mani\u00e8re transparente et sans stress. Bien qu&#8217;il soit tout \u00e0 fait possible d&#8217;\u00eatre un joueur unique (si c&#8217;est ce que vous pr\u00e9f\u00e9rez), la plupart des joueurs jouent souvent. La meilleure fa\u00e7on de jouer et de gagner \u00e0 la loterie britannique est de jouer r\u00e9guli\u00e8rement, et c&#8217;est l\u00e0 l&#8217;objectif de ce service.<\/p>\n<p>Vous pouvez faire en sorte d&#8217;\u00eatre automatiquement inscrit pour les prochains tirages. La loterie britannique a 2 tirages hebdomadaires : les mercredis et les samedis. Soyons honn\u00eates, il peut \u00eatre un peu fatigant de se rappeler de jouer et de s&#8217;inscrire \u00e0 chaque tirage, mais c&#8217;est pour cela que nous sommes l\u00e0.<\/p>\n<p>Une fois que vous avez configur\u00e9 le service d&#8217;abonnement, vous pouvez vous d\u00e9tendre et savoir que vous ne manquerez aucun tirage de la loterie britannique.<\/p>\n<h2>Prix<\/h2>\n<p>Nous avons mentionn\u00e9 que les prix de cette loterie d\u00e9pendent du fonds de la loterie. Nous ne pouvons donc partager que les prix d&#8217;un tirage particulier. Notez que s&#8217;il y a plusieurs gagnants, le prix sera partag\u00e9 entre eux.<\/p>\n<p>Division 1 : Match 6 &#8211; \u00a32,000,000 (jackpot)<\/p>\n<p>Division 2 : Match 5 + Bonus &#8211; 1 000 000 GBP<\/p>\n<p>Division 3 : Match 5 &#8211; \u00a31,750<\/p>\n<p>Division 4 : Match 4 &#8211; 140<\/p>\n<p>Division 5 : Match 3 &#8211; 30<\/p>\n<p>Division 6 : Match 2 &#8211; loto gratuit &#8211; tirage au sort<\/p>\n<p>Comprenez que m\u00eame si vous gagnez ces prix, le montant indiqu\u00e9 ne correspond pas \u00e0 ce que vous recevrez comme paiement. En effet, environ 45 % des fonds de la loterie sont consacr\u00e9s aux prix. Il peut donc s&#8217;agir d&#8217;un montant inf\u00e9rieur ou sup\u00e9rieur, en fonction de ce que contient le fonds.<\/p>\n<h2>Comment r\u00e9clamer votre gain<\/h2>\n<p>Si vous \u00eates inscrit chez nous, r\u00e9clamer votre gain est simple et direct. Si votre gain est de 2 500 \u20ac ou moins, vous pouvez y acc\u00e9der ici m\u00eame sur notre site. En effet, la soci\u00e9t\u00e9 de loterie le versera directement sur notre site et vous pourrez ensuite le retirer sur votre compte.<\/p>\n<p>S&#8217;il est sup\u00e9rieur \u00e0 2 500 \u20ac, vous devrez r\u00e9clamer votre gain directement aupr\u00e8s de la soci\u00e9t\u00e9 de loterie. Nous vous aiderons \u00e0 le faire en vous fournissant un formulaire de r\u00e9clamation \u00e0 remplir, donc pas d&#8217;inqui\u00e9tude \u00e0 ce sujet.<\/p>\n<p><strong>La soci\u00e9t\u00e9 de loterie a quelques r\u00e8gles \u00e0 respecter lorsqu&#8217;il s&#8217;agit de r\u00e9clamer vos gains.<\/strong><\/p>\n<ul>\n<li>Vous devez avoir plus de 18 ans pour jouer \u00e0 la loterie.<\/li>\n<li>Les gains doivent \u00eatre r\u00e9clam\u00e9s dans les 180 jours suivant le tirage. La seule exception est si vous avez entam\u00e9 la proc\u00e9dure dans les 7 jours.<\/li>\n<li>Les jeux \u00e0 gains instantan\u00e9s doivent \u00eatre r\u00e9clam\u00e9s dans un d\u00e9lai de 180 jours \u00e0 compter de la date d&#8217;achat du jeu \u00e0 gains instantan\u00e9s.<\/li>\n<li>Les jeux de grattage doivent \u00e9galement \u00eatre r\u00e9clam\u00e9s dans les 180 jours suivant l&#8217;achat de la carte \u00e0 gratter.<\/li>\n<\/ul>\n<h2>\u00c0 propos de nos services de conciergerie<\/h2>\n<p>Nous souhaitons prendre un moment pour expliquer ce que nous faisons et pourquoi nous proposons un service de conciergerie. Il existe plusieurs sites de loterie en ligne qui pr\u00e9tendent donner aux joueurs des entr\u00e9es aux loteries mondiales. Mais ce qu&#8217;ils font en r\u00e9alit\u00e9, c&#8217;est vous laisser parier sur le r\u00e9sultat. Ce n&#8217;est pas ce que nous faisons. Nous donnons aux joueurs la chance de jouer aux meilleures loteries internationales.<\/p>\n<p>Lorsque vous jouez \u00e0 la loterie britannique sur notre site, voici ce qui se passe. Une fois que vous aurez choisi vos num\u00e9ros et effectu\u00e9 votre paiement, notre agent aux \u00c9tats-Unis ach\u00e8tera un billet physique en utilisant vos num\u00e9ros. Ce sera pour le tirage que vous avez choisi, bien s\u00fbr. Ce billet est ensuite scann\u00e9 et t\u00e9l\u00e9charg\u00e9 sur votre compte.<\/p>\n<p>Il s&#8217;agit d&#8217;un moyen parfaitement l\u00e9gal de jouer \u00e0 la loterie britannique en ligne depuis n&#8217;importe quel endroit du monde. De plus, elle garantit que vous \u00eates r\u00e9ellement inscrit \u00e0 la loterie de votre choix. De plus, nous publions les r\u00e9sultats du tirage ici m\u00eame sur notre site et nous vous informons si vous gagnez. Nous sommes un service de conciergerie car nous nous occupons de tous les petits d\u00e9tails ennuyeux pour vous afin que vous puissiez profiter pleinement de votre exp\u00e9rience de la loterie.<\/p>\n<h2>Inscrivez-vous sur notre site pour jouer aux meilleures loteries internationales en ligne.<\/h2>\n<p>Le Royaume-Uni propose de nombreuses loteries auxquelles vous pouvez jouer en ligne. Si vous voulez essayer la loterie, vous pouvez le faire. Mais si vous avez besoin d&#8217;un choix plus large, pourquoi ne pas essayer la loterie Set for Life, qui est une rente ? Vous pouvez aussi jouer \u00e0 la loterie Eurojackpot et \u00e0 l&#8217;Euromillions. Vous pouvez trouver tous ces jeux en ligne ici m\u00eame sur notre site. Alors inscrivez-vous d\u00e8s maintenant pour avoir une chance de gagner gros.<\/p>\n","protected":false},"excerpt":{"rendered":"<p>La loterie britannique est un jeu de loterie qui se joue au Royaume-Uni. Ce pays abrite de nombreux jeux de loterie dont le jeu Set for Life, qui est une rente. Mais nous ne sommes pas ici pour parler de Set for Life. Il s&#8217;agit d&#8217;un jeu auquel les joueurs jouent pour le plaisir et [&hellip;]<\/p>\n","protected":false},"author":1,"featured_media":0,"parent":35690,"menu_order":10,"comment_status":"closed","ping_status":"closed","template":"lotto-uk.php","meta":{"_et_pb_use_builder":"","_et_pb_old_content":"","_et_gb_content_width":"","exclude_from_search":false,"footnotes":""},"class_list":["post-40982","page","type-page","status-publish","hentry"],"yoast_head":"<!-- This site is optimized with the Yoast SEO plugin v23.3 - https:\/\/yoast.com\/wordpress\/plugins\/seo\/ -->\n<title>Jouez \u00e0 la loterie britannique en ligne, m\u00eame si vous ne vivez pas au Royaume-Uni.<\/title>\n<meta name=\"description\" content=\"Vous voulez jouer \u00e0 la loterie britannique, mais vous ne r\u00e9sidez pas au Royaume-Uni ? Pas de probl\u00e8me, vous pouvez utiliser notre service en ligne pour jouer \u00e0 cette loterie de n&#039;importe o\u00f9....\" \/>\n<meta name=\"robots\" content=\"index, follow, max-snippet:-1, max-image-preview:large, max-video-preview:-1\" \/>\n<link rel=\"canonical\" href=\"https:\/\/jackpotlotteryonline.com\/fr\/comment-jouer\/uk-lottery\/\" \/>\n<meta property=\"og:locale\" content=\"fr_FR\" \/>\n<meta property=\"og:type\" content=\"article\" \/>\n<meta property=\"og:title\" content=\"Jouez \u00e0 la loterie britannique en ligne, m\u00eame si vous ne vivez pas au Royaume-Uni.\" \/>\n<meta property=\"og:description\" content=\"Vous voulez jouer \u00e0 la loterie britannique, mais vous ne r\u00e9sidez pas au Royaume-Uni ? Pas de probl\u00e8me, vous pouvez utiliser notre service en ligne pour jouer \u00e0 cette loterie de n&#039;importe o\u00f9....\" \/>\n<meta property=\"og:url\" content=\"https:\/\/jackpotlotteryonline.com\/fr\/comment-jouer\/uk-lottery\/\" \/>\n<meta property=\"og:site_name\" content=\"Lotto Online - Crack The International Lottery Jackpots\" \/>\n<meta property=\"article:modified_time\" content=\"2023-01-03T09:10:38+00:00\" \/>\n<meta property=\"og:image\" content=\"https:\/\/jackpotlotteryonline.com\/wp-content\/uploads\/2022\/11\/lotteryticket.jpg\" \/>\n<meta name=\"twitter:card\" content=\"summary_large_image\" \/>\n<meta name=\"twitter:label1\" content=\"Dur\u00e9e de lecture estim\u00e9e\" \/>\n\t<meta name=\"twitter:data1\" content=\"7 minutes\" \/>\n<!-- \/ Yoast SEO plugin. -->","yoast_head_json":{"title":"Jouez \u00e0 la loterie britannique en ligne, m\u00eame si vous ne vivez pas au Royaume-Uni.","description":"Vous voulez jouer \u00e0 la loterie britannique, mais vous ne r\u00e9sidez pas au Royaume-Uni ? Pas de probl\u00e8me, vous pouvez utiliser notre service en ligne pour jouer \u00e0 cette loterie de n'importe o\u00f9....","robots":{"index":"index","follow":"follow","max-snippet":"max-snippet:-1","max-image-preview":"max-image-preview:large","max-video-preview":"max-video-preview:-1"},"canonical":"https:\/\/jackpotlotteryonline.com\/fr\/comment-jouer\/uk-lottery\/","og_locale":"fr_FR","og_type":"article","og_title":"Jouez \u00e0 la loterie britannique en ligne, m\u00eame si vous ne vivez pas au Royaume-Uni.","og_description":"Vous voulez jouer \u00e0 la loterie britannique, mais vous ne r\u00e9sidez pas au Royaume-Uni ? Pas de probl\u00e8me, vous pouvez utiliser notre service en ligne pour jouer \u00e0 cette loterie de n'importe o\u00f9....","og_url":"https:\/\/jackpotlotteryonline.com\/fr\/comment-jouer\/uk-lottery\/","og_site_name":"Lotto Online - Crack The International Lottery Jackpots","article_modified_time":"2023-01-03T09:10:38+00:00","og_image":[{"url":"https:\/\/jackpotlotteryonline.com\/wp-content\/uploads\/2022\/11\/lotteryticket.jpg"}],"twitter_card":"summary_large_image","twitter_misc":{"Dur\u00e9e de lecture estim\u00e9e":"7 minutes"},"schema":{"@context":"https:\/\/schema.org","@graph":[{"@type":"WebPage","@id":"https:\/\/jackpotlotteryonline.com\/fr\/comment-jouer\/uk-lottery\/","url":"https:\/\/jackpotlotteryonline.com\/fr\/comment-jouer\/uk-lottery\/","name":"Jouez \u00e0 la loterie britannique en ligne, m\u00eame si vous ne vivez pas au Royaume-Uni.","isPartOf":{"@id":"https:\/\/jackpotlotteryonline.com\/#website"},"primaryImageOfPage":{"@id":"https:\/\/jackpotlotteryonline.com\/fr\/comment-jouer\/uk-lottery\/#primaryimage"},"image":{"@id":"https:\/\/jackpotlotteryonline.com\/fr\/comment-jouer\/uk-lottery\/#primaryimage"},"thumbnailUrl":"https:\/\/jackpotlotteryonline.com\/wp-content\/uploads\/2022\/11\/lotteryticket.jpg","datePublished":"2022-12-07T11:59:32+00:00","dateModified":"2023-01-03T09:10:38+00:00","description":"Vous voulez jouer \u00e0 la loterie britannique, mais vous ne r\u00e9sidez pas au Royaume-Uni ? Pas de probl\u00e8me, vous pouvez utiliser notre service en ligne pour jouer \u00e0 cette loterie de n'importe o\u00f9....","breadcrumb":{"@id":"https:\/\/jackpotlotteryonline.com\/fr\/comment-jouer\/uk-lottery\/#breadcrumb"},"inLanguage":"fr-FR","potentialAction":[{"@type":"ReadAction","target":["https:\/\/jackpotlotteryonline.com\/fr\/comment-jouer\/uk-lottery\/"]}]},{"@type":"ImageObject","inLanguage":"fr-FR","@id":"https:\/\/jackpotlotteryonline.com\/fr\/comment-jouer\/uk-lottery\/#primaryimage","url":"https:\/\/jackpotlotteryonline.com\/wp-content\/uploads\/2022\/11\/lotteryticket.jpg","contentUrl":"https:\/\/jackpotlotteryonline.com\/wp-content\/uploads\/2022\/11\/lotteryticket.jpg"},{"@type":"BreadcrumbList","@id":"https:\/\/jackpotlotteryonline.com\/fr\/comment-jouer\/uk-lottery\/#breadcrumb","itemListElement":[{"@type":"ListItem","position":1,"name":"Home","item":"https:\/\/jackpotlotteryonline.com\/fr\/"},{"@type":"ListItem","position":2,"name":"Comment jouer","item":"https:\/\/jackpotlotteryonline.com\/fr\/comment-jouer\/"},{"@type":"ListItem","position":3,"name":"Jouez \u00e0 la loterie britannique de n&rsquo;importe o\u00f9"}]},{"@type":"WebSite","@id":"https:\/\/jackpotlotteryonline.com\/#website","url":"https:\/\/jackpotlotteryonline.com\/","name":"Lotto Online - Crack The International Lottery Jackpots","description":"","potentialAction":[{"@type":"SearchAction","target":{"@type":"EntryPoint","urlTemplate":"https:\/\/jackpotlotteryonline.com\/?s={search_term_string}"},"query-input":"required name=search_term_string"}],"inLanguage":"fr-FR"}]}},"_links":{"self":[{"href":"https:\/\/jackpotlotteryonline.com\/fr\/wp-json\/wp\/v2\/pages\/40982","targetHints":{"allow":["GET"]}}],"collection":[{"href":"https:\/\/jackpotlotteryonline.com\/fr\/wp-json\/wp\/v2\/pages"}],"about":[{"href":"https:\/\/jackpotlotteryonline.com\/fr\/wp-json\/wp\/v2\/types\/page"}],"author":[{"embeddable":true,"href":"https:\/\/jackpotlotteryonline.com\/fr\/wp-json\/wp\/v2\/users\/1"}],"replies":[{"embeddable":true,"href":"https:\/\/jackpotlotteryonline.com\/fr\/wp-json\/wp\/v2\/comments?post=40982"}],"version-history":[{"count":0,"href":"https:\/\/jackpotlotteryonline.com\/fr\/wp-json\/wp\/v2\/pages\/40982\/revisions"}],"up":[{"embeddable":true,"href":"https:\/\/jackpotlotteryonline.com\/fr\/wp-json\/wp\/v2\/pages\/35690"}],"wp:attachment":[{"href":"https:\/\/jackpotlotteryonline.com\/fr\/wp-json\/wp\/v2\/media?parent=40982"}],"curies":[{"name":"wp","href":"https:\/\/api.w.org\/{rel}","templated":true}]}}