{"id":41037,"date":"2022-12-08T06:52:43","date_gmt":"2022-12-08T06:52:43","guid":{"rendered":"https:\/\/jackpotlotteryonline.com\/?page_id=41037"},"modified":"2022-12-31T13:53:38","modified_gmt":"2022-12-31T13:53:38","slug":"thunderball","status":"publish","type":"page","link":"https:\/\/jackpotlotteryonline.com\/fr\/comment-jouer\/thunderball\/","title":{"rendered":"Thunderball en ligne &#8211; jouez cette loterie britannique de n&#8217;importe o\u00f9"},"content":{"rendered":"<p>La loterie britannique Thunderball existe depuis un certain temps. Pas aussi ancienne que certaines autres loteries europ\u00e9ennes (comme La Primitiva) puisqu&#8217;elle a effectu\u00e9 son premier tirage en 1999. Cependant, au cours de cette p\u00e9riode, la Thunderball a chang\u00e9 et continue de changer de nombreuses vies. Le jackpot de cinq cent mille livres sterling ne semble pas \u00eatre un gros montant, mais il change la vie. Et les parieurs du Royaume-Uni sont d&#8217;accord, puisque plusieurs joueurs ach\u00e8tent des billets pour les tirages de Thunderball.<\/p>\n<p>Si vous \u00eates un joueur hors du Royaume-Uni, vous pouvez \u00e9galement jouer au Thunderball en ligne. Vous pouvez <a href=\"https:\/\/jackpotlotteryonline.com\/fr\/acheter-tickets\/thunderball\">acheter des billets<\/a>, v\u00e9rifier les <a href=\"https:\/\/jackpotlotteryonline.com\/fr\/numeros-gagnants\/thunderball\">r\u00e9sultats des tirages<\/a> et retirer vos gains depuis le confort de votre ordinateur ou de votre appareil mobile. Continuez \u00e0 lire pour savoir comment jouer au Thunderball en ligne.<\/p>\n<h2>Les gagnants du Thunderball<\/h2>\n<p><img loading=\"lazy\" decoding=\"async\" class=\"alignright size-full wp-image-31370\" src=\"http:\/\/jackpotlotteryonline.com\/wp-content\/uploads\/2022\/11\/lotteryticket.jpg\" alt=\"jouez \u00e0 Thunderball en ligne.\" width=\"212\" height=\"142\" \/>S&#8217;il y a une loterie qui a fait plusieurs gagnants au cours des derni\u00e8res d\u00e9cennies, c&#8217;est bien Thunderball. Cette loterie britannique a acquis la r\u00e9putation de changer des vies car elle a produit beaucoup de gagnants. Il y a l&#8217;histoire de la famille Knowles qui jouait depuis des ann\u00e9es et qui a continu\u00e9 m\u00eame apr\u00e8s le d\u00e9c\u00e8s de leur m\u00e8re. Le gain a \u00e9t\u00e9 tr\u00e8s sp\u00e9cial pour eux.<\/p>\n<p>Karen et David Ainger sont un couple qui a gagn\u00e9 le jackpot de Thunderball qui a chang\u00e9 leur vie. Le gain a \u00e9t\u00e9 bienvenu car ils ont dit qu&#8217;il servirait \u00e0 payer leur retraite. Alf et Rita Boorman sont un autre couple qui a gagn\u00e9 le Thunderball. Leur gain \u00e9tait assez int\u00e9ressant car 30 ans auparavant, le p\u00e8re d&#8217;Alf avait \u00e9galement gagn\u00e9. C&#8217;est ce qu&#8217;on appelle une victoire g\u00e9n\u00e9rationnelle.<\/p>\n<h2>Comment jouer \u00e0 Thunderball en ligne<\/h2>\n<p>Jouer au Thunderball est amusant et si vous \u00eates un parieur exp\u00e9riment\u00e9, il y a de fortes chances que vous sachiez d\u00e9j\u00e0 comment faire. Les joueurs doivent choisir 5 num\u00e9ros parmi une gamme de 1 \u00e0 39 et un num\u00e9ro sp\u00e9cial de 1 \u00e0 14. Ce num\u00e9ro sp\u00e9cial est appel\u00e9 &#8220;Thunderball&#8221;.<\/p>\n<p>Si vous jouez \u00e0 Thunderball en ligne, vous pouvez utiliser le g\u00e9n\u00e9rateur de num\u00e9ros pour choisir des num\u00e9ros al\u00e9atoires. C&#8217;est un peu comme le &#8220;lucky dip&#8221; pour ceux qui ont l&#8217;habitude des tickets physiques. Vous pouvez choisir plusieurs lignes et plusieurs tickets pour augmenter vos chances de gagner au Thunderball. L&#8217;\u00e9tape suivante consiste \u00e0 participer au tirage et c&#8217;est la meilleure partie.<\/p>\n<p>Le Thunderball a quatre tirages par semaine. Cela signifie que vous avez quatre fois plus de chances de gagner le jackpot avec Thunderball. Vous pouvez participer \u00e0 un seul tirage, mais il est pr\u00e9f\u00e9rable de participer \u00e0 plusieurs tirages pour avoir plus de chances de gagner. Lorsque vous jouez avec nous, nous vous demandons de vous inscrire. Cela nous permet de vous avertir lorsque vous gagnez un prix.<\/p>\n<section class=\"layout\" style=\"border: solid 1px; width: 100%;\">\n<div class=\"img-div\" style=\"margin-top: 5px;\"><img decoding=\"async\" class=\"wp-image-17212 alignleft\" style=\"height: 45px; margin: 8px 8px 0px;\" src=\"http:\/\/jackpotlotteryonline.com\/wp-content\/uploads\/2022\/11\/read1.jpg\" alt=\"Lire \" width=\"\" height=\"\" \/><\/div>\n<div style=\"padding-left: 5px;\">\n<div style=\"font-size: 1.1em;\">\n<p><strong>Est-il l\u00e9gal de jouer en ligne \u00e0 des loteries d&#8217;autres pays ?<\/strong><\/p>\n<p style=\"font-size: 0.85em; margin-top: -1.5em;\">Est-il l\u00e9gal d&#8217;acheter un billet de loterie en ligne, et serai-je r\u00e9ellement pay\u00e9 ?\u00a0<a href=\"https:\/\/jackpotlotteryonline.com\/fr\/est-il-legal-de-jouer-en-ligne-a-des-loteries-dautres-pays\">en savoir plus<\/a><\/p>\n<\/div>\n<\/div>\n<\/section>\n<h2>Que faire si vous gagnez ?<\/h2>\n<p>Si vous gagnez un prix, nous vous enverrons un e-mail pour vous en informer. Il y aura \u00e9galement une alerte sur notre plate-forme afin que vous puissiez recevoir la notification lors de votre prochaine connexion. Mais cela ne s&#8217;arr\u00eate pas l\u00e0.<\/p>\n<p>Si votre prix est inf\u00e9rieur \u00e0 2 500 \u20ac, vous pouvez facilement le retirer directement de notre plateforme. Vous n&#8217;avez besoin d&#8217;aucun protocole ni d&#8217;aucune proc\u00e9dure inutile ; il vous suffit de retirer votre argent. Pour les montants sup\u00e9rieurs \u00e0 2 500 \u20ac, vous devrez peut-\u00eatre remplir un formulaire de r\u00e9clamation aupr\u00e8s de la soci\u00e9t\u00e9 de loterie. Mais ne vous inqui\u00e9tez pas, nous sommes l\u00e0 pour vous aider dans cette d\u00e9marche.<\/p>\n<h2>Les prix que vous pouvez gagner<\/h2>\n<p>Ceci dit, que pouvez-vous gagner exactement lorsque vous jouez \u00e0 la loterie Thunderball ? Cette loterie britannique comporte plusieurs cat\u00e9gories de prix et il y a m\u00eame un prix pour avoir trouv\u00e9 la bonne r\u00e9ponse. Les chances de gagner quelque chose sont donc assez \u00e9lev\u00e9es. Voici la r\u00e9partition des cat\u00e9gories de prix pour la Thunderball britannique ainsi que les chances de gagner.<\/p>\n<p>Cat\u00e9gorie 1 : Match 5 + Thunderball &#8211; 1 sur 8 060 598 &#8211; 500 000 \u00a3.<\/p>\n<p>Cat\u00e9gorie 2 : Match 5 uniquement &#8211; 1 chance sur 620 046 &#8211; 5 000 \u00a3.<\/p>\n<p>Cat\u00e9gorie 3 : Match 4 + Thunderball &#8211; 1 chance sur 47 416 &#8211; 250 \u00a3.<\/p>\n<p>Cat\u00e9gorie 4 : Match 4 uniquement &#8211; 1 sur 3 648 &#8211; \u00a3100<\/p>\n<p>Cat\u00e9gorie 5 : Match 3 + Thunderball &#8211; 1 sur 1,437 &#8211; \u00a320<\/p>\n<p>Cat\u00e9gorie 6 : Match 3 uniquement &#8211; 1 sur 111 &#8211; 10 \u00a3.<\/p>\n<p>Cat\u00e9gorie 7 : Match 2 + Thunderball &#8211; 1 sur 135 &#8211; \u00a310<\/p>\n<p>Cat\u00e9gorie 8 : Match 1 + Thunderball &#8211; 1 sur 35 &#8211; \u00a35<\/p>\n<p>Cat\u00e9gorie 9 : Match Thunderball &#8211; 1 sur 29 &#8211; \u00a33<\/p>\n<p>Avec Thunderball, il y en a pour tous les go\u00fbts et peu importe que vous viviez au Royaume-Uni ou non. Vous pouvez maintenant jouer \u00e0 cette loterie britannique pour avoir une chance de gagner et lorsque vous jouez avec nous, vous pouvez facilement retirer vos gains.<\/p>\n<h2>Avantages d&#8217;un site de conciergerie<\/h2>\n<p><img loading=\"lazy\" decoding=\"async\" class=\"alignright size-full wp-image-28940\" src=\"http:\/\/jackpotlotteryonline.com\/wp-content\/uploads\/2022\/11\/1_pick_winning_numbers_lottery.jpg\" alt=\"Achetez votre billet de loterie Thunderball\" width=\"300\" height=\"200\" \/>Ce qui est \u00e9tonnant avec un site de conciergerie, c&#8217;est que vous n&#8217;avez jamais \u00e0 vous demander si vous avez r\u00e9ellement particip\u00e9 \u00e0 la loterie. C&#8217;est un vrai probl\u00e8me car de nombreux sites ne donnent pas vraiment acc\u00e8s \u00e0 la loterie \u00e0 leurs clients. Ce qu&#8217;ils font, c&#8217;est laisser les utilisateurs parier sur le r\u00e9sultat de la loterie, ce qui n&#8217;est pas du tout la m\u00eame chose.<\/p>\n<p>Avec jackpotlotteryonline.com, nous donnons \u00e0 nos utilisateurs l&#8217;acc\u00e8s aux meilleures loteries internationales du monde entier. Cela est d\u00fb au fait que nous g\u00e9rons un site de conciergerie o\u00f9 nous avons des agents dans diff\u00e9rentes parties du monde. Lorsque vous achetez des billets de loterie chez nous, notre agent dans ce pays ach\u00e8te un billet physique avec les num\u00e9ros correspondants. Le billet est ensuite scann\u00e9 et vous est envoy\u00e9.<\/p>\n<p>Lorsque vous achetez votre billet de loterie Thunderball chez nous, vous \u00eates assur\u00e9 de gagner la loterie si vous correspondez aux num\u00e9ros tir\u00e9s. C&#8217;est aussi simple que cela et pourtant c&#8217;est la seule chose qui donne \u00e0 nos clients la tranquillit\u00e9 d&#8217;esprit pour jouer \u00e0 la loterie en ligne.<\/p>\n<h2>Jouez \u00e0 la loterie britannique Thunderball en ligne<\/h2>\n<p>Si l&#8217;envie de jouer \u00e0 la loterie Thunderball vous d\u00e9mange et que vous ne vivez pas au Royaume-Uni, vous avez de la chance. Lorsque vous visitez jackpotlotteryonline.com, vous avez acc\u00e8s aux meilleures loteries internationales, dont Thunderball. Nous sommes un site de conciergerie, donc lorsque vous jouez avec nous, vous obtenez la vraie affaire.<\/p>\n<p>Il est temps de tenter votre chance de gagner un prix qui changera votre vie avec Thunderball. Jouez \u00e0 Thunderball en ligne aujourd&#8217;hui pour avoir une chance de gagner \u00e0 la loterie.<\/p>\n","protected":false},"excerpt":{"rendered":"<p>La loterie britannique Thunderball existe depuis un certain temps. Pas aussi ancienne que certaines autres loteries europ\u00e9ennes (comme La Primitiva) puisqu&#8217;elle a effectu\u00e9 son premier tirage en 1999. Cependant, au cours de cette p\u00e9riode, la Thunderball a chang\u00e9 et continue de changer de nombreuses vies. Le jackpot de cinq cent mille livres sterling ne semble [&hellip;]<\/p>\n","protected":false},"author":1,"featured_media":0,"parent":35690,"menu_order":12,"comment_status":"closed","ping_status":"closed","template":"thunderball.php","meta":{"_et_pb_use_builder":"","_et_pb_old_content":"","_et_gb_content_width":"","exclude_from_search":false,"footnotes":""},"class_list":["post-41037","page","type-page","status-publish","hentry"],"yoast_head":"<!-- This site is optimized with the Yoast SEO plugin v23.3 - https:\/\/yoast.com\/wordpress\/plugins\/seo\/ -->\n<title>Jouez \u00e0 la loterie britannique Thunderball en ligne, m\u00eame depuis l&#039;ext\u00e9rieur du Royaume-Uni.<\/title>\n<meta name=\"description\" content=\"Les amateurs de loterie de l&#039;ext\u00e9rieur du Royaume-Uni peuvent jouer \u00e0 Thunderball en ligne d\u00e8s maintenant - obtenez vos billets en ligne gr\u00e2ce \u00e0 notre service de messagerie.\" \/>\n<meta name=\"robots\" content=\"index, follow, max-snippet:-1, max-image-preview:large, max-video-preview:-1\" \/>\n<link rel=\"canonical\" href=\"https:\/\/jackpotlotteryonline.com\/fr\/comment-jouer\/thunderball\/\" \/>\n<meta property=\"og:locale\" content=\"fr_FR\" \/>\n<meta property=\"og:type\" content=\"article\" \/>\n<meta property=\"og:title\" content=\"Jouez \u00e0 la loterie britannique Thunderball en ligne, m\u00eame depuis l&#039;ext\u00e9rieur du Royaume-Uni.\" \/>\n<meta property=\"og:description\" content=\"Les amateurs de loterie de l&#039;ext\u00e9rieur du Royaume-Uni peuvent jouer \u00e0 Thunderball en ligne d\u00e8s maintenant - obtenez vos billets en ligne gr\u00e2ce \u00e0 notre service de messagerie.\" \/>\n<meta property=\"og:url\" content=\"https:\/\/jackpotlotteryonline.com\/fr\/comment-jouer\/thunderball\/\" \/>\n<meta property=\"og:site_name\" content=\"Lotto Online - Crack The International Lottery Jackpots\" \/>\n<meta property=\"article:modified_time\" content=\"2022-12-31T13:53:38+00:00\" \/>\n<meta property=\"og:image\" content=\"http:\/\/jackpotlotteryonline.com\/wp-content\/uploads\/2022\/11\/lotteryticket.jpg\" \/>\n<meta name=\"twitter:card\" content=\"summary_large_image\" \/>\n<meta name=\"twitter:label1\" content=\"Dur\u00e9e de lecture estim\u00e9e\" \/>\n\t<meta name=\"twitter:data1\" content=\"6 minutes\" \/>\n<!-- \/ Yoast SEO plugin. -->","yoast_head_json":{"title":"Jouez \u00e0 la loterie britannique Thunderball en ligne, m\u00eame depuis l'ext\u00e9rieur du Royaume-Uni.","description":"Les amateurs de loterie de l'ext\u00e9rieur du Royaume-Uni peuvent jouer \u00e0 Thunderball en ligne d\u00e8s maintenant - obtenez vos billets en ligne gr\u00e2ce \u00e0 notre service de messagerie.","robots":{"index":"index","follow":"follow","max-snippet":"max-snippet:-1","max-image-preview":"max-image-preview:large","max-video-preview":"max-video-preview:-1"},"canonical":"https:\/\/jackpotlotteryonline.com\/fr\/comment-jouer\/thunderball\/","og_locale":"fr_FR","og_type":"article","og_title":"Jouez \u00e0 la loterie britannique Thunderball en ligne, m\u00eame depuis l'ext\u00e9rieur du Royaume-Uni.","og_description":"Les amateurs de loterie de l'ext\u00e9rieur du Royaume-Uni peuvent jouer \u00e0 Thunderball en ligne d\u00e8s maintenant - obtenez vos billets en ligne gr\u00e2ce \u00e0 notre service de messagerie.","og_url":"https:\/\/jackpotlotteryonline.com\/fr\/comment-jouer\/thunderball\/","og_site_name":"Lotto Online - Crack The International Lottery Jackpots","article_modified_time":"2022-12-31T13:53:38+00:00","og_image":[{"url":"http:\/\/jackpotlotteryonline.com\/wp-content\/uploads\/2022\/11\/lotteryticket.jpg"}],"twitter_card":"summary_large_image","twitter_misc":{"Dur\u00e9e de lecture estim\u00e9e":"6 minutes"},"schema":{"@context":"https:\/\/schema.org","@graph":[{"@type":"WebPage","@id":"https:\/\/jackpotlotteryonline.com\/fr\/comment-jouer\/thunderball\/","url":"https:\/\/jackpotlotteryonline.com\/fr\/comment-jouer\/thunderball\/","name":"Jouez \u00e0 la loterie britannique Thunderball en ligne, m\u00eame depuis l'ext\u00e9rieur du Royaume-Uni.","isPartOf":{"@id":"https:\/\/jackpotlotteryonline.com\/#website"},"primaryImageOfPage":{"@id":"https:\/\/jackpotlotteryonline.com\/fr\/comment-jouer\/thunderball\/#primaryimage"},"image":{"@id":"https:\/\/jackpotlotteryonline.com\/fr\/comment-jouer\/thunderball\/#primaryimage"},"thumbnailUrl":"http:\/\/jackpotlotteryonline.com\/wp-content\/uploads\/2022\/11\/lotteryticket.jpg","datePublished":"2022-12-08T06:52:43+00:00","dateModified":"2022-12-31T13:53:38+00:00","description":"Les amateurs de loterie de l'ext\u00e9rieur du Royaume-Uni peuvent jouer \u00e0 Thunderball en ligne d\u00e8s maintenant - obtenez vos billets en ligne gr\u00e2ce \u00e0 notre service de messagerie.","breadcrumb":{"@id":"https:\/\/jackpotlotteryonline.com\/fr\/comment-jouer\/thunderball\/#breadcrumb"},"inLanguage":"fr-FR","potentialAction":[{"@type":"ReadAction","target":["https:\/\/jackpotlotteryonline.com\/fr\/comment-jouer\/thunderball\/"]}]},{"@type":"ImageObject","inLanguage":"fr-FR","@id":"https:\/\/jackpotlotteryonline.com\/fr\/comment-jouer\/thunderball\/#primaryimage","url":"http:\/\/jackpotlotteryonline.com\/wp-content\/uploads\/2022\/11\/lotteryticket.jpg","contentUrl":"http:\/\/jackpotlotteryonline.com\/wp-content\/uploads\/2022\/11\/lotteryticket.jpg"},{"@type":"BreadcrumbList","@id":"https:\/\/jackpotlotteryonline.com\/fr\/comment-jouer\/thunderball\/#breadcrumb","itemListElement":[{"@type":"ListItem","position":1,"name":"Home","item":"https:\/\/jackpotlotteryonline.com\/fr\/"},{"@type":"ListItem","position":2,"name":"Comment jouer","item":"https:\/\/jackpotlotteryonline.com\/fr\/comment-jouer\/"},{"@type":"ListItem","position":3,"name":"Thunderball en ligne &#8211; jouez cette loterie britannique de n&rsquo;importe o\u00f9"}]},{"@type":"WebSite","@id":"https:\/\/jackpotlotteryonline.com\/#website","url":"https:\/\/jackpotlotteryonline.com\/","name":"Lotto Online - Crack The International Lottery Jackpots","description":"","potentialAction":[{"@type":"SearchAction","target":{"@type":"EntryPoint","urlTemplate":"https:\/\/jackpotlotteryonline.com\/?s={search_term_string}"},"query-input":"required name=search_term_string"}],"inLanguage":"fr-FR"}]}},"_links":{"self":[{"href":"https:\/\/jackpotlotteryonline.com\/fr\/wp-json\/wp\/v2\/pages\/41037","targetHints":{"allow":["GET"]}}],"collection":[{"href":"https:\/\/jackpotlotteryonline.com\/fr\/wp-json\/wp\/v2\/pages"}],"about":[{"href":"https:\/\/jackpotlotteryonline.com\/fr\/wp-json\/wp\/v2\/types\/page"}],"author":[{"embeddable":true,"href":"https:\/\/jackpotlotteryonline.com\/fr\/wp-json\/wp\/v2\/users\/1"}],"replies":[{"embeddable":true,"href":"https:\/\/jackpotlotteryonline.com\/fr\/wp-json\/wp\/v2\/comments?post=41037"}],"version-history":[{"count":0,"href":"https:\/\/jackpotlotteryonline.com\/fr\/wp-json\/wp\/v2\/pages\/41037\/revisions"}],"up":[{"embeddable":true,"href":"https:\/\/jackpotlotteryonline.com\/fr\/wp-json\/wp\/v2\/pages\/35690"}],"wp:attachment":[{"href":"https:\/\/jackpotlotteryonline.com\/fr\/wp-json\/wp\/v2\/media?parent=41037"}],"curies":[{"name":"wp","href":"https:\/\/api.w.org\/{rel}","templated":true}]}}