{"id":41089,"date":"2022-12-08T08:37:35","date_gmt":"2022-12-08T08:37:35","guid":{"rendered":"https:\/\/jackpotlotteryonline.com\/?page_id=41089"},"modified":"2022-12-29T08:36:37","modified_gmt":"2022-12-29T08:36:37","slug":"uk-lottery","status":"publish","type":"page","link":"https:\/\/jackpotlotteryonline.com\/fr\/numeros-gagnants\/uk-lottery\/","title":{"rendered":"R\u00e9sultats du tirage de la loterie britannique"},"content":{"rendered":"<p>La loterie britannique est un jeu int\u00e9ressant dans la mesure o\u00f9 elle peut rendre les joueurs millionnaires. Si elle est populaire aupr\u00e8s des parieurs du Royaume-Uni, elle n&#8217;est pas tr\u00e8s connue des parieurs internationaux. Donc, si vous voulez vous essayer \u00e0 une loterie internationale, pourquoi ne pas essayer celle-ci ? Bien que les prix ne soient pas garantis, il est facile de choisir un num\u00e9ro gagnant.<\/p>\n<p>Il y a cependant une chose dont vous devez \u00eatre conscient. Si vous gagnez ce loto, nous ne pouvons pas vraiment dire combien vous repartirez avec. En effet, le prix du jackpot repr\u00e9sente 52 % des fonds du loto. S&#8217;il n&#8217;y a pas beaucoup de tickets vendus, vous ne rentrerez pas chez vous avec grand-chose. Non, cela n&#8217;a rien \u00e0 voir avec nous et c&#8217;est une r\u00e8gle de la soci\u00e9t\u00e9 de loterie.<\/p>\n<p>Vous pouvez consulter notre site \u00e0 jackpotlottery.com pour participer \u00e0 ce loto ou choisir parmi une vari\u00e9t\u00e9 d&#8217;autres loteries. Il existe des loteries internationales de premier plan que vous pouvez jouer sur notre site et qui vous permettent de conserver vos gains. Ou bien, vous pouvez essayer celle-ci \u00e0 la place. C&#8217;est vous qui d\u00e9cidez.<\/p>\n<section class=\"layout\" style=\"border: solid 1px; width: 100%;\">\n<div class=\"img-div\" style=\"margin-top: 5px;\"><img decoding=\"async\" class=\"wp-image-17212 alignleft\" style=\"height: 45px; margin: 8px 8px 0px;\" src=\"https:\/\/jackpotlotteryonline.com\/wp-content\/uploads\/2022\/11\/read1.jpg\" alt=\"lire\" width=\"\" height=\"\" \/><\/div>\n<div style=\"padding-left: 5px;\">\n<div style=\"font-size: 1.1em;\">\n<p><strong>Quelle est la meilleure loterie internationale ?<\/strong><\/p>\n<p style=\"font-size: 0.85em; margin-top: -1.5em;\">Laquelle des loteries internationales a les meilleures chances de gagner\u00a0\u00a0 <a href=\"https:\/\/jackpotlotteryonline.com\/fr\/quelle-loterie-internationale-est-la-meilleure\">en savoir plus<\/a><\/p>\n<\/div>\n<\/div>\n<\/section>\n<h2>Comment jouer \u00e0 la loterie britannique<\/h2>\n<p><img loading=\"lazy\" decoding=\"async\" class=\"alignright size-full wp-image-27482\" src=\"https:\/\/jackpotlotteryonline.com\/wp-content\/uploads\/2022\/11\/1_lottery_jackpot3.jpg\" alt=\"jouer \u00e0 la loterie du Royaume-Uni\" width=\"245\" height=\"123\" \/>Comme pour les autres jeux de loterie, vous devez choisir 6 num\u00e9ros dans une liste de 1 \u00e0 49. Lors des tirages, un num\u00e9ro bonus est \u00e9galement choisi au hasard et il est utilis\u00e9 pour d\u00e9terminer le prix. Nous ne sommes pas particuli\u00e8rement enclins \u00e0 recommander ce loto. M\u00eame si vous obtenez les num\u00e9ros tir\u00e9s au sort, nous ne pouvons pas garantir ce que vous remporterez.<\/p>\n<p>Si vous visitez notre site, vous pouvez participer \u00e0 d&#8217;autres jeux comme le US Powerball et le Mega Millions. Avec ces loteries, le jackpot minimum est de 40 millions de dollars. Il existe \u00e9galement d&#8217;autres loteries europ\u00e9ennes auxquelles vous pouvez jouer, telles que Euromillions et Eurojackpot.<\/p>\n<p>L&#8217;essence m\u00eame de ces jeux est de gagner gros et c&#8217;est le r\u00eave de nos clients.<\/p>\n<h2>Les tirages<\/h2>\n<p>La loterie britannique organise deux tirages par semaine, le mercredi et le samedi. Ainsi, lorsque vous achetez un ticket de loto, vous pouvez choisir de participer \u00e0 un seul tirage ou \u00e0 plusieurs. Participer \u00e0 plusieurs tirages est un excellent moyen d&#8217;augmenter vos chances de gagner un prix.<\/p>\n<h2>Gagner \u00e0 la loterie britannique<\/h2>\n<p>Pour gagner \u00e0 ce jeu de loto, les joueurs doivent faire correspondre au moins trois num\u00e9ros principaux avec les r\u00e9sultats du tirage. Le jackpot est g\u00e9n\u00e9ralement d&#8217;environ 3 000 000 \u00a3, mais il peut \u00eatre plus ou moins \u00e9lev\u00e9. Pour gagner le jackpot, vous devez obtenir les six num\u00e9ros tir\u00e9s au sort.<\/p>\n<p>Il existe d&#8217;autres r\u00e9partitions de prix pour ce jeu de loto et nous les mentionnerons dans un moment.<\/p>\n<p>N&#8217;oubliez pas que le loto est un jeu de hasard et qu&#8217;il n&#8217;y a pas de moyen d\u00e9finitif de gagner. La meilleure strat\u00e9gie \u00e0 ce jour est d&#8217;acheter plusieurs tickets et de participer \u00e0 plusieurs tirages. C&#8217;est un moyen d&#8217;augmenter vos chances de gagner un prix. Elle s&#8217;applique \u00e0 tous les jeux de loto auxquels vous choisissez de jouer.<\/p>\n<h2>R\u00e9partition des prix<\/h2>\n<p>Ce que nous partageons est un \u00e9chantillon de la r\u00e9partition des prix pour un tirage particulier de la loterie britannique. Veuillez noter que les autres prix repr\u00e9sentent un pourcentage de la cagnotte. Cela signifie que s&#8217;il y a plusieurs gagnants, le prix sera partag\u00e9 entre eux.<\/p>\n<p>Division 1 : Match 6 &#8211; \u00a32,000,000 (jackpot)<\/p>\n<p>Division 2 : Match 5 + Bonus &#8211; 1 000 000 GBP<\/p>\n<p>Division 3 : Match 5 &#8211; \u00a31,750<\/p>\n<p>Division 4 : Match 4 &#8211; 140<\/p>\n<p>Division 5 : Match 3 &#8211; 30<\/p>\n<p>Division 6 : Match 2 &#8211; loto gratuit &#8211; tirage au sort<\/p>\n<p>Comprenez que m\u00eame si vous gagnez ces prix, le montant indiqu\u00e9 ne correspond pas \u00e0 ce que vous recevrez comme paiement. En effet, environ 45 % des fonds du loto sont consacr\u00e9s aux prix. Il peut donc s&#8217;agir d&#8217;un montant inf\u00e9rieur ou sup\u00e9rieur, en fonction de ce que contient le fonds.<\/p>\n<h2>R\u00e9clamer vos gains<\/h2>\n<p>La soci\u00e9t\u00e9 de loto a quelques r\u00e8gles \u00e0 respecter lorsqu&#8217;il s&#8217;agit de r\u00e9clamer vos gains.<\/p>\n<ul>\n<li>Vous devez avoir plus de 18 ans pour participer au loto.<\/li>\n<li>Les gains doivent \u00eatre r\u00e9clam\u00e9s dans les 180 jours suivant le tirage. La seule exception est si vous avez entam\u00e9 la proc\u00e9dure dans les 7 jours.<\/li>\n<li>Les gains instantan\u00e9s doivent \u00eatre r\u00e9clam\u00e9s dans les 180 jours suivant l&#8217;achat du jeu instantan\u00e9.<\/li>\n<li>Les jeux de grattage doivent \u00e9galement \u00eatre r\u00e9clam\u00e9s dans les 180 jours suivant l&#8217;achat de la carte \u00e0 gratter.<\/li>\n<\/ul>\n<p>Si vous<a href=\"https:\/\/jackpotlotteryonline.com\/fr\/comment-jouer\/uk-lottery\"> jouez \u00e0 la loterie sur notre site<\/a>, nous vous facilitons la t\u00e2che pour r\u00e9clamer vos gains. Pour les gains de 2 500 \u20ac ou moins, vous pouvez y acc\u00e9der directement sur notre site. En effet, la soci\u00e9t\u00e9 de loterie les versera directement sur notre site et vous pourrez ensuite les retirer sur votre compte. Si le montant est sup\u00e9rieur \u00e0 2 500 \u20ac, vous devrez r\u00e9clamer votre gain directement aupr\u00e8s de la soci\u00e9t\u00e9 de loterie. Nous vous aiderons \u00e0 le faire en vous fournissant un formulaire de r\u00e9clamation \u00e0 remplir, alors ne vous inqui\u00e9tez pas.<\/p>\n<h2>Comment v\u00e9rifier vos num\u00e9ros gagnants<\/h2>\n<p><img loading=\"lazy\" decoding=\"async\" class=\"alignright size-medium wp-image-27563\" src=\"https:\/\/jackpotlotteryonline.com\/wp-content\/uploads\/2022\/11\/1_lottery_numbers_draw_results-300x201.jpg\" alt=\"gagner \u00e0 la loterie du Royaume-Uni\" width=\"300\" height=\"201\" srcset=\"https:\/\/jackpotlotteryonline.com\/wp-content\/uploads\/2022\/11\/1_lottery_numbers_draw_results-300x201.jpg 300w, https:\/\/jackpotlotteryonline.com\/wp-content\/uploads\/2022\/11\/1_lottery_numbers_draw_results.jpg 320w\" sizes=\"auto, (max-width: 300px) 100vw, 300px\" \/>Pour savoir si vous avez gagn\u00e9 un prix ou non, vous devez tout d&#8217;abord v\u00e9rifier les num\u00e9ros tir\u00e9s. Il existe plusieurs fa\u00e7ons de le faire si vous jouez en ligne. Mais la plus efficace, et de loin, est de revenir ici pour v\u00e9rifier les r\u00e9sultats du tirage. Nous publions les num\u00e9ros tir\u00e9s apr\u00e8s chaque tirage.<\/p>\n<p>En outre, si vous vous \u00eates inscrit chez nous, nous vous enverrons un e-mail pour vous informer si vous avez gagn\u00e9 un prix. C&#8217;est en fait l&#8217;un des principaux avantages de jouer au loto avec nous. En dehors du fait que vous pouvez avoir acc\u00e8s \u00e0 des tonnes de loteries internationales. Lorsque vous jouez avec nous, vous n&#8217;avez pas \u00e0 vous inqui\u00e9ter de manquer votre prix. Nous vous ferons savoir si vous avez gagn\u00e9 un prix. De plus, s&#8217;il est inf\u00e9rieur \u00e0 2 500 \u20ac, il sera bien plac\u00e9 sur votre compte la prochaine fois que vous vous connecterez.<\/p>\n<h2>Avantages de jouer \u00e0 la loterie avec nous<\/h2>\n<ul>\n<li>Vous aurez acc\u00e8s aux meilleures loteries internationales \u00e0 partir d&#8217;un seul endroit pratique.<\/li>\n<li>Nous sommes un site de conciergerie. Cela signifie que vous ne pariez pas sur le r\u00e9sultat de la loterie. Vous achetez en fait une entr\u00e9e \u00e0 la loterie, o\u00f9 que vous soyez.<\/li>\n<li>Vous pouvez participer aux tirages plusieurs semaines \u00e0 l&#8217;avance en utilisant notre service d&#8217;abonnement.<\/li>\n<li>Vous pouvez d\u00e9couvrir les r\u00e9sultats des tirages ici m\u00eame sur notre site.<\/li>\n<li>Nous vous avertirons si vous gagnez un prix<\/li>\n<li>Encaissez facilement vos gains depuis notre site vers votre banque.<\/li>\n<\/ul>\n<p>Les avantages sont nombreux lorsque vous jouez \u00e0 la loterie sur notre site. Nous nous effor\u00e7ons de fournir le service le plus pratique et le plus transparent \u00e0 nos clients afin qu&#8217;ils puissent profiter des jeux de loterie.<\/p>\n<h2>V\u00e9rifiez vos num\u00e9ros gagnants du loto ici<\/h2>\n<p>Nous avons mentionn\u00e9 que nous donnions acc\u00e8s \u00e0 plusieurs loteries internationales. Non seulement vous pouvez<a href=\"https:\/\/jackpotlotteryonline.com\/fr\/acheter-tickets\/uk-lottery\"> acheter vos tickets de n&#8217;importe o\u00f9,<\/a> mais vous pouvez \u00e9galement v\u00e9rifier les num\u00e9ros tir\u00e9s. Quel que soit le jeu de loto auquel vous choisissez de jouer, nous publierons les r\u00e9sultats ici m\u00eame sur notre site.<\/p>\n<p>Mieux encore, si vous gagnez un prix, vous n&#8217;avez pas \u00e0 vous inqui\u00e9ter de ce qu&#8217;il adviendra de vos gains. Nous ne prenons aucun pourcentage de vos gains ; tout ce que vous gagnez est \u00e0 vous. Et vous pouvez le retirer facilement de notre plateforme.<\/p>\n<p>Jouer aux loteries n&#8217;a jamais \u00e9t\u00e9 aussi simple et facile. Pourquoi ne pas vous inscrire chez nous d\u00e8s aujourd&#8217;hui pour go\u00fbter au plaisir de jeux de loto pratiques et sans stress ?<\/p>\n","protected":false},"excerpt":{"rendered":"<p>La loterie britannique est un jeu int\u00e9ressant dans la mesure o\u00f9 elle peut rendre les joueurs millionnaires. Si elle est populaire aupr\u00e8s des parieurs du Royaume-Uni, elle n&#8217;est pas tr\u00e8s connue des parieurs internationaux. Donc, si vous voulez vous essayer \u00e0 une loterie internationale, pourquoi ne pas essayer celle-ci ? Bien que les prix ne [&hellip;]<\/p>\n","protected":false},"author":1,"featured_media":0,"parent":35826,"menu_order":10,"comment_status":"closed","ping_status":"closed","template":"lotto-uk-results.php","meta":{"_et_pb_use_builder":"","_et_pb_old_content":"","_et_gb_content_width":"","exclude_from_search":false,"footnotes":""},"class_list":["post-41089","page","type-page","status-publish","hentry"],"yoast_head":"<!-- This site is optimized with the Yoast SEO plugin v23.3 - https:\/\/yoast.com\/wordpress\/plugins\/seo\/ -->\n<title>Num\u00e9ros gagnants de la loterie britannique et r\u00e9sultats des tirages<\/title>\n<meta name=\"description\" content=\"Juste apr\u00e8s le tirage, vous trouverez ici tous les r\u00e9sultats et num\u00e9ros gagnants de la loterie du Royaume-Uni.\" \/>\n<meta name=\"robots\" content=\"index, follow, max-snippet:-1, max-image-preview:large, max-video-preview:-1\" \/>\n<link rel=\"canonical\" href=\"https:\/\/jackpotlotteryonline.com\/fr\/numeros-gagnants\/uk-lottery\/\" \/>\n<meta property=\"og:locale\" content=\"fr_FR\" \/>\n<meta property=\"og:type\" content=\"article\" \/>\n<meta property=\"og:title\" content=\"Num\u00e9ros gagnants de la loterie britannique et r\u00e9sultats des tirages\" \/>\n<meta property=\"og:description\" content=\"Juste apr\u00e8s le tirage, vous trouverez ici tous les r\u00e9sultats et num\u00e9ros gagnants de la loterie du Royaume-Uni.\" \/>\n<meta property=\"og:url\" content=\"https:\/\/jackpotlotteryonline.com\/fr\/numeros-gagnants\/uk-lottery\/\" \/>\n<meta property=\"og:site_name\" content=\"Lotto Online - Crack The International Lottery Jackpots\" \/>\n<meta property=\"article:modified_time\" content=\"2022-12-29T08:36:37+00:00\" \/>\n<meta property=\"og:image\" content=\"https:\/\/jackpotlotteryonline.com\/wp-content\/uploads\/2022\/11\/read1.jpg\" \/>\n<meta name=\"twitter:card\" content=\"summary_large_image\" \/>\n<meta name=\"twitter:label1\" content=\"Dur\u00e9e de lecture estim\u00e9e\" \/>\n\t<meta name=\"twitter:data1\" content=\"7 minutes\" \/>\n<!-- \/ Yoast SEO plugin. -->","yoast_head_json":{"title":"Num\u00e9ros gagnants de la loterie britannique et r\u00e9sultats des tirages","description":"Juste apr\u00e8s le tirage, vous trouverez ici tous les r\u00e9sultats et num\u00e9ros gagnants de la loterie du Royaume-Uni.","robots":{"index":"index","follow":"follow","max-snippet":"max-snippet:-1","max-image-preview":"max-image-preview:large","max-video-preview":"max-video-preview:-1"},"canonical":"https:\/\/jackpotlotteryonline.com\/fr\/numeros-gagnants\/uk-lottery\/","og_locale":"fr_FR","og_type":"article","og_title":"Num\u00e9ros gagnants de la loterie britannique et r\u00e9sultats des tirages","og_description":"Juste apr\u00e8s le tirage, vous trouverez ici tous les r\u00e9sultats et num\u00e9ros gagnants de la loterie du Royaume-Uni.","og_url":"https:\/\/jackpotlotteryonline.com\/fr\/numeros-gagnants\/uk-lottery\/","og_site_name":"Lotto Online - Crack The International Lottery Jackpots","article_modified_time":"2022-12-29T08:36:37+00:00","og_image":[{"url":"https:\/\/jackpotlotteryonline.com\/wp-content\/uploads\/2022\/11\/read1.jpg"}],"twitter_card":"summary_large_image","twitter_misc":{"Dur\u00e9e de lecture estim\u00e9e":"7 minutes"},"schema":{"@context":"https:\/\/schema.org","@graph":[{"@type":"WebPage","@id":"https:\/\/jackpotlotteryonline.com\/fr\/numeros-gagnants\/uk-lottery\/","url":"https:\/\/jackpotlotteryonline.com\/fr\/numeros-gagnants\/uk-lottery\/","name":"Num\u00e9ros gagnants de la loterie britannique et r\u00e9sultats des tirages","isPartOf":{"@id":"https:\/\/jackpotlotteryonline.com\/#website"},"primaryImageOfPage":{"@id":"https:\/\/jackpotlotteryonline.com\/fr\/numeros-gagnants\/uk-lottery\/#primaryimage"},"image":{"@id":"https:\/\/jackpotlotteryonline.com\/fr\/numeros-gagnants\/uk-lottery\/#primaryimage"},"thumbnailUrl":"https:\/\/jackpotlotteryonline.com\/wp-content\/uploads\/2022\/11\/read1.jpg","datePublished":"2022-12-08T08:37:35+00:00","dateModified":"2022-12-29T08:36:37+00:00","description":"Juste apr\u00e8s le tirage, vous trouverez ici tous les r\u00e9sultats et num\u00e9ros gagnants de la loterie du Royaume-Uni.","breadcrumb":{"@id":"https:\/\/jackpotlotteryonline.com\/fr\/numeros-gagnants\/uk-lottery\/#breadcrumb"},"inLanguage":"fr-FR","potentialAction":[{"@type":"ReadAction","target":["https:\/\/jackpotlotteryonline.com\/fr\/numeros-gagnants\/uk-lottery\/"]}]},{"@type":"ImageObject","inLanguage":"fr-FR","@id":"https:\/\/jackpotlotteryonline.com\/fr\/numeros-gagnants\/uk-lottery\/#primaryimage","url":"https:\/\/jackpotlotteryonline.com\/wp-content\/uploads\/2022\/11\/read1.jpg","contentUrl":"https:\/\/jackpotlotteryonline.com\/wp-content\/uploads\/2022\/11\/read1.jpg"},{"@type":"BreadcrumbList","@id":"https:\/\/jackpotlotteryonline.com\/fr\/numeros-gagnants\/uk-lottery\/#breadcrumb","itemListElement":[{"@type":"ListItem","position":1,"name":"Home","item":"https:\/\/jackpotlotteryonline.com\/fr\/"},{"@type":"ListItem","position":2,"name":"R\u00e9sultats de la loterie","item":"https:\/\/jackpotlotteryonline.com\/winning-numbers\/"},{"@type":"ListItem","position":3,"name":"R\u00e9sultats du tirage de la loterie britannique"}]},{"@type":"WebSite","@id":"https:\/\/jackpotlotteryonline.com\/#website","url":"https:\/\/jackpotlotteryonline.com\/","name":"Lotto Online - Crack The International Lottery Jackpots","description":"","potentialAction":[{"@type":"SearchAction","target":{"@type":"EntryPoint","urlTemplate":"https:\/\/jackpotlotteryonline.com\/?s={search_term_string}"},"query-input":"required name=search_term_string"}],"inLanguage":"fr-FR"}]}},"_links":{"self":[{"href":"https:\/\/jackpotlotteryonline.com\/fr\/wp-json\/wp\/v2\/pages\/41089","targetHints":{"allow":["GET"]}}],"collection":[{"href":"https:\/\/jackpotlotteryonline.com\/fr\/wp-json\/wp\/v2\/pages"}],"about":[{"href":"https:\/\/jackpotlotteryonline.com\/fr\/wp-json\/wp\/v2\/types\/page"}],"author":[{"embeddable":true,"href":"https:\/\/jackpotlotteryonline.com\/fr\/wp-json\/wp\/v2\/users\/1"}],"replies":[{"embeddable":true,"href":"https:\/\/jackpotlotteryonline.com\/fr\/wp-json\/wp\/v2\/comments?post=41089"}],"version-history":[{"count":0,"href":"https:\/\/jackpotlotteryonline.com\/fr\/wp-json\/wp\/v2\/pages\/41089\/revisions"}],"up":[{"embeddable":true,"href":"https:\/\/jackpotlotteryonline.com\/fr\/wp-json\/wp\/v2\/pages\/35826"}],"wp:attachment":[{"href":"https:\/\/jackpotlotteryonline.com\/fr\/wp-json\/wp\/v2\/media?parent=41089"}],"curies":[{"name":"wp","href":"https:\/\/api.w.org\/{rel}","templated":true}]}}