{"id":41141,"date":"2022-12-08T10:47:19","date_gmt":"2022-12-08T10:47:19","guid":{"rendered":"https:\/\/jackpotlotteryonline.com\/?page_id=41141"},"modified":"2022-12-29T10:34:46","modified_gmt":"2022-12-29T10:34:46","slug":"set-for-life","status":"publish","type":"page","link":"https:\/\/jackpotlotteryonline.com\/fr\/numeros-gagnants\/set-for-life\/","title":{"rendered":"R\u00e9sultats du tirage au sort Set for Life"},"content":{"rendered":"<p>La loterie Set for Life est la loterie de rente du Royaume-Uni qui donne aux joueurs la chance de gagner un prix qui change la vie. Changer de vie en ce sens que les num\u00e9ros gagnants re\u00e7oivent 10 000 \u00a3 chaque mois pendant 30 ans. C&#8217;est presque comme gagner le jackpot chaque mois pour le reste de votre vie.<\/p>\n<p>Les joueurs du monde entier peuvent maintenant <a href=\"https:\/\/jackpotlotteryonline.com\/fr\/acheter-tickets\/set-for-life\">participer \u00e0 la loterie britannique des rentes en achetant des tickets en ligne<\/a>. Ils peuvent \u00e9galement v\u00e9rifier les num\u00e9ros gagnants en ligne et avoir acc\u00e8s \u00e0 leurs gains.<\/p>\n<p>Lorsque vous <a href=\"https:\/\/jackpotlotteryonline.com\/fr\/comment-jouer\/saturday-lotto-2\">jouez \u00e0 la loterie avec jackpotlotteryonline.com,<\/a> vous avez pratiquement un guichet unique pour tous vos besoins en mati\u00e8re de loterie. Vous pouvez vous concentrer sur le fait de gagner \u00e0 la loterie en achetant en ligne des billets des meilleures loteries internationales.<\/p>\n<section class=\"layout\" style=\"border: solid 1px; width: 100%;\">\n<div class=\"img-div\" style=\"margin-top: 5px;\"><img decoding=\"async\" class=\"wp-image-17212 alignleft\" style=\"height: 45px; margin: 8px 8px 0px;\" src=\"http:\/\/jackpotlotteryonline.com\/wp-content\/uploads\/2022\/11\/read1.jpg\" alt=\"lire\" width=\"\" height=\"\" \/><\/div>\n<div style=\"padding-left: 5px;\">\n<div style=\"font-size: 1.1em;\">\n<p><strong>Est-il l\u00e9gal de jouer en ligne \u00e0 des loteries d&#8217;autres pays ?<\/strong><\/p>\n<p style=\"font-size: 0.85em; margin-top: -1.5em;\">Est-il l\u00e9gal d&#8217;acheter un billet de loterie en ligne, et serai-je r\u00e9ellement pay\u00e9 ?<a href=\"https:\/\/jackpotlotteryonline.com\/fr\/est-il-legal-de-jouer-en-ligne-a-des-loteries-dautres-pays\"> en savoir plus<\/a><\/p>\n<\/div>\n<\/div>\n<\/section>\n<h2>Pourquoi jouer en ligne ?<\/h2>\n<p>Tout d&#8217;abord, si vous ne vivez pas au Royaume-Uni, il vous sera assez difficile d&#8217;acheter un billet pour cette loterie. En fait, la seule fa\u00e7on de jouer \u00e0 Set for Life en dehors du Royaume-Uni est de le faire en ligne. Ensuite, lorsque vous verrez \u00e0 quel point il est pratique de jouer en ligne, vous ne voudrez plus jouer \u00e0 la loterie d&#8217;une autre mani\u00e8re.<\/p>\n<p><strong>En bref, voici quelques avantages majeurs de jouer \u00e0 la loterie en ligne :<\/strong><img loading=\"lazy\" decoding=\"async\" class=\"alignright size-medium wp-image-27941\" src=\"http:\/\/jackpotlotteryonline.com\/wp-content\/uploads\/2022\/11\/1_lottery_winner_ticket-200x300.jpg\" alt=\"jouer set for life\" width=\"200\" height=\"300\" srcset=\"https:\/\/jackpotlotteryonline.com\/wp-content\/uploads\/2022\/11\/1_lottery_winner_ticket-200x300.jpg 200w, https:\/\/jackpotlotteryonline.com\/wp-content\/uploads\/2022\/11\/1_lottery_winner_ticket.jpg 320w\" sizes=\"auto, (max-width: 200px) 100vw, 200px\" \/><\/p>\n<ul>\n<li>Vous avez un acc\u00e8s imm\u00e9diat pour jouer vos num\u00e9ros gagnants pour chaque tirage.<\/li>\n<li>Vous pouvez d\u00e9finir vos entr\u00e9es des semaines \u00e0 l&#8217;avance<\/li>\n<li>Vous pouvez facilement v\u00e9rifier les num\u00e9ros gagnants<\/li>\n<li>Acc\u00e9dez \u00e0 vos gains sans stress<\/li>\n<\/ul>\n<p>Il y a tellement d&#8217;avantages \u00e0 jouer \u00e0 la loterie en ligne. Et lorsque vous jouez avec nous \u00e0 jackpotlotteryonline.com, vous exp\u00e9rimentez la facilit\u00e9 et la commodit\u00e9 d&#8217;avoir la loterie au bout des doigts. En tant que site de conciergerie, nous g\u00e9rons les d\u00e9tails pour vous tandis que vous vous concentrez sur le choix de vos num\u00e9ros gagnants en toute simplicit\u00e9. C&#8217;est une situation gagnante pour tout le monde.<\/p>\n<h2>Quels sont les num\u00e9ros gagnants de Set for Life ?<\/h2>\n<p>La seule fa\u00e7on de savoir si vous avez les num\u00e9ros gagnants est de savoir comment jouer \u00e0 cette loterie britannique. Pour jouer, vous devez choisir 5 num\u00e9ros dans une fourchette de 1 \u00e0 47 et 1 num\u00e9ro Life Ball de 1 \u00e0 10. Une fois que vous avez choisi les num\u00e9ros, l&#8217;\u00e9tape suivante consiste \u00e0 participer aux tirages de votre choix.<\/p>\n<p>Set for Life propose deux jours de tirage par semaine, le lundi et le jeudi. Cela signifie deux chances de gagner \u00e0 la loterie. Vous pouvez bien s\u00fbr participer aux deux tirages, car c&#8217;est une fa\u00e7on d&#8217;augmenter vos chances de gagner \u00e0 la loterie.<\/p>\n<p>Apr\u00e8s les tirages, vous devez v\u00e9rifier les r\u00e9sultats pour voir si vous avez la combinaison gagnante. Celui qui a les num\u00e9ros gagnants remporte la loterie.<\/p>\n<h2>Trois fa\u00e7ons de v\u00e9rifier les r\u00e9sultats du tirage<\/h2>\n<p>Il existe trois fa\u00e7ons de v\u00e9rifier la combinaison gagnante de cette loterie britannique. Si vous vivez au Royaume-Uni, vous pouvez facilement regarder les tirages en direct \u00e0 la t\u00e9l\u00e9vision. Cependant, si vous travaillez \u00e0 ce moment-l\u00e0 ou si vous avez une autre fonction, cela ne vous conviendra pas.<\/p>\n<p>Une autre solution consiste \u00e0 consulter les r\u00e9sultats du tirage en ligne. Plusieurs sites Web publient les r\u00e9sultats, notamment la combinaison gagnante du jackpot. Naturellement, comme il existe d&#8217;autres cat\u00e9gories de prix pour la loterie, vous pouvez \u00eatre int\u00e9ress\u00e9 par d&#8217;autres combinaisons gagnantes que le jackpot.<\/p>\n<p>La meilleure fa\u00e7on de v\u00e9rifier les r\u00e9sultats des tirages est de revenir sur cette page apr\u00e8s chaque tirage. Nous publions les r\u00e9sultats des tirages ici m\u00eame et nous prenons le temps de montrer les combinaisons gagnantes pour chaque cat\u00e9gorie de prix. De plus, si vous avez achet\u00e9 votre billet chez nous, nous vous enverrons un e-mail si vous avez un billet gagnant.<\/p>\n<h2>Cat\u00e9gories de prix de Set for Life<\/h2>\n<p>Le premier prix de cette loterie britannique est une somme incroyable de 10 000 \u00a3 par mois pendant les 30 prochaines ann\u00e9es. Imaginez gagner une telle somme chaque mois pendant 30 ans. Avec un tel prix, il est facile de comprendre pourquoi les parieurs du monde entier sont impatients d&#8217;obtenir la combinaison gagnante de cette loterie.<\/p>\n<p>Outre le premier prix, les joueurs peuvent gagner d&#8217;autres prix int\u00e9ressants \u00e0 cette loterie. Voici les cat\u00e9gories de prix.<\/p>\n<p>Cat\u00e9gorie 1 : Match 5 + le Life Ball &#8211; 10 000 \u00a3 chaque mois pendant 30 ans.<\/p>\n<p>Cat\u00e9gorie 2 : Match 5 uniquement &#8211; 10 000 \u00a3 par mois pendant 1 an.<\/p>\n<p>Cat\u00e9gorie 3 : Match 4 + le LIfe Ball &#8211; 250 \u00a3.<\/p>\n<p>Cat\u00e9gorie 4 : Match 4 uniquement &#8211; 50<\/p>\n<p>Cat\u00e9gorie 5 : Match 3 + le Life Ball &#8211; \u00a330<\/p>\n<p>Cat\u00e9gorie 6 : Match 3 uniquement &#8211; 20<\/p>\n<p>Cat\u00e9gorie 7 : Match 2 + la balle de survie &#8211; \u00a310<\/p>\n<p>Cat\u00e9gorie 8 : Match 2 uniquement &#8211; 5<\/p>\n<h2>Retrait de vos gains<\/h2>\n<p>Nous avons mentionn\u00e9 que nous vous informerons par e-mail et sur votre compte si vous avez un ticket gagnant. Mais comment retirer vos gains si vous ne vivez pas au Royaume-Uni ? C&#8217;est une question qui pr\u00e9occupe beaucoup de parieurs. Eh bien, nous sommes l\u00e0 pour vous rassurer sur vos gains.<\/p>\n<p>Lorsque vous vous inscrivez sur notre site et que vous achetez vos billets de loterie chez nous, nous vous simplifions la proc\u00e9dure. En tant que site de conciergerie, nous avons cr\u00e9\u00e9 un processus transparent gr\u00e2ce auquel vous pouvez facilement retirer vos gains. Si vos gains sont inf\u00e9rieurs \u00e0 2 500 euros, il vous suffit d&#8217;effectuer un retrait depuis notre site vers votre compte.<\/p>\n<p>Si vous avez gagn\u00e9 un prix sup\u00e9rieur \u00e0 ce montant, nous vous fournirons un formulaire de r\u00e9clamation. Ainsi, vous pourrez r\u00e9clamer vos gains directement aupr\u00e8s de la soci\u00e9t\u00e9 de loterie. Alors allez-y et achetez un billet de loterie aujourd&#8217;hui pour avoir la chance d&#8217;avoir la combinaison gagnante.<\/p>\n","protected":false},"excerpt":{"rendered":"<p>La loterie Set for Life est la loterie de rente du Royaume-Uni qui donne aux joueurs la chance de gagner un prix qui change la vie. Changer de vie en ce sens que les num\u00e9ros gagnants re\u00e7oivent 10 000 \u00a3 chaque mois pendant 30 ans. C&#8217;est presque comme gagner le jackpot chaque mois pour le [&hellip;]<\/p>\n","protected":false},"author":1,"featured_media":0,"parent":35826,"menu_order":11,"comment_status":"closed","ping_status":"closed","template":"set-for-life-results.php","meta":{"_et_pb_use_builder":"","_et_pb_old_content":"","_et_gb_content_width":"","exclude_from_search":false,"footnotes":""},"class_list":["post-41141","page","type-page","status-publish","hentry"],"yoast_head":"<!-- This site is optimized with the Yoast SEO plugin v23.3 - https:\/\/yoast.com\/wordpress\/plugins\/seo\/ -->\n<title>Set for Life num\u00e9ros gagnants et r\u00e9sultat du tirage<\/title>\n<meta name=\"description\" content=\"Les r\u00e9sultats des tirages de la loterie Set For Life, ainsi que les num\u00e9ros gagnants ici sur Jackpotlotteryonline.com.\" \/>\n<meta name=\"robots\" content=\"index, follow, max-snippet:-1, max-image-preview:large, max-video-preview:-1\" \/>\n<link rel=\"canonical\" href=\"https:\/\/jackpotlotteryonline.com\/fr\/numeros-gagnants\/set-for-life\/\" \/>\n<meta property=\"og:locale\" content=\"fr_FR\" \/>\n<meta property=\"og:type\" content=\"article\" \/>\n<meta property=\"og:title\" content=\"Set for Life num\u00e9ros gagnants et r\u00e9sultat du tirage\" \/>\n<meta property=\"og:description\" content=\"Les r\u00e9sultats des tirages de la loterie Set For Life, ainsi que les num\u00e9ros gagnants ici sur Jackpotlotteryonline.com.\" \/>\n<meta property=\"og:url\" content=\"https:\/\/jackpotlotteryonline.com\/fr\/numeros-gagnants\/set-for-life\/\" \/>\n<meta property=\"og:site_name\" content=\"Lotto Online - Crack The International Lottery Jackpots\" \/>\n<meta property=\"article:modified_time\" content=\"2022-12-29T10:34:46+00:00\" \/>\n<meta property=\"og:image\" content=\"http:\/\/jackpotlotteryonline.com\/wp-content\/uploads\/2022\/11\/read1.jpg\" \/>\n<meta name=\"twitter:card\" content=\"summary_large_image\" \/>\n<meta name=\"twitter:label1\" content=\"Dur\u00e9e de lecture estim\u00e9e\" \/>\n\t<meta name=\"twitter:data1\" content=\"5 minutes\" \/>\n<!-- \/ Yoast SEO plugin. -->","yoast_head_json":{"title":"Set for Life num\u00e9ros gagnants et r\u00e9sultat du tirage","description":"Les r\u00e9sultats des tirages de la loterie Set For Life, ainsi que les num\u00e9ros gagnants ici sur Jackpotlotteryonline.com.","robots":{"index":"index","follow":"follow","max-snippet":"max-snippet:-1","max-image-preview":"max-image-preview:large","max-video-preview":"max-video-preview:-1"},"canonical":"https:\/\/jackpotlotteryonline.com\/fr\/numeros-gagnants\/set-for-life\/","og_locale":"fr_FR","og_type":"article","og_title":"Set for Life num\u00e9ros gagnants et r\u00e9sultat du tirage","og_description":"Les r\u00e9sultats des tirages de la loterie Set For Life, ainsi que les num\u00e9ros gagnants ici sur Jackpotlotteryonline.com.","og_url":"https:\/\/jackpotlotteryonline.com\/fr\/numeros-gagnants\/set-for-life\/","og_site_name":"Lotto Online - Crack The International Lottery Jackpots","article_modified_time":"2022-12-29T10:34:46+00:00","og_image":[{"url":"http:\/\/jackpotlotteryonline.com\/wp-content\/uploads\/2022\/11\/read1.jpg"}],"twitter_card":"summary_large_image","twitter_misc":{"Dur\u00e9e de lecture estim\u00e9e":"5 minutes"},"schema":{"@context":"https:\/\/schema.org","@graph":[{"@type":"WebPage","@id":"https:\/\/jackpotlotteryonline.com\/fr\/numeros-gagnants\/set-for-life\/","url":"https:\/\/jackpotlotteryonline.com\/fr\/numeros-gagnants\/set-for-life\/","name":"Set for Life num\u00e9ros gagnants et r\u00e9sultat du tirage","isPartOf":{"@id":"https:\/\/jackpotlotteryonline.com\/#website"},"primaryImageOfPage":{"@id":"https:\/\/jackpotlotteryonline.com\/fr\/numeros-gagnants\/set-for-life\/#primaryimage"},"image":{"@id":"https:\/\/jackpotlotteryonline.com\/fr\/numeros-gagnants\/set-for-life\/#primaryimage"},"thumbnailUrl":"http:\/\/jackpotlotteryonline.com\/wp-content\/uploads\/2022\/11\/read1.jpg","datePublished":"2022-12-08T10:47:19+00:00","dateModified":"2022-12-29T10:34:46+00:00","description":"Les r\u00e9sultats des tirages de la loterie Set For Life, ainsi que les num\u00e9ros gagnants ici sur Jackpotlotteryonline.com.","breadcrumb":{"@id":"https:\/\/jackpotlotteryonline.com\/fr\/numeros-gagnants\/set-for-life\/#breadcrumb"},"inLanguage":"fr-FR","potentialAction":[{"@type":"ReadAction","target":["https:\/\/jackpotlotteryonline.com\/fr\/numeros-gagnants\/set-for-life\/"]}]},{"@type":"ImageObject","inLanguage":"fr-FR","@id":"https:\/\/jackpotlotteryonline.com\/fr\/numeros-gagnants\/set-for-life\/#primaryimage","url":"http:\/\/jackpotlotteryonline.com\/wp-content\/uploads\/2022\/11\/read1.jpg","contentUrl":"http:\/\/jackpotlotteryonline.com\/wp-content\/uploads\/2022\/11\/read1.jpg"},{"@type":"BreadcrumbList","@id":"https:\/\/jackpotlotteryonline.com\/fr\/numeros-gagnants\/set-for-life\/#breadcrumb","itemListElement":[{"@type":"ListItem","position":1,"name":"Home","item":"https:\/\/jackpotlotteryonline.com\/fr\/"},{"@type":"ListItem","position":2,"name":"R\u00e9sultats de la loterie","item":"https:\/\/jackpotlotteryonline.com\/winning-numbers\/"},{"@type":"ListItem","position":3,"name":"R\u00e9sultats du tirage au sort Set for Life"}]},{"@type":"WebSite","@id":"https:\/\/jackpotlotteryonline.com\/#website","url":"https:\/\/jackpotlotteryonline.com\/","name":"Lotto Online - Crack The International Lottery Jackpots","description":"","potentialAction":[{"@type":"SearchAction","target":{"@type":"EntryPoint","urlTemplate":"https:\/\/jackpotlotteryonline.com\/?s={search_term_string}"},"query-input":"required name=search_term_string"}],"inLanguage":"fr-FR"}]}},"_links":{"self":[{"href":"https:\/\/jackpotlotteryonline.com\/fr\/wp-json\/wp\/v2\/pages\/41141","targetHints":{"allow":["GET"]}}],"collection":[{"href":"https:\/\/jackpotlotteryonline.com\/fr\/wp-json\/wp\/v2\/pages"}],"about":[{"href":"https:\/\/jackpotlotteryonline.com\/fr\/wp-json\/wp\/v2\/types\/page"}],"author":[{"embeddable":true,"href":"https:\/\/jackpotlotteryonline.com\/fr\/wp-json\/wp\/v2\/users\/1"}],"replies":[{"embeddable":true,"href":"https:\/\/jackpotlotteryonline.com\/fr\/wp-json\/wp\/v2\/comments?post=41141"}],"version-history":[{"count":0,"href":"https:\/\/jackpotlotteryonline.com\/fr\/wp-json\/wp\/v2\/pages\/41141\/revisions"}],"up":[{"embeddable":true,"href":"https:\/\/jackpotlotteryonline.com\/fr\/wp-json\/wp\/v2\/pages\/35826"}],"wp:attachment":[{"href":"https:\/\/jackpotlotteryonline.com\/fr\/wp-json\/wp\/v2\/media?parent=41141"}],"curies":[{"name":"wp","href":"https:\/\/api.w.org\/{rel}","templated":true}]}}