{"id":41195,"date":"2022-12-08T13:18:36","date_gmt":"2022-12-08T13:18:36","guid":{"rendered":"https:\/\/jackpotlotteryonline.com\/?page_id=41195"},"modified":"2022-12-29T20:36:35","modified_gmt":"2022-12-29T20:36:35","slug":"mega-sena","status":"publish","type":"page","link":"https:\/\/jackpotlotteryonline.com\/fr\/numeros-gagnants\/mega-sena\/","title":{"rendered":"R\u00e9sultats du tirage de la loterie Mega-Sena"},"content":{"rendered":"<p>Les joueurs du monde entier peuvent d\u00e9sormais acheter des billets pour la loterie Mega-Sena. De plus, une fois que vous avez jou\u00e9 \u00e0 la loterie, vous pouvez v\u00e9rifier les num\u00e9ros gagnants de Mega-Sena en ligne. Une partie essentielle du jeu de la loterie consiste \u00e0 v\u00e9rifier les r\u00e9sultats du tirage afin de ne manquer aucun prix. Il existe plusieurs fa\u00e7ons de v\u00e9rifier les num\u00e9ros gagnants de la loterie br\u00e9silienne et nous y reviendrons dans un instant.<\/p>\n<p>Mais, si vous \u00eates press\u00e9 de conna\u00eetre les r\u00e9sultats du dernier tirage, vous pouvez vous rendre sur jackpotlotteryonline.com pour acc\u00e9der aux meilleures loteries internationales.<\/p>\n<section class=\"layout\" style=\"border: solid 1px; width: 100%;\">\n<div class=\"img-div\" style=\"margin-top: 5px;\"><img decoding=\"async\" class=\"wp-image-17212 alignleft\" style=\"height: 45px; margin: 8px 8px 0px;\" src=\"https:\/\/jackpotlotteryonline.com\/wp-content\/uploads\/2022\/11\/read1.jpg\" alt=\"lire\" width=\"\" height=\"\" \/><\/div>\n<div style=\"padding-left: 5px;\">\n<div style=\"font-size: 1.1em;\">\n<p><strong>Loteries europ\u00e9ennes<\/strong><\/p>\n<p style=\"font-size: 0.85em; margin-top: -1.5em;\">Quelles sont les meilleures loteries europ\u00e9ennes ?\u00a0<a href=\"https:\/\/jackpotlotteryonline.com\/fr\/quelles-sont-les-meilleures-loteries-europeennes\"> en savoir plus<\/a><\/p>\n<\/div>\n<\/div>\n<\/section>\n<h2>Les bases de la loterie Mega-Sena<\/h2>\n<p>La loterie Mega-Sena est semblable \u00e0 toutes les autres loteries de par son mode de jeu. Vous devez simplement choisir des num\u00e9ros dans une certaine fourchette. Pour la loterie br\u00e9silienne, vous choisissez 6 num\u00e9ros dans une fourchette de 1 \u00e0 60. Et c&#8217;est tout. Pas de num\u00e9ros suppl\u00e9mentaires ou de bonus, juste les six pour cette loterie.<\/p>\n<p>Une fois que vous avez choisi les chiffres que vous voulez, l&#8217;\u00e9tape suivante consiste \u00e0 participer aux tirages. Mega-Sena a deux tirages hebdomadaires, le mercredi et le jeudi.<\/p>\n<h2>Num\u00e9ros gagnants de Mega-Sena<\/h2>\n<p><img loading=\"lazy\" decoding=\"async\" class=\"size-full wp-image-29102 alignright\" src=\"https:\/\/jackpotlotteryonline.com\/wp-content\/uploads\/2022\/11\/1_play_lottery_international.jpg\" alt=\"Gagner le jackpot de Mega Sena\" width=\"205\" height=\"147\" \/>Comment choisir les num\u00e9ros gagnants de la Mega-Sena ? Chaque joueur a sa propre fa\u00e7on de choisir ce qui lui convient le mieux. Vous pouvez choisir vos num\u00e9ros gagnants en utilisant des dates qui sont sp\u00e9ciales pour vous. Si vous avez des dates ou des chiffres chanceux, ils peuvent vous aider \u00e0 choisir un num\u00e9ro.<\/p>\n<p>Si vous n&#8217;avez pas de num\u00e9ro sp\u00e9cial en t\u00eate, ne vous en faites pas. Lorsque vous <a href=\"https:\/\/jackpotlotteryonline.com\/fr\/comment-jouer\/mega-sena-2\">jouez \u00e0 Mega-Sena avec nous<\/a>, vous pouvez utiliser notre g\u00e9n\u00e9rateur automatique pour choisir des num\u00e9ros al\u00e9atoires. En fin de compte, il est important de se rappeler que la loterie est un jeu de hasard. La seule v\u00e9ritable fa\u00e7on d&#8217;augmenter vos chances de gagner est d&#8217;acheter plusieurs billets et de participer \u00e0 plusieurs tirages.<\/p>\n<p>Vous pouvez jouer \u00e0 la loterie en ligne en visitant notre page sur Mega-Sena. Nous vous facilitons la t\u00e2che en vous permettant de participer \u00e0 un seul ou \u00e0 plusieurs tirages. Vous pouvez \u00e9galement acheter plusieurs lignes sur un ticket, ce qui vous permet de participer \u00e0 la loterie plusieurs fois.<\/p>\n<h2>Les prix de Mega-Sena<\/h2>\n<p>La loterie Mega-Sena offre un jackpot de d\u00e9part garanti de 3 millions de Real br\u00e9siliens. Cela repr\u00e9sente environ 549467,87 \u20ac. Mais, s&#8217;il n&#8217;y a pas de gagnant apr\u00e8s un tirage, le jackpot est report\u00e9 au tirage suivant. Ainsi, le montant du jackpot peut devenir tr\u00e8s important, ce qui en fait une bonne affaire pour tous les parieurs.<\/p>\n<p>En outre, les chances de gagner au Mega-Sena sont de 1 sur 50 millions. Si vous comparez ce chiffre \u00e0 celui des autres loteries internationales, vous comprendrez ais\u00e9ment pourquoi la loterie br\u00e9silienne est si populaire aupr\u00e8s des parieurs.<\/p>\n<p>La loterie br\u00e9silienne se distingue \u00e9galement des autres loteries par le fait qu&#8217;elle ne propose que 3 cat\u00e9gories de prix, le jackpot inclus. Ainsi, gagner \u00e0 la loterie signifie que vous pouvez gagner l&#8217;un des prix suivants.<\/p>\n<p>Jackpot &#8211; Sena : Match 6 &#8211; 35% de la cagnotte<\/p>\n<p>Niveau 2 &#8211; Quina : Match 5 &#8211; 19% de la cagnotte<\/p>\n<p>Niveau 3 &#8211; Quadra : Match 4 &#8211; 19% de la cagnotte<\/p>\n<h2>R\u00e9clamer votre prix<\/h2>\n<p>L&#8217;\u00e9tape suivante consiste \u00e0 r\u00e9clamer le prix que vous avez gagn\u00e9 en participant \u00e0 la loterie. La mani\u00e8re dont vous r\u00e9clamez votre prix d\u00e9pend de l&#8217;endroit o\u00f9 vous avez achet\u00e9 votre billet. Lorsque vous jouez \u00e0 la loterie en ligne, il est important d&#8217;acheter votre billet sur un site qui vous donne une chance de gagner \u00e0 la loterie. Certains sites ne vous permettent de parier que sur le r\u00e9sultat de la loterie.<\/p>\n<p>Lorsque vous <a href=\"https:\/\/jackpotlotteryonline.com\/fr\/acheter-tickets\/mega-sena\">achetez votre billet de loterie chez nous,<\/a> vous avez acc\u00e8s \u00e0 la loterie. En effet, notre agent au Br\u00e9sil ach\u00e8tera des billets physiques avec vos num\u00e9ros correspondants. Ce qui vous donne une chance de gagner \u00e0 la loterie.<\/p>\n<p>Ainsi, si vous gagnez un prix, tout ce que vous avez \u00e0 faire est de retirer votre prix de notre site sur votre compte. C&#8217;est aussi simple que cela. Consultez nos conditions g\u00e9n\u00e9rales pour savoir comment encaisser vos num\u00e9ros gagnants de la Mega-Sena.<\/p>\n","protected":false},"excerpt":{"rendered":"<p>Les joueurs du monde entier peuvent d\u00e9sormais acheter des billets pour la loterie Mega-Sena. De plus, une fois que vous avez jou\u00e9 \u00e0 la loterie, vous pouvez v\u00e9rifier les num\u00e9ros gagnants de Mega-Sena en ligne. Une partie essentielle du jeu de la loterie consiste \u00e0 v\u00e9rifier les r\u00e9sultats du tirage afin de ne manquer aucun [&hellip;]<\/p>\n","protected":false},"author":1,"featured_media":0,"parent":35826,"menu_order":14,"comment_status":"closed","ping_status":"closed","template":"megasena-results.php","meta":{"_et_pb_use_builder":"","_et_pb_old_content":"","_et_gb_content_width":"","exclude_from_search":false,"footnotes":""},"class_list":["post-41195","page","type-page","status-publish","hentry"],"yoast_head":"<!-- This site is optimized with the Yoast SEO plugin v23.3 - https:\/\/yoast.com\/wordpress\/plugins\/seo\/ -->\n<title>R\u00e9sultats du tirage de la loterie Mega-Sena et num\u00e9ros gagnants<\/title>\n<meta name=\"description\" content=\"Les r\u00e9sultats de la loterie Mega-Sena au Br\u00e9sil sont difficiles \u00e0 trouver. Nous avons list\u00e9 les num\u00e9ros gagnants et les r\u00e9sultats des tirages d&#039;aujourd&#039;hui et d&#039;hier sur notre site Web.\" \/>\n<meta name=\"robots\" content=\"index, follow, max-snippet:-1, max-image-preview:large, max-video-preview:-1\" \/>\n<link rel=\"canonical\" href=\"https:\/\/jackpotlotteryonline.com\/fr\/numeros-gagnants\/mega-sena\/\" \/>\n<meta property=\"og:locale\" content=\"fr_FR\" \/>\n<meta property=\"og:type\" content=\"article\" \/>\n<meta property=\"og:title\" content=\"R\u00e9sultats du tirage de la loterie Mega-Sena et num\u00e9ros gagnants\" \/>\n<meta property=\"og:description\" content=\"Les r\u00e9sultats de la loterie Mega-Sena au Br\u00e9sil sont difficiles \u00e0 trouver. Nous avons list\u00e9 les num\u00e9ros gagnants et les r\u00e9sultats des tirages d&#039;aujourd&#039;hui et d&#039;hier sur notre site Web.\" \/>\n<meta property=\"og:url\" content=\"https:\/\/jackpotlotteryonline.com\/fr\/numeros-gagnants\/mega-sena\/\" \/>\n<meta property=\"og:site_name\" content=\"Lotto Online - Crack The International Lottery Jackpots\" \/>\n<meta property=\"article:modified_time\" content=\"2022-12-29T20:36:35+00:00\" \/>\n<meta property=\"og:image\" content=\"https:\/\/jackpotlotteryonline.com\/wp-content\/uploads\/2022\/11\/read1.jpg\" \/>\n<meta name=\"twitter:card\" content=\"summary_large_image\" \/>\n<meta name=\"twitter:label1\" content=\"Dur\u00e9e de lecture estim\u00e9e\" \/>\n\t<meta name=\"twitter:data1\" content=\"4 minutes\" \/>\n<!-- \/ Yoast SEO plugin. -->","yoast_head_json":{"title":"R\u00e9sultats du tirage de la loterie Mega-Sena et num\u00e9ros gagnants","description":"Les r\u00e9sultats de la loterie Mega-Sena au Br\u00e9sil sont difficiles \u00e0 trouver. Nous avons list\u00e9 les num\u00e9ros gagnants et les r\u00e9sultats des tirages d'aujourd'hui et d'hier sur notre site Web.","robots":{"index":"index","follow":"follow","max-snippet":"max-snippet:-1","max-image-preview":"max-image-preview:large","max-video-preview":"max-video-preview:-1"},"canonical":"https:\/\/jackpotlotteryonline.com\/fr\/numeros-gagnants\/mega-sena\/","og_locale":"fr_FR","og_type":"article","og_title":"R\u00e9sultats du tirage de la loterie Mega-Sena et num\u00e9ros gagnants","og_description":"Les r\u00e9sultats de la loterie Mega-Sena au Br\u00e9sil sont difficiles \u00e0 trouver. Nous avons list\u00e9 les num\u00e9ros gagnants et les r\u00e9sultats des tirages d'aujourd'hui et d'hier sur notre site Web.","og_url":"https:\/\/jackpotlotteryonline.com\/fr\/numeros-gagnants\/mega-sena\/","og_site_name":"Lotto Online - Crack The International Lottery Jackpots","article_modified_time":"2022-12-29T20:36:35+00:00","og_image":[{"url":"https:\/\/jackpotlotteryonline.com\/wp-content\/uploads\/2022\/11\/read1.jpg"}],"twitter_card":"summary_large_image","twitter_misc":{"Dur\u00e9e de lecture estim\u00e9e":"4 minutes"},"schema":{"@context":"https:\/\/schema.org","@graph":[{"@type":"WebPage","@id":"https:\/\/jackpotlotteryonline.com\/fr\/numeros-gagnants\/mega-sena\/","url":"https:\/\/jackpotlotteryonline.com\/fr\/numeros-gagnants\/mega-sena\/","name":"R\u00e9sultats du tirage de la loterie Mega-Sena et num\u00e9ros gagnants","isPartOf":{"@id":"https:\/\/jackpotlotteryonline.com\/#website"},"primaryImageOfPage":{"@id":"https:\/\/jackpotlotteryonline.com\/fr\/numeros-gagnants\/mega-sena\/#primaryimage"},"image":{"@id":"https:\/\/jackpotlotteryonline.com\/fr\/numeros-gagnants\/mega-sena\/#primaryimage"},"thumbnailUrl":"https:\/\/jackpotlotteryonline.com\/wp-content\/uploads\/2022\/11\/read1.jpg","datePublished":"2022-12-08T13:18:36+00:00","dateModified":"2022-12-29T20:36:35+00:00","description":"Les r\u00e9sultats de la loterie Mega-Sena au Br\u00e9sil sont difficiles \u00e0 trouver. Nous avons list\u00e9 les num\u00e9ros gagnants et les r\u00e9sultats des tirages d'aujourd'hui et d'hier sur notre site Web.","breadcrumb":{"@id":"https:\/\/jackpotlotteryonline.com\/fr\/numeros-gagnants\/mega-sena\/#breadcrumb"},"inLanguage":"fr-FR","potentialAction":[{"@type":"ReadAction","target":["https:\/\/jackpotlotteryonline.com\/fr\/numeros-gagnants\/mega-sena\/"]}]},{"@type":"ImageObject","inLanguage":"fr-FR","@id":"https:\/\/jackpotlotteryonline.com\/fr\/numeros-gagnants\/mega-sena\/#primaryimage","url":"https:\/\/jackpotlotteryonline.com\/wp-content\/uploads\/2022\/11\/read1.jpg","contentUrl":"https:\/\/jackpotlotteryonline.com\/wp-content\/uploads\/2022\/11\/read1.jpg"},{"@type":"BreadcrumbList","@id":"https:\/\/jackpotlotteryonline.com\/fr\/numeros-gagnants\/mega-sena\/#breadcrumb","itemListElement":[{"@type":"ListItem","position":1,"name":"Home","item":"https:\/\/jackpotlotteryonline.com\/fr\/"},{"@type":"ListItem","position":2,"name":"R\u00e9sultats de la loterie","item":"https:\/\/jackpotlotteryonline.com\/winning-numbers\/"},{"@type":"ListItem","position":3,"name":"R\u00e9sultats du tirage de la loterie Mega-Sena"}]},{"@type":"WebSite","@id":"https:\/\/jackpotlotteryonline.com\/#website","url":"https:\/\/jackpotlotteryonline.com\/","name":"Lotto Online - Crack The International Lottery Jackpots","description":"","potentialAction":[{"@type":"SearchAction","target":{"@type":"EntryPoint","urlTemplate":"https:\/\/jackpotlotteryonline.com\/?s={search_term_string}"},"query-input":"required name=search_term_string"}],"inLanguage":"fr-FR"}]}},"_links":{"self":[{"href":"https:\/\/jackpotlotteryonline.com\/fr\/wp-json\/wp\/v2\/pages\/41195","targetHints":{"allow":["GET"]}}],"collection":[{"href":"https:\/\/jackpotlotteryonline.com\/fr\/wp-json\/wp\/v2\/pages"}],"about":[{"href":"https:\/\/jackpotlotteryonline.com\/fr\/wp-json\/wp\/v2\/types\/page"}],"author":[{"embeddable":true,"href":"https:\/\/jackpotlotteryonline.com\/fr\/wp-json\/wp\/v2\/users\/1"}],"replies":[{"embeddable":true,"href":"https:\/\/jackpotlotteryonline.com\/fr\/wp-json\/wp\/v2\/comments?post=41195"}],"version-history":[{"count":0,"href":"https:\/\/jackpotlotteryonline.com\/fr\/wp-json\/wp\/v2\/pages\/41195\/revisions"}],"up":[{"embeddable":true,"href":"https:\/\/jackpotlotteryonline.com\/fr\/wp-json\/wp\/v2\/pages\/35826"}],"wp:attachment":[{"href":"https:\/\/jackpotlotteryonline.com\/fr\/wp-json\/wp\/v2\/media?parent=41195"}],"curies":[{"name":"wp","href":"https:\/\/api.w.org\/{rel}","templated":true}]}}