{"id":41251,"date":"2022-12-08T19:17:42","date_gmt":"2022-12-08T19:17:42","guid":{"rendered":"https:\/\/jackpotlotteryonline.com\/?page_id=41251"},"modified":"2022-12-30T14:59:09","modified_gmt":"2022-12-30T14:59:09","slug":"saturday-lotto","status":"publish","type":"page","link":"https:\/\/jackpotlotteryonline.com\/fr\/numeros-gagnants\/saturday-lotto\/","title":{"rendered":"R\u00e9sultats du tirage du samedi du Lotto"},"content":{"rendered":"<p>Le Saturday Lotto \u00e9galement connu sous le nom de Tatts lotto est l&#8217;une des loteries les plus gagnantes d&#8217;Australie. Et maintenant que les joueurs du monde entier peuvent participer \u00e0 ce loto, il est plus important de choisir des num\u00e9ros gagnants. Gagner cette loterie australienne signifie que vous rentrerez chez vous avec un minimum de 5 millions de dollars. Ce montant est reconduit s&#8217;il n&#8217;y a pas de ticket gagnant apr\u00e8s un tirage. De plus, si vous participez au m\u00e9ga tirage, qui a lieu une fois par an \u00e0 No\u00ebl, vous pouvez gagner 30 millions de dollars !<\/p>\n<p>Si vous n&#8217;avez pas encore achet\u00e9 votre billet gagnant pour le loto, rendez-vous sur jackpotlotteryonline.com et <a href=\"https:\/\/jackpotlotteryonline.com\/fr\/acheter-tickets\/saturday-lotto\">achetez votre billet maintenant<\/a>. Revenez ensuite pour conna\u00eetre les num\u00e9ros gagnants.<\/p>\n<h2>Gagner le loto du samedi<\/h2>\n<p><img loading=\"lazy\" decoding=\"async\" class=\"alignright size-medium wp-image-28157\" src=\"http:\/\/jackpotlotteryonline.com\/wp-content\/uploads\/2022\/11\/1_lotto_money_win-300x150.jpg\" alt=\"gagnez le Saturday Lotto\" width=\"300\" height=\"150\" srcset=\"https:\/\/jackpotlotteryonline.com\/wp-content\/uploads\/2022\/11\/1_lotto_money_win-300x150.jpg 300w, https:\/\/jackpotlotteryonline.com\/wp-content\/uploads\/2022\/11\/1_lotto_money_win.jpg 320w\" sizes=\"auto, (max-width: 300px) 100vw, 300px\" \/>Le Tatts Lotto est facile \u00e0 jouer, surtout lorsque vous jouez en ligne. En gros, les joueurs doivent choisir 6 num\u00e9ros principaux entre 1 et 45. Puis 2 num\u00e9ros suppl\u00e9mentaires de 1 \u00e0 6. Les num\u00e9ros suppl\u00e9mentaires n&#8217;ont pas grand-chose \u00e0 voir avec la d\u00e9termination du jackpot. Pour gagner le jackpot, il suffit d&#8217;obtenir les huit num\u00e9ros tir\u00e9s au sort.<\/p>\n<p>Ainsi, pour gagner au loto, il faut que votre ticket corresponde aux six boules qui sont tir\u00e9es au hasard dans un baril de 45 boules. Ensuite, deux autres boules sont pr\u00e9lev\u00e9es dans un autre baril de six boules. Ces boules suppl\u00e9mentaires sont utilis\u00e9es pour gagner les autres cat\u00e9gories de prix.<\/p>\n<p>Les tirages ont lieu une fois par semaine, le samedi. Donc, si vous voulez le ticket gagnant, vous devez acheter votre participation \u00e0 temps. Les tirages se terminent le samedi \u00e0 19 h 25 AEST. Les joueurs qui veulent participer au tirage de la semaine doivent acheter leur ticket gagnant avant l&#8217;heure de cl\u00f4ture.<\/p>\n<h2>Jouer en ligne<\/h2>\n<p>Nous allons parler bri\u00e8vement de la possibilit\u00e9 de gagner au loto en ligne. Lorsque vous visitez la page du loto du samedi sur jackpotlotteryonline.com, il vous est demand\u00e9 de choisir vos num\u00e9ros gagnants. Si vous avez des dates sp\u00e9ciales qui vous ont port\u00e9 chance, vous pouvez les utiliser.<\/p>\n<p>Cependant, pour ceux qui n&#8217;ont pas de num\u00e9ros particuliers \u00e0 choisir, n&#8217;ayez crainte. Nous avons un s\u00e9lecteur automatique de num\u00e9ros qui g\u00e9n\u00e9rera des num\u00e9ros gagnants al\u00e9atoires pour vous. De nombreux gagnants de la loterie ont gagn\u00e9 en utilisant le s\u00e9lecteur de num\u00e9ros al\u00e9atoires.<\/p>\n<p>Une fois que vous aurez choisi vos num\u00e9ros gagnants, vous pourrez participer au tirage hebdomadaire. Avant de pouvoir proc\u00e9der au paiement, nous vous demanderons de vous inscrire. Ceci afin d&#8217;assurer la s\u00e9curit\u00e9 de votre billet et de vous aider \u00e0 encaisser vos gains. Nous y reviendrons bient\u00f4t.<\/p>\n<section class=\"layout\" style=\"border: solid 1px; width: 100%;\">\n<div class=\"img-div\" style=\"margin-top: 5px;\"><img decoding=\"async\" class=\"wp-image-17212 alignleft\" style=\"height: 45px; margin: 8px 8px 0px;\" src=\"http:\/\/jackpotlotteryonline.com\/wp-content\/uploads\/2022\/11\/read1.jpg\" alt=\"lire\" width=\"\" height=\"\" \/><\/div>\n<div style=\"padding-left: 5px;\">\n<div style=\"font-size: 1.1em;\">\n<p><strong>Regardez vos num\u00e9ros de loterie \u00eatre tir\u00e9s en direct<\/strong><\/p>\n<p style=\"font-size: 0.85em; margin-top: -1.5em;\">Comment regarder les tirages en direct de vos loteries pr\u00e9f\u00e9r\u00e9es ?\u00a0<a href=\"https:\/\/jackpotlotteryonline.com\/fr\/regardez-vos-numeros-de-loterie-etre-tires-en-direct\"> en savoir plus<\/a><\/p>\n<\/div>\n<\/div>\n<\/section>\n<h2>R\u00e9partition des prix<\/h2>\n<p>Pour gagner au Tatts Lotto, il ne suffit pas de remporter le jackpot. Ce loto comporte huit cat\u00e9gories de prix en tout. Lorsque vous achetez un ticket pour le loto, vous avez la possibilit\u00e9 de gagner l&#8217;une de ces cat\u00e9gories de prix. Les num\u00e9ros gagnants pour chaque division sont indiqu\u00e9s ci-dessous.<\/p>\n<p>Division 1 : Match 6 (Jackpot)<\/p>\n<p>Division 2 : Match 5 + 1 num\u00e9ro suppl\u00e9mentaire<\/p>\n<p>Division 3 : Match 5<\/p>\n<p>Division 4 : Match 4<\/p>\n<p>Division 5 : Match 3 + 1 num\u00e9ro suppl\u00e9mentaire<\/p>\n<p>Division 6 : Match 3<\/p>\n<p>L&#8217;une des raisons pour lesquelles les Australiens aiment tant cette loterie est probablement la facilit\u00e9 avec laquelle on peut la gagner. La probabilit\u00e9 de gagner est fantastique, et avec un jackpot minimum de 5 millions de dollars australiens, ce n&#8217;est gu\u00e8re surprenant. Si vous ne l&#8217;avez pas encore fait, c&#8217;est le bon moment pour penser \u00e0 acheter un ticket gagnant.<\/p>\n<h2>Num\u00e9ros suppl\u00e9mentaires<\/h2>\n<p>Nous avons mentionn\u00e9 les num\u00e9ros suppl\u00e9mentaires et vous avez probablement d\u00e9j\u00e0 remarqu\u00e9 que certaines divisions les utilisent. Notez que ces num\u00e9ros sont g\u00e9n\u00e9r\u00e9s de mani\u00e8re al\u00e9atoire lors des tirages et utilis\u00e9s pour d\u00e9terminer les divisions 2 et 5. Les joueurs ne choisissent pas ces num\u00e9ros et n&#8217;ont aucun contr\u00f4le sur eux. Ne vous inqui\u00e9tez donc pas si vous ne voyez pas cette option lorsque vous achetez vos billets.<\/p>\n<h2>Comment v\u00e9rifier les r\u00e9sultats gagnants<\/h2>\n<p>Maintenant que vous avez achet\u00e9 votre ticket, comment v\u00e9rifier si vous avez le ticket gagnant ? La meilleure fa\u00e7on de le faire est de revenir ici m\u00eame. Apr\u00e8s les tirages, nous publions sur cette page les r\u00e9sultats gagnants du loto du samedi.<\/p>\n<p>Nous ne publions pas seulement les num\u00e9ros du jackpot. Nous publions \u00e9galement les num\u00e9ros gagnants de toutes les autres divisions. Ainsi, vous pouvez savoir d&#8217;un coup d&#8217;\u0153il si vous avez \u00e9t\u00e9 proche de gagner le loto.<\/p>\n<p>Si vous vous \u00eates inscrit chez nous, c&#8217;est encore plus facile. Vous ne devez pas vous d\u00e9placer pour savoir si vous avez gagn\u00e9 au loto. Non, car nous vous enverrons une notification d\u00e8s que vous aurez gagn\u00e9 un prix. C&#8217;est exact. Vous recevrez un e-mail vous informant que vous avez les num\u00e9ros gagnants du loto. Nous faisons de notre mieux pour qu&#8217;il soit facile et sans stress de jouer au loto, o\u00f9 que vous soyez.<\/p>\n<h2>Encaisser vos gains<\/h2>\n<p><img loading=\"lazy\" decoding=\"async\" class=\"alignright size-medium wp-image-34997\" src=\"http:\/\/jackpotlotteryonline.com\/wp-content\/uploads\/2022\/11\/2_ticket_saturday_lotto_au-1-166x300.jpg\" alt=\"Re\u00e7u en ligne du Saturday Lotto\" width=\"166\" height=\"300\" srcset=\"https:\/\/jackpotlotteryonline.com\/wp-content\/uploads\/2022\/11\/2_ticket_saturday_lotto_au-1-166x300.jpg 166w, https:\/\/jackpotlotteryonline.com\/wp-content\/uploads\/2022\/11\/2_ticket_saturday_lotto_au-1.jpg 250w\" sizes=\"auto, (max-width: 166px) 100vw, 166px\" \/>Si vous avez gagn\u00e9 au loto, la prochaine \u00e9tape est d&#8217;avoir acc\u00e8s \u00e0 vos gains. Il ne sert \u00e0 rien de gagner au loto en Australie si vous ne pouvez pas mettre la main sur vos gains. Et c&#8217;est l\u00e0 que les choses deviennent vraiment int\u00e9ressantes.<\/p>\n<p>Si vous avez gagn\u00e9 au loto un prix inf\u00e9rieur \u00e0 2 500 euros, il est tr\u00e8s facile de r\u00e9cup\u00e9rer votre prix. Il vous suffit de retirer vos gains de notre plateforme et de les transf\u00e9rer directement \u00e0 votre banque. Nous disposons de plusieurs m\u00e9thodes que vous pouvez utiliser pour encaisser vos gains de mani\u00e8re pratique.<\/p>\n<p>Si votre gain est sup\u00e9rieur \u00e0 2 500 euros, vous devrez peut-\u00eatre contacter la soci\u00e9t\u00e9 de loterie pour faire une r\u00e9clamation. Nous vous fournirons l&#8217;aide n\u00e9cessaire \u00e0 cet effet en vous envoyant un formulaire de r\u00e9clamation \u00e0 remplir. Il s&#8217;agit d&#8217;une proc\u00e9dure simple et sans probl\u00e8me.<\/p>\n<h2>Conclusion<\/h2>\n<p>L&#8217;avantage d&#8217;acheter vos billets de loterie chez nous est que vous savez que vous avez achet\u00e9 une entr\u00e9e \u00e0 la loterie. Avec nous, vous ne pariez pas sur le r\u00e9sultat. Vous achetez r\u00e9ellement une entr\u00e9e. Donc si vous gagnez, vous recevrez vos gains.<\/p>\n<p>Nous facilitons la t\u00e2che des joueurs qui souhaitent jouer aux meilleures loteries internationales. Vous pouvez acheter vos billets, v\u00e9rifier votre combinaison gagnante et encaisser facilement vos gains. Nous nous sommes occup\u00e9s des d\u00e9tails pour que vous puissiez vous d\u00e9tendre et vous amuser. Lorsque vous <a href=\"http:\/\/jackpotlotteryonline.com\/fr\/comment-jouer\/saturday-lotto\">jouez \u00e0 la loterie avec jackpotlotteryonline.com<\/a>, vous \u00eates gagnant sur toute la ligne. Inscrivez-vous avec nous d\u00e8s aujourd&#8217;hui.<\/p>\n","protected":false},"excerpt":{"rendered":"<p>Le Saturday Lotto \u00e9galement connu sous le nom de Tatts lotto est l&#8217;une des loteries les plus gagnantes d&#8217;Australie. Et maintenant que les joueurs du monde entier peuvent participer \u00e0 ce loto, il est plus important de choisir des num\u00e9ros gagnants. Gagner cette loterie australienne signifie que vous rentrerez chez vous avec un minimum de [&hellip;]<\/p>\n","protected":false},"author":1,"featured_media":0,"parent":35826,"menu_order":18,"comment_status":"closed","ping_status":"closed","template":"saturday-lotto-results.php","meta":{"_et_pb_use_builder":"","_et_pb_old_content":"","_et_gb_content_width":"","exclude_from_search":false,"footnotes":""},"class_list":["post-41251","page","type-page","status-publish","hentry"],"yoast_head":"<!-- This site is optimized with the Yoast SEO plugin v23.3 - https:\/\/yoast.com\/wordpress\/plugins\/seo\/ -->\n<title>Num\u00e9ros gagnants du Lotto du samedi et r\u00e9sultats des tirages.<\/title>\n<meta name=\"description\" content=\"Comparez votre ticket de loto avec les r\u00e9sultats du dernier tirage du Saturday Lotto - voyez les num\u00e9ros gagnants ici !\" \/>\n<meta name=\"robots\" content=\"index, follow, max-snippet:-1, max-image-preview:large, max-video-preview:-1\" \/>\n<link rel=\"canonical\" href=\"https:\/\/jackpotlotteryonline.com\/fr\/numeros-gagnants\/saturday-lotto\/\" \/>\n<meta property=\"og:locale\" content=\"fr_FR\" \/>\n<meta property=\"og:type\" content=\"article\" \/>\n<meta property=\"og:title\" content=\"Num\u00e9ros gagnants du Lotto du samedi et r\u00e9sultats des tirages.\" \/>\n<meta property=\"og:description\" content=\"Comparez votre ticket de loto avec les r\u00e9sultats du dernier tirage du Saturday Lotto - voyez les num\u00e9ros gagnants ici !\" \/>\n<meta property=\"og:url\" content=\"https:\/\/jackpotlotteryonline.com\/fr\/numeros-gagnants\/saturday-lotto\/\" \/>\n<meta property=\"og:site_name\" content=\"Lotto Online - Crack The International Lottery Jackpots\" \/>\n<meta property=\"article:modified_time\" content=\"2022-12-30T14:59:09+00:00\" \/>\n<meta property=\"og:image\" content=\"http:\/\/jackpotlotteryonline.com\/wp-content\/uploads\/2022\/11\/1_lotto_money_win-300x150.jpg\" \/>\n<meta name=\"twitter:card\" content=\"summary_large_image\" \/>\n<meta name=\"twitter:label1\" content=\"Dur\u00e9e de lecture estim\u00e9e\" \/>\n\t<meta name=\"twitter:data1\" content=\"6 minutes\" \/>\n<!-- \/ Yoast SEO plugin. -->","yoast_head_json":{"title":"Num\u00e9ros gagnants du Lotto du samedi et r\u00e9sultats des tirages.","description":"Comparez votre ticket de loto avec les r\u00e9sultats du dernier tirage du Saturday Lotto - voyez les num\u00e9ros gagnants ici !","robots":{"index":"index","follow":"follow","max-snippet":"max-snippet:-1","max-image-preview":"max-image-preview:large","max-video-preview":"max-video-preview:-1"},"canonical":"https:\/\/jackpotlotteryonline.com\/fr\/numeros-gagnants\/saturday-lotto\/","og_locale":"fr_FR","og_type":"article","og_title":"Num\u00e9ros gagnants du Lotto du samedi et r\u00e9sultats des tirages.","og_description":"Comparez votre ticket de loto avec les r\u00e9sultats du dernier tirage du Saturday Lotto - voyez les num\u00e9ros gagnants ici !","og_url":"https:\/\/jackpotlotteryonline.com\/fr\/numeros-gagnants\/saturday-lotto\/","og_site_name":"Lotto Online - Crack The International Lottery Jackpots","article_modified_time":"2022-12-30T14:59:09+00:00","og_image":[{"url":"http:\/\/jackpotlotteryonline.com\/wp-content\/uploads\/2022\/11\/1_lotto_money_win-300x150.jpg"}],"twitter_card":"summary_large_image","twitter_misc":{"Dur\u00e9e de lecture estim\u00e9e":"6 minutes"},"schema":{"@context":"https:\/\/schema.org","@graph":[{"@type":"WebPage","@id":"https:\/\/jackpotlotteryonline.com\/fr\/numeros-gagnants\/saturday-lotto\/","url":"https:\/\/jackpotlotteryonline.com\/fr\/numeros-gagnants\/saturday-lotto\/","name":"Num\u00e9ros gagnants du Lotto du samedi et r\u00e9sultats des tirages.","isPartOf":{"@id":"https:\/\/jackpotlotteryonline.com\/#website"},"primaryImageOfPage":{"@id":"https:\/\/jackpotlotteryonline.com\/fr\/numeros-gagnants\/saturday-lotto\/#primaryimage"},"image":{"@id":"https:\/\/jackpotlotteryonline.com\/fr\/numeros-gagnants\/saturday-lotto\/#primaryimage"},"thumbnailUrl":"http:\/\/jackpotlotteryonline.com\/wp-content\/uploads\/2022\/11\/1_lotto_money_win-300x150.jpg","datePublished":"2022-12-08T19:17:42+00:00","dateModified":"2022-12-30T14:59:09+00:00","description":"Comparez votre ticket de loto avec les r\u00e9sultats du dernier tirage du Saturday Lotto - voyez les num\u00e9ros gagnants ici !","breadcrumb":{"@id":"https:\/\/jackpotlotteryonline.com\/fr\/numeros-gagnants\/saturday-lotto\/#breadcrumb"},"inLanguage":"fr-FR","potentialAction":[{"@type":"ReadAction","target":["https:\/\/jackpotlotteryonline.com\/fr\/numeros-gagnants\/saturday-lotto\/"]}]},{"@type":"ImageObject","inLanguage":"fr-FR","@id":"https:\/\/jackpotlotteryonline.com\/fr\/numeros-gagnants\/saturday-lotto\/#primaryimage","url":"http:\/\/jackpotlotteryonline.com\/wp-content\/uploads\/2022\/11\/1_lotto_money_win-300x150.jpg","contentUrl":"http:\/\/jackpotlotteryonline.com\/wp-content\/uploads\/2022\/11\/1_lotto_money_win-300x150.jpg"},{"@type":"BreadcrumbList","@id":"https:\/\/jackpotlotteryonline.com\/fr\/numeros-gagnants\/saturday-lotto\/#breadcrumb","itemListElement":[{"@type":"ListItem","position":1,"name":"Home","item":"https:\/\/jackpotlotteryonline.com\/fr\/"},{"@type":"ListItem","position":2,"name":"R\u00e9sultats de la loterie","item":"https:\/\/jackpotlotteryonline.com\/winning-numbers\/"},{"@type":"ListItem","position":3,"name":"R\u00e9sultats du tirage du samedi du Lotto"}]},{"@type":"WebSite","@id":"https:\/\/jackpotlotteryonline.com\/#website","url":"https:\/\/jackpotlotteryonline.com\/","name":"Lotto Online - Crack The International Lottery Jackpots","description":"","potentialAction":[{"@type":"SearchAction","target":{"@type":"EntryPoint","urlTemplate":"https:\/\/jackpotlotteryonline.com\/?s={search_term_string}"},"query-input":"required name=search_term_string"}],"inLanguage":"fr-FR"}]}},"_links":{"self":[{"href":"https:\/\/jackpotlotteryonline.com\/fr\/wp-json\/wp\/v2\/pages\/41251","targetHints":{"allow":["GET"]}}],"collection":[{"href":"https:\/\/jackpotlotteryonline.com\/fr\/wp-json\/wp\/v2\/pages"}],"about":[{"href":"https:\/\/jackpotlotteryonline.com\/fr\/wp-json\/wp\/v2\/types\/page"}],"author":[{"embeddable":true,"href":"https:\/\/jackpotlotteryonline.com\/fr\/wp-json\/wp\/v2\/users\/1"}],"replies":[{"embeddable":true,"href":"https:\/\/jackpotlotteryonline.com\/fr\/wp-json\/wp\/v2\/comments?post=41251"}],"version-history":[{"count":0,"href":"https:\/\/jackpotlotteryonline.com\/fr\/wp-json\/wp\/v2\/pages\/41251\/revisions"}],"up":[{"embeddable":true,"href":"https:\/\/jackpotlotteryonline.com\/fr\/wp-json\/wp\/v2\/pages\/35826"}],"wp:attachment":[{"href":"https:\/\/jackpotlotteryonline.com\/fr\/wp-json\/wp\/v2\/media?parent=41251"}],"curies":[{"name":"wp","href":"https:\/\/api.w.org\/{rel}","templated":true}]}}