{"id":41305,"date":"2022-12-09T06:00:20","date_gmt":"2022-12-09T06:00:20","guid":{"rendered":"https:\/\/jackpotlotteryonline.com\/?page_id=41305"},"modified":"2022-12-29T13:12:57","modified_gmt":"2022-12-29T13:12:57","slug":"thunderball","status":"publish","type":"page","link":"https:\/\/jackpotlotteryonline.com\/fr\/numeros-gagnants\/thunderball\/","title":{"rendered":"R\u00e9sultats du tirage de la loterie Thunderball"},"content":{"rendered":"<p>Thunderball est l&#8217;une des loteries les plus populaires du Royaume-Uni. Pour une petite somme, les parieurs peuvent gagner un demi-million de livres, ce qui est fantastique. Il existe de nombreuses loteries, mais il y a quelque chose qui attire les joueurs dans la loterie Thunderball. Il peut s&#8217;agir de ses cotes incroyablement favorables ou du fait qu&#8217;il produit beaucoup de gagnants. Quelle que soit la raison, les joueurs du monde entier ach\u00e8tent \u00e9galement des tickets de loterie Thunderball en ligne.<\/p>\n<p>Si vous <a href=\"https:\/\/jackpotlotteryonline.com\/fr\/comment-jouer\/thunderball\">jouez \u00e0 la loterie en ligne<\/a>, il est essentiel de v\u00e9rifier les num\u00e9ros gagnants. Ainsi, vous saurez si votre billet correspond aux chiffres tir\u00e9s. Si vous vous demandez comment v\u00e9rifier les r\u00e9sultats du tirage, vous \u00eates au bon endroit. Nous allons \u00e9galement vous expliquer la meilleure fa\u00e7on de v\u00e9rifier les r\u00e9sultats du tirage.<\/p>\n<p>Si vous <a href=\"https:\/\/jackpotlotteryonline.com\/fr\/acheter-tickets\/thunderball\">achetez vos billets sur jackpotlotteryonline.com<\/a>, continuez \u00e0 lire pour savoir comment r\u00e9clamer vos gains.<\/p>\n<h2>Choisir les num\u00e9ros gagnants de la loterie Thunderball<\/h2>\n<p><img loading=\"lazy\" decoding=\"async\" class=\"alignright size-medium wp-image-29480\" src=\"https:\/\/jackpotlotteryonline.com\/wp-content\/uploads\/2022\/11\/1_rain_lottery_money_win-282x300.jpg\" alt=\"Num\u00e9ros gagnants de la loterie Thunderball\" width=\"282\" height=\"300\" srcset=\"https:\/\/jackpotlotteryonline.com\/wp-content\/uploads\/2022\/11\/1_rain_lottery_money_win-282x300.jpg 282w, https:\/\/jackpotlotteryonline.com\/wp-content\/uploads\/2022\/11\/1_rain_lottery_money_win.jpg 300w\" sizes=\"auto, (max-width: 282px) 100vw, 282px\" \/>Il existe deux fa\u00e7ons principales pour les joueurs de choisir les num\u00e9ros qu&#8217;ils veulent jouer. Pour la plupart des loteries, vous devez choisir dans une certaine fourchette. Ainsi, certains joueurs aiment choisir des dates qui sont sp\u00e9ciales pour eux, comme les anniversaires. C&#8217;est ce qu&#8217;on appelle des dates porte-bonheur.<\/p>\n<p>Dans certaines parties du monde, certaines personnes ont des num\u00e9ros qu&#8217;elles consid\u00e8rent comme chanceux. Par exemple, certains consid\u00e8rent le chiffre 7 comme un chiffre chanceux, tandis que d&#8217;autres consid\u00e8rent le chiffre 13 comme malchanceux. Cela d\u00e9pend vraiment de ce que vous consid\u00e9rez comme chanceux. C&#8217;est une m\u00e9thode qui a les faveurs de nombreux joueurs dans le monde entier et elle pourrait vous convenir \u00e9galement.<\/p>\n<p>La deuxi\u00e8me m\u00e9thode consiste \u00e0 utiliser notre g\u00e9n\u00e9rateur automatique pour s\u00e9lectionner vos chiffres au hasard. Cela fonctionne pour certaines personnes, tout simplement parce que la loterie est un jeu de chance. Bien que vous puissiez faire des choses pour vous sentir chanceux, il n&#8217;y a aucun moyen de garantir un gain.<\/p>\n<h2>Comment jouer \u00e0 Thunderball en ligne<\/h2>\n<p>La loterie britannique Thunderball est un jeu passionnant \u00e0 jouer. Le processus est identique \u00e0 celui de tout autre jeu de loto. En gros, vous devez choisir 5 num\u00e9ros dans une fourchette de 1 \u00e0 39 et un num\u00e9ro sp\u00e9cial de 1 \u00e0 14. Le num\u00e9ro sp\u00e9cial est appel\u00e9 &#8220;Thunderball&#8221; et est utilis\u00e9 pour d\u00e9terminer six cat\u00e9gories de prix, y compris le jackpot.<\/p>\n<p>Jouer en ligne n&#8217;est pas si diff\u00e9rent, si ce n&#8217;est que vous pouvez utiliser le g\u00e9n\u00e9rateur de num\u00e9ros pour choisir des chiffres al\u00e9atoires. C&#8217;est un peu comme le &#8220;lucky dip&#8221; pour ceux qui sont habitu\u00e9s aux tickets physiques. Vous pouvez choisir plusieurs lignes et plusieurs tickets pour augmenter vos chances de gagner la Thunderball.<\/p>\n<p>L&#8217;\u00e9tape suivante consiste \u00e0 participer au tirage et c&#8217;est la meilleure partie. Notez que vous pouvez parfaitement participer \u00e0 plusieurs tirages. Et si vous achetez votre billet chez nous, vous pouvez \u00e9galement participer au tirage plusieurs semaines \u00e0 l&#8217;avance. Cela vous donne un avantage lorsqu&#8217;il s&#8217;agit de jouer \u00e0 ce jeu de hasard.<\/p>\n<section class=\"layout\" style=\"border: solid 1px; width: 100%;\">\n<div class=\"img-div\" style=\"margin-top: 5px;\"><img decoding=\"async\" class=\"wp-image-17212 alignleft\" style=\"height: 45px; margin: 8px 8px 0px;\" src=\"https:\/\/jackpotlotteryonline.com\/wp-content\/uploads\/2022\/11\/read1.jpg\" alt=\"lire\" width=\"\" height=\"\" \/><\/div>\n<div style=\"padding-left: 5px;\">\n<div style=\"font-size: 1.1em;\">\n<p><strong>Les loteries qui ont les meilleures chances de vous faire gagner gros.<\/strong><\/p>\n<p style=\"font-size: 0.85em; margin-top: -1.5em;\">Quelle loterie a les meilleures chances de gagner ?\u00a0 <a href=\"https:\/\/jackpotlotteryonline.com\/fr\/quelle-loterie-a-les-meilleures-chances-de-gagner\"> en savoir plus<\/a><\/p>\n<\/div>\n<\/div>\n<\/section>\n<h2>Jours de tirage du Thunderball<\/h2>\n<p>Les jours de tirage ont lieu quatre fois par semaine, les mardis, mercredis, vendredis et samedis. Cette loterie britannique propose quatre tirages par semaine. Cela signifie pour les joueurs que vous avez quatre fois plus de chances de gagner le jackpot avec Thunderball.<\/p>\n<p>Vous pouvez participer \u00e0 un seul tirage, mais il est probablement pr\u00e9f\u00e9rable de participer \u00e0 plusieurs tirages pour avoir plus de chances de gagner. N&#8217;oubliez pas que plus vous participez, plus vos chances de gagner sont \u00e9lev\u00e9es.<\/p>\n<h2>Comment v\u00e9rifier les r\u00e9sultats du tirage de la Thunderball<\/h2>\n<p>Passons maintenant \u00e0 la partie la plus int\u00e9ressante, \u00e0 savoir la v\u00e9rification des r\u00e9sultats du tirage. La seule fa\u00e7on de savoir si vous avez la bonne combinaison est de v\u00e9rifier les r\u00e9sultats du tirage. La plupart des loteries organisent des tirages en direct et la loterie Thunderball ne fait pas exception. Vous pouvez donc regarder le tirage en direct en ligne. Il est important de noter que les tirages en direct ont lieu \u00e0 une heure pr\u00e9cise et que si vous gagnez, vous perdez votre prix.<\/p>\n<p>Naturellement, vous pouvez toujours fouiller sur Internet pour savoir si vous \u00eates le gagnant. Malheureusement, si vous pouvez obtenir la combinaison pour le jackpot, ce n&#8217;est pas aussi facile pour les autres cat\u00e9gories de prix. Le deuxi\u00e8me prix de Thunderball est de 5 000 \u00a3 et vous ne voudriez pas le manquer.<\/p>\n<p>La meilleure option est de consulter cette page apr\u00e8s chaque tirage. Nous affichons les derniers r\u00e9sultats des tirages dans toutes les cat\u00e9gories. De plus, si vous avez achet\u00e9 votre billet chez nous, nous vous informerons si vous gagnez un prix.<\/p>\n<h2>Les prix que vous pouvez gagner<\/h2>\n<p>Ceci dit, quels sont les diff\u00e9rents prix dans les diff\u00e9rentes cat\u00e9gories ? La loterie britannique Thunderball comporte plusieurs cat\u00e9gories de prix, dont un prix pour une correspondance avec la loterie Thunderball. Il y a de fortes chances qu&#8217;un joueur puisse gagner un prix.<\/p>\n<p>Voici la r\u00e9partition des cat\u00e9gories de prix pour le UK Thunderball ainsi que les chances de gagner.<\/p>\n<p>Cat\u00e9gorie 1 : Match 5 + Thunderball &#8211; 1 sur 8 060 598 &#8211; 500 000 \u00a3.<\/p>\n<p>Cat\u00e9gorie 2 : Match 5 uniquement &#8211; 1 chance sur 620 046 &#8211; 5 000 \u00a3.<\/p>\n<p>Cat\u00e9gorie 3 : Match 4 + Thunderball &#8211; 1 chance sur 47 416 &#8211; 250 \u00a3.<\/p>\n<p>Cat\u00e9gorie 4 : Match 4 uniquement &#8211; 1 sur 3 648 &#8211; \u00a3100<\/p>\n<p>Cat\u00e9gorie 5 : Match 3 + Thunderball &#8211; 1 sur 1,437 &#8211; \u00a320<\/p>\n<p>Cat\u00e9gorie 6 : Match 3 seulement &#8211; 1 sur 111 &#8211; \u00a310<\/p>\n<p>Cat\u00e9gorie 7 : Match 2 + Thunderball &#8211; 1 sur 135 &#8211; \u00a310<\/p>\n<p>Cat\u00e9gorie 8 : Match 1 + Thunderball &#8211; 1 sur 35 &#8211; \u00a35<\/p>\n<p>Cat\u00e9gorie 9 : Match Thunderball &#8211; 1 sur 29 &#8211; \u00a33<\/p>\n<p>Tout le monde peut gagner un prix au Thunderball, m\u00eame s&#8217;il ne vit pas au Royaume-Uni. Il suffit d&#8217;acheter votre billet en ligne pour avoir une chance de gagner gros.<\/p>\n<h2>Encaisser vos gains<\/h2>\n<p><img loading=\"lazy\" decoding=\"async\" class=\"alignright size-full wp-image-28832\" src=\"https:\/\/jackpotlotteryonline.com\/wp-content\/uploads\/2022\/11\/1_online_win_lottery.jpg\" alt=\"r\u00e9clamer le prix du Thunderball\" width=\"250\" height=\"167\" \/>Nous avons mentionn\u00e9 que nous vous informerons par e-mail et sur votre compte si vous avez un ticket gagnant. Mais, comment retirer vos gains lorsque vous vivez hors du Royaume-Uni ? C&#8217;est une question qui pr\u00e9occupe beaucoup de parieurs. Eh bien, nous sommes l\u00e0 pour vous rassurer sur vos gains.<\/p>\n<p>Lorsque vous vous inscrivez sur notre site et que vous achetez vos billets de loterie chez nous, nous vous simplifions la proc\u00e9dure. En tant que site de conciergerie, nous avons cr\u00e9\u00e9 un processus transparent gr\u00e2ce auquel vous pouvez facilement retirer vos gains. Pour les prix inf\u00e9rieurs \u00e0 2 500 euros, il vous suffit d&#8217;effectuer un retrait depuis notre site vers votre compte.<\/p>\n<p>Si vous avez gagn\u00e9 un prix sup\u00e9rieur \u00e0 ce montant, vous devrez r\u00e9clamer votre gain directement aupr\u00e8s de la soci\u00e9t\u00e9 de loterie. Nous vous fournirons un formulaire de r\u00e9clamation et vous guiderons tout au long de la proc\u00e9dure. N&#8217;ayez crainte, nous faisons en sorte que tout soit facile et sans stress.<\/p>\n<h2>Ce que vous devez savoir avant de r\u00e9clamer votre prix<\/h2>\n<p>Avant de r\u00e9clamer votre prix, il est important de savoir certaines choses sur le jeu de la loterie au Royaume-Uni. Nous savons d\u00e9j\u00e0 que la loterie est ouverte \u00e0 tous, quelle que soit la nationalit\u00e9, mais voici quelques points \u00e0 noter :<\/p>\n<ul>\n<li>La loterie est ouverte aux joueurs \u00e2g\u00e9s de plus de 16 ans.<\/li>\n<li>Les prix sont pay\u00e9s en une seule fois<\/li>\n<li>Les gains de la loterie ne sont pas soumis \u00e0 l&#8217;imp\u00f4t dans le pays. Cependant, si vous jouez depuis l&#8217;ext\u00e9rieur du pays, vous devez v\u00e9rifier la l\u00e9gislation fiscale de votre pays.<\/li>\n<li>Vous avez 180 jours pour r\u00e9clamer vos gains avant qu&#8217;ils ne soient remis en jeu.<\/li>\n<li>Si vous avez particip\u00e9 \u00e0 la loterie via un vendeur physique, vous devrez peut-\u00eatre contacter les organisateurs de la loterie pour r\u00e9clamer votre gain.<\/li>\n<\/ul>\n<h2>Avantages de jouer \u00e0 la loterie avec Jackpotlotteryonline.com<\/h2>\n<ul>\n<li>Vous avez un acc\u00e8s rapide et imm\u00e9diat \u00e0 la loterie. Vous n&#8217;avez pas besoin de vivre au Royaume-Uni pour jouer \u00e0 la loterie.<\/li>\n<li>C&#8217;est tr\u00e8s pratique car vous n&#8217;avez pas besoin de quitter le confort de votre maison. V\u00e9rifiez votre combinaison depuis votre ordinateur ou votre appareil mobile.<\/li>\n<li>C&#8217;est \u00e9galement plus s\u00fbr car votre billet est stock\u00e9 num\u00e9riquement. C&#8217;est important car c&#8217;est le seul moyen de r\u00e9clamer votre gain.<\/li>\n<li>Ne manquez pas votre gain car nous vous alertons imm\u00e9diatement si vous gagnez un prix.<\/li>\n<li>Vous pouvez facilement retirer vos gains en ligne sans vous d\u00e9placer.<\/li>\n<\/ul>\n<p>Si vous n&#8217;avez pas encore achet\u00e9 votre billet de Thunderball, c&#8217;est le moment id\u00e9al pour le faire afin de pouvoir participer au prochain tirage.<\/p>\n<h2>Qu&#8217;est-ce qu&#8217;un site de conciergerie ?<\/h2>\n<p>Nous avons mentionn\u00e9 que nous \u00e9tions un site de conciergerie et vous vous demandez peut-\u00eatre de quoi il s&#8217;agit. Eh bien, l&#8217;un des probl\u00e8mes que rencontrent les joueurs en achetant des billets en ligne est qu&#8217;ils ne savent jamais s&#8217;ils ont particip\u00e9 \u00e0 la loterie. De nombreux sites laissent leurs joueurs parier sur le r\u00e9sultat de la loterie, ce qui est totalement diff\u00e9rent.<\/p>\n<p>Chez jackpotlotteryonline.com, nous donnons \u00e0 nos utilisateurs l&#8217;acc\u00e8s aux meilleures loteries internationales du monde entier. Cela est d\u00fb au fait que nous g\u00e9rons un site de conciergerie o\u00f9 nous avons des agents dans diff\u00e9rentes parties du monde. Lorsque vous achetez des billets de loterie chez nous, notre agent dans ce pays ach\u00e8te un billet physique avec les num\u00e9ros correspondants. Le billet est ensuite scann\u00e9 et vous est envoy\u00e9.<\/p>\n<p>Lorsque vous achetez votre billet de loterie Thunderball chez nous, vous \u00eates assur\u00e9 de gagner la loterie si vous correspondez aux num\u00e9ros tir\u00e9s. C&#8217;est aussi simple que cela et pourtant c&#8217;est la seule chose qui donne \u00e0 nos clients la tranquillit\u00e9 d&#8217;esprit pour jouer \u00e0 la loterie en ligne.<\/p>\n<h2>Conseils pour gagner \u00e0 Thunderball<\/h2>\n<p>Bien que le Thunderball soit un jeu de hasard, il y a des choses que vous pouvez faire pour augmenter vos chances de gagner. Nous en \u00e9num\u00e9rons quelques-unes ci-dessous :<\/p>\n<ul>\n<li>Choisissez vos chiffres de la chance. Vous ne pouvez pas avoir trop de chance lorsque vous jouez au Thunderball.<\/li>\n<li>Achetez plus de tickets et participez \u00e0 plusieurs tirages. En effet, plus vous avez de participations, plus vous avez de chances de gagner.<\/li>\n<li>Rejoignez ou formez un syndicat. Il s&#8217;agit d&#8217;un groupe de personnes qui mettent leurs ressources en commun afin de pouvoir acheter plus de billets.<\/li>\n<li>Ayez la ferme conviction que vous allez gagner. Il y a quelque chose dans le fait de croire de tout son c\u0153ur qui attire la chance vers soi. Plusieurs gagnants de la loterie ont parl\u00e9 de leur conviction qu&#8217;ils allaient gagner.<\/li>\n<\/ul>\n<h2>V\u00e9rifiez votre combinaison gagnante sur jackpotlotteryonline.com<\/h2>\n<p>Nous facilitons l&#8217;acc\u00e8s des joueurs aux meilleures loteries internationales en leur fournissant des billets en ligne. En outre, vous pouvez \u00e9galement v\u00e9rifier les r\u00e9sultats des tirages et encaisser vos gains sur notre site. Jouer au Thunderball n&#8217;a jamais \u00e9t\u00e9 aussi relaxant et sans stress. Et nous avons travaill\u00e9 dur pour qu&#8217;il en soit toujours ainsi.<\/p>\n<p>Si vous voulez essayer le UK Thunderball, n&#8217;h\u00e9sitez pas \u00e0 acheter vos tickets d\u00e8s maintenant. Visitez notre site apr\u00e8s chaque tirage pour d\u00e9couvrir les r\u00e9sultats du tirage et encaisser facilement vos gains.<\/p>\n","protected":false},"excerpt":{"rendered":"<p>Thunderball est l&#8217;une des loteries les plus populaires du Royaume-Uni. Pour une petite somme, les parieurs peuvent gagner un demi-million de livres, ce qui est fantastique. Il existe de nombreuses loteries, mais il y a quelque chose qui attire les joueurs dans la loterie Thunderball. Il peut s&#8217;agir de ses cotes incroyablement favorables ou du [&hellip;]<\/p>\n","protected":false},"author":1,"featured_media":0,"parent":35826,"menu_order":12,"comment_status":"closed","ping_status":"closed","template":"thunderball-results.php","meta":{"_et_pb_use_builder":"","_et_pb_old_content":"","_et_gb_content_width":"","exclude_from_search":false,"footnotes":""},"class_list":["post-41305","page","type-page","status-publish","hentry"],"yoast_head":"<!-- This site is optimized with the Yoast SEO plugin v23.3 - https:\/\/yoast.com\/wordpress\/plugins\/seo\/ -->\n<title>Num\u00e9ros gagnants de la loterie Thunderball et r\u00e9sultats des tirages.<\/title>\n<meta name=\"description\" content=\"V\u00e9rifiez votre billet par rapport aux num\u00e9ros gagnants et aux r\u00e9sultats du dernier tirage de Thunderball, ou trouvez les r\u00e9sultats des tirages historiques.\" \/>\n<meta name=\"robots\" content=\"index, follow, max-snippet:-1, max-image-preview:large, max-video-preview:-1\" \/>\n<link rel=\"canonical\" href=\"https:\/\/jackpotlotteryonline.com\/fr\/numeros-gagnants\/thunderball\/\" \/>\n<meta property=\"og:locale\" content=\"fr_FR\" \/>\n<meta property=\"og:type\" content=\"article\" \/>\n<meta property=\"og:title\" content=\"Num\u00e9ros gagnants de la loterie Thunderball et r\u00e9sultats des tirages.\" \/>\n<meta property=\"og:description\" content=\"V\u00e9rifiez votre billet par rapport aux num\u00e9ros gagnants et aux r\u00e9sultats du dernier tirage de Thunderball, ou trouvez les r\u00e9sultats des tirages historiques.\" \/>\n<meta property=\"og:url\" content=\"https:\/\/jackpotlotteryonline.com\/fr\/numeros-gagnants\/thunderball\/\" \/>\n<meta property=\"og:site_name\" content=\"Lotto Online - Crack The International Lottery Jackpots\" \/>\n<meta property=\"article:modified_time\" content=\"2022-12-29T13:12:57+00:00\" \/>\n<meta property=\"og:image\" content=\"https:\/\/jackpotlotteryonline.com\/wp-content\/uploads\/2022\/11\/1_rain_lottery_money_win-282x300.jpg\" \/>\n<meta name=\"twitter:card\" content=\"summary_large_image\" \/>\n<meta name=\"twitter:label1\" content=\"Dur\u00e9e de lecture estim\u00e9e\" \/>\n\t<meta name=\"twitter:data1\" content=\"9 minutes\" \/>\n<!-- \/ Yoast SEO plugin. -->","yoast_head_json":{"title":"Num\u00e9ros gagnants de la loterie Thunderball et r\u00e9sultats des tirages.","description":"V\u00e9rifiez votre billet par rapport aux num\u00e9ros gagnants et aux r\u00e9sultats du dernier tirage de Thunderball, ou trouvez les r\u00e9sultats des tirages historiques.","robots":{"index":"index","follow":"follow","max-snippet":"max-snippet:-1","max-image-preview":"max-image-preview:large","max-video-preview":"max-video-preview:-1"},"canonical":"https:\/\/jackpotlotteryonline.com\/fr\/numeros-gagnants\/thunderball\/","og_locale":"fr_FR","og_type":"article","og_title":"Num\u00e9ros gagnants de la loterie Thunderball et r\u00e9sultats des tirages.","og_description":"V\u00e9rifiez votre billet par rapport aux num\u00e9ros gagnants et aux r\u00e9sultats du dernier tirage de Thunderball, ou trouvez les r\u00e9sultats des tirages historiques.","og_url":"https:\/\/jackpotlotteryonline.com\/fr\/numeros-gagnants\/thunderball\/","og_site_name":"Lotto Online - Crack The International Lottery Jackpots","article_modified_time":"2022-12-29T13:12:57+00:00","og_image":[{"url":"https:\/\/jackpotlotteryonline.com\/wp-content\/uploads\/2022\/11\/1_rain_lottery_money_win-282x300.jpg"}],"twitter_card":"summary_large_image","twitter_misc":{"Dur\u00e9e de lecture estim\u00e9e":"9 minutes"},"schema":{"@context":"https:\/\/schema.org","@graph":[{"@type":"WebPage","@id":"https:\/\/jackpotlotteryonline.com\/fr\/numeros-gagnants\/thunderball\/","url":"https:\/\/jackpotlotteryonline.com\/fr\/numeros-gagnants\/thunderball\/","name":"Num\u00e9ros gagnants de la loterie Thunderball et r\u00e9sultats des tirages.","isPartOf":{"@id":"https:\/\/jackpotlotteryonline.com\/#website"},"primaryImageOfPage":{"@id":"https:\/\/jackpotlotteryonline.com\/fr\/numeros-gagnants\/thunderball\/#primaryimage"},"image":{"@id":"https:\/\/jackpotlotteryonline.com\/fr\/numeros-gagnants\/thunderball\/#primaryimage"},"thumbnailUrl":"https:\/\/jackpotlotteryonline.com\/wp-content\/uploads\/2022\/11\/1_rain_lottery_money_win-282x300.jpg","datePublished":"2022-12-09T06:00:20+00:00","dateModified":"2022-12-29T13:12:57+00:00","description":"V\u00e9rifiez votre billet par rapport aux num\u00e9ros gagnants et aux r\u00e9sultats du dernier tirage de Thunderball, ou trouvez les r\u00e9sultats des tirages historiques.","breadcrumb":{"@id":"https:\/\/jackpotlotteryonline.com\/fr\/numeros-gagnants\/thunderball\/#breadcrumb"},"inLanguage":"fr-FR","potentialAction":[{"@type":"ReadAction","target":["https:\/\/jackpotlotteryonline.com\/fr\/numeros-gagnants\/thunderball\/"]}]},{"@type":"ImageObject","inLanguage":"fr-FR","@id":"https:\/\/jackpotlotteryonline.com\/fr\/numeros-gagnants\/thunderball\/#primaryimage","url":"https:\/\/jackpotlotteryonline.com\/wp-content\/uploads\/2022\/11\/1_rain_lottery_money_win-282x300.jpg","contentUrl":"https:\/\/jackpotlotteryonline.com\/wp-content\/uploads\/2022\/11\/1_rain_lottery_money_win-282x300.jpg"},{"@type":"BreadcrumbList","@id":"https:\/\/jackpotlotteryonline.com\/fr\/numeros-gagnants\/thunderball\/#breadcrumb","itemListElement":[{"@type":"ListItem","position":1,"name":"Home","item":"https:\/\/jackpotlotteryonline.com\/fr\/"},{"@type":"ListItem","position":2,"name":"R\u00e9sultats de la loterie","item":"https:\/\/jackpotlotteryonline.com\/winning-numbers\/"},{"@type":"ListItem","position":3,"name":"R\u00e9sultats du tirage de la loterie Thunderball"}]},{"@type":"WebSite","@id":"https:\/\/jackpotlotteryonline.com\/#website","url":"https:\/\/jackpotlotteryonline.com\/","name":"Lotto Online - Crack The International Lottery Jackpots","description":"","potentialAction":[{"@type":"SearchAction","target":{"@type":"EntryPoint","urlTemplate":"https:\/\/jackpotlotteryonline.com\/?s={search_term_string}"},"query-input":"required name=search_term_string"}],"inLanguage":"fr-FR"}]}},"_links":{"self":[{"href":"https:\/\/jackpotlotteryonline.com\/fr\/wp-json\/wp\/v2\/pages\/41305","targetHints":{"allow":["GET"]}}],"collection":[{"href":"https:\/\/jackpotlotteryonline.com\/fr\/wp-json\/wp\/v2\/pages"}],"about":[{"href":"https:\/\/jackpotlotteryonline.com\/fr\/wp-json\/wp\/v2\/types\/page"}],"author":[{"embeddable":true,"href":"https:\/\/jackpotlotteryonline.com\/fr\/wp-json\/wp\/v2\/users\/1"}],"replies":[{"embeddable":true,"href":"https:\/\/jackpotlotteryonline.com\/fr\/wp-json\/wp\/v2\/comments?post=41305"}],"version-history":[{"count":0,"href":"https:\/\/jackpotlotteryonline.com\/fr\/wp-json\/wp\/v2\/pages\/41305\/revisions"}],"up":[{"embeddable":true,"href":"https:\/\/jackpotlotteryonline.com\/fr\/wp-json\/wp\/v2\/pages\/35826"}],"wp:attachment":[{"href":"https:\/\/jackpotlotteryonline.com\/fr\/wp-json\/wp\/v2\/media?parent=41305"}],"curies":[{"name":"wp","href":"https:\/\/api.w.org\/{rel}","templated":true}]}}