{"id":41358,"date":"2022-12-09T08:14:27","date_gmt":"2022-12-09T08:14:27","guid":{"rendered":"https:\/\/jackpotlotteryonline.com\/?page_id=41358"},"modified":"2022-12-30T09:18:51","modified_gmt":"2022-12-30T09:18:51","slug":"new-york-lottery","status":"publish","type":"page","link":"https:\/\/jackpotlotteryonline.com\/fr\/numeros-gagnants\/new-york-lottery\/","title":{"rendered":"R\u00e9sultats du tirage de la loterie de New York"},"content":{"rendered":"<p>La loterie de New York \u00e9tait autrefois l&#8217;une de ces loteries n\u00e9glig\u00e9es. Principalement parce que vous ne pouviez participer \u00e0 la loterie qu&#8217;en tant que r\u00e9sident de New York. Tout cela a chang\u00e9 depuis que les joueurs du monde entier peuvent acheter des billets de loterie. Aujourd&#8217;hui, de plus en plus d&#8217;amateurs de loterie choisissent les num\u00e9ros gagnants en jouant en ligne. La loterie de New York a \u00e9t\u00e9 fond\u00e9e pour collecter des fonds pour l&#8217;\u00e9ducation, elle a donc ses origines dans une bonne cause. Chaque fois que vous achetez un ticket, vous donnez pour financer l&#8217;\u00e9ducation.<\/p>\n<p>Vous pouvez choisir votre combinaison du loto de New York lorsque vous<a href=\"https:\/\/jackpotlotteryonline.com\/fr\/acheter-tickets\/new-york-lottery\"> achetez votre billet de loterie sur jackpotlotteryonline.com.<\/a><\/p>\n<h2>Comment jouer au loto de New York en ligne<\/h2>\n<p>Jouer \u00e0 la loterie est amusant et excitant. Mais cette exp\u00e9rience est encore plus intense lorsque vous jouez en ligne. S&#8217;inscrire \u00e0 la loterie en ligne est rapide, simple et totalement direct. Si vous jouez au loto de New York, voici les \u00e9tapes \u00e0 suivre :<\/p>\n<ul>\n<li>Visitez le site de votre choix (tel que jackpotlotteryonline.com) et cliquez sur la loterie \u00e0 laquelle vous voulez jouer.<\/li>\n<li>Choisissez 6 num\u00e9ros dans une fourchette de 1 \u00e0 59. Il y a un 7\u00e8me num\u00e9ro, mais il est tir\u00e9 au sort par la soci\u00e9t\u00e9 de loterie et ne fait pas partie de votre ticket.<\/li>\n<li>Participez aux tirages qui ont lieu les mercredis et samedis de chaque semaine. Vous pouvez participer \u00e0 un seul tirage ou aux deux.<\/li>\n<li>Finalisez votre paiement. La plupart des sites de loterie vous demanderont de vous inscrire afin de pouvoir effectuer votre paiement. Cela vous permettra d&#8217;acc\u00e9der facilement \u00e0 votre billet apr\u00e8s l&#8217;avoir achet\u00e9.<\/li>\n<\/ul>\n<p>Jouer \u00e0 la loterie en ligne est vraiment tr\u00e8s simple. Il n&#8217;y a pas d&#8217;autre moyen d&#8217;obtenir des billets en dehors de New York. C&#8217;est pourquoi nous offrons l&#8217;ultime option aux joueurs qui vivent dans une autre partie du monde.<\/p>\n<h2>Comment choisir les num\u00e9ros gagnants<\/h2>\n<p><img loading=\"lazy\" decoding=\"async\" class=\"alignright size-full wp-image-29534\" src=\"https:\/\/jackpotlotteryonline.com\/wp-content\/uploads\/2022\/11\/1_results_lottery_online5.jpg\" alt=\"Jouez au loto de New York en ligne\" width=\"300\" height=\"200\" \/>Bon, existe-t-il vraiment une strat\u00e9gie gagnante pour choisir les combinaisons qui garantissent de gagner \u00e0 la loterie ? Nous ne le pensons pas, pour la simple raison que la loterie est un jeu de hasard. Il est assez difficile de dire quelle combinaison vous aidera \u00e0 gagner \u00e0 la loterie, d&#8217;autant plus que les tirages sont al\u00e9atoires.<\/p>\n<p>N\u00e9anmoins, vous pouvez augmenter votre chance en choisissant des num\u00e9ros gagnants qui vous font sentir chanceux. Ainsi, vous pouvez choisir des dates de naissance, des anniversaires, des chiffres qui vous ont port\u00e9 chance toute votre vie, etc. Ou bien, vous pouvez simplement utiliser l&#8217;outil g\u00e9n\u00e9rateur automatique de notre site pour choisir des chiffres al\u00e9atoires.<\/p>\n<h2>Cat\u00e9gories de prix du loto de New York<\/h2>\n<p>Ce loto de New York propose un jackpot minimum de 2 millions de dollars. Mais si personne ne gagne le jackpot apr\u00e8s les tirages, celui-ci augmente de 300 000 $. Ce prix continue d&#8217;augmenter jusqu&#8217;\u00e0 ce qu&#8217;un gagnant \u00e9merge.<\/p>\n<p>Il y a cinq cat\u00e9gories de prix en tout, y compris le jackpot. Et les chances de gagner un prix au total sont de 1 sur 92,05. La r\u00e9partition des prix d\u00e9pend des ventes globales. Ainsi, pour chaque loto, 40 % des ventes sont attribu\u00e9es en prix. Le jackpot est un pourcentage de cette somme et n&#8217;est pas un montant fixe. Les cat\u00e9gories de prix pour le loto de New York sont pr\u00e9sent\u00e9es ci-dessous :<\/p>\n<p>Cat\u00e9gorie 1 : 6 num\u00e9ros &#8211; jackpot (30%)<\/p>\n<p>Cat\u00e9gorie 2 : 5 + num\u00e9ro bonus &#8211; 2,9% des ventes<\/p>\n<p>Cat\u00e9gorie 3 : 5 num\u00e9ros &#8211; 2,2% des ventes<\/p>\n<p>Cat\u00e9gorie 4 : 4 num\u00e9ros &#8211; 2,5% des ventes<\/p>\n<p>Cat\u00e9gorie 5 : 3 num\u00e9ros &#8211; 2,4% des ventes<\/p>\n<h2>Comment v\u00e9rifier les num\u00e9ros gagnants<\/h2>\n<p>Comment savoir si vous avez gagn\u00e9 un prix ? En principe, si vous jouez au loto de New York sur jackpotlotteryonline.com, nous vous informerons si vous avez gagn\u00e9 un prix. Nous le faisons en envoyant un message \u00e0 votre compte et \u00e0 votre adresse \u00e9lectronique. Il n&#8217;y a vraiment aucun moyen de manquer votre prix si vous \u00eates inscrit chez nous.<\/p>\n<p>M\u00eame si vous ne gagnez pas de prix, vous pouvez toujours v\u00e9rifier les num\u00e9ros gagnants en consultant cette page. Nous publions les r\u00e9sultats des tirages ici m\u00eame apr\u00e8s chaque tirage. Revenez donc consulter cette page pour voir quelle combinaison a remport\u00e9 le jackpot ou les prix des autres cat\u00e9gories.<\/p>\n<h2>Comment retirer votre prix<\/h2>\n<p><img loading=\"lazy\" decoding=\"async\" class=\"alignright size-medium wp-image-29183\" src=\"https:\/\/jackpotlotteryonline.com\/wp-content\/uploads\/2022\/11\/1_play_lotto-online-300x199.jpg\" alt=\"Num\u00e9ros gagnants du loto de New York\" width=\"300\" height=\"199\" srcset=\"https:\/\/jackpotlotteryonline.com\/wp-content\/uploads\/2022\/11\/1_play_lotto-online-300x199.jpg 300w, https:\/\/jackpotlotteryonline.com\/wp-content\/uploads\/2022\/11\/1_play_lotto-online.jpg 350w\" sizes=\"auto, (max-width: 300px) 100vw, 300px\" \/>Si vous avez gagn\u00e9 un prix, vous pouvez facilement acc\u00e9der \u00e0 vos gains ici m\u00eame sur notre site. Pour les prix inf\u00e9rieurs \u00e0 2 500 euros, vous pouvez retirer vos gains directement sur votre compte bancaire depuis notre plateforme. Il vous suffit de quelques clics et vous recevez votre prix en toute simplicit\u00e9.<\/p>\n<p>Toutefois, si votre gain est sup\u00e9rieur \u00e0 2 500 euros, vous devrez peut-\u00eatre contacter directement la soci\u00e9t\u00e9 de loterie. Si tel est le cas, nous vous enverrons un formulaire de r\u00e9clamation \u00e0 remplir et nous vous aiderons \u00e0 traiter votre gain.<\/p>\n<h2>Conseils pour jouer au loto de New York<\/h2>\n<p>Si vous avez besoin de conseils pour jouer \u00e0 la loterie, poursuivez votre lecture. Ces conseils sont utiles lorsque vous jouez \u00e0 n&#8217;importe quelle grande loterie internationale. Ils ne sont donc pas limit\u00e9s au loto de New York.<\/p>\n<ul>\n<li style=\"list-style-type: none;\">\n<ul>\n<li>Choisissez vos num\u00e9ros gagnants avec soin. M\u00eame si vous ne pouvez pas pr\u00e9dire le gagnant de la loterie, c&#8217;est toujours une bonne id\u00e9e de choisir une combinaison qui a une signification pour vous.<\/li>\n<li>Pour ce loto de New York, le num\u00e9ro bonus est important car il d\u00e9termine le prix de la deuxi\u00e8me cat\u00e9gorie. Ne l&#8217;ignorez donc pas car vous pourriez rentrer chez vous avec un beau gain m\u00eame si vous ne remportez pas le jackpot.<\/li>\n<li>Faites attention aux jours de tirage car c&#8217;est \u00e0 ce moment-l\u00e0 que l&#8217;on conna\u00eet le num\u00e9ro gagnant. En outre, si vous ne participez pas \u00e0 un tirage, vous ne pouvez pas gagner de prix pendant ce tirage. Les jours de tirage sont donc tr\u00e8s importants. Vous pouvez \u00e9galement vous inscrire aux tirages plusieurs semaines \u00e0 l&#8217;avance (nous vous montrerons comment faire, plus tard).<\/li>\n<\/ul>\n<\/li>\n<\/ul>\n<section class=\"layout\" style=\"border: solid 1px; width: 100%;\">\n<div class=\"img-div\" style=\"margin-top: 5px;\"><img decoding=\"async\" class=\"wp-image-17212 alignleft\" style=\"height: 45px; margin: 8px 8px 0px;\" src=\"https:\/\/jackpotlotteryonline.com\/wp-content\/uploads\/2022\/11\/read1.jpg\" alt=\"lire\" width=\"\" height=\"\" \/><\/div>\n<div style=\"padding-left: 5px;\">\n<div style=\"font-size: 1.1em;\">\n<p><strong>Quel est le secret du succ\u00e8s \u00e0 la loterie ?<\/strong><\/p>\n<p style=\"font-size: 0.85em; margin-top: -1.5em;\">Comment r\u00e9ussir \u00e0 jouer \u00e0 la loterie\u00a0<a href=\"https:\/\/jackpotlotteryonline.com\/fr\/quel-est-le-secret-du-succes-aux-loteries\"> en savoir plus<\/a><\/p>\n<\/div>\n<\/div>\n<\/section>\n<h2>V\u00e9rifiez les r\u00e9sultats des tirages sur jackpotlotteryonline.com<\/h2>\n<p>Nous sommes un site de conciergerie qui s&#8217;occupe des d\u00e9tails afin que nos clients puissent profiter de l&#8217;exp\u00e9rience de la loterie. Nous comprenons que personne ne veut se pr\u00e9occuper des petites choses. Ce temps pourrait \u00eatre mieux utilis\u00e9 \u00e0 perfectionner votre strat\u00e9gie de loterie. Et c&#8217;est pourquoi nous sommes l\u00e0.<\/p>\n<p>Nous donnons \u00e0 nos clients la possibilit\u00e9 de participer \u00e0 des loteries dans le monde entier. Nous publions \u00e9galement les r\u00e9sultats des loteries ici m\u00eame et fournissons un syst\u00e8me transparent pour que vous puissiez acc\u00e9der \u00e0 vos gains.<\/p>\n<p><a href=\"https:\/\/jackpotlotteryonline.com\/fr\/comment-jouer\/new-york-lottery-2\">Jouer au loto de New York avec nous<\/a> est une situation gagnant-gagnant.<\/p>\n","protected":false},"excerpt":{"rendered":"<p>La loterie de New York \u00e9tait autrefois l&#8217;une de ces loteries n\u00e9glig\u00e9es. Principalement parce que vous ne pouviez participer \u00e0 la loterie qu&#8217;en tant que r\u00e9sident de New York. Tout cela a chang\u00e9 depuis que les joueurs du monde entier peuvent acheter des billets de loterie. Aujourd&#8217;hui, de plus en plus d&#8217;amateurs de loterie choisissent [&hellip;]<\/p>\n","protected":false},"author":1,"featured_media":0,"parent":35826,"menu_order":15,"comment_status":"closed","ping_status":"closed","template":"newyork-results.php","meta":{"_et_pb_use_builder":"","_et_pb_old_content":"","_et_gb_content_width":"","exclude_from_search":false,"footnotes":""},"class_list":["post-41358","page","type-page","status-publish","hentry"],"yoast_head":"<!-- This site is optimized with the Yoast SEO plugin v23.3 - https:\/\/yoast.com\/wordpress\/plugins\/seo\/ -->\n<title>Num\u00e9ros gagnants de la loterie de New York et r\u00e9sultats des tirages<\/title>\n<meta name=\"description\" content=\"Les r\u00e9sultats des tirages de la loterie de New York - num\u00e9ros gagnants, montants gagn\u00e9s pour tous les tirages pass\u00e9s et pr\u00e9sents.\" \/>\n<meta name=\"robots\" content=\"index, follow, max-snippet:-1, max-image-preview:large, max-video-preview:-1\" \/>\n<link rel=\"canonical\" href=\"https:\/\/jackpotlotteryonline.com\/fr\/numeros-gagnants\/new-york-lottery\/\" \/>\n<meta property=\"og:locale\" content=\"fr_FR\" \/>\n<meta property=\"og:type\" content=\"article\" \/>\n<meta property=\"og:title\" content=\"Num\u00e9ros gagnants de la loterie de New York et r\u00e9sultats des tirages\" \/>\n<meta property=\"og:description\" content=\"Les r\u00e9sultats des tirages de la loterie de New York - num\u00e9ros gagnants, montants gagn\u00e9s pour tous les tirages pass\u00e9s et pr\u00e9sents.\" \/>\n<meta property=\"og:url\" content=\"https:\/\/jackpotlotteryonline.com\/fr\/numeros-gagnants\/new-york-lottery\/\" \/>\n<meta property=\"og:site_name\" content=\"Lotto Online - Crack The International Lottery Jackpots\" \/>\n<meta property=\"article:modified_time\" content=\"2022-12-30T09:18:51+00:00\" \/>\n<meta property=\"og:image\" content=\"https:\/\/jackpotlotteryonline.com\/wp-content\/uploads\/2022\/11\/1_results_lottery_online5.jpg\" \/>\n<meta name=\"twitter:card\" content=\"summary_large_image\" \/>\n<meta name=\"twitter:label1\" content=\"Dur\u00e9e de lecture estim\u00e9e\" \/>\n\t<meta name=\"twitter:data1\" content=\"6 minutes\" \/>\n<!-- \/ Yoast SEO plugin. -->","yoast_head_json":{"title":"Num\u00e9ros gagnants de la loterie de New York et r\u00e9sultats des tirages","description":"Les r\u00e9sultats des tirages de la loterie de New York - num\u00e9ros gagnants, montants gagn\u00e9s pour tous les tirages pass\u00e9s et pr\u00e9sents.","robots":{"index":"index","follow":"follow","max-snippet":"max-snippet:-1","max-image-preview":"max-image-preview:large","max-video-preview":"max-video-preview:-1"},"canonical":"https:\/\/jackpotlotteryonline.com\/fr\/numeros-gagnants\/new-york-lottery\/","og_locale":"fr_FR","og_type":"article","og_title":"Num\u00e9ros gagnants de la loterie de New York et r\u00e9sultats des tirages","og_description":"Les r\u00e9sultats des tirages de la loterie de New York - num\u00e9ros gagnants, montants gagn\u00e9s pour tous les tirages pass\u00e9s et pr\u00e9sents.","og_url":"https:\/\/jackpotlotteryonline.com\/fr\/numeros-gagnants\/new-york-lottery\/","og_site_name":"Lotto Online - Crack The International Lottery Jackpots","article_modified_time":"2022-12-30T09:18:51+00:00","og_image":[{"url":"https:\/\/jackpotlotteryonline.com\/wp-content\/uploads\/2022\/11\/1_results_lottery_online5.jpg"}],"twitter_card":"summary_large_image","twitter_misc":{"Dur\u00e9e de lecture estim\u00e9e":"6 minutes"},"schema":{"@context":"https:\/\/schema.org","@graph":[{"@type":"WebPage","@id":"https:\/\/jackpotlotteryonline.com\/fr\/numeros-gagnants\/new-york-lottery\/","url":"https:\/\/jackpotlotteryonline.com\/fr\/numeros-gagnants\/new-york-lottery\/","name":"Num\u00e9ros gagnants de la loterie de New York et r\u00e9sultats des tirages","isPartOf":{"@id":"https:\/\/jackpotlotteryonline.com\/#website"},"primaryImageOfPage":{"@id":"https:\/\/jackpotlotteryonline.com\/fr\/numeros-gagnants\/new-york-lottery\/#primaryimage"},"image":{"@id":"https:\/\/jackpotlotteryonline.com\/fr\/numeros-gagnants\/new-york-lottery\/#primaryimage"},"thumbnailUrl":"https:\/\/jackpotlotteryonline.com\/wp-content\/uploads\/2022\/11\/1_results_lottery_online5.jpg","datePublished":"2022-12-09T08:14:27+00:00","dateModified":"2022-12-30T09:18:51+00:00","description":"Les r\u00e9sultats des tirages de la loterie de New York - num\u00e9ros gagnants, montants gagn\u00e9s pour tous les tirages pass\u00e9s et pr\u00e9sents.","breadcrumb":{"@id":"https:\/\/jackpotlotteryonline.com\/fr\/numeros-gagnants\/new-york-lottery\/#breadcrumb"},"inLanguage":"fr-FR","potentialAction":[{"@type":"ReadAction","target":["https:\/\/jackpotlotteryonline.com\/fr\/numeros-gagnants\/new-york-lottery\/"]}]},{"@type":"ImageObject","inLanguage":"fr-FR","@id":"https:\/\/jackpotlotteryonline.com\/fr\/numeros-gagnants\/new-york-lottery\/#primaryimage","url":"https:\/\/jackpotlotteryonline.com\/wp-content\/uploads\/2022\/11\/1_results_lottery_online5.jpg","contentUrl":"https:\/\/jackpotlotteryonline.com\/wp-content\/uploads\/2022\/11\/1_results_lottery_online5.jpg"},{"@type":"BreadcrumbList","@id":"https:\/\/jackpotlotteryonline.com\/fr\/numeros-gagnants\/new-york-lottery\/#breadcrumb","itemListElement":[{"@type":"ListItem","position":1,"name":"Home","item":"https:\/\/jackpotlotteryonline.com\/fr\/"},{"@type":"ListItem","position":2,"name":"R\u00e9sultats de la loterie","item":"https:\/\/jackpotlotteryonline.com\/winning-numbers\/"},{"@type":"ListItem","position":3,"name":"R\u00e9sultats du tirage de la loterie de New York"}]},{"@type":"WebSite","@id":"https:\/\/jackpotlotteryonline.com\/#website","url":"https:\/\/jackpotlotteryonline.com\/","name":"Lotto Online - Crack The International Lottery Jackpots","description":"","potentialAction":[{"@type":"SearchAction","target":{"@type":"EntryPoint","urlTemplate":"https:\/\/jackpotlotteryonline.com\/?s={search_term_string}"},"query-input":"required name=search_term_string"}],"inLanguage":"fr-FR"}]}},"_links":{"self":[{"href":"https:\/\/jackpotlotteryonline.com\/fr\/wp-json\/wp\/v2\/pages\/41358","targetHints":{"allow":["GET"]}}],"collection":[{"href":"https:\/\/jackpotlotteryonline.com\/fr\/wp-json\/wp\/v2\/pages"}],"about":[{"href":"https:\/\/jackpotlotteryonline.com\/fr\/wp-json\/wp\/v2\/types\/page"}],"author":[{"embeddable":true,"href":"https:\/\/jackpotlotteryonline.com\/fr\/wp-json\/wp\/v2\/users\/1"}],"replies":[{"embeddable":true,"href":"https:\/\/jackpotlotteryonline.com\/fr\/wp-json\/wp\/v2\/comments?post=41358"}],"version-history":[{"count":0,"href":"https:\/\/jackpotlotteryonline.com\/fr\/wp-json\/wp\/v2\/pages\/41358\/revisions"}],"up":[{"embeddable":true,"href":"https:\/\/jackpotlotteryonline.com\/fr\/wp-json\/wp\/v2\/pages\/35826"}],"wp:attachment":[{"href":"https:\/\/jackpotlotteryonline.com\/fr\/wp-json\/wp\/v2\/media?parent=41358"}],"curies":[{"name":"wp","href":"https:\/\/api.w.org\/{rel}","templated":true}]}}