{"id":41412,"date":"2022-12-09T09:57:08","date_gmt":"2022-12-09T09:57:08","guid":{"rendered":"https:\/\/jackpotlotteryonline.com\/?page_id=41412"},"modified":"2022-12-30T11:47:53","modified_gmt":"2022-12-30T11:47:53","slug":"oz-lotto","status":"publish","type":"page","link":"https:\/\/jackpotlotteryonline.com\/fr\/numeros-gagnants\/oz-lotto\/","title":{"rendered":"R\u00e9sultats du tirage du loto d&#8217;Oz"},"content":{"rendered":"<h2>Informations sur les r\u00e9sultats du tirage d&#8217;Oz Lotto<\/h2>\n<p><img loading=\"lazy\" decoding=\"async\" class=\"alignright size-full wp-image-26942\" src=\"https:\/\/jackpotlotteryonline.com\/wp-content\/uploads\/2022\/11\/1_euromillions_results.jpg\" alt=\"R\u00e9sultats des tirages de l'Oz Lotto\" width=\"300\" height=\"200\" \/>\u00cates-vous curieux de conna\u00eetre les r\u00e9sultats du tirage d&#8217;Oz Lotto ou ce qui se passe apr\u00e8s qu&#8217;une personne ait gagn\u00e9 ? Eh bien, cet article vous guidera sur la fa\u00e7on de proc\u00e9der pour r\u00e9pondre \u00e0 ces questions.<\/p>\n<p>Ce loto australien est tir\u00e9 tous les mardis et samedis \u00e0 19h30 AEST, donc apr\u00e8s avoir choisi vos num\u00e9ros, vous pouvez vous asseoir et attendre le tirage. Les tirages sont effectu\u00e9s \u00e0 Sydney par un g\u00e9n\u00e9rateur de num\u00e9ros informatis\u00e9.<\/p>\n<p>Oz Lotto est un jeu assez gratifiant qui comporte sept divisions de prix o\u00f9, si la division 1 (le jackpot) n&#8217;est pas remport\u00e9e, d&#8217;autres prix peuvent \u00eatre gagn\u00e9s si un joueur obtient cinq ou quatre num\u00e9ros. En outre, dix prix de 2 millions de dollars chacun sont attribu\u00e9s lorsqu&#8217;aucun joueur ne parvient \u00e0 trouver les sept num\u00e9ros tir\u00e9s.<\/p>\n<p>En outre, les r\u00e9sultats du tirage de la loterie sont publi\u00e9s une semaine apr\u00e8s le tirage sur le site Web du gouvernement de l&#8217;\u00c9tat de Victoria. L&#8217;heure du tirage reste confidentielle, ceci afin de prot\u00e9ger la vie priv\u00e9e des participants.<\/p>\n<h2>Comment puis-je gagner \u00e0 la loterie australienne Oz Lotto ?<\/h2>\n<p>Pour gagner un prix \u00e0 Oz Lotto, vous devez savoir ce qui suit :<\/p>\n<ol>\n<li>Pour<a href=\"https:\/\/jackpotlotteryonline.com\/fr\/comment-jouer\/oz-lotto\"> jouer \u00e0 Oz Lotto<\/a>, un joueur doit tirer dix num\u00e9ros parmi un groupe de 47.<\/li>\n<li>Les sept premiers num\u00e9ros tir\u00e9s sont consid\u00e9r\u00e9s comme les num\u00e9ros gagnants pour le jackpot.<\/li>\n<li>Les trois autres num\u00e9ros tir\u00e9s sont les num\u00e9ros suppl\u00e9mentaires qui sont utilis\u00e9s pour d\u00e9terminer les prix des autres divisions.<\/li>\n<li>Plus un joueur a de num\u00e9ros correspondants, plus le prix est \u00e9lev\u00e9.<\/li>\n<li>Participer \u00e0 l&#8217;Oz Lotto est un jeu de hasard ; vous pouvez soit gagner, soit perdre.<\/li>\n<\/ol>\n<h2>Comment puis-je v\u00e9rifier si j&#8217;ai gagn\u00e9 lors d&#8217;un tirage particulier ?<\/h2>\n<p><img loading=\"lazy\" decoding=\"async\" class=\"alignright size-full wp-image-26159\" src=\"https:\/\/jackpotlotteryonline.com\/wp-content\/uploads\/2022\/11\/1_buy_lottery_online.jpg\" alt=\"R\u00e9sultats des tirages de l'Oz Lotto\" width=\"212\" height=\"142\" \/>Si vous avez <a href=\"https:\/\/jackpotlotteryonline.com\/fr\/acheter-tickets\/oz-lotto\">achet\u00e9 un ticket chez nous,<\/a> veuillez v\u00e9rifier les r\u00e9sultats du tirage sur notre site Web. Le moyen le plus simple de savoir si vous avez gagn\u00e9 est de vous connecter \u00e0 votre compte de joueur sur notre site Web. Allez ensuite sur &#8220;mes billets&#8221;, et vous verrez le scan de votre billet avec les num\u00e9ros avec lesquels vous avez jou\u00e9. Apr\u00e8s le tirage, tous les chiffres correspondants seront mis en \u00e9vidence.<\/p>\n<p>Une autre fa\u00e7on de savoir si vous avez gagn\u00e9 est de v\u00e9rifier votre courrier \u00e9lectronique. Imm\u00e9diatement apr\u00e8s le tirage, vous recevrez un e-mail vous en informant. Utilisez cette information pour savoir si vous avez gagn\u00e9 \u00e0 ce tirage.<\/p>\n<p>Vous pouvez \u00e9galement visiter le site officiel de l&#8217;Australian Oz Lotto pour en savoir plus sur les r\u00e9sultats pass\u00e9s et obtenir des informations g\u00e9n\u00e9rales sur la loterie.<\/p>\n<h2>Fa\u00e7ons d&#8217;am\u00e9liorer mes chances de gagner<\/h2>\n<p>Pour augmenter vos chances de remporter le jackpot, vous pouvez participer \u00e0 plusieurs tirages en achetant des tickets pour des tirages cons\u00e9cutifs. Cela permet de jouer la m\u00eame s\u00e9lection pendant deux semaines. Certes, jouer de cette mani\u00e8re augmentera le co\u00fbt de vos commandes, mais cela vous permettra de participer \u00e0 davantage de tirages.<\/p>\n<section class=\"layout\" style=\"border: solid 1px; width: 100%;\">\n<div class=\"img-div\" style=\"margin-top: 5px;\"><img decoding=\"async\" class=\"wp-image-17212 alignleft\" style=\"height: 45px; margin: 8px 8px 0px;\" src=\"https:\/\/jackpotlotteryonline.com\/wp-content\/uploads\/2022\/11\/read1.jpg\" alt=\"lire\" width=\"\" height=\"\" \/><\/div>\n<div style=\"padding-left: 5px;\">\n<div style=\"font-size: 1.1em;\">\n<p><strong>Choisissez les num\u00e9ros gagnants du loto manuellement ou en utilisant un RNG.<\/strong><\/p>\n<p style=\"font-size: 0.85em; margin-top: -1.5em;\">Comment g\u00e9n\u00e9rer des num\u00e9ros de loto gagnants ?\u00a0<a href=\"https:\/\/jackpotlotteryonline.com\/fr\/comment-generer-des-numeros-de-loto-gagnants\"> en savoir plus<\/a><\/p>\n<\/div>\n<\/div>\n<\/section>\n<h2>Comment puis-je recevoir mon prix ?<\/h2>\n<p>En cas de gain d&#8217;un prix, prenez note de ce qui suit :<\/p>\n<ul>\n<li>Les gains inf\u00e9rieurs \u00e0 2 500 \u20ac seront automatiquement transf\u00e9r\u00e9s sur votre compte de joueur. Vous pouvez les retirer ou continuer \u00e0 acheter d&#8217;autres billets avec l&#8217;argent du prix.<\/li>\n<li>Pour les gains sup\u00e9rieurs \u00e0 2 500 \u20ac, le prix sera pay\u00e9 directement par la commission de la loterie, et vous pourrez le recevoir par virement bancaire ou par ch\u00e8que.<\/li>\n<\/ul>\n<p>Ne manquez pas les tirages au sort. Pour \u00eatre s\u00fbr de ne manquer aucune information, il est conseill\u00e9 aux joueurs d&#8217;inscrire jackpotlotteryonline.com sur la liste des fournisseurs d&#8217;e-mails de confiance.<\/p>\n<p><strong>Pour conclure&#8230;<\/strong><\/p>\n<p>Oz Lotto est l&#8217;un des jeux de loterie les plus populaires en Australie depuis 1994. De nombreuses personnes sont devenues millionnaires du jour au lendemain gr\u00e2ce \u00e0 lui. Alors qu&#8217;est-ce qui vous emp\u00eache de jouer ? Participez \u00e0 cette loterie australienne et ayez une chance de gagner l&#8217;un des nombreux prix, si ce n&#8217;est le jackpot.<\/p>\n<p><strong>Inscrivez-vous d\u00e8s aujourd&#8217;hui pour gagner !<\/strong><\/p>\n","protected":false},"excerpt":{"rendered":"<p>Informations sur les r\u00e9sultats du tirage d&#8217;Oz Lotto \u00cates-vous curieux de conna\u00eetre les r\u00e9sultats du tirage d&#8217;Oz Lotto ou ce qui se passe apr\u00e8s qu&#8217;une personne ait gagn\u00e9 ? Eh bien, cet article vous guidera sur la fa\u00e7on de proc\u00e9der pour r\u00e9pondre \u00e0 ces questions. Ce loto australien est tir\u00e9 tous les mardis et samedis [&hellip;]<\/p>\n","protected":false},"author":1,"featured_media":0,"parent":35826,"menu_order":16,"comment_status":"closed","ping_status":"closed","template":"","meta":{"_et_pb_use_builder":"","_et_pb_old_content":"","_et_gb_content_width":"","exclude_from_search":false,"footnotes":""},"class_list":["post-41412","page","type-page","status-publish","hentry"],"yoast_head":"<!-- This site is optimized with the Yoast SEO plugin v23.3 - https:\/\/yoast.com\/wordpress\/plugins\/seo\/ -->\n<title>Num\u00e9ros gagnants du Lotto d&#039;Oz et r\u00e9sultat du tirage<\/title>\n<meta name=\"description\" content=\"D\u00e9couvrez les num\u00e9ros gagnants et les r\u00e9sultats pass\u00e9s de l&#039;Australia&#039;s Oz Lotto sur notre page de r\u00e9sultats de tirage. Assurez-vous de ne pas les manquer !\" \/>\n<meta name=\"robots\" content=\"index, follow, max-snippet:-1, max-image-preview:large, max-video-preview:-1\" \/>\n<link rel=\"canonical\" href=\"https:\/\/jackpotlotteryonline.com\/fr\/numeros-gagnants\/oz-lotto\/\" \/>\n<meta property=\"og:locale\" content=\"fr_FR\" \/>\n<meta property=\"og:type\" content=\"article\" \/>\n<meta property=\"og:title\" content=\"Num\u00e9ros gagnants du Lotto d&#039;Oz et r\u00e9sultat du tirage\" \/>\n<meta property=\"og:description\" content=\"D\u00e9couvrez les num\u00e9ros gagnants et les r\u00e9sultats pass\u00e9s de l&#039;Australia&#039;s Oz Lotto sur notre page de r\u00e9sultats de tirage. Assurez-vous de ne pas les manquer !\" \/>\n<meta property=\"og:url\" content=\"https:\/\/jackpotlotteryonline.com\/fr\/numeros-gagnants\/oz-lotto\/\" \/>\n<meta property=\"og:site_name\" content=\"Lotto Online - Crack The International Lottery Jackpots\" \/>\n<meta property=\"article:modified_time\" content=\"2022-12-30T11:47:53+00:00\" \/>\n<meta property=\"og:image\" content=\"https:\/\/jackpotlotteryonline.com\/wp-content\/uploads\/2022\/11\/1_euromillions_results.jpg\" \/>\n<meta name=\"twitter:card\" content=\"summary_large_image\" \/>\n<meta name=\"twitter:label1\" content=\"Dur\u00e9e de lecture estim\u00e9e\" \/>\n\t<meta name=\"twitter:data1\" content=\"4 minutes\" \/>\n<!-- \/ Yoast SEO plugin. -->","yoast_head_json":{"title":"Num\u00e9ros gagnants du Lotto d'Oz et r\u00e9sultat du tirage","description":"D\u00e9couvrez les num\u00e9ros gagnants et les r\u00e9sultats pass\u00e9s de l'Australia's Oz Lotto sur notre page de r\u00e9sultats de tirage. Assurez-vous de ne pas les manquer !","robots":{"index":"index","follow":"follow","max-snippet":"max-snippet:-1","max-image-preview":"max-image-preview:large","max-video-preview":"max-video-preview:-1"},"canonical":"https:\/\/jackpotlotteryonline.com\/fr\/numeros-gagnants\/oz-lotto\/","og_locale":"fr_FR","og_type":"article","og_title":"Num\u00e9ros gagnants du Lotto d'Oz et r\u00e9sultat du tirage","og_description":"D\u00e9couvrez les num\u00e9ros gagnants et les r\u00e9sultats pass\u00e9s de l'Australia's Oz Lotto sur notre page de r\u00e9sultats de tirage. Assurez-vous de ne pas les manquer !","og_url":"https:\/\/jackpotlotteryonline.com\/fr\/numeros-gagnants\/oz-lotto\/","og_site_name":"Lotto Online - Crack The International Lottery Jackpots","article_modified_time":"2022-12-30T11:47:53+00:00","og_image":[{"url":"https:\/\/jackpotlotteryonline.com\/wp-content\/uploads\/2022\/11\/1_euromillions_results.jpg"}],"twitter_card":"summary_large_image","twitter_misc":{"Dur\u00e9e de lecture estim\u00e9e":"4 minutes"},"schema":{"@context":"https:\/\/schema.org","@graph":[{"@type":"WebPage","@id":"https:\/\/jackpotlotteryonline.com\/fr\/numeros-gagnants\/oz-lotto\/","url":"https:\/\/jackpotlotteryonline.com\/fr\/numeros-gagnants\/oz-lotto\/","name":"Num\u00e9ros gagnants du Lotto d'Oz et r\u00e9sultat du tirage","isPartOf":{"@id":"https:\/\/jackpotlotteryonline.com\/#website"},"primaryImageOfPage":{"@id":"https:\/\/jackpotlotteryonline.com\/fr\/numeros-gagnants\/oz-lotto\/#primaryimage"},"image":{"@id":"https:\/\/jackpotlotteryonline.com\/fr\/numeros-gagnants\/oz-lotto\/#primaryimage"},"thumbnailUrl":"https:\/\/jackpotlotteryonline.com\/wp-content\/uploads\/2022\/11\/1_euromillions_results.jpg","datePublished":"2022-12-09T09:57:08+00:00","dateModified":"2022-12-30T11:47:53+00:00","description":"D\u00e9couvrez les num\u00e9ros gagnants et les r\u00e9sultats pass\u00e9s de l'Australia's Oz Lotto sur notre page de r\u00e9sultats de tirage. Assurez-vous de ne pas les manquer !","breadcrumb":{"@id":"https:\/\/jackpotlotteryonline.com\/fr\/numeros-gagnants\/oz-lotto\/#breadcrumb"},"inLanguage":"fr-FR","potentialAction":[{"@type":"ReadAction","target":["https:\/\/jackpotlotteryonline.com\/fr\/numeros-gagnants\/oz-lotto\/"]}]},{"@type":"ImageObject","inLanguage":"fr-FR","@id":"https:\/\/jackpotlotteryonline.com\/fr\/numeros-gagnants\/oz-lotto\/#primaryimage","url":"https:\/\/jackpotlotteryonline.com\/wp-content\/uploads\/2022\/11\/1_euromillions_results.jpg","contentUrl":"https:\/\/jackpotlotteryonline.com\/wp-content\/uploads\/2022\/11\/1_euromillions_results.jpg"},{"@type":"BreadcrumbList","@id":"https:\/\/jackpotlotteryonline.com\/fr\/numeros-gagnants\/oz-lotto\/#breadcrumb","itemListElement":[{"@type":"ListItem","position":1,"name":"Home","item":"https:\/\/jackpotlotteryonline.com\/fr\/"},{"@type":"ListItem","position":2,"name":"R\u00e9sultats de la loterie","item":"https:\/\/jackpotlotteryonline.com\/winning-numbers\/"},{"@type":"ListItem","position":3,"name":"R\u00e9sultats du tirage du loto d&rsquo;Oz"}]},{"@type":"WebSite","@id":"https:\/\/jackpotlotteryonline.com\/#website","url":"https:\/\/jackpotlotteryonline.com\/","name":"Lotto Online - Crack The International Lottery Jackpots","description":"","potentialAction":[{"@type":"SearchAction","target":{"@type":"EntryPoint","urlTemplate":"https:\/\/jackpotlotteryonline.com\/?s={search_term_string}"},"query-input":"required name=search_term_string"}],"inLanguage":"fr-FR"}]}},"_links":{"self":[{"href":"https:\/\/jackpotlotteryonline.com\/fr\/wp-json\/wp\/v2\/pages\/41412","targetHints":{"allow":["GET"]}}],"collection":[{"href":"https:\/\/jackpotlotteryonline.com\/fr\/wp-json\/wp\/v2\/pages"}],"about":[{"href":"https:\/\/jackpotlotteryonline.com\/fr\/wp-json\/wp\/v2\/types\/page"}],"author":[{"embeddable":true,"href":"https:\/\/jackpotlotteryonline.com\/fr\/wp-json\/wp\/v2\/users\/1"}],"replies":[{"embeddable":true,"href":"https:\/\/jackpotlotteryonline.com\/fr\/wp-json\/wp\/v2\/comments?post=41412"}],"version-history":[{"count":0,"href":"https:\/\/jackpotlotteryonline.com\/fr\/wp-json\/wp\/v2\/pages\/41412\/revisions"}],"up":[{"embeddable":true,"href":"https:\/\/jackpotlotteryonline.com\/fr\/wp-json\/wp\/v2\/pages\/35826"}],"wp:attachment":[{"href":"https:\/\/jackpotlotteryonline.com\/fr\/wp-json\/wp\/v2\/media?parent=41412"}],"curies":[{"name":"wp","href":"https:\/\/api.w.org\/{rel}","templated":true}]}}