{"id":41464,"date":"2022-12-09T12:14:25","date_gmt":"2022-12-09T12:14:25","guid":{"rendered":"https:\/\/jackpotlotteryonline.com\/?page_id=41464"},"modified":"2022-12-30T13:25:43","modified_gmt":"2022-12-30T13:25:43","slug":"powerball-australia","status":"publish","type":"page","link":"https:\/\/jackpotlotteryonline.com\/fr\/numeros-gagnants\/powerball-australia\/","title":{"rendered":"R\u00e9sultats du tirage Powerball Australie"},"content":{"rendered":"<p><a href=\"https:\/\/jackpotlotteryonline.com\/fr\/comment-jouer\/powerball-australia\">Jouer au Powerball australien<\/a> est facile lorsque vous achetez vos billets en ligne. De cette fa\u00e7on, vous pouvez avoir acc\u00e8s au Powerball de n&#8217;importe o\u00f9 dans le monde. Mais, l&#8217;achat du billet n&#8217;est qu&#8217;une partie du jeu de Powerball. Vous devez \u00e9galement v\u00e9rifier les r\u00e9sultats du tirage pour conna\u00eetre les num\u00e9ros gagnants. Ainsi, vous saurez si vous avez gagn\u00e9 \u00e0 la loterie ou non. Nous vous donnons ici des conseils et des informations sur la fa\u00e7on dont vous pouvez v\u00e9rifier les r\u00e9sultats du tirage et acc\u00e9der \u00e0 vos gains.<\/p>\n<h2>Comment v\u00e9rifier les num\u00e9ros gagnants de Powerball Australie<\/h2>\n<p>Pour jouer au Powerball, vous devez choisir 7 num\u00e9ros dans une fourchette de 1 \u00e0 35, plus un num\u00e9ro Powerball de 1 \u00e0 20. Lors des tirages, 8 num\u00e9ros sont tir\u00e9s au hasard. Celui qui correspond aux num\u00e9ros tir\u00e9s a le billet gagnant de Powerball.<\/p>\n<p>Il se peut que vous ne puissiez pas regarder les tirages Powerball en direct \u00e0 la t\u00e9l\u00e9vision. Mais vous pouvez consulter les sites d&#8217;information en ligne pour conna\u00eetre les num\u00e9ros gagnants du Powerball. Toutefois, ces sites n&#8217;affichent g\u00e9n\u00e9ralement que la combinaison qui remporte le jackpot. Et le Powerball comporte plusieurs autres paliers de prix.<\/p>\n<p>Pour conna\u00eetre les num\u00e9ros gagnants du Powerball pour tous les niveaux de prix, vous pouvez donc revenir ici m\u00eame apr\u00e8s chaque tirage. Nous publions les num\u00e9ros gagnants du Powerball sur notre site. De plus, si vous avez achet\u00e9 votre billet Powerball chez nous, nous vous alerterons si vous avez l&#8217;un des num\u00e9ros gagnants. Nous vous enverrons un e-mail et mettrons une notification sur votre compte. Ainsi, vous n&#8217;avez pas \u00e0 craindre de manquer vos gains.<\/p>\n<h2>Quelles sont les chances de gagner au Powerball ?<\/h2>\n<p><img loading=\"lazy\" decoding=\"async\" class=\"alignright size-full wp-image-31181\" src=\"https:\/\/jackpotlotteryonline.com\/wp-content\/uploads\/2022\/11\/logo_powerball-300x50-1.jpg\" alt=\"gagner Powerball\" width=\"300\" height=\"50\" \/>Gagner \u00e0 la loterie n&#8217;est pas une chose facile. La plupart des gens diraient que les chances sont incroyablement \u00e9lev\u00e9es. Pourtant, nous entendons parler de personnes qui ont gagn\u00e9 des sommes qui ont chang\u00e9 leur vie. Powerball Australie, en particulier, a une longue liste de gagnants de la loterie et c&#8217;est probablement en raison des chances de gagner.<\/p>\n<p>Les chances de gagner \u00e0 la loterie Powerball sont de 1 sur 70 millions. Cela signifie que litt\u00e9ralement, n&#8217;importe qui peut gagner \u00e0 la loterie Powerball.<\/p>\n<p>En outre, le Powerball comporte un total de 9 cat\u00e9gories de prix, ce qui augmente encore les chances de gagner cette loterie.<\/p>\n<h2>Les prix du Powerball<\/h2>\n<p>Le jackpot du Powerball est g\u00e9n\u00e9ralement d&#8217;une valeur moyenne de 8 millions de dollars australiens. Mais il existe plusieurs autres prix que vous pouvez gagner si vous avez les num\u00e9ros gagnants de Powerball Australie.<\/p>\n<p>Voici les cat\u00e9gories de prix et le paiement de l&#8217;un des tirages Powerball. Notez que le paiement ne sera pas le m\u00eame \u00e0 chaque tirage car les prix d\u00e9pendent de la cagnotte de la loterie. Mais ceci est juste pour vous donner une id\u00e9e de ce \u00e0 quoi vous pouvez vous attendre lorsque vous obtenez des num\u00e9ros gagnants Powerball.<\/p>\n<p>Division 1 : 7 + la Powerball &#8211; 8 000 000,00 $ (jackpot)<\/p>\n<p>Division 2 : le 7 seulement &#8211; 95 726,15 $.<\/p>\n<p>Division 3 : match 6 + la Powerball &#8211; 5 661,20<\/p>\n<p>Division 4 : match 6 seulement &#8211; $501.70<\/p>\n<p>Division 5 : match 5 + la Powerball &#8211; 166,75$.<\/p>\n<p>Division 6 : match 5 uniquement &#8211; 73,10 dollars<\/p>\n<p>Division 7 : match 4 + la Powerball &#8211; 41,60 dollars<\/p>\n<p>Division 8 : match 3 + la Powerball &#8211; $18.05<\/p>\n<p>Division 9 : match 2 + la Powerball &#8211; 10,95$.<\/p>\n<h2>Que faire si vous avez les num\u00e9ros gagnants<\/h2>\n<p>Si vous v\u00e9rifiez les r\u00e9sultats du tirage et constatez que vous avez les num\u00e9ros gagnants de la Powerball, l&#8217;\u00e9tape suivante consiste \u00e0 savoir comment acc\u00e9der \u00e0 votre gain. \u00c9tant donn\u00e9 que vous jouez au Powerball en dehors d&#8217;Oz, vous cherchez probablement un moyen pratique d&#8217;encaisser votre gain.<\/p>\n<p>Lorsque vous<a href=\"https:\/\/jackpotlotteryonline.com\/fr\/acheter-tickets\/powerball-australia\"> achetez votre billet Powerball chez nous,<\/a> vous pouvez \u00e9galement acc\u00e9der \u00e0 vos gains de n&#8217;importe o\u00f9. Pour les gains inf\u00e9rieurs \u00e0 un certain montant, il vous suffit de retirer vos gains de notre plateforme. Vous pouvez les retirer directement sur votre compte bancaire.<\/p>\n<p>Lorsque votre gain est sup\u00e9rieur au montant indiqu\u00e9, nous vous fournissons un formulaire de r\u00e9clamation \u00e0 remplir. Ainsi, vous pouvez r\u00e9clamer vos gains directement aupr\u00e8s de la soci\u00e9t\u00e9 de loterie Powerball sans aucun probl\u00e8me.<\/p>\n<section class=\"layout\" style=\"border: solid 1px; width: 100%;\">\n<div class=\"img-div\" style=\"margin-top: 5px;\"><img decoding=\"async\" class=\"wp-image-17212 alignleft\" style=\"height: 45px; margin: 8px 8px 0px;\" src=\"https:\/\/jackpotlotteryonline.com\/wp-content\/uploads\/2022\/11\/read1.jpg\" alt=\"lire\" width=\"\" height=\"\" \/><\/div>\n<div style=\"padding-left: 5px;\">\n<div style=\"font-size: 1.1em;\">\n<p><strong>Quelle voiture ach\u00e8teriez-vous si vous gagniez \u00e0 la loterie ?<\/strong><\/p>\n<p style=\"font-size: 0.85em; margin-top: -1.5em;\">Gagner \u00e0 la loterie et s&#8217;offrir une nouvelle voiture <a href=\"https:\/\/jackpotlotteryonline.com\/fr\/quelle-voiture-acheteriez-vous-si-vous-gagniez-a-la-loterie\">en savoir plus<\/a><\/p>\n<\/div>\n<\/div>\n<\/section>\n<h2>Avantages de jouer au Powerball avec Jackpotlotteryonline.com<\/h2>\n<ul>\n<li>Vous avez un acc\u00e8s rapide et imm\u00e9diat \u00e0 la loterie. Vous n&#8217;avez pas besoin de vivre en Australie pour jouer au Powerball.<\/li>\n<li>C&#8217;est tr\u00e8s pratique car vous n&#8217;avez pas besoin de quitter le confort de votre maison. V\u00e9rifiez vos num\u00e9ros gagnants depuis votre ordinateur ou votre appareil mobile.<\/li>\n<li>C&#8217;est \u00e9galement plus s\u00fbr car votre billet est stock\u00e9 num\u00e9riquement. C&#8217;est important car c&#8217;est le seul moyen de r\u00e9clamer votre gain.<\/li>\n<li>Ne manquez pas votre gain car nous vous alertons imm\u00e9diatement si vous gagnez un prix.<\/li>\n<li>Vous pouvez facilement retirer vos gains en ligne sans vous d\u00e9placer.<\/li>\n<\/ul>\n<h2>V\u00e9rifiez vos num\u00e9ros gagnants avec nous<\/h2>\n<p>Au fil du temps, nous avons consacr\u00e9 beaucoup de ressources et d&#8217;efforts pour garantir \u00e0 nos joueurs la meilleure exp\u00e9rience possible. Non seulement nous vous permettons d&#8217;acheter facilement des billets pour les meilleures loteries internationales, mais nous allons encore plus loin. Nous vous fournissons des r\u00e9sultats de tirage actualis\u00e9s afin que vous puissiez facilement v\u00e9rifier les num\u00e9ros gagnants.<\/p>\n<p>Enfin, vous n&#8217;avez pas \u00e0 vous soucier de la mani\u00e8re dont vous pourrez acc\u00e9der \u00e0 vos gains si vous remportez un prix. Nous avons pens\u00e9 \u00e0 tout pour que vous puissiez vous concentrer sur ce qui compte. Inscrivez-vous avec nous d\u00e8s aujourd&#8217;hui.<\/p>\n","protected":false},"excerpt":{"rendered":"<p>Jouer au Powerball australien est facile lorsque vous achetez vos billets en ligne. De cette fa\u00e7on, vous pouvez avoir acc\u00e8s au Powerball de n&#8217;importe o\u00f9 dans le monde. Mais, l&#8217;achat du billet n&#8217;est qu&#8217;une partie du jeu de Powerball. Vous devez \u00e9galement v\u00e9rifier les r\u00e9sultats du tirage pour conna\u00eetre les num\u00e9ros gagnants. Ainsi, vous saurez [&hellip;]<\/p>\n","protected":false},"author":1,"featured_media":0,"parent":35826,"menu_order":17,"comment_status":"closed","ping_status":"closed","template":"powerball-au-results.php","meta":{"_et_pb_use_builder":"","_et_pb_old_content":"","_et_gb_content_width":"","exclude_from_search":false,"footnotes":""},"class_list":["post-41464","page","type-page","status-publish","hentry"],"yoast_head":"<!-- This site is optimized with the Yoast SEO plugin v23.3 - https:\/\/yoast.com\/wordpress\/plugins\/seo\/ -->\n<title>Num\u00e9ros gagnants de Powerball Australie et r\u00e9sultats du tirage au sort.<\/title>\n<meta name=\"description\" content=\"Vous recherchez les num\u00e9ros gagnants de Powerball Australie ? Retrouvez les r\u00e9sultats des tirages des loteries australiennes sur ce site.\" \/>\n<meta name=\"robots\" content=\"index, follow, max-snippet:-1, max-image-preview:large, max-video-preview:-1\" \/>\n<link rel=\"canonical\" href=\"https:\/\/jackpotlotteryonline.com\/fr\/numeros-gagnants\/powerball-australia\/\" \/>\n<meta property=\"og:locale\" content=\"fr_FR\" \/>\n<meta property=\"og:type\" content=\"article\" \/>\n<meta property=\"og:title\" content=\"Num\u00e9ros gagnants de Powerball Australie et r\u00e9sultats du tirage au sort.\" \/>\n<meta property=\"og:description\" content=\"Vous recherchez les num\u00e9ros gagnants de Powerball Australie ? Retrouvez les r\u00e9sultats des tirages des loteries australiennes sur ce site.\" \/>\n<meta property=\"og:url\" content=\"https:\/\/jackpotlotteryonline.com\/fr\/numeros-gagnants\/powerball-australia\/\" \/>\n<meta property=\"og:site_name\" content=\"Lotto Online - Crack The International Lottery Jackpots\" \/>\n<meta property=\"article:modified_time\" content=\"2022-12-30T13:25:43+00:00\" \/>\n<meta property=\"og:image\" content=\"https:\/\/jackpotlotteryonline.com\/wp-content\/uploads\/2022\/11\/logo_powerball-300x50-1.jpg\" \/>\n<meta name=\"twitter:card\" content=\"summary_large_image\" \/>\n<meta name=\"twitter:label1\" content=\"Dur\u00e9e de lecture estim\u00e9e\" \/>\n\t<meta name=\"twitter:data1\" content=\"5 minutes\" \/>\n<!-- \/ Yoast SEO plugin. -->","yoast_head_json":{"title":"Num\u00e9ros gagnants de Powerball Australie et r\u00e9sultats du tirage au sort.","description":"Vous recherchez les num\u00e9ros gagnants de Powerball Australie ? Retrouvez les r\u00e9sultats des tirages des loteries australiennes sur ce site.","robots":{"index":"index","follow":"follow","max-snippet":"max-snippet:-1","max-image-preview":"max-image-preview:large","max-video-preview":"max-video-preview:-1"},"canonical":"https:\/\/jackpotlotteryonline.com\/fr\/numeros-gagnants\/powerball-australia\/","og_locale":"fr_FR","og_type":"article","og_title":"Num\u00e9ros gagnants de Powerball Australie et r\u00e9sultats du tirage au sort.","og_description":"Vous recherchez les num\u00e9ros gagnants de Powerball Australie ? Retrouvez les r\u00e9sultats des tirages des loteries australiennes sur ce site.","og_url":"https:\/\/jackpotlotteryonline.com\/fr\/numeros-gagnants\/powerball-australia\/","og_site_name":"Lotto Online - Crack The International Lottery Jackpots","article_modified_time":"2022-12-30T13:25:43+00:00","og_image":[{"url":"https:\/\/jackpotlotteryonline.com\/wp-content\/uploads\/2022\/11\/logo_powerball-300x50-1.jpg"}],"twitter_card":"summary_large_image","twitter_misc":{"Dur\u00e9e de lecture estim\u00e9e":"5 minutes"},"schema":{"@context":"https:\/\/schema.org","@graph":[{"@type":"WebPage","@id":"https:\/\/jackpotlotteryonline.com\/fr\/numeros-gagnants\/powerball-australia\/","url":"https:\/\/jackpotlotteryonline.com\/fr\/numeros-gagnants\/powerball-australia\/","name":"Num\u00e9ros gagnants de Powerball Australie et r\u00e9sultats du tirage au sort.","isPartOf":{"@id":"https:\/\/jackpotlotteryonline.com\/#website"},"primaryImageOfPage":{"@id":"https:\/\/jackpotlotteryonline.com\/fr\/numeros-gagnants\/powerball-australia\/#primaryimage"},"image":{"@id":"https:\/\/jackpotlotteryonline.com\/fr\/numeros-gagnants\/powerball-australia\/#primaryimage"},"thumbnailUrl":"https:\/\/jackpotlotteryonline.com\/wp-content\/uploads\/2022\/11\/logo_powerball-300x50-1.jpg","datePublished":"2022-12-09T12:14:25+00:00","dateModified":"2022-12-30T13:25:43+00:00","description":"Vous recherchez les num\u00e9ros gagnants de Powerball Australie ? Retrouvez les r\u00e9sultats des tirages des loteries australiennes sur ce site.","breadcrumb":{"@id":"https:\/\/jackpotlotteryonline.com\/fr\/numeros-gagnants\/powerball-australia\/#breadcrumb"},"inLanguage":"fr-FR","potentialAction":[{"@type":"ReadAction","target":["https:\/\/jackpotlotteryonline.com\/fr\/numeros-gagnants\/powerball-australia\/"]}]},{"@type":"ImageObject","inLanguage":"fr-FR","@id":"https:\/\/jackpotlotteryonline.com\/fr\/numeros-gagnants\/powerball-australia\/#primaryimage","url":"https:\/\/jackpotlotteryonline.com\/wp-content\/uploads\/2022\/11\/logo_powerball-300x50-1.jpg","contentUrl":"https:\/\/jackpotlotteryonline.com\/wp-content\/uploads\/2022\/11\/logo_powerball-300x50-1.jpg"},{"@type":"BreadcrumbList","@id":"https:\/\/jackpotlotteryonline.com\/fr\/numeros-gagnants\/powerball-australia\/#breadcrumb","itemListElement":[{"@type":"ListItem","position":1,"name":"Home","item":"https:\/\/jackpotlotteryonline.com\/fr\/"},{"@type":"ListItem","position":2,"name":"R\u00e9sultats de la loterie","item":"https:\/\/jackpotlotteryonline.com\/winning-numbers\/"},{"@type":"ListItem","position":3,"name":"R\u00e9sultats du tirage Powerball Australie"}]},{"@type":"WebSite","@id":"https:\/\/jackpotlotteryonline.com\/#website","url":"https:\/\/jackpotlotteryonline.com\/","name":"Lotto Online - Crack The International Lottery Jackpots","description":"","potentialAction":[{"@type":"SearchAction","target":{"@type":"EntryPoint","urlTemplate":"https:\/\/jackpotlotteryonline.com\/?s={search_term_string}"},"query-input":"required name=search_term_string"}],"inLanguage":"fr-FR"}]}},"_links":{"self":[{"href":"https:\/\/jackpotlotteryonline.com\/fr\/wp-json\/wp\/v2\/pages\/41464","targetHints":{"allow":["GET"]}}],"collection":[{"href":"https:\/\/jackpotlotteryonline.com\/fr\/wp-json\/wp\/v2\/pages"}],"about":[{"href":"https:\/\/jackpotlotteryonline.com\/fr\/wp-json\/wp\/v2\/types\/page"}],"author":[{"embeddable":true,"href":"https:\/\/jackpotlotteryonline.com\/fr\/wp-json\/wp\/v2\/users\/1"}],"replies":[{"embeddable":true,"href":"https:\/\/jackpotlotteryonline.com\/fr\/wp-json\/wp\/v2\/comments?post=41464"}],"version-history":[{"count":0,"href":"https:\/\/jackpotlotteryonline.com\/fr\/wp-json\/wp\/v2\/pages\/41464\/revisions"}],"up":[{"embeddable":true,"href":"https:\/\/jackpotlotteryonline.com\/fr\/wp-json\/wp\/v2\/pages\/35826"}],"wp:attachment":[{"href":"https:\/\/jackpotlotteryonline.com\/fr\/wp-json\/wp\/v2\/media?parent=41464"}],"curies":[{"name":"wp","href":"https:\/\/api.w.org\/{rel}","templated":true}]}}