{"id":41517,"date":"2022-12-09T13:55:55","date_gmt":"2022-12-09T13:55:55","guid":{"rendered":"https:\/\/jackpotlotteryonline.com\/?page_id=41517"},"modified":"2022-12-29T18:38:57","modified_gmt":"2022-12-29T18:38:57","slug":"lotto-america","status":"publish","type":"page","link":"https:\/\/jackpotlotteryonline.com\/fr\/numeros-gagnants\/lotto-america\/","title":{"rendered":"R\u00e9sultats du tirage de Lotto America"},"content":{"rendered":"<p>Lotto America est un jeu de loterie am\u00e9ricain qui a produit de nombreux millionnaires. La probabilit\u00e9 de gagner \u00e0 la loterie est fantastique, ce qui en fait un jeu attrayant pour les amateurs de loterie. Aujourd&#8217;hui, les joueurs du monde entier peuvent <a href=\"https:\/\/jackpotlotteryonline.com\/fr\/acheter-tickets\/lotto-america\">acheter des tickets en ligne pour cette loterie am\u00e9ricaine<\/a>. Ils peuvent \u00e9galement v\u00e9rifier les num\u00e9ros gagnants pour savoir s&#8217;ils ont gagn\u00e9 \u00e0 la loterie.<\/p>\n<p>Vous pouvez acheter des billets pour les principales loteries internationales sur jackpotlotteryonline.com et v\u00e9rifier les num\u00e9ros gagnants ici aussi. Et si vous vous demandez comment acc\u00e9der \u00e0 vos gains en ligne, alors continuez \u00e0 lire. Nous allons partager tous les d\u00e9tails avec vous et il deviendra rapidement \u00e9vident que jouer en ligne est la meilleure solution.<\/p>\n<h2>Jouer \u00e0 Lotto America en ligne<\/h2>\n<p><img loading=\"lazy\" decoding=\"async\" class=\"size-full wp-image-32081 alignright\" src=\"https:\/\/jackpotlotteryonline.com\/wp-content\/uploads\/2022\/11\/1_mega_lotto_win-213x300-1.jpg\" alt=\"Jouez au Lotto America en ligne\" width=\"213\" height=\"300\" \/>Nous avons mentionn\u00e9 que vous pouvez <a href=\"https:\/\/jackpotlotteryonline.com\/fr\/comment-jouer\/lotto-america-2\">jouer \u00e0 cette loterie en ligne<\/a>, et ce, quel que soit votre lieu de r\u00e9sidence. En g\u00e9n\u00e9ral, les tickets sont vendus aux \u00c9tats-Unis, mais vous pouvez \u00e9galement les acheter ici, sur jackpotlotteryonline.com.<\/p>\n<p>Il existe d&#8217;autres sites qui vendent des billets de loterie, mais ils ne permettent aux joueurs que de parier sur le r\u00e9sultat de la loterie. Cela signifie que l&#8217;achat d&#8217;un billet de loterie sur ce site ne vous donne pas acc\u00e8s \u00e0 la loterie. Ainsi, m\u00eame si vous obtenez tous les num\u00e9ros tir\u00e9s, vous ne gagnerez pas le jackpot. Le choix du site que vous utilisez est donc tr\u00e8s important.<\/p>\n<h2>\u00c9tapes pour jouer \u00e0 la loterie en ligne<\/h2>\n<p>Une fois que vous avez choisi un site, suivez les \u00e9tapes ci-dessous :<\/p>\n<ol>\n<li>Visitez le site que vous souhaitez utiliser et cliquez sur Lotto America.<\/li>\n<li>Choisissez 5 num\u00e9ros dans une fourchette de 1 \u00e0 52 (si vous n&#8217;\u00eates pas s\u00fbr des num\u00e9ros \u00e0 utiliser, essayez le g\u00e9n\u00e9rateur automatique de num\u00e9ros).<\/li>\n<li>Ensuite, choisissez un num\u00e9ro bonus (la boule \u00e9toil\u00e9e) entre 1 et 10.<\/li>\n<li>Achetez des lignes de num\u00e9ros suppl\u00e9mentaires pour augmenter vos chances de gagner.<\/li>\n<li>Participez aux tirages (vous pouvez participer \u00e0 plusieurs tirages).<\/li>\n<li>Inscrivez-vous et payez vos participations.<\/li>\n<\/ol>\n<p>Nous vous demandons de vous inscrire pour plusieurs raisons. Premi\u00e8rement, nous voulons nous assurer que votre billet num\u00e9rique est en s\u00e9curit\u00e9. Deuxi\u00e8mement, nous utilisons votre compte pour vous contacter au cas o\u00f9 vous gagneriez un prix. Nous en reparlerons plus tard.<\/p>\n<h2>Jours de tirage et jackpot de Lotto America<\/h2>\n<p>Cette loterie am\u00e9ricaine propose trois tirages hebdomadaires, le lundi, le mercredi et le samedi. Pendant les tirages, le ticket gagnant est annonc\u00e9. Pour gagner le jackpot, votre ticket devra correspondre aux six num\u00e9ros tir\u00e9s.<\/p>\n<p>Les prix du jackpot de Lotto America commencent \u00e0 2 millions de dollars et peuvent \u00eatre renouvel\u00e9s s&#8217;il n&#8217;y a pas de gagnant apr\u00e8s un tirage. Comme il est reconduit apr\u00e8s chaque tirage (s&#8217;il n&#8217;y a pas de gagnant), il peut atteindre jusqu&#8217;\u00e0 18 millions de dollars. C&#8217;est une belle somme \u00e0 gagner, non ?<\/p>\n<p>En fait, le jackpot record de Lotto America \u00e9tait de 23 millions de dollars et a \u00e9t\u00e9 remport\u00e9 par une famille en 2018.<\/p>\n<section class=\"layout\" style=\"border: solid 1px; width: 100%;\">\n<div class=\"img-div\" style=\"margin-top: 5px;\"><img decoding=\"async\" class=\"wp-image-17212 alignleft\" style=\"height: 45px; margin: 8px 8px 0px;\" src=\"https:\/\/jackpotlotteryonline.com\/wp-content\/uploads\/2022\/11\/read1.jpg\" alt=\"lire\" width=\"\" height=\"\" \/><\/div>\n<div style=\"padding-left: 5px;\">\n<div style=\"font-size: 1.1em;\">\n<p><strong>Certains gagnants du loto ont redonn\u00e9 \u00e0 la communaut\u00e9<\/strong><\/p>\n<p style=\"font-size: 0.85em; margin-top: -1.5em;\">Quelques histoires int\u00e9ressantes et r\u00e9confortantes sur des gagnants de la loterie qui redonnent de l&#8217;argent<a href=\"https:\/\/jackpotlotteryonline.com\/fr\/histoires-de-gagnants-de-la-loterie-qui-donnent-en-retour\">\u00a0en savoir plus<\/a><\/p>\n<\/div>\n<\/div>\n<\/section>\n<h2>Cat\u00e9gories de prix<\/h2>\n<p>Le jackpot est, bien s\u00fbr, le premier prix de la loterie. Mais cette loterie dispose de 9 cat\u00e9gories de prix diff\u00e9rentes, donnant aux joueurs la possibilit\u00e9 de gagner des prix int\u00e9ressants.<\/p>\n<p>M\u00eame si vous ne remportez pas le jackpot, vous pouvez repartir avec un gros gain en trouvant les num\u00e9ros gagnants des autres cat\u00e9gories. Voici la r\u00e9partition des prix ainsi que les chances de gagner dans chaque cat\u00e9gorie de prix.<\/p>\n<p>Division 1 : 5 + Star Ball &#8211; 1 sur 25 989 600 &#8211; Jackpot<\/p>\n<p>Division 2 : 5 &#8211; 1 chance sur 2 887 733 &#8211; 20 000 $.<\/p>\n<p>Division 3 : 4 + Star Ball &#8211; 1 sur 110 594 &#8211; 1 000 $.<\/p>\n<p>Division 4 : 4 &#8211; 1 sur 12 288 &#8211; 100 $.<\/p>\n<p>Division 5 : 3 + Star Ball &#8211; 1 sur 2 404 &#8211; 20 dollars<\/p>\n<p>Division 6 : 3 &#8211; 1 sur 267 &#8211; $5<\/p>\n<p>Division 7 : 2 + Star Ball &#8211; 1 sur 160 &#8211; $5<\/p>\n<p>Division 8 : 1 + Star Ball &#8211; 1 sur 29 &#8211; 2 dollars<\/p>\n<p>Division 9 : 0 + Star Ball &#8211; 1 sur 17 &#8211; 2 dollars<\/p>\n<h2>Comment v\u00e9rifier les num\u00e9ros gagnants<\/h2>\n<p>Pour v\u00e9rifier si vous avez gagn\u00e9 un prix, il suffit de revenir sur cette page apr\u00e8s les tirages. Apr\u00e8s chaque tirage, nous publions les r\u00e9sultats du tirage pour chaque cat\u00e9gorie de prix. Vous pouvez donc consulter notre page sans stress.<\/p>\n<p>En outre, si vous avez achet\u00e9 votre billet chez nous, vous vous \u00eates \u00e9galement inscrit chez nous. Cela signifie que si vous gagnez un prix, nous pouvons vous avertir par le biais de votre compte et par e-mail.<\/p>\n<p>Vous ne devez jamais manquer un gain lorsque vous achetez votre billet de loterie chez nous.<\/p>\n<h2>Encaisser votre prix<\/h2>\n<p><img loading=\"lazy\" decoding=\"async\" class=\"alignright size-full wp-image-31532\" src=\"https:\/\/jackpotlotteryonline.com\/wp-content\/uploads\/2022\/11\/lottoballs.jpg\" alt=\"Num\u00e9ros gagnants du Lotto America\" width=\"245\" height=\"123\" \/>Une question que nous entendons souvent de la part des parieurs est de savoir comment acc\u00e9der \u00e0 leurs gains lorsqu&#8217;ils participent \u00e0 Lotto America en ligne. Si vous achetez des billets de loterie sur notre site, nous vous proposons une m\u00e9thode simple et sans tracas pour r\u00e9clamer vos gains.<\/p>\n<p>Les gains d&#8217;un montant de 2 500 \u20ac seront cr\u00e9dit\u00e9s sur votre compte et vous pourrez ensuite les retirer sans frais suppl\u00e9mentaires. Les gains plus importants n\u00e9cessitent une proc\u00e9dure l\u00e9g\u00e8rement diff\u00e9rente. Pour les gains plus importants, vous devrez r\u00e9clamer le gain aupr\u00e8s de la soci\u00e9t\u00e9 de loterie. Cependant, nous vous fournirons un formulaire de r\u00e9clamation \u00e0 remplir et une fois que vous l&#8217;aurez fait, nous traiterons la r\u00e9clamation pour vous.<\/p>\n<p>La raison en est que vous devrez vous identifier. En outre, certaines soci\u00e9t\u00e9s de loterie peuvent vous demander de vous pr\u00e9senter en personne pour percevoir des sommes importantes. Si cela se produit, nous vous en informerons imm\u00e9diatement.<\/p>\n<h2>Achetez vos billets de Lotto America sur jackpotlotteryonline.com<\/h2>\n<p>Il y a tellement de raisons pour lesquelles vous devriez acheter vos billets de Lotto America chez nous. Tout d&#8217;abord, nous sommes un site de conciergerie. Cela signifie que vous pouvez vous asseoir et vous d\u00e9tendre pendant que nous nous occupons des moindres d\u00e9tails pour vous. Ainsi, nous vous aidons \u00e0 avoir acc\u00e8s aux meilleures loteries internationales comme Lotto America.<\/p>\n<p>Mais nous ne nous arr\u00eatons pas l\u00e0. Nous fournissons \u00e9galement un syst\u00e8me pour vous aider \u00e0 g\u00e9rer vos jeux de loterie. Vous pouvez litt\u00e9ralement entrer dans plusieurs loteries et tirages directement sur notre site. Pas besoin d&#8217;aller ailleurs. Nous vous proposons \u00e9galement un moyen pratique de v\u00e9rifier les r\u00e9sultats de Lotto America, en un seul endroit.<\/p>\n<p>Enfin, vous pouvez facilement v\u00e9rifier les num\u00e9ros gagnants et retirer vos gains de notre plateforme directement sur votre compte. Nous travaillons dur chaque jour pour perfectionner un syst\u00e8me transparent pour vous. Laissez-nous vous d\u00e9barrasser du stress pour que vous puissiez vous concentrer sur le plaisir. Inscrivez-vous avec nous pour jouer \u00e0 la loterie d\u00e8s aujourd&#8217;hui.<\/p>\n","protected":false},"excerpt":{"rendered":"<p>Lotto America est un jeu de loterie am\u00e9ricain qui a produit de nombreux millionnaires. La probabilit\u00e9 de gagner \u00e0 la loterie est fantastique, ce qui en fait un jeu attrayant pour les amateurs de loterie. Aujourd&#8217;hui, les joueurs du monde entier peuvent acheter des tickets en ligne pour cette loterie am\u00e9ricaine. Ils peuvent \u00e9galement v\u00e9rifier [&hellip;]<\/p>\n","protected":false},"author":1,"featured_media":0,"parent":35826,"menu_order":13,"comment_status":"closed","ping_status":"closed","template":"lotto-america-results.php","meta":{"_et_pb_use_builder":"","_et_pb_old_content":"","_et_gb_content_width":"","exclude_from_search":false,"footnotes":""},"class_list":["post-41517","page","type-page","status-publish","hentry"],"yoast_head":"<!-- This site is optimized with the Yoast SEO plugin v23.3 - https:\/\/yoast.com\/wordpress\/plugins\/seo\/ -->\n<title>Num\u00e9ros gagnants et r\u00e9sultats de tirage de Lotto America<\/title>\n<meta name=\"description\" content=\"Vous recherchez les num\u00e9ros gagnants de Lotto America ? Les r\u00e9sultats des tirages de toutes les grandes loteries am\u00e9ricaines se trouvent sur notre site web !\" \/>\n<meta name=\"robots\" content=\"index, follow, max-snippet:-1, max-image-preview:large, max-video-preview:-1\" \/>\n<link rel=\"canonical\" href=\"https:\/\/jackpotlotteryonline.com\/fr\/numeros-gagnants\/lotto-america\/\" \/>\n<meta property=\"og:locale\" content=\"fr_FR\" \/>\n<meta property=\"og:type\" content=\"article\" \/>\n<meta property=\"og:title\" content=\"Num\u00e9ros gagnants et r\u00e9sultats de tirage de Lotto America\" \/>\n<meta property=\"og:description\" content=\"Vous recherchez les num\u00e9ros gagnants de Lotto America ? Les r\u00e9sultats des tirages de toutes les grandes loteries am\u00e9ricaines se trouvent sur notre site web !\" \/>\n<meta property=\"og:url\" content=\"https:\/\/jackpotlotteryonline.com\/fr\/numeros-gagnants\/lotto-america\/\" \/>\n<meta property=\"og:site_name\" content=\"Lotto Online - Crack The International Lottery Jackpots\" \/>\n<meta property=\"article:modified_time\" content=\"2022-12-29T18:38:57+00:00\" \/>\n<meta property=\"og:image\" content=\"https:\/\/jackpotlotteryonline.com\/wp-content\/uploads\/2022\/11\/1_mega_lotto_win-213x300-1.jpg\" \/>\n<meta name=\"twitter:card\" content=\"summary_large_image\" \/>\n<meta name=\"twitter:label1\" content=\"Dur\u00e9e de lecture estim\u00e9e\" \/>\n\t<meta name=\"twitter:data1\" content=\"6 minutes\" \/>\n<!-- \/ Yoast SEO plugin. -->","yoast_head_json":{"title":"Num\u00e9ros gagnants et r\u00e9sultats de tirage de Lotto America","description":"Vous recherchez les num\u00e9ros gagnants de Lotto America ? Les r\u00e9sultats des tirages de toutes les grandes loteries am\u00e9ricaines se trouvent sur notre site web !","robots":{"index":"index","follow":"follow","max-snippet":"max-snippet:-1","max-image-preview":"max-image-preview:large","max-video-preview":"max-video-preview:-1"},"canonical":"https:\/\/jackpotlotteryonline.com\/fr\/numeros-gagnants\/lotto-america\/","og_locale":"fr_FR","og_type":"article","og_title":"Num\u00e9ros gagnants et r\u00e9sultats de tirage de Lotto America","og_description":"Vous recherchez les num\u00e9ros gagnants de Lotto America ? Les r\u00e9sultats des tirages de toutes les grandes loteries am\u00e9ricaines se trouvent sur notre site web !","og_url":"https:\/\/jackpotlotteryonline.com\/fr\/numeros-gagnants\/lotto-america\/","og_site_name":"Lotto Online - Crack The International Lottery Jackpots","article_modified_time":"2022-12-29T18:38:57+00:00","og_image":[{"url":"https:\/\/jackpotlotteryonline.com\/wp-content\/uploads\/2022\/11\/1_mega_lotto_win-213x300-1.jpg"}],"twitter_card":"summary_large_image","twitter_misc":{"Dur\u00e9e de lecture estim\u00e9e":"6 minutes"},"schema":{"@context":"https:\/\/schema.org","@graph":[{"@type":"WebPage","@id":"https:\/\/jackpotlotteryonline.com\/fr\/numeros-gagnants\/lotto-america\/","url":"https:\/\/jackpotlotteryonline.com\/fr\/numeros-gagnants\/lotto-america\/","name":"Num\u00e9ros gagnants et r\u00e9sultats de tirage de Lotto America","isPartOf":{"@id":"https:\/\/jackpotlotteryonline.com\/#website"},"primaryImageOfPage":{"@id":"https:\/\/jackpotlotteryonline.com\/fr\/numeros-gagnants\/lotto-america\/#primaryimage"},"image":{"@id":"https:\/\/jackpotlotteryonline.com\/fr\/numeros-gagnants\/lotto-america\/#primaryimage"},"thumbnailUrl":"https:\/\/jackpotlotteryonline.com\/wp-content\/uploads\/2022\/11\/1_mega_lotto_win-213x300-1.jpg","datePublished":"2022-12-09T13:55:55+00:00","dateModified":"2022-12-29T18:38:57+00:00","description":"Vous recherchez les num\u00e9ros gagnants de Lotto America ? Les r\u00e9sultats des tirages de toutes les grandes loteries am\u00e9ricaines se trouvent sur notre site web !","breadcrumb":{"@id":"https:\/\/jackpotlotteryonline.com\/fr\/numeros-gagnants\/lotto-america\/#breadcrumb"},"inLanguage":"fr-FR","potentialAction":[{"@type":"ReadAction","target":["https:\/\/jackpotlotteryonline.com\/fr\/numeros-gagnants\/lotto-america\/"]}]},{"@type":"ImageObject","inLanguage":"fr-FR","@id":"https:\/\/jackpotlotteryonline.com\/fr\/numeros-gagnants\/lotto-america\/#primaryimage","url":"https:\/\/jackpotlotteryonline.com\/wp-content\/uploads\/2022\/11\/1_mega_lotto_win-213x300-1.jpg","contentUrl":"https:\/\/jackpotlotteryonline.com\/wp-content\/uploads\/2022\/11\/1_mega_lotto_win-213x300-1.jpg"},{"@type":"BreadcrumbList","@id":"https:\/\/jackpotlotteryonline.com\/fr\/numeros-gagnants\/lotto-america\/#breadcrumb","itemListElement":[{"@type":"ListItem","position":1,"name":"Home","item":"https:\/\/jackpotlotteryonline.com\/fr\/"},{"@type":"ListItem","position":2,"name":"R\u00e9sultats de la loterie","item":"https:\/\/jackpotlotteryonline.com\/winning-numbers\/"},{"@type":"ListItem","position":3,"name":"R\u00e9sultats du tirage de Lotto America"}]},{"@type":"WebSite","@id":"https:\/\/jackpotlotteryonline.com\/#website","url":"https:\/\/jackpotlotteryonline.com\/","name":"Lotto Online - Crack The International Lottery Jackpots","description":"","potentialAction":[{"@type":"SearchAction","target":{"@type":"EntryPoint","urlTemplate":"https:\/\/jackpotlotteryonline.com\/?s={search_term_string}"},"query-input":"required name=search_term_string"}],"inLanguage":"fr-FR"}]}},"_links":{"self":[{"href":"https:\/\/jackpotlotteryonline.com\/fr\/wp-json\/wp\/v2\/pages\/41517","targetHints":{"allow":["GET"]}}],"collection":[{"href":"https:\/\/jackpotlotteryonline.com\/fr\/wp-json\/wp\/v2\/pages"}],"about":[{"href":"https:\/\/jackpotlotteryonline.com\/fr\/wp-json\/wp\/v2\/types\/page"}],"author":[{"embeddable":true,"href":"https:\/\/jackpotlotteryonline.com\/fr\/wp-json\/wp\/v2\/users\/1"}],"replies":[{"embeddable":true,"href":"https:\/\/jackpotlotteryonline.com\/fr\/wp-json\/wp\/v2\/comments?post=41517"}],"version-history":[{"count":0,"href":"https:\/\/jackpotlotteryonline.com\/fr\/wp-json\/wp\/v2\/pages\/41517\/revisions"}],"up":[{"embeddable":true,"href":"https:\/\/jackpotlotteryonline.com\/fr\/wp-json\/wp\/v2\/pages\/35826"}],"wp:attachment":[{"href":"https:\/\/jackpotlotteryonline.com\/fr\/wp-json\/wp\/v2\/media?parent=41517"}],"curies":[{"name":"wp","href":"https:\/\/api.w.org\/{rel}","templated":true}]}}