{"id":72933,"date":"2025-02-02T15:41:23","date_gmt":"2025-02-02T15:41:23","guid":{"rendered":"https:\/\/jackpotlotteryonline.com\/?page_id=72933"},"modified":"2025-02-02T15:41:23","modified_gmt":"2025-02-02T15:41:23","slug":"politique-de-confidentialite","status":"publish","type":"page","link":"https:\/\/jackpotlotteryonline.com\/fr\/politique-de-confidentialite\/","title":{"rendered":"Politique de Confidentialit\u00e9"},"content":{"rendered":"<p>La Politique de Confidentialit\u00e9 de Playlottoonline (ci-apr\u00e8s d\u00e9nomm\u00e9e &#8220;Politique de Confidentialit\u00e9&#8221;) s&#8217;applique au site Web Playlottoonline.net (ci-apr\u00e8s d\u00e9nomm\u00e9 le &#8220;Site Web&#8221;), g\u00e9r\u00e9 par LLL World Marketing Limited, situ\u00e9 \u00e0 Peiraios 30, 1er \u00e9tage, bureau 1, 2023 Strovolos, Nicosie &#8211; Chypre. En utilisant le Site Web, vous acceptez cette Politique de Confidentialit\u00e9 et les Conditions d&#8217;Utilisation.<\/p>\n<p><strong>Informations Collect\u00e9es<\/strong><\/p>\n<p><strong>Informations collect\u00e9es activement aupr\u00e8s de vous<\/strong><\/p>\n<p>Lorsque vous cr\u00e9ez un compte utilisateur, vous fournissez votre adresse e-mail, qui est utilis\u00e9e pour l&#8217;identification unique de votre compte et l&#8217;activation facultative. L&#8217;adresse e-mail est \u00e9galement utilis\u00e9e pour r\u00e9initialiser votre mot de passe.<\/p>\n<p>Nous pouvons utiliser votre adresse e-mail et votre num\u00e9ro de t\u00e9l\u00e9phone pour vous envoyer des notifications relatives au fonctionnement du Site Web (y compris les notifications l\u00e9gales), des actualit\u00e9s du Site Web, des informations sur les produits et services du Site Web, ainsi que d&#8217;autres fins de marketing, telles que des produits ou services de tiers susceptibles de vous int\u00e9resser (ci-apr\u00e8s &#8220;notifications&#8221;). Vous pouvez \u00e0 tout moment vous d\u00e9sabonner des communications marketing en utilisant le lien de d\u00e9sinscription pr\u00e9sent dans chaque e-mail envoy\u00e9, ou en nous contactant par e-mail, t\u00e9l\u00e9phone ou via le formulaire de contact.<\/p>\n<p>Apr\u00e8s la cr\u00e9ation de votre compte, vous pouvez ajouter les informations suivantes \u00e0 votre profil : pr\u00e9nom, nom de famille, adresse de r\u00e9sidence, date de naissance, num\u00e9ro de t\u00e9l\u00e9phone et fuseau horaire. Ces informations sont utilis\u00e9es pour am\u00e9liorer le processus des paiements, des d\u00e9p\u00f4ts et des retraits, pour personnaliser le Site Web (y compris les notifications) et pour g\u00e9rer les gains sup\u00e9rieurs \u00e0 2500 USD, conform\u00e9ment \u00e0 la section 3.5 des Conditions d&#8217;Utilisation.<\/p>\n<p>Nous pouvons \u00e9galement conserver un enregistrement des informations que vous avez volontairement fournies via le formulaire de contact, les appels t\u00e9l\u00e9phoniques, les envois postaux, Facebook, Twitter ou d&#8217;autres moyens de contact, tels que votre nom, votre adresse e-mail, votre num\u00e9ro de t\u00e9l\u00e9phone et votre adresse. Le nom et l&#8217;adresse e-mail sont n\u00e9cessaires pour pouvoir vous envoyer des messages via le formulaire de contact.<\/p>\n<p>Les contacts via des moyens comme Facebook ou Twitter ne sont pas consid\u00e9r\u00e9s comme une communication officielle. Nous nous r\u00e9servons le droit de ne pas r\u00e9pondre aux messages envoy\u00e9s via ces canaux, bien que nous fassions de notre mieux pour r\u00e9pondre \u00e0 ces messages. Plus d&#8217;informations sur les donn\u00e9es collect\u00e9es via les r\u00e9seaux sociaux sont disponibles dans les documents suivants :<\/p>\n<p>Facebook : Politique de Confidentialit\u00e9 et Conditions d&#8217;Utilisation;<br \/>\nTwitter : Politique de Confidentialit\u00e9 et Conditions d&#8217;Utilisation.<\/p>\n<p>Nous collectons \u00e9galement des informations de carte bancaire (num\u00e9ro, date d&#8217;expiration, nom du titulaire de la carte, code CVV) afin de traiter les paiements par carte bancaire &#8211; plus d&#8217;informations seront fournies.<\/p>\n<p><strong>Informations collect\u00e9es passivement<\/strong><\/p>\n<p>Lorsque vous utilisez le Site Web, nous collectons automatiquement certaines informations et les utilisons pour g\u00e9rer les fonctionnalit\u00e9s de base du Site Web, personnaliser le Site Web (y compris les notifications), suivre le trafic entrant et assurer la s\u00e9curit\u00e9. Cela inclut, mais sans s&#8217;y limiter, les informations suivantes :<\/p>\n<ul>\n<li>Adresse IP;<\/li>\n<li>En-t\u00eates envoy\u00e9s par le navigateur Web, notamment \u201cUser-Agent\u201d, \u201cAccept-Language\u201d et \u201cReferer\u201d, qui contiennent des informations telles que le navigateur, la version du navigateur et la langue, le type et la version du syst\u00e8me d&#8217;exploitation, ainsi que l&#8217;URL du site Web utilis\u00e9 pour acc\u00e9der \u00e0 notre site;<\/li>\n<li>Heure du syst\u00e8me;<\/li>\n<li>Requ\u00eates HTTP;<\/li>\n<li>Cookies stock\u00e9s sur le domaine playlottoonline.org ou ses sous-domaines.<\/li>\n<\/ul>\n<p>Nous pouvons \u00e9galement utiliser votre adresse IP pour collecter et traiter des informations concernant votre localisation r\u00e9elle, afin d&#8217;am\u00e9liorer le processus de mise \u00e0 jour des informations et de personnaliser le Site Web (y compris les notifications).<\/p>\n<p>Certains des informations automatiquement envoy\u00e9es par votre navigateur sont stock\u00e9es dans les fichiers journaux de notre serveur, y compris les requ\u00eates HTTP compl\u00e8tes, l&#8217;heure de leur arriv\u00e9e, l&#8217;adresse IP et les URL associ\u00e9es \u00e0 la requ\u00eate.<\/p>\n<p>Le fonctionnement du Site Web utilise \u00e9galement la mise en cache du navigateur. Cela permet d&#8217;optimiser le temps de chargement du Site Web et de faciliter son utilisation en enregistrant les informations entre les sessions, m\u00eame apr\u00e8s le red\u00e9marrage du navigateur.<\/p>\n<p>Le Site Web utilise \u00e9galement des outils pour aider \u00e0 personnaliser l&#8217;exp\u00e9rience utilisateur. Cela inclut des cookies tiers utilis\u00e9s pour collecter des informations sur l&#8217;utilisation du site Web et pour diffuser des publicit\u00e9s personnalis\u00e9es.<\/p>\n<p><strong>Services Tiers<\/strong><\/p>\n<p>Statistiques, Publicit\u00e9 et S\u00e9curit\u00e9<\/p>\n<p>Pour g\u00e9rer la s\u00e9curit\u00e9 du Site Web ainsi que collecter et analyser les informations sur son fonctionnement, nous utilisons les services tiers suivants :<\/p>\n<ul>\n<li><strong>Google Analytics<\/strong> \u2013 suivi du trafic et collecte de statistiques d\u00e9taill\u00e9es pour identifier les sources de visiteurs et analyser la performance du Site Web;<\/li>\n<li><strong>Google reCAPTCHA<\/strong> \u2013 am\u00e9lioration de la s\u00e9curit\u00e9 du Site Web pour se prot\u00e9ger contre les scripts automatiques;<\/li>\n<li><strong>Facebook Pixel<\/strong> \u2013 suivi du trafic et collecte de statistiques d\u00e9taill\u00e9es pour cr\u00e9er de meilleures campagnes publicitaires.<\/li>\n<\/ul>\n<p>Les services ci-dessus collectent et utilisent des donn\u00e9es pour leurs propres op\u00e9rations. Pour plus d&#8217;informations sur les donn\u00e9es collect\u00e9es par Google, consultez les Conditions d&#8217;Utilisation de Google et la Politique de Confidentialit\u00e9 de Google. Pour les donn\u00e9es collect\u00e9es via Facebook, consultez la Politique de Confidentialit\u00e9 de Facebook.<\/p>\n","protected":false},"excerpt":{"rendered":"<p>La Politique de Confidentialit\u00e9 de Playlottoonline (ci-apr\u00e8s d\u00e9nomm\u00e9e &#8220;Politique de Confidentialit\u00e9&#8221;) s&#8217;applique au site Web Playlottoonline.net (ci-apr\u00e8s d\u00e9nomm\u00e9 le &#8220;Site Web&#8221;), g\u00e9r\u00e9 par LLL World Marketing Limited, situ\u00e9 \u00e0 Peiraios 30, 1er \u00e9tage, bureau 1, 2023 Strovolos, Nicosie &#8211; Chypre. En utilisant le Site Web, vous acceptez cette Politique de Confidentialit\u00e9 et les Conditions d&#8217;Utilisation. [&hellip;]<\/p>\n","protected":false},"author":7,"featured_media":0,"parent":0,"menu_order":0,"comment_status":"closed","ping_status":"closed","template":"","meta":{"_et_pb_use_builder":"","_et_pb_old_content":"","_et_gb_content_width":"","exclude_from_search":false,"footnotes":""},"class_list":["post-72933","page","type-page","status-publish","hentry"],"yoast_head":"<!-- This site is optimized with the Yoast SEO plugin v23.3 - https:\/\/yoast.com\/wordpress\/plugins\/seo\/ -->\n<title>Politique de Confidentialit\u00e9 - Lotto Online - Crack The International Lottery Jackpots<\/title>\n<meta name=\"robots\" content=\"index, follow, max-snippet:-1, max-image-preview:large, max-video-preview:-1\" \/>\n<link rel=\"canonical\" href=\"https:\/\/jackpotlotteryonline.com\/privacy-policy-2\/\" \/>\n<meta property=\"og:locale\" content=\"fr_FR\" \/>\n<meta property=\"og:type\" content=\"article\" \/>\n<meta property=\"og:title\" content=\"Politique de Confidentialit\u00e9 - Lotto Online - Crack The International Lottery Jackpots\" \/>\n<meta property=\"og:description\" content=\"La Politique de Confidentialit\u00e9 de Playlottoonline (ci-apr\u00e8s d\u00e9nomm\u00e9e &#8220;Politique de Confidentialit\u00e9&#8221;) s&#8217;applique au site Web Playlottoonline.net (ci-apr\u00e8s d\u00e9nomm\u00e9 le &#8220;Site Web&#8221;), g\u00e9r\u00e9 par LLL World Marketing Limited, situ\u00e9 \u00e0 Peiraios 30, 1er \u00e9tage, bureau 1, 2023 Strovolos, Nicosie &#8211; Chypre. En utilisant le Site Web, vous acceptez cette Politique de Confidentialit\u00e9 et les Conditions d&#8217;Utilisation. [&hellip;]\" \/>\n<meta property=\"og:url\" content=\"https:\/\/jackpotlotteryonline.com\/privacy-policy-2\/\" \/>\n<meta property=\"og:site_name\" content=\"Lotto Online - Crack The International Lottery Jackpots\" \/>\n<meta name=\"twitter:card\" content=\"summary_large_image\" \/>\n<meta name=\"twitter:label1\" content=\"Dur\u00e9e de lecture estim\u00e9e\" \/>\n\t<meta name=\"twitter:data1\" content=\"4 minutes\" \/>\n<!-- \/ Yoast SEO plugin. -->","yoast_head_json":{"title":"Politique de Confidentialit\u00e9 - Lotto Online - Crack The International Lottery Jackpots","robots":{"index":"index","follow":"follow","max-snippet":"max-snippet:-1","max-image-preview":"max-image-preview:large","max-video-preview":"max-video-preview:-1"},"canonical":"https:\/\/jackpotlotteryonline.com\/privacy-policy-2\/","og_locale":"fr_FR","og_type":"article","og_title":"Politique de Confidentialit\u00e9 - Lotto Online - Crack The International Lottery Jackpots","og_description":"La Politique de Confidentialit\u00e9 de Playlottoonline (ci-apr\u00e8s d\u00e9nomm\u00e9e &#8220;Politique de Confidentialit\u00e9&#8221;) s&#8217;applique au site Web Playlottoonline.net (ci-apr\u00e8s d\u00e9nomm\u00e9 le &#8220;Site Web&#8221;), g\u00e9r\u00e9 par LLL World Marketing Limited, situ\u00e9 \u00e0 Peiraios 30, 1er \u00e9tage, bureau 1, 2023 Strovolos, Nicosie &#8211; Chypre. En utilisant le Site Web, vous acceptez cette Politique de Confidentialit\u00e9 et les Conditions d&#8217;Utilisation. [&hellip;]","og_url":"https:\/\/jackpotlotteryonline.com\/privacy-policy-2\/","og_site_name":"Lotto Online - Crack The International Lottery Jackpots","twitter_card":"summary_large_image","twitter_misc":{"Dur\u00e9e de lecture estim\u00e9e":"4 minutes"},"schema":{"@context":"https:\/\/schema.org","@graph":[{"@type":"WebPage","@id":"https:\/\/jackpotlotteryonline.com\/privacy-policy-2\/","url":"https:\/\/jackpotlotteryonline.com\/privacy-policy-2\/","name":"Politique de Confidentialit\u00e9 - Lotto Online - Crack The International Lottery Jackpots","isPartOf":{"@id":"https:\/\/jackpotlotteryonline.com\/#website"},"datePublished":"2025-02-02T15:41:23+00:00","dateModified":"2025-02-02T15:41:23+00:00","breadcrumb":{"@id":"https:\/\/jackpotlotteryonline.com\/privacy-policy-2\/#breadcrumb"},"inLanguage":"fr-FR","potentialAction":[{"@type":"ReadAction","target":["https:\/\/jackpotlotteryonline.com\/privacy-policy-2\/"]}]},{"@type":"BreadcrumbList","@id":"https:\/\/jackpotlotteryonline.com\/privacy-policy-2\/#breadcrumb","itemListElement":[{"@type":"ListItem","position":1,"name":"Home","item":"https:\/\/jackpotlotteryonline.com\/fr\/"},{"@type":"ListItem","position":2,"name":"Politique de Confidentialit\u00e9"}]},{"@type":"WebSite","@id":"https:\/\/jackpotlotteryonline.com\/#website","url":"https:\/\/jackpotlotteryonline.com\/","name":"Lotto Online - Crack The International Lottery Jackpots","description":"","potentialAction":[{"@type":"SearchAction","target":{"@type":"EntryPoint","urlTemplate":"https:\/\/jackpotlotteryonline.com\/?s={search_term_string}"},"query-input":"required name=search_term_string"}],"inLanguage":"fr-FR"}]}},"_links":{"self":[{"href":"https:\/\/jackpotlotteryonline.com\/fr\/wp-json\/wp\/v2\/pages\/72933","targetHints":{"allow":["GET"]}}],"collection":[{"href":"https:\/\/jackpotlotteryonline.com\/fr\/wp-json\/wp\/v2\/pages"}],"about":[{"href":"https:\/\/jackpotlotteryonline.com\/fr\/wp-json\/wp\/v2\/types\/page"}],"author":[{"embeddable":true,"href":"https:\/\/jackpotlotteryonline.com\/fr\/wp-json\/wp\/v2\/users\/7"}],"replies":[{"embeddable":true,"href":"https:\/\/jackpotlotteryonline.com\/fr\/wp-json\/wp\/v2\/comments?post=72933"}],"version-history":[{"count":0,"href":"https:\/\/jackpotlotteryonline.com\/fr\/wp-json\/wp\/v2\/pages\/72933\/revisions"}],"wp:attachment":[{"href":"https:\/\/jackpotlotteryonline.com\/fr\/wp-json\/wp\/v2\/media?parent=72933"}],"curies":[{"name":"wp","href":"https:\/\/api.w.org\/{rel}","templated":true}]}}