{"id":72997,"date":"2025-02-02T18:12:10","date_gmt":"2025-02-02T18:12:10","guid":{"rendered":"https:\/\/jackpotlotteryonline.com\/?page_id=72997"},"modified":"2025-02-02T18:12:10","modified_gmt":"2025-02-02T18:12:10","slug":"conditions-dutilisation","status":"publish","type":"page","link":"https:\/\/jackpotlotteryonline.com\/fr\/conditions-dutilisation\/","title":{"rendered":"Conditions d&#8217;utilisation"},"content":{"rendered":"<p>Les Conditions g\u00e9n\u00e9rales de Jackpot Lottery Online (ci-apr\u00e8s d\u00e9nomm\u00e9es les Conditions d&#8217;utilisation) s&#8217;appliquent au site Internet jackpotlotteryonline.com (ci-apr\u00e8s d\u00e9nomm\u00e9 le Site Internet) exploit\u00e9 par LLL World Marketing Limited, Peiraios 30, 1er \u00e9tage, bureau 1, 2023 Strovolos, Nicosia &#8211; Chypre.<\/p>\n<p>En affichant, en naviguant ou en utilisant le site Web de jackpotlotteryonline.com de quelque mani\u00e8re que ce soit, le joueur est soumis aux conditions d&#8217;utilisation suivantes ainsi qu&#8217;\u00e0 notre politique de confidentialit\u00e9. Si le joueur n&#8217;est pas d&#8217;accord avec l&#8217;une ou l&#8217;autre de ces conditions, nous lui demandons de cesser d&#8217;utiliser le site jackpotlotteryonline.com.<\/p>\n<p>Pour toute question concernant nos Conditions d&#8217;utilisation ou notre Politique de confidentialit\u00e9, contactez-nous par le biais de notre formulaire de contact.<\/p>\n<p>Les pr\u00e9sentes Conditions d&#8217;utilisation seront r\u00e9gies par les lois de Chypre.<\/p>\n<p>1. D\u00e9finitions<br \/>\nLoterie &#8211; Un jeu de chiffres dans le cadre duquel un tirage a lieu.<br \/>\nTirage &#8211; Un tirage d&#8217;un nombre sp\u00e9cifi\u00e9 de num\u00e9ros \u00e0 partir de plages sp\u00e9cifi\u00e9es de num\u00e9ros standard ou de num\u00e9ros standard et de num\u00e9ros bonus dans une loterie particuli\u00e8re. Les tirages ont lieu de mani\u00e8re r\u00e9p\u00e9t\u00e9e les jours et heures fix\u00e9s par l&#8217;Op\u00e9rateur d&#8217;une loterie donn\u00e9e.<br \/>\nOp\u00e9rateur &#8211; L&#8217;entit\u00e9 qui organise le tirage d&#8217;une loterie donn\u00e9e.<br \/>\nJoueur &#8211; Personne qui participe \u00e0 l&#8217;une des loteries propos\u00e9es sur jackpotlotteryonline.com.<br \/>\nBillet &#8211; Un billet \u00e9lectronique pour un tirage que le joueur s\u00e9lectionne pour une loterie particuli\u00e8re et qui contient une ou plusieurs lignes.<br \/>\nLigne &#8211; Un ensemble unique de num\u00e9ros que le Joueur a s\u00e9lectionn\u00e9 pour un tirage particulier de la Loterie. Selon la loterie, elle peut contenir un montant diff\u00e9rent et\/ou un autre groupe (d&#8217;une gamme diff\u00e9rente) pour les num\u00e9ros standard et les num\u00e9ros bonus (s&#8217;ils existent).<br \/>\nGains &#8211; Le montant gagn\u00e9 si une ligne cr\u00e9\u00e9e par un joueur correspond \u00e0 un ensemble pr\u00e9d\u00e9fini de num\u00e9ros tir\u00e9s lors d&#8217;un tirage pour lequel le billet contenant la ligne a \u00e9t\u00e9 achet\u00e9.<br \/>\nD\u00e9p\u00f4t &#8211; Fonds d\u00e9pos\u00e9s sur le compte d&#8217;un joueur afin d&#8217;\u00eatre utilis\u00e9s ult\u00e9rieurement pour acheter des billets.<br \/>\nCompte &#8211; Le compte d&#8217;utilisateur du Joueur, auquel sont affect\u00e9s les fonds du Joueur, les Billets achet\u00e9s et les donn\u00e9es du Joueur.<br \/>\n2. Informations g\u00e9n\u00e9rales<br \/>\n2.1 Le site Internet jackpotlotteryonline.com permet d&#8217;acc\u00e9der aux loteries par le biais d&#8217;une plateforme en ligne.<br \/>\n2.2 Les Joueurs doivent \u00eatre \u00e2g\u00e9s d&#8217;au moins 18 ans pour utiliser le Site Internet.<br \/>\n2.3 Il est de la responsabilit\u00e9 du joueur de v\u00e9rifier si la participation aux loteries en ligne est l\u00e9gale dans sa juridiction.<br \/>\n2.4 La soci\u00e9t\u00e9 LLL World Marketing Limited n&#8217;est pas un op\u00e9rateur officiel de loterie. Les services fournis sont li\u00e9s \u00e0 l&#8217;acc\u00e8s aux billets de loterie.<\/p>\n<p>3. Compte d&#8217;utilisateur<br \/>\n3.1 Les joueurs doivent cr\u00e9er un compte sur jackpotlotteryonline.com pour acheter des billets.<br \/>\n3.2 Les donn\u00e9es personnelles fournies lors de l&#8217;inscription doivent \u00eatre exactes. Toute information fausse ou trompeuse peut entra\u00eener la suspension ou la r\u00e9siliation du compte.<br \/>\n3.3 Les joueurs sont responsables du maintien de la confidentialit\u00e9 de leurs identifiants de connexion. La Soci\u00e9t\u00e9 ne sera pas responsable des acc\u00e8s non autoris\u00e9s dus \u00e0 la n\u00e9gligence.<\/p>\n<p>4. D\u00e9p\u00f4ts et paiements<br \/>\n4.1 Les d\u00e9p\u00f4ts peuvent \u00eatre effectu\u00e9s par le biais des m\u00e9thodes de paiement disponibles sur le site jackpotlotteryonline.com.<br \/>\n4.2 Les Joueurs sont tenus de s&#8217;assurer qu&#8217;ils disposent de fonds suffisants sur leur Compte pour acheter des Billets.<br \/>\n4.3 Tous les paiements sont trait\u00e9s de mani\u00e8re s\u00e9curis\u00e9e. La Soci\u00e9t\u00e9 se r\u00e9serve le droit de demander des v\u00e9rifications suppl\u00e9mentaires si n\u00e9cessaire.<\/p>\n<p>5. Achat de Billets<br \/>\n5.1 Les Joueurs peuvent acheter des Billets pour les diff\u00e9rentes loteries propos\u00e9es sur le site jackpotlotteryonline.com.<br \/>\n5.2 Les billets ne sont consid\u00e9r\u00e9s comme valides qu&#8217;apr\u00e8s confirmation du paiement.<\/p>\n<p>6. Gains<br \/>\n6.1 Les gains sont calcul\u00e9s en fonction de la correspondance entre les num\u00e9ros s\u00e9lectionn\u00e9s par le Joueur et les num\u00e9ros tir\u00e9s au sort par l&#8217;Op\u00e9rateur de loterie officiel.<br \/>\n6.2 La Soci\u00e9t\u00e9 fera tout son possible pour distribuer les gains au Joueur rapidement.<br \/>\n6.3 Les gains importants peuvent n\u00e9cessiter une v\u00e9rification d&#8217;identit\u00e9 suppl\u00e9mentaire avant d&#8217;\u00eatre remis au Joueur.<\/p>\n<p>7. Limitation de responsabilit\u00e9<br \/>\n7.1 La Soci\u00e9t\u00e9 n&#8217;est pas responsable des erreurs techniques ou des perturbations pouvant survenir lors de l&#8217;utilisation du site jackpotlotteryonline.com.<br \/>\n7.2 La Soci\u00e9t\u00e9 ne peut en aucun cas \u00eatre tenue responsable des dommages indirects, accessoires ou cons\u00e9cutifs r\u00e9sultant de l&#8217;utilisation du Site Internet.<\/p>\n<p>8. R\u00e9siliation<br \/>\n8.1 La Soci\u00e9t\u00e9 se r\u00e9serve le droit de r\u00e9silier ou de suspendre le Compte d&#8217;un Joueur en cas de violation des Conditions d&#8217;utilisation.<br \/>\n8.2 Les joueurs peuvent demander la fermeture de leur compte \u00e0 tout moment en contactant l&#8217;assistance via le formulaire de contact.<\/p>\n<p>9. Loi applicable<br \/>\n9.1 Les pr\u00e9sentes Conditions d&#8217;utilisation sont r\u00e9gies et interpr\u00e9t\u00e9es conform\u00e9ment aux lois de Chypre.<\/p>\n<p>En utilisant le site jackpotlotteryonline.com, le joueur accepte de se conformer \u00e0 toutes les conditions d&#8217;utilisation susmentionn\u00e9es.<\/p>\n","protected":false},"excerpt":{"rendered":"<p>Les Conditions g\u00e9n\u00e9rales de Jackpot Lottery Online (ci-apr\u00e8s d\u00e9nomm\u00e9es les Conditions d&#8217;utilisation) s&#8217;appliquent au site Internet jackpotlotteryonline.com (ci-apr\u00e8s d\u00e9nomm\u00e9 le Site Internet) exploit\u00e9 par LLL World Marketing Limited, Peiraios 30, 1er \u00e9tage, bureau 1, 2023 Strovolos, Nicosia &#8211; Chypre. En affichant, en naviguant ou en utilisant le site Web de jackpotlotteryonline.com de quelque mani\u00e8re que [&hellip;]<\/p>\n","protected":false},"author":7,"featured_media":0,"parent":0,"menu_order":0,"comment_status":"closed","ping_status":"closed","template":"","meta":{"_et_pb_use_builder":"","_et_pb_old_content":"","_et_gb_content_width":"","exclude_from_search":false,"footnotes":""},"class_list":["post-72997","page","type-page","status-publish","hentry"],"yoast_head":"<!-- This site is optimized with the Yoast SEO plugin v23.3 - https:\/\/yoast.com\/wordpress\/plugins\/seo\/ -->\n<title>Conditions d&#039;utilisation - Lotto Online - Crack The International Lottery Jackpots<\/title>\n<meta name=\"robots\" content=\"index, follow, max-snippet:-1, max-image-preview:large, max-video-preview:-1\" \/>\n<link rel=\"canonical\" href=\"https:\/\/jackpotlotteryonline.com\/fr\/conditions-dutilisation\/\" \/>\n<meta property=\"og:locale\" content=\"fr_FR\" \/>\n<meta property=\"og:type\" content=\"article\" \/>\n<meta property=\"og:title\" content=\"Conditions d&#039;utilisation - Lotto Online - Crack The International Lottery Jackpots\" \/>\n<meta property=\"og:description\" content=\"Les Conditions g\u00e9n\u00e9rales de Jackpot Lottery Online (ci-apr\u00e8s d\u00e9nomm\u00e9es les Conditions d&#8217;utilisation) s&#8217;appliquent au site Internet jackpotlotteryonline.com (ci-apr\u00e8s d\u00e9nomm\u00e9 le Site Internet) exploit\u00e9 par LLL World Marketing Limited, Peiraios 30, 1er \u00e9tage, bureau 1, 2023 Strovolos, Nicosia &#8211; Chypre. En affichant, en naviguant ou en utilisant le site Web de jackpotlotteryonline.com de quelque mani\u00e8re que [&hellip;]\" \/>\n<meta property=\"og:url\" content=\"https:\/\/jackpotlotteryonline.com\/fr\/conditions-dutilisation\/\" \/>\n<meta property=\"og:site_name\" content=\"Lotto Online - Crack The International Lottery Jackpots\" \/>\n<meta name=\"twitter:card\" content=\"summary_large_image\" \/>\n<meta name=\"twitter:label1\" content=\"Dur\u00e9e de lecture estim\u00e9e\" \/>\n\t<meta name=\"twitter:data1\" content=\"4 minutes\" \/>\n<!-- \/ Yoast SEO plugin. -->","yoast_head_json":{"title":"Conditions d'utilisation - Lotto Online - Crack The International Lottery Jackpots","robots":{"index":"index","follow":"follow","max-snippet":"max-snippet:-1","max-image-preview":"max-image-preview:large","max-video-preview":"max-video-preview:-1"},"canonical":"https:\/\/jackpotlotteryonline.com\/fr\/conditions-dutilisation\/","og_locale":"fr_FR","og_type":"article","og_title":"Conditions d'utilisation - Lotto Online - Crack The International Lottery Jackpots","og_description":"Les Conditions g\u00e9n\u00e9rales de Jackpot Lottery Online (ci-apr\u00e8s d\u00e9nomm\u00e9es les Conditions d&#8217;utilisation) s&#8217;appliquent au site Internet jackpotlotteryonline.com (ci-apr\u00e8s d\u00e9nomm\u00e9 le Site Internet) exploit\u00e9 par LLL World Marketing Limited, Peiraios 30, 1er \u00e9tage, bureau 1, 2023 Strovolos, Nicosia &#8211; Chypre. En affichant, en naviguant ou en utilisant le site Web de jackpotlotteryonline.com de quelque mani\u00e8re que [&hellip;]","og_url":"https:\/\/jackpotlotteryonline.com\/fr\/conditions-dutilisation\/","og_site_name":"Lotto Online - Crack The International Lottery Jackpots","twitter_card":"summary_large_image","twitter_misc":{"Dur\u00e9e de lecture estim\u00e9e":"4 minutes"},"schema":{"@context":"https:\/\/schema.org","@graph":[{"@type":"WebPage","@id":"https:\/\/jackpotlotteryonline.com\/fr\/conditions-dutilisation\/","url":"https:\/\/jackpotlotteryonline.com\/fr\/conditions-dutilisation\/","name":"Conditions d'utilisation - Lotto Online - Crack The International Lottery Jackpots","isPartOf":{"@id":"https:\/\/jackpotlotteryonline.com\/#website"},"datePublished":"2025-02-02T18:12:10+00:00","dateModified":"2025-02-02T18:12:10+00:00","breadcrumb":{"@id":"https:\/\/jackpotlotteryonline.com\/fr\/conditions-dutilisation\/#breadcrumb"},"inLanguage":"fr-FR","potentialAction":[{"@type":"ReadAction","target":["https:\/\/jackpotlotteryonline.com\/fr\/conditions-dutilisation\/"]}]},{"@type":"BreadcrumbList","@id":"https:\/\/jackpotlotteryonline.com\/fr\/conditions-dutilisation\/#breadcrumb","itemListElement":[{"@type":"ListItem","position":1,"name":"Home","item":"https:\/\/jackpotlotteryonline.com\/fr\/"},{"@type":"ListItem","position":2,"name":"Conditions d&rsquo;utilisation"}]},{"@type":"WebSite","@id":"https:\/\/jackpotlotteryonline.com\/#website","url":"https:\/\/jackpotlotteryonline.com\/","name":"Lotto Online - Crack The International Lottery Jackpots","description":"","potentialAction":[{"@type":"SearchAction","target":{"@type":"EntryPoint","urlTemplate":"https:\/\/jackpotlotteryonline.com\/?s={search_term_string}"},"query-input":"required name=search_term_string"}],"inLanguage":"fr-FR"}]}},"_links":{"self":[{"href":"https:\/\/jackpotlotteryonline.com\/fr\/wp-json\/wp\/v2\/pages\/72997","targetHints":{"allow":["GET"]}}],"collection":[{"href":"https:\/\/jackpotlotteryonline.com\/fr\/wp-json\/wp\/v2\/pages"}],"about":[{"href":"https:\/\/jackpotlotteryonline.com\/fr\/wp-json\/wp\/v2\/types\/page"}],"author":[{"embeddable":true,"href":"https:\/\/jackpotlotteryonline.com\/fr\/wp-json\/wp\/v2\/users\/7"}],"replies":[{"embeddable":true,"href":"https:\/\/jackpotlotteryonline.com\/fr\/wp-json\/wp\/v2\/comments?post=72997"}],"version-history":[{"count":0,"href":"https:\/\/jackpotlotteryonline.com\/fr\/wp-json\/wp\/v2\/pages\/72997\/revisions"}],"wp:attachment":[{"href":"https:\/\/jackpotlotteryonline.com\/fr\/wp-json\/wp\/v2\/media?parent=72997"}],"curies":[{"name":"wp","href":"https:\/\/api.w.org\/{rel}","templated":true}]}}