{"id":77590,"date":"2025-03-21T17:25:18","date_gmt":"2025-03-21T17:25:18","guid":{"rendered":"https:\/\/jackpotlotteryonline.com\/?page_id=77590"},"modified":"2025-03-21T17:25:18","modified_gmt":"2025-03-21T17:25:18","slug":"ou-acheter-des-billets-de-loterie-de-new-york-hors-des-etats-unis","status":"publish","type":"page","link":"https:\/\/jackpotlotteryonline.com\/fr\/acheter-tickets\/ou-acheter-des-billets-de-loterie-de-new-york-hors-des-etats-unis\/","title":{"rendered":"O\u00f9 acheter des billets de loterie de New York hors des \u00c9tats-Unis ?"},"content":{"rendered":"<p>Les jackpots new-yorkais sont absolument colossaux, presque l\u00e9gendaires. Le monde entier les courtise\u00a0! Et ceux qui ne r\u00e9sident pas aux \u00c9tats-Unis\u00a0? Peut-on acheter des billets de loterie de New York depuis l&#8217;ext\u00e9rieur des \u00c9tats-Unis\u00a0? Absolument\u00a0! Devinez quoi\u00a0? JackpotLottery vous permet d&#8217;obtenir de vrais billets de loterie de New York en ligne, o\u00f9 que vous soyez sur la plan\u00e8te\u00a0!<\/p>\n<h2>Peut-on acheter des billets de loterie de New York depuis l&#8217;ext\u00e9rieur des \u00c9tats-Unis\u00a0?<\/h2>\n<p>Tout \u00e0 fait\u00a0! Ainsi, m\u00eame si vous n&#8217;\u00eates pas \u00e0 New York ou m\u00eame aux \u00c9tats-Unis, vous pouvez toujours participer \u00e0 la loterie de New York. Avec JackpotLottery, les joueurs internationaux peuvent acheter des billets de loterie en toute s\u00e9curit\u00e9, o\u00f9 qu&#8217;ils soient. Cela uniformise les r\u00e8gles du jeu et vous offre les m\u00eames chances de gagner qu&#8217;en achetant un billet en personne. En gros, avec JackpotLottery, quelqu&#8217;un ach\u00e8te votre billet pour vous, comme un acheteur personnel. Vous recevrez une copie scann\u00e9e de votre billet officiel sur votre compte, prouvant ainsi votre achat et renfor\u00e7ant votre s\u00e9curit\u00e9.<\/p>\n<h3>Comment acheter des billets de loterie de New York en ligne avec JackpotLottery<img loading=\"lazy\" decoding=\"async\" class=\" wp-image-29318 alignright\" src=\"https:\/\/jackpotlotteryonline.com\/wp-content\/uploads\/2022\/11\/1_play_onlinelottery4-300x200.jpg\" alt=\"Peut-on acheter des billets de loterie de New York depuis l'ext\u00e9rieur des \u00c9tats-Unis ?\" width=\"262\" height=\"174\" srcset=\"https:\/\/jackpotlotteryonline.com\/wp-content\/uploads\/2022\/11\/1_play_onlinelottery4-300x200.jpg 300w, https:\/\/jackpotlotteryonline.com\/wp-content\/uploads\/2022\/11\/1_play_onlinelottery4.jpg 320w\" sizes=\"auto, (max-width: 262px) 100vw, 262px\" \/><\/h3>\n<p>Jouer \u00e0 la loterie de New York \u00e0 l&#8217;international est tr\u00e8s accessible gr\u00e2ce \u00e0 Jackpotlottery. Ces instructions simples vous guideront\u00a0:<\/p>\n<p>1. Commencez par vous inscrire. Commencez sur JackpotLottery en saisissant vos informations et en v\u00e9rifiant votre identit\u00e9 d\u00e8s maintenant. Ainsi, tout est s\u00e9curis\u00e9 et vous n&#8217;aurez aucun mal \u00e0 r\u00e9cup\u00e9rer vos gains.<br \/>\n2. Dans la section Loteries, choisissez la Loterie de New York. Si vous visez le gros lot, le Loto de New York est une option tr\u00e8s populaire.<br \/>\n3. Choisissez ensuite vos num\u00e9ros. Vous pouvez s\u00e9lectionner manuellement six num\u00e9ros de 1 \u00e0 59, ou utiliser la fonction S\u00e9lection rapide pour que le syst\u00e8me les g\u00e9n\u00e8re al\u00e9atoirement.<br \/>\n4. Proc\u00e9dez \u00e0 l&#8217;achat du ticket. Choisissez parmi nos modes de paiement pour acheter votre ticket en toute simplicit\u00e9. Une fois l&#8217;achat confirm\u00e9, JackpotLottery proc\u00e9dera \u00e0 l&#8217;acquisition d&#8217;un ticket officiel \u00e0 votre nom.<\/p>\n<p>5. Consultez les r\u00e9sultats du tirage.<br \/>\nSachez imm\u00e9diatement si vous avez d\u00e9croch\u00e9 le jackpot.<br \/>\n6. Garantie de paiement v\u00e9rifi\u00e9<br \/>\nLes petits gains sont vers\u00e9s directement sur votre compte, et pour les gros gains, JackpotLottery s&#8217;occupe de tout.<\/p>\n<p><strong>Jouez \u00e0 la Loterie de New York d\u00e8s aujourd&#8217;hui<\/strong><br \/>\nMaintenant que vous savez comment jouer depuis l&#8217;\u00e9tranger, tentez de gagner gros \u00e0 la Loterie de New York. Plongez dans l&#8217;action ! Inscrivez-vous sur JackpotLottery, prenez votre ticket et participez au tirage palpitant de la loterie am\u00e9ricaine ! Il ne vous reste plus qu&#8217;un ticket pour r\u00e9aliser votre r\u00eave de jackpot.<\/p>\n","protected":false},"excerpt":{"rendered":"<p>Les jackpots new-yorkais sont absolument colossaux, presque l\u00e9gendaires. Le monde entier les courtise\u00a0! Et ceux qui ne r\u00e9sident pas aux \u00c9tats-Unis\u00a0? Peut-on acheter des billets de loterie de New York depuis l&#8217;ext\u00e9rieur des \u00c9tats-Unis\u00a0? Absolument\u00a0! Devinez quoi\u00a0? JackpotLottery vous permet d&#8217;obtenir de vrais billets de loterie de New York en ligne, o\u00f9 que vous soyez [&hellip;]<\/p>\n","protected":false},"author":7,"featured_media":0,"parent":35751,"menu_order":0,"comment_status":"closed","ping_status":"closed","template":"","meta":{"_et_pb_use_builder":"","_et_pb_old_content":"","_et_gb_content_width":"","exclude_from_search":false,"footnotes":""},"class_list":["post-77590","page","type-page","status-publish","hentry"],"yoast_head":"<!-- This site is optimized with the Yoast SEO plugin v23.3 - https:\/\/yoast.com\/wordpress\/plugins\/seo\/ -->\n<title>Peut-on acheter des billets de loterie de New York depuis l&#039;ext\u00e9rieur des \u00c9tats-Unis\u00a0?<\/title>\n<meta name=\"description\" content=\"Vous vous demandez si vous pouvez acheter des billets de loterie de New York depuis l&#039;ext\u00e9rieur des \u00c9tats-Unis\u00a0? D\u00e9couvrez les meilleures fa\u00e7ons de jouer en ligne et de remporter vos gains \u00e0 l&#039;international\u00a0!\" \/>\n<meta name=\"robots\" content=\"index, follow, max-snippet:-1, max-image-preview:large, max-video-preview:-1\" \/>\n<link rel=\"canonical\" href=\"https:\/\/jackpotlotteryonline.com\/where-can-you-buy-new-york-lottery-tickets-outside-the-usa\/\" \/>\n<meta property=\"og:locale\" content=\"fr_FR\" \/>\n<meta property=\"og:type\" content=\"article\" \/>\n<meta property=\"og:title\" content=\"Peut-on acheter des billets de loterie de New York depuis l&#039;ext\u00e9rieur des \u00c9tats-Unis\u00a0?\" \/>\n<meta property=\"og:description\" content=\"Vous vous demandez si vous pouvez acheter des billets de loterie de New York depuis l&#039;ext\u00e9rieur des \u00c9tats-Unis\u00a0? D\u00e9couvrez les meilleures fa\u00e7ons de jouer en ligne et de remporter vos gains \u00e0 l&#039;international\u00a0!\" \/>\n<meta property=\"og:url\" content=\"https:\/\/jackpotlotteryonline.com\/where-can-you-buy-new-york-lottery-tickets-outside-the-usa\/\" \/>\n<meta property=\"og:site_name\" content=\"Lotto Online - Crack The International Lottery Jackpots\" \/>\n<meta property=\"og:image\" content=\"https:\/\/jackpotlotteryonline.com\/wp-content\/uploads\/2022\/11\/1_play_onlinelottery4-300x200.jpg\" \/>\n<meta name=\"twitter:card\" content=\"summary_large_image\" \/>\n<!-- \/ Yoast SEO plugin. -->","yoast_head_json":{"title":"Peut-on acheter des billets de loterie de New York depuis l'ext\u00e9rieur des \u00c9tats-Unis\u00a0?","description":"Vous vous demandez si vous pouvez acheter des billets de loterie de New York depuis l'ext\u00e9rieur des \u00c9tats-Unis\u00a0? D\u00e9couvrez les meilleures fa\u00e7ons de jouer en ligne et de remporter vos gains \u00e0 l'international\u00a0!","robots":{"index":"index","follow":"follow","max-snippet":"max-snippet:-1","max-image-preview":"max-image-preview:large","max-video-preview":"max-video-preview:-1"},"canonical":"https:\/\/jackpotlotteryonline.com\/where-can-you-buy-new-york-lottery-tickets-outside-the-usa\/","og_locale":"fr_FR","og_type":"article","og_title":"Peut-on acheter des billets de loterie de New York depuis l'ext\u00e9rieur des \u00c9tats-Unis\u00a0?","og_description":"Vous vous demandez si vous pouvez acheter des billets de loterie de New York depuis l'ext\u00e9rieur des \u00c9tats-Unis\u00a0? D\u00e9couvrez les meilleures fa\u00e7ons de jouer en ligne et de remporter vos gains \u00e0 l'international\u00a0!","og_url":"https:\/\/jackpotlotteryonline.com\/where-can-you-buy-new-york-lottery-tickets-outside-the-usa\/","og_site_name":"Lotto Online - Crack The International Lottery Jackpots","og_image":[{"url":"https:\/\/jackpotlotteryonline.com\/wp-content\/uploads\/2022\/11\/1_play_onlinelottery4-300x200.jpg"}],"twitter_card":"summary_large_image","schema":{"@context":"https:\/\/schema.org","@graph":[{"@type":"WebPage","@id":"https:\/\/jackpotlotteryonline.com\/where-can-you-buy-new-york-lottery-tickets-outside-the-usa\/","url":"https:\/\/jackpotlotteryonline.com\/where-can-you-buy-new-york-lottery-tickets-outside-the-usa\/","name":"Peut-on acheter des billets de loterie de New York depuis l'ext\u00e9rieur des \u00c9tats-Unis\u00a0?","isPartOf":{"@id":"https:\/\/jackpotlotteryonline.com\/#website"},"primaryImageOfPage":{"@id":"https:\/\/jackpotlotteryonline.com\/where-can-you-buy-new-york-lottery-tickets-outside-the-usa\/#primaryimage"},"image":{"@id":"https:\/\/jackpotlotteryonline.com\/where-can-you-buy-new-york-lottery-tickets-outside-the-usa\/#primaryimage"},"thumbnailUrl":"https:\/\/jackpotlotteryonline.com\/wp-content\/uploads\/2022\/11\/1_play_onlinelottery4-300x200.jpg","datePublished":"2025-03-21T17:25:18+00:00","dateModified":"2025-03-21T17:25:18+00:00","description":"Vous vous demandez si vous pouvez acheter des billets de loterie de New York depuis l'ext\u00e9rieur des \u00c9tats-Unis\u00a0? D\u00e9couvrez les meilleures fa\u00e7ons de jouer en ligne et de remporter vos gains \u00e0 l'international\u00a0!","breadcrumb":{"@id":"https:\/\/jackpotlotteryonline.com\/where-can-you-buy-new-york-lottery-tickets-outside-the-usa\/#breadcrumb"},"inLanguage":"fr-FR","potentialAction":[{"@type":"ReadAction","target":["https:\/\/jackpotlotteryonline.com\/where-can-you-buy-new-york-lottery-tickets-outside-the-usa\/"]}]},{"@type":"ImageObject","inLanguage":"fr-FR","@id":"https:\/\/jackpotlotteryonline.com\/where-can-you-buy-new-york-lottery-tickets-outside-the-usa\/#primaryimage","url":"https:\/\/jackpotlotteryonline.com\/wp-content\/uploads\/2022\/11\/1_play_onlinelottery4-300x200.jpg","contentUrl":"https:\/\/jackpotlotteryonline.com\/wp-content\/uploads\/2022\/11\/1_play_onlinelottery4-300x200.jpg"},{"@type":"BreadcrumbList","@id":"https:\/\/jackpotlotteryonline.com\/where-can-you-buy-new-york-lottery-tickets-outside-the-usa\/#breadcrumb","itemListElement":[{"@type":"ListItem","position":1,"name":"Home","item":"https:\/\/jackpotlotteryonline.com\/fr\/"},{"@type":"ListItem","position":2,"name":"O\u00f9 acheter des billets de loterie de New York hors des \u00c9tats-Unis ?"}]},{"@type":"WebSite","@id":"https:\/\/jackpotlotteryonline.com\/#website","url":"https:\/\/jackpotlotteryonline.com\/","name":"Lotto Online - Crack The International Lottery Jackpots","description":"","potentialAction":[{"@type":"SearchAction","target":{"@type":"EntryPoint","urlTemplate":"https:\/\/jackpotlotteryonline.com\/?s={search_term_string}"},"query-input":"required name=search_term_string"}],"inLanguage":"fr-FR"}]}},"_links":{"self":[{"href":"https:\/\/jackpotlotteryonline.com\/fr\/wp-json\/wp\/v2\/pages\/77590","targetHints":{"allow":["GET"]}}],"collection":[{"href":"https:\/\/jackpotlotteryonline.com\/fr\/wp-json\/wp\/v2\/pages"}],"about":[{"href":"https:\/\/jackpotlotteryonline.com\/fr\/wp-json\/wp\/v2\/types\/page"}],"author":[{"embeddable":true,"href":"https:\/\/jackpotlotteryonline.com\/fr\/wp-json\/wp\/v2\/users\/7"}],"replies":[{"embeddable":true,"href":"https:\/\/jackpotlotteryonline.com\/fr\/wp-json\/wp\/v2\/comments?post=77590"}],"version-history":[{"count":1,"href":"https:\/\/jackpotlotteryonline.com\/fr\/wp-json\/wp\/v2\/pages\/77590\/revisions"}],"predecessor-version":[{"id":77591,"href":"https:\/\/jackpotlotteryonline.com\/fr\/wp-json\/wp\/v2\/pages\/77590\/revisions\/77591"}],"up":[{"embeddable":true,"href":"https:\/\/jackpotlotteryonline.com\/fr\/wp-json\/wp\/v2\/pages\/35751"}],"wp:attachment":[{"href":"https:\/\/jackpotlotteryonline.com\/fr\/wp-json\/wp\/v2\/media?parent=77590"}],"curies":[{"name":"wp","href":"https:\/\/api.w.org\/{rel}","templated":true}]}}