{"id":77669,"date":"2025-03-22T07:33:56","date_gmt":"2025-03-22T07:33:56","guid":{"rendered":"https:\/\/jackpotlotteryonline.com\/?page_id=77669"},"modified":"2025-03-22T07:33:56","modified_gmt":"2025-03-22T07:33:56","slug":"decouvrez-les-resultats-de-la-loterie-de-new-york-daujourdhui","status":"publish","type":"page","link":"https:\/\/jackpotlotteryonline.com\/fr\/numeros-gagnants\/decouvrez-les-resultats-de-la-loterie-de-new-york-daujourdhui\/","title":{"rendered":"D\u00e9couvrez les r\u00e9sultats de la loterie de New York d&#8217;aujourd&#8217;hui"},"content":{"rendered":"<p>La loterie de New York est toujours un sujet d&#8217;int\u00e9r\u00eat pour les gens, impatients de conna\u00eetre le dernier tirage. Si vous avez besoin des num\u00e9ros de la loterie de New York d&#8217;aujourd&#8217;hui, vous \u00eates au bon endroit. Consulter vos num\u00e9ros de la loterie de New York est simple et rapide, en quelques clics seulement.<\/p>\n<h2>O\u00f9 puis-je consulter les r\u00e9sultats de la loterie de New York d&#8217;aujourd&#8217;hui\u00a0?<\/h2>\n<p>Consulter les r\u00e9sultats de la loterie de New York d&#8217;aujourd&#8217;hui est simple et pratique. Voici o\u00f9 trouver les num\u00e9ros gagnants\u00a0:<\/p>\n<p>Faire confiance \u00e0 JackpotLottery pour obtenir les r\u00e9sultats de loterie les plus r\u00e9cents et acheter des billets directement en ligne. Les r\u00e9sultats sont g\u00e9n\u00e9ralement disponibles sur cette plateforme d\u00e8s leur annonce. De plus, vous serez imm\u00e9diatement averti en cas de gain, vous \u00e9vitant ainsi de perdre vos gains.<\/p>\n<p><strong>Quand ont lieu les tirages de la loterie de New York\u00a0?<img loading=\"lazy\" decoding=\"async\" class=\" wp-image-51568 alignright\" src=\"https:\/\/jackpotlotteryonline.com\/wp-content\/uploads\/2023\/09\/8.png\" alt=\"O\u00f9 puis-je voir les r\u00e9sultats de la loterie de New York d'aujourd'hui\u00a0?\" width=\"233\" height=\"233\" srcset=\"https:\/\/jackpotlotteryonline.com\/wp-content\/uploads\/2023\/09\/8.png 300w, https:\/\/jackpotlotteryonline.com\/wp-content\/uploads\/2023\/09\/8-100x100.png 100w, https:\/\/jackpotlotteryonline.com\/wp-content\/uploads\/2023\/09\/8-150x150.png 150w\" sizes=\"auto, (max-width: 233px) 100vw, 233px\" \/><\/strong><\/p>\n<p>Vous pouvez suivre le tirage du New York Lotto tous les mercredis et samedis \u00e0 23h21 (heure de l&#8217;Est). En utilisant cette plateforme, vous serez toujours inform\u00e9. Le compte \u00e0 rebours avant le tirage est toujours affich\u00e9 \u00e0 c\u00f4t\u00e9 de la loterie.<\/p>\n<h3>Comment v\u00e9rifier si vous avez gagn\u00e9 \u00e0 la loterie de New York<\/h3>\n<ul>\n<li>Une fois les r\u00e9sultats de la loterie de New York obtenus aujourd&#8217;hui, ces \u00e9tapes vous guideront pour v\u00e9rifier votre billet.<\/li>\n<li>Comparez vos num\u00e9ros\u00a0: v\u00e9rifiez si les num\u00e9ros que vous avez choisis correspondent aux num\u00e9ros tir\u00e9s.<\/li>\n<li>V\u00e9rifiez si vous avez des bonus\u00a0: certains jeux proposent des num\u00e9ros bonus et des multiplicateurs.<\/li>\n<li>Pour r\u00e9clamer vos gains, suivez notre proc\u00e9dure de r\u00e9clamation, qui varie en fonction du montant du gain et peut impliquer des r\u00e9clamations en ligne pour les petites sommes ou une v\u00e9rification en personne pour les gros jackpots.<\/li>\n<\/ul>\n<h2>Conseils pour les gagnants de la loterie de New York<\/h2>\n<p>Si vous gagnez \u00e0 la loterie, votre vie est sur le point de changer. Il est donc essentiel de bien faire les choses. <\/p>\n<ul>\n<li>Gardez la t\u00eate froide et v\u00e9rifiez\u00a0: Assurez-vous que votre ticket correspond aux num\u00e9ros officiels avant de faire la f\u00eate.<\/li>\n<li>D\u00e9cidez comment vous souhaitez recevoir vos gains\u00a0: Les jackpots sont g\u00e9n\u00e9ralement vers\u00e9s en un seul versement ou par versements annuels.<\/li>\n<li>Assurez-vous d&#8217;une s\u00e9curit\u00e9 \u00e0 long terme\u00a0: Demandez conseil \u00e0 un conseiller financier pour g\u00e9rer judicieusement vos gains de loterie.<\/li>\n<li>Attention aux dates limites de r\u00e9clamation\u00a0: Assurez-vous de r\u00e9clamer votre gain dans les d\u00e9lais impartis, car chaque jeu a une date limite.<\/li>\n<\/ul>\n<p><strong>Obtenez instantan\u00e9ment les derniers r\u00e9sultats de la loterie de New York\u00a0!<\/strong><\/p>\n<p>Maintenant que vous connaissez la r\u00e9ponse \u00e0 la question\u00a0: O\u00f9 puis-je consulter les r\u00e9sultats de la loterie de New York du jour\u00a0? Assurez-vous de consulter r\u00e9guli\u00e8rement vos tickets. Rester inform\u00e9 des derniers tirages augmente vos chances de gagner, que vous jouiez occasionnellement ou pour un jackpot. Recevez toutes les derni\u00e8res actualit\u00e9s de JackpotLottery et augmentez vos chances de gagner\u00a0! Nous vous souhaitons bonne chance. <\/p>\n","protected":false},"excerpt":{"rendered":"<p>La loterie de New York est toujours un sujet d&#8217;int\u00e9r\u00eat pour les gens, impatients de conna\u00eetre le dernier tirage. Si vous avez besoin des num\u00e9ros de la loterie de New York d&#8217;aujourd&#8217;hui, vous \u00eates au bon endroit. Consulter vos num\u00e9ros de la loterie de New York est simple et rapide, en quelques clics seulement. O\u00f9 [&hellip;]<\/p>\n","protected":false},"author":7,"featured_media":0,"parent":35826,"menu_order":0,"comment_status":"closed","ping_status":"closed","template":"","meta":{"_et_pb_use_builder":"","_et_pb_old_content":"","_et_gb_content_width":"","exclude_from_search":false,"footnotes":""},"class_list":["post-77669","page","type-page","status-publish","hentry"],"yoast_head":"<!-- This site is optimized with the Yoast SEO plugin v23.3 - https:\/\/yoast.com\/wordpress\/plugins\/seo\/ -->\n<title>O\u00f9 puis-je consulter les r\u00e9sultats de la loterie de New York aujourd&#039;hui\u00a0?<\/title>\n<meta name=\"description\" content=\"O\u00f9 puis-je consulter les r\u00e9sultats de la loterie de New York aujourd&#039;hui\u00a0? D\u00e9couvrez o\u00f9 consulter instantan\u00e9ment les derniers num\u00e9ros gagnants et rester inform\u00e9.\" \/>\n<meta name=\"robots\" content=\"index, follow, max-snippet:-1, max-image-preview:large, max-video-preview:-1\" \/>\n<link rel=\"canonical\" href=\"https:\/\/jackpotlotteryonline.com\/find-out-todays-results-for-new-york-lottery-2\/\" \/>\n<meta property=\"og:locale\" content=\"fr_FR\" \/>\n<meta property=\"og:type\" content=\"article\" \/>\n<meta property=\"og:title\" content=\"O\u00f9 puis-je consulter les r\u00e9sultats de la loterie de New York aujourd&#039;hui\u00a0?\" \/>\n<meta property=\"og:description\" content=\"O\u00f9 puis-je consulter les r\u00e9sultats de la loterie de New York aujourd&#039;hui\u00a0? D\u00e9couvrez o\u00f9 consulter instantan\u00e9ment les derniers num\u00e9ros gagnants et rester inform\u00e9.\" \/>\n<meta property=\"og:url\" content=\"https:\/\/jackpotlotteryonline.com\/find-out-todays-results-for-new-york-lottery-2\/\" \/>\n<meta property=\"og:site_name\" content=\"Lotto Online - Crack The International Lottery Jackpots\" \/>\n<meta property=\"og:image\" content=\"https:\/\/jackpotlotteryonline.com\/wp-content\/uploads\/2023\/09\/8.png\" \/>\n<meta name=\"twitter:card\" content=\"summary_large_image\" \/>\n<!-- \/ Yoast SEO plugin. -->","yoast_head_json":{"title":"O\u00f9 puis-je consulter les r\u00e9sultats de la loterie de New York aujourd'hui\u00a0?","description":"O\u00f9 puis-je consulter les r\u00e9sultats de la loterie de New York aujourd'hui\u00a0? D\u00e9couvrez o\u00f9 consulter instantan\u00e9ment les derniers num\u00e9ros gagnants et rester inform\u00e9.","robots":{"index":"index","follow":"follow","max-snippet":"max-snippet:-1","max-image-preview":"max-image-preview:large","max-video-preview":"max-video-preview:-1"},"canonical":"https:\/\/jackpotlotteryonline.com\/find-out-todays-results-for-new-york-lottery-2\/","og_locale":"fr_FR","og_type":"article","og_title":"O\u00f9 puis-je consulter les r\u00e9sultats de la loterie de New York aujourd'hui\u00a0?","og_description":"O\u00f9 puis-je consulter les r\u00e9sultats de la loterie de New York aujourd'hui\u00a0? D\u00e9couvrez o\u00f9 consulter instantan\u00e9ment les derniers num\u00e9ros gagnants et rester inform\u00e9.","og_url":"https:\/\/jackpotlotteryonline.com\/find-out-todays-results-for-new-york-lottery-2\/","og_site_name":"Lotto Online - Crack The International Lottery Jackpots","og_image":[{"url":"https:\/\/jackpotlotteryonline.com\/wp-content\/uploads\/2023\/09\/8.png"}],"twitter_card":"summary_large_image","schema":{"@context":"https:\/\/schema.org","@graph":[{"@type":"WebPage","@id":"https:\/\/jackpotlotteryonline.com\/find-out-todays-results-for-new-york-lottery-2\/","url":"https:\/\/jackpotlotteryonline.com\/find-out-todays-results-for-new-york-lottery-2\/","name":"O\u00f9 puis-je consulter les r\u00e9sultats de la loterie de New York aujourd'hui\u00a0?","isPartOf":{"@id":"https:\/\/jackpotlotteryonline.com\/#website"},"primaryImageOfPage":{"@id":"https:\/\/jackpotlotteryonline.com\/find-out-todays-results-for-new-york-lottery-2\/#primaryimage"},"image":{"@id":"https:\/\/jackpotlotteryonline.com\/find-out-todays-results-for-new-york-lottery-2\/#primaryimage"},"thumbnailUrl":"https:\/\/jackpotlotteryonline.com\/wp-content\/uploads\/2023\/09\/8.png","datePublished":"2025-03-22T07:33:56+00:00","dateModified":"2025-03-22T07:33:56+00:00","description":"O\u00f9 puis-je consulter les r\u00e9sultats de la loterie de New York aujourd'hui\u00a0? D\u00e9couvrez o\u00f9 consulter instantan\u00e9ment les derniers num\u00e9ros gagnants et rester inform\u00e9.","breadcrumb":{"@id":"https:\/\/jackpotlotteryonline.com\/find-out-todays-results-for-new-york-lottery-2\/#breadcrumb"},"inLanguage":"fr-FR","potentialAction":[{"@type":"ReadAction","target":["https:\/\/jackpotlotteryonline.com\/find-out-todays-results-for-new-york-lottery-2\/"]}]},{"@type":"ImageObject","inLanguage":"fr-FR","@id":"https:\/\/jackpotlotteryonline.com\/find-out-todays-results-for-new-york-lottery-2\/#primaryimage","url":"https:\/\/jackpotlotteryonline.com\/wp-content\/uploads\/2023\/09\/8.png","contentUrl":"https:\/\/jackpotlotteryonline.com\/wp-content\/uploads\/2023\/09\/8.png"},{"@type":"BreadcrumbList","@id":"https:\/\/jackpotlotteryonline.com\/find-out-todays-results-for-new-york-lottery-2\/#breadcrumb","itemListElement":[{"@type":"ListItem","position":1,"name":"Home","item":"https:\/\/jackpotlotteryonline.com\/fr\/"},{"@type":"ListItem","position":2,"name":"D\u00e9couvrez les r\u00e9sultats de la loterie de New York d&#8217;aujourd&#8217;hui"}]},{"@type":"WebSite","@id":"https:\/\/jackpotlotteryonline.com\/#website","url":"https:\/\/jackpotlotteryonline.com\/","name":"Lotto Online - Crack The International Lottery Jackpots","description":"","potentialAction":[{"@type":"SearchAction","target":{"@type":"EntryPoint","urlTemplate":"https:\/\/jackpotlotteryonline.com\/?s={search_term_string}"},"query-input":"required name=search_term_string"}],"inLanguage":"fr-FR"}]}},"_links":{"self":[{"href":"https:\/\/jackpotlotteryonline.com\/fr\/wp-json\/wp\/v2\/pages\/77669","targetHints":{"allow":["GET"]}}],"collection":[{"href":"https:\/\/jackpotlotteryonline.com\/fr\/wp-json\/wp\/v2\/pages"}],"about":[{"href":"https:\/\/jackpotlotteryonline.com\/fr\/wp-json\/wp\/v2\/types\/page"}],"author":[{"embeddable":true,"href":"https:\/\/jackpotlotteryonline.com\/fr\/wp-json\/wp\/v2\/users\/7"}],"replies":[{"embeddable":true,"href":"https:\/\/jackpotlotteryonline.com\/fr\/wp-json\/wp\/v2\/comments?post=77669"}],"version-history":[{"count":1,"href":"https:\/\/jackpotlotteryonline.com\/fr\/wp-json\/wp\/v2\/pages\/77669\/revisions"}],"predecessor-version":[{"id":77670,"href":"https:\/\/jackpotlotteryonline.com\/fr\/wp-json\/wp\/v2\/pages\/77669\/revisions\/77670"}],"up":[{"embeddable":true,"href":"https:\/\/jackpotlotteryonline.com\/fr\/wp-json\/wp\/v2\/pages\/35826"}],"wp:attachment":[{"href":"https:\/\/jackpotlotteryonline.com\/fr\/wp-json\/wp\/v2\/media?parent=77669"}],"curies":[{"name":"wp","href":"https:\/\/api.w.org\/{rel}","templated":true}]}}