{"id":31949,"date":"2022-11-01T08:48:05","date_gmt":"2022-11-01T08:48:05","guid":{"rendered":"https:\/\/jackpotlotteryonline.com\/?page_id=31949"},"modified":"2023-01-06T11:28:11","modified_gmt":"2023-01-06T11:28:11","slug":"home","status":"publish","type":"page","link":"https:\/\/jackpotlotteryonline.com\/hu\/","title":{"rendered":"Home"},"content":{"rendered":"<h2>J\u00e1tsszon online lott\u00f3t \u00e9s jav\u00edtsa es\u00e9lyeit<\/h2>\n<p>Megmutatjuk, hogyan j\u00e1tszhatsz k\u00f6nnyed\u00e9n <a href=\"https:\/\/jackpotlotteryonline.com\/hu\/hogyan-kell-jatszani\">online lott\u00f3t<\/a> &#8211; MINDEN hatalmas jackpotra, lott\u00f3j\u00e1t\u00e9kra nem csak a saj\u00e1t orsz\u00e1godban, hanem a vil\u00e1g b\u00e1rmely pontj\u00e1n. Az \u00d6n nemzeti lott\u00f3j\u00e1ban nincsenek vonz\u00f3 lott\u00f3j\u00e1t\u00e9kok? T\u00f6bb\u00e9 nem probl\u00e9ma, csak az igaz\u00e1n nagy nyerem\u00e9nyek\u00e9rt menj. Ne pazarolja a p\u00e9nz\u00e9t kis nyerem\u00e9nyekre &#8211; vannak olyan lott\u00f3j\u00e1t\u00e9kok, amelyeken hatalmas jackpotok vannak.<\/p>\n<p><strong>N\u00e9zze meg a weboldalunkon tal\u00e1lhat\u00f3 bannereket, hogy l\u00e1ssa a legnagyobb jackpotokat, amelyekre jelenleg j\u00e1tszhat.<\/strong><br \/>\n<img loading=\"lazy\" decoding=\"async\" class=\"size-full wp-image-18302 alignright\" src=\"http:\/\/jackpotlotteryonline.com\/wp-content\/uploads\/2022\/10\/ticket_balls.jpg\" alt=\"lott\u00f3zz online\" width=\"297\" height=\"101\" \/><\/p>\n<p>Az \u00f6sszes ilyen nagyszer\u0171 jackpot lott\u00f3esem\u00e9ny most m\u00e1r k\u00f6nnyen el\u00e9rhet\u0151, f\u00fcggetlen\u00fcl att\u00f3l, hogy hol \u00e9lsz. Egyszer\u0171en kattintson az egyik linkre, hogy online lott\u00f3zzon, \u00e9s regisztr\u00e1ljon a RedFoxLott\u00f3n\u00e1l, ahol az interneten kereszt\u00fcl szelv\u00e9nyt v\u00e1s\u00e1rolhat minden egyes ilyen hatalmas jackpotra! A RedFoxLotto lehet\u0151v\u00e9 teszi, hogy szelv\u00e9nyt v\u00e1s\u00e1roljon a vil\u00e1g b\u00e1rmelyik legnagyobb jackpotj\u00e1ra, f\u00fcggetlen\u00fcl att\u00f3l, hogy hol \u00e9l. Megb\u00edzhat\u00f3an megv\u00e1s\u00e1rolj\u00e1k \u00d6nnek a szelv\u00e9nyt, \u00e9s gondoskodnak arr\u00f3l, hogy \u00d6n megkapja a nyerem\u00e9ny\u00e9t.<\/p>\n<h2>Hozz\u00e1f\u00e9r\u00e9s a nemzetk\u00f6zi lott\u00f3j\u00e1t\u00e9kokhoz<\/h2>\n<p>Weboldalunkon r\u00e9szletes t\u00e1j\u00e9koztat\u00e1st adunk a vil\u00e1g \u00f6sszes nagy jackpotos lott\u00f3j\u00e1r\u00f3l, arr\u00f3l, hogyan j\u00e1tszhatsz online, hogyan fizethetsz, hogyan juthatsz hozz\u00e1 a nyerem\u00e9nyedhez, \u00e9s mit kell tenned, ha megd\u00f6nt\u00f6tted a jackpotot. Csak olvassa el a r\u00e9szv\u00e9tellel kapcsolatos cikkeket \u00e9s a lott\u00f3\u00e9rt\u00e9kel\u00e9seket ezen az oldalon (n\u00e9zze meg a fels\u0151 men\u00fcpontot), \u00e9s k\u00f6nnyen kiv\u00e1laszthatja a megfelel\u0151 esem\u00e9nyt a maga sz\u00e1m\u00e1ra.<\/p>\n<h2>K\u00f6nny\u0171 online j\u00e1tszani<\/h2>\n<p>Ak\u00e1r az amerikai Powerball Jackpoton, ak\u00e1r az EuroMillions Jackpoton, ak\u00e1r a spanyol El Gord\u00f3n, az olasz SuperEnaLott\u00f3n vagy b\u00e1rmely m\u00e1s lott\u00f3n szeretne j\u00e1tszani,<a href=\"https:\/\/jackpotlotteryonline.com\/hu\/jegyet-vasarolni\"> minden szelv\u00e9nyt egy helyen megv\u00e1s\u00e1rolhat<\/a> &#8211; itt, a weboldalunkon!<\/p>\n<p>Seg\u00edts\u00e9g\u00fcnkkel t\u00f6bb\u00e9 nem korl\u00e1toz\u00f3dik a nemzeti lott\u00f3ra &#8211; mostant\u00f3l b\u00e1rmilyen esem\u00e9nyre online lott\u00f3zhat az interneten kereszt\u00fcl. \u00cdgy kiv\u00e1laszthatja a pillanatnyilag legmagasabb jackpotot, \u00e9s ezzel megn\u00f6velheti a nagy nyerem\u00e9ny es\u00e9ly\u00e9t. Vagy v\u00e1lassza azt a lott\u00f3t, amelyet legk\u00f6zelebb sorsolnak ki &#8211; \u00edgy nem kell \u00f6r\u00f6kk\u00e9 v\u00e1rnia arra, hogy megtudja, nyert-e! A lott\u00f3 jackpot kiv\u00e1laszt\u00e1s\u00e1t\u00f3l a sz\u00e1mok kiv\u00e1laszt\u00e1s\u00e1ig \u00e9s a kifizet\u00e9sig minden a lehet\u0151 legegyszer\u0171bb.<\/p>\n<section class=\"layout\" style=\"border: solid 1px; width: 100%;\">\n<div class=\"img-div\" style=\"margin-top: 5px;\"><img decoding=\"async\" class=\"wp-image-17212 alignleft\" style=\"height: 45px; margin: 8px 8px 0px;\" src=\"http:\/\/jackpotlotteryonline.com\/wp-content\/uploads\/2022\/11\/read1.jpg\" alt=\"olvasd el\" width=\"\" height=\"\" \/><\/div>\n<div style=\"padding-left: 5px;\">\n<div style=\"font-size: 1.1em;\">\n<p><strong>Leg\u00e1lis-e m\u00e1s orsz\u00e1gok lott\u00f3j\u00e1t\u00e9kait online j\u00e1tszani?<\/strong><\/p>\n<p style=\"font-size: 0.85em; margin-top: -1.5em;\">Leg\u00e1lis-e online lott\u00f3szelv\u00e9nyt venni, \u00e9s val\u00f3ban kapok-e p\u00e9nzt? <a href=\"https:\/\/jackpotlotteryonline.com\/hu\/legalis-e-mas-orszagok-lottojatekainak-online-jateka\"> tov\u00e1bb<\/a><\/p>\n<\/div>\n<\/div>\n<\/section>\n<h2>Online szelv\u00e9nyszolg\u00e1ltat\u00e1s<\/h2>\n<p><strong>\u00cdgy m\u0171k\u00f6dik:<\/strong> Nemzetk\u00f6zi lott\u00f3szelv\u00e9nyekhez fut\u00e1rszolg\u00e1latot k\u00edn\u00e1lunk. A fenti bannerek egyik\u00e9re kattintva kiv\u00e1lasztja a lott\u00f3t, amelyet online szeretne j\u00e1tszani. Ezut\u00e1n online v\u00e1lasztja ki a sz\u00e1mokat. Ha jobban szeretn\u00e9, hogy a lott\u00f3sz\u00e1mait v\u00e9letlensz\u00e1m-gener\u00e1tor v\u00e1lassza ki, azt is megteheti. Miut\u00e1n eld\u00f6nt\u00f6tte a sz\u00e1mokat, regisztr\u00e1ljon egy sz\u00e1ml\u00e1ra, \u00e9s v\u00e1lassza ki a lott\u00f3szelv\u00e9ny kifizet\u00e9s\u00e9nek m\u00f3dj\u00e1t. Sz\u00e1mos biztons\u00e1gos fizet\u00e9si m\u00f3d \u00e1ll rendelkez\u00e9sre.<\/p>\n<p>Ezt k\u00f6vet\u0151en \u00fcgyn\u00f6keink megv\u00e1s\u00e1rolj\u00e1k \u00d6nnek a szelv\u00e9nyt, \u00e9s egy visszaigazol\u00f3 e-mailt k\u00fcldenek \u00d6nnek a v\u00e1s\u00e1rl\u00e1s bizony\u00edt\u00e9kak\u00e9nt. A lott\u00f3szelv\u00e9ny\u00e9nek beszkennelt m\u00e1solata r\u00f6viddel a v\u00e1s\u00e1rl\u00e1s ut\u00e1n megjelenik a sz\u00e1ml\u00e1j\u00e1n.<\/p>\n<h2>A nemzetk\u00f6zi lott\u00f3j\u00e1t\u00e9kok online j\u00e1tsz\u00e1s\u00e1nak el\u0151nyei<\/h2>\n<ul>\n<li>Nagyobb v\u00e1laszt\u00e9k &#8211; ahelyett, hogy k\u00e9nytelen lenne a helyi lott\u00f3t j\u00e1tszani, f\u00fcggetlen\u00fcl att\u00f3l, hogy mekkora az aktu\u00e1lis jackpot, t\u00f6bb lott\u00f3 k\u00f6z\u00fcl v\u00e1laszthat.<\/li>\n<li>Jobb \u00e1r-\u00e9rt\u00e9k ar\u00e1ny &#8211; ahelyett, hogy p\u00e9ld\u00e1ul 2 eur\u00f3t fizetne egy olyan szelv\u00e9ny\u00e9rt, amellyel 1 milli\u00f3 eur\u00f3t nyerhet, j\u00e1tszhat egy 100 milli\u00f3 eur\u00f3s vagy enn\u00e9l sokkal nagyobb Mega-Jackpot\u00e9rt. M\u00e9g ha magasabb \u00e1rat is fizet szelv\u00e9nyenk\u00e9nt a nagyobb lott\u00f3\u00e9rt, matematikailag jobban meg\u00e9ri a p\u00e9nz\u00e9t a nagyobb nyerem\u00e9ny\u00e9rt j\u00e1tszani.<\/li>\n<li>K\u00e9nyelem &#8211; nem kell t\u00f6bb\u00e9 elhagynia a h\u00e1zat, hogy szelv\u00e9nyt vegyen. Otthonr\u00f3l is megveheti a szelv\u00e9nyt, vagy a mobiltelefonj\u00e1t is haszn\u00e1lhatja a lott\u00f3z\u00e1shoz.<\/li>\n<li>Biztons\u00e1g &#8211; egy online lott\u00f3szelv\u00e9ny nem veszhet el, mint egy fizikai lott\u00f3szelv\u00e9ny. A lott\u00f3szelv\u00e9nyeit biztons\u00e1gosan t\u00e1rolj\u00e1k az online fi\u00f3kj\u00e1ban.<\/li>\n<\/ul>\n<h2>Mikor tartj\u00e1k az \u00f6sszes lott\u00f3 sorsol\u00e1s\u00e1t?<\/h2>\n<p>N\u00e9zze meg az al\u00e1bbi k\u00e9pet. Ez \u00e1ttekint\u00e9st mutat a legnagyobb lott\u00f3j\u00e1t\u00e9kok sorsol\u00e1sainak h\u00e9tk\u00f6znapjair\u00f3l.<br \/>\n<img loading=\"lazy\" decoding=\"async\" class=\"wp-image-17843 aligncenter\" src=\"http:\/\/jackpotlotteryonline.com\/wp-content\/uploads\/2022\/10\/Lotto-draw-calendar-UTC-300x50.jpg\" alt=\"lott\u00f3 sorsol\u00e1s id\u0151pontjai\" width=\"684\" height=\"114\" srcset=\"https:\/\/jackpotlotteryonline.com\/wp-content\/uploads\/2022\/10\/Lotto-draw-calendar-UTC-300x50.jpg 300w, https:\/\/jackpotlotteryonline.com\/wp-content\/uploads\/2022\/10\/Lotto-draw-calendar-UTC-600x101.jpg 600w, https:\/\/jackpotlotteryonline.com\/wp-content\/uploads\/2022\/10\/Lotto-draw-calendar-UTC-1024x172.jpg 1024w, https:\/\/jackpotlotteryonline.com\/wp-content\/uploads\/2022\/10\/Lotto-draw-calendar-UTC-768x129.jpg 768w, https:\/\/jackpotlotteryonline.com\/wp-content\/uploads\/2022\/10\/Lotto-draw-calendar-UTC.jpg 1287w\" sizes=\"auto, (max-width: 684px) 100vw, 684px\" \/><\/p>\n<h2>Mi t\u00f6rt\u00e9nik, ha megnyeri a lott\u00f3nyerem\u00e9nyt?<\/h2>\n<p>Ha nyer, e-mailben \u00e9rtes\u00edt\u00e9st k\u00fcld\u00fcnk \u00d6nnek a nyerem\u00e9ny\u00e9r\u0151l. Soha nem maradhat le a nyerem\u00e9nyr\u0151l, \u00e9s nem vesz\u00edtheti el a szelv\u00e9ny\u00e9t. A nyerem\u00e9nyig\u00e9nyl\u00e9st \u00fagy dolgozzuk fel, hogy tov\u00e1bb\u00edtjuk a kifizet\u00e9si k\u00e9relm\u00e9t a lott\u00f3t\u00e1rsas\u00e1gnak, amely ezut\u00e1n csekket \u00e1ll\u00edt ki \u00d6nnek, vagy \u00e1tutalja a nyerem\u00e9nyt a banksz\u00e1ml\u00e1j\u00e1ra. Ha nagy jackpotot nyer, bizonyos esetekben el\u0151fordulhat, hogy szem\u00e9lyesen kell megjelennie a lott\u00f3z\u00f3 k\u00f6zpontj\u00e1ban. Nem probl\u00e9ma, ugye?<\/p>\n<p>A kisebb, legfeljebb 2500 eur\u00f3s nyerem\u00e9nyek azonnal j\u00f3v\u00e1\u00edr\u00e1sra ker\u00fclnek a j\u00e1t\u00e9kos sz\u00e1ml\u00e1j\u00e1n, \u00e9s vagy bev\u00e1lthatja \u0151ket, vagy az \u00f6sszeget tov\u00e1bbi lott\u00f3szelv\u00e9nyek v\u00e1s\u00e1rl\u00e1s\u00e1ra haszn\u00e1lhatja fel.<\/p>\n<p><strong>\u00cdgy m\u0171k\u00f6dik a dolog. K\u00e9szen \u00e1llsz a nagy nyerem\u00e9nyre? Szerezze be szelv\u00e9nyeit m\u00e9g ma!<\/strong><\/p>\n","protected":false},"excerpt":{"rendered":"<p>J\u00e1tsszon online lott\u00f3t \u00e9s jav\u00edtsa es\u00e9lyeit Megmutatjuk, hogyan j\u00e1tszhatsz k\u00f6nnyed\u00e9n online lott\u00f3t &#8211; MINDEN hatalmas jackpotra, lott\u00f3j\u00e1t\u00e9kra nem csak a saj\u00e1t orsz\u00e1godban, hanem a vil\u00e1g b\u00e1rmely pontj\u00e1n. Az \u00d6n nemzeti lott\u00f3j\u00e1ban nincsenek vonz\u00f3 lott\u00f3j\u00e1t\u00e9kok? T\u00f6bb\u00e9 nem probl\u00e9ma, csak az igaz\u00e1n nagy nyerem\u00e9nyek\u00e9rt menj. Ne pazarolja a p\u00e9nz\u00e9t kis nyerem\u00e9nyekre &#8211; vannak olyan lott\u00f3j\u00e1t\u00e9kok, amelyeken hatalmas [&hellip;]<\/p>\n","protected":false},"author":1,"featured_media":0,"parent":0,"menu_order":1,"comment_status":"closed","ping_status":"closed","template":"lotto.php","meta":{"_et_pb_use_builder":"","_et_pb_old_content":"","_et_gb_content_width":"","exclude_from_search":false,"footnotes":""},"class_list":["post-31949","page","type-page","status-publish","hentry"],"yoast_head":"<!-- This site is optimized with the Yoast SEO plugin v23.3 - https:\/\/yoast.com\/wordpress\/plugins\/seo\/ -->\n<title>J\u00e1tsszon lott\u00f3t online - T\u00f6rje meg a nemzetk\u00f6zi lott\u00f3 jackpotokat!<\/title>\n<meta name=\"description\" content=\"Szerezd meg szelv\u00e9nyed a lott\u00f3 jackpotokra vil\u00e1gszerte - j\u00e1tssz az \u00f6sszeset online \u00e9s nyerj milli\u00f3kat!\" \/>\n<meta name=\"robots\" content=\"index, follow, max-snippet:-1, max-image-preview:large, max-video-preview:-1\" \/>\n<link rel=\"canonical\" href=\"https:\/\/jackpotlotteryonline.com\/hu\/\" \/>\n<meta property=\"og:locale\" content=\"hu_HU\" \/>\n<meta property=\"og:type\" content=\"article\" \/>\n<meta property=\"og:title\" content=\"J\u00e1tsszon lott\u00f3t online - T\u00f6rje meg a nemzetk\u00f6zi lott\u00f3 jackpotokat!\" \/>\n<meta property=\"og:description\" content=\"Szerezd meg szelv\u00e9nyed a lott\u00f3 jackpotokra vil\u00e1gszerte - j\u00e1tssz az \u00f6sszeset online \u00e9s nyerj milli\u00f3kat!\" \/>\n<meta property=\"og:url\" content=\"https:\/\/jackpotlotteryonline.com\/hu\/\" \/>\n<meta property=\"og:site_name\" content=\"Lotto Online - Crack The International Lottery Jackpots\" \/>\n<meta property=\"article:modified_time\" content=\"2023-01-06T11:28:11+00:00\" \/>\n<meta property=\"og:image\" content=\"http:\/\/jackpotlotteryonline.com\/wp-content\/uploads\/2022\/10\/ticket_balls.jpg\" \/>\n<meta name=\"twitter:card\" content=\"summary_large_image\" \/>\n<meta name=\"twitter:label1\" content=\"Becs\u00fclt olvas\u00e1si id\u0151\" \/>\n\t<meta name=\"twitter:data1\" content=\"4 perc\" \/>\n<!-- \/ Yoast SEO plugin. -->","yoast_head_json":{"title":"J\u00e1tsszon lott\u00f3t online - T\u00f6rje meg a nemzetk\u00f6zi lott\u00f3 jackpotokat!","description":"Szerezd meg szelv\u00e9nyed a lott\u00f3 jackpotokra vil\u00e1gszerte - j\u00e1tssz az \u00f6sszeset online \u00e9s nyerj milli\u00f3kat!","robots":{"index":"index","follow":"follow","max-snippet":"max-snippet:-1","max-image-preview":"max-image-preview:large","max-video-preview":"max-video-preview:-1"},"canonical":"https:\/\/jackpotlotteryonline.com\/hu\/","og_locale":"hu_HU","og_type":"article","og_title":"J\u00e1tsszon lott\u00f3t online - T\u00f6rje meg a nemzetk\u00f6zi lott\u00f3 jackpotokat!","og_description":"Szerezd meg szelv\u00e9nyed a lott\u00f3 jackpotokra vil\u00e1gszerte - j\u00e1tssz az \u00f6sszeset online \u00e9s nyerj milli\u00f3kat!","og_url":"https:\/\/jackpotlotteryonline.com\/hu\/","og_site_name":"Lotto Online - Crack The International Lottery Jackpots","article_modified_time":"2023-01-06T11:28:11+00:00","og_image":[{"url":"http:\/\/jackpotlotteryonline.com\/wp-content\/uploads\/2022\/10\/ticket_balls.jpg"}],"twitter_card":"summary_large_image","twitter_misc":{"Becs\u00fclt olvas\u00e1si id\u0151":"4 perc"},"schema":{"@context":"https:\/\/schema.org","@graph":[{"@type":"WebPage","@id":"https:\/\/jackpotlotteryonline.com\/hu\/","url":"https:\/\/jackpotlotteryonline.com\/hu\/","name":"J\u00e1tsszon lott\u00f3t online - T\u00f6rje meg a nemzetk\u00f6zi lott\u00f3 jackpotokat!","isPartOf":{"@id":"https:\/\/jackpotlotteryonline.com\/#website"},"primaryImageOfPage":{"@id":"https:\/\/jackpotlotteryonline.com\/hu\/#primaryimage"},"image":{"@id":"https:\/\/jackpotlotteryonline.com\/hu\/#primaryimage"},"thumbnailUrl":"http:\/\/jackpotlotteryonline.com\/wp-content\/uploads\/2022\/10\/ticket_balls.jpg","datePublished":"2022-11-01T08:48:05+00:00","dateModified":"2023-01-06T11:28:11+00:00","description":"Szerezd meg szelv\u00e9nyed a lott\u00f3 jackpotokra vil\u00e1gszerte - j\u00e1tssz az \u00f6sszeset online \u00e9s nyerj milli\u00f3kat!","breadcrumb":{"@id":"https:\/\/jackpotlotteryonline.com\/hu\/#breadcrumb"},"inLanguage":"hu","potentialAction":[{"@type":"ReadAction","target":["https:\/\/jackpotlotteryonline.com\/hu\/"]}]},{"@type":"ImageObject","inLanguage":"hu","@id":"https:\/\/jackpotlotteryonline.com\/hu\/#primaryimage","url":"http:\/\/jackpotlotteryonline.com\/wp-content\/uploads\/2022\/10\/ticket_balls.jpg","contentUrl":"http:\/\/jackpotlotteryonline.com\/wp-content\/uploads\/2022\/10\/ticket_balls.jpg"},{"@type":"BreadcrumbList","@id":"https:\/\/jackpotlotteryonline.com\/hu\/#breadcrumb","itemListElement":[{"@type":"ListItem","position":1,"name":"Home","item":"https:\/\/jackpotlotteryonline.com\/hu\/"},{"@type":"ListItem","position":2,"name":"Home"}]},{"@type":"WebSite","@id":"https:\/\/jackpotlotteryonline.com\/#website","url":"https:\/\/jackpotlotteryonline.com\/","name":"Lotto Online - Crack The International Lottery Jackpots","description":"","potentialAction":[{"@type":"SearchAction","target":{"@type":"EntryPoint","urlTemplate":"https:\/\/jackpotlotteryonline.com\/?s={search_term_string}"},"query-input":"required name=search_term_string"}],"inLanguage":"hu"}]}},"_links":{"self":[{"href":"https:\/\/jackpotlotteryonline.com\/hu\/wp-json\/wp\/v2\/pages\/31949","targetHints":{"allow":["GET"]}}],"collection":[{"href":"https:\/\/jackpotlotteryonline.com\/hu\/wp-json\/wp\/v2\/pages"}],"about":[{"href":"https:\/\/jackpotlotteryonline.com\/hu\/wp-json\/wp\/v2\/types\/page"}],"author":[{"embeddable":true,"href":"https:\/\/jackpotlotteryonline.com\/hu\/wp-json\/wp\/v2\/users\/1"}],"replies":[{"embeddable":true,"href":"https:\/\/jackpotlotteryonline.com\/hu\/wp-json\/wp\/v2\/comments?post=31949"}],"version-history":[{"count":0,"href":"https:\/\/jackpotlotteryonline.com\/hu\/wp-json\/wp\/v2\/pages\/31949\/revisions"}],"wp:attachment":[{"href":"https:\/\/jackpotlotteryonline.com\/hu\/wp-json\/wp\/v2\/media?parent=31949"}],"curies":[{"name":"wp","href":"https:\/\/api.w.org\/{rel}","templated":true}]}}